{"id":88853,"date":"2024-07-31T17:24:25","date_gmt":"2024-07-31T15:24:25","guid":{"rendered":"https:\/\/www.smartystore.it\/?post_type=product&#038;p=88853"},"modified":"2026-02-21T13:43:41","modified_gmt":"2026-02-21T11:43:41","slug":"leggio-con-cornice-a-scatto-a4-orientabile","status":"publish","type":"product","link":"https:\/\/www.smartystore.it\/it\/prodotto\/leggio-con-cornice-a-scatto-a4-orientabile\/","title":{"rendered":"Leggio con cornice a scatto A4 orientabile"},"content":{"rendered":"<h1>Leggio con cornice a scatto A4 orientabile &#8211; Serie Quadra<\/h1>\n<p>Il leggio con cornice a scatto A4 orientabile \u00e8 una struttura da terra che fa parte della linea SERIE QUADRA. Si compone di una base in metallo verniciata a polveri color silver, un montante in alluminio a sezione quadra (da cui deriva il nome della serie) ad una cornice per contenere poster <strong>formato A4<\/strong>. La cornice \u00e8 completamente orientabile a 360\u00b0 senza l&#8217;utilizzo di chiavi o attrezzi.<\/p>\n<p>L&#8217;espositore pu\u00f2 essere utilizzato in locali come agenzie di viaggi, showroom, meeting, convegni, ingressi di aziende e in qualsiasi luogo dove si abbia la necessit\u00e0 di esporre il messaggio A4. La cornice \u00e8 dotata di un foglio PVC antiriflesso ed il cambio del poster \u00e8 facilitato dall&#8217;apertura a scatto dei profili.<\/p>\n<h2>Leggio con cornice a scatto A4 orientabile: stabile e elegante<\/h2>\n<p>Lo stile pulito e lineare e neutro, lo rendono idoneo a tutte le situazioni ed ambienti, quindi posizionabile in punti strategici affinch\u00e9 venga attirata l&#8217;attenzione del cliente.<\/p>\n<p>La base quadrata \u00e8 munita di quattro gommini antiscivolo alle estremit\u00e0 inferiori per preservare il pavimento da urti ed evitare spostamenti\/scivolamenti indesiderati.<\/p>\n<p>Questo leggio pu\u00f2 essere personalizzato a seconda delle proprie necessit\u00e0 scegliendo in fase di acquisto la fornitura della cornice (se con angoli vivi o tondi cromati) e l&#8217;aggiunta o meno di accessori come di un portadepliant trasparente per stampati\/leaflet A4 verticale o A5 verticale.<\/p>\n<h3>CARATTERISTICHE:<\/h3>\n<ul>\n<li>Cornice a scatto: frame 25 (larghezza del profilo di 25 mm.)<\/li>\n<li>Possibilit\u00e0 di scegliere il tipo di cornice (angoli vivi o angoli tondi cromati).<\/li>\n<li>Possibilit\u00e0 di aggiungere un portadepliant A4 o A5.<\/li>\n<li>Montante in alluminio silver a sezione quadra: H 100- L 3 cm.<\/li>\n<li>Base quadrata in metallo verniciato a polveri color silver: L 32,5 cm. &#8211; H 0,6 cm. &#8211; P 32,5 cm.<\/li>\n<li>Quattro gommini antiscivolo posti alla base<\/li>\n<li><span style=\"text-decoration: underline;\"><strong>BASE ULTRA PIATTA ANTINCIAMPO: spessore 6 mm.<\/strong><\/span><\/li>\n<li>Dimensioni espositore con cornice in verticale (in mm.): L 325 &#8211; H 1170- P 325<\/li>\n<li>Dimensioni espositore con cornice in orizzontale (in mm.): L 328 &#8211; H 1135 &#8211; P 325<\/li>\n<li>Peso espositore: ca. 6,20 Kg.<\/li>\n<\/ul>\n<p>&nbsp;<\/p>\n<h3 style=\"text-align: center;\">Guarda anche la versione nel formato A3 a questo <a href=\"https:\/\/www.smartystore.it\/prodotto\/leggio-con-cornice-a-scatto-a3-orientabile\/\">LINK<\/a><\/h3>\n<p>&nbsp;<\/p>\n<p><a href=\"https:\/\/www.smartystore.it\/v25\/wp-content\/uploads\/2024\/07\/SST-LG45A3-A4_scheda-tecnica.pdf\" target=\"_blank\" rel=\"noopener\"><img loading=\"lazy\" decoding=\"async\" class=\"alignnone wp-image-93510 size-full\" src=\"https:\/\/www.smartystore.it\/v25\/wp-content\/uploads\/2014\/10\/SchedaTecnica-300-e1750084266903.png\" alt=\"\" width=\"249\" height=\"63\" \/><\/a><\/p>\n<p>&nbsp;<\/p>\n","protected":false},"excerpt":{"rendered":"<p>Espositore a leggio con cornice a scatto A4 regolabile in verticale o orizzontale. Personalizzabile con la scelta della finitura degli angoli e con l&#8217;aggiunta di accessori portadepliant.<\/p>\n","protected":false},"featured_media":88854,"comment_status":"open","ping_status":"closed","template":"","meta":{"_acf_changed":false},"pwb-brand":[],"product_brand":[3872],"product_cat":[2113,2804,2121,2523],"product_tag":[3155,3171,3173,3169,3170,3172,3186],"class_list":{"0":"post-88853","1":"product","2":"type-product","3":"status-publish","4":"has-post-thumbnail","6":"product_brand-smartystore","7":"product_cat-cornici-autoportanti-e-a-leggio","8":"product_cat-espositori-con-cornici-a-scatto-per-poster","9":"product_cat-leggii-e-tavolini","10":"product_cat-serie-quadra","11":"product_tag-leggio","12":"product_tag-leggio-con-cornice-a-scatto-a4","13":"product_tag-leggio-da-pavimento-orientabile","14":"product_tag-leggio-in-alluminio","15":"product_tag-leggio-in-alluminio-da-terra","16":"product_tag-leggio-orientabile","17":"product_tag-leggio-orientabile-in-orizzontale-e-verticale","18":"pa_accessori-no","19":"pa_accessori-portadepliant-a4","20":"pa_accessori-portadepliant-a5","21":"pa_c2c_angolo-f6-tondo","22":"pa_c2c_angolo-2c-vivo","23":"pa_c2c_base-3b-basequadrata","24":"pa_c2c_color-28-silver","25":"pa_c2c_dimensione-a4","26":"pa_c2c_mono_bifacciale-ca-monofacciale","27":"pa_c2c_trovraprezzi-ae-si","28":"pa_serie-serie-quadra","30":"first","31":"instock","32":"taxable","33":"shipping-taxable","34":"purchasable","35":"product-type-variable"},"acf":[],"yoast_head":"<!-- This site is optimized with the Yoast SEO plugin v27.4 - https:\/\/yoast.com\/product\/yoast-seo-wordpress\/ -->\n<title>Leggio con cornice a scatto A4 orientabile - Al Miglior Prezzo<\/title>\n<meta name=\"description\" content=\"Leggio con cornice a scatto A4 orientabile - Serie Quadra. Personalizzabile nella scelta della finitura della conrnice e con l&#039;aggiunta di portadepliant.\" \/>\n<meta name=\"robots\" content=\"index, follow, max-snippet:-1, max-image-preview:large, max-video-preview:-1\" \/>\n<link rel=\"canonical\" href=\"https:\/\/www.smartystore.it\/it\/prodotto\/leggio-con-cornice-a-scatto-a4-orientabile\/\" \/>\n<meta property=\"og:locale\" content=\"it_IT\" \/>\n<meta property=\"og:type\" content=\"article\" \/>\n<meta property=\"og:title\" content=\"Leggio con cornice a scatto A4 orientabile - Al Miglior Prezzo\" \/>\n<meta property=\"og:description\" content=\"Leggio con cornice a scatto A4 orientabile - Serie Quadra. Personalizzabile nella scelta della finitura della conrnice e con l&#039;aggiunta di portadepliant.\" \/>\n<meta property=\"og:url\" content=\"https:\/\/www.smartystore.it\/it\/prodotto\/leggio-con-cornice-a-scatto-a4-orientabile\/\" \/>\n<meta property=\"og:site_name\" content=\"Smarty Store\" \/>\n<meta property=\"article:modified_time\" content=\"2026-02-21T11:43:41+00:00\" \/>\n<meta property=\"og:image\" content=\"https:\/\/www.smartystore.it\/v25\/wp-content\/uploads\/2024\/07\/Leggio-con-cornice-a-scatto-A4-orientabile_serie-quadra.jpg\" \/>\n\t<meta property=\"og:image:width\" content=\"1000\" \/>\n\t<meta property=\"og:image:height\" content=\"1000\" \/>\n\t<meta property=\"og:image:type\" content=\"image\/jpeg\" \/>\n<meta name=\"twitter:card\" content=\"summary_large_image\" \/>\n<meta name=\"twitter:label1\" content=\"Tempo di lettura stimato\" \/>\n\t<meta name=\"twitter:data1\" content=\"3 minuti\" \/>\n<script type=\"application\/ld+json\" class=\"yoast-schema-graph\">{\"@context\":\"https:\\\/\\\/schema.org\",\"@graph\":[{\"@type\":\"WebPage\",\"@id\":\"https:\\\/\\\/www.smartystore.it\\\/it\\\/prodotto\\\/leggio-con-cornice-a-scatto-a4-orientabile\\\/\",\"url\":\"https:\\\/\\\/www.smartystore.it\\\/it\\\/prodotto\\\/leggio-con-cornice-a-scatto-a4-orientabile\\\/\",\"name\":\"Leggio con cornice a scatto A4 orientabile - Al Miglior Prezzo\",\"isPartOf\":{\"@id\":\"https:\\\/\\\/www.smartystore.it\\\/it\\\/#website\"},\"primaryImageOfPage\":{\"@id\":\"https:\\\/\\\/www.smartystore.it\\\/it\\\/prodotto\\\/leggio-con-cornice-a-scatto-a4-orientabile\\\/#primaryimage\"},\"image\":{\"@id\":\"https:\\\/\\\/www.smartystore.it\\\/it\\\/prodotto\\\/leggio-con-cornice-a-scatto-a4-orientabile\\\/#primaryimage\"},\"thumbnailUrl\":\"https:\\\/\\\/www.smartystore.it\\\/v25\\\/wp-content\\\/uploads\\\/2024\\\/07\\\/Leggio-con-cornice-a-scatto-A4-orientabile_serie-quadra.jpg\",\"datePublished\":\"2024-07-31T15:24:25+00:00\",\"dateModified\":\"2026-02-21T11:43:41+00:00\",\"description\":\"Leggio con cornice a scatto A4 orientabile - Serie Quadra. Personalizzabile nella scelta della finitura della conrnice e con l'aggiunta di portadepliant.\",\"breadcrumb\":{\"@id\":\"https:\\\/\\\/www.smartystore.it\\\/it\\\/prodotto\\\/leggio-con-cornice-a-scatto-a4-orientabile\\\/#breadcrumb\"},\"inLanguage\":\"it-IT\",\"potentialAction\":[{\"@type\":\"ReadAction\",\"target\":[\"https:\\\/\\\/www.smartystore.it\\\/it\\\/prodotto\\\/leggio-con-cornice-a-scatto-a4-orientabile\\\/\"]}]},{\"@type\":\"ImageObject\",\"inLanguage\":\"it-IT\",\"@id\":\"https:\\\/\\\/www.smartystore.it\\\/it\\\/prodotto\\\/leggio-con-cornice-a-scatto-a4-orientabile\\\/#primaryimage\",\"url\":\"https:\\\/\\\/www.smartystore.it\\\/v25\\\/wp-content\\\/uploads\\\/2024\\\/07\\\/Leggio-con-cornice-a-scatto-A4-orientabile_serie-quadra.jpg\",\"contentUrl\":\"https:\\\/\\\/www.smartystore.it\\\/v25\\\/wp-content\\\/uploads\\\/2024\\\/07\\\/Leggio-con-cornice-a-scatto-A4-orientabile_serie-quadra.jpg\",\"width\":1000,\"height\":1000,\"caption\":\"Leggio con cornice a scatto A4 orientabile serie quadra\"},{\"@type\":\"BreadcrumbList\",\"@id\":\"https:\\\/\\\/www.smartystore.it\\\/it\\\/prodotto\\\/leggio-con-cornice-a-scatto-a4-orientabile\\\/#breadcrumb\",\"itemListElement\":[{\"@type\":\"ListItem\",\"position\":1,\"name\":\"Home\",\"item\":\"https:\\\/\\\/www.smartystore.it\\\/it\\\/\"},{\"@type\":\"ListItem\",\"position\":2,\"name\":\"Shop\",\"item\":\"https:\\\/\\\/www.smartystore.it\\\/it\\\/shop\\\/\"},{\"@type\":\"ListItem\",\"position\":3,\"name\":\"Leggio con cornice a scatto A4 orientabile\"}]},{\"@type\":\"WebSite\",\"@id\":\"https:\\\/\\\/www.smartystore.it\\\/it\\\/#website\",\"url\":\"https:\\\/\\\/www.smartystore.it\\\/it\\\/\",\"name\":\"Smarty Store\",\"description\":\"\",\"potentialAction\":[{\"@type\":\"SearchAction\",\"target\":{\"@type\":\"EntryPoint\",\"urlTemplate\":\"https:\\\/\\\/www.smartystore.it\\\/it\\\/?s={search_term_string}\"},\"query-input\":{\"@type\":\"PropertyValueSpecification\",\"valueRequired\":true,\"valueName\":\"search_term_string\"}}],\"inLanguage\":\"it-IT\"}]}<\/script>\n<!-- \/ Yoast SEO plugin. -->","yoast_head_json":{"title":"Leggio con cornice a scatto A4 orientabile - Al Miglior Prezzo","description":"Leggio con cornice a scatto A4 orientabile - Serie Quadra. Personalizzabile nella scelta della finitura della conrnice e con l'aggiunta di portadepliant.","robots":{"index":"index","follow":"follow","max-snippet":"max-snippet:-1","max-image-preview":"max-image-preview:large","max-video-preview":"max-video-preview:-1"},"canonical":"https:\/\/www.smartystore.it\/it\/prodotto\/leggio-con-cornice-a-scatto-a4-orientabile\/","og_locale":"it_IT","og_type":"article","og_title":"Leggio con cornice a scatto A4 orientabile - Al Miglior Prezzo","og_description":"Leggio con cornice a scatto A4 orientabile - Serie Quadra. Personalizzabile nella scelta della finitura della conrnice e con l'aggiunta di portadepliant.","og_url":"https:\/\/www.smartystore.it\/it\/prodotto\/leggio-con-cornice-a-scatto-a4-orientabile\/","og_site_name":"Smarty Store","article_modified_time":"2026-02-21T11:43:41+00:00","og_image":[{"width":1000,"height":1000,"url":"https:\/\/www.smartystore.it\/v25\/wp-content\/uploads\/2024\/07\/Leggio-con-cornice-a-scatto-A4-orientabile_serie-quadra.jpg","type":"image\/jpeg"}],"twitter_card":"summary_large_image","twitter_misc":{"Tempo di lettura stimato":"3 minuti"},"schema":{"@context":"https:\/\/schema.org","@graph":[{"@type":"WebPage","@id":"https:\/\/www.smartystore.it\/it\/prodotto\/leggio-con-cornice-a-scatto-a4-orientabile\/","url":"https:\/\/www.smartystore.it\/it\/prodotto\/leggio-con-cornice-a-scatto-a4-orientabile\/","name":"Leggio con cornice a scatto A4 orientabile - Al Miglior Prezzo","isPartOf":{"@id":"https:\/\/www.smartystore.it\/it\/#website"},"primaryImageOfPage":{"@id":"https:\/\/www.smartystore.it\/it\/prodotto\/leggio-con-cornice-a-scatto-a4-orientabile\/#primaryimage"},"image":{"@id":"https:\/\/www.smartystore.it\/it\/prodotto\/leggio-con-cornice-a-scatto-a4-orientabile\/#primaryimage"},"thumbnailUrl":"https:\/\/www.smartystore.it\/v25\/wp-content\/uploads\/2024\/07\/Leggio-con-cornice-a-scatto-A4-orientabile_serie-quadra.jpg","datePublished":"2024-07-31T15:24:25+00:00","dateModified":"2026-02-21T11:43:41+00:00","description":"Leggio con cornice a scatto A4 orientabile - Serie Quadra. Personalizzabile nella scelta della finitura della conrnice e con l'aggiunta di portadepliant.","breadcrumb":{"@id":"https:\/\/www.smartystore.it\/it\/prodotto\/leggio-con-cornice-a-scatto-a4-orientabile\/#breadcrumb"},"inLanguage":"it-IT","potentialAction":[{"@type":"ReadAction","target":["https:\/\/www.smartystore.it\/it\/prodotto\/leggio-con-cornice-a-scatto-a4-orientabile\/"]}]},{"@type":"ImageObject","inLanguage":"it-IT","@id":"https:\/\/www.smartystore.it\/it\/prodotto\/leggio-con-cornice-a-scatto-a4-orientabile\/#primaryimage","url":"https:\/\/www.smartystore.it\/v25\/wp-content\/uploads\/2024\/07\/Leggio-con-cornice-a-scatto-A4-orientabile_serie-quadra.jpg","contentUrl":"https:\/\/www.smartystore.it\/v25\/wp-content\/uploads\/2024\/07\/Leggio-con-cornice-a-scatto-A4-orientabile_serie-quadra.jpg","width":1000,"height":1000,"caption":"Leggio con cornice a scatto A4 orientabile serie quadra"},{"@type":"BreadcrumbList","@id":"https:\/\/www.smartystore.it\/it\/prodotto\/leggio-con-cornice-a-scatto-a4-orientabile\/#breadcrumb","itemListElement":[{"@type":"ListItem","position":1,"name":"Home","item":"https:\/\/www.smartystore.it\/it\/"},{"@type":"ListItem","position":2,"name":"Shop","item":"https:\/\/www.smartystore.it\/it\/shop\/"},{"@type":"ListItem","position":3,"name":"Leggio con cornice a scatto A4 orientabile"}]},{"@type":"WebSite","@id":"https:\/\/www.smartystore.it\/it\/#website","url":"https:\/\/www.smartystore.it\/it\/","name":"Smarty Store","description":"","potentialAction":[{"@type":"SearchAction","target":{"@type":"EntryPoint","urlTemplate":"https:\/\/www.smartystore.it\/it\/?s={search_term_string}"},"query-input":{"@type":"PropertyValueSpecification","valueRequired":true,"valueName":"search_term_string"}}],"inLanguage":"it-IT"}]}},"brands":[],"_links":{"self":[{"href":"https:\/\/www.smartystore.it\/it\/wp-json\/wp\/v2\/product\/88853","targetHints":{"allow":["GET"]}}],"collection":[{"href":"https:\/\/www.smartystore.it\/it\/wp-json\/wp\/v2\/product"}],"about":[{"href":"https:\/\/www.smartystore.it\/it\/wp-json\/wp\/v2\/types\/product"}],"replies":[{"embeddable":true,"href":"https:\/\/www.smartystore.it\/it\/wp-json\/wp\/v2\/comments?post=88853"}],"wp:featuredmedia":[{"embeddable":true,"href":"https:\/\/www.smartystore.it\/it\/wp-json\/wp\/v2\/media\/88854"}],"wp:attachment":[{"href":"https:\/\/www.smartystore.it\/it\/wp-json\/wp\/v2\/media?parent=88853"}],"wp:term":[{"taxonomy":"pwb-brand","embeddable":true,"href":"https:\/\/www.smartystore.it\/it\/wp-json\/wp\/v2\/pwb-brand?post=88853"},{"taxonomy":"product_brand","embeddable":true,"href":"https:\/\/www.smartystore.it\/it\/wp-json\/wp\/v2\/product_brand?post=88853"},{"taxonomy":"product_cat","embeddable":true,"href":"https:\/\/www.smartystore.it\/it\/wp-json\/wp\/v2\/product_cat?post=88853"},{"taxonomy":"product_tag","embeddable":true,"href":"https:\/\/www.smartystore.it\/it\/wp-json\/wp\/v2\/product_tag?post=88853"}],"curies":[{"name":"wp","href":"https:\/\/api.w.org\/{rel}","templated":true}]}}