{"id":87466,"date":"2024-04-04T16:22:26","date_gmt":"2024-04-04T14:22:26","guid":{"rendered":"https:\/\/www.smartystore.it\/?post_type=product&#038;p=87466"},"modified":"2026-03-27T11:47:22","modified_gmt":"2026-03-27T09:47:22","slug":"barra-in-alluminio-da-parete-porta-comande","status":"publish","type":"product","link":"https:\/\/www.smartystore.it\/it\/prodotto\/barra-in-alluminio-da-parete-porta-comande\/","title":{"rendered":"Barra in alluminio da parete porta comande"},"content":{"rendered":"<div class=\"wpb-content-wrapper\"><p>[vc_row][vc_column][vc_column_text css=&#8221;&#8221; css_params=&#8221;&#8221;]<\/p>\n<h2>Barra in alluminio da parete porta comande<\/h2>\n<p>La barra in alluminio da parete porta comande \u00e8 un supporto appendi fogli a gravit\u00e0 che \u00e8 diventato indispensabile in luoghi come le cucine di ristoranti, alberghi e le catene della grande distribuzione poich\u00e8 permette di gestire in maniera ordinata e pulita le ordinazioni e gli avvisi.<\/p>\n<p>Dal design pulito ed elegante, la barra \u00e8 realizzata interamente in alluminio di alta qualit\u00e0 ed \u00e8 munita di un nuovo ed efficace sistema di bloccaggio per mantenere a vista i fogli. Basta infatti inserirli dal basso e rimuoverli tirandoli verso l&#8217;alto.<\/p>\n<h2>Barra in alluminio da parete porta comande: semplicit\u00e0 e praticit\u00e0<\/h2>\n<p>L&#8217;efficace <strong>sistema di bloccaggio<\/strong> realizzato con cilindretti in PVC, permette un facile inserimento di fogli multipli anche in formati differenti. Questo significa che si possono gestire le comande e documenti importanti in modo sicuro ed intuitivo. Il sistema ferma fogli garantisce che i documenti rimangano al loro posto, prevenendo cadute o smarrimenti.<\/p>\n<p>Il fissaggio a parete \u00e8 molto semplice poich\u00e8 la barra \u00e8 provvista di nastro biadesivo gi\u00e0 applicato sul retro. E&#8217; comunque predisposta per il fissaggio a parete attraverso l&#8217;uso di viti e tasselli (inclusi nella confezione). Questo le permette di poter essere fissata su qualsiasi superficie.<\/p>\n<p>La barra \u00e8 disponibile in ben 4 dimensioni: cm. 70 &#8211; 100 &#8211; 120 &#8211; 150, questo permette di comporre con facilit\u00e0 qualsiasi lunghezza: se si ha necessit\u00e0 di una lunghezza di cm. 250, ad esempio, \u00e8 sufficiente affiancare una barra da cm. 100 e una barra da cm. 150.<\/p>\n<h3>CARATTERISTICHE:<\/h3>\n<ol>\n<li>Barra porta avvisi da parete.<\/li>\n<li>Barra in alluminio.<\/li>\n<li>Colore: silver.<\/li>\n<li>Sistema di inserimento e bloccaggio comande tramite sfere in PVC.<\/li>\n<li>Dimensioni barra: 70 &#8211; 100 &#8211; 120 &#8211; 150 cm.<\/li>\n<li>Fissaggio a parete tramite biadesivo e viti e tasselli inclusi nella confezione.<\/li>\n<\/ol>\n<p>Puoi vedere altri sistemi di fissaggio a questo <span style=\"color: #ff0000;\"><strong><a style=\"color: #ff0000;\" href=\"https:\/\/www.smartystore.it\/categoria-prodotto\/porta-banner\/porta-banner-da-parete\/\">LINK<\/a><\/strong><\/span><\/p>\n<p>&nbsp;<\/p>\n<p><a href=\"https:\/\/www.smartystore.it\/v25\/wp-content\/uploads\/2024\/04\/STR-BPC070-100-120-150.pdf\" target=\"_blank\" rel=\"noopener\"><img loading=\"lazy\" decoding=\"async\" class=\"alignnone size-full wp-image-93510\" src=\"https:\/\/www.smartystore.it\/v25\/wp-content\/uploads\/2014\/10\/SchedaTecnica-300-e1750084266903.png\" alt=\"\" width=\"249\" height=\"63\" \/><\/a><\/p>\n<p>[\/vc_column_text][\/vc_column][\/vc_row]<\/p>\n<\/div>","protected":false},"excerpt":{"rendered":"<p>Barra in alluminio appendi fogli a gravit\u00e0. Disponibile in vari formati.<\/p>\n","protected":false},"featured_media":87474,"comment_status":"open","ping_status":"closed","template":"","meta":{"_acf_changed":false},"pwb-brand":[],"product_brand":[],"product_cat":[2019,2033,2531,2091],"product_tag":[4918,4919,4917,4916,4920,4921],"class_list":{"0":"post-87466","1":"product","2":"type-product","3":"status-publish","4":"has-post-thumbnail","6":"product_cat-portavvisi-segnaposto","7":"product_cat-porta-banner","8":"product_cat-porta-banner-da-parete","9":"product_cat-portavvisi-da-parete","10":"product_tag-barra-in-alluminio-appendi-fogli","11":"product_tag-barra-porta-comande-cm-70-100-120-150","12":"product_tag-barra-porta-fogli-a-sospensione","13":"product_tag-barra-porta-messaggi","14":"product_tag-barra-porta-messaggi-da-parete","15":"product_tag-supporto-documenti-a-sospensione","16":"pa_c2c_color-28-silver","17":"pa_c2c_dimensione-c2-cm100","18":"pa_c2c_dimensione-f0-cm120","19":"pa_c2c_dimensione-bf-cm150","20":"pa_c2c_dimensione-55-cm70","21":"pa_c2c_mono_bifacciale-ca-monofacciale","22":"pa_c2c_trovraprezzi-ae-si","24":"first","25":"instock","26":"taxable","27":"shipping-taxable","28":"purchasable","29":"product-type-variable"},"acf":[],"yoast_head":"<!-- This site is optimized with the Yoast SEO plugin v27.4 - https:\/\/yoast.com\/product\/yoast-seo-wordpress\/ -->\n<title>Barra in alluminio da parete porta comande - Smarty Store<\/title>\n<meta name=\"description\" content=\"Barra in alluminio da parete porta comande e porta avvisi. Sistema di inserimento e bloccaggio comande tramite sfere in PVC. Disponibile in 4 dimensioni\" \/>\n<meta name=\"robots\" content=\"index, follow, max-snippet:-1, max-image-preview:large, max-video-preview:-1\" \/>\n<link rel=\"canonical\" href=\"https:\/\/www.smartystore.it\/it\/prodotto\/barra-in-alluminio-da-parete-porta-comande\/\" \/>\n<meta property=\"og:locale\" content=\"it_IT\" \/>\n<meta property=\"og:type\" content=\"article\" \/>\n<meta property=\"og:title\" content=\"Barra in alluminio da parete porta comande - Smarty Store\" \/>\n<meta property=\"og:description\" content=\"Barra in alluminio da parete porta comande e porta avvisi. Sistema di inserimento e bloccaggio comande tramite sfere in PVC. Disponibile in 4 dimensioni\" \/>\n<meta property=\"og:url\" content=\"https:\/\/www.smartystore.it\/it\/prodotto\/barra-in-alluminio-da-parete-porta-comande\/\" \/>\n<meta property=\"og:site_name\" content=\"Smarty Store\" \/>\n<meta property=\"article:modified_time\" content=\"2026-03-27T09:47:22+00:00\" \/>\n<meta property=\"og:image\" content=\"https:\/\/www.smartystore.it\/v25\/wp-content\/uploads\/2024\/04\/Barra-in-alluminio-da-parete-porta-comande.jpg\" \/>\n\t<meta property=\"og:image:width\" content=\"1000\" \/>\n\t<meta property=\"og:image:height\" content=\"1000\" \/>\n\t<meta property=\"og:image:type\" content=\"image\/jpeg\" \/>\n<meta name=\"twitter:card\" content=\"summary_large_image\" \/>\n<meta name=\"twitter:label1\" content=\"Tempo di lettura stimato\" \/>\n\t<meta name=\"twitter:data1\" content=\"3 minuti\" \/>\n<script type=\"application\/ld+json\" class=\"yoast-schema-graph\">{\"@context\":\"https:\\\/\\\/schema.org\",\"@graph\":[{\"@type\":\"WebPage\",\"@id\":\"https:\\\/\\\/www.smartystore.it\\\/it\\\/prodotto\\\/barra-in-alluminio-da-parete-porta-comande\\\/\",\"url\":\"https:\\\/\\\/www.smartystore.it\\\/it\\\/prodotto\\\/barra-in-alluminio-da-parete-porta-comande\\\/\",\"name\":\"Barra in alluminio da parete porta comande - Smarty Store\",\"isPartOf\":{\"@id\":\"https:\\\/\\\/www.smartystore.it\\\/it\\\/#website\"},\"primaryImageOfPage\":{\"@id\":\"https:\\\/\\\/www.smartystore.it\\\/it\\\/prodotto\\\/barra-in-alluminio-da-parete-porta-comande\\\/#primaryimage\"},\"image\":{\"@id\":\"https:\\\/\\\/www.smartystore.it\\\/it\\\/prodotto\\\/barra-in-alluminio-da-parete-porta-comande\\\/#primaryimage\"},\"thumbnailUrl\":\"https:\\\/\\\/www.smartystore.it\\\/v25\\\/wp-content\\\/uploads\\\/2024\\\/04\\\/Barra-in-alluminio-da-parete-porta-comande.jpg\",\"datePublished\":\"2024-04-04T14:22:26+00:00\",\"dateModified\":\"2026-03-27T09:47:22+00:00\",\"description\":\"Barra in alluminio da parete porta comande e porta avvisi. Sistema di inserimento e bloccaggio comande tramite sfere in PVC. Disponibile in 4 dimensioni\",\"breadcrumb\":{\"@id\":\"https:\\\/\\\/www.smartystore.it\\\/it\\\/prodotto\\\/barra-in-alluminio-da-parete-porta-comande\\\/#breadcrumb\"},\"inLanguage\":\"it-IT\",\"potentialAction\":[{\"@type\":\"ReadAction\",\"target\":[\"https:\\\/\\\/www.smartystore.it\\\/it\\\/prodotto\\\/barra-in-alluminio-da-parete-porta-comande\\\/\"]}]},{\"@type\":\"ImageObject\",\"inLanguage\":\"it-IT\",\"@id\":\"https:\\\/\\\/www.smartystore.it\\\/it\\\/prodotto\\\/barra-in-alluminio-da-parete-porta-comande\\\/#primaryimage\",\"url\":\"https:\\\/\\\/www.smartystore.it\\\/v25\\\/wp-content\\\/uploads\\\/2024\\\/04\\\/Barra-in-alluminio-da-parete-porta-comande.jpg\",\"contentUrl\":\"https:\\\/\\\/www.smartystore.it\\\/v25\\\/wp-content\\\/uploads\\\/2024\\\/04\\\/Barra-in-alluminio-da-parete-porta-comande.jpg\",\"width\":1000,\"height\":1000,\"caption\":\"Barra in alluminio da parete porta comande\"},{\"@type\":\"BreadcrumbList\",\"@id\":\"https:\\\/\\\/www.smartystore.it\\\/it\\\/prodotto\\\/barra-in-alluminio-da-parete-porta-comande\\\/#breadcrumb\",\"itemListElement\":[{\"@type\":\"ListItem\",\"position\":1,\"name\":\"Home\",\"item\":\"https:\\\/\\\/www.smartystore.it\\\/it\\\/\"},{\"@type\":\"ListItem\",\"position\":2,\"name\":\"Shop\",\"item\":\"https:\\\/\\\/www.smartystore.it\\\/it\\\/shop\\\/\"},{\"@type\":\"ListItem\",\"position\":3,\"name\":\"Barra in alluminio da parete porta comande\"}]},{\"@type\":\"WebSite\",\"@id\":\"https:\\\/\\\/www.smartystore.it\\\/it\\\/#website\",\"url\":\"https:\\\/\\\/www.smartystore.it\\\/it\\\/\",\"name\":\"Smarty Store\",\"description\":\"\",\"potentialAction\":[{\"@type\":\"SearchAction\",\"target\":{\"@type\":\"EntryPoint\",\"urlTemplate\":\"https:\\\/\\\/www.smartystore.it\\\/it\\\/?s={search_term_string}\"},\"query-input\":{\"@type\":\"PropertyValueSpecification\",\"valueRequired\":true,\"valueName\":\"search_term_string\"}}],\"inLanguage\":\"it-IT\"}]}<\/script>\n<!-- \/ Yoast SEO plugin. -->","yoast_head_json":{"title":"Barra in alluminio da parete porta comande - Smarty Store","description":"Barra in alluminio da parete porta comande e porta avvisi. Sistema di inserimento e bloccaggio comande tramite sfere in PVC. Disponibile in 4 dimensioni","robots":{"index":"index","follow":"follow","max-snippet":"max-snippet:-1","max-image-preview":"max-image-preview:large","max-video-preview":"max-video-preview:-1"},"canonical":"https:\/\/www.smartystore.it\/it\/prodotto\/barra-in-alluminio-da-parete-porta-comande\/","og_locale":"it_IT","og_type":"article","og_title":"Barra in alluminio da parete porta comande - Smarty Store","og_description":"Barra in alluminio da parete porta comande e porta avvisi. Sistema di inserimento e bloccaggio comande tramite sfere in PVC. Disponibile in 4 dimensioni","og_url":"https:\/\/www.smartystore.it\/it\/prodotto\/barra-in-alluminio-da-parete-porta-comande\/","og_site_name":"Smarty Store","article_modified_time":"2026-03-27T09:47:22+00:00","og_image":[{"width":1000,"height":1000,"url":"https:\/\/www.smartystore.it\/v25\/wp-content\/uploads\/2024\/04\/Barra-in-alluminio-da-parete-porta-comande.jpg","type":"image\/jpeg"}],"twitter_card":"summary_large_image","twitter_misc":{"Tempo di lettura stimato":"3 minuti"},"schema":{"@context":"https:\/\/schema.org","@graph":[{"@type":"WebPage","@id":"https:\/\/www.smartystore.it\/it\/prodotto\/barra-in-alluminio-da-parete-porta-comande\/","url":"https:\/\/www.smartystore.it\/it\/prodotto\/barra-in-alluminio-da-parete-porta-comande\/","name":"Barra in alluminio da parete porta comande - Smarty Store","isPartOf":{"@id":"https:\/\/www.smartystore.it\/it\/#website"},"primaryImageOfPage":{"@id":"https:\/\/www.smartystore.it\/it\/prodotto\/barra-in-alluminio-da-parete-porta-comande\/#primaryimage"},"image":{"@id":"https:\/\/www.smartystore.it\/it\/prodotto\/barra-in-alluminio-da-parete-porta-comande\/#primaryimage"},"thumbnailUrl":"https:\/\/www.smartystore.it\/v25\/wp-content\/uploads\/2024\/04\/Barra-in-alluminio-da-parete-porta-comande.jpg","datePublished":"2024-04-04T14:22:26+00:00","dateModified":"2026-03-27T09:47:22+00:00","description":"Barra in alluminio da parete porta comande e porta avvisi. Sistema di inserimento e bloccaggio comande tramite sfere in PVC. Disponibile in 4 dimensioni","breadcrumb":{"@id":"https:\/\/www.smartystore.it\/it\/prodotto\/barra-in-alluminio-da-parete-porta-comande\/#breadcrumb"},"inLanguage":"it-IT","potentialAction":[{"@type":"ReadAction","target":["https:\/\/www.smartystore.it\/it\/prodotto\/barra-in-alluminio-da-parete-porta-comande\/"]}]},{"@type":"ImageObject","inLanguage":"it-IT","@id":"https:\/\/www.smartystore.it\/it\/prodotto\/barra-in-alluminio-da-parete-porta-comande\/#primaryimage","url":"https:\/\/www.smartystore.it\/v25\/wp-content\/uploads\/2024\/04\/Barra-in-alluminio-da-parete-porta-comande.jpg","contentUrl":"https:\/\/www.smartystore.it\/v25\/wp-content\/uploads\/2024\/04\/Barra-in-alluminio-da-parete-porta-comande.jpg","width":1000,"height":1000,"caption":"Barra in alluminio da parete porta comande"},{"@type":"BreadcrumbList","@id":"https:\/\/www.smartystore.it\/it\/prodotto\/barra-in-alluminio-da-parete-porta-comande\/#breadcrumb","itemListElement":[{"@type":"ListItem","position":1,"name":"Home","item":"https:\/\/www.smartystore.it\/it\/"},{"@type":"ListItem","position":2,"name":"Shop","item":"https:\/\/www.smartystore.it\/it\/shop\/"},{"@type":"ListItem","position":3,"name":"Barra in alluminio da parete porta comande"}]},{"@type":"WebSite","@id":"https:\/\/www.smartystore.it\/it\/#website","url":"https:\/\/www.smartystore.it\/it\/","name":"Smarty Store","description":"","potentialAction":[{"@type":"SearchAction","target":{"@type":"EntryPoint","urlTemplate":"https:\/\/www.smartystore.it\/it\/?s={search_term_string}"},"query-input":{"@type":"PropertyValueSpecification","valueRequired":true,"valueName":"search_term_string"}}],"inLanguage":"it-IT"}]}},"brands":[],"_links":{"self":[{"href":"https:\/\/www.smartystore.it\/it\/wp-json\/wp\/v2\/product\/87466","targetHints":{"allow":["GET"]}}],"collection":[{"href":"https:\/\/www.smartystore.it\/it\/wp-json\/wp\/v2\/product"}],"about":[{"href":"https:\/\/www.smartystore.it\/it\/wp-json\/wp\/v2\/types\/product"}],"replies":[{"embeddable":true,"href":"https:\/\/www.smartystore.it\/it\/wp-json\/wp\/v2\/comments?post=87466"}],"wp:featuredmedia":[{"embeddable":true,"href":"https:\/\/www.smartystore.it\/it\/wp-json\/wp\/v2\/media\/87474"}],"wp:attachment":[{"href":"https:\/\/www.smartystore.it\/it\/wp-json\/wp\/v2\/media?parent=87466"}],"wp:term":[{"taxonomy":"pwb-brand","embeddable":true,"href":"https:\/\/www.smartystore.it\/it\/wp-json\/wp\/v2\/pwb-brand?post=87466"},{"taxonomy":"product_brand","embeddable":true,"href":"https:\/\/www.smartystore.it\/it\/wp-json\/wp\/v2\/product_brand?post=87466"},{"taxonomy":"product_cat","embeddable":true,"href":"https:\/\/www.smartystore.it\/it\/wp-json\/wp\/v2\/product_cat?post=87466"},{"taxonomy":"product_tag","embeddable":true,"href":"https:\/\/www.smartystore.it\/it\/wp-json\/wp\/v2\/product_tag?post=87466"}],"curies":[{"name":"wp","href":"https:\/\/api.w.org\/{rel}","templated":true}]}}