{"id":87404,"date":"2024-04-04T11:05:20","date_gmt":"2024-04-04T09:05:20","guid":{"rendered":"https:\/\/www.smartystore.it\/?post_type=product&#038;p=87404"},"modified":"2026-02-21T22:39:55","modified_gmt":"2026-02-21T20:39:55","slug":"tasca-porta-avvisi-con-retro-magnetico","status":"publish","type":"product","link":"https:\/\/www.smartystore.it\/it\/prodotto\/tasca-porta-avvisi-con-retro-magnetico\/","title":{"rendered":"Tasca porta avvisi con retro magnetico"},"content":{"rendered":"<h2>Tasca porta avvisi con retro magnetico<\/h2>\n<p>La tasca porta avvisi con retro magnetico \u00e8 una soluzione veloce e partica da applicare su superfici metalliche come armadietti di aziende, spogliatoi di palestre, macchinari di laboratorio o officine, e tutte le superfici metalliche senza doverle forare o utilizzare adesivi.<\/p>\n<p>La tasca \u00e8 interamente trasparente ed \u00e8 orientabile sia inverticale che in orizzontale. Al suo interno infatti c&#8217;\u00e8 un sistema di incastro del foglio che non ne permette la fuoriuscita.<\/p>\n<p>Disponibile per stampati A4 e A3, la tasca porta avvisi con fondo magnetico \u00e8 davvero utile e pratica da utilizzare, come una calamita su superfici come quelle delle bacheche da interno (<strong><a href=\"https:\/\/www.smartystore.it\/categoria-prodotto\/bacheche\/bacheche-da-interno\/\" target=\"_blank\" rel=\"noopener\">LINK<\/a><\/strong>) e le pareti espositive con pannello a griglia metallica (<strong><a href=\"https:\/\/www.smartystore.it\/?s=whl3&amp;post_type=product&amp;dgwt_wcas=1&amp;lang=it\" target=\"_blank\" rel=\"noopener\">LINK<\/a><\/strong>)<\/p>\n<h3><strong>CARATTERISTICHE:<\/strong><\/h3>\n<p>Tasca in PVC trasparente.<\/p>\n<p>Retro magnetico per utilizzo su superfici metalliche.<\/p>\n<p>Disponibile per stampati A3 e A4.<\/p>\n<p>Orientabile in verticale e orizzontale.<\/p>\n<p>Grafica intercambiabile.<\/p>\n<p>La tasca si apre sul lato superiore e laterale per permettere l\u2019inserimento del foglio.<\/p>\n<p>Tasca non impermeabile quindi da utilizzare in luoghi non all&#8217;aperto.<\/p>\n<p><a href=\"https:\/\/www.smartystore.it\/v25\/wp-content\/uploads\/2024\/04\/STR-PAVMAG-A3-A4.pdf\" target=\"_blank\" rel=\"noopener\"><img loading=\"lazy\" decoding=\"async\" class=\"alignnone size-full wp-image-93510\" src=\"https:\/\/www.smartystore.it\/v25\/wp-content\/uploads\/2014\/10\/SchedaTecnica-300-e1750084266903.png\" alt=\"\" width=\"249\" height=\"63\" \/><\/a><\/p>\n","protected":false},"excerpt":{"rendered":"<p>Tasca porta avvisi in PVC trasparente con fondo magnetico per superifici metalliche. Disponibile per stampati A3 e A4.<\/p>\n","protected":false},"featured_media":87405,"comment_status":"open","ping_status":"closed","template":"","meta":{"_acf_changed":false},"pwb-brand":[],"product_brand":[],"product_cat":[2019,2091],"product_tag":[],"class_list":{"0":"post-87404","1":"product","2":"type-product","3":"status-publish","4":"has-post-thumbnail","6":"product_cat-portavvisi-segnaposto","7":"product_cat-portavvisi-da-parete","8":"pa_c2c_color-trasparente","9":"pa_c2c_dimensione-a3","10":"pa_c2c_dimensione-a4","11":"pa_c2c_mono_bifacciale-ca-monofacciale","12":"pa_c2c_trovraprezzi-ae-si","14":"first","15":"instock","16":"taxable","17":"shipping-taxable","18":"purchasable","19":"product-type-variable"},"acf":[],"yoast_head":"<!-- This site is optimized with the Yoast SEO plugin v27.4 - https:\/\/yoast.com\/product\/yoast-seo-wordpress\/ -->\n<title>Tasca porta avvisi con retro magnetico - Smarty Store<\/title>\n<meta name=\"description\" content=\"Tasca porta avvisi in PVC trasparente con retro magnetico per superifici metalliche. Disponibile per stampati A3-A4. Orientabile in verticale e orizzontale.\" \/>\n<meta name=\"robots\" content=\"index, follow, max-snippet:-1, max-image-preview:large, max-video-preview:-1\" \/>\n<link rel=\"canonical\" href=\"https:\/\/www.smartystore.it\/it\/prodotto\/tasca-porta-avvisi-con-retro-magnetico\/\" \/>\n<meta property=\"og:locale\" content=\"it_IT\" \/>\n<meta property=\"og:type\" content=\"article\" \/>\n<meta property=\"og:title\" content=\"Tasca porta avvisi con retro magnetico - Smarty Store\" \/>\n<meta property=\"og:description\" content=\"Tasca porta avvisi in PVC trasparente con retro magnetico per superifici metalliche. Disponibile per stampati A3-A4. Orientabile in verticale e orizzontale.\" \/>\n<meta property=\"og:url\" content=\"https:\/\/www.smartystore.it\/it\/prodotto\/tasca-porta-avvisi-con-retro-magnetico\/\" \/>\n<meta property=\"og:site_name\" content=\"Smarty Store\" \/>\n<meta property=\"article:modified_time\" content=\"2026-02-21T20:39:55+00:00\" \/>\n<meta property=\"og:image\" content=\"https:\/\/www.smartystore.it\/v25\/wp-content\/uploads\/2024\/04\/Tasca-trasparente-porta-avvisi-con-fondo-magnetico-per-stampati-a3-e-a4.jpg\" \/>\n\t<meta property=\"og:image:width\" content=\"1000\" \/>\n\t<meta property=\"og:image:height\" content=\"1000\" \/>\n\t<meta property=\"og:image:type\" content=\"image\/jpeg\" \/>\n<meta name=\"twitter:card\" content=\"summary_large_image\" \/>\n<meta name=\"twitter:label1\" content=\"Tempo di lettura stimato\" \/>\n\t<meta name=\"twitter:data1\" content=\"2 minuti\" \/>\n<script type=\"application\/ld+json\" class=\"yoast-schema-graph\">{\"@context\":\"https:\\\/\\\/schema.org\",\"@graph\":[{\"@type\":\"WebPage\",\"@id\":\"https:\\\/\\\/www.smartystore.it\\\/it\\\/prodotto\\\/tasca-porta-avvisi-con-retro-magnetico\\\/\",\"url\":\"https:\\\/\\\/www.smartystore.it\\\/it\\\/prodotto\\\/tasca-porta-avvisi-con-retro-magnetico\\\/\",\"name\":\"Tasca porta avvisi con retro magnetico - Smarty Store\",\"isPartOf\":{\"@id\":\"https:\\\/\\\/www.smartystore.it\\\/it\\\/#website\"},\"primaryImageOfPage\":{\"@id\":\"https:\\\/\\\/www.smartystore.it\\\/it\\\/prodotto\\\/tasca-porta-avvisi-con-retro-magnetico\\\/#primaryimage\"},\"image\":{\"@id\":\"https:\\\/\\\/www.smartystore.it\\\/it\\\/prodotto\\\/tasca-porta-avvisi-con-retro-magnetico\\\/#primaryimage\"},\"thumbnailUrl\":\"https:\\\/\\\/www.smartystore.it\\\/v25\\\/wp-content\\\/uploads\\\/2024\\\/04\\\/Tasca-trasparente-porta-avvisi-con-fondo-magnetico-per-stampati-a3-e-a4.jpg\",\"datePublished\":\"2024-04-04T09:05:20+00:00\",\"dateModified\":\"2026-02-21T20:39:55+00:00\",\"description\":\"Tasca porta avvisi in PVC trasparente con retro magnetico per superifici metalliche. Disponibile per stampati A3-A4. Orientabile in verticale e orizzontale.\",\"breadcrumb\":{\"@id\":\"https:\\\/\\\/www.smartystore.it\\\/it\\\/prodotto\\\/tasca-porta-avvisi-con-retro-magnetico\\\/#breadcrumb\"},\"inLanguage\":\"it-IT\",\"potentialAction\":[{\"@type\":\"ReadAction\",\"target\":[\"https:\\\/\\\/www.smartystore.it\\\/it\\\/prodotto\\\/tasca-porta-avvisi-con-retro-magnetico\\\/\"]}]},{\"@type\":\"ImageObject\",\"inLanguage\":\"it-IT\",\"@id\":\"https:\\\/\\\/www.smartystore.it\\\/it\\\/prodotto\\\/tasca-porta-avvisi-con-retro-magnetico\\\/#primaryimage\",\"url\":\"https:\\\/\\\/www.smartystore.it\\\/v25\\\/wp-content\\\/uploads\\\/2024\\\/04\\\/Tasca-trasparente-porta-avvisi-con-fondo-magnetico-per-stampati-a3-e-a4.jpg\",\"contentUrl\":\"https:\\\/\\\/www.smartystore.it\\\/v25\\\/wp-content\\\/uploads\\\/2024\\\/04\\\/Tasca-trasparente-porta-avvisi-con-fondo-magnetico-per-stampati-a3-e-a4.jpg\",\"width\":1000,\"height\":1000,\"caption\":\"Tasca trasparente porta avvisi con fondo magnetico per stampati a3 e a4\"},{\"@type\":\"BreadcrumbList\",\"@id\":\"https:\\\/\\\/www.smartystore.it\\\/it\\\/prodotto\\\/tasca-porta-avvisi-con-retro-magnetico\\\/#breadcrumb\",\"itemListElement\":[{\"@type\":\"ListItem\",\"position\":1,\"name\":\"Home\",\"item\":\"https:\\\/\\\/www.smartystore.it\\\/it\\\/\"},{\"@type\":\"ListItem\",\"position\":2,\"name\":\"Shop\",\"item\":\"https:\\\/\\\/www.smartystore.it\\\/it\\\/shop\\\/\"},{\"@type\":\"ListItem\",\"position\":3,\"name\":\"Tasca porta avvisi con retro magnetico\"}]},{\"@type\":\"WebSite\",\"@id\":\"https:\\\/\\\/www.smartystore.it\\\/it\\\/#website\",\"url\":\"https:\\\/\\\/www.smartystore.it\\\/it\\\/\",\"name\":\"Smarty Store\",\"description\":\"\",\"potentialAction\":[{\"@type\":\"SearchAction\",\"target\":{\"@type\":\"EntryPoint\",\"urlTemplate\":\"https:\\\/\\\/www.smartystore.it\\\/it\\\/?s={search_term_string}\"},\"query-input\":{\"@type\":\"PropertyValueSpecification\",\"valueRequired\":true,\"valueName\":\"search_term_string\"}}],\"inLanguage\":\"it-IT\"}]}<\/script>\n<!-- \/ Yoast SEO plugin. -->","yoast_head_json":{"title":"Tasca porta avvisi con retro magnetico - Smarty Store","description":"Tasca porta avvisi in PVC trasparente con retro magnetico per superifici metalliche. Disponibile per stampati A3-A4. Orientabile in verticale e orizzontale.","robots":{"index":"index","follow":"follow","max-snippet":"max-snippet:-1","max-image-preview":"max-image-preview:large","max-video-preview":"max-video-preview:-1"},"canonical":"https:\/\/www.smartystore.it\/it\/prodotto\/tasca-porta-avvisi-con-retro-magnetico\/","og_locale":"it_IT","og_type":"article","og_title":"Tasca porta avvisi con retro magnetico - Smarty Store","og_description":"Tasca porta avvisi in PVC trasparente con retro magnetico per superifici metalliche. Disponibile per stampati A3-A4. Orientabile in verticale e orizzontale.","og_url":"https:\/\/www.smartystore.it\/it\/prodotto\/tasca-porta-avvisi-con-retro-magnetico\/","og_site_name":"Smarty Store","article_modified_time":"2026-02-21T20:39:55+00:00","og_image":[{"width":1000,"height":1000,"url":"https:\/\/www.smartystore.it\/v25\/wp-content\/uploads\/2024\/04\/Tasca-trasparente-porta-avvisi-con-fondo-magnetico-per-stampati-a3-e-a4.jpg","type":"image\/jpeg"}],"twitter_card":"summary_large_image","twitter_misc":{"Tempo di lettura stimato":"2 minuti"},"schema":{"@context":"https:\/\/schema.org","@graph":[{"@type":"WebPage","@id":"https:\/\/www.smartystore.it\/it\/prodotto\/tasca-porta-avvisi-con-retro-magnetico\/","url":"https:\/\/www.smartystore.it\/it\/prodotto\/tasca-porta-avvisi-con-retro-magnetico\/","name":"Tasca porta avvisi con retro magnetico - Smarty Store","isPartOf":{"@id":"https:\/\/www.smartystore.it\/it\/#website"},"primaryImageOfPage":{"@id":"https:\/\/www.smartystore.it\/it\/prodotto\/tasca-porta-avvisi-con-retro-magnetico\/#primaryimage"},"image":{"@id":"https:\/\/www.smartystore.it\/it\/prodotto\/tasca-porta-avvisi-con-retro-magnetico\/#primaryimage"},"thumbnailUrl":"https:\/\/www.smartystore.it\/v25\/wp-content\/uploads\/2024\/04\/Tasca-trasparente-porta-avvisi-con-fondo-magnetico-per-stampati-a3-e-a4.jpg","datePublished":"2024-04-04T09:05:20+00:00","dateModified":"2026-02-21T20:39:55+00:00","description":"Tasca porta avvisi in PVC trasparente con retro magnetico per superifici metalliche. Disponibile per stampati A3-A4. Orientabile in verticale e orizzontale.","breadcrumb":{"@id":"https:\/\/www.smartystore.it\/it\/prodotto\/tasca-porta-avvisi-con-retro-magnetico\/#breadcrumb"},"inLanguage":"it-IT","potentialAction":[{"@type":"ReadAction","target":["https:\/\/www.smartystore.it\/it\/prodotto\/tasca-porta-avvisi-con-retro-magnetico\/"]}]},{"@type":"ImageObject","inLanguage":"it-IT","@id":"https:\/\/www.smartystore.it\/it\/prodotto\/tasca-porta-avvisi-con-retro-magnetico\/#primaryimage","url":"https:\/\/www.smartystore.it\/v25\/wp-content\/uploads\/2024\/04\/Tasca-trasparente-porta-avvisi-con-fondo-magnetico-per-stampati-a3-e-a4.jpg","contentUrl":"https:\/\/www.smartystore.it\/v25\/wp-content\/uploads\/2024\/04\/Tasca-trasparente-porta-avvisi-con-fondo-magnetico-per-stampati-a3-e-a4.jpg","width":1000,"height":1000,"caption":"Tasca trasparente porta avvisi con fondo magnetico per stampati a3 e a4"},{"@type":"BreadcrumbList","@id":"https:\/\/www.smartystore.it\/it\/prodotto\/tasca-porta-avvisi-con-retro-magnetico\/#breadcrumb","itemListElement":[{"@type":"ListItem","position":1,"name":"Home","item":"https:\/\/www.smartystore.it\/it\/"},{"@type":"ListItem","position":2,"name":"Shop","item":"https:\/\/www.smartystore.it\/it\/shop\/"},{"@type":"ListItem","position":3,"name":"Tasca porta avvisi con retro magnetico"}]},{"@type":"WebSite","@id":"https:\/\/www.smartystore.it\/it\/#website","url":"https:\/\/www.smartystore.it\/it\/","name":"Smarty Store","description":"","potentialAction":[{"@type":"SearchAction","target":{"@type":"EntryPoint","urlTemplate":"https:\/\/www.smartystore.it\/it\/?s={search_term_string}"},"query-input":{"@type":"PropertyValueSpecification","valueRequired":true,"valueName":"search_term_string"}}],"inLanguage":"it-IT"}]}},"brands":[],"_links":{"self":[{"href":"https:\/\/www.smartystore.it\/it\/wp-json\/wp\/v2\/product\/87404","targetHints":{"allow":["GET"]}}],"collection":[{"href":"https:\/\/www.smartystore.it\/it\/wp-json\/wp\/v2\/product"}],"about":[{"href":"https:\/\/www.smartystore.it\/it\/wp-json\/wp\/v2\/types\/product"}],"replies":[{"embeddable":true,"href":"https:\/\/www.smartystore.it\/it\/wp-json\/wp\/v2\/comments?post=87404"}],"wp:featuredmedia":[{"embeddable":true,"href":"https:\/\/www.smartystore.it\/it\/wp-json\/wp\/v2\/media\/87405"}],"wp:attachment":[{"href":"https:\/\/www.smartystore.it\/it\/wp-json\/wp\/v2\/media?parent=87404"}],"wp:term":[{"taxonomy":"pwb-brand","embeddable":true,"href":"https:\/\/www.smartystore.it\/it\/wp-json\/wp\/v2\/pwb-brand?post=87404"},{"taxonomy":"product_brand","embeddable":true,"href":"https:\/\/www.smartystore.it\/it\/wp-json\/wp\/v2\/product_brand?post=87404"},{"taxonomy":"product_cat","embeddable":true,"href":"https:\/\/www.smartystore.it\/it\/wp-json\/wp\/v2\/product_cat?post=87404"},{"taxonomy":"product_tag","embeddable":true,"href":"https:\/\/www.smartystore.it\/it\/wp-json\/wp\/v2\/product_tag?post=87404"}],"curies":[{"name":"wp","href":"https:\/\/api.w.org\/{rel}","templated":true}]}}