{"id":86252,"date":"2024-02-29T17:35:37","date_gmt":"2024-02-29T15:35:37","guid":{"rendered":"https:\/\/www.smartystore.it\/?post_type=product&#038;p=86252"},"modified":"2026-04-08T18:45:08","modified_gmt":"2026-04-08T16:45:08","slug":"lavagna-a-cavalletto-con-attacco-basculante","status":"publish","type":"product","link":"https:\/\/www.smartystore.it\/it\/prodotto\/lavagna-a-cavalletto-con-attacco-basculante\/","title":{"rendered":"Lavagna a cavalletto con attacco basculante"},"content":{"rendered":"<h1>Lavagna a cavalletto con attacco basculante<\/h1>\n<p>La lavagna a cavalletto con attacco basculante si compone di un telaio interamente in acciaio verniciato nella colorazione nera ed un pannello in propilene delle dimensioni 50&#215;70 cm.<\/p>\n<p>Dal design minimal ed industriale grazie al colore nero, questa lavagna a cavalletto pu\u00f2 essere esposta in negozi, ristoranti, bar, supermercati, attivit\u00e0 commerciali e locali in cui si abbia la necessit\u00e0 di esporre men\u00f9, offerte o note informative ai passanti.<\/p>\n<h2>Lavagna a cavalletto con attacco basculante: ideale all&#8217;Interno o all&#8217;Aperto<\/h2>\n<p>Questo cavalletto con lavagna oscillante pu\u00f2 essere tranquillamente utilizzato sia in luoghi chiusi che all&#8217;aperto.<\/p>\n<p>La lavagna si aggancia alla struttura del cavalletto grazie e due ganci neri a moschettone che permettono l&#8217;oscillazione del pannello, simulando e riconrdando le classiche insegne vintage dallo stile intramontabile.<\/p>\n<p>Inoltre, la particolare struttura e la caratteristica dell&#8217;oscillazione la rendono molto stabile e pi\u00f9 resistente anche in caso di vento.<\/p>\n<p>Il pannello \u00e8 scrivibile e cancellabile su entrambi i lati. Si consiglia l&#8217;utilizzo di marcatori a gesso liquido acquistabili separatamente: <a href=\"https:\/\/www.smartystore.it\/prodotto\/marcatore-a-gesso-liquido\/\" target=\"_blank\" rel=\"noopener\"><strong>LINK<\/strong><\/a><\/p>\n<p>&nbsp;<\/p>\n<h3><strong>CARATTERISTICHE:<\/strong><\/h3>\n<ul>\n<li>Materiale pannello: propilene.<\/li>\n<li>Colore pannello: nero.<\/li>\n<li>Utilizzo pannello: monofacciale e bifacciale.<\/li>\n<li>Dimensioni pannello: 500&#215;760 mm.<\/li>\n<li>2 ganci neri a moschettone per l&#8217;effetto basculante.<\/li>\n<li>Materiale struttura: acciaio.<\/li>\n<li>Colore struttura: nero.<\/li>\n<li>Dimensioni cavalletto: L 572 x H 955 x P 696 mm.<\/li>\n<li>Peso cavalletto: 4 Kg ca.<\/li>\n<\/ul>\n<p>&nbsp;<\/p>\n<p><a href=\"https:\/\/www.smartystore.it\/v25\/wp-content\/uploads\/2024\/02\/STR-CMA030.pdf\" target=\"_blank\" rel=\"noopener\"><img loading=\"lazy\" decoding=\"async\" class=\"alignnone size-full wp-image-93510\" src=\"https:\/\/www.smartystore.it\/v25\/wp-content\/uploads\/2014\/10\/SchedaTecnica-300-e1750084266903.png\" alt=\"\" width=\"249\" height=\"63\" \/><\/a><\/p>\n<p>&nbsp;<\/p>\n","protected":false},"excerpt":{"rendered":"<p>Lavagna oscillante a cavalletto. Scrivibile e cancellabile con marcatori a gesso liquido.<\/p>\n","protected":false},"featured_media":86254,"comment_status":"open","ping_status":"closed","template":"","meta":{"_acf_changed":false},"pwb-brand":[],"product_brand":[],"product_cat":[2011,2029],"product_tag":[6933,6934,6931,6932,6930,6928,6929],"class_list":{"0":"post-86252","1":"product","2":"type-product","3":"status-publish","4":"has-post-thumbnail","6":"product_cat-cavalletti-pubblicitari","7":"product_cat-lavagne","8":"product_tag-cavalletto-pubblicitario-con-lavagna-basculante","9":"product_tag-cavalletto-pubblicitario-con-lavagna-scrivibile","10":"product_tag-espositore-con-lavagna-basculante-da-esterno","11":"product_tag-lavagna-a-cavalletto-con-attacco-basculante","12":"product_tag-lavagna-basculante-riscrivibile","13":"product_tag-lavagna-da-esterno","14":"product_tag-lavagna-pubblicitaria-da-esterno","15":"pa_c2c_color-d4-nero","16":"pa_c2c_dimensione-cm-50x70","17":"pa_c2c_trovraprezzi-ae-si","19":"first","20":"instock","21":"taxable","22":"shipping-taxable","23":"purchasable","24":"product-type-simple"},"acf":[],"yoast_head":"<!-- This site is optimized with the Yoast SEO plugin v27.4 - https:\/\/yoast.com\/product\/yoast-seo-wordpress\/ -->\n<title>Lavagna a cavalletto con attacco basculante - Smarty Store Al Miglior Prezzo<\/title>\n<meta name=\"description\" content=\"Lavagna a cavalletto con attacco basculante dal design vintage\/moderno. Scrivibile e cancellabile con marcatori a gesso liquido.\" \/>\n<meta name=\"robots\" content=\"index, follow, max-snippet:-1, max-image-preview:large, max-video-preview:-1\" \/>\n<link rel=\"canonical\" href=\"https:\/\/www.smartystore.it\/it\/prodotto\/lavagna-a-cavalletto-con-attacco-basculante\/\" \/>\n<meta property=\"og:locale\" content=\"it_IT\" \/>\n<meta property=\"og:type\" content=\"article\" \/>\n<meta property=\"og:title\" content=\"Lavagna a cavalletto con attacco basculante - Smarty Store Al Miglior Prezzo\" \/>\n<meta property=\"og:description\" content=\"Lavagna a cavalletto con attacco basculante dal design vintage\/moderno. Scrivibile e cancellabile con marcatori a gesso liquido.\" \/>\n<meta property=\"og:url\" content=\"https:\/\/www.smartystore.it\/it\/prodotto\/lavagna-a-cavalletto-con-attacco-basculante\/\" \/>\n<meta property=\"og:site_name\" content=\"Smarty Store\" \/>\n<meta property=\"article:modified_time\" content=\"2026-04-08T16:45:08+00:00\" \/>\n<meta property=\"og:image\" content=\"https:\/\/www.smartystore.it\/v25\/wp-content\/uploads\/2024\/02\/Lavagna-a-cavalletto-con-attacco-basculante.jpg\" \/>\n\t<meta property=\"og:image:width\" content=\"1000\" \/>\n\t<meta property=\"og:image:height\" content=\"1000\" \/>\n\t<meta property=\"og:image:type\" content=\"image\/jpeg\" \/>\n<meta name=\"twitter:card\" content=\"summary_large_image\" \/>\n<meta name=\"twitter:label1\" content=\"Tempo di lettura stimato\" \/>\n\t<meta name=\"twitter:data1\" content=\"2 minuti\" \/>\n<script type=\"application\/ld+json\" class=\"yoast-schema-graph\">{\"@context\":\"https:\\\/\\\/schema.org\",\"@graph\":[{\"@type\":\"WebPage\",\"@id\":\"https:\\\/\\\/www.smartystore.it\\\/it\\\/prodotto\\\/lavagna-a-cavalletto-con-attacco-basculante\\\/\",\"url\":\"https:\\\/\\\/www.smartystore.it\\\/it\\\/prodotto\\\/lavagna-a-cavalletto-con-attacco-basculante\\\/\",\"name\":\"Lavagna a cavalletto con attacco basculante - Smarty Store Al Miglior Prezzo\",\"isPartOf\":{\"@id\":\"https:\\\/\\\/www.smartystore.it\\\/it\\\/#website\"},\"primaryImageOfPage\":{\"@id\":\"https:\\\/\\\/www.smartystore.it\\\/it\\\/prodotto\\\/lavagna-a-cavalletto-con-attacco-basculante\\\/#primaryimage\"},\"image\":{\"@id\":\"https:\\\/\\\/www.smartystore.it\\\/it\\\/prodotto\\\/lavagna-a-cavalletto-con-attacco-basculante\\\/#primaryimage\"},\"thumbnailUrl\":\"https:\\\/\\\/www.smartystore.it\\\/v25\\\/wp-content\\\/uploads\\\/2024\\\/02\\\/Lavagna-a-cavalletto-con-attacco-basculante.jpg\",\"datePublished\":\"2024-02-29T15:35:37+00:00\",\"dateModified\":\"2026-04-08T16:45:08+00:00\",\"description\":\"Lavagna a cavalletto con attacco basculante dal design vintage\\\/moderno. Scrivibile e cancellabile con marcatori a gesso liquido.\",\"breadcrumb\":{\"@id\":\"https:\\\/\\\/www.smartystore.it\\\/it\\\/prodotto\\\/lavagna-a-cavalletto-con-attacco-basculante\\\/#breadcrumb\"},\"inLanguage\":\"it-IT\",\"potentialAction\":[{\"@type\":\"ReadAction\",\"target\":[\"https:\\\/\\\/www.smartystore.it\\\/it\\\/prodotto\\\/lavagna-a-cavalletto-con-attacco-basculante\\\/\"]}]},{\"@type\":\"ImageObject\",\"inLanguage\":\"it-IT\",\"@id\":\"https:\\\/\\\/www.smartystore.it\\\/it\\\/prodotto\\\/lavagna-a-cavalletto-con-attacco-basculante\\\/#primaryimage\",\"url\":\"https:\\\/\\\/www.smartystore.it\\\/v25\\\/wp-content\\\/uploads\\\/2024\\\/02\\\/Lavagna-a-cavalletto-con-attacco-basculante.jpg\",\"contentUrl\":\"https:\\\/\\\/www.smartystore.it\\\/v25\\\/wp-content\\\/uploads\\\/2024\\\/02\\\/Lavagna-a-cavalletto-con-attacco-basculante.jpg\",\"width\":1000,\"height\":1000,\"caption\":\"Lavagna a cavalletto con attacco basculante\"},{\"@type\":\"BreadcrumbList\",\"@id\":\"https:\\\/\\\/www.smartystore.it\\\/it\\\/prodotto\\\/lavagna-a-cavalletto-con-attacco-basculante\\\/#breadcrumb\",\"itemListElement\":[{\"@type\":\"ListItem\",\"position\":1,\"name\":\"Home\",\"item\":\"https:\\\/\\\/www.smartystore.it\\\/it\\\/\"},{\"@type\":\"ListItem\",\"position\":2,\"name\":\"Shop\",\"item\":\"https:\\\/\\\/www.smartystore.it\\\/it\\\/shop\\\/\"},{\"@type\":\"ListItem\",\"position\":3,\"name\":\"Lavagna a cavalletto con attacco basculante\"}]},{\"@type\":\"WebSite\",\"@id\":\"https:\\\/\\\/www.smartystore.it\\\/it\\\/#website\",\"url\":\"https:\\\/\\\/www.smartystore.it\\\/it\\\/\",\"name\":\"Smarty Store\",\"description\":\"\",\"potentialAction\":[{\"@type\":\"SearchAction\",\"target\":{\"@type\":\"EntryPoint\",\"urlTemplate\":\"https:\\\/\\\/www.smartystore.it\\\/it\\\/?s={search_term_string}\"},\"query-input\":{\"@type\":\"PropertyValueSpecification\",\"valueRequired\":true,\"valueName\":\"search_term_string\"}}],\"inLanguage\":\"it-IT\"}]}<\/script>\n<!-- \/ Yoast SEO plugin. -->","yoast_head_json":{"title":"Lavagna a cavalletto con attacco basculante - Smarty Store Al Miglior Prezzo","description":"Lavagna a cavalletto con attacco basculante dal design vintage\/moderno. Scrivibile e cancellabile con marcatori a gesso liquido.","robots":{"index":"index","follow":"follow","max-snippet":"max-snippet:-1","max-image-preview":"max-image-preview:large","max-video-preview":"max-video-preview:-1"},"canonical":"https:\/\/www.smartystore.it\/it\/prodotto\/lavagna-a-cavalletto-con-attacco-basculante\/","og_locale":"it_IT","og_type":"article","og_title":"Lavagna a cavalletto con attacco basculante - Smarty Store Al Miglior Prezzo","og_description":"Lavagna a cavalletto con attacco basculante dal design vintage\/moderno. Scrivibile e cancellabile con marcatori a gesso liquido.","og_url":"https:\/\/www.smartystore.it\/it\/prodotto\/lavagna-a-cavalletto-con-attacco-basculante\/","og_site_name":"Smarty Store","article_modified_time":"2026-04-08T16:45:08+00:00","og_image":[{"width":1000,"height":1000,"url":"https:\/\/www.smartystore.it\/v25\/wp-content\/uploads\/2024\/02\/Lavagna-a-cavalletto-con-attacco-basculante.jpg","type":"image\/jpeg"}],"twitter_card":"summary_large_image","twitter_misc":{"Tempo di lettura stimato":"2 minuti"},"schema":{"@context":"https:\/\/schema.org","@graph":[{"@type":"WebPage","@id":"https:\/\/www.smartystore.it\/it\/prodotto\/lavagna-a-cavalletto-con-attacco-basculante\/","url":"https:\/\/www.smartystore.it\/it\/prodotto\/lavagna-a-cavalletto-con-attacco-basculante\/","name":"Lavagna a cavalletto con attacco basculante - Smarty Store Al Miglior Prezzo","isPartOf":{"@id":"https:\/\/www.smartystore.it\/it\/#website"},"primaryImageOfPage":{"@id":"https:\/\/www.smartystore.it\/it\/prodotto\/lavagna-a-cavalletto-con-attacco-basculante\/#primaryimage"},"image":{"@id":"https:\/\/www.smartystore.it\/it\/prodotto\/lavagna-a-cavalletto-con-attacco-basculante\/#primaryimage"},"thumbnailUrl":"https:\/\/www.smartystore.it\/v25\/wp-content\/uploads\/2024\/02\/Lavagna-a-cavalletto-con-attacco-basculante.jpg","datePublished":"2024-02-29T15:35:37+00:00","dateModified":"2026-04-08T16:45:08+00:00","description":"Lavagna a cavalletto con attacco basculante dal design vintage\/moderno. Scrivibile e cancellabile con marcatori a gesso liquido.","breadcrumb":{"@id":"https:\/\/www.smartystore.it\/it\/prodotto\/lavagna-a-cavalletto-con-attacco-basculante\/#breadcrumb"},"inLanguage":"it-IT","potentialAction":[{"@type":"ReadAction","target":["https:\/\/www.smartystore.it\/it\/prodotto\/lavagna-a-cavalletto-con-attacco-basculante\/"]}]},{"@type":"ImageObject","inLanguage":"it-IT","@id":"https:\/\/www.smartystore.it\/it\/prodotto\/lavagna-a-cavalletto-con-attacco-basculante\/#primaryimage","url":"https:\/\/www.smartystore.it\/v25\/wp-content\/uploads\/2024\/02\/Lavagna-a-cavalletto-con-attacco-basculante.jpg","contentUrl":"https:\/\/www.smartystore.it\/v25\/wp-content\/uploads\/2024\/02\/Lavagna-a-cavalletto-con-attacco-basculante.jpg","width":1000,"height":1000,"caption":"Lavagna a cavalletto con attacco basculante"},{"@type":"BreadcrumbList","@id":"https:\/\/www.smartystore.it\/it\/prodotto\/lavagna-a-cavalletto-con-attacco-basculante\/#breadcrumb","itemListElement":[{"@type":"ListItem","position":1,"name":"Home","item":"https:\/\/www.smartystore.it\/it\/"},{"@type":"ListItem","position":2,"name":"Shop","item":"https:\/\/www.smartystore.it\/it\/shop\/"},{"@type":"ListItem","position":3,"name":"Lavagna a cavalletto con attacco basculante"}]},{"@type":"WebSite","@id":"https:\/\/www.smartystore.it\/it\/#website","url":"https:\/\/www.smartystore.it\/it\/","name":"Smarty Store","description":"","potentialAction":[{"@type":"SearchAction","target":{"@type":"EntryPoint","urlTemplate":"https:\/\/www.smartystore.it\/it\/?s={search_term_string}"},"query-input":{"@type":"PropertyValueSpecification","valueRequired":true,"valueName":"search_term_string"}}],"inLanguage":"it-IT"}]}},"brands":[],"_links":{"self":[{"href":"https:\/\/www.smartystore.it\/it\/wp-json\/wp\/v2\/product\/86252","targetHints":{"allow":["GET"]}}],"collection":[{"href":"https:\/\/www.smartystore.it\/it\/wp-json\/wp\/v2\/product"}],"about":[{"href":"https:\/\/www.smartystore.it\/it\/wp-json\/wp\/v2\/types\/product"}],"replies":[{"embeddable":true,"href":"https:\/\/www.smartystore.it\/it\/wp-json\/wp\/v2\/comments?post=86252"}],"wp:featuredmedia":[{"embeddable":true,"href":"https:\/\/www.smartystore.it\/it\/wp-json\/wp\/v2\/media\/86254"}],"wp:attachment":[{"href":"https:\/\/www.smartystore.it\/it\/wp-json\/wp\/v2\/media?parent=86252"}],"wp:term":[{"taxonomy":"pwb-brand","embeddable":true,"href":"https:\/\/www.smartystore.it\/it\/wp-json\/wp\/v2\/pwb-brand?post=86252"},{"taxonomy":"product_brand","embeddable":true,"href":"https:\/\/www.smartystore.it\/it\/wp-json\/wp\/v2\/product_brand?post=86252"},{"taxonomy":"product_cat","embeddable":true,"href":"https:\/\/www.smartystore.it\/it\/wp-json\/wp\/v2\/product_cat?post=86252"},{"taxonomy":"product_tag","embeddable":true,"href":"https:\/\/www.smartystore.it\/it\/wp-json\/wp\/v2\/product_tag?post=86252"}],"curies":[{"name":"wp","href":"https:\/\/api.w.org\/{rel}","templated":true}]}}