{"id":85102,"date":"2023-11-03T12:39:58","date_gmt":"2023-11-03T10:39:58","guid":{"rendered":"https:\/\/www.smartystore.it\/?post_type=product&#038;p=85102"},"modified":"2026-03-16T17:08:38","modified_gmt":"2026-03-16T15:08:38","slug":"portadepliant-a-piantana-12-tasche-10x21","status":"publish","type":"product","link":"https:\/\/www.smartystore.it\/it\/prodotto\/portadepliant-a-piantana-12-tasche-10x21\/","title":{"rendered":"Portadepliant a Piantana 12 tasche 10&#215;21"},"content":{"rendered":"<div class=\"wpb-content-wrapper\"><p>[vc_row][vc_column][vc_column_text css=&#8221;&#8221; css_params=&#8221;&#8221;]<\/p>\n<h1>Portadepliant a Piantana 12 tasche 10&#215;21 &#8211; Serie Quadra<\/h1>\n<p>Il portadepliant a piantana 12 tasche 10&#215;21 \u00e8 una struttura da terra che fa parte della linea SERIE QUADRA. Si compone di una base in metallo verniciata a polveri color silver, due\u00a0 montanti a sezione quadra (da cui deriva il nome della serie) e un porta brochure trasparente per contenere cataloghi 1\/3 di A4 su quattro livelli.<\/p>\n<p>Indicato per esporre cataloghi e volantini, pu\u00f2 essere utilizzato in locali come agenzie di viaggi, showroom, meeting, convegni, ingressi di aziende e in qualsiasi luogo dove si abbia la necessit\u00e0 di mettere gli stampati\/brochures\/cataloghi a disposizione dei clienti.<\/p>\n<h2>Portadepliant a Piantana 12 tasche 10&#215;21: Personalizzabile<\/h2>\n<p>Lo stile pulito e lineare e neutro, lo rendono idoneo a tutte le situazioni ed ambienti, quindi posizionabile in punti strategici affinch\u00e9 venga attirata l&#8217;attenzione del cliente.<\/p>\n<p>La base quadrata \u00e8 munita di quattro gommini antiscivolo alle estremit\u00e0 inferiori per preservare il pavimento da urti ed evitare spostamenti\/scivolamenti indesiderati.<\/p>\n<p>Questo espositore portadepliant autoportante pu\u00f2 essere <strong>personalizzato con un pannello<\/strong> in forex che verr\u00e0 posizionato tra i due montanti. Questo <strong>migliorer\u00e0 la visibilit\u00e0 <\/strong>e render\u00e0 la piantana porta comunicazioni diversa da tutte le altre.<\/p>\n<p>Il porta depliant \u00e8 provvisto di 8 inserti removibili che permettono di ottenere spostandoli i seguenti formati:<\/p>\n<ul>\n<li>12 tasche 1\/3 di A4 su quattro livelli<\/li>\n<li>oppure 4 tasche A4 verticali + 4 tasche 1\/3 di A4<\/li>\n<li>oppure 4 tasche A4 orizzontali<\/li>\n<li>oppure 8 tasche A5 verticale.<\/li>\n<\/ul>\n<h3>CARATTERISTICHE:<\/h3>\n<ul>\n<li>Tasca portadepliant in stirene trasparente per esporre depliant formato 1\/3 di A4 (10&#215;21 cm.) disposti su quattro livelli<\/li>\n<li>Dimensioni totali porta brochure trasparente: L 34,0 x H 34,5 x P 17,5 cm.<\/li>\n<li>Dimensioni interne porta depliant: L 33,0 x P 3,2 cm.<\/li>\n<li>Doppio montante in alluminio silver a sezione quadra: H 100- L 2 cm.<\/li>\n<li>Base quadrata in metallo verniciato a polveri color silver: L 32,5 cm. &#8211; H 0,6 cm. &#8211; P 32,5 cm.<\/li>\n<li>Quattro gommini antiscivolo posti alla base<\/li>\n<li><span style=\"text-decoration: underline;\"><strong>BASE ULTRA PIATTA ANTINCIAMPO: spessore 6 mm.<\/strong><\/span><\/li>\n<li>Dimensioni espositore (in mm.): L 325 &#8211; H 1240- P 325<\/li>\n<li>Peso espositore: ca. 7,10 Kg.<\/li>\n<\/ul>\n<h4><\/h4>\n<h4 style=\"text-align: center;\"><strong>Guarda tutti i modelli di porta cataloghi a piantana a questo <span style=\"color: #ff0000;\"><a style=\"color: #ff0000;\" href=\"https:\/\/www.smartystore.it\/?count=25&amp;paged=&amp;s=sst-plp&amp;post_type=product\">LINK<\/a><\/span><\/strong><\/h4>\n<p>&nbsp;<\/p>\n<p><span style=\"color: #993300;\"><strong>PER IL FILE DI GRAFICA: creare il file delle dimensioni <b>indicate nella sezione &#8220;AREA DI STAMPA&#8221;<\/b>con i testi convertiti in tracciati, dopo il salvataggio del file in formato PDF (risoluzione minima di 200 dpi) inviare il documento all&#8217;indirizzo di posta elettronica<\/strong><\/span><strong>\u00a0<a href=\"mailto:grafica@smartystore.it\">grafica@smartystore.it<\/a>\u00a0<\/strong><span style=\"color: #993300;\"><strong>facendo riferimento al numero di ordine.<\/strong><\/span><\/p>\n<p>&nbsp;<\/p>\n<table style=\"width: 40.5904%; border-collapse: collapse; border-style: double; border-color: #f7a500;\">\n<tbody>\n<tr>\n<td style=\"width: 16.1993%;\">\n<h2><a href=\"https:\/\/www.smartystore.it\/v25\/wp-content\/uploads\/2023\/11\/Scheda-tecnica-SST-PLP12x13A4-1.pdf\" target=\"_blank\" rel=\"noopener\"><img loading=\"lazy\" decoding=\"async\" class=\"size-full wp-image-93672 aligncenter\" src=\"https:\/\/www.smartystore.it\/v25\/wp-content\/uploads\/2023\/11\/LogoDownload_yellow.jpg\" alt=\"\" width=\"50\" height=\"50\" \/><\/a><\/h2>\n<\/td>\n<td style=\"width: 24.3911%; border-style: double; border-color: #f7a500;\"><a href=\"https:\/\/www.smartystore.it\/v25\/wp-content\/uploads\/2023\/11\/Scheda-tecnica-SST-PLP12x13A4-1.pdf\" target=\"_blank\" rel=\"noopener\"><strong>SCHEDA TECNICA<\/strong><\/a><\/td>\n<\/tr>\n<tr>\n<td style=\"width: 16.1993%; border-style: double; border-color: #f7a500;\"><a href=\"https:\/\/www.smartystore.it\/v25\/wp-content\/uploads\/2023\/11\/Template_SST-PLP12x13A4.pdf\" target=\"_blank\" rel=\"noopener\"><img loading=\"lazy\" decoding=\"async\" class=\"size-full wp-image-93609 aligncenter\" src=\"https:\/\/www.smartystore.it\/v25\/wp-content\/uploads\/2021\/02\/LogoDownload_green-1.jpg\" alt=\"\" width=\"50\" height=\"50\" \/><\/a><\/td>\n<td style=\"width: 24.3911%;\"><a href=\"https:\/\/www.smartystore.it\/v25\/wp-content\/uploads\/2023\/11\/Template_SST-PLP12x13A4.pdf\" target=\"_blank\" rel=\"noopener\"><strong>TRACCIATO FUSTELLA<\/strong><\/a><\/td>\n<\/tr>\n<\/tbody>\n<\/table>\n<p>&nbsp;<\/p>\n<p><strong>SERVIZI DI GRAFICA E STAMPA<\/strong><\/p>\n<p>Smarty Store pu\u00f2 fornire il servizio di impaginazione e\/o della stampa.<\/p>\n<p>Se viene richiesto il servizio di sola stampa, il cliente dovr\u00e0 inviare il file di stampa in formato PDF. La grafica verr\u00e0 stampata cos\u00ec come ricevuta nel file.<\/p>\n<p>Se viene richiesto il servizio di impaginazione, la nostra struttura si metter\u00e0 in contatto telefonico con il cliente per le necessarie informazioni. Dall&#8217;impostazione grafica restano escluse le immagini che dovranno essere fornite dal cliente o quotate separatamente.<br \/>\nIl cliente ricever\u00e0 la proposta grafica in formato PDF per approvazione.<\/p>\n<p><strong>ATTENZIONE:<\/strong><br \/>\nI colori visualizzati possono differire da monitor a monitor. Per i colori di stampa \u00e8 necessario fare sempre riferimento alla scala Pantone.<br \/>\nSmarty Store non si assume alcuna responsabilit\u00e0 nel caso di colori controllati dal cliente solo sul proprio monitor.<\/p>\n<p>[\/vc_column_text][\/vc_column][\/vc_row]<\/p>\n<\/div>","protected":false},"excerpt":{"rendered":"<p>Espositore porta depliant personalizzabile da pavimento con base quadrata, montante in alluminio e 12 tasche con divisorio removibile per cataloghi 1\/3 di A4.<\/p>\n","protected":false},"featured_media":85105,"comment_status":"open","ping_status":"closed","template":"","meta":{"_acf_changed":false},"pwb-brand":[],"product_brand":[3872],"product_cat":[2807,2035,2103,2523],"product_tag":[3843,3844,6694,3876,3875,3845],"class_list":{"0":"post-85102","1":"product","2":"type-product","3":"status-publish","4":"has-post-thumbnail","6":"product_brand-smartystore","7":"product_cat-porta-depliant-porta-cataloghi-serie-quadra","8":"product_cat-porta-depliants-cataloghi","9":"product_cat-portadepliant-a-piantana","10":"product_cat-serie-quadra","11":"product_tag-espositore-porta-depliant-da-terra","12":"product_tag-espositore-portadepliant-da-pavimento","13":"product_tag-porta-cataloghi-da-terra-personalizzato","14":"product_tag-portacataloghi-a-piantana-12-tasche-10x21","15":"product_tag-portadepliant-12-tasche-10x21","16":"product_tag-portadepliant-a-piantana","17":"pa_c2c_base-3b-basequadrata","18":"pa_c2c_color-28-silver","19":"pa_c2c_color-trasparente","20":"pa_c2c_configurazione-espositore","21":"pa_c2c_configurazione-espositore-pannello-stampato","22":"pa_c2c_dimensione-12-x-1-3-a4","23":"pa_c2c_grafica-f2-no","24":"pa_c2c_grafica-e4-si","25":"pa_c2c_mono_bifacciale-ca-monofacciale","26":"pa_c2c_trovraprezzi-ae-si","27":"pa_serie-serie-quadra","29":"first","30":"instock","31":"taxable","32":"shipping-taxable","33":"purchasable","34":"product-type-variable"},"acf":[],"yoast_head":"<!-- This site is optimized with the Yoast SEO plugin v27.4 - https:\/\/yoast.com\/product\/yoast-seo-wordpress\/ -->\n<title>Portadepliant a Piantana 12 tasche 10x21 - Smarty Store Al Miglior Prezzo<\/title>\n<meta name=\"description\" content=\"Espositore portadepliant a piantana con 12 tasche 10x21 personalizzabile. Struttura in metallo color silver, porta cataloghi con divisori removibili.\" \/>\n<meta name=\"robots\" content=\"index, follow, max-snippet:-1, max-image-preview:large, max-video-preview:-1\" \/>\n<link rel=\"canonical\" href=\"https:\/\/www.smartystore.it\/it\/prodotto\/portadepliant-a-piantana-12-tasche-10x21\/\" \/>\n<meta property=\"og:locale\" content=\"it_IT\" \/>\n<meta property=\"og:type\" content=\"article\" \/>\n<meta property=\"og:title\" content=\"Portadepliant a Piantana 12 tasche 10x21 - Smarty Store Al Miglior Prezzo\" \/>\n<meta property=\"og:description\" content=\"Espositore portadepliant a piantana con 12 tasche 10x21 personalizzabile. Struttura in metallo color silver, porta cataloghi con divisori removibili.\" \/>\n<meta property=\"og:url\" content=\"https:\/\/www.smartystore.it\/it\/prodotto\/portadepliant-a-piantana-12-tasche-10x21\/\" \/>\n<meta property=\"og:site_name\" content=\"Smarty Store\" \/>\n<meta property=\"article:modified_time\" content=\"2026-03-16T15:08:38+00:00\" \/>\n<meta property=\"og:image\" content=\"https:\/\/www.smartystore.it\/v25\/wp-content\/uploads\/2023\/11\/Portadepliant-a-piantana-12-tasche-1-3-A4-serie-quadra.jpg\" \/>\n\t<meta property=\"og:image:width\" content=\"1000\" \/>\n\t<meta property=\"og:image:height\" content=\"1000\" \/>\n\t<meta property=\"og:image:type\" content=\"image\/jpeg\" \/>\n<meta name=\"twitter:card\" content=\"summary_large_image\" \/>\n<meta name=\"twitter:label1\" content=\"Tempo di lettura stimato\" \/>\n\t<meta name=\"twitter:data1\" content=\"4 minuti\" \/>\n<script type=\"application\/ld+json\" class=\"yoast-schema-graph\">{\"@context\":\"https:\\\/\\\/schema.org\",\"@graph\":[{\"@type\":\"WebPage\",\"@id\":\"https:\\\/\\\/www.smartystore.it\\\/it\\\/prodotto\\\/portadepliant-a-piantana-12-tasche-10x21\\\/\",\"url\":\"https:\\\/\\\/www.smartystore.it\\\/it\\\/prodotto\\\/portadepliant-a-piantana-12-tasche-10x21\\\/\",\"name\":\"Portadepliant a Piantana 12 tasche 10x21 - Smarty Store Al Miglior Prezzo\",\"isPartOf\":{\"@id\":\"https:\\\/\\\/www.smartystore.it\\\/it\\\/#website\"},\"primaryImageOfPage\":{\"@id\":\"https:\\\/\\\/www.smartystore.it\\\/it\\\/prodotto\\\/portadepliant-a-piantana-12-tasche-10x21\\\/#primaryimage\"},\"image\":{\"@id\":\"https:\\\/\\\/www.smartystore.it\\\/it\\\/prodotto\\\/portadepliant-a-piantana-12-tasche-10x21\\\/#primaryimage\"},\"thumbnailUrl\":\"https:\\\/\\\/www.smartystore.it\\\/v25\\\/wp-content\\\/uploads\\\/2023\\\/11\\\/Portadepliant-a-piantana-12-tasche-1-3-A4-serie-quadra.jpg\",\"datePublished\":\"2023-11-03T10:39:58+00:00\",\"dateModified\":\"2026-03-16T15:08:38+00:00\",\"description\":\"Espositore portadepliant a piantana con 12 tasche 10x21 personalizzabile. Struttura in metallo color silver, porta cataloghi con divisori removibili.\",\"breadcrumb\":{\"@id\":\"https:\\\/\\\/www.smartystore.it\\\/it\\\/prodotto\\\/portadepliant-a-piantana-12-tasche-10x21\\\/#breadcrumb\"},\"inLanguage\":\"it-IT\",\"potentialAction\":[{\"@type\":\"ReadAction\",\"target\":[\"https:\\\/\\\/www.smartystore.it\\\/it\\\/prodotto\\\/portadepliant-a-piantana-12-tasche-10x21\\\/\"]}]},{\"@type\":\"ImageObject\",\"inLanguage\":\"it-IT\",\"@id\":\"https:\\\/\\\/www.smartystore.it\\\/it\\\/prodotto\\\/portadepliant-a-piantana-12-tasche-10x21\\\/#primaryimage\",\"url\":\"https:\\\/\\\/www.smartystore.it\\\/v25\\\/wp-content\\\/uploads\\\/2023\\\/11\\\/Portadepliant-a-piantana-12-tasche-1-3-A4-serie-quadra.jpg\",\"contentUrl\":\"https:\\\/\\\/www.smartystore.it\\\/v25\\\/wp-content\\\/uploads\\\/2023\\\/11\\\/Portadepliant-a-piantana-12-tasche-1-3-A4-serie-quadra.jpg\",\"width\":1000,\"height\":1000,\"caption\":\"Portadepliant a piantana 12 tasche 1 3 A4 serie quadra\"},{\"@type\":\"BreadcrumbList\",\"@id\":\"https:\\\/\\\/www.smartystore.it\\\/it\\\/prodotto\\\/portadepliant-a-piantana-12-tasche-10x21\\\/#breadcrumb\",\"itemListElement\":[{\"@type\":\"ListItem\",\"position\":1,\"name\":\"Home\",\"item\":\"https:\\\/\\\/www.smartystore.it\\\/it\\\/\"},{\"@type\":\"ListItem\",\"position\":2,\"name\":\"Shop\",\"item\":\"https:\\\/\\\/www.smartystore.it\\\/it\\\/shop\\\/\"},{\"@type\":\"ListItem\",\"position\":3,\"name\":\"Portadepliant a Piantana 12 tasche 10&#215;21\"}]},{\"@type\":\"WebSite\",\"@id\":\"https:\\\/\\\/www.smartystore.it\\\/it\\\/#website\",\"url\":\"https:\\\/\\\/www.smartystore.it\\\/it\\\/\",\"name\":\"Smarty Store\",\"description\":\"\",\"potentialAction\":[{\"@type\":\"SearchAction\",\"target\":{\"@type\":\"EntryPoint\",\"urlTemplate\":\"https:\\\/\\\/www.smartystore.it\\\/it\\\/?s={search_term_string}\"},\"query-input\":{\"@type\":\"PropertyValueSpecification\",\"valueRequired\":true,\"valueName\":\"search_term_string\"}}],\"inLanguage\":\"it-IT\"}]}<\/script>\n<!-- \/ Yoast SEO plugin. -->","yoast_head_json":{"title":"Portadepliant a Piantana 12 tasche 10x21 - Smarty Store Al Miglior Prezzo","description":"Espositore portadepliant a piantana con 12 tasche 10x21 personalizzabile. Struttura in metallo color silver, porta cataloghi con divisori removibili.","robots":{"index":"index","follow":"follow","max-snippet":"max-snippet:-1","max-image-preview":"max-image-preview:large","max-video-preview":"max-video-preview:-1"},"canonical":"https:\/\/www.smartystore.it\/it\/prodotto\/portadepliant-a-piantana-12-tasche-10x21\/","og_locale":"it_IT","og_type":"article","og_title":"Portadepliant a Piantana 12 tasche 10x21 - Smarty Store Al Miglior Prezzo","og_description":"Espositore portadepliant a piantana con 12 tasche 10x21 personalizzabile. Struttura in metallo color silver, porta cataloghi con divisori removibili.","og_url":"https:\/\/www.smartystore.it\/it\/prodotto\/portadepliant-a-piantana-12-tasche-10x21\/","og_site_name":"Smarty Store","article_modified_time":"2026-03-16T15:08:38+00:00","og_image":[{"width":1000,"height":1000,"url":"https:\/\/www.smartystore.it\/v25\/wp-content\/uploads\/2023\/11\/Portadepliant-a-piantana-12-tasche-1-3-A4-serie-quadra.jpg","type":"image\/jpeg"}],"twitter_card":"summary_large_image","twitter_misc":{"Tempo di lettura stimato":"4 minuti"},"schema":{"@context":"https:\/\/schema.org","@graph":[{"@type":"WebPage","@id":"https:\/\/www.smartystore.it\/it\/prodotto\/portadepliant-a-piantana-12-tasche-10x21\/","url":"https:\/\/www.smartystore.it\/it\/prodotto\/portadepliant-a-piantana-12-tasche-10x21\/","name":"Portadepliant a Piantana 12 tasche 10x21 - Smarty Store Al Miglior Prezzo","isPartOf":{"@id":"https:\/\/www.smartystore.it\/it\/#website"},"primaryImageOfPage":{"@id":"https:\/\/www.smartystore.it\/it\/prodotto\/portadepliant-a-piantana-12-tasche-10x21\/#primaryimage"},"image":{"@id":"https:\/\/www.smartystore.it\/it\/prodotto\/portadepliant-a-piantana-12-tasche-10x21\/#primaryimage"},"thumbnailUrl":"https:\/\/www.smartystore.it\/v25\/wp-content\/uploads\/2023\/11\/Portadepliant-a-piantana-12-tasche-1-3-A4-serie-quadra.jpg","datePublished":"2023-11-03T10:39:58+00:00","dateModified":"2026-03-16T15:08:38+00:00","description":"Espositore portadepliant a piantana con 12 tasche 10x21 personalizzabile. Struttura in metallo color silver, porta cataloghi con divisori removibili.","breadcrumb":{"@id":"https:\/\/www.smartystore.it\/it\/prodotto\/portadepliant-a-piantana-12-tasche-10x21\/#breadcrumb"},"inLanguage":"it-IT","potentialAction":[{"@type":"ReadAction","target":["https:\/\/www.smartystore.it\/it\/prodotto\/portadepliant-a-piantana-12-tasche-10x21\/"]}]},{"@type":"ImageObject","inLanguage":"it-IT","@id":"https:\/\/www.smartystore.it\/it\/prodotto\/portadepliant-a-piantana-12-tasche-10x21\/#primaryimage","url":"https:\/\/www.smartystore.it\/v25\/wp-content\/uploads\/2023\/11\/Portadepliant-a-piantana-12-tasche-1-3-A4-serie-quadra.jpg","contentUrl":"https:\/\/www.smartystore.it\/v25\/wp-content\/uploads\/2023\/11\/Portadepliant-a-piantana-12-tasche-1-3-A4-serie-quadra.jpg","width":1000,"height":1000,"caption":"Portadepliant a piantana 12 tasche 1 3 A4 serie quadra"},{"@type":"BreadcrumbList","@id":"https:\/\/www.smartystore.it\/it\/prodotto\/portadepliant-a-piantana-12-tasche-10x21\/#breadcrumb","itemListElement":[{"@type":"ListItem","position":1,"name":"Home","item":"https:\/\/www.smartystore.it\/it\/"},{"@type":"ListItem","position":2,"name":"Shop","item":"https:\/\/www.smartystore.it\/it\/shop\/"},{"@type":"ListItem","position":3,"name":"Portadepliant a Piantana 12 tasche 10&#215;21"}]},{"@type":"WebSite","@id":"https:\/\/www.smartystore.it\/it\/#website","url":"https:\/\/www.smartystore.it\/it\/","name":"Smarty Store","description":"","potentialAction":[{"@type":"SearchAction","target":{"@type":"EntryPoint","urlTemplate":"https:\/\/www.smartystore.it\/it\/?s={search_term_string}"},"query-input":{"@type":"PropertyValueSpecification","valueRequired":true,"valueName":"search_term_string"}}],"inLanguage":"it-IT"}]}},"brands":[],"_links":{"self":[{"href":"https:\/\/www.smartystore.it\/it\/wp-json\/wp\/v2\/product\/85102","targetHints":{"allow":["GET"]}}],"collection":[{"href":"https:\/\/www.smartystore.it\/it\/wp-json\/wp\/v2\/product"}],"about":[{"href":"https:\/\/www.smartystore.it\/it\/wp-json\/wp\/v2\/types\/product"}],"replies":[{"embeddable":true,"href":"https:\/\/www.smartystore.it\/it\/wp-json\/wp\/v2\/comments?post=85102"}],"wp:featuredmedia":[{"embeddable":true,"href":"https:\/\/www.smartystore.it\/it\/wp-json\/wp\/v2\/media\/85105"}],"wp:attachment":[{"href":"https:\/\/www.smartystore.it\/it\/wp-json\/wp\/v2\/media?parent=85102"}],"wp:term":[{"taxonomy":"pwb-brand","embeddable":true,"href":"https:\/\/www.smartystore.it\/it\/wp-json\/wp\/v2\/pwb-brand?post=85102"},{"taxonomy":"product_brand","embeddable":true,"href":"https:\/\/www.smartystore.it\/it\/wp-json\/wp\/v2\/product_brand?post=85102"},{"taxonomy":"product_cat","embeddable":true,"href":"https:\/\/www.smartystore.it\/it\/wp-json\/wp\/v2\/product_cat?post=85102"},{"taxonomy":"product_tag","embeddable":true,"href":"https:\/\/www.smartystore.it\/it\/wp-json\/wp\/v2\/product_tag?post=85102"}],"curies":[{"name":"wp","href":"https:\/\/api.w.org\/{rel}","templated":true}]}}