{"id":82441,"date":"2023-04-06T17:18:38","date_gmt":"2023-04-06T15:18:38","guid":{"rendered":"https:\/\/www.smartystore.it\/?post_type=product&#038;p=82441"},"modified":"2025-09-02T17:43:01","modified_gmt":"2025-09-02T15:43:01","slug":"totem-bifacciale-thin-90x190-con-base-a-l-in-metallo","status":"publish","type":"product","link":"https:\/\/www.smartystore.it\/it\/prodotto\/totem-bifacciale-thin-90x190-con-base-a-l-in-metallo\/","title":{"rendered":"Totem Bifacciale Thin 90&#215;190 con base a L in metallo"},"content":{"rendered":"<div class=\"wpb-content-wrapper\"><p>[vc_row][vc_column][vc_column_text css=&#8221;&#8221; css_params=&#8221;&#8221;]<\/p>\n<h1>Totem Bifacciale Thin 90&#215;190 con base a L in metallo<\/h1>\n<p>Il Totem Bifacciale Thin 90&#215;190 con base a L in metallo \u00e8 un espositore pubblicitario per interno SERIE THIN e si compone di un pannello in Forex 19 mm o in Piuma (Sandwich) da 20 mm., a scelta del cliente in fase di ordine, una doppia base metallica a L verniciata a polveri color silver.<\/p>\n<h2>Molteplici utilizzi per il Totem Bifacciale Thin 60\u00d7170 con base a L in metallo<\/h2>\n<p>Indicato per esporre messaggi di promozione o anche semplicemente messaggi per indicare la direzione da seguire per raggiungere uffici e piani desiderati, il Totem Thin pu\u00f2 essere utilizzato in locali come showroom, supermercati, sale meeting, sale convegni, ingressi di aziende e in qualsiasi posto dove si ha la necessit\u00e0 di esporre il proprio messaggio.<\/p>\n<p>Il totem pu\u00f2 essere utilizzato nella versione monofacciale o bifacciale a seconda della necessit\u00e0 di doverlo posizionare su un passaggio a senso unico o a doppio senso.<\/p>\n<h3>CARATTERISTICHE:<\/h3>\n<ol>\n<li>Totem autoportante 90&#215;190 cm.<\/li>\n<li>Pannello in forex o piuma (Sandwich) da scegliere in fase d&#8217;ordine: L 90 cm. &#8211; H 190 &#8211; SP 2 cm.<\/li>\n<li><span style=\"color: #000000;\"><strong>STAMPA DIRETTA A COLORI INCLUSA.<\/strong><\/span><\/li>\n<li>Base a L in metallo verniciato a polveri color silver: L 90 cm. &#8211; H 20 cm. &#8211; P 22 cm.<\/li>\n<li>Peso base (doppia base a L): Kg. 29,20<\/li>\n<li>Peso totem: Kg. 32,70 nella versione con pannello in Piuma (Sandwich)<\/li>\n<li>Peso totem: Kg. 45,20 nella versione con pannello in Forex<\/li>\n<li>Dimensione struttura (in cm.): L 90 x H 190 x P 46<\/li>\n<li>Dimensione area di stampa (in cm.): L 90 x 170<\/li>\n<\/ol>\n<p><strong>Nel caso si abbia necessit\u00e0 di un&#8217;altezza del pannello differente da quelle previste, inviare una richiesta a <span style=\"color: #0000ff;\">info@smartystore.it<\/span>.<\/strong><\/p>\n<p>Disponibile anche nella versione con <strong>base di cm. 60 di larghezza<\/strong> a questo <span style=\"color: #ff0000;\"><strong><a style=\"color: #ff0000;\" href=\"https:\/\/www.smartystore.it\/prodotto\/totem-bifacciale-thin-60x170-con-base-a-l-in-metallo\/\">LINK<\/a><\/strong><\/span><\/p>\n<p><span style=\"color: #993300;\"><strong>PER IL FILE DI GRAFICA: creare il file delle dimensioni cm 90&#215;190 (scala 1:1) con i testi convertiti in tracciati, dopo il salvataggio del file in formato PDF (risoluzione minima di 200 dpi) inviare il documento all&#8217;indirizzo di posta elettronica<\/strong><\/span><strong>&nbsp;<a href=\"mailto:grafica@smartystore.it\">grafica@smartystore.it<\/a>&nbsp;<\/strong><span style=\"color: #993300;\"><strong>facendo riferimento al numero di ordine.<\/strong><\/span><\/p>\n<p><strong><a href=\"https:\/\/www.smartystore.it\/v25\/wp-content\/uploads\/2023\/04\/Totem-Thin_SCHEDA-TECNICA.pdf\" target=\"_blank\" rel=\"noopener\"><img loading=\"lazy\" decoding=\"async\" class=\"alignnone size-full wp-image-93672\" src=\"https:\/\/www.smartystore.it\/v25\/wp-content\/uploads\/2023\/11\/LogoDownload_yellow.jpg\" alt=\"\" width=\"50\" height=\"50\">&nbsp; SCHEDA TECNICA<\/a><\/strong><\/p>\n<p><strong><a href=\"https:\/\/www.smartystore.it\/v25\/wp-content\/uploads\/2023\/04\/Template_SST-TSL90190.pdf\" target=\"_blank\" rel=\"noopener\"><img loading=\"lazy\" decoding=\"async\" class=\"alignnone size-full wp-image-93609\" src=\"https:\/\/www.smartystore.it\/v25\/wp-content\/uploads\/2021\/02\/LogoDownload_green-1.jpg\" alt=\"\" width=\"50\" height=\"50\"> TRACCIATO FUSTELLA<\/a><\/strong><\/p>\n<p><strong>SERVIZI DI GRAFICA E STAMPA<\/strong><\/p>\n<p>Smarty Store pu\u00f2 fornire il servizio di impaginazione e\/o della stampa.<\/p>\n<p>Se viene richiesto il servizio di sola stampa, il cliente dovr\u00e0 inviare il file di stampa in formato PDF. La grafica verr\u00e0 stampata cos\u00ec come ricevuta nel file.<\/p>\n<p>Se viene richiesto il servizio di impaginazione, la nostra struttura si metter\u00e0 in contatto telefonico con il cliente per le necessarie informazioni. Dall&#8217;impostazione grafica restano escluse le immagini che dovranno essere fornite dal cliente o quotate separatamente.<br \/>\nIl cliente ricever\u00e0 la proposta grafica in formato PDF per approvazione.<\/p>\n<p><strong>ATTENZIONE:<\/strong><br \/>\nI colori visualizzati possono differire da monitor a monitor. Per i colori di stampa \u00e8 necessario fare sempre riferimento alla scala Pantone.<br \/>\nSmarty Store non si assume alcuna responsabilit\u00e0 nel caso di colori controllati dal cliente solo sul proprio monitor.[\/vc_column_text][\/vc_column][\/vc_row]<\/p>\n<\/div>","protected":false},"excerpt":{"rendered":"<p>Totem pubblicitario con pannello in Forex o in Piuma (Sandwich) e base a &#8220;L&#8221; in metallo verniciato silver. Stampa a colori inclusa<\/p>\n","protected":false},"featured_media":82444,"comment_status":"open","ping_status":"closed","template":"","meta":{"_acf_changed":false},"pwb-brand":[],"product_brand":[3872],"product_cat":[2808,2127,2045],"product_tag":[4709,4705,4707,4706,4704,4708],"class_list":{"0":"post-82441","1":"product","2":"type-product","3":"status-publish","4":"has-post-thumbnail","6":"product_brand-smartystore","7":"product_cat-totem-serie-quadra","8":"product_cat-totem-slim","9":"product_cat-totem-pubblicitari-informativi","10":"product_tag-pannello-pubblicitario-in-forex-o-sandwich-con-base-pesante","11":"product_tag-pannello-sandwich-con-base-pesante","12":"product_tag-totem-con-pannello-bifacciale-e-doppia-base-a-l-stabile","13":"product_tag-totem-con-pannello-in-forex-e-doppia-base-pesante","14":"product_tag-totem-in-piuma-con-base-pesante-da-60-cm","15":"product_tag-totem-pubblicitario-con-pannello-in-piuma-o-forex","16":"pa_c2c_color-28-silver","17":"pa_c2c_dimensione-cm-90x190","18":"pa_c2c_grafica-f2-no","19":"pa_c2c_grafica-e4-si","20":"pa_c2c_materiale-63-forex","21":"pa_c2c_materiale-piuma","22":"pa_c2c_mono_bifacciale-19-bifacciale","23":"pa_c2c_mono_bifacciale-ca-monofacciale","24":"pa_c2c_stampa-e4-si","25":"pa_c2c_trovraprezzi-ae-si","26":"pa_serie-serie-thin","28":"first","29":"instock","30":"taxable","31":"shipping-taxable","32":"purchasable","33":"product-type-variable"},"acf":[],"yoast_head":"<!-- This site is optimized with the Yoast SEO plugin v27.4 - https:\/\/yoast.com\/product\/yoast-seo-wordpress\/ -->\n<title>Totem Bifacciale Thin 90x190 con base a L in metallo - Smarty Store<\/title>\n<meta name=\"description\" content=\"Totem Bifacciale Thin 90x190 con base a L in metallo verniciata silver. Possibilit\u00e0 di scelta del pannello tra Forex o Piuma. Stampa a colori inclusa\" \/>\n<meta name=\"robots\" content=\"index, follow, max-snippet:-1, max-image-preview:large, max-video-preview:-1\" \/>\n<link rel=\"canonical\" href=\"https:\/\/www.smartystore.it\/it\/prodotto\/totem-bifacciale-thin-90x190-con-base-a-l-in-metallo\/\" \/>\n<meta property=\"og:locale\" content=\"it_IT\" \/>\n<meta property=\"og:type\" content=\"article\" \/>\n<meta property=\"og:title\" content=\"Totem Bifacciale Thin 90x190 con base a L in metallo - Smarty Store\" \/>\n<meta property=\"og:description\" content=\"Totem Bifacciale Thin 90x190 con base a L in metallo verniciata silver. Possibilit\u00e0 di scelta del pannello tra Forex o Piuma. Stampa a colori inclusa\" \/>\n<meta property=\"og:url\" content=\"https:\/\/www.smartystore.it\/it\/prodotto\/totem-bifacciale-thin-90x190-con-base-a-l-in-metallo\/\" \/>\n<meta property=\"og:site_name\" content=\"Smarty Store\" \/>\n<meta property=\"article:modified_time\" content=\"2025-09-02T15:43:01+00:00\" \/>\n<meta property=\"og:image\" content=\"https:\/\/www.smartystore.it\/v25\/wp-content\/uploads\/2023\/04\/Totem-bifacciale-ultrapiatto-90x190-con-base-a-L-in-metallo-stampa-inclusa.jpg\" \/>\n\t<meta property=\"og:image:width\" content=\"1000\" \/>\n\t<meta property=\"og:image:height\" content=\"1000\" \/>\n\t<meta property=\"og:image:type\" content=\"image\/jpeg\" \/>\n<meta name=\"twitter:card\" content=\"summary_large_image\" \/>\n<meta name=\"twitter:label1\" content=\"Tempo di lettura stimato\" \/>\n\t<meta name=\"twitter:data1\" content=\"4 minuti\" \/>\n<script type=\"application\/ld+json\" class=\"yoast-schema-graph\">{\"@context\":\"https:\\\/\\\/schema.org\",\"@graph\":[{\"@type\":\"WebPage\",\"@id\":\"https:\\\/\\\/www.smartystore.it\\\/it\\\/prodotto\\\/totem-bifacciale-thin-90x190-con-base-a-l-in-metallo\\\/\",\"url\":\"https:\\\/\\\/www.smartystore.it\\\/it\\\/prodotto\\\/totem-bifacciale-thin-90x190-con-base-a-l-in-metallo\\\/\",\"name\":\"Totem Bifacciale Thin 90x190 con base a L in metallo - Smarty Store\",\"isPartOf\":{\"@id\":\"https:\\\/\\\/www.smartystore.it\\\/it\\\/#website\"},\"primaryImageOfPage\":{\"@id\":\"https:\\\/\\\/www.smartystore.it\\\/it\\\/prodotto\\\/totem-bifacciale-thin-90x190-con-base-a-l-in-metallo\\\/#primaryimage\"},\"image\":{\"@id\":\"https:\\\/\\\/www.smartystore.it\\\/it\\\/prodotto\\\/totem-bifacciale-thin-90x190-con-base-a-l-in-metallo\\\/#primaryimage\"},\"thumbnailUrl\":\"https:\\\/\\\/www.smartystore.it\\\/v25\\\/wp-content\\\/uploads\\\/2023\\\/04\\\/Totem-bifacciale-ultrapiatto-90x190-con-base-a-L-in-metallo-stampa-inclusa.jpg\",\"datePublished\":\"2023-04-06T15:18:38+00:00\",\"dateModified\":\"2025-09-02T15:43:01+00:00\",\"description\":\"Totem Bifacciale Thin 90x190 con base a L in metallo verniciata silver. Possibilit\u00e0 di scelta del pannello tra Forex o Piuma. Stampa a colori inclusa\",\"breadcrumb\":{\"@id\":\"https:\\\/\\\/www.smartystore.it\\\/it\\\/prodotto\\\/totem-bifacciale-thin-90x190-con-base-a-l-in-metallo\\\/#breadcrumb\"},\"inLanguage\":\"it-IT\",\"potentialAction\":[{\"@type\":\"ReadAction\",\"target\":[\"https:\\\/\\\/www.smartystore.it\\\/it\\\/prodotto\\\/totem-bifacciale-thin-90x190-con-base-a-l-in-metallo\\\/\"]}]},{\"@type\":\"ImageObject\",\"inLanguage\":\"it-IT\",\"@id\":\"https:\\\/\\\/www.smartystore.it\\\/it\\\/prodotto\\\/totem-bifacciale-thin-90x190-con-base-a-l-in-metallo\\\/#primaryimage\",\"url\":\"https:\\\/\\\/www.smartystore.it\\\/v25\\\/wp-content\\\/uploads\\\/2023\\\/04\\\/Totem-bifacciale-ultrapiatto-90x190-con-base-a-L-in-metallo-stampa-inclusa.jpg\",\"contentUrl\":\"https:\\\/\\\/www.smartystore.it\\\/v25\\\/wp-content\\\/uploads\\\/2023\\\/04\\\/Totem-bifacciale-ultrapiatto-90x190-con-base-a-L-in-metallo-stampa-inclusa.jpg\",\"width\":1000,\"height\":1000,\"caption\":\"Totem bifacciale ultrapiatto 90x190 con base a L in metallo stampa inclusa\"},{\"@type\":\"BreadcrumbList\",\"@id\":\"https:\\\/\\\/www.smartystore.it\\\/it\\\/prodotto\\\/totem-bifacciale-thin-90x190-con-base-a-l-in-metallo\\\/#breadcrumb\",\"itemListElement\":[{\"@type\":\"ListItem\",\"position\":1,\"name\":\"Home\",\"item\":\"https:\\\/\\\/www.smartystore.it\\\/it\\\/\"},{\"@type\":\"ListItem\",\"position\":2,\"name\":\"Shop\",\"item\":\"https:\\\/\\\/www.smartystore.it\\\/it\\\/shop\\\/\"},{\"@type\":\"ListItem\",\"position\":3,\"name\":\"Totem Bifacciale Thin 90&#215;190 con base a L in metallo\"}]},{\"@type\":\"WebSite\",\"@id\":\"https:\\\/\\\/www.smartystore.it\\\/it\\\/#website\",\"url\":\"https:\\\/\\\/www.smartystore.it\\\/it\\\/\",\"name\":\"Smarty Store\",\"description\":\"\",\"potentialAction\":[{\"@type\":\"SearchAction\",\"target\":{\"@type\":\"EntryPoint\",\"urlTemplate\":\"https:\\\/\\\/www.smartystore.it\\\/it\\\/?s={search_term_string}\"},\"query-input\":{\"@type\":\"PropertyValueSpecification\",\"valueRequired\":true,\"valueName\":\"search_term_string\"}}],\"inLanguage\":\"it-IT\"}]}<\/script>\n<!-- \/ Yoast SEO plugin. -->","yoast_head_json":{"title":"Totem Bifacciale Thin 90x190 con base a L in metallo - Smarty Store","description":"Totem Bifacciale Thin 90x190 con base a L in metallo verniciata silver. Possibilit\u00e0 di scelta del pannello tra Forex o Piuma. Stampa a colori inclusa","robots":{"index":"index","follow":"follow","max-snippet":"max-snippet:-1","max-image-preview":"max-image-preview:large","max-video-preview":"max-video-preview:-1"},"canonical":"https:\/\/www.smartystore.it\/it\/prodotto\/totem-bifacciale-thin-90x190-con-base-a-l-in-metallo\/","og_locale":"it_IT","og_type":"article","og_title":"Totem Bifacciale Thin 90x190 con base a L in metallo - Smarty Store","og_description":"Totem Bifacciale Thin 90x190 con base a L in metallo verniciata silver. Possibilit\u00e0 di scelta del pannello tra Forex o Piuma. Stampa a colori inclusa","og_url":"https:\/\/www.smartystore.it\/it\/prodotto\/totem-bifacciale-thin-90x190-con-base-a-l-in-metallo\/","og_site_name":"Smarty Store","article_modified_time":"2025-09-02T15:43:01+00:00","og_image":[{"width":1000,"height":1000,"url":"https:\/\/www.smartystore.it\/v25\/wp-content\/uploads\/2023\/04\/Totem-bifacciale-ultrapiatto-90x190-con-base-a-L-in-metallo-stampa-inclusa.jpg","type":"image\/jpeg"}],"twitter_card":"summary_large_image","twitter_misc":{"Tempo di lettura stimato":"4 minuti"},"schema":{"@context":"https:\/\/schema.org","@graph":[{"@type":"WebPage","@id":"https:\/\/www.smartystore.it\/it\/prodotto\/totem-bifacciale-thin-90x190-con-base-a-l-in-metallo\/","url":"https:\/\/www.smartystore.it\/it\/prodotto\/totem-bifacciale-thin-90x190-con-base-a-l-in-metallo\/","name":"Totem Bifacciale Thin 90x190 con base a L in metallo - Smarty Store","isPartOf":{"@id":"https:\/\/www.smartystore.it\/it\/#website"},"primaryImageOfPage":{"@id":"https:\/\/www.smartystore.it\/it\/prodotto\/totem-bifacciale-thin-90x190-con-base-a-l-in-metallo\/#primaryimage"},"image":{"@id":"https:\/\/www.smartystore.it\/it\/prodotto\/totem-bifacciale-thin-90x190-con-base-a-l-in-metallo\/#primaryimage"},"thumbnailUrl":"https:\/\/www.smartystore.it\/v25\/wp-content\/uploads\/2023\/04\/Totem-bifacciale-ultrapiatto-90x190-con-base-a-L-in-metallo-stampa-inclusa.jpg","datePublished":"2023-04-06T15:18:38+00:00","dateModified":"2025-09-02T15:43:01+00:00","description":"Totem Bifacciale Thin 90x190 con base a L in metallo verniciata silver. Possibilit\u00e0 di scelta del pannello tra Forex o Piuma. Stampa a colori inclusa","breadcrumb":{"@id":"https:\/\/www.smartystore.it\/it\/prodotto\/totem-bifacciale-thin-90x190-con-base-a-l-in-metallo\/#breadcrumb"},"inLanguage":"it-IT","potentialAction":[{"@type":"ReadAction","target":["https:\/\/www.smartystore.it\/it\/prodotto\/totem-bifacciale-thin-90x190-con-base-a-l-in-metallo\/"]}]},{"@type":"ImageObject","inLanguage":"it-IT","@id":"https:\/\/www.smartystore.it\/it\/prodotto\/totem-bifacciale-thin-90x190-con-base-a-l-in-metallo\/#primaryimage","url":"https:\/\/www.smartystore.it\/v25\/wp-content\/uploads\/2023\/04\/Totem-bifacciale-ultrapiatto-90x190-con-base-a-L-in-metallo-stampa-inclusa.jpg","contentUrl":"https:\/\/www.smartystore.it\/v25\/wp-content\/uploads\/2023\/04\/Totem-bifacciale-ultrapiatto-90x190-con-base-a-L-in-metallo-stampa-inclusa.jpg","width":1000,"height":1000,"caption":"Totem bifacciale ultrapiatto 90x190 con base a L in metallo stampa inclusa"},{"@type":"BreadcrumbList","@id":"https:\/\/www.smartystore.it\/it\/prodotto\/totem-bifacciale-thin-90x190-con-base-a-l-in-metallo\/#breadcrumb","itemListElement":[{"@type":"ListItem","position":1,"name":"Home","item":"https:\/\/www.smartystore.it\/it\/"},{"@type":"ListItem","position":2,"name":"Shop","item":"https:\/\/www.smartystore.it\/it\/shop\/"},{"@type":"ListItem","position":3,"name":"Totem Bifacciale Thin 90&#215;190 con base a L in metallo"}]},{"@type":"WebSite","@id":"https:\/\/www.smartystore.it\/it\/#website","url":"https:\/\/www.smartystore.it\/it\/","name":"Smarty Store","description":"","potentialAction":[{"@type":"SearchAction","target":{"@type":"EntryPoint","urlTemplate":"https:\/\/www.smartystore.it\/it\/?s={search_term_string}"},"query-input":{"@type":"PropertyValueSpecification","valueRequired":true,"valueName":"search_term_string"}}],"inLanguage":"it-IT"}]}},"brands":[],"_links":{"self":[{"href":"https:\/\/www.smartystore.it\/it\/wp-json\/wp\/v2\/product\/82441","targetHints":{"allow":["GET"]}}],"collection":[{"href":"https:\/\/www.smartystore.it\/it\/wp-json\/wp\/v2\/product"}],"about":[{"href":"https:\/\/www.smartystore.it\/it\/wp-json\/wp\/v2\/types\/product"}],"replies":[{"embeddable":true,"href":"https:\/\/www.smartystore.it\/it\/wp-json\/wp\/v2\/comments?post=82441"}],"wp:featuredmedia":[{"embeddable":true,"href":"https:\/\/www.smartystore.it\/it\/wp-json\/wp\/v2\/media\/82444"}],"wp:attachment":[{"href":"https:\/\/www.smartystore.it\/it\/wp-json\/wp\/v2\/media?parent=82441"}],"wp:term":[{"taxonomy":"pwb-brand","embeddable":true,"href":"https:\/\/www.smartystore.it\/it\/wp-json\/wp\/v2\/pwb-brand?post=82441"},{"taxonomy":"product_brand","embeddable":true,"href":"https:\/\/www.smartystore.it\/it\/wp-json\/wp\/v2\/product_brand?post=82441"},{"taxonomy":"product_cat","embeddable":true,"href":"https:\/\/www.smartystore.it\/it\/wp-json\/wp\/v2\/product_cat?post=82441"},{"taxonomy":"product_tag","embeddable":true,"href":"https:\/\/www.smartystore.it\/it\/wp-json\/wp\/v2\/product_tag?post=82441"}],"curies":[{"name":"wp","href":"https:\/\/api.w.org\/{rel}","templated":true}]}}