{"id":81927,"date":"2023-01-24T14:41:55","date_gmt":"2023-01-24T12:41:55","guid":{"rendered":"https:\/\/www.smartystore.it\/?post_type=product&#038;p=81927"},"modified":"2023-04-04T10:16:00","modified_gmt":"2023-04-04T08:16:00","slug":"adesivi-circolari-per-nastri-colonnine-e-avvolgitori","status":"publish","type":"product","link":"https:\/\/www.smartystore.it\/it\/prodotto\/adesivi-circolari-per-nastri-colonnine-e-avvolgitori\/","title":{"rendered":"Adesivi circolari per nastri colonnine e avvolgitori"},"content":{"rendered":"<p>Set di adesivi circolari per la personalizzazione del top delle colonnine segnapercorso, dei rocchetti e degli avvolgitori con nastro.<\/p>\n<p>Sulla sommit\u00e0 dei nastri, ben visibile da chi \u00e8 in coda, c&#8217;\u00e8 uno spazio di circa \u00d8 53 mm da sfruttare per i propri contatti, o anche per poter riconoscere i tuoi tendinastro ovunque per i tuoi noleggi, eventi fiere e manifestazioni.<\/p>\n<p>Dimensioni dell&#8217;adesivo: bollino di \u00d8 53 mm.<\/p>\n<p><strong>Acquisto minimo: 10 pezzi<\/strong><\/p>\n<p>Adesivi da applicare<\/p>\n<p><span style=\"color: #993300;\"><strong>PER IL FILE DI GRAFICA: creare il file delle dimensioni cm 5,3x,53 (scala 1:1) con i testi convertiti in tracciati, dopo il salvataggio del file in formato PDF (risoluzione minima di 200 dpi) inviare il documento all&#8217;indirizzo di posta elettronica<\/strong><\/span><strong>\u00a0<a href=\"mailto:grafica@smartystore.it\">grafica@smartystore.it<\/a>\u00a0<\/strong><span style=\"color: #993300;\"><strong>facendo riferimento al numero di ordine.<\/strong><\/span><\/p>\n<table style=\"height: 24px; width: 28.7085%; border-collapse: collapse; border-style: double; border-color: #f7a500;\">\n<tbody>\n<tr style=\"height: 24px;\">\n<td style=\"width: 5.14139%; border-style: double; border-color: #f7a500; height: 24px;\"><a href=\"https:\/\/www.smartystore.it\/wp-content\/uploads\/2023\/01\/ADESIVO-CIRCOLARE.pdf\" target=\"_blank\" rel=\"noopener\"><img loading=\"lazy\" decoding=\"async\" class=\"size-full wp-image-31489 aligncenter\" style=\"vertical-align: middle;\" src=\"https:\/\/www.smartystore.it\/wp-content\/uploads\/2013\/05\/freccia-scarica.jpg\" alt=\"\" width=\"30\" height=\"30\" \/><\/a><\/td>\n<td style=\"width: 6.14153%; height: 24px;\"><a href=\"https:\/\/www.smartystore.it\/wp-content\/uploads\/2023\/01\/ADESIVO-CIRCOLARE.pdf\" target=\"_blank\" rel=\"noopener\"><strong>TRACCIATO FUSTELLA<\/strong><\/a><\/td>\n<\/tr>\n<\/tbody>\n<\/table>\n<p>&nbsp;<\/p>\n<p><strong>SERVIZI DI GRAFICA E STAMPA<\/strong><\/p>\n<p>Smarty Store pu\u00f2 fornire il servizio di impaginazione e\/o della stampa.<\/p>\n<p>Se viene richiesto il servizio di sola stampa, il cliente dovr\u00e0 inviare il file di stampa in formato PDF. La grafica verr\u00e0 stampata cos\u00ec come ricevuta nel file.<\/p>\n<p>Se viene richiesto il servizio di impaginazione, la nostra struttura si metter\u00e0 in contatto telefonico con il cliente per le necessarie informazioni. Dall&#8217;impostazione grafica restano escluse le immagini che dovranno essere fornite dal cliente o quotate separatamente.<br \/>\nIl cliente ricever\u00e0 la proposta grafica in formato PDF per approvazione.<\/p>\n<p><strong>ATTENZIONE:<\/strong><br \/>\nI colori visualizzati possono differire da monitor a monitor. Per i colori di stampa \u00e8 necessario fare sempre riferimento alla scala Pantone.<br \/>\nSmarty Store non si assume alcuna responsabilit\u00e0 nel caso di colori controllati dal cliente solo sul proprio monitor.<\/p>\n","protected":false},"excerpt":{"rendered":"<p>Adesivi circolari per la personalizzazione del top dei nastri per colonnine e avvolgitori.<\/p>\n","protected":false},"featured_media":81930,"comment_status":"open","ping_status":"closed","template":"","meta":{"_acf_changed":false},"pwb-brand":[],"product_brand":[],"product_cat":[2015,2139],"product_tag":[],"class_list":{"0":"post-81927","1":"product","2":"type-product","3":"status-publish","4":"has-post-thumbnail","6":"product_cat-colonnine-segnapercorso","7":"product_cat-nastri-cordoni-accessori","8":"pa_c2c_grafica-f2-no","9":"pa_c2c_grafica-e4-si","10":"pa_c2c_trovraprezzi-ae-si","12":"first","13":"instock","14":"taxable","15":"shipping-taxable","16":"purchasable","17":"product-type-variable"},"acf":[],"yoast_head":"<!-- This site is optimized with the Yoast SEO plugin v27.4 - https:\/\/yoast.com\/product\/yoast-seo-wordpress\/ -->\n<title>Adesivi circolari per nastri colonnine e avvolgitori - Smarty Store<\/title>\n<meta name=\"description\" content=\"Adesivi circolari per la personalizzazione del top dei nastri per colonnine e avvolgitori. Acquisto minimo 10 pezzi\" \/>\n<meta name=\"robots\" content=\"index, follow, max-snippet:-1, max-image-preview:large, max-video-preview:-1\" \/>\n<link rel=\"canonical\" href=\"https:\/\/www.smartystore.it\/it\/prodotto\/adesivi-circolari-per-nastri-colonnine-e-avvolgitori\/\" \/>\n<meta property=\"og:locale\" content=\"it_IT\" \/>\n<meta property=\"og:type\" content=\"article\" \/>\n<meta property=\"og:title\" content=\"Adesivi circolari per nastri colonnine e avvolgitori - Smarty Store\" \/>\n<meta property=\"og:description\" content=\"Adesivi circolari per la personalizzazione del top dei nastri per colonnine e avvolgitori. Acquisto minimo 10 pezzi\" \/>\n<meta property=\"og:url\" content=\"https:\/\/www.smartystore.it\/it\/prodotto\/adesivi-circolari-per-nastri-colonnine-e-avvolgitori\/\" \/>\n<meta property=\"og:site_name\" content=\"Smarty Store\" \/>\n<meta property=\"article:modified_time\" content=\"2023-04-04T08:16:00+00:00\" \/>\n<meta property=\"og:image\" content=\"https:\/\/www.smartystore.it\/v25\/wp-content\/uploads\/2023\/01\/Adesivo-circolare-di-personalizzazione-rocchetto-nastro-per-colonnine-segnapercorso.jpg\" \/>\n\t<meta property=\"og:image:width\" content=\"1000\" \/>\n\t<meta property=\"og:image:height\" content=\"1000\" \/>\n\t<meta property=\"og:image:type\" content=\"image\/jpeg\" \/>\n<meta name=\"twitter:card\" content=\"summary_large_image\" \/>\n<meta name=\"twitter:label1\" content=\"Tempo di lettura stimato\" \/>\n\t<meta name=\"twitter:data1\" content=\"2 minuti\" \/>\n<script type=\"application\/ld+json\" class=\"yoast-schema-graph\">{\"@context\":\"https:\\\/\\\/schema.org\",\"@graph\":[{\"@type\":\"WebPage\",\"@id\":\"https:\\\/\\\/www.smartystore.it\\\/it\\\/prodotto\\\/adesivi-circolari-per-nastri-colonnine-e-avvolgitori\\\/\",\"url\":\"https:\\\/\\\/www.smartystore.it\\\/it\\\/prodotto\\\/adesivi-circolari-per-nastri-colonnine-e-avvolgitori\\\/\",\"name\":\"Adesivi circolari per nastri colonnine e avvolgitori - Smarty Store\",\"isPartOf\":{\"@id\":\"https:\\\/\\\/www.smartystore.it\\\/it\\\/#website\"},\"primaryImageOfPage\":{\"@id\":\"https:\\\/\\\/www.smartystore.it\\\/it\\\/prodotto\\\/adesivi-circolari-per-nastri-colonnine-e-avvolgitori\\\/#primaryimage\"},\"image\":{\"@id\":\"https:\\\/\\\/www.smartystore.it\\\/it\\\/prodotto\\\/adesivi-circolari-per-nastri-colonnine-e-avvolgitori\\\/#primaryimage\"},\"thumbnailUrl\":\"https:\\\/\\\/www.smartystore.it\\\/v25\\\/wp-content\\\/uploads\\\/2023\\\/01\\\/Adesivo-circolare-di-personalizzazione-rocchetto-nastro-per-colonnine-segnapercorso.jpg\",\"datePublished\":\"2023-01-24T12:41:55+00:00\",\"dateModified\":\"2023-04-04T08:16:00+00:00\",\"description\":\"Adesivi circolari per la personalizzazione del top dei nastri per colonnine e avvolgitori. Acquisto minimo 10 pezzi\",\"breadcrumb\":{\"@id\":\"https:\\\/\\\/www.smartystore.it\\\/it\\\/prodotto\\\/adesivi-circolari-per-nastri-colonnine-e-avvolgitori\\\/#breadcrumb\"},\"inLanguage\":\"it-IT\",\"potentialAction\":[{\"@type\":\"ReadAction\",\"target\":[\"https:\\\/\\\/www.smartystore.it\\\/it\\\/prodotto\\\/adesivi-circolari-per-nastri-colonnine-e-avvolgitori\\\/\"]}]},{\"@type\":\"ImageObject\",\"inLanguage\":\"it-IT\",\"@id\":\"https:\\\/\\\/www.smartystore.it\\\/it\\\/prodotto\\\/adesivi-circolari-per-nastri-colonnine-e-avvolgitori\\\/#primaryimage\",\"url\":\"https:\\\/\\\/www.smartystore.it\\\/v25\\\/wp-content\\\/uploads\\\/2023\\\/01\\\/Adesivo-circolare-di-personalizzazione-rocchetto-nastro-per-colonnine-segnapercorso.jpg\",\"contentUrl\":\"https:\\\/\\\/www.smartystore.it\\\/v25\\\/wp-content\\\/uploads\\\/2023\\\/01\\\/Adesivo-circolare-di-personalizzazione-rocchetto-nastro-per-colonnine-segnapercorso.jpg\",\"width\":1000,\"height\":1000,\"caption\":\"Adesivo circolare di personalizzazione rocchetto nastro per colonnine segnapercorso\"},{\"@type\":\"BreadcrumbList\",\"@id\":\"https:\\\/\\\/www.smartystore.it\\\/it\\\/prodotto\\\/adesivi-circolari-per-nastri-colonnine-e-avvolgitori\\\/#breadcrumb\",\"itemListElement\":[{\"@type\":\"ListItem\",\"position\":1,\"name\":\"Home\",\"item\":\"https:\\\/\\\/www.smartystore.it\\\/it\\\/\"},{\"@type\":\"ListItem\",\"position\":2,\"name\":\"Shop\",\"item\":\"https:\\\/\\\/www.smartystore.it\\\/it\\\/shop\\\/\"},{\"@type\":\"ListItem\",\"position\":3,\"name\":\"Adesivi circolari per nastri colonnine e avvolgitori\"}]},{\"@type\":\"WebSite\",\"@id\":\"https:\\\/\\\/www.smartystore.it\\\/it\\\/#website\",\"url\":\"https:\\\/\\\/www.smartystore.it\\\/it\\\/\",\"name\":\"Smarty Store\",\"description\":\"\",\"potentialAction\":[{\"@type\":\"SearchAction\",\"target\":{\"@type\":\"EntryPoint\",\"urlTemplate\":\"https:\\\/\\\/www.smartystore.it\\\/it\\\/?s={search_term_string}\"},\"query-input\":{\"@type\":\"PropertyValueSpecification\",\"valueRequired\":true,\"valueName\":\"search_term_string\"}}],\"inLanguage\":\"it-IT\"}]}<\/script>\n<!-- \/ Yoast SEO plugin. -->","yoast_head_json":{"title":"Adesivi circolari per nastri colonnine e avvolgitori - Smarty Store","description":"Adesivi circolari per la personalizzazione del top dei nastri per colonnine e avvolgitori. Acquisto minimo 10 pezzi","robots":{"index":"index","follow":"follow","max-snippet":"max-snippet:-1","max-image-preview":"max-image-preview:large","max-video-preview":"max-video-preview:-1"},"canonical":"https:\/\/www.smartystore.it\/it\/prodotto\/adesivi-circolari-per-nastri-colonnine-e-avvolgitori\/","og_locale":"it_IT","og_type":"article","og_title":"Adesivi circolari per nastri colonnine e avvolgitori - Smarty Store","og_description":"Adesivi circolari per la personalizzazione del top dei nastri per colonnine e avvolgitori. Acquisto minimo 10 pezzi","og_url":"https:\/\/www.smartystore.it\/it\/prodotto\/adesivi-circolari-per-nastri-colonnine-e-avvolgitori\/","og_site_name":"Smarty Store","article_modified_time":"2023-04-04T08:16:00+00:00","og_image":[{"width":1000,"height":1000,"url":"https:\/\/www.smartystore.it\/v25\/wp-content\/uploads\/2023\/01\/Adesivo-circolare-di-personalizzazione-rocchetto-nastro-per-colonnine-segnapercorso.jpg","type":"image\/jpeg"}],"twitter_card":"summary_large_image","twitter_misc":{"Tempo di lettura stimato":"2 minuti"},"schema":{"@context":"https:\/\/schema.org","@graph":[{"@type":"WebPage","@id":"https:\/\/www.smartystore.it\/it\/prodotto\/adesivi-circolari-per-nastri-colonnine-e-avvolgitori\/","url":"https:\/\/www.smartystore.it\/it\/prodotto\/adesivi-circolari-per-nastri-colonnine-e-avvolgitori\/","name":"Adesivi circolari per nastri colonnine e avvolgitori - Smarty Store","isPartOf":{"@id":"https:\/\/www.smartystore.it\/it\/#website"},"primaryImageOfPage":{"@id":"https:\/\/www.smartystore.it\/it\/prodotto\/adesivi-circolari-per-nastri-colonnine-e-avvolgitori\/#primaryimage"},"image":{"@id":"https:\/\/www.smartystore.it\/it\/prodotto\/adesivi-circolari-per-nastri-colonnine-e-avvolgitori\/#primaryimage"},"thumbnailUrl":"https:\/\/www.smartystore.it\/v25\/wp-content\/uploads\/2023\/01\/Adesivo-circolare-di-personalizzazione-rocchetto-nastro-per-colonnine-segnapercorso.jpg","datePublished":"2023-01-24T12:41:55+00:00","dateModified":"2023-04-04T08:16:00+00:00","description":"Adesivi circolari per la personalizzazione del top dei nastri per colonnine e avvolgitori. Acquisto minimo 10 pezzi","breadcrumb":{"@id":"https:\/\/www.smartystore.it\/it\/prodotto\/adesivi-circolari-per-nastri-colonnine-e-avvolgitori\/#breadcrumb"},"inLanguage":"it-IT","potentialAction":[{"@type":"ReadAction","target":["https:\/\/www.smartystore.it\/it\/prodotto\/adesivi-circolari-per-nastri-colonnine-e-avvolgitori\/"]}]},{"@type":"ImageObject","inLanguage":"it-IT","@id":"https:\/\/www.smartystore.it\/it\/prodotto\/adesivi-circolari-per-nastri-colonnine-e-avvolgitori\/#primaryimage","url":"https:\/\/www.smartystore.it\/v25\/wp-content\/uploads\/2023\/01\/Adesivo-circolare-di-personalizzazione-rocchetto-nastro-per-colonnine-segnapercorso.jpg","contentUrl":"https:\/\/www.smartystore.it\/v25\/wp-content\/uploads\/2023\/01\/Adesivo-circolare-di-personalizzazione-rocchetto-nastro-per-colonnine-segnapercorso.jpg","width":1000,"height":1000,"caption":"Adesivo circolare di personalizzazione rocchetto nastro per colonnine segnapercorso"},{"@type":"BreadcrumbList","@id":"https:\/\/www.smartystore.it\/it\/prodotto\/adesivi-circolari-per-nastri-colonnine-e-avvolgitori\/#breadcrumb","itemListElement":[{"@type":"ListItem","position":1,"name":"Home","item":"https:\/\/www.smartystore.it\/it\/"},{"@type":"ListItem","position":2,"name":"Shop","item":"https:\/\/www.smartystore.it\/it\/shop\/"},{"@type":"ListItem","position":3,"name":"Adesivi circolari per nastri colonnine e avvolgitori"}]},{"@type":"WebSite","@id":"https:\/\/www.smartystore.it\/it\/#website","url":"https:\/\/www.smartystore.it\/it\/","name":"Smarty Store","description":"","potentialAction":[{"@type":"SearchAction","target":{"@type":"EntryPoint","urlTemplate":"https:\/\/www.smartystore.it\/it\/?s={search_term_string}"},"query-input":{"@type":"PropertyValueSpecification","valueRequired":true,"valueName":"search_term_string"}}],"inLanguage":"it-IT"}]}},"brands":[],"_links":{"self":[{"href":"https:\/\/www.smartystore.it\/it\/wp-json\/wp\/v2\/product\/81927","targetHints":{"allow":["GET"]}}],"collection":[{"href":"https:\/\/www.smartystore.it\/it\/wp-json\/wp\/v2\/product"}],"about":[{"href":"https:\/\/www.smartystore.it\/it\/wp-json\/wp\/v2\/types\/product"}],"replies":[{"embeddable":true,"href":"https:\/\/www.smartystore.it\/it\/wp-json\/wp\/v2\/comments?post=81927"}],"wp:featuredmedia":[{"embeddable":true,"href":"https:\/\/www.smartystore.it\/it\/wp-json\/wp\/v2\/media\/81930"}],"wp:attachment":[{"href":"https:\/\/www.smartystore.it\/it\/wp-json\/wp\/v2\/media?parent=81927"}],"wp:term":[{"taxonomy":"pwb-brand","embeddable":true,"href":"https:\/\/www.smartystore.it\/it\/wp-json\/wp\/v2\/pwb-brand?post=81927"},{"taxonomy":"product_brand","embeddable":true,"href":"https:\/\/www.smartystore.it\/it\/wp-json\/wp\/v2\/product_brand?post=81927"},{"taxonomy":"product_cat","embeddable":true,"href":"https:\/\/www.smartystore.it\/it\/wp-json\/wp\/v2\/product_cat?post=81927"},{"taxonomy":"product_tag","embeddable":true,"href":"https:\/\/www.smartystore.it\/it\/wp-json\/wp\/v2\/product_tag?post=81927"}],"curies":[{"name":"wp","href":"https:\/\/api.w.org\/{rel}","templated":true}]}}