{"id":80921,"date":"2022-09-22T15:15:43","date_gmt":"2022-09-22T13:15:43","guid":{"rendered":"https:\/\/www.smartystore.it\/?post_type=product&#038;p=80921"},"modified":"2026-02-19T14:00:00","modified_gmt":"2026-02-19T12:00:00","slug":"mini-totem-30x185-completo-di-stampa","status":"publish","type":"product","link":"https:\/\/www.smartystore.it\/it\/prodotto\/mini-totem-30x185-completo-di-stampa\/","title":{"rendered":"Mini totem 30&#215;185 COMPLETO DI STAMPA"},"content":{"rendered":"<h1>Mini totem 30&#215;185 COMPLETO DI STAMPA BIFACCIALE A COLORI<\/h1>\n<p>Il Mini totem 30&#215;185 COMPLETO DI STAMPA BIFACCIALE A COLORI \u00e8 un espositore pubblicitario da terra che fa parte della SERIE QUADRA. Si compone di doppio montante a sezione quadra (da cui deriva il nome della serie), una base verniciata a polveri color silver e pannello in forex con stampa bifacciale.<\/p>\n<p>Indicato per esporre messaggi di promozione o anche semplicemente messaggi per indicare la direzione da seguire per raggiungere uffici e piani desiderati, il mini totem pu\u00f2 essere utilizzato in locali come showroom, supermercati, sale meeting, sale convegni, ingressi di aziende e in qualsiasi posto dove si ha la necessit\u00e0 di esporre il proprio messaggio.<\/p>\n<h2>Mini totem 30&#215;185 COMPLETO DI STAMPA BIFACCIALE A COLORI: Silver e Nero a scelta<\/h2>\n<p>Il totem pu\u00f2 essere utilizzato nella versione monofacciale o bifacciale a seconda della necessit\u00e0 di doverlo posizionare su un passaggio a senso unico o a doppio senso.<\/p>\n<p>L&#8217;eventuale acquisto di accessori opzionali come porta depliant per stampati A5 o A4 con divisorio removibile (per l&#8217;inserimento quindi di stampati 1\/3 di A4 affiancati) o come porta bigliettini da visita cne completano l&#8217;utilizzo.<\/p>\n<p>Struttura del totem disponibile nella colorazione silver e nera: da scegliere in fase di ordine.<\/p>\n<h3>CARATTERISTICHE:<\/h3>\n<ul>\n<li>Totem autoportante 30&#215;185 cm.<\/li>\n<li>Montanti in alluminio anodizzato a sezione quadra color silver\/nero: H 185- L 2 cm.<\/li>\n<li>Base quadrata in metallo verniciato a polveri color silver\/nero: L 32,5 cm. &#8211; H 0,6 cm. &#8211; P 32,5 cm.<\/li>\n<li><span style=\"text-decoration: underline;\"><strong>BASE ULTRA PIATTA ANTINCIAMPO: spessore 6 mm.<\/strong><\/span><\/li>\n<li>Pannello in forex con stampa bifacciale<\/li>\n<li>Dimensione pannello in forex: 27,00 x 183,50 cm.<\/li>\n<li>Area visibile: 26,00 x 183,00 cm.<\/li>\n<li>Area di sicurezza testi\/immagini: 22,00 x 179,00 cm.<\/li>\n<li><strong>STAMPA BIFACCIALE A COLORI INCLUSA.<\/strong><\/li>\n<li>Per utilizzo interno e all&#8217;esterno ma riparato dal vento.<\/li>\n<\/ul>\n<p>ACCESSORI OPZIONALI:<\/p>\n<ul>\n<li>1 vaschetta porta depliant per stampati A5<\/li>\n<li>1 vaschetta porta depliant con divisorio removibile per stampati A4 (o 2 x 1\/3 di A4 affiancati)<\/li>\n<li>1 porta bigliettini da visita<\/li>\n<\/ul>\n<p>Dimensioni totem (in cm.): L 32,5\u00a0 &#8211; H 185,6 &#8211; P 32,5<\/p>\n<p>Peso totem: 8,10 Kg<\/p>\n<p><span style=\"color: #993300;\"><strong>PER IL FILE DI GRAFICA: creare il file delle dimensioni cm 27&#215;183,5 (scala 1:1) con i testi convertiti in tracciati, dopo il salvataggio del file in formato PDF (risoluzione minima di 200 dpi) inviare il documento all&#8217;indirizzo di posta elettronica<\/strong><\/span><strong>\u00a0<a href=\"mailto:grafica@smartystore.it\">grafica@smartystore.it<\/a>\u00a0<\/strong><span style=\"color: #993300;\"><strong>facendo riferimento al numero di ordine.<\/strong><\/span><\/p>\n<p>&nbsp;<\/p>\n<h3 style=\"text-align: center;\">Guarda gli altri modelli a questo <a href=\"https:\/\/www.smartystore.it\/categoria-prodotto\/espositori-pubblicitari\/serie-quadra\/totem-serie-quadra\/\"><span style=\"color: #ff0000;\">LINK<\/span><\/a><\/h3>\n<p>&nbsp;<\/p>\n<p><a href=\"https:\/\/www.smartystore.it\/v25\/wp-content\/uploads\/2023\/01\/Mini-totem_SCHEDA-TECNICA-2.pdf\" target=\"_blank\" rel=\"noopener\"><img loading=\"lazy\" decoding=\"async\" class=\"alignnone size-full wp-image-93510\" src=\"https:\/\/www.smartystore.it\/v25\/wp-content\/uploads\/2014\/10\/SchedaTecnica-300-e1750084266903.png\" alt=\"\" width=\"249\" height=\"63\" \/><\/a><\/p>\n<p><a href=\"https:\/\/www.smartystore.it\/v25\/wp-content\/uploads\/2022\/09\/Template_SST-TMN185.pdf\" target=\"_blank\" rel=\"noopener\"><img loading=\"lazy\" decoding=\"async\" class=\"alignnone size-full wp-image-93645\" src=\"https:\/\/www.smartystore.it\/v25\/wp-content\/uploads\/2022\/09\/LogoDownload_tracciato-fustella-2.jpg\" alt=\"\" width=\"250\" height=\"63\" \/><\/a><\/p>\n<p>&nbsp;<\/p>\n<p><b>SERVIZI DI GRAFICA E STAMPA<\/b><\/p>\n<p>Smarty Store pu\u00f2 fornire il servizio di impaginazione e\/o della stampa.<\/p>\n<p>Se viene richiesto il servizio di sola stampa, il cliente dovr\u00e0 inviare il file di stampa in formato PDF. La grafica verr\u00e0 stampata cos\u00ec come ricevuta nel file.<\/p>\n<p>Se viene richiesto il servizio di impaginazione, la nostra struttura si metter\u00e0 in contatto telefonico con il cliente per le necessarie informazioni. Dall&#8217;impostazione grafica restano escluse le immagini che dovranno essere fornite dal cliente o quotate separatamente.<br \/>\nIl cliente ricever\u00e0 la proposta grafica in formato PDF per approvazione.<\/p>\n<p><b>ATTENZIONE:<\/b><br \/>\nI colori visualizzati possono differire da monitor a monitor. Per i colori di stampa \u00e8 necessario fare sempre riferimento alla scala Pantone.<br \/>\nSmarty Store non si assume alcuna responsabilit\u00e0 nel caso di colori controllati dal cliente solo sul proprio monitor.<\/p>\n","protected":false},"excerpt":{"rendered":"<p>Espositore pubblicitario a totem 30&#215;185 cm. completo di stampa bifacciale a colori. Struttura disponibile nella colorazione silver e nera. Possibilit\u00e0 di aggiunta di accessori opzionali.<\/p>\n","protected":false},"featured_media":81858,"comment_status":"open","ping_status":"closed","template":"","meta":{"_acf_changed":false},"pwb-brand":[],"product_brand":[3872],"product_cat":[2069,2523,2808,2089,2045],"product_tag":[4109,4111,4112,4115,4113,4110,4114],"class_list":{"0":"post-80921","1":"product","2":"type-product","3":"status-publish","4":"has-post-thumbnail","6":"product_brand-smartystore","7":"product_cat-mini-totem","8":"product_cat-serie-quadra","9":"product_cat-totem-serie-quadra","10":"product_cat-totem-da-interno","11":"product_cat-totem-pubblicitari-informativi","12":"product_tag-mini-totem-30x185","13":"product_tag-totem-compatto-30x185","14":"product_tag-totem-con-stampa-inclusa","15":"product_tag-totem-flat-bifacciale-30x185","16":"product_tag-totem-mini-bifacciale","17":"product_tag-totem-piatto-30x185","18":"product_tag-totem-piatto-30x185-con-stampa-bifacciale","19":"pa_c2c_color-d4-nero","20":"pa_c2c_color-28-silver","21":"pa_c2c_configurazione-totem","22":"pa_c2c_configurazione-totem-1-porta-biglietti-da-visita","23":"pa_c2c_configurazione-totem-1-portadepliant-a4","24":"pa_c2c_configurazione-totem-1-portadepliant-a5","25":"pa_c2c_dimensione-cm-30x185","26":"pa_c2c_grafica-f2-no","27":"pa_c2c_grafica-e4-si","28":"pa_c2c_mono_bifacciale-19-bifacciale","29":"pa_c2c_mono_bifacciale-ca-monofacciale","30":"pa_c2c_stampa-e4-si","31":"pa_c2c_trovraprezzi-ae-si","32":"pa_serie-serie-quadra","34":"first","35":"instock","36":"taxable","37":"shipping-taxable","38":"purchasable","39":"product-type-variable"},"acf":[],"yoast_head":"<!-- This site is optimized with the Yoast SEO plugin v27.4 - https:\/\/yoast.com\/product\/yoast-seo-wordpress\/ -->\n<title>Mini totem 30x185 COMPLETO DI STAMPA - Al Miglior Prezzo<\/title>\n<meta name=\"description\" content=\"Mini totem 30x185 completo di stampa bifacciale a colori. Possibilit\u00e0 di aggiunta di accessori opzionali come portadepliant e porta bigliettini da visita.\" \/>\n<meta name=\"robots\" content=\"index, follow, max-snippet:-1, max-image-preview:large, max-video-preview:-1\" \/>\n<link rel=\"canonical\" href=\"https:\/\/www.smartystore.it\/it\/prodotto\/mini-totem-30x185-completo-di-stampa\/\" \/>\n<meta property=\"og:locale\" content=\"it_IT\" \/>\n<meta property=\"og:type\" content=\"article\" \/>\n<meta property=\"og:title\" content=\"Mini totem 30x185 COMPLETO DI STAMPA - Al Miglior Prezzo\" \/>\n<meta property=\"og:description\" content=\"Mini totem 30x185 completo di stampa bifacciale a colori. Possibilit\u00e0 di aggiunta di accessori opzionali come portadepliant e porta bigliettini da visita.\" \/>\n<meta property=\"og:url\" content=\"https:\/\/www.smartystore.it\/it\/prodotto\/mini-totem-30x185-completo-di-stampa\/\" \/>\n<meta property=\"og:site_name\" content=\"Smarty Store\" \/>\n<meta property=\"article:modified_time\" content=\"2026-02-19T12:00:00+00:00\" \/>\n<meta property=\"og:image\" content=\"https:\/\/www.smartystore.it\/v25\/wp-content\/uploads\/2022\/09\/Mini-totem-flat-30x185-completo-di-stampa-bifacciale-a-colori-disponibile-con-struttura-nera-e-silver.jpg\" \/>\n\t<meta property=\"og:image:width\" content=\"1000\" \/>\n\t<meta property=\"og:image:height\" content=\"1000\" \/>\n\t<meta property=\"og:image:type\" content=\"image\/jpeg\" \/>\n<meta name=\"twitter:card\" content=\"summary_large_image\" \/>\n<meta name=\"twitter:label1\" content=\"Tempo di lettura stimato\" \/>\n\t<meta name=\"twitter:data1\" content=\"4 minuti\" \/>\n<script type=\"application\/ld+json\" class=\"yoast-schema-graph\">{\"@context\":\"https:\\\/\\\/schema.org\",\"@graph\":[{\"@type\":\"WebPage\",\"@id\":\"https:\\\/\\\/www.smartystore.it\\\/it\\\/prodotto\\\/mini-totem-30x185-completo-di-stampa\\\/\",\"url\":\"https:\\\/\\\/www.smartystore.it\\\/it\\\/prodotto\\\/mini-totem-30x185-completo-di-stampa\\\/\",\"name\":\"Mini totem 30x185 COMPLETO DI STAMPA - Al Miglior Prezzo\",\"isPartOf\":{\"@id\":\"https:\\\/\\\/www.smartystore.it\\\/it\\\/#website\"},\"primaryImageOfPage\":{\"@id\":\"https:\\\/\\\/www.smartystore.it\\\/it\\\/prodotto\\\/mini-totem-30x185-completo-di-stampa\\\/#primaryimage\"},\"image\":{\"@id\":\"https:\\\/\\\/www.smartystore.it\\\/it\\\/prodotto\\\/mini-totem-30x185-completo-di-stampa\\\/#primaryimage\"},\"thumbnailUrl\":\"https:\\\/\\\/www.smartystore.it\\\/v25\\\/wp-content\\\/uploads\\\/2022\\\/09\\\/Mini-totem-flat-30x185-completo-di-stampa-bifacciale-a-colori-disponibile-con-struttura-nera-e-silver.jpg\",\"datePublished\":\"2022-09-22T13:15:43+00:00\",\"dateModified\":\"2026-02-19T12:00:00+00:00\",\"description\":\"Mini totem 30x185 completo di stampa bifacciale a colori. Possibilit\u00e0 di aggiunta di accessori opzionali come portadepliant e porta bigliettini da visita.\",\"breadcrumb\":{\"@id\":\"https:\\\/\\\/www.smartystore.it\\\/it\\\/prodotto\\\/mini-totem-30x185-completo-di-stampa\\\/#breadcrumb\"},\"inLanguage\":\"it-IT\",\"potentialAction\":[{\"@type\":\"ReadAction\",\"target\":[\"https:\\\/\\\/www.smartystore.it\\\/it\\\/prodotto\\\/mini-totem-30x185-completo-di-stampa\\\/\"]}]},{\"@type\":\"ImageObject\",\"inLanguage\":\"it-IT\",\"@id\":\"https:\\\/\\\/www.smartystore.it\\\/it\\\/prodotto\\\/mini-totem-30x185-completo-di-stampa\\\/#primaryimage\",\"url\":\"https:\\\/\\\/www.smartystore.it\\\/v25\\\/wp-content\\\/uploads\\\/2022\\\/09\\\/Mini-totem-flat-30x185-completo-di-stampa-bifacciale-a-colori-disponibile-con-struttura-nera-e-silver.jpg\",\"contentUrl\":\"https:\\\/\\\/www.smartystore.it\\\/v25\\\/wp-content\\\/uploads\\\/2022\\\/09\\\/Mini-totem-flat-30x185-completo-di-stampa-bifacciale-a-colori-disponibile-con-struttura-nera-e-silver.jpg\",\"width\":1000,\"height\":1000,\"caption\":\"Mini totem flat 30x185 completo di stampa bifacciale a colori disponibile con struttura nera e silver\"},{\"@type\":\"BreadcrumbList\",\"@id\":\"https:\\\/\\\/www.smartystore.it\\\/it\\\/prodotto\\\/mini-totem-30x185-completo-di-stampa\\\/#breadcrumb\",\"itemListElement\":[{\"@type\":\"ListItem\",\"position\":1,\"name\":\"Home\",\"item\":\"https:\\\/\\\/www.smartystore.it\\\/it\\\/\"},{\"@type\":\"ListItem\",\"position\":2,\"name\":\"Shop\",\"item\":\"https:\\\/\\\/www.smartystore.it\\\/it\\\/shop\\\/\"},{\"@type\":\"ListItem\",\"position\":3,\"name\":\"Mini totem 30&#215;185 COMPLETO DI STAMPA\"}]},{\"@type\":\"WebSite\",\"@id\":\"https:\\\/\\\/www.smartystore.it\\\/it\\\/#website\",\"url\":\"https:\\\/\\\/www.smartystore.it\\\/it\\\/\",\"name\":\"Smarty Store\",\"description\":\"\",\"potentialAction\":[{\"@type\":\"SearchAction\",\"target\":{\"@type\":\"EntryPoint\",\"urlTemplate\":\"https:\\\/\\\/www.smartystore.it\\\/it\\\/?s={search_term_string}\"},\"query-input\":{\"@type\":\"PropertyValueSpecification\",\"valueRequired\":true,\"valueName\":\"search_term_string\"}}],\"inLanguage\":\"it-IT\"}]}<\/script>\n<!-- \/ Yoast SEO plugin. -->","yoast_head_json":{"title":"Mini totem 30x185 COMPLETO DI STAMPA - Al Miglior Prezzo","description":"Mini totem 30x185 completo di stampa bifacciale a colori. Possibilit\u00e0 di aggiunta di accessori opzionali come portadepliant e porta bigliettini da visita.","robots":{"index":"index","follow":"follow","max-snippet":"max-snippet:-1","max-image-preview":"max-image-preview:large","max-video-preview":"max-video-preview:-1"},"canonical":"https:\/\/www.smartystore.it\/it\/prodotto\/mini-totem-30x185-completo-di-stampa\/","og_locale":"it_IT","og_type":"article","og_title":"Mini totem 30x185 COMPLETO DI STAMPA - Al Miglior Prezzo","og_description":"Mini totem 30x185 completo di stampa bifacciale a colori. Possibilit\u00e0 di aggiunta di accessori opzionali come portadepliant e porta bigliettini da visita.","og_url":"https:\/\/www.smartystore.it\/it\/prodotto\/mini-totem-30x185-completo-di-stampa\/","og_site_name":"Smarty Store","article_modified_time":"2026-02-19T12:00:00+00:00","og_image":[{"width":1000,"height":1000,"url":"https:\/\/www.smartystore.it\/v25\/wp-content\/uploads\/2022\/09\/Mini-totem-flat-30x185-completo-di-stampa-bifacciale-a-colori-disponibile-con-struttura-nera-e-silver.jpg","type":"image\/jpeg"}],"twitter_card":"summary_large_image","twitter_misc":{"Tempo di lettura stimato":"4 minuti"},"schema":{"@context":"https:\/\/schema.org","@graph":[{"@type":"WebPage","@id":"https:\/\/www.smartystore.it\/it\/prodotto\/mini-totem-30x185-completo-di-stampa\/","url":"https:\/\/www.smartystore.it\/it\/prodotto\/mini-totem-30x185-completo-di-stampa\/","name":"Mini totem 30x185 COMPLETO DI STAMPA - Al Miglior Prezzo","isPartOf":{"@id":"https:\/\/www.smartystore.it\/it\/#website"},"primaryImageOfPage":{"@id":"https:\/\/www.smartystore.it\/it\/prodotto\/mini-totem-30x185-completo-di-stampa\/#primaryimage"},"image":{"@id":"https:\/\/www.smartystore.it\/it\/prodotto\/mini-totem-30x185-completo-di-stampa\/#primaryimage"},"thumbnailUrl":"https:\/\/www.smartystore.it\/v25\/wp-content\/uploads\/2022\/09\/Mini-totem-flat-30x185-completo-di-stampa-bifacciale-a-colori-disponibile-con-struttura-nera-e-silver.jpg","datePublished":"2022-09-22T13:15:43+00:00","dateModified":"2026-02-19T12:00:00+00:00","description":"Mini totem 30x185 completo di stampa bifacciale a colori. Possibilit\u00e0 di aggiunta di accessori opzionali come portadepliant e porta bigliettini da visita.","breadcrumb":{"@id":"https:\/\/www.smartystore.it\/it\/prodotto\/mini-totem-30x185-completo-di-stampa\/#breadcrumb"},"inLanguage":"it-IT","potentialAction":[{"@type":"ReadAction","target":["https:\/\/www.smartystore.it\/it\/prodotto\/mini-totem-30x185-completo-di-stampa\/"]}]},{"@type":"ImageObject","inLanguage":"it-IT","@id":"https:\/\/www.smartystore.it\/it\/prodotto\/mini-totem-30x185-completo-di-stampa\/#primaryimage","url":"https:\/\/www.smartystore.it\/v25\/wp-content\/uploads\/2022\/09\/Mini-totem-flat-30x185-completo-di-stampa-bifacciale-a-colori-disponibile-con-struttura-nera-e-silver.jpg","contentUrl":"https:\/\/www.smartystore.it\/v25\/wp-content\/uploads\/2022\/09\/Mini-totem-flat-30x185-completo-di-stampa-bifacciale-a-colori-disponibile-con-struttura-nera-e-silver.jpg","width":1000,"height":1000,"caption":"Mini totem flat 30x185 completo di stampa bifacciale a colori disponibile con struttura nera e silver"},{"@type":"BreadcrumbList","@id":"https:\/\/www.smartystore.it\/it\/prodotto\/mini-totem-30x185-completo-di-stampa\/#breadcrumb","itemListElement":[{"@type":"ListItem","position":1,"name":"Home","item":"https:\/\/www.smartystore.it\/it\/"},{"@type":"ListItem","position":2,"name":"Shop","item":"https:\/\/www.smartystore.it\/it\/shop\/"},{"@type":"ListItem","position":3,"name":"Mini totem 30&#215;185 COMPLETO DI STAMPA"}]},{"@type":"WebSite","@id":"https:\/\/www.smartystore.it\/it\/#website","url":"https:\/\/www.smartystore.it\/it\/","name":"Smarty Store","description":"","potentialAction":[{"@type":"SearchAction","target":{"@type":"EntryPoint","urlTemplate":"https:\/\/www.smartystore.it\/it\/?s={search_term_string}"},"query-input":{"@type":"PropertyValueSpecification","valueRequired":true,"valueName":"search_term_string"}}],"inLanguage":"it-IT"}]}},"brands":[],"_links":{"self":[{"href":"https:\/\/www.smartystore.it\/it\/wp-json\/wp\/v2\/product\/80921","targetHints":{"allow":["GET"]}}],"collection":[{"href":"https:\/\/www.smartystore.it\/it\/wp-json\/wp\/v2\/product"}],"about":[{"href":"https:\/\/www.smartystore.it\/it\/wp-json\/wp\/v2\/types\/product"}],"replies":[{"embeddable":true,"href":"https:\/\/www.smartystore.it\/it\/wp-json\/wp\/v2\/comments?post=80921"}],"wp:featuredmedia":[{"embeddable":true,"href":"https:\/\/www.smartystore.it\/it\/wp-json\/wp\/v2\/media\/81858"}],"wp:attachment":[{"href":"https:\/\/www.smartystore.it\/it\/wp-json\/wp\/v2\/media?parent=80921"}],"wp:term":[{"taxonomy":"pwb-brand","embeddable":true,"href":"https:\/\/www.smartystore.it\/it\/wp-json\/wp\/v2\/pwb-brand?post=80921"},{"taxonomy":"product_brand","embeddable":true,"href":"https:\/\/www.smartystore.it\/it\/wp-json\/wp\/v2\/product_brand?post=80921"},{"taxonomy":"product_cat","embeddable":true,"href":"https:\/\/www.smartystore.it\/it\/wp-json\/wp\/v2\/product_cat?post=80921"},{"taxonomy":"product_tag","embeddable":true,"href":"https:\/\/www.smartystore.it\/it\/wp-json\/wp\/v2\/product_tag?post=80921"}],"curies":[{"name":"wp","href":"https:\/\/api.w.org\/{rel}","templated":true}]}}