{"id":80632,"date":"2022-10-14T16:30:52","date_gmt":"2022-10-14T14:30:52","guid":{"rendered":"https:\/\/www.smartystore.it\/?post_type=product&#038;p=80632"},"modified":"2026-02-17T16:49:54","modified_gmt":"2026-02-17T14:49:54","slug":"espositore-portatile-zig-zag-con-6-ripiani-a4","status":"publish","type":"product","link":"https:\/\/www.smartystore.it\/it\/prodotto\/espositore-portatile-zig-zag-con-6-ripiani-a4\/","title":{"rendered":"Espositore portatile Zig Zag con 6 ripiani A4"},"content":{"rendered":"<div class=\"wpb-content-wrapper\"><p>[vc_row][vc_column][vc_column_text css=&#8221;&#8221; css_params=&#8221;&#8221;]<\/p>\n<h2>Espositore portatile Zig Zag con 6 ripiani A4<\/h2>\n<p>L&#8217;espositore portatile Zig Zag con 6 ripiani A4 \u00e8 un espositore da terra con struttura pieghevole in alluminio con sei ripiani in acrilico trasparente per esporre cataloghi, volantini o depliant formato A4 verticale.<\/p>\n<p>Si tratta di un espositore da terra per contenere depliant e brochure formato A4 ed \u00e8 perfetto da usare per esporre il proprio materiale promozionale durante fiere ed eventi. Il porta brochure in alluminio ha un design a Zig-Zag per disporre i propri volantini e cataloghi in formato A4 su sei ripiani. L\u2019espositore da terra Zig-Zag \u00e8 ideale per negozi e il pi\u00f9 usato da aziende e agenzie di organizzazione eventi.<\/p>\n<p>L&#8217;espositore pieghevole Zig Zag \u00e8 facilmente trasportabile grazie alla valigia inclusa nell&#8217;acquisto, e pu\u00f2 essere utilizzato sia in versione monofacciale che bifacciale, nel caso quindi si abbia la necessit\u00e0 di usare tutti e sei i ripiano.<\/p>\n<h3>CARATTERISTICHE:<\/h3>\n<p>Espositore pieghevole dal design a zig zag.<\/p>\n<p>Struttura in alluminio richiudibile .<\/p>\n<p>Gancio inferiore di bloccaggio.<\/p>\n<p>6 ripiani in acrilico trasparente per esporre depliant e brochures formato A4 verticale.<\/p>\n<p>Inclusa pratica valigia per il trasporto.<\/p>\n<p>Dimensioni totem (in cm.): L 28&nbsp; &#8211; H 143 &#8211; P 35<\/p>\n<p>Peso totem: 8,40 Kg<\/p>\n<p><a href=\"https:\/\/www.smartystore.it\/v25\/wp-content\/uploads\/2022\/10\/STR-ZIGZAG001.pdf\" target=\"_blank\" rel=\"noopener\"><img loading=\"lazy\" decoding=\"async\" class=\"alignnone size-full wp-image-93672\" src=\"https:\/\/www.smartystore.it\/v25\/wp-content\/uploads\/2023\/11\/LogoDownload_yellow.jpg\" alt=\"\" width=\"50\" height=\"50\"> &nbsp;<\/a><a href=\"https:\/\/www.smartystore.it\/v25\/wp-content\/uploads\/2022\/10\/STR-ZIGZAG001.pdf\" target=\"_blank\" rel=\"noopener noreferrer\"><strong>SCHEDA TECNICA &#8211; DATA SHEET &#8211; FICHE TECHNIQUE<\/strong><\/a>[\/vc_column_text][\/vc_column][\/vc_row]<\/p>\n<\/div>","protected":false},"excerpt":{"rendered":"<p>Espositore pubblicitario richiudibile dal design a zig zag con 6 ripiani trasparenti per brochure e volantini A4 verticale.<\/p>\n","protected":false},"featured_media":81259,"comment_status":"open","ping_status":"closed","template":"","meta":{"_acf_changed":false},"pwb-brand":[],"product_brand":[],"product_cat":[2036,2104],"product_tag":[],"class_list":{"0":"post-80632","1":"product","2":"type-product","3":"status-publish","4":"has-post-thumbnail","6":"product_cat-brochure-displays-en-smartystore-en-smartystore-en-smartystore-en","7":"product_cat-floor-stand-en","8":"pa_c2c_color-28-silver-en","9":"pa_c2c_color-transparent-en","10":"pa_c2c_dimensione-6xa4","11":"pa_c2c_mono_bifacciale-94-doublesided-en","12":"pa_c2c_mono_bifacciale-81-monoside-en","13":"pa_c2c_orientamento-51-vertical-en","14":"pa_c2c_trovraprezzi-si","15":"pa_tipo-di-utilizzo-interior","17":"first","18":"instock","19":"taxable","20":"shipping-taxable","21":"purchasable","22":"product-type-simple"},"acf":[],"yoast_head":"<!-- This site is optimized with the Yoast SEO plugin v27.4 - https:\/\/yoast.com\/product\/yoast-seo-wordpress\/ -->\n<title>Espositore portatile Zig Zag con 6 ripiani A4 - Smarty Store<\/title>\n<meta name=\"description\" content=\"Espositore portatile Zig Zag con 6 ripiani A4 verticale. Struttura richiudibile e trasportabile grazie alla pratica valigia\" \/>\n<meta name=\"robots\" content=\"index, follow, max-snippet:-1, max-image-preview:large, max-video-preview:-1\" \/>\n<link rel=\"canonical\" href=\"https:\/\/www.smartystore.it\/it\/prodotto\/espositore-portatile-zig-zag-con-6-ripiani-a4\/\" \/>\n<meta property=\"og:locale\" content=\"it_IT\" \/>\n<meta property=\"og:type\" content=\"article\" \/>\n<meta property=\"og:title\" content=\"Espositore portatile Zig Zag con 6 ripiani A4 - Smarty Store\" \/>\n<meta property=\"og:description\" content=\"Espositore portatile Zig Zag con 6 ripiani A4 verticale. Struttura richiudibile e trasportabile grazie alla pratica valigia\" \/>\n<meta property=\"og:url\" content=\"https:\/\/www.smartystore.it\/it\/prodotto\/espositore-portatile-zig-zag-con-6-ripiani-a4\/\" \/>\n<meta property=\"og:site_name\" content=\"Smarty Store\" \/>\n<meta property=\"article:modified_time\" content=\"2026-02-17T14:49:54+00:00\" \/>\n<meta property=\"og:image\" content=\"https:\/\/www.smartystore.it\/v25\/wp-content\/uploads\/2022\/08\/Espositore-portatile-zig-zag-con-6-ripiani-porta-brochure-A4.jpg\" \/>\n\t<meta property=\"og:image:width\" content=\"1000\" \/>\n\t<meta property=\"og:image:height\" content=\"1000\" \/>\n\t<meta property=\"og:image:type\" content=\"image\/jpeg\" \/>\n<meta name=\"twitter:card\" content=\"summary_large_image\" \/>\n<meta name=\"twitter:label1\" content=\"Tempo di lettura stimato\" \/>\n\t<meta name=\"twitter:data1\" content=\"2 minuti\" \/>\n<script type=\"application\/ld+json\" class=\"yoast-schema-graph\">{\"@context\":\"https:\\\/\\\/schema.org\",\"@graph\":[{\"@type\":\"WebPage\",\"@id\":\"https:\\\/\\\/www.smartystore.it\\\/it\\\/prodotto\\\/espositore-portatile-zig-zag-con-6-ripiani-a4\\\/\",\"url\":\"https:\\\/\\\/www.smartystore.it\\\/it\\\/prodotto\\\/espositore-portatile-zig-zag-con-6-ripiani-a4\\\/\",\"name\":\"Espositore portatile Zig Zag con 6 ripiani A4 - Smarty Store\",\"isPartOf\":{\"@id\":\"https:\\\/\\\/www.smartystore.it\\\/it\\\/#website\"},\"primaryImageOfPage\":{\"@id\":\"https:\\\/\\\/www.smartystore.it\\\/it\\\/prodotto\\\/espositore-portatile-zig-zag-con-6-ripiani-a4\\\/#primaryimage\"},\"image\":{\"@id\":\"https:\\\/\\\/www.smartystore.it\\\/it\\\/prodotto\\\/espositore-portatile-zig-zag-con-6-ripiani-a4\\\/#primaryimage\"},\"thumbnailUrl\":\"https:\\\/\\\/www.smartystore.it\\\/v25\\\/wp-content\\\/uploads\\\/2022\\\/08\\\/Espositore-portatile-zig-zag-con-6-ripiani-porta-brochure-A4.jpg\",\"datePublished\":\"2022-10-14T14:30:52+00:00\",\"dateModified\":\"2026-02-17T14:49:54+00:00\",\"description\":\"Espositore portatile Zig Zag con 6 ripiani A4 verticale. Struttura richiudibile e trasportabile grazie alla pratica valigia\",\"breadcrumb\":{\"@id\":\"https:\\\/\\\/www.smartystore.it\\\/it\\\/prodotto\\\/espositore-portatile-zig-zag-con-6-ripiani-a4\\\/#breadcrumb\"},\"inLanguage\":\"it-IT\",\"potentialAction\":[{\"@type\":\"ReadAction\",\"target\":[\"https:\\\/\\\/www.smartystore.it\\\/it\\\/prodotto\\\/espositore-portatile-zig-zag-con-6-ripiani-a4\\\/\"]}]},{\"@type\":\"ImageObject\",\"inLanguage\":\"it-IT\",\"@id\":\"https:\\\/\\\/www.smartystore.it\\\/it\\\/prodotto\\\/espositore-portatile-zig-zag-con-6-ripiani-a4\\\/#primaryimage\",\"url\":\"https:\\\/\\\/www.smartystore.it\\\/v25\\\/wp-content\\\/uploads\\\/2022\\\/08\\\/Espositore-portatile-zig-zag-con-6-ripiani-porta-brochure-A4.jpg\",\"contentUrl\":\"https:\\\/\\\/www.smartystore.it\\\/v25\\\/wp-content\\\/uploads\\\/2022\\\/08\\\/Espositore-portatile-zig-zag-con-6-ripiani-porta-brochure-A4.jpg\",\"width\":1000,\"height\":1000,\"caption\":\"Espositore portatile zig zag con 6 ripiani porta brochure A4\"},{\"@type\":\"BreadcrumbList\",\"@id\":\"https:\\\/\\\/www.smartystore.it\\\/it\\\/prodotto\\\/espositore-portatile-zig-zag-con-6-ripiani-a4\\\/#breadcrumb\",\"itemListElement\":[{\"@type\":\"ListItem\",\"position\":1,\"name\":\"Home\",\"item\":\"https:\\\/\\\/www.smartystore.it\\\/it\\\/\"},{\"@type\":\"ListItem\",\"position\":2,\"name\":\"Shop\",\"item\":\"https:\\\/\\\/www.smartystore.it\\\/it\\\/shop\\\/\"},{\"@type\":\"ListItem\",\"position\":3,\"name\":\"Espositore portatile Zig Zag con 6 ripiani A4\"}]},{\"@type\":\"WebSite\",\"@id\":\"https:\\\/\\\/www.smartystore.it\\\/it\\\/#website\",\"url\":\"https:\\\/\\\/www.smartystore.it\\\/it\\\/\",\"name\":\"Smarty Store\",\"description\":\"\",\"potentialAction\":[{\"@type\":\"SearchAction\",\"target\":{\"@type\":\"EntryPoint\",\"urlTemplate\":\"https:\\\/\\\/www.smartystore.it\\\/it\\\/?s={search_term_string}\"},\"query-input\":{\"@type\":\"PropertyValueSpecification\",\"valueRequired\":true,\"valueName\":\"search_term_string\"}}],\"inLanguage\":\"it-IT\"}]}<\/script>\n<!-- \/ Yoast SEO plugin. -->","yoast_head_json":{"title":"Espositore portatile Zig Zag con 6 ripiani A4 - Smarty Store","description":"Espositore portatile Zig Zag con 6 ripiani A4 verticale. Struttura richiudibile e trasportabile grazie alla pratica valigia","robots":{"index":"index","follow":"follow","max-snippet":"max-snippet:-1","max-image-preview":"max-image-preview:large","max-video-preview":"max-video-preview:-1"},"canonical":"https:\/\/www.smartystore.it\/it\/prodotto\/espositore-portatile-zig-zag-con-6-ripiani-a4\/","og_locale":"it_IT","og_type":"article","og_title":"Espositore portatile Zig Zag con 6 ripiani A4 - Smarty Store","og_description":"Espositore portatile Zig Zag con 6 ripiani A4 verticale. Struttura richiudibile e trasportabile grazie alla pratica valigia","og_url":"https:\/\/www.smartystore.it\/it\/prodotto\/espositore-portatile-zig-zag-con-6-ripiani-a4\/","og_site_name":"Smarty Store","article_modified_time":"2026-02-17T14:49:54+00:00","og_image":[{"width":1000,"height":1000,"url":"https:\/\/www.smartystore.it\/v25\/wp-content\/uploads\/2022\/08\/Espositore-portatile-zig-zag-con-6-ripiani-porta-brochure-A4.jpg","type":"image\/jpeg"}],"twitter_card":"summary_large_image","twitter_misc":{"Tempo di lettura stimato":"2 minuti"},"schema":{"@context":"https:\/\/schema.org","@graph":[{"@type":"WebPage","@id":"https:\/\/www.smartystore.it\/it\/prodotto\/espositore-portatile-zig-zag-con-6-ripiani-a4\/","url":"https:\/\/www.smartystore.it\/it\/prodotto\/espositore-portatile-zig-zag-con-6-ripiani-a4\/","name":"Espositore portatile Zig Zag con 6 ripiani A4 - Smarty Store","isPartOf":{"@id":"https:\/\/www.smartystore.it\/it\/#website"},"primaryImageOfPage":{"@id":"https:\/\/www.smartystore.it\/it\/prodotto\/espositore-portatile-zig-zag-con-6-ripiani-a4\/#primaryimage"},"image":{"@id":"https:\/\/www.smartystore.it\/it\/prodotto\/espositore-portatile-zig-zag-con-6-ripiani-a4\/#primaryimage"},"thumbnailUrl":"https:\/\/www.smartystore.it\/v25\/wp-content\/uploads\/2022\/08\/Espositore-portatile-zig-zag-con-6-ripiani-porta-brochure-A4.jpg","datePublished":"2022-10-14T14:30:52+00:00","dateModified":"2026-02-17T14:49:54+00:00","description":"Espositore portatile Zig Zag con 6 ripiani A4 verticale. Struttura richiudibile e trasportabile grazie alla pratica valigia","breadcrumb":{"@id":"https:\/\/www.smartystore.it\/it\/prodotto\/espositore-portatile-zig-zag-con-6-ripiani-a4\/#breadcrumb"},"inLanguage":"it-IT","potentialAction":[{"@type":"ReadAction","target":["https:\/\/www.smartystore.it\/it\/prodotto\/espositore-portatile-zig-zag-con-6-ripiani-a4\/"]}]},{"@type":"ImageObject","inLanguage":"it-IT","@id":"https:\/\/www.smartystore.it\/it\/prodotto\/espositore-portatile-zig-zag-con-6-ripiani-a4\/#primaryimage","url":"https:\/\/www.smartystore.it\/v25\/wp-content\/uploads\/2022\/08\/Espositore-portatile-zig-zag-con-6-ripiani-porta-brochure-A4.jpg","contentUrl":"https:\/\/www.smartystore.it\/v25\/wp-content\/uploads\/2022\/08\/Espositore-portatile-zig-zag-con-6-ripiani-porta-brochure-A4.jpg","width":1000,"height":1000,"caption":"Espositore portatile zig zag con 6 ripiani porta brochure A4"},{"@type":"BreadcrumbList","@id":"https:\/\/www.smartystore.it\/it\/prodotto\/espositore-portatile-zig-zag-con-6-ripiani-a4\/#breadcrumb","itemListElement":[{"@type":"ListItem","position":1,"name":"Home","item":"https:\/\/www.smartystore.it\/it\/"},{"@type":"ListItem","position":2,"name":"Shop","item":"https:\/\/www.smartystore.it\/it\/shop\/"},{"@type":"ListItem","position":3,"name":"Espositore portatile Zig Zag con 6 ripiani A4"}]},{"@type":"WebSite","@id":"https:\/\/www.smartystore.it\/it\/#website","url":"https:\/\/www.smartystore.it\/it\/","name":"Smarty Store","description":"","potentialAction":[{"@type":"SearchAction","target":{"@type":"EntryPoint","urlTemplate":"https:\/\/www.smartystore.it\/it\/?s={search_term_string}"},"query-input":{"@type":"PropertyValueSpecification","valueRequired":true,"valueName":"search_term_string"}}],"inLanguage":"it-IT"}]}},"brands":[],"_links":{"self":[{"href":"https:\/\/www.smartystore.it\/it\/wp-json\/wp\/v2\/product\/80632","targetHints":{"allow":["GET"]}}],"collection":[{"href":"https:\/\/www.smartystore.it\/it\/wp-json\/wp\/v2\/product"}],"about":[{"href":"https:\/\/www.smartystore.it\/it\/wp-json\/wp\/v2\/types\/product"}],"replies":[{"embeddable":true,"href":"https:\/\/www.smartystore.it\/it\/wp-json\/wp\/v2\/comments?post=80632"}],"wp:featuredmedia":[{"embeddable":true,"href":"https:\/\/www.smartystore.it\/it\/wp-json\/wp\/v2\/media\/81259"}],"wp:attachment":[{"href":"https:\/\/www.smartystore.it\/it\/wp-json\/wp\/v2\/media?parent=80632"}],"wp:term":[{"taxonomy":"pwb-brand","embeddable":true,"href":"https:\/\/www.smartystore.it\/it\/wp-json\/wp\/v2\/pwb-brand?post=80632"},{"taxonomy":"product_brand","embeddable":true,"href":"https:\/\/www.smartystore.it\/it\/wp-json\/wp\/v2\/product_brand?post=80632"},{"taxonomy":"product_cat","embeddable":true,"href":"https:\/\/www.smartystore.it\/it\/wp-json\/wp\/v2\/product_cat?post=80632"},{"taxonomy":"product_tag","embeddable":true,"href":"https:\/\/www.smartystore.it\/it\/wp-json\/wp\/v2\/product_tag?post=80632"}],"curies":[{"name":"wp","href":"https:\/\/api.w.org\/{rel}","templated":true}]}}