{"id":80079,"date":"2022-07-13T10:37:11","date_gmt":"2022-07-13T08:37:11","guid":{"rendered":"https:\/\/www.smartystore.it\/?post_type=product&#038;p=80079"},"modified":"2026-04-14T08:01:53","modified_gmt":"2026-04-14T06:01:53","slug":"cavalletto-bifacciale-magnetico","status":"publish","type":"product","link":"https:\/\/www.smartystore.it\/it\/prodotto\/cavalletto-bifacciale-magnetico\/","title":{"rendered":"Cavalletto bifacciale magnetico"},"content":{"rendered":"<div class=\"wpb-content-wrapper\"><p>[vc_row][vc_column][vc_column_text css=&#8221;&#8221; css_params=&#8221;&#8221;]<\/p>\n<h1>Cavalletto bifacciale magnetico<\/h1>\n<p>Il cavalletto bifacciale magnetico si costituisce di una struttura realizzata interamente in metallo verniciato a polveri color nero e di due pannelli con superficie magnetica, scrivibile e cancellabile, disponibili nella colorazione bianca e nera.<\/p>\n<p>Pratico, pieghevole e resistente, il cavalletto pubblicitario \u00e8 un&#8217;ottima soluzione da posizionare nei punti strategici di passaggio per attirare la clientela per attivit\u00e0 come bar, ristoranti, negozi, supermercati, centri commerciali e tutti quei locali che hanno necessit\u00e0 di esporre note informative e messaggi promozionali.<\/p>\n<p>Il cavalletto \u00e8 dotato di una maniglia sulla parte superiore per facilitare il trasporto.<\/p>\n<p>La struttura \u00e8 estremamente resistente e adatta anche all&#8217;uso esterno, ed \u00e8 dotata di piedini di gomma che hanno sia la funzione antiscivolo che di protezione al pavimento.<\/p>\n<h2>Cavalletto bifacciale magnetico: &#8230;e gli Accessori<\/h2>\n<p>La superficie, disponibile nella colorazione bianca o nera, \u00e8 magnetica quindi \u00e8 possibile appendere messaggi con appositi magneti (STR-BMAGN) <a href=\"https:\/\/www.smartystore.it\/prodotto\/magneti-colorati\/\" target=\"_blank\" rel=\"noopener\"><strong>LINK<\/strong><\/a> e scrivibile e cancellabile. Questo significa che \u00e8 possibile cambiare il messaggio\/promozione in qualsiasi momento grazie ai pennarelli (STR-BPENN) <a href=\"https:\/\/www.smartystore.it\/prodotto\/pennarelli-per-lavagne-scrivibili\/\" target=\"_blank\" rel=\"noopener\"><strong>LINK<\/strong><\/a> e al cancellino (STR-BCANC) <a href=\"https:\/\/www.smartystore.it\/prodotto\/cancellino-magnetico-per-lavagne-scrivibili\/\" target=\"_blank\" rel=\"noopener\"><strong>LINK<\/strong><\/a><\/p>\n<p>&nbsp;<\/p>\n<h3>Caratteristiche:<\/h3>\n<ul>\n<li>Cavalletto in metallo verniciato a polveri color nero.<\/li>\n<li>Per uso interno ed esterno<\/li>\n<li>Richiudibile e facilmente trasportabile.<\/li>\n<li>Piedini in gomma<\/li>\n<li>Profilo superiore munito di maniglia per il trasporto<\/li>\n<li>Area visibile: mm. 600&#215;900<\/li>\n<\/ul>\n<p>&nbsp;<\/p>\n<p><strong>Dimensioni:<\/strong><\/p>\n<table style=\"width: 82.4753%; border-collapse: collapse; border-color: #000000; height: 72px;\" border=\"1\">\n<tbody>\n<tr style=\"height: 24px;\">\n<td style=\"width: 13.197%; text-align: center; height: 24px;\"><strong>CODICE<\/strong><\/td>\n<td style=\"width: 19.7863%; text-align: center; height: 24px;\"><strong>AREA VISIBILE<\/strong><\/td>\n<td style=\"width: 20.8726%; text-align: center; height: 24px;\"><strong>COLORE PANNELLO<\/strong><\/td>\n<td style=\"width: 18.9349%; text-align: center;\"><strong>DIMENSIONI CAVALLETTO<\/strong><\/td>\n<\/tr>\n<tr style=\"height: 24px;\">\n<td style=\"width: 13.197%; height: 24px;\"><strong>STR-CMA011<\/strong><\/td>\n<td style=\"width: 19.7863%; text-align: center; height: 24px;\">600&#215;900 mm.<\/td>\n<td style=\"width: 20.8726%; text-align: center; height: 24px;\">Bianco<\/td>\n<td style=\"width: 18.9349%; text-align: center;\">605x970x620 mm.<\/td>\n<\/tr>\n<tr style=\"height: 24px;\">\n<td style=\"width: 13.197%; height: 24px;\"><strong>STR-CMA012<\/strong><\/td>\n<td style=\"width: 19.7863%; text-align: center; height: 24px;\">600&#215;900 mm.<\/td>\n<td style=\"width: 20.8726%; text-align: center; height: 24px;\">Nero<\/td>\n<td style=\"width: 18.9349%; text-align: center;\">605x970x620 mm.<\/td>\n<\/tr>\n<\/tbody>\n<\/table>\n<p>&nbsp;<\/p>\n<h4 style=\"text-align: center;\">Guarda tutte le lavagne disponibili a questo <strong><a href=\"https:\/\/www.smartystore.it\/categoria-prodotto\/lavagne\/?count=25&amp;paged=\">LINK<\/a><\/strong><\/h4>\n<p>&nbsp;<\/p>\n<p><a href=\"https:\/\/www.smartystore.it\/v25\/wp-content\/uploads\/2022\/07\/STR-CMA011-012.pdf\" target=\"_blank\" rel=\"noopener\"><img loading=\"lazy\" decoding=\"async\" class=\"alignnone size-full wp-image-93510\" src=\"https:\/\/www.smartystore.it\/v25\/wp-content\/uploads\/2014\/10\/SchedaTecnica-300-e1750084266903.png\" alt=\"\" width=\"249\" height=\"63\" \/><\/a><\/p>\n<p>[\/vc_column_text][\/vc_column][\/vc_row]<\/p>\n<\/div>","protected":false},"excerpt":{"rendered":"<p>Cavalletto pubblicitario bifacciale in metallo con fondo magnetico e scrivibile. Disponibili nella colorazione bianca e nera.<\/p>\n","protected":false},"featured_media":80084,"comment_status":"open","ping_status":"closed","template":"","meta":{"_acf_changed":false},"pwb-brand":[],"product_brand":[],"product_cat":[2011,2029],"product_tag":[5752,5753,5746,5745,5748,5749,5750,5751,5747],"class_list":{"0":"post-80079","1":"product","2":"type-product","3":"status-publish","4":"has-post-thumbnail","6":"product_cat-cavalletti-pubblicitari","7":"product_cat-lavagne","8":"product_tag-cavalletti-magnetici-ai-migliori-prezzi","9":"product_tag-cavalletti-magnetici-ai-prezzi-piu-bassi","10":"product_tag-cavalletto-bifacciale-magnetico","11":"product_tag-cavalletto-magnetico","12":"product_tag-cavalletto-magnetico-60x90","13":"product_tag-cavalletto-magnetico-al-miglior-prezzo","14":"product_tag-cavalletto-magnetico-bifacciale-bianco","15":"product_tag-cavalletto-magnetico-bifacciale-nero","16":"product_tag-cavalletto-magnetico-pieghevole","17":"pa_c2c_color-35-bianco","18":"pa_c2c_color-d4-nero","19":"pa_c2c_dimensione-cm-60x90","20":"pa_c2c_trovraprezzi-ae-si","22":"first","23":"instock","24":"taxable","25":"shipping-taxable","26":"purchasable","27":"product-type-variable"},"acf":[],"yoast_head":"<!-- This site is optimized with the Yoast SEO plugin v27.4 - https:\/\/yoast.com\/product\/yoast-seo-wordpress\/ -->\n<title>Cavalletto bifacciale magnetico - Smarty Store<\/title>\n<meta name=\"description\" content=\"Cavalletto pubblicitario bifacciale magnetico in metallo nero. Pannelli scrivibili e disponibili nella colorazione bianca e nera.\" \/>\n<meta name=\"robots\" content=\"index, follow, max-snippet:-1, max-image-preview:large, max-video-preview:-1\" \/>\n<link rel=\"canonical\" href=\"https:\/\/www.smartystore.it\/it\/prodotto\/cavalletto-bifacciale-magnetico\/\" \/>\n<meta property=\"og:locale\" content=\"it_IT\" \/>\n<meta property=\"og:type\" content=\"article\" \/>\n<meta property=\"og:title\" content=\"Cavalletto bifacciale magnetico - Smarty Store\" \/>\n<meta property=\"og:description\" content=\"Cavalletto pubblicitario bifacciale magnetico in metallo nero. Pannelli scrivibili e disponibili nella colorazione bianca e nera.\" \/>\n<meta property=\"og:url\" content=\"https:\/\/www.smartystore.it\/it\/prodotto\/cavalletto-bifacciale-magnetico\/\" \/>\n<meta property=\"og:site_name\" content=\"Smarty Store\" \/>\n<meta property=\"article:modified_time\" content=\"2026-04-14T06:01:53+00:00\" \/>\n<meta property=\"og:image\" content=\"https:\/\/www.smartystore.it\/v25\/wp-content\/uploads\/2022\/07\/Cavalletto-bifacciale-magnetico-in-metallo-con-maniglia-per-trasporto.jpg\" \/>\n\t<meta property=\"og:image:width\" content=\"1000\" \/>\n\t<meta property=\"og:image:height\" content=\"1000\" \/>\n\t<meta property=\"og:image:type\" content=\"image\/jpeg\" \/>\n<meta name=\"twitter:card\" content=\"summary_large_image\" \/>\n<meta name=\"twitter:label1\" content=\"Tempo di lettura stimato\" \/>\n\t<meta name=\"twitter:data1\" content=\"2 minuti\" \/>\n<script type=\"application\/ld+json\" class=\"yoast-schema-graph\">{\"@context\":\"https:\\\/\\\/schema.org\",\"@graph\":[{\"@type\":\"WebPage\",\"@id\":\"https:\\\/\\\/www.smartystore.it\\\/it\\\/prodotto\\\/cavalletto-bifacciale-magnetico\\\/\",\"url\":\"https:\\\/\\\/www.smartystore.it\\\/it\\\/prodotto\\\/cavalletto-bifacciale-magnetico\\\/\",\"name\":\"Cavalletto bifacciale magnetico - Smarty Store\",\"isPartOf\":{\"@id\":\"https:\\\/\\\/www.smartystore.it\\\/it\\\/#website\"},\"primaryImageOfPage\":{\"@id\":\"https:\\\/\\\/www.smartystore.it\\\/it\\\/prodotto\\\/cavalletto-bifacciale-magnetico\\\/#primaryimage\"},\"image\":{\"@id\":\"https:\\\/\\\/www.smartystore.it\\\/it\\\/prodotto\\\/cavalletto-bifacciale-magnetico\\\/#primaryimage\"},\"thumbnailUrl\":\"https:\\\/\\\/www.smartystore.it\\\/v25\\\/wp-content\\\/uploads\\\/2022\\\/07\\\/Cavalletto-bifacciale-magnetico-in-metallo-con-maniglia-per-trasporto.jpg\",\"datePublished\":\"2022-07-13T08:37:11+00:00\",\"dateModified\":\"2026-04-14T06:01:53+00:00\",\"description\":\"Cavalletto pubblicitario bifacciale magnetico in metallo nero. Pannelli scrivibili e disponibili nella colorazione bianca e nera.\",\"breadcrumb\":{\"@id\":\"https:\\\/\\\/www.smartystore.it\\\/it\\\/prodotto\\\/cavalletto-bifacciale-magnetico\\\/#breadcrumb\"},\"inLanguage\":\"it-IT\",\"potentialAction\":[{\"@type\":\"ReadAction\",\"target\":[\"https:\\\/\\\/www.smartystore.it\\\/it\\\/prodotto\\\/cavalletto-bifacciale-magnetico\\\/\"]}]},{\"@type\":\"ImageObject\",\"inLanguage\":\"it-IT\",\"@id\":\"https:\\\/\\\/www.smartystore.it\\\/it\\\/prodotto\\\/cavalletto-bifacciale-magnetico\\\/#primaryimage\",\"url\":\"https:\\\/\\\/www.smartystore.it\\\/v25\\\/wp-content\\\/uploads\\\/2022\\\/07\\\/Cavalletto-bifacciale-magnetico-in-metallo-con-maniglia-per-trasporto.jpg\",\"contentUrl\":\"https:\\\/\\\/www.smartystore.it\\\/v25\\\/wp-content\\\/uploads\\\/2022\\\/07\\\/Cavalletto-bifacciale-magnetico-in-metallo-con-maniglia-per-trasporto.jpg\",\"width\":1000,\"height\":1000,\"caption\":\"Cavalletto bifacciale magnetico in metallo con maniglia per trasporto\"},{\"@type\":\"BreadcrumbList\",\"@id\":\"https:\\\/\\\/www.smartystore.it\\\/it\\\/prodotto\\\/cavalletto-bifacciale-magnetico\\\/#breadcrumb\",\"itemListElement\":[{\"@type\":\"ListItem\",\"position\":1,\"name\":\"Home\",\"item\":\"https:\\\/\\\/www.smartystore.it\\\/it\\\/\"},{\"@type\":\"ListItem\",\"position\":2,\"name\":\"Shop\",\"item\":\"https:\\\/\\\/www.smartystore.it\\\/it\\\/shop\\\/\"},{\"@type\":\"ListItem\",\"position\":3,\"name\":\"Cavalletto bifacciale magnetico\"}]},{\"@type\":\"WebSite\",\"@id\":\"https:\\\/\\\/www.smartystore.it\\\/it\\\/#website\",\"url\":\"https:\\\/\\\/www.smartystore.it\\\/it\\\/\",\"name\":\"Smarty Store\",\"description\":\"\",\"potentialAction\":[{\"@type\":\"SearchAction\",\"target\":{\"@type\":\"EntryPoint\",\"urlTemplate\":\"https:\\\/\\\/www.smartystore.it\\\/it\\\/?s={search_term_string}\"},\"query-input\":{\"@type\":\"PropertyValueSpecification\",\"valueRequired\":true,\"valueName\":\"search_term_string\"}}],\"inLanguage\":\"it-IT\"}]}<\/script>\n<!-- \/ Yoast SEO plugin. -->","yoast_head_json":{"title":"Cavalletto bifacciale magnetico - Smarty Store","description":"Cavalletto pubblicitario bifacciale magnetico in metallo nero. Pannelli scrivibili e disponibili nella colorazione bianca e nera.","robots":{"index":"index","follow":"follow","max-snippet":"max-snippet:-1","max-image-preview":"max-image-preview:large","max-video-preview":"max-video-preview:-1"},"canonical":"https:\/\/www.smartystore.it\/it\/prodotto\/cavalletto-bifacciale-magnetico\/","og_locale":"it_IT","og_type":"article","og_title":"Cavalletto bifacciale magnetico - Smarty Store","og_description":"Cavalletto pubblicitario bifacciale magnetico in metallo nero. Pannelli scrivibili e disponibili nella colorazione bianca e nera.","og_url":"https:\/\/www.smartystore.it\/it\/prodotto\/cavalletto-bifacciale-magnetico\/","og_site_name":"Smarty Store","article_modified_time":"2026-04-14T06:01:53+00:00","og_image":[{"width":1000,"height":1000,"url":"https:\/\/www.smartystore.it\/v25\/wp-content\/uploads\/2022\/07\/Cavalletto-bifacciale-magnetico-in-metallo-con-maniglia-per-trasporto.jpg","type":"image\/jpeg"}],"twitter_card":"summary_large_image","twitter_misc":{"Tempo di lettura stimato":"2 minuti"},"schema":{"@context":"https:\/\/schema.org","@graph":[{"@type":"WebPage","@id":"https:\/\/www.smartystore.it\/it\/prodotto\/cavalletto-bifacciale-magnetico\/","url":"https:\/\/www.smartystore.it\/it\/prodotto\/cavalletto-bifacciale-magnetico\/","name":"Cavalletto bifacciale magnetico - Smarty Store","isPartOf":{"@id":"https:\/\/www.smartystore.it\/it\/#website"},"primaryImageOfPage":{"@id":"https:\/\/www.smartystore.it\/it\/prodotto\/cavalletto-bifacciale-magnetico\/#primaryimage"},"image":{"@id":"https:\/\/www.smartystore.it\/it\/prodotto\/cavalletto-bifacciale-magnetico\/#primaryimage"},"thumbnailUrl":"https:\/\/www.smartystore.it\/v25\/wp-content\/uploads\/2022\/07\/Cavalletto-bifacciale-magnetico-in-metallo-con-maniglia-per-trasporto.jpg","datePublished":"2022-07-13T08:37:11+00:00","dateModified":"2026-04-14T06:01:53+00:00","description":"Cavalletto pubblicitario bifacciale magnetico in metallo nero. Pannelli scrivibili e disponibili nella colorazione bianca e nera.","breadcrumb":{"@id":"https:\/\/www.smartystore.it\/it\/prodotto\/cavalletto-bifacciale-magnetico\/#breadcrumb"},"inLanguage":"it-IT","potentialAction":[{"@type":"ReadAction","target":["https:\/\/www.smartystore.it\/it\/prodotto\/cavalletto-bifacciale-magnetico\/"]}]},{"@type":"ImageObject","inLanguage":"it-IT","@id":"https:\/\/www.smartystore.it\/it\/prodotto\/cavalletto-bifacciale-magnetico\/#primaryimage","url":"https:\/\/www.smartystore.it\/v25\/wp-content\/uploads\/2022\/07\/Cavalletto-bifacciale-magnetico-in-metallo-con-maniglia-per-trasporto.jpg","contentUrl":"https:\/\/www.smartystore.it\/v25\/wp-content\/uploads\/2022\/07\/Cavalletto-bifacciale-magnetico-in-metallo-con-maniglia-per-trasporto.jpg","width":1000,"height":1000,"caption":"Cavalletto bifacciale magnetico in metallo con maniglia per trasporto"},{"@type":"BreadcrumbList","@id":"https:\/\/www.smartystore.it\/it\/prodotto\/cavalletto-bifacciale-magnetico\/#breadcrumb","itemListElement":[{"@type":"ListItem","position":1,"name":"Home","item":"https:\/\/www.smartystore.it\/it\/"},{"@type":"ListItem","position":2,"name":"Shop","item":"https:\/\/www.smartystore.it\/it\/shop\/"},{"@type":"ListItem","position":3,"name":"Cavalletto bifacciale magnetico"}]},{"@type":"WebSite","@id":"https:\/\/www.smartystore.it\/it\/#website","url":"https:\/\/www.smartystore.it\/it\/","name":"Smarty Store","description":"","potentialAction":[{"@type":"SearchAction","target":{"@type":"EntryPoint","urlTemplate":"https:\/\/www.smartystore.it\/it\/?s={search_term_string}"},"query-input":{"@type":"PropertyValueSpecification","valueRequired":true,"valueName":"search_term_string"}}],"inLanguage":"it-IT"}]}},"brands":[],"_links":{"self":[{"href":"https:\/\/www.smartystore.it\/it\/wp-json\/wp\/v2\/product\/80079","targetHints":{"allow":["GET"]}}],"collection":[{"href":"https:\/\/www.smartystore.it\/it\/wp-json\/wp\/v2\/product"}],"about":[{"href":"https:\/\/www.smartystore.it\/it\/wp-json\/wp\/v2\/types\/product"}],"replies":[{"embeddable":true,"href":"https:\/\/www.smartystore.it\/it\/wp-json\/wp\/v2\/comments?post=80079"}],"wp:featuredmedia":[{"embeddable":true,"href":"https:\/\/www.smartystore.it\/it\/wp-json\/wp\/v2\/media\/80084"}],"wp:attachment":[{"href":"https:\/\/www.smartystore.it\/it\/wp-json\/wp\/v2\/media?parent=80079"}],"wp:term":[{"taxonomy":"pwb-brand","embeddable":true,"href":"https:\/\/www.smartystore.it\/it\/wp-json\/wp\/v2\/pwb-brand?post=80079"},{"taxonomy":"product_brand","embeddable":true,"href":"https:\/\/www.smartystore.it\/it\/wp-json\/wp\/v2\/product_brand?post=80079"},{"taxonomy":"product_cat","embeddable":true,"href":"https:\/\/www.smartystore.it\/it\/wp-json\/wp\/v2\/product_cat?post=80079"},{"taxonomy":"product_tag","embeddable":true,"href":"https:\/\/www.smartystore.it\/it\/wp-json\/wp\/v2\/product_tag?post=80079"}],"curies":[{"name":"wp","href":"https:\/\/api.w.org\/{rel}","templated":true}]}}