{"id":79990,"date":"2022-07-12T13:58:25","date_gmt":"2022-07-12T11:58:25","guid":{"rendered":"https:\/\/www.smartystore.it\/?post_type=product&#038;p=79990"},"modified":"2025-08-28T11:42:39","modified_gmt":"2025-08-28T09:42:39","slug":"cavalletto-bifacciale-in-metallo-per-pannelli-rigidi","status":"publish","type":"product","link":"https:\/\/www.smartystore.it\/it\/prodotto\/cavalletto-bifacciale-in-metallo-per-pannelli-rigidi\/","title":{"rendered":"Cavalletto bifacciale in metallo per pannelli rigidi"},"content":{"rendered":"<div class=\"wpb-content-wrapper\"><p>[vc_row][vc_column][vc_column_text css=&#8221;&#8221; css_params=&#8221;&#8221;]<\/p>\n<h2>Cavalletto bifacciale in metallo per pannelli rigidi<\/h2>\n<p>Il cavalletto bifacciale in metallo per pannelli rigidi \u00e8 una struttura realizzata interamente in metallo verniciato a polveri color nero per l&#8217;inserimento di pannelli promozionali in forex dallo spessore di 5 mm.<\/p>\n<p>Pratico, pieghevole e resistente, il cavalletto pubblicitario \u00e8 un&#8217;ottima soluzione da posizionare nei punti strategici di passaggio per attirare la clientela per attivit\u00e0 come bar, ristoranti, negozi, supermercati, centri commerciali e tutti quei locali che hanno necessit\u00e0 di esporre note informative e messaggi promozionali.<\/p>\n<p>I cavalletti si dividono in <strong>due modelli:\u00a0<\/strong>il modello <strong>Classic<\/strong> \u00e8 dotato di una pratica maniglia per facilitare il trasporto (STR-CMA003), mentre il modello <strong>Plus<\/strong> si caratterizza della presenza di un profilo un profilo superiore che rifinisce il prodotto.<\/p>\n<p>Per entrambi i modelli la sostituzione dei pannelli \u00e8 semplice e veloce: per il modello Plus \u00e8 sufficiente sollevare la parte superiore far scivolare le grafiche all&#8217;interno della struttura e richiudere nuovamente la parte superiore. Le informazioni sembreranno perfettamente incorniciate. Per il modello Classic la procedura \u00e8 ancora pi\u00f9 facile, bisogna semplicemente far scorrere i pannelli nei profili laterali.<\/p>\n<p>La struttura \u00e8 estremamente resistente e adatta anche all&#8217;uso esterno, ed \u00e8 dotata di piedini di gomma che hanno sia la funzione antiscivolo che di protezione al pavimento. (solo nella versione Plus)<\/p>\n<p>Il cavalletto \u00e8 disponibile in due formati nella versione Plus: per poter esporre pannelli in forex da cm. 60&#215;90 e pannelli in forex da cm. 90&#215;120<\/p>\n<p>Mentre nella versione Classic \u00e8 disponibile per esporre pannelli del formato 60&#215;90 cm.<\/p>\n<p>In fase di ordine \u00e8 possibile acquistare:<\/p>\n<ul>\n<li>la sola struttura;<\/li>\n<li>la struttura completa di 2 pannelli;<\/li>\n<li>2 pannelli di ricambio per la sostituzione del messaggio da esporre sul cavalletto.<\/li>\n<\/ul>\n<h3>Caratteristiche:<\/h3>\n<p>Cavalletto in metallo verniciato a polveri color nero.<\/p>\n<p>Per uso interno ed esterno<\/p>\n<p>Richiudibile e facilmente trasportabile.<\/p>\n<p>Piedini in gomma (solo nella versione Plus)<\/p>\n<p>Profilo superiore apribile e chiudibile per la sostituzione dei pannelli (solo nella versione Plus)<\/p>\n<p>Materiale pannelli: forex da 5 mm di spessore<\/p>\n<p>Dimensioni pannello: mm. 600&#215;900 e mm. 900&#215;1200<\/p>\n<p><strong>Dimensioni:<\/strong><\/p>\n<table style=\"width: 82.4753%; border-collapse: collapse; border-color: #000000; height: 72px;\" border=\"1\">\n<tbody>\n<tr style=\"height: 24px;\">\n<td style=\"width: 13.197%; text-align: center; height: 24px;\"><strong>CODICE<\/strong><\/td>\n<td style=\"width: 19.7863%; text-align: center; height: 24px;\"><strong>DIMENSIONI PANNELLO<\/strong><\/td>\n<td style=\"width: 20.8726%; text-align: center; height: 24px;\"><strong>SPESSORE PANNELLO<\/strong><\/td>\n<td style=\"width: 12.4787%; text-align: center; height: 24px;\"><strong>AREA VISIBILE<\/strong><\/td>\n<td style=\"width: 18.9349%; text-align: center;\"><strong>DIMENSIONI CAVALLETTO<\/strong><\/td>\n<\/tr>\n<tr style=\"height: 24px;\">\n<td style=\"width: 13.197%; height: 24px;\"><strong>STR-CMA001<\/strong><\/td>\n<td style=\"width: 19.7863%; text-align: center; height: 24px;\">600&#215;900 mm.<\/td>\n<td style=\"width: 20.8726%; text-align: center; height: 24px;\">5 mm.<\/td>\n<td style=\"width: 12.4787%; text-align: center; height: 24px;\">560&#215;860 mm.<\/td>\n<td style=\"width: 18.9349%; text-align: center;\">605x975x620 mm.<\/td>\n<\/tr>\n<tr style=\"height: 24px;\">\n<td style=\"width: 13.197%; height: 24px;\"><strong>STR-CMA002<\/strong><\/td>\n<td style=\"width: 19.7863%; text-align: center; height: 24px;\">900&#215;120 mm.<\/td>\n<td style=\"width: 20.8726%; text-align: center; height: 24px;\">5 mm.<\/td>\n<td style=\"width: 12.4787%; text-align: center; height: 24px;\">860&#215;1160 mm.<\/td>\n<td style=\"width: 18.9349%; text-align: center;\">905x1260x760 mm.<\/td>\n<\/tr>\n<tr>\n<td style=\"width: 13.197%;\"><strong>STR-CMA003<\/strong><\/td>\n<td style=\"width: 19.7863%; text-align: center;\">600&#215;900 mm.<\/td>\n<td style=\"width: 20.8726%; text-align: center;\">5 mm.<\/td>\n<td style=\"width: 12.4787%; text-align: center;\">560&#215;860 mm.<\/td>\n<td style=\"width: 18.9349%; text-align: center;\">605x975x620 mm.<\/td>\n<\/tr>\n<\/tbody>\n<\/table>\n<p><span style=\"color: #993300;\"><strong>PER IL FILE DI GRAFICA: creare il file delle dimensioni cm 60&#215;90 o 90&#215;120 (scala 1:1) a seconda del modello di cavalletto scelto con i testi convertiti in tracciati, dopo il salvataggio del file in formato PDF (risoluzione minima di 200 dpi) inviare il documento all&#8217;indirizzo di posta elettronica<\/strong><\/span><strong>\u00a0<a href=\"mailto:grafica@smartystore.it\">grafica@smartystore.it<\/a>\u00a0<\/strong><span style=\"color: #993300;\"><strong>facendo riferimento al numero di ordine.<\/strong><\/span><\/p>\n<p><a href=\"https:\/\/www.smartystore.it\/v25\/wp-content\/uploads\/2022\/07\/STR-CMA001-002-003.pdf\" target=\"_blank\" rel=\"noopener\"><img loading=\"lazy\" decoding=\"async\" class=\"alignnone size-full wp-image-93510\" src=\"https:\/\/www.smartystore.it\/v25\/wp-content\/uploads\/2014\/10\/SchedaTecnica-300-e1750084266903.png\" alt=\"\" width=\"249\" height=\"63\" \/><\/a><\/p>\n<p><strong>SERVIZI DI GRAFICA E STAMPA<\/strong><\/p>\n<p>Smarty Store pu\u00f2 fornire il servizio di impaginazione e\/o della stampa.<\/p>\n<p>Se viene richiesto il servizio di sola stampa, il cliente dovr\u00e0 inviare il file di stampa in formato PDF. La grafica verr\u00e0 stampata cos\u00ec come ricevuta nel file.<\/p>\n<p>Se viene richiesto il servizio di impaginazione, la nostra struttura si metter\u00e0 in contatto telefonico con il cliente per le necessarie informazioni. Dall&#8217;impostazione grafica restano escluse le immagini che dovranno essere fornite dal cliente o quotate separatamente.<br \/>\nIl cliente ricever\u00e0 la proposta grafica in formato PDF per approvazione.<\/p>\n<p><strong>ATTENZIONE:<\/strong><br \/>\nI colori visualizzati possono differire da monitor a monitor. Per i colori di stampa \u00e8 necessario fare sempre riferimento alla scala Pantone.<br \/>\nSmarty Store non si assume alcuna responsabilit\u00e0 nel caso di colori controllati dal cliente solo sul proprio monitor.[\/vc_column_text][\/vc_column][\/vc_row]<\/p>\n<\/div>","protected":false},"excerpt":{"rendered":"<p>Cavalletto pubblicitario bifacciale in metallo nero per l&#8217;esposizione di pannelli rigidi. Disponibili in due formati.<\/p>\n","protected":false},"featured_media":79998,"comment_status":"open","ping_status":"closed","template":"","meta":{"_acf_changed":false},"pwb-brand":[],"product_brand":[],"product_cat":[2011],"product_tag":[],"class_list":{"0":"post-79990","1":"product","2":"type-product","3":"status-publish","4":"has-post-thumbnail","6":"product_cat-cavalletti-pubblicitari","7":"pa_c2c_color-d4-nero","8":"pa_c2c_configurazione-pannelli","9":"pa_c2c_configurazione-5e-solostruttura","10":"pa_c2c_configurazione-57-strutturapannelli","11":"pa_c2c_configurazione-struttura-con-maniglia","12":"pa_c2c_configurazione-struttura-con-maniglia-pannelli","13":"pa_c2c_dimensione-cm-60x90","14":"pa_c2c_dimensione-cm-90x120","15":"pa_c2c_grafica-f2-no","16":"pa_c2c_grafica-e4-si","17":"pa_c2c_trovraprezzi-ae-si","19":"first","20":"instock","21":"taxable","22":"shipping-taxable","23":"purchasable","24":"product-type-variable"},"acf":[],"yoast_head":"<!-- This site is optimized with the Yoast SEO plugin v27.4 - https:\/\/yoast.com\/product\/yoast-seo-wordpress\/ -->\n<title>Cavalletto bifacciale in metallo per pannelli rigidi - Smarty Store<\/title>\n<meta name=\"description\" content=\"Cavalletto pubblicitario bifacciale in metallo nero per l&#039;esposizione di pannelli rigidi. Disponibili in due formati.\" \/>\n<meta name=\"robots\" content=\"index, follow, max-snippet:-1, max-image-preview:large, max-video-preview:-1\" \/>\n<link rel=\"canonical\" href=\"https:\/\/www.smartystore.it\/it\/prodotto\/cavalletto-bifacciale-in-metallo-per-pannelli-rigidi\/\" \/>\n<meta property=\"og:locale\" content=\"it_IT\" \/>\n<meta property=\"og:type\" content=\"article\" \/>\n<meta property=\"og:title\" content=\"Cavalletto bifacciale in metallo per pannelli rigidi - Smarty Store\" \/>\n<meta property=\"og:description\" content=\"Cavalletto pubblicitario bifacciale in metallo nero per l&#039;esposizione di pannelli rigidi. Disponibili in due formati.\" \/>\n<meta property=\"og:url\" content=\"https:\/\/www.smartystore.it\/it\/prodotto\/cavalletto-bifacciale-in-metallo-per-pannelli-rigidi\/\" \/>\n<meta property=\"og:site_name\" content=\"Smarty Store\" \/>\n<meta property=\"article:modified_time\" content=\"2025-08-28T09:42:39+00:00\" \/>\n<meta property=\"og:image\" content=\"https:\/\/www.smartystore.it\/v25\/wp-content\/uploads\/2022\/07\/Cavalletto-bifacciale-in-metallo-per-pannelli-rigidi.jpg\" \/>\n\t<meta property=\"og:image:width\" content=\"1000\" \/>\n\t<meta property=\"og:image:height\" content=\"1000\" \/>\n\t<meta property=\"og:image:type\" content=\"image\/jpeg\" \/>\n<meta name=\"twitter:card\" content=\"summary_large_image\" \/>\n<meta name=\"twitter:label1\" content=\"Tempo di lettura stimato\" \/>\n\t<meta name=\"twitter:data1\" content=\"4 minuti\" \/>\n<script type=\"application\/ld+json\" class=\"yoast-schema-graph\">{\"@context\":\"https:\\\/\\\/schema.org\",\"@graph\":[{\"@type\":\"WebPage\",\"@id\":\"https:\\\/\\\/www.smartystore.it\\\/it\\\/prodotto\\\/cavalletto-bifacciale-in-metallo-per-pannelli-rigidi\\\/\",\"url\":\"https:\\\/\\\/www.smartystore.it\\\/it\\\/prodotto\\\/cavalletto-bifacciale-in-metallo-per-pannelli-rigidi\\\/\",\"name\":\"Cavalletto bifacciale in metallo per pannelli rigidi - Smarty Store\",\"isPartOf\":{\"@id\":\"https:\\\/\\\/www.smartystore.it\\\/it\\\/#website\"},\"primaryImageOfPage\":{\"@id\":\"https:\\\/\\\/www.smartystore.it\\\/it\\\/prodotto\\\/cavalletto-bifacciale-in-metallo-per-pannelli-rigidi\\\/#primaryimage\"},\"image\":{\"@id\":\"https:\\\/\\\/www.smartystore.it\\\/it\\\/prodotto\\\/cavalletto-bifacciale-in-metallo-per-pannelli-rigidi\\\/#primaryimage\"},\"thumbnailUrl\":\"https:\\\/\\\/www.smartystore.it\\\/v25\\\/wp-content\\\/uploads\\\/2022\\\/07\\\/Cavalletto-bifacciale-in-metallo-per-pannelli-rigidi.jpg\",\"datePublished\":\"2022-07-12T11:58:25+00:00\",\"dateModified\":\"2025-08-28T09:42:39+00:00\",\"description\":\"Cavalletto pubblicitario bifacciale in metallo nero per l'esposizione di pannelli rigidi. Disponibili in due formati.\",\"breadcrumb\":{\"@id\":\"https:\\\/\\\/www.smartystore.it\\\/it\\\/prodotto\\\/cavalletto-bifacciale-in-metallo-per-pannelli-rigidi\\\/#breadcrumb\"},\"inLanguage\":\"it-IT\",\"potentialAction\":[{\"@type\":\"ReadAction\",\"target\":[\"https:\\\/\\\/www.smartystore.it\\\/it\\\/prodotto\\\/cavalletto-bifacciale-in-metallo-per-pannelli-rigidi\\\/\"]}]},{\"@type\":\"ImageObject\",\"inLanguage\":\"it-IT\",\"@id\":\"https:\\\/\\\/www.smartystore.it\\\/it\\\/prodotto\\\/cavalletto-bifacciale-in-metallo-per-pannelli-rigidi\\\/#primaryimage\",\"url\":\"https:\\\/\\\/www.smartystore.it\\\/v25\\\/wp-content\\\/uploads\\\/2022\\\/07\\\/Cavalletto-bifacciale-in-metallo-per-pannelli-rigidi.jpg\",\"contentUrl\":\"https:\\\/\\\/www.smartystore.it\\\/v25\\\/wp-content\\\/uploads\\\/2022\\\/07\\\/Cavalletto-bifacciale-in-metallo-per-pannelli-rigidi.jpg\",\"width\":1000,\"height\":1000,\"caption\":\"Cavalletto bifacciale in metallo per pannelli rigidi\"},{\"@type\":\"BreadcrumbList\",\"@id\":\"https:\\\/\\\/www.smartystore.it\\\/it\\\/prodotto\\\/cavalletto-bifacciale-in-metallo-per-pannelli-rigidi\\\/#breadcrumb\",\"itemListElement\":[{\"@type\":\"ListItem\",\"position\":1,\"name\":\"Home\",\"item\":\"https:\\\/\\\/www.smartystore.it\\\/it\\\/\"},{\"@type\":\"ListItem\",\"position\":2,\"name\":\"Shop\",\"item\":\"https:\\\/\\\/www.smartystore.it\\\/it\\\/shop\\\/\"},{\"@type\":\"ListItem\",\"position\":3,\"name\":\"Cavalletto bifacciale in metallo per pannelli rigidi\"}]},{\"@type\":\"WebSite\",\"@id\":\"https:\\\/\\\/www.smartystore.it\\\/it\\\/#website\",\"url\":\"https:\\\/\\\/www.smartystore.it\\\/it\\\/\",\"name\":\"Smarty Store\",\"description\":\"\",\"potentialAction\":[{\"@type\":\"SearchAction\",\"target\":{\"@type\":\"EntryPoint\",\"urlTemplate\":\"https:\\\/\\\/www.smartystore.it\\\/it\\\/?s={search_term_string}\"},\"query-input\":{\"@type\":\"PropertyValueSpecification\",\"valueRequired\":true,\"valueName\":\"search_term_string\"}}],\"inLanguage\":\"it-IT\"}]}<\/script>\n<!-- \/ Yoast SEO plugin. -->","yoast_head_json":{"title":"Cavalletto bifacciale in metallo per pannelli rigidi - Smarty Store","description":"Cavalletto pubblicitario bifacciale in metallo nero per l'esposizione di pannelli rigidi. Disponibili in due formati.","robots":{"index":"index","follow":"follow","max-snippet":"max-snippet:-1","max-image-preview":"max-image-preview:large","max-video-preview":"max-video-preview:-1"},"canonical":"https:\/\/www.smartystore.it\/it\/prodotto\/cavalletto-bifacciale-in-metallo-per-pannelli-rigidi\/","og_locale":"it_IT","og_type":"article","og_title":"Cavalletto bifacciale in metallo per pannelli rigidi - Smarty Store","og_description":"Cavalletto pubblicitario bifacciale in metallo nero per l'esposizione di pannelli rigidi. Disponibili in due formati.","og_url":"https:\/\/www.smartystore.it\/it\/prodotto\/cavalletto-bifacciale-in-metallo-per-pannelli-rigidi\/","og_site_name":"Smarty Store","article_modified_time":"2025-08-28T09:42:39+00:00","og_image":[{"width":1000,"height":1000,"url":"https:\/\/www.smartystore.it\/v25\/wp-content\/uploads\/2022\/07\/Cavalletto-bifacciale-in-metallo-per-pannelli-rigidi.jpg","type":"image\/jpeg"}],"twitter_card":"summary_large_image","twitter_misc":{"Tempo di lettura stimato":"4 minuti"},"schema":{"@context":"https:\/\/schema.org","@graph":[{"@type":"WebPage","@id":"https:\/\/www.smartystore.it\/it\/prodotto\/cavalletto-bifacciale-in-metallo-per-pannelli-rigidi\/","url":"https:\/\/www.smartystore.it\/it\/prodotto\/cavalletto-bifacciale-in-metallo-per-pannelli-rigidi\/","name":"Cavalletto bifacciale in metallo per pannelli rigidi - Smarty Store","isPartOf":{"@id":"https:\/\/www.smartystore.it\/it\/#website"},"primaryImageOfPage":{"@id":"https:\/\/www.smartystore.it\/it\/prodotto\/cavalletto-bifacciale-in-metallo-per-pannelli-rigidi\/#primaryimage"},"image":{"@id":"https:\/\/www.smartystore.it\/it\/prodotto\/cavalletto-bifacciale-in-metallo-per-pannelli-rigidi\/#primaryimage"},"thumbnailUrl":"https:\/\/www.smartystore.it\/v25\/wp-content\/uploads\/2022\/07\/Cavalletto-bifacciale-in-metallo-per-pannelli-rigidi.jpg","datePublished":"2022-07-12T11:58:25+00:00","dateModified":"2025-08-28T09:42:39+00:00","description":"Cavalletto pubblicitario bifacciale in metallo nero per l'esposizione di pannelli rigidi. Disponibili in due formati.","breadcrumb":{"@id":"https:\/\/www.smartystore.it\/it\/prodotto\/cavalletto-bifacciale-in-metallo-per-pannelli-rigidi\/#breadcrumb"},"inLanguage":"it-IT","potentialAction":[{"@type":"ReadAction","target":["https:\/\/www.smartystore.it\/it\/prodotto\/cavalletto-bifacciale-in-metallo-per-pannelli-rigidi\/"]}]},{"@type":"ImageObject","inLanguage":"it-IT","@id":"https:\/\/www.smartystore.it\/it\/prodotto\/cavalletto-bifacciale-in-metallo-per-pannelli-rigidi\/#primaryimage","url":"https:\/\/www.smartystore.it\/v25\/wp-content\/uploads\/2022\/07\/Cavalletto-bifacciale-in-metallo-per-pannelli-rigidi.jpg","contentUrl":"https:\/\/www.smartystore.it\/v25\/wp-content\/uploads\/2022\/07\/Cavalletto-bifacciale-in-metallo-per-pannelli-rigidi.jpg","width":1000,"height":1000,"caption":"Cavalletto bifacciale in metallo per pannelli rigidi"},{"@type":"BreadcrumbList","@id":"https:\/\/www.smartystore.it\/it\/prodotto\/cavalletto-bifacciale-in-metallo-per-pannelli-rigidi\/#breadcrumb","itemListElement":[{"@type":"ListItem","position":1,"name":"Home","item":"https:\/\/www.smartystore.it\/it\/"},{"@type":"ListItem","position":2,"name":"Shop","item":"https:\/\/www.smartystore.it\/it\/shop\/"},{"@type":"ListItem","position":3,"name":"Cavalletto bifacciale in metallo per pannelli rigidi"}]},{"@type":"WebSite","@id":"https:\/\/www.smartystore.it\/it\/#website","url":"https:\/\/www.smartystore.it\/it\/","name":"Smarty Store","description":"","potentialAction":[{"@type":"SearchAction","target":{"@type":"EntryPoint","urlTemplate":"https:\/\/www.smartystore.it\/it\/?s={search_term_string}"},"query-input":{"@type":"PropertyValueSpecification","valueRequired":true,"valueName":"search_term_string"}}],"inLanguage":"it-IT"}]}},"brands":[],"_links":{"self":[{"href":"https:\/\/www.smartystore.it\/it\/wp-json\/wp\/v2\/product\/79990","targetHints":{"allow":["GET"]}}],"collection":[{"href":"https:\/\/www.smartystore.it\/it\/wp-json\/wp\/v2\/product"}],"about":[{"href":"https:\/\/www.smartystore.it\/it\/wp-json\/wp\/v2\/types\/product"}],"replies":[{"embeddable":true,"href":"https:\/\/www.smartystore.it\/it\/wp-json\/wp\/v2\/comments?post=79990"}],"wp:featuredmedia":[{"embeddable":true,"href":"https:\/\/www.smartystore.it\/it\/wp-json\/wp\/v2\/media\/79998"}],"wp:attachment":[{"href":"https:\/\/www.smartystore.it\/it\/wp-json\/wp\/v2\/media?parent=79990"}],"wp:term":[{"taxonomy":"pwb-brand","embeddable":true,"href":"https:\/\/www.smartystore.it\/it\/wp-json\/wp\/v2\/pwb-brand?post=79990"},{"taxonomy":"product_brand","embeddable":true,"href":"https:\/\/www.smartystore.it\/it\/wp-json\/wp\/v2\/product_brand?post=79990"},{"taxonomy":"product_cat","embeddable":true,"href":"https:\/\/www.smartystore.it\/it\/wp-json\/wp\/v2\/product_cat?post=79990"},{"taxonomy":"product_tag","embeddable":true,"href":"https:\/\/www.smartystore.it\/it\/wp-json\/wp\/v2\/product_tag?post=79990"}],"curies":[{"name":"wp","href":"https:\/\/api.w.org\/{rel}","templated":true}]}}