{"id":78311,"date":"2022-03-16T17:35:50","date_gmt":"2022-03-16T15:35:50","guid":{"rendered":"https:\/\/www.smartystore.it\/?post_type=product&#038;p=78311"},"modified":"2026-02-19T18:10:29","modified_gmt":"2026-02-19T16:10:29","slug":"pannello-informativo-da-esterno","status":"publish","type":"product","link":"https:\/\/www.smartystore.it\/it\/prodotto\/pannello-informativo-da-esterno\/","title":{"rendered":"Pannello informativo da esterno"},"content":{"rendered":"<h1>Pannello informativo da esterno autoportante<\/h1>\n<p>Pannello informativo da esterno posizionato su coppia di montanti in alluminio alti due metri.<\/p>\n<p>Ideale per esporre comunicazioni o pubblicit\u00e0 in ambienti all&#8217;esterno, si compone di una coppia di montanti in alluminio anodizzato silver completi di tappi di chiusura nella parte superiore. I montanti sono muniti di due piastre quadrate delle dimensioni di 25&#215;25 cm. gi\u00e0 progettate con quattro fori per poter fissare e ancorare i montanti al terreno.<\/p>\n<h2>Pannello informativo da esterno: scegli fra tre dimensioni<\/h2>\n<p>I pannelli espositivi sono disponibili in tre dimensioni: mm. 1000&#215;1000 &#8211; mm. 1500&#215;1000 &#8211; mm. 2000&#215;1000 e sono composti di due fondi in lamiera bianca 10\/10 con un anima in forex di 5 mm.<\/p>\n<h3>CARATTERISTICHE:<\/h3>\n<ul>\n<li>Dimensioni montanti: H 2000 mm &#8211; 70 mm (sezione ovale)<\/li>\n<li>Dimensione piastre fissaggio a terra: 250&#215;250 mm con 4 fori da 3mm.<\/li>\n<li>Utilizzabile in versione mono o bifacciale.<\/li>\n<li>La stampa viene fornita su richiesta e verr\u00e0 realizzata su adesivo di lunga durata laminato con una pellicola protettiva trasparente opaco.<\/li>\n<li>Tempi di spedizione: 3\/4 giorni lavorativi.<\/li>\n<\/ul>\n<p>&nbsp;<\/p>\n<table style=\"height: 96px; width: 54.0189%; border-collapse: collapse; border-style: solid; border-color: #000000;\" border=\"1\">\n<tbody>\n<tr style=\"height: 24px;\">\n<td style=\"width: 10.0856%; height: 24px; text-align: center;\"><strong>CODICE\u00a0<\/strong><\/td>\n<td style=\"width: 23.8707%; height: 24px; text-align: center;\"><strong>DIMENSIONI PANNELLO<\/strong><\/td>\n<td style=\"width: 20.5839%; height: 24px; text-align: center;\"><strong>DIMENSIONI MONTANTI<\/strong><\/td>\n<\/tr>\n<tr style=\"height: 24px;\">\n<td style=\"width: 10.0856%; height: 24px;\"><strong>STR-PAN01<\/strong><\/td>\n<td style=\"width: 23.8707%; height: 24px; text-align: center;\">1000&#215;1000 mm.<\/td>\n<td style=\"width: 20.5839%; height: 24px; text-align: center;\">2000 mm.<\/td>\n<\/tr>\n<tr style=\"height: 24px;\">\n<td style=\"width: 10.0856%; height: 24px;\"><strong>STR-PAN02<\/strong><\/td>\n<td style=\"width: 23.8707%; height: 24px; text-align: center;\">1500&#215;1000 mm.<\/td>\n<td style=\"width: 20.5839%; height: 24px; text-align: center;\">2000 mm.<\/td>\n<\/tr>\n<tr style=\"height: 24px;\">\n<td style=\"width: 10.0856%; height: 24px;\"><strong>STR-PAN03<\/strong><\/td>\n<td style=\"width: 23.8707%; height: 24px; text-align: center;\">2000&#215;1000 mm.<\/td>\n<td style=\"width: 20.5839%; height: 24px; text-align: center;\">2000 mm.<\/td>\n<\/tr>\n<\/tbody>\n<\/table>\n<p><span style=\"color: #993300;\"><strong>PER IL FILE DI GRAFICA: creare il file delle dimensioni del pannello desiderato (scala 1:1) con i testi convertiti in tracciati, dopo il salvataggio del file in formato PDF (risoluzione minima di 200 dpi) inviare il documento all&#8217;indirizzo di posta elettronica<\/strong><\/span><strong><span style=\"color: #993300;\">\u00a0<\/span><a href=\"mailto:grafica@smartystore.it\">grafica@smartystore.it<\/a>\u00a0<\/strong><span style=\"color: #993300;\"><strong>facendo riferimento al numero di ordine.<\/strong><\/span><\/p>\n<p>&nbsp;<\/p>\n<p><a href=\"https:\/\/www.smartystore.it\/v25\/wp-content\/uploads\/2022\/03\/STR-PAN01-02-03.pdf\" target=\"_blank\" rel=\"noopener\"><img loading=\"lazy\" decoding=\"async\" class=\"alignnone size-full wp-image-93510\" src=\"https:\/\/www.smartystore.it\/v25\/wp-content\/uploads\/2014\/10\/SchedaTecnica-300-e1750084266903.png\" alt=\"\" width=\"249\" height=\"63\" \/><\/a><\/p>\n<p>&nbsp;<\/p>\n<p><strong>SERVIZI DI GRAFICA E STAMPA<\/strong><\/p>\n<p>Smarty Store pu\u00f2 fornire il servizio di impaginazione e\/o della stampa.<\/p>\n<p>Se viene richiesto il servizio di sola stampa, il cliente dovr\u00e0 inviare il file di stampa in formato PDF. La grafica verr\u00e0 stampata cos\u00ec come ricevuta nel file.<\/p>\n<p>Se viene richiesto il servizio di impaginazione, la nostra struttura si metter\u00e0 in contatto telefonico con il cliente per le necessarie informazioni. Dall&#8217;impostazione grafica restano escluse le immagini che dovranno essere fornite dal cliente o quotate separatamente.<br \/>\nIl cliente ricever\u00e0 la proposta grafica in formato PDF per approvazione.<\/p>\n<p><strong>ATTENZIONE:<\/strong><br \/>\nI colori visualizzati possono differire da monitor a monitor. Per i colori di stampa \u00e8 necessario fare sempre riferimento alla scala Pantone.<br \/>\nSmarty Store non si assume alcuna responsabilit\u00e0 nel caso di colori controllati dal cliente solo sul proprio monitor.<\/p>\n","protected":false},"excerpt":{"rendered":"<p>Pannello informativo per esterno su coppia di montanti. Disponibile in 3 dimensioni<\/p>\n","protected":false},"featured_media":78319,"comment_status":"open","ping_status":"closed","template":"","meta":{"_acf_changed":false},"pwb-brand":[],"product_brand":[],"product_cat":[2117,2097,2039],"product_tag":[6481,6483,6482,6484],"class_list":{"0":"post-78311","1":"product","2":"type-product","3":"status-publish","4":"has-post-thumbnail","6":"product_cat-portavvisi-da-pavimento","7":"product_cat-segnaletica-aziendale","8":"product_cat-segnaletica","9":"product_tag-pannello-informativo","10":"product_tag-pannello-informativo-autoportante","11":"product_tag-pannello-informazioni-da-esterno","12":"product_tag-pannello-informazioni-da-esterno-su-montanti","13":"pa_c2c_base-3b-basequadrata","14":"pa_c2c_color-35-bianco","15":"pa_c2c_color-28-silver","16":"pa_c2c_dimensione-mm-1000x1000","17":"pa_c2c_dimensione-mm-1500x1000","18":"pa_c2c_dimensione-mm-2000x1000","19":"pa_c2c_grafica-f2-no","20":"pa_c2c_grafica-e4-si","21":"pa_c2c_mono_bifacciale-19-bifacciale","22":"pa_c2c_mono_bifacciale-ca-monofacciale","23":"pa_c2c_montanti-06-h200cm","24":"pa_c2c_stampa-11-1lato","25":"pa_c2c_stampa-2-lati","26":"pa_c2c_stampa-f2-no","27":"pa_c2c_trovraprezzi-ae-si","29":"first","30":"instock","31":"taxable","32":"shipping-taxable","33":"purchasable","34":"product-type-variable"},"acf":[],"yoast_head":"<!-- This site is optimized with the Yoast SEO plugin v27.4 - https:\/\/yoast.com\/product\/yoast-seo-wordpress\/ -->\n<title>Pannello informativo da esterno - Smarty Store<\/title>\n<meta name=\"description\" content=\"Pannello informativo da esterno su coppia di montanti alti 2 metri con piastre di fissaggio. Pannelli disponibili in tre dimensioni. Smarty Store\" \/>\n<meta name=\"robots\" content=\"index, follow, max-snippet:-1, max-image-preview:large, max-video-preview:-1\" \/>\n<link rel=\"canonical\" href=\"https:\/\/www.smartystore.it\/it\/prodotto\/pannello-informativo-da-esterno\/\" \/>\n<meta property=\"og:locale\" content=\"it_IT\" \/>\n<meta property=\"og:type\" content=\"article\" \/>\n<meta property=\"og:title\" content=\"Pannello informativo da esterno - Smarty Store\" \/>\n<meta property=\"og:description\" content=\"Pannello informativo da esterno su coppia di montanti alti 2 metri con piastre di fissaggio. Pannelli disponibili in tre dimensioni. Smarty Store\" \/>\n<meta property=\"og:url\" content=\"https:\/\/www.smartystore.it\/it\/prodotto\/pannello-informativo-da-esterno\/\" \/>\n<meta property=\"og:site_name\" content=\"Smarty Store\" \/>\n<meta property=\"article:modified_time\" content=\"2026-02-19T16:10:29+00:00\" \/>\n<meta property=\"og:image\" content=\"https:\/\/www.smartystore.it\/v25\/wp-content\/uploads\/2022\/03\/Pannello-informativo-da-esterno-su-coppia-di-montanti-200cm-disponibile-in-tre-dimensioni.jpg\" \/>\n\t<meta property=\"og:image:width\" content=\"1000\" \/>\n\t<meta property=\"og:image:height\" content=\"1000\" \/>\n\t<meta property=\"og:image:type\" content=\"image\/jpeg\" \/>\n<meta name=\"twitter:card\" content=\"summary_large_image\" \/>\n<meta name=\"twitter:label1\" content=\"Tempo di lettura stimato\" \/>\n\t<meta name=\"twitter:data1\" content=\"3 minuti\" \/>\n<script type=\"application\/ld+json\" class=\"yoast-schema-graph\">{\"@context\":\"https:\\\/\\\/schema.org\",\"@graph\":[{\"@type\":\"WebPage\",\"@id\":\"https:\\\/\\\/www.smartystore.it\\\/it\\\/prodotto\\\/pannello-informativo-da-esterno\\\/\",\"url\":\"https:\\\/\\\/www.smartystore.it\\\/it\\\/prodotto\\\/pannello-informativo-da-esterno\\\/\",\"name\":\"Pannello informativo da esterno - Smarty Store\",\"isPartOf\":{\"@id\":\"https:\\\/\\\/www.smartystore.it\\\/it\\\/#website\"},\"primaryImageOfPage\":{\"@id\":\"https:\\\/\\\/www.smartystore.it\\\/it\\\/prodotto\\\/pannello-informativo-da-esterno\\\/#primaryimage\"},\"image\":{\"@id\":\"https:\\\/\\\/www.smartystore.it\\\/it\\\/prodotto\\\/pannello-informativo-da-esterno\\\/#primaryimage\"},\"thumbnailUrl\":\"https:\\\/\\\/www.smartystore.it\\\/v25\\\/wp-content\\\/uploads\\\/2022\\\/03\\\/Pannello-informativo-da-esterno-su-coppia-di-montanti-200cm-disponibile-in-tre-dimensioni.jpg\",\"datePublished\":\"2022-03-16T15:35:50+00:00\",\"dateModified\":\"2026-02-19T16:10:29+00:00\",\"description\":\"Pannello informativo da esterno su coppia di montanti alti 2 metri con piastre di fissaggio. Pannelli disponibili in tre dimensioni. Smarty Store\",\"breadcrumb\":{\"@id\":\"https:\\\/\\\/www.smartystore.it\\\/it\\\/prodotto\\\/pannello-informativo-da-esterno\\\/#breadcrumb\"},\"inLanguage\":\"it-IT\",\"potentialAction\":[{\"@type\":\"ReadAction\",\"target\":[\"https:\\\/\\\/www.smartystore.it\\\/it\\\/prodotto\\\/pannello-informativo-da-esterno\\\/\"]}]},{\"@type\":\"ImageObject\",\"inLanguage\":\"it-IT\",\"@id\":\"https:\\\/\\\/www.smartystore.it\\\/it\\\/prodotto\\\/pannello-informativo-da-esterno\\\/#primaryimage\",\"url\":\"https:\\\/\\\/www.smartystore.it\\\/v25\\\/wp-content\\\/uploads\\\/2022\\\/03\\\/Pannello-informativo-da-esterno-su-coppia-di-montanti-200cm-disponibile-in-tre-dimensioni.jpg\",\"contentUrl\":\"https:\\\/\\\/www.smartystore.it\\\/v25\\\/wp-content\\\/uploads\\\/2022\\\/03\\\/Pannello-informativo-da-esterno-su-coppia-di-montanti-200cm-disponibile-in-tre-dimensioni.jpg\",\"width\":1000,\"height\":1000,\"caption\":\"Pannello informativo da esterno su coppia di montanti 200cm disponibile in tre dimensioni\"},{\"@type\":\"BreadcrumbList\",\"@id\":\"https:\\\/\\\/www.smartystore.it\\\/it\\\/prodotto\\\/pannello-informativo-da-esterno\\\/#breadcrumb\",\"itemListElement\":[{\"@type\":\"ListItem\",\"position\":1,\"name\":\"Home\",\"item\":\"https:\\\/\\\/www.smartystore.it\\\/it\\\/\"},{\"@type\":\"ListItem\",\"position\":2,\"name\":\"Shop\",\"item\":\"https:\\\/\\\/www.smartystore.it\\\/it\\\/shop\\\/\"},{\"@type\":\"ListItem\",\"position\":3,\"name\":\"Pannello informativo da esterno\"}]},{\"@type\":\"WebSite\",\"@id\":\"https:\\\/\\\/www.smartystore.it\\\/it\\\/#website\",\"url\":\"https:\\\/\\\/www.smartystore.it\\\/it\\\/\",\"name\":\"Smarty Store\",\"description\":\"\",\"potentialAction\":[{\"@type\":\"SearchAction\",\"target\":{\"@type\":\"EntryPoint\",\"urlTemplate\":\"https:\\\/\\\/www.smartystore.it\\\/it\\\/?s={search_term_string}\"},\"query-input\":{\"@type\":\"PropertyValueSpecification\",\"valueRequired\":true,\"valueName\":\"search_term_string\"}}],\"inLanguage\":\"it-IT\"}]}<\/script>\n<!-- \/ Yoast SEO plugin. -->","yoast_head_json":{"title":"Pannello informativo da esterno - Smarty Store","description":"Pannello informativo da esterno su coppia di montanti alti 2 metri con piastre di fissaggio. Pannelli disponibili in tre dimensioni. Smarty Store","robots":{"index":"index","follow":"follow","max-snippet":"max-snippet:-1","max-image-preview":"max-image-preview:large","max-video-preview":"max-video-preview:-1"},"canonical":"https:\/\/www.smartystore.it\/it\/prodotto\/pannello-informativo-da-esterno\/","og_locale":"it_IT","og_type":"article","og_title":"Pannello informativo da esterno - Smarty Store","og_description":"Pannello informativo da esterno su coppia di montanti alti 2 metri con piastre di fissaggio. Pannelli disponibili in tre dimensioni. Smarty Store","og_url":"https:\/\/www.smartystore.it\/it\/prodotto\/pannello-informativo-da-esterno\/","og_site_name":"Smarty Store","article_modified_time":"2026-02-19T16:10:29+00:00","og_image":[{"width":1000,"height":1000,"url":"https:\/\/www.smartystore.it\/v25\/wp-content\/uploads\/2022\/03\/Pannello-informativo-da-esterno-su-coppia-di-montanti-200cm-disponibile-in-tre-dimensioni.jpg","type":"image\/jpeg"}],"twitter_card":"summary_large_image","twitter_misc":{"Tempo di lettura stimato":"3 minuti"},"schema":{"@context":"https:\/\/schema.org","@graph":[{"@type":"WebPage","@id":"https:\/\/www.smartystore.it\/it\/prodotto\/pannello-informativo-da-esterno\/","url":"https:\/\/www.smartystore.it\/it\/prodotto\/pannello-informativo-da-esterno\/","name":"Pannello informativo da esterno - Smarty Store","isPartOf":{"@id":"https:\/\/www.smartystore.it\/it\/#website"},"primaryImageOfPage":{"@id":"https:\/\/www.smartystore.it\/it\/prodotto\/pannello-informativo-da-esterno\/#primaryimage"},"image":{"@id":"https:\/\/www.smartystore.it\/it\/prodotto\/pannello-informativo-da-esterno\/#primaryimage"},"thumbnailUrl":"https:\/\/www.smartystore.it\/v25\/wp-content\/uploads\/2022\/03\/Pannello-informativo-da-esterno-su-coppia-di-montanti-200cm-disponibile-in-tre-dimensioni.jpg","datePublished":"2022-03-16T15:35:50+00:00","dateModified":"2026-02-19T16:10:29+00:00","description":"Pannello informativo da esterno su coppia di montanti alti 2 metri con piastre di fissaggio. Pannelli disponibili in tre dimensioni. Smarty Store","breadcrumb":{"@id":"https:\/\/www.smartystore.it\/it\/prodotto\/pannello-informativo-da-esterno\/#breadcrumb"},"inLanguage":"it-IT","potentialAction":[{"@type":"ReadAction","target":["https:\/\/www.smartystore.it\/it\/prodotto\/pannello-informativo-da-esterno\/"]}]},{"@type":"ImageObject","inLanguage":"it-IT","@id":"https:\/\/www.smartystore.it\/it\/prodotto\/pannello-informativo-da-esterno\/#primaryimage","url":"https:\/\/www.smartystore.it\/v25\/wp-content\/uploads\/2022\/03\/Pannello-informativo-da-esterno-su-coppia-di-montanti-200cm-disponibile-in-tre-dimensioni.jpg","contentUrl":"https:\/\/www.smartystore.it\/v25\/wp-content\/uploads\/2022\/03\/Pannello-informativo-da-esterno-su-coppia-di-montanti-200cm-disponibile-in-tre-dimensioni.jpg","width":1000,"height":1000,"caption":"Pannello informativo da esterno su coppia di montanti 200cm disponibile in tre dimensioni"},{"@type":"BreadcrumbList","@id":"https:\/\/www.smartystore.it\/it\/prodotto\/pannello-informativo-da-esterno\/#breadcrumb","itemListElement":[{"@type":"ListItem","position":1,"name":"Home","item":"https:\/\/www.smartystore.it\/it\/"},{"@type":"ListItem","position":2,"name":"Shop","item":"https:\/\/www.smartystore.it\/it\/shop\/"},{"@type":"ListItem","position":3,"name":"Pannello informativo da esterno"}]},{"@type":"WebSite","@id":"https:\/\/www.smartystore.it\/it\/#website","url":"https:\/\/www.smartystore.it\/it\/","name":"Smarty Store","description":"","potentialAction":[{"@type":"SearchAction","target":{"@type":"EntryPoint","urlTemplate":"https:\/\/www.smartystore.it\/it\/?s={search_term_string}"},"query-input":{"@type":"PropertyValueSpecification","valueRequired":true,"valueName":"search_term_string"}}],"inLanguage":"it-IT"}]}},"brands":[],"_links":{"self":[{"href":"https:\/\/www.smartystore.it\/it\/wp-json\/wp\/v2\/product\/78311","targetHints":{"allow":["GET"]}}],"collection":[{"href":"https:\/\/www.smartystore.it\/it\/wp-json\/wp\/v2\/product"}],"about":[{"href":"https:\/\/www.smartystore.it\/it\/wp-json\/wp\/v2\/types\/product"}],"replies":[{"embeddable":true,"href":"https:\/\/www.smartystore.it\/it\/wp-json\/wp\/v2\/comments?post=78311"}],"wp:featuredmedia":[{"embeddable":true,"href":"https:\/\/www.smartystore.it\/it\/wp-json\/wp\/v2\/media\/78319"}],"wp:attachment":[{"href":"https:\/\/www.smartystore.it\/it\/wp-json\/wp\/v2\/media?parent=78311"}],"wp:term":[{"taxonomy":"pwb-brand","embeddable":true,"href":"https:\/\/www.smartystore.it\/it\/wp-json\/wp\/v2\/pwb-brand?post=78311"},{"taxonomy":"product_brand","embeddable":true,"href":"https:\/\/www.smartystore.it\/it\/wp-json\/wp\/v2\/product_brand?post=78311"},{"taxonomy":"product_cat","embeddable":true,"href":"https:\/\/www.smartystore.it\/it\/wp-json\/wp\/v2\/product_cat?post=78311"},{"taxonomy":"product_tag","embeddable":true,"href":"https:\/\/www.smartystore.it\/it\/wp-json\/wp\/v2\/product_tag?post=78311"}],"curies":[{"name":"wp","href":"https:\/\/api.w.org\/{rel}","templated":true}]}}