{"id":76853,"date":"2021-12-22T18:25:26","date_gmt":"2021-12-22T16:25:26","guid":{"rendered":"https:\/\/www.smartystore.it\/?post_type=product&#038;p=76853"},"modified":"2025-08-11T12:30:12","modified_gmt":"2025-08-11T10:30:12","slug":"totem-slim-50x160-in-sandwich-e-base-in-metallo","status":"publish","type":"product","link":"https:\/\/www.smartystore.it\/it\/prodotto\/totem-slim-50x160-in-sandwich-e-base-in-metallo\/","title":{"rendered":"Totem Slim 50&#215;160 in Sandwich e base in metallo"},"content":{"rendered":"<div class=\"wpb-content-wrapper\"><p>[vc_row][vc_column][vc_column_text css=&#8221;&#8221; css_params=&#8221;&#8221;]<\/p>\n<h2>Totem Slim 50&#215;160 in Sandwich e base in metallo.<\/h2>\n<p>Con il Totem Slim 50&#215;160 in Sandwich e base in metallo si avr\u00e0 un prodotto di notevole rigidit\u00e0 e leggero allo stesso tempo. Il pannello non si imbarca con l\u2019umidit\u00e0 ed ha un\u2019ottima resa in stampa. Il Sandwich \u00e8 un pannello con superfici esterne in PVC ed interno in espanso<\/p>\n<p>La base in metallo ha il vantaggio di dare una stabilit\u00e0 al totem decisamente maggiore rispetto ai modelli con piedini ad incastro dello stesso materiale. Il totem pu\u00f2 quindi essere posizionato anche all&#8217;esterno nelle belle giornate.<\/p>\n<p>La stampa a colori \u00e8 presente su entrambi i lati del pannello cos\u00ec che possa essere vista arrivando da entrambe le direzioni.<\/p>\n<p>Inoltre la base pu\u00f2 essere riutilizzata quindi, nel caso di aggiornamento del messaggio, \u00e8 sufficiente ordinare solo il nuovo pannello cos\u00ec da permette un notevole risparmio.<\/p>\n<p>Il totem Slim 50&#215;160 in Sandwich \u00e8 particolarmente indicato per messaggi promozionali e pubblicitari all&#8217;interno di locali come ad esempio ristoranti, palestre, hotels, negozi, uffici, centri commerciali, palestre e tutte le attivit\u00e0 commerciali.<\/p>\n<h3>Caratteristiche:<\/h3>\n<p>Totem Slim 50&#215;160 in Sandwich composto da:<\/p>\n<p>Pannello in sandwich 20 mm di spessore formato mm. 500&#215;1600.<\/p>\n<p>Base in metallo Supernova verniciata a polveri silver sp. 3 mm.<\/p>\n<p>Peso base: 3,5 Kg. circa<\/p>\n<p>Stampa bifacciale in quadricromia diretta su pannello<\/p>\n<p>Dimensione struttura (in cm.): L 50 x H 160 x P 32<\/p>\n<p>Dimensione area di stampa (in cm.): L 50 x H 160 (non inserire testi nella parte bassa del file di stampa: 10 cm ca).<\/p>\n<p>Peso totem: 5,50 Kg ca<\/p>\n<p>Guarda anche il modello 60&#215;170 a questo <span style=\"color: #ff0000;\"><strong><a style=\"color: #ff0000;\" href=\"https:\/\/www.smartystore.it\/prodotto\/totem-slim-60x170-in-sandwich-e-base-in-metallo\/\">LINK<\/a><\/strong><\/span><\/p>\n<p>&nbsp;<\/p>\n<p>Se non hai il file di stampa, lo staff di SmartyStore pu\u00f2 farlo per te. Seleziona anche la grafica in fase di ordine\u00a0e verrai contattato per realizzare insieme la grafica che vuoi stampare!<\/p>\n<p><span style=\"color: #800000;\"><strong>PER IL FILE DI GRAFICA: creare il file delle dimensioni cm 50&#215;160 (scala 1:1) con i testi convertiti in tracciati, dopo il salvataggio del file in formato PDF (risoluzione minima di 200 dpi) inviare il documento all&#8217;indirizzo di posta elettronica<\/strong><\/span><strong>\u00a0<a href=\"mailto:grafica@smartystore.it\">grafica@smartystore.it<\/a>\u00a0<\/strong><span style=\"color: #800000;\"><strong>facendo riferimento al numero di ordine.<\/strong><\/span><\/p>\n<p>[\/vc_column_text][\/vc_column][\/vc_row]<\/p>\n<\/div>","protected":false},"excerpt":{"rendered":"<p>Totem linea slim versione mono o bifacciale con pannello in Sandwich e base in metallo verniciato a polveri silver.<\/p>\n","protected":false},"featured_media":94812,"comment_status":"open","ping_status":"closed","template":"","meta":{"_acf_changed":false},"pwb-brand":[],"product_brand":[3872],"product_cat":[2808,2127,2045],"product_tag":[4175,4173,4174,4172,4171,4170],"class_list":{"0":"post-76853","1":"product","2":"type-product","3":"status-publish","4":"has-post-thumbnail","6":"product_brand-smartystore","7":"product_cat-totem-serie-quadra","8":"product_cat-totem-slim","9":"product_cat-totem-pubblicitari-informativi","10":"product_tag-pannello-in-piuma-stampato-con-base-in-metallo","11":"product_tag-pannello-pubblicitario-leggero-con-base-in-metallo","12":"product_tag-pannello-sandwich-stampato","13":"product_tag-totem-leggero-con-base-in-metallo","14":"product_tag-totem-leggero-da-interno","15":"product_tag-totem-slim-50x160-bifacciale","16":"pa_c2c_angolo-2c-vivo","17":"pa_c2c_color-28-silver","18":"pa_c2c_configurazione-6c-basepannello","19":"pa_c2c_configurazione-d5-solopannello","20":"pa_c2c_dimensione-cm-50x160","21":"pa_c2c_grafica-f2-no","22":"pa_c2c_grafica-e4-si","23":"pa_c2c_materiale-71-sandwich","24":"pa_c2c_mono_bifacciale-19-bifacciale","25":"pa_c2c_mono_bifacciale-ca-monofacciale","26":"pa_c2c_stampa-e4-si","27":"pa_c2c_trovraprezzi-ae-si","29":"first","30":"instock","31":"taxable","32":"shipping-taxable","33":"purchasable","34":"product-type-variable"},"acf":[],"yoast_head":"<!-- This site is optimized with the Yoast SEO plugin v27.4 - https:\/\/yoast.com\/product\/yoast-seo-wordpress\/ -->\n<title>Totem Slim 50x160 in Sandwich e base in metallo - Smarty Store<\/title>\n<meta name=\"description\" content=\"Totem Mono o Bifacciale Slim 50x160 completo di pannello in Sandwich con spessore di 20 mm e base in metallo verniciata a polveri color silver.\" \/>\n<meta name=\"robots\" content=\"index, follow, max-snippet:-1, max-image-preview:large, max-video-preview:-1\" \/>\n<link rel=\"canonical\" href=\"https:\/\/www.smartystore.it\/it\/prodotto\/totem-slim-50x160-in-sandwich-e-base-in-metallo\/\" \/>\n<meta property=\"og:locale\" content=\"it_IT\" \/>\n<meta property=\"og:type\" content=\"article\" \/>\n<meta property=\"og:title\" content=\"Totem Slim 50x160 in Sandwich e base in metallo - Smarty Store\" \/>\n<meta property=\"og:description\" content=\"Totem Mono o Bifacciale Slim 50x160 completo di pannello in Sandwich con spessore di 20 mm e base in metallo verniciata a polveri color silver.\" \/>\n<meta property=\"og:url\" content=\"https:\/\/www.smartystore.it\/it\/prodotto\/totem-slim-50x160-in-sandwich-e-base-in-metallo\/\" \/>\n<meta property=\"og:site_name\" content=\"Smarty Store\" \/>\n<meta property=\"article:modified_time\" content=\"2025-08-11T10:30:12+00:00\" \/>\n<meta property=\"og:image\" content=\"https:\/\/www.smartystore.it\/v25\/wp-content\/uploads\/2021\/12\/Totem-pubblicitario-Slim-50x160-pannello-in-sandwich-base-in-metallo.jpg\" \/>\n\t<meta property=\"og:image:width\" content=\"1000\" \/>\n\t<meta property=\"og:image:height\" content=\"1000\" \/>\n\t<meta property=\"og:image:type\" content=\"image\/jpeg\" \/>\n<meta name=\"twitter:card\" content=\"summary_large_image\" \/>\n<meta name=\"twitter:label1\" content=\"Tempo di lettura stimato\" \/>\n\t<meta name=\"twitter:data1\" content=\"3 minuti\" \/>\n<script type=\"application\/ld+json\" class=\"yoast-schema-graph\">{\"@context\":\"https:\\\/\\\/schema.org\",\"@graph\":[{\"@type\":\"WebPage\",\"@id\":\"https:\\\/\\\/www.smartystore.it\\\/it\\\/prodotto\\\/totem-slim-50x160-in-sandwich-e-base-in-metallo\\\/\",\"url\":\"https:\\\/\\\/www.smartystore.it\\\/it\\\/prodotto\\\/totem-slim-50x160-in-sandwich-e-base-in-metallo\\\/\",\"name\":\"Totem Slim 50x160 in Sandwich e base in metallo - Smarty Store\",\"isPartOf\":{\"@id\":\"https:\\\/\\\/www.smartystore.it\\\/it\\\/#website\"},\"primaryImageOfPage\":{\"@id\":\"https:\\\/\\\/www.smartystore.it\\\/it\\\/prodotto\\\/totem-slim-50x160-in-sandwich-e-base-in-metallo\\\/#primaryimage\"},\"image\":{\"@id\":\"https:\\\/\\\/www.smartystore.it\\\/it\\\/prodotto\\\/totem-slim-50x160-in-sandwich-e-base-in-metallo\\\/#primaryimage\"},\"thumbnailUrl\":\"https:\\\/\\\/www.smartystore.it\\\/v25\\\/wp-content\\\/uploads\\\/2021\\\/12\\\/Totem-pubblicitario-Slim-50x160-pannello-in-sandwich-base-in-metallo.jpg\",\"datePublished\":\"2021-12-22T16:25:26+00:00\",\"dateModified\":\"2025-08-11T10:30:12+00:00\",\"description\":\"Totem Mono o Bifacciale Slim 50x160 completo di pannello in Sandwich con spessore di 20 mm e base in metallo verniciata a polveri color silver.\",\"breadcrumb\":{\"@id\":\"https:\\\/\\\/www.smartystore.it\\\/it\\\/prodotto\\\/totem-slim-50x160-in-sandwich-e-base-in-metallo\\\/#breadcrumb\"},\"inLanguage\":\"it-IT\",\"potentialAction\":[{\"@type\":\"ReadAction\",\"target\":[\"https:\\\/\\\/www.smartystore.it\\\/it\\\/prodotto\\\/totem-slim-50x160-in-sandwich-e-base-in-metallo\\\/\"]}]},{\"@type\":\"ImageObject\",\"inLanguage\":\"it-IT\",\"@id\":\"https:\\\/\\\/www.smartystore.it\\\/it\\\/prodotto\\\/totem-slim-50x160-in-sandwich-e-base-in-metallo\\\/#primaryimage\",\"url\":\"https:\\\/\\\/www.smartystore.it\\\/v25\\\/wp-content\\\/uploads\\\/2021\\\/12\\\/Totem-pubblicitario-Slim-50x160-pannello-in-sandwich-base-in-metallo.jpg\",\"contentUrl\":\"https:\\\/\\\/www.smartystore.it\\\/v25\\\/wp-content\\\/uploads\\\/2021\\\/12\\\/Totem-pubblicitario-Slim-50x160-pannello-in-sandwich-base-in-metallo.jpg\",\"width\":1000,\"height\":1000,\"caption\":\"Totem pubblicitario Slim 50x160 con pannello in sandwich e base in metallo\"},{\"@type\":\"BreadcrumbList\",\"@id\":\"https:\\\/\\\/www.smartystore.it\\\/it\\\/prodotto\\\/totem-slim-50x160-in-sandwich-e-base-in-metallo\\\/#breadcrumb\",\"itemListElement\":[{\"@type\":\"ListItem\",\"position\":1,\"name\":\"Home\",\"item\":\"https:\\\/\\\/www.smartystore.it\\\/it\\\/\"},{\"@type\":\"ListItem\",\"position\":2,\"name\":\"Shop\",\"item\":\"https:\\\/\\\/www.smartystore.it\\\/it\\\/shop\\\/\"},{\"@type\":\"ListItem\",\"position\":3,\"name\":\"Totem Slim 50&#215;160 in Sandwich e base in metallo\"}]},{\"@type\":\"WebSite\",\"@id\":\"https:\\\/\\\/www.smartystore.it\\\/it\\\/#website\",\"url\":\"https:\\\/\\\/www.smartystore.it\\\/it\\\/\",\"name\":\"Smarty Store\",\"description\":\"\",\"potentialAction\":[{\"@type\":\"SearchAction\",\"target\":{\"@type\":\"EntryPoint\",\"urlTemplate\":\"https:\\\/\\\/www.smartystore.it\\\/it\\\/?s={search_term_string}\"},\"query-input\":{\"@type\":\"PropertyValueSpecification\",\"valueRequired\":true,\"valueName\":\"search_term_string\"}}],\"inLanguage\":\"it-IT\"}]}<\/script>\n<!-- \/ Yoast SEO plugin. -->","yoast_head_json":{"title":"Totem Slim 50x160 in Sandwich e base in metallo - Smarty Store","description":"Totem Mono o Bifacciale Slim 50x160 completo di pannello in Sandwich con spessore di 20 mm e base in metallo verniciata a polveri color silver.","robots":{"index":"index","follow":"follow","max-snippet":"max-snippet:-1","max-image-preview":"max-image-preview:large","max-video-preview":"max-video-preview:-1"},"canonical":"https:\/\/www.smartystore.it\/it\/prodotto\/totem-slim-50x160-in-sandwich-e-base-in-metallo\/","og_locale":"it_IT","og_type":"article","og_title":"Totem Slim 50x160 in Sandwich e base in metallo - Smarty Store","og_description":"Totem Mono o Bifacciale Slim 50x160 completo di pannello in Sandwich con spessore di 20 mm e base in metallo verniciata a polveri color silver.","og_url":"https:\/\/www.smartystore.it\/it\/prodotto\/totem-slim-50x160-in-sandwich-e-base-in-metallo\/","og_site_name":"Smarty Store","article_modified_time":"2025-08-11T10:30:12+00:00","og_image":[{"width":1000,"height":1000,"url":"https:\/\/www.smartystore.it\/v25\/wp-content\/uploads\/2021\/12\/Totem-pubblicitario-Slim-50x160-pannello-in-sandwich-base-in-metallo.jpg","type":"image\/jpeg"}],"twitter_card":"summary_large_image","twitter_misc":{"Tempo di lettura stimato":"3 minuti"},"schema":{"@context":"https:\/\/schema.org","@graph":[{"@type":"WebPage","@id":"https:\/\/www.smartystore.it\/it\/prodotto\/totem-slim-50x160-in-sandwich-e-base-in-metallo\/","url":"https:\/\/www.smartystore.it\/it\/prodotto\/totem-slim-50x160-in-sandwich-e-base-in-metallo\/","name":"Totem Slim 50x160 in Sandwich e base in metallo - Smarty Store","isPartOf":{"@id":"https:\/\/www.smartystore.it\/it\/#website"},"primaryImageOfPage":{"@id":"https:\/\/www.smartystore.it\/it\/prodotto\/totem-slim-50x160-in-sandwich-e-base-in-metallo\/#primaryimage"},"image":{"@id":"https:\/\/www.smartystore.it\/it\/prodotto\/totem-slim-50x160-in-sandwich-e-base-in-metallo\/#primaryimage"},"thumbnailUrl":"https:\/\/www.smartystore.it\/v25\/wp-content\/uploads\/2021\/12\/Totem-pubblicitario-Slim-50x160-pannello-in-sandwich-base-in-metallo.jpg","datePublished":"2021-12-22T16:25:26+00:00","dateModified":"2025-08-11T10:30:12+00:00","description":"Totem Mono o Bifacciale Slim 50x160 completo di pannello in Sandwich con spessore di 20 mm e base in metallo verniciata a polveri color silver.","breadcrumb":{"@id":"https:\/\/www.smartystore.it\/it\/prodotto\/totem-slim-50x160-in-sandwich-e-base-in-metallo\/#breadcrumb"},"inLanguage":"it-IT","potentialAction":[{"@type":"ReadAction","target":["https:\/\/www.smartystore.it\/it\/prodotto\/totem-slim-50x160-in-sandwich-e-base-in-metallo\/"]}]},{"@type":"ImageObject","inLanguage":"it-IT","@id":"https:\/\/www.smartystore.it\/it\/prodotto\/totem-slim-50x160-in-sandwich-e-base-in-metallo\/#primaryimage","url":"https:\/\/www.smartystore.it\/v25\/wp-content\/uploads\/2021\/12\/Totem-pubblicitario-Slim-50x160-pannello-in-sandwich-base-in-metallo.jpg","contentUrl":"https:\/\/www.smartystore.it\/v25\/wp-content\/uploads\/2021\/12\/Totem-pubblicitario-Slim-50x160-pannello-in-sandwich-base-in-metallo.jpg","width":1000,"height":1000,"caption":"Totem pubblicitario Slim 50x160 con pannello in sandwich e base in metallo"},{"@type":"BreadcrumbList","@id":"https:\/\/www.smartystore.it\/it\/prodotto\/totem-slim-50x160-in-sandwich-e-base-in-metallo\/#breadcrumb","itemListElement":[{"@type":"ListItem","position":1,"name":"Home","item":"https:\/\/www.smartystore.it\/it\/"},{"@type":"ListItem","position":2,"name":"Shop","item":"https:\/\/www.smartystore.it\/it\/shop\/"},{"@type":"ListItem","position":3,"name":"Totem Slim 50&#215;160 in Sandwich e base in metallo"}]},{"@type":"WebSite","@id":"https:\/\/www.smartystore.it\/it\/#website","url":"https:\/\/www.smartystore.it\/it\/","name":"Smarty Store","description":"","potentialAction":[{"@type":"SearchAction","target":{"@type":"EntryPoint","urlTemplate":"https:\/\/www.smartystore.it\/it\/?s={search_term_string}"},"query-input":{"@type":"PropertyValueSpecification","valueRequired":true,"valueName":"search_term_string"}}],"inLanguage":"it-IT"}]}},"brands":[],"_links":{"self":[{"href":"https:\/\/www.smartystore.it\/it\/wp-json\/wp\/v2\/product\/76853","targetHints":{"allow":["GET"]}}],"collection":[{"href":"https:\/\/www.smartystore.it\/it\/wp-json\/wp\/v2\/product"}],"about":[{"href":"https:\/\/www.smartystore.it\/it\/wp-json\/wp\/v2\/types\/product"}],"replies":[{"embeddable":true,"href":"https:\/\/www.smartystore.it\/it\/wp-json\/wp\/v2\/comments?post=76853"}],"wp:featuredmedia":[{"embeddable":true,"href":"https:\/\/www.smartystore.it\/it\/wp-json\/wp\/v2\/media\/94812"}],"wp:attachment":[{"href":"https:\/\/www.smartystore.it\/it\/wp-json\/wp\/v2\/media?parent=76853"}],"wp:term":[{"taxonomy":"pwb-brand","embeddable":true,"href":"https:\/\/www.smartystore.it\/it\/wp-json\/wp\/v2\/pwb-brand?post=76853"},{"taxonomy":"product_brand","embeddable":true,"href":"https:\/\/www.smartystore.it\/it\/wp-json\/wp\/v2\/product_brand?post=76853"},{"taxonomy":"product_cat","embeddable":true,"href":"https:\/\/www.smartystore.it\/it\/wp-json\/wp\/v2\/product_cat?post=76853"},{"taxonomy":"product_tag","embeddable":true,"href":"https:\/\/www.smartystore.it\/it\/wp-json\/wp\/v2\/product_tag?post=76853"}],"curies":[{"name":"wp","href":"https:\/\/api.w.org\/{rel}","templated":true}]}}