{"id":76728,"date":"2022-01-04T17:10:10","date_gmt":"2022-01-04T15:10:10","guid":{"rendered":"https:\/\/www.smartystore.it\/?post_type=product&#038;p=76728"},"modified":"2026-04-17T15:42:43","modified_gmt":"2026-04-17T13:42:43","slug":"espositore-portadepliant-configurabile-con-tasche-a4","status":"publish","type":"product","link":"https:\/\/www.smartystore.it\/it\/prodotto\/espositore-portadepliant-configurabile-con-tasche-a4\/","title":{"rendered":"Espositore portadepliant configurabile con tasche A4"},"content":{"rendered":"<div class=\"wpb-content-wrapper\"><p>[vc_row][vc_column][vc_column_text css=&#8221;&#8221; css_params=&#8221;&#8221;]<\/p>\n<h1>Espositore portadepliant configurabile con tasche A4<\/h1>\n<p>L&#8217;espositore portadepliant configurabile con tasche A4 \u00e8 una struttura da terra che fa parte della LINEA CROMIX. Anche questo espositore rientra nella SERIE QUADRA ed \u00e8 composto da profili in alluminio a sezione quadra da 20 mm., una base in metallo verniciata a polveri silver munita di 4 gommini antiscivolo per la protezione della base stessa e del pavimento, tasche in plexy trasparente formato A4 e pannello di fondo in Forex con stampa bifacciale inclusa nel costo.<\/p>\n<p>Indicato per esporre cataloghi e volantini, pu\u00f2 essere utilizzato in locali come agenzie di viaggi, showroom, meeting, convegni, ingressi di aziende e in qualsiasi luogo dove si abbia la necessit\u00e0 di mettere gli stampati a disposizione dei clienti.<\/p>\n<h2>Espositore portadepliant configurabile con tasche A4: configura la tua versione<\/h2>\n<p>Le tasche, completamente trasparenti, si fissano al pannello tramite una coppia di viti e dadi anch&#8217;essi interamente in plexiglass trasparente, e non semplicemente inserite nella struttura come la maggior parte degli espositori. Questo evita l&#8217;asportazione rapida da parte di malintenzionati che vogliono vandalizzare e manomettere l&#8217;espositore.<\/p>\n<p>Questo espositore pu\u00f2 essere personalizzato a seconda delle proprie necessit\u00e0 scegliendo in fase di acquisto la configurazione che meglio di addice alle proprie esigenze:<\/p>\n<ul>\n<li>versione monofacciale: da un minimo di 1 tasca ad un massimo di 5 tasche;<\/li>\n<li>versione bifacciale: da un minimo di 2 tasche ad un massimo di 10 tasche;<\/li>\n<li>sia la versione monofacciale che bifacciale si possono personalizzare con la propria grafica.<\/li>\n<\/ul>\n<h3>CARATTERISTICHE:<\/h3>\n<ul>\n<li>Tasche in plexyglass trasparente per esporre depliant formato A4<\/li>\n<li>Montanti in alluminio anodizzato a sezione quadra: mm. H 1850 &#8211; L 20<\/li>\n<li>Base quadrata in metallo verniciato a polveri color silver: mm. L 325 &#8211; H 6 &#8211; P 325<\/li>\n<li>La base ultra piatta di 6 mm. di spessore riduce drasticamente la possibilit\u00e0 di inciampo.<\/li>\n<li><b><u>STAMPA BIFACCIALE INCLUSA CON GRAFICA DEL CLIENTE<\/u><\/b><\/li>\n<li>Dimensioni espositore: mm. L 325 &#8211; H 1856 &#8211; P 325<\/li>\n<\/ul>\n<p>&nbsp;<\/p>\n<h3 style=\"text-align: center;\">Disponibile anche per stampati A5. Clicca <a href=\"https:\/\/www.smartystore.it\/prodotto\/espositore-portadepliant-configurabile-con-tasche-a5\/\" target=\"_blank\" rel=\"noopener\"><strong>QUI<\/strong><\/a><\/h3>\n<p>&nbsp;<\/p>\n<p><b><span style=\"color: #993300;\">PER IL FILE DI GRAFICA: creare il file delle dimensioni indicate nella sezione &#8220;AREA DI STAMPA&#8221; tenendo presente di non inserire testi e\/o immagini oltre l&#8217;area arancione presente nel tracciato fustella (scala 1:1) con i testi convertiti in tracciati, dopo il salvataggio del file in formato PDF (risoluzione minima di 200 dpi) inviare il documento all&#8217;indirizzo di posta elettronica<\/span>\u00a0<\/b><a href=\"mailto:grafica@smartystore.it\"><b>grafica@smartystore.it<\/b><\/a><b>\u00a0<\/b><span style=\"color: #993300;\"><b>facendo riferimento al numero di ordine.<\/b><\/span><\/p>\n<p>&nbsp;<\/p>\n<p><a href=\"https:\/\/www.smartystore.it\/v25\/wp-content\/uploads\/2022\/01\/Cromix_Scheda-tecnica.pdf\" target=\"_blank\" rel=\"noopener\"><img loading=\"lazy\" decoding=\"async\" class=\"alignnone size-full wp-image-93510\" src=\"https:\/\/www.smartystore.it\/v25\/wp-content\/uploads\/2014\/10\/SchedaTecnica-300-e1750084266903.png\" alt=\"\" width=\"249\" height=\"63\" \/><\/a><\/p>\n<table style=\"width: 55.6095%; border-collapse: collapse; border-style: double; border-color: #f7a500;\">\n<tbody>\n<tr>\n<td style=\"width: 4.32955%; border-style: double; border-color: #f7a500;\"><a href=\"https:\/\/www.smartystore.it\/v25\/wp-content\/uploads\/2022\/01\/Cromix_Tracciato-1tasca.pdf\" target=\"_blank\" rel=\"noopener\"><img loading=\"lazy\" decoding=\"async\" class=\"alignnone size-full wp-image-93609\" src=\"https:\/\/www.smartystore.it\/v25\/wp-content\/uploads\/2021\/02\/LogoDownload_green-1.jpg\" alt=\"\" width=\"50\" height=\"50\" \/><\/a><\/td>\n<td style=\"width: 47.7066%; border-style: double; border-color: #f7a500;\"><a href=\"https:\/\/www.smartystore.it\/v25\/wp-content\/uploads\/2022\/01\/Cromix_Tracciato-1tasca.pdf\" target=\"_blank\" rel=\"noopener\"><strong>TRACCIATO FUSTELLA PER ESPOSITORE CON 1 TASCA<\/strong><\/a><\/td>\n<\/tr>\n<tr>\n<td style=\"width: 4.32955%; border-style: double; border-color: #f7a500;\"><a href=\"https:\/\/www.smartystore.it\/v25\/wp-content\/uploads\/2022\/01\/Cromix_Tracciato-2tasche.pdf\" target=\"_blank\" rel=\"noopener\"><img loading=\"lazy\" decoding=\"async\" class=\"alignnone size-full wp-image-93609\" src=\"https:\/\/www.smartystore.it\/v25\/wp-content\/uploads\/2021\/02\/LogoDownload_green-1.jpg\" alt=\"\" width=\"50\" height=\"50\" \/><\/a><\/td>\n<td style=\"width: 47.7066%; border-style: double; border-color: #f7a500;\"><a href=\"https:\/\/www.smartystore.it\/v25\/wp-content\/uploads\/2022\/01\/Cromix_Tracciato-2tasche.pdf\" target=\"_blank\" rel=\"noopener\"><strong>TRACCIATO FUSTELLA PER ESPOSITORE CON 2 TASCHE<\/strong><\/a><\/td>\n<\/tr>\n<tr>\n<td style=\"width: 4.32955%; border-style: double; border-color: #f7a500;\"><a href=\"https:\/\/www.smartystore.it\/v25\/wp-content\/uploads\/2022\/01\/Cromix_Tracciato-3tasche.pdf\" target=\"_blank\" rel=\"noopener\"><img loading=\"lazy\" decoding=\"async\" class=\"alignnone size-full wp-image-93609\" src=\"https:\/\/www.smartystore.it\/v25\/wp-content\/uploads\/2021\/02\/LogoDownload_green-1.jpg\" alt=\"\" width=\"50\" height=\"50\" \/><\/a><\/td>\n<td style=\"width: 47.7066%; border-style: double; border-color: #f7a500;\"><a href=\"https:\/\/www.smartystore.it\/v25\/wp-content\/uploads\/2022\/01\/Cromix_Tracciato-3tasche.pdf\" target=\"_blank\" rel=\"noopener\"><strong>TRACCIATO FUSTELLA PER ESPOSITORE CON 3 TASCHE<\/strong><\/a><\/td>\n<\/tr>\n<tr>\n<td style=\"width: 4.32955%; border-style: double; border-color: #f7a500;\"><a href=\"https:\/\/www.smartystore.it\/v25\/wp-content\/uploads\/2022\/01\/Cromix_Tracciato-4tasche.pdf\" target=\"_blank\" rel=\"noopener\"><img loading=\"lazy\" decoding=\"async\" class=\"alignnone size-full wp-image-93609\" src=\"https:\/\/www.smartystore.it\/v25\/wp-content\/uploads\/2021\/02\/LogoDownload_green-1.jpg\" alt=\"\" width=\"50\" height=\"50\" \/><\/a><\/td>\n<td style=\"width: 47.7066%; border-style: double; border-color: #f7a500;\"><a href=\"https:\/\/www.smartystore.it\/v25\/wp-content\/uploads\/2022\/01\/Cromix_Tracciato-4tasche.pdf\" target=\"_blank\" rel=\"noopener\"><strong>TRACCIATO FUSTELLA PER ESPOSITORE CON 4 TASCHE<\/strong><\/a><\/td>\n<\/tr>\n<tr>\n<td style=\"width: 4.32955%; border-style: double; border-color: #f7a500;\"><a href=\"https:\/\/www.smartystore.it\/v25\/wp-content\/uploads\/2022\/01\/Cromix_Tracciato-5tasche.pdf\" target=\"_blank\" rel=\"noopener\"><img loading=\"lazy\" decoding=\"async\" class=\"alignnone size-full wp-image-93609\" src=\"https:\/\/www.smartystore.it\/v25\/wp-content\/uploads\/2021\/02\/LogoDownload_green-1.jpg\" alt=\"\" width=\"50\" height=\"50\" \/><\/a><\/td>\n<td style=\"width: 47.7066%; border-style: double; border-color: #f7a500;\"><a href=\"https:\/\/www.smartystore.it\/v25\/wp-content\/uploads\/2022\/01\/Cromix_Tracciato-5tasche.pdf\" target=\"_blank\" rel=\"noopener\"><strong>TRACCIATO FUSTELLA PER ESPOSITORE CON 5 TASCHE<\/strong><\/a><\/td>\n<\/tr>\n<tr>\n<td style=\"width: 4.32955%; border-style: double; border-color: #f7a500;\"><a href=\"https:\/\/www.smartystore.it\/v25\/wp-content\/uploads\/2022\/01\/Cromix_Tracciato-monof-retro-senza-tasche.pdf\" target=\"_blank\" rel=\"noopener\"><img loading=\"lazy\" decoding=\"async\" class=\"alignnone size-full wp-image-93609\" src=\"https:\/\/www.smartystore.it\/v25\/wp-content\/uploads\/2021\/02\/LogoDownload_green-1.jpg\" alt=\"\" width=\"50\" height=\"50\" \/><\/a><\/td>\n<td style=\"width: 47.7066%; border-style: double; border-color: #f7a500;\"><a href=\"https:\/\/www.smartystore.it\/v25\/wp-content\/uploads\/2022\/01\/Cromix_Tracciato-monof-retro-senza-tasche.pdf\" target=\"_blank\" rel=\"noopener\"><strong>TRACCIATO FUSTELLA PER RETRO ESPOSITORE VERSIONE MONOFACCIALE<\/strong><\/a><\/td>\n<\/tr>\n<\/tbody>\n<\/table>\n<p>&nbsp;<\/p>\n<p><b>SERVIZI DI GRAFICA E STAMPA<\/b><\/p>\n<p>Smarty Store pu\u00f2 fornire il servizio di impaginazione e\/o della stampa.<\/p>\n<p>Se viene richiesto il servizio di sola stampa, il cliente dovr\u00e0 inviare il file di stampa in formato PDF. La grafica verr\u00e0 stampata cos\u00ec come ricevuta nel file.<\/p>\n<p>Se viene richiesto il servizio di impaginazione, la nostra struttura si metter\u00e0 in contatto telefonico con il cliente per le necessarie informazioni. Dall&#8217;impostazione grafica restano escluse le immagini che dovranno essere fornite dal cliente o quotate separatamente.<br \/>\nIl cliente ricever\u00e0 la proposta grafica in formato PDF per approvazione.<\/p>\n<p><b>ATTENZIONE:<\/b><br \/>\nI colori visualizzati possono differire da monitor a monitor. Per i colori di stampa \u00e8 necessario fare sempre riferimento alla scala Pantone.<br \/>\nSmarty Store non si assume alcuna responsabilit\u00e0 nel caso di colori controllati dal cliente solo sul proprio monitor.<\/p>\n<p>[\/vc_column_text][\/vc_column][\/vc_row]<\/p>\n<\/div>","protected":false},"excerpt":{"rendered":"<p>Espositore pubblicitario da pavimento con\u00a0 tasche in plexy trasparente formato A4 e pannello di fondo. Possibilit\u00e0 di scegliere il numero delle tasche e di personalizzare il pannello.<\/p>\n","protected":false},"featured_media":80115,"comment_status":"open","ping_status":"closed","template":"","meta":{"_acf_changed":false},"pwb-brand":[],"product_brand":[],"product_cat":[2055,2807,2035,2103,2523],"product_tag":[7125,7128,7129,7127,7124,7126,7123],"class_list":{"0":"post-76728","1":"product","2":"type-product","3":"status-publish","4":"has-post-thumbnail","6":"product_cat-espositori-pubblicitari-1","7":"product_cat-porta-depliant-porta-cataloghi-serie-quadra","8":"product_cat-porta-depliants-cataloghi","9":"product_cat-portadepliant-a-piantana","10":"product_cat-serie-quadra","11":"product_tag-espositore-da-terra-per-cataloghi-a4","12":"product_tag-espositore-porta-depliant-a4-monofacciale-espositore-porta-depliant-a4-bifacciale","13":"product_tag-espositore-porta-depliant-a4-personalizzato","14":"product_tag-porta-cataloghi-con-piantana-per-formati-a4","15":"product_tag-porta-cataloghi-da-terra-a4","16":"product_tag-porta-depliant-a4-da-pavimento-configurabile","17":"product_tag-portacataloghi-da-pavimento-a4","18":"pa_c2c_base-3b-basequadrata","19":"pa_c2c_color-28-silver","20":"pa_c2c_dimensione-a4","21":"pa_c2c_grafica-f2-no","22":"pa_c2c_grafica-e4-si","23":"pa_c2c_materiale-alluminio","24":"pa_c2c_materiale-63-forex","25":"pa_c2c_mono_bifacciale-19-bifacciale","26":"pa_c2c_mono_bifacciale-ca-monofacciale","27":"pa_c2c_stampa-f2-no","28":"pa_c2c_stampa-e4-si","29":"pa_serie-serie-quadra","30":"pa_tasche-2527","31":"pa_tasche-2517","32":"pa_tasche-2518","33":"pa_tasche-2519","34":"pa_tasche-2520","36":"first","37":"instock","38":"taxable","39":"shipping-taxable","40":"purchasable","41":"product-type-variable"},"acf":[],"yoast_head":"<!-- This site is optimized with the Yoast SEO plugin v27.4 - https:\/\/yoast.com\/product\/yoast-seo-wordpress\/ -->\n<title>Espositore portadepliant configurabile con tasche A4 - Smarty Store Miglior Prezzo<\/title>\n<meta name=\"description\" content=\"Espositore portadepliant configurabile con tasche A4. Scelta del numero delle tasche e stampa personalizzata bifacciale del pannello.\" \/>\n<meta name=\"robots\" content=\"index, follow, max-snippet:-1, max-image-preview:large, max-video-preview:-1\" \/>\n<link rel=\"canonical\" href=\"https:\/\/www.smartystore.it\/it\/prodotto\/espositore-portadepliant-configurabile-con-tasche-a4\/\" \/>\n<meta property=\"og:locale\" content=\"it_IT\" \/>\n<meta property=\"og:type\" content=\"article\" \/>\n<meta property=\"og:title\" content=\"Espositore portadepliant configurabile con tasche A4 - Smarty Store Miglior Prezzo\" \/>\n<meta property=\"og:description\" content=\"Espositore portadepliant configurabile con tasche A4. Scelta del numero delle tasche e stampa personalizzata bifacciale del pannello.\" \/>\n<meta property=\"og:url\" content=\"https:\/\/www.smartystore.it\/it\/prodotto\/espositore-portadepliant-configurabile-con-tasche-a4\/\" \/>\n<meta property=\"og:site_name\" content=\"Smarty Store\" \/>\n<meta property=\"article:modified_time\" content=\"2026-04-17T13:42:43+00:00\" \/>\n<meta property=\"og:image\" content=\"https:\/\/www.smartystore.it\/v25\/wp-content\/uploads\/2022\/01\/Espositore-pubblicitario-da-terra-con-tasche-portadepliant-A4-con-divisorio-1-3-A4-pannello-dibond-monofacciale-bifacciale-1.jpg\" \/>\n\t<meta property=\"og:image:width\" content=\"1000\" \/>\n\t<meta property=\"og:image:height\" content=\"1000\" \/>\n\t<meta property=\"og:image:type\" content=\"image\/jpeg\" \/>\n<meta name=\"twitter:card\" content=\"summary_large_image\" \/>\n<meta name=\"twitter:label1\" content=\"Tempo di lettura stimato\" \/>\n\t<meta name=\"twitter:data1\" content=\"5 minuti\" \/>\n<script type=\"application\/ld+json\" class=\"yoast-schema-graph\">{\"@context\":\"https:\\\/\\\/schema.org\",\"@graph\":[{\"@type\":\"WebPage\",\"@id\":\"https:\\\/\\\/www.smartystore.it\\\/it\\\/prodotto\\\/espositore-portadepliant-configurabile-con-tasche-a4\\\/\",\"url\":\"https:\\\/\\\/www.smartystore.it\\\/it\\\/prodotto\\\/espositore-portadepliant-configurabile-con-tasche-a4\\\/\",\"name\":\"Espositore portadepliant configurabile con tasche A4 - Smarty Store Miglior Prezzo\",\"isPartOf\":{\"@id\":\"https:\\\/\\\/www.smartystore.it\\\/it\\\/#website\"},\"primaryImageOfPage\":{\"@id\":\"https:\\\/\\\/www.smartystore.it\\\/it\\\/prodotto\\\/espositore-portadepliant-configurabile-con-tasche-a4\\\/#primaryimage\"},\"image\":{\"@id\":\"https:\\\/\\\/www.smartystore.it\\\/it\\\/prodotto\\\/espositore-portadepliant-configurabile-con-tasche-a4\\\/#primaryimage\"},\"thumbnailUrl\":\"https:\\\/\\\/www.smartystore.it\\\/v25\\\/wp-content\\\/uploads\\\/2022\\\/01\\\/Espositore-pubblicitario-da-terra-con-tasche-portadepliant-A4-con-divisorio-1-3-A4-pannello-dibond-monofacciale-bifacciale-1.jpg\",\"datePublished\":\"2022-01-04T15:10:10+00:00\",\"dateModified\":\"2026-04-17T13:42:43+00:00\",\"description\":\"Espositore portadepliant configurabile con tasche A4. Scelta del numero delle tasche e stampa personalizzata bifacciale del pannello.\",\"breadcrumb\":{\"@id\":\"https:\\\/\\\/www.smartystore.it\\\/it\\\/prodotto\\\/espositore-portadepliant-configurabile-con-tasche-a4\\\/#breadcrumb\"},\"inLanguage\":\"it-IT\",\"potentialAction\":[{\"@type\":\"ReadAction\",\"target\":[\"https:\\\/\\\/www.smartystore.it\\\/it\\\/prodotto\\\/espositore-portadepliant-configurabile-con-tasche-a4\\\/\"]}]},{\"@type\":\"ImageObject\",\"inLanguage\":\"it-IT\",\"@id\":\"https:\\\/\\\/www.smartystore.it\\\/it\\\/prodotto\\\/espositore-portadepliant-configurabile-con-tasche-a4\\\/#primaryimage\",\"url\":\"https:\\\/\\\/www.smartystore.it\\\/v25\\\/wp-content\\\/uploads\\\/2022\\\/01\\\/Espositore-pubblicitario-da-terra-con-tasche-portadepliant-A4-con-divisorio-1-3-A4-pannello-dibond-monofacciale-bifacciale-1.jpg\",\"contentUrl\":\"https:\\\/\\\/www.smartystore.it\\\/v25\\\/wp-content\\\/uploads\\\/2022\\\/01\\\/Espositore-pubblicitario-da-terra-con-tasche-portadepliant-A4-con-divisorio-1-3-A4-pannello-dibond-monofacciale-bifacciale-1.jpg\",\"width\":1000,\"height\":1000,\"caption\":\"Espositore pubblicitario da terra con tasche portadepliant A4 con divisorio 1 3 A4 pannello dibond monofacciale bifacciale 1\"},{\"@type\":\"BreadcrumbList\",\"@id\":\"https:\\\/\\\/www.smartystore.it\\\/it\\\/prodotto\\\/espositore-portadepliant-configurabile-con-tasche-a4\\\/#breadcrumb\",\"itemListElement\":[{\"@type\":\"ListItem\",\"position\":1,\"name\":\"Home\",\"item\":\"https:\\\/\\\/www.smartystore.it\\\/it\\\/\"},{\"@type\":\"ListItem\",\"position\":2,\"name\":\"Shop\",\"item\":\"https:\\\/\\\/www.smartystore.it\\\/it\\\/shop\\\/\"},{\"@type\":\"ListItem\",\"position\":3,\"name\":\"Espositore portadepliant configurabile con tasche A4\"}]},{\"@type\":\"WebSite\",\"@id\":\"https:\\\/\\\/www.smartystore.it\\\/it\\\/#website\",\"url\":\"https:\\\/\\\/www.smartystore.it\\\/it\\\/\",\"name\":\"Smarty Store\",\"description\":\"\",\"potentialAction\":[{\"@type\":\"SearchAction\",\"target\":{\"@type\":\"EntryPoint\",\"urlTemplate\":\"https:\\\/\\\/www.smartystore.it\\\/it\\\/?s={search_term_string}\"},\"query-input\":{\"@type\":\"PropertyValueSpecification\",\"valueRequired\":true,\"valueName\":\"search_term_string\"}}],\"inLanguage\":\"it-IT\"}]}<\/script>\n<!-- \/ Yoast SEO plugin. -->","yoast_head_json":{"title":"Espositore portadepliant configurabile con tasche A4 - Smarty Store Miglior Prezzo","description":"Espositore portadepliant configurabile con tasche A4. Scelta del numero delle tasche e stampa personalizzata bifacciale del pannello.","robots":{"index":"index","follow":"follow","max-snippet":"max-snippet:-1","max-image-preview":"max-image-preview:large","max-video-preview":"max-video-preview:-1"},"canonical":"https:\/\/www.smartystore.it\/it\/prodotto\/espositore-portadepliant-configurabile-con-tasche-a4\/","og_locale":"it_IT","og_type":"article","og_title":"Espositore portadepliant configurabile con tasche A4 - Smarty Store Miglior Prezzo","og_description":"Espositore portadepliant configurabile con tasche A4. Scelta del numero delle tasche e stampa personalizzata bifacciale del pannello.","og_url":"https:\/\/www.smartystore.it\/it\/prodotto\/espositore-portadepliant-configurabile-con-tasche-a4\/","og_site_name":"Smarty Store","article_modified_time":"2026-04-17T13:42:43+00:00","og_image":[{"width":1000,"height":1000,"url":"https:\/\/www.smartystore.it\/v25\/wp-content\/uploads\/2022\/01\/Espositore-pubblicitario-da-terra-con-tasche-portadepliant-A4-con-divisorio-1-3-A4-pannello-dibond-monofacciale-bifacciale-1.jpg","type":"image\/jpeg"}],"twitter_card":"summary_large_image","twitter_misc":{"Tempo di lettura stimato":"5 minuti"},"schema":{"@context":"https:\/\/schema.org","@graph":[{"@type":"WebPage","@id":"https:\/\/www.smartystore.it\/it\/prodotto\/espositore-portadepliant-configurabile-con-tasche-a4\/","url":"https:\/\/www.smartystore.it\/it\/prodotto\/espositore-portadepliant-configurabile-con-tasche-a4\/","name":"Espositore portadepliant configurabile con tasche A4 - Smarty Store Miglior Prezzo","isPartOf":{"@id":"https:\/\/www.smartystore.it\/it\/#website"},"primaryImageOfPage":{"@id":"https:\/\/www.smartystore.it\/it\/prodotto\/espositore-portadepliant-configurabile-con-tasche-a4\/#primaryimage"},"image":{"@id":"https:\/\/www.smartystore.it\/it\/prodotto\/espositore-portadepliant-configurabile-con-tasche-a4\/#primaryimage"},"thumbnailUrl":"https:\/\/www.smartystore.it\/v25\/wp-content\/uploads\/2022\/01\/Espositore-pubblicitario-da-terra-con-tasche-portadepliant-A4-con-divisorio-1-3-A4-pannello-dibond-monofacciale-bifacciale-1.jpg","datePublished":"2022-01-04T15:10:10+00:00","dateModified":"2026-04-17T13:42:43+00:00","description":"Espositore portadepliant configurabile con tasche A4. Scelta del numero delle tasche e stampa personalizzata bifacciale del pannello.","breadcrumb":{"@id":"https:\/\/www.smartystore.it\/it\/prodotto\/espositore-portadepliant-configurabile-con-tasche-a4\/#breadcrumb"},"inLanguage":"it-IT","potentialAction":[{"@type":"ReadAction","target":["https:\/\/www.smartystore.it\/it\/prodotto\/espositore-portadepliant-configurabile-con-tasche-a4\/"]}]},{"@type":"ImageObject","inLanguage":"it-IT","@id":"https:\/\/www.smartystore.it\/it\/prodotto\/espositore-portadepliant-configurabile-con-tasche-a4\/#primaryimage","url":"https:\/\/www.smartystore.it\/v25\/wp-content\/uploads\/2022\/01\/Espositore-pubblicitario-da-terra-con-tasche-portadepliant-A4-con-divisorio-1-3-A4-pannello-dibond-monofacciale-bifacciale-1.jpg","contentUrl":"https:\/\/www.smartystore.it\/v25\/wp-content\/uploads\/2022\/01\/Espositore-pubblicitario-da-terra-con-tasche-portadepliant-A4-con-divisorio-1-3-A4-pannello-dibond-monofacciale-bifacciale-1.jpg","width":1000,"height":1000,"caption":"Espositore pubblicitario da terra con tasche portadepliant A4 con divisorio 1 3 A4 pannello dibond monofacciale bifacciale 1"},{"@type":"BreadcrumbList","@id":"https:\/\/www.smartystore.it\/it\/prodotto\/espositore-portadepliant-configurabile-con-tasche-a4\/#breadcrumb","itemListElement":[{"@type":"ListItem","position":1,"name":"Home","item":"https:\/\/www.smartystore.it\/it\/"},{"@type":"ListItem","position":2,"name":"Shop","item":"https:\/\/www.smartystore.it\/it\/shop\/"},{"@type":"ListItem","position":3,"name":"Espositore portadepliant configurabile con tasche A4"}]},{"@type":"WebSite","@id":"https:\/\/www.smartystore.it\/it\/#website","url":"https:\/\/www.smartystore.it\/it\/","name":"Smarty Store","description":"","potentialAction":[{"@type":"SearchAction","target":{"@type":"EntryPoint","urlTemplate":"https:\/\/www.smartystore.it\/it\/?s={search_term_string}"},"query-input":{"@type":"PropertyValueSpecification","valueRequired":true,"valueName":"search_term_string"}}],"inLanguage":"it-IT"}]}},"brands":[],"_links":{"self":[{"href":"https:\/\/www.smartystore.it\/it\/wp-json\/wp\/v2\/product\/76728","targetHints":{"allow":["GET"]}}],"collection":[{"href":"https:\/\/www.smartystore.it\/it\/wp-json\/wp\/v2\/product"}],"about":[{"href":"https:\/\/www.smartystore.it\/it\/wp-json\/wp\/v2\/types\/product"}],"replies":[{"embeddable":true,"href":"https:\/\/www.smartystore.it\/it\/wp-json\/wp\/v2\/comments?post=76728"}],"wp:featuredmedia":[{"embeddable":true,"href":"https:\/\/www.smartystore.it\/it\/wp-json\/wp\/v2\/media\/80115"}],"wp:attachment":[{"href":"https:\/\/www.smartystore.it\/it\/wp-json\/wp\/v2\/media?parent=76728"}],"wp:term":[{"taxonomy":"pwb-brand","embeddable":true,"href":"https:\/\/www.smartystore.it\/it\/wp-json\/wp\/v2\/pwb-brand?post=76728"},{"taxonomy":"product_brand","embeddable":true,"href":"https:\/\/www.smartystore.it\/it\/wp-json\/wp\/v2\/product_brand?post=76728"},{"taxonomy":"product_cat","embeddable":true,"href":"https:\/\/www.smartystore.it\/it\/wp-json\/wp\/v2\/product_cat?post=76728"},{"taxonomy":"product_tag","embeddable":true,"href":"https:\/\/www.smartystore.it\/it\/wp-json\/wp\/v2\/product_tag?post=76728"}],"curies":[{"name":"wp","href":"https:\/\/api.w.org\/{rel}","templated":true}]}}