{"id":76579,"date":"2021-11-16T18:43:03","date_gmt":"2021-11-16T16:43:03","guid":{"rendered":"https:\/\/www.smartystore.it\/?post_type=product&#038;p=76579"},"modified":"2026-02-20T19:00:16","modified_gmt":"2026-02-20T17:00:16","slug":"espositore-con-cornice-a-scatto-100x140-pro","status":"publish","type":"product","link":"https:\/\/www.smartystore.it\/it\/prodotto\/espositore-con-cornice-a-scatto-100x140-pro\/","title":{"rendered":"Espositore con cornice a scatto 100&#215;140 PRO"},"content":{"rendered":"<div class=\"wpb-content-wrapper\"><p>[vc_row][vc_column][vc_column_text css=&#8221;&#8221; css_params=&#8221;&#8221;]<\/p>\n<h1>Espositore con cornice a scatto 100&#215;140 PRO<\/h1>\n<p>L&#8217;espositore con cornice a scatto 100&#215;140 PRO \u00e8 una struttura da terra che fa parte della linea SERIE QUADRA. Interamente prodotto in alluminio, \u00e8 composto da una cornice a scatto per stampati 100&#215;140, doppio montante a sezione quadra (da cui deriva il nome della serie) e una base in metallo verniciata a polveri color silver.<\/p>\n<p>La Linea PRO della SERIE QUADRA \u00e8 particolarmente indicata per un utilizzo pi\u00f9 intensivo e su attivit\u00e0 commerciali ad alto traffico pedonale.\u00a0Questo nuovo modello ha infatti montanti da 30&#215;30 mm. e cornici con bordo da 32 mm. (solo con angoli tondi) anzich\u00e9 da 25 mm. che lo rendono <strong>pi\u00f9 robusto e stabile<\/strong>.<\/p>\n<h2>Espositore con cornice a scatto 100&#215;140 PRO: alto impatto visivo<\/h2>\n<p>Indicato per esporre messaggi di promozione o anche semplicemente messaggi per indicare la direzione da seguire per raggiungere uffici e piani desiderati, l&#8217;espositore autoportante con cornice a scatto pu\u00f2 essere utilizzato in locali come showroom, supermercati, meeting, convegni, ingressi di aziende e in qualsiasi posto dove si ha la necessit\u00e0 di esporre il proprio messaggio.<\/p>\n<p>Ulteriore nota aggiuntiva \u00e8 il poter scegliere in fase di ordine se si desidera l&#8217;espositore nella versione monofacciale o bifacciale a seconda della necessit\u00e0 di doverlo posizionare su un passaggio a senso unico o a doppio senso.<\/p>\n<h3>CARATTERISTICHE:<\/h3>\n<ul>\n<li>Cornice: frame 32 (larghezza del profilo: 32 mm.).<\/li>\n<li>Tipo di cornice: angolo tondo cromato.<\/li>\n<li>Cornice a scatto in alluminio silver completa di protezione in PVC antiriflesso.<\/li>\n<li>Montanti in alluminio anodizzato a sezione quadra: H 185- L 3 cm.<\/li>\n<li>Base quadrata in metallo verniciato a polveri color silver: L 42 cm. &#8211; H 0,6 cm. &#8211; P 42 cm.<\/li>\n<li><span style=\"text-decoration: underline;\"><strong>BASE ULTRA PIATTA ANTINCIAMPO: spessore 6 mm.<\/strong><\/span><\/li>\n<li>Formato stampato: 100&#215;140.<\/li>\n<li>Area visibile: 98 x 138 cm<\/li>\n<li>Dimensione cornice: 104,5 x 144,5 cm.<\/li>\n<li>Dimensioni espositore: L 104,5 &#8211; H 185,6 &#8211; P 42<\/li>\n<li>Peso espositore: ca. 16,20 Kg. per la versione monofacciale e ca. 21 Kg. per la versione bifacciale.<\/li>\n<\/ul>\n<p>&nbsp;<\/p>\n<p>SmartyStore assiste in pieno i suoi clienti quindi, se hai necessit\u00e0 di poster 70&#215;100 da inserire nella cornice, puoi trovare ci\u00f2 che cerchi al seguente <a href=\"https:\/\/www.smartystore.it\/prodotto\/stampa-poster-monofacciale-su-carta\/\" target=\"_blank\" rel=\"noopener\"><strong>LINK<\/strong><\/a><\/p>\n<p>&nbsp;<\/p>\n<p><a href=\"https:\/\/www.smartystore.it\/v25\/wp-content\/uploads\/2024\/03\/Scheda-tecnica-cornici-autoportanti-PRO-50x70-70x100-A0-100x140-1.pdf\" target=\"_blank\" rel=\"noopener\"><img loading=\"lazy\" decoding=\"async\" class=\"alignnone size-full wp-image-93510\" src=\"https:\/\/www.smartystore.it\/v25\/wp-content\/uploads\/2014\/10\/SchedaTecnica-300-e1750084266903.png\" alt=\"\" width=\"249\" height=\"63\" \/><\/a><\/p>\n<p>[\/vc_column_text][\/vc_column][\/vc_row]<\/p>\n<\/div>","protected":false},"excerpt":{"rendered":"<p>Struttura autoportante mono o bifacciale con doppio montante in alluminio anodizzato a sezione quadra e cornice 100&#215;140.<\/p>\n","protected":false},"featured_media":87178,"comment_status":"open","ping_status":"closed","template":"","meta":{"_acf_changed":false},"pwb-brand":[],"product_brand":[3872],"product_cat":[2013,2113,2804,2523],"product_tag":[3586,3580,3584,3587,3583,3582,3588,3585,3589,3581],"class_list":{"0":"post-76579","1":"product","2":"type-product","3":"status-publish","4":"has-post-thumbnail","6":"product_brand-smartystore","7":"product_cat-cornici-a-scatto","8":"product_cat-cornici-autoportanti-e-a-leggio","9":"product_cat-espositori-con-cornici-a-scatto-per-poster","10":"product_cat-serie-quadra","11":"product_tag-espositore-autoportante-con-cornice-a-scatto-100x140","12":"product_tag-espositore-con-cornice-a-scatto-100x140","13":"product_tag-espositore-con-cornice-a-scatto-bifacciale-100x140","14":"product_tag-espositore-da-terra-con-cornice-a-scatto-100x140","15":"product_tag-espositore-da-vetrina-con-cornice-100x140","16":"product_tag-espositore-porta-messaggi-100x140","17":"product_tag-porta-avvisi-da-terra-con-cornice-100x140","18":"product_tag-porta-messaggi-autoportante-con-cornice-a-scatto-100x140","19":"product_tag-porta-poster-a-piantana-100x140","20":"product_tag-totem-espositore-con-cornice-a-scatto-100x140","21":"pa_c2c_angolo-f6-tondo","22":"pa_c2c_color-28-silver","23":"pa_c2c_dimensione-20-100x140","24":"pa_c2c_mono_bifacciale-19-bifacciale","25":"pa_c2c_mono_bifacciale-ca-monofacciale","26":"pa_c2c_trovraprezzi-ae-si","27":"pa_serie-serie-quadra","29":"first","30":"instock","31":"taxable","32":"shipping-taxable","33":"purchasable","34":"product-type-variable"},"acf":[],"yoast_head":"<!-- This site is optimized with the Yoast SEO plugin v27.4 - https:\/\/yoast.com\/product\/yoast-seo-wordpress\/ -->\n<title>Espositore con cornice a scatto 100x140 PRO - Al Miglior Prezzo<\/title>\n<meta name=\"description\" content=\"Espositore autoportante PRO con cornice a scatto 100x140 monofacciale o bifacciale con angoli tondi cromati e profilo da 32 mm.\" \/>\n<meta name=\"robots\" content=\"index, follow, max-snippet:-1, max-image-preview:large, max-video-preview:-1\" \/>\n<link rel=\"canonical\" href=\"https:\/\/www.smartystore.it\/it\/prodotto\/espositore-con-cornice-a-scatto-100x140-pro\/\" \/>\n<meta property=\"og:locale\" content=\"it_IT\" \/>\n<meta property=\"og:type\" content=\"article\" \/>\n<meta property=\"og:title\" content=\"Espositore con cornice a scatto 100x140 PRO - Al Miglior Prezzo\" \/>\n<meta property=\"og:description\" content=\"Espositore autoportante PRO con cornice a scatto 100x140 monofacciale o bifacciale con angoli tondi cromati e profilo da 32 mm.\" \/>\n<meta property=\"og:url\" content=\"https:\/\/www.smartystore.it\/it\/prodotto\/espositore-con-cornice-a-scatto-100x140-pro\/\" \/>\n<meta property=\"og:site_name\" content=\"Smarty Store\" \/>\n<meta property=\"article:modified_time\" content=\"2026-02-20T17:00:16+00:00\" \/>\n<meta property=\"og:image\" content=\"https:\/\/www.smartystore.it\/v25\/wp-content\/uploads\/2021\/11\/Cornice-a-scatto-autoportante-100x140-monofacciale-bifacciale-verticale-angolo-tondo-frame-32-5.jpg\" \/>\n\t<meta property=\"og:image:width\" content=\"1000\" \/>\n\t<meta property=\"og:image:height\" content=\"1000\" \/>\n\t<meta property=\"og:image:type\" content=\"image\/jpeg\" \/>\n<meta name=\"twitter:card\" content=\"summary_large_image\" \/>\n<meta name=\"twitter:label1\" content=\"Tempo di lettura stimato\" \/>\n\t<meta name=\"twitter:data1\" content=\"3 minuti\" \/>\n<script type=\"application\/ld+json\" class=\"yoast-schema-graph\">{\"@context\":\"https:\\\/\\\/schema.org\",\"@graph\":[{\"@type\":\"WebPage\",\"@id\":\"https:\\\/\\\/www.smartystore.it\\\/it\\\/prodotto\\\/espositore-con-cornice-a-scatto-100x140-pro\\\/\",\"url\":\"https:\\\/\\\/www.smartystore.it\\\/it\\\/prodotto\\\/espositore-con-cornice-a-scatto-100x140-pro\\\/\",\"name\":\"Espositore con cornice a scatto 100x140 PRO - Al Miglior Prezzo\",\"isPartOf\":{\"@id\":\"https:\\\/\\\/www.smartystore.it\\\/it\\\/#website\"},\"primaryImageOfPage\":{\"@id\":\"https:\\\/\\\/www.smartystore.it\\\/it\\\/prodotto\\\/espositore-con-cornice-a-scatto-100x140-pro\\\/#primaryimage\"},\"image\":{\"@id\":\"https:\\\/\\\/www.smartystore.it\\\/it\\\/prodotto\\\/espositore-con-cornice-a-scatto-100x140-pro\\\/#primaryimage\"},\"thumbnailUrl\":\"https:\\\/\\\/www.smartystore.it\\\/v25\\\/wp-content\\\/uploads\\\/2021\\\/11\\\/Cornice-a-scatto-autoportante-100x140-monofacciale-bifacciale-verticale-angolo-tondo-frame-32-5.jpg\",\"datePublished\":\"2021-11-16T16:43:03+00:00\",\"dateModified\":\"2026-02-20T17:00:16+00:00\",\"description\":\"Espositore autoportante PRO con cornice a scatto 100x140 monofacciale o bifacciale con angoli tondi cromati e profilo da 32 mm.\",\"breadcrumb\":{\"@id\":\"https:\\\/\\\/www.smartystore.it\\\/it\\\/prodotto\\\/espositore-con-cornice-a-scatto-100x140-pro\\\/#breadcrumb\"},\"inLanguage\":\"it-IT\",\"potentialAction\":[{\"@type\":\"ReadAction\",\"target\":[\"https:\\\/\\\/www.smartystore.it\\\/it\\\/prodotto\\\/espositore-con-cornice-a-scatto-100x140-pro\\\/\"]}]},{\"@type\":\"ImageObject\",\"inLanguage\":\"it-IT\",\"@id\":\"https:\\\/\\\/www.smartystore.it\\\/it\\\/prodotto\\\/espositore-con-cornice-a-scatto-100x140-pro\\\/#primaryimage\",\"url\":\"https:\\\/\\\/www.smartystore.it\\\/v25\\\/wp-content\\\/uploads\\\/2021\\\/11\\\/Cornice-a-scatto-autoportante-100x140-monofacciale-bifacciale-verticale-angolo-tondo-frame-32-5.jpg\",\"contentUrl\":\"https:\\\/\\\/www.smartystore.it\\\/v25\\\/wp-content\\\/uploads\\\/2021\\\/11\\\/Cornice-a-scatto-autoportante-100x140-monofacciale-bifacciale-verticale-angolo-tondo-frame-32-5.jpg\",\"width\":1000,\"height\":1000,\"caption\":\"Cornice a scatto autoportante 100x140 monofacciale bifacciale verticale angolo tondo frame 32\"},{\"@type\":\"BreadcrumbList\",\"@id\":\"https:\\\/\\\/www.smartystore.it\\\/it\\\/prodotto\\\/espositore-con-cornice-a-scatto-100x140-pro\\\/#breadcrumb\",\"itemListElement\":[{\"@type\":\"ListItem\",\"position\":1,\"name\":\"Home\",\"item\":\"https:\\\/\\\/www.smartystore.it\\\/it\\\/\"},{\"@type\":\"ListItem\",\"position\":2,\"name\":\"Shop\",\"item\":\"https:\\\/\\\/www.smartystore.it\\\/it\\\/shop\\\/\"},{\"@type\":\"ListItem\",\"position\":3,\"name\":\"Espositore con cornice a scatto 100&#215;140 PRO\"}]},{\"@type\":\"WebSite\",\"@id\":\"https:\\\/\\\/www.smartystore.it\\\/it\\\/#website\",\"url\":\"https:\\\/\\\/www.smartystore.it\\\/it\\\/\",\"name\":\"Smarty Store\",\"description\":\"\",\"potentialAction\":[{\"@type\":\"SearchAction\",\"target\":{\"@type\":\"EntryPoint\",\"urlTemplate\":\"https:\\\/\\\/www.smartystore.it\\\/it\\\/?s={search_term_string}\"},\"query-input\":{\"@type\":\"PropertyValueSpecification\",\"valueRequired\":true,\"valueName\":\"search_term_string\"}}],\"inLanguage\":\"it-IT\"}]}<\/script>\n<!-- \/ Yoast SEO plugin. -->","yoast_head_json":{"title":"Espositore con cornice a scatto 100x140 PRO - Al Miglior Prezzo","description":"Espositore autoportante PRO con cornice a scatto 100x140 monofacciale o bifacciale con angoli tondi cromati e profilo da 32 mm.","robots":{"index":"index","follow":"follow","max-snippet":"max-snippet:-1","max-image-preview":"max-image-preview:large","max-video-preview":"max-video-preview:-1"},"canonical":"https:\/\/www.smartystore.it\/it\/prodotto\/espositore-con-cornice-a-scatto-100x140-pro\/","og_locale":"it_IT","og_type":"article","og_title":"Espositore con cornice a scatto 100x140 PRO - Al Miglior Prezzo","og_description":"Espositore autoportante PRO con cornice a scatto 100x140 monofacciale o bifacciale con angoli tondi cromati e profilo da 32 mm.","og_url":"https:\/\/www.smartystore.it\/it\/prodotto\/espositore-con-cornice-a-scatto-100x140-pro\/","og_site_name":"Smarty Store","article_modified_time":"2026-02-20T17:00:16+00:00","og_image":[{"width":1000,"height":1000,"url":"https:\/\/www.smartystore.it\/v25\/wp-content\/uploads\/2021\/11\/Cornice-a-scatto-autoportante-100x140-monofacciale-bifacciale-verticale-angolo-tondo-frame-32-5.jpg","type":"image\/jpeg"}],"twitter_card":"summary_large_image","twitter_misc":{"Tempo di lettura stimato":"3 minuti"},"schema":{"@context":"https:\/\/schema.org","@graph":[{"@type":"WebPage","@id":"https:\/\/www.smartystore.it\/it\/prodotto\/espositore-con-cornice-a-scatto-100x140-pro\/","url":"https:\/\/www.smartystore.it\/it\/prodotto\/espositore-con-cornice-a-scatto-100x140-pro\/","name":"Espositore con cornice a scatto 100x140 PRO - Al Miglior Prezzo","isPartOf":{"@id":"https:\/\/www.smartystore.it\/it\/#website"},"primaryImageOfPage":{"@id":"https:\/\/www.smartystore.it\/it\/prodotto\/espositore-con-cornice-a-scatto-100x140-pro\/#primaryimage"},"image":{"@id":"https:\/\/www.smartystore.it\/it\/prodotto\/espositore-con-cornice-a-scatto-100x140-pro\/#primaryimage"},"thumbnailUrl":"https:\/\/www.smartystore.it\/v25\/wp-content\/uploads\/2021\/11\/Cornice-a-scatto-autoportante-100x140-monofacciale-bifacciale-verticale-angolo-tondo-frame-32-5.jpg","datePublished":"2021-11-16T16:43:03+00:00","dateModified":"2026-02-20T17:00:16+00:00","description":"Espositore autoportante PRO con cornice a scatto 100x140 monofacciale o bifacciale con angoli tondi cromati e profilo da 32 mm.","breadcrumb":{"@id":"https:\/\/www.smartystore.it\/it\/prodotto\/espositore-con-cornice-a-scatto-100x140-pro\/#breadcrumb"},"inLanguage":"it-IT","potentialAction":[{"@type":"ReadAction","target":["https:\/\/www.smartystore.it\/it\/prodotto\/espositore-con-cornice-a-scatto-100x140-pro\/"]}]},{"@type":"ImageObject","inLanguage":"it-IT","@id":"https:\/\/www.smartystore.it\/it\/prodotto\/espositore-con-cornice-a-scatto-100x140-pro\/#primaryimage","url":"https:\/\/www.smartystore.it\/v25\/wp-content\/uploads\/2021\/11\/Cornice-a-scatto-autoportante-100x140-monofacciale-bifacciale-verticale-angolo-tondo-frame-32-5.jpg","contentUrl":"https:\/\/www.smartystore.it\/v25\/wp-content\/uploads\/2021\/11\/Cornice-a-scatto-autoportante-100x140-monofacciale-bifacciale-verticale-angolo-tondo-frame-32-5.jpg","width":1000,"height":1000,"caption":"Cornice a scatto autoportante 100x140 monofacciale bifacciale verticale angolo tondo frame 32"},{"@type":"BreadcrumbList","@id":"https:\/\/www.smartystore.it\/it\/prodotto\/espositore-con-cornice-a-scatto-100x140-pro\/#breadcrumb","itemListElement":[{"@type":"ListItem","position":1,"name":"Home","item":"https:\/\/www.smartystore.it\/it\/"},{"@type":"ListItem","position":2,"name":"Shop","item":"https:\/\/www.smartystore.it\/it\/shop\/"},{"@type":"ListItem","position":3,"name":"Espositore con cornice a scatto 100&#215;140 PRO"}]},{"@type":"WebSite","@id":"https:\/\/www.smartystore.it\/it\/#website","url":"https:\/\/www.smartystore.it\/it\/","name":"Smarty Store","description":"","potentialAction":[{"@type":"SearchAction","target":{"@type":"EntryPoint","urlTemplate":"https:\/\/www.smartystore.it\/it\/?s={search_term_string}"},"query-input":{"@type":"PropertyValueSpecification","valueRequired":true,"valueName":"search_term_string"}}],"inLanguage":"it-IT"}]}},"brands":[],"_links":{"self":[{"href":"https:\/\/www.smartystore.it\/it\/wp-json\/wp\/v2\/product\/76579","targetHints":{"allow":["GET"]}}],"collection":[{"href":"https:\/\/www.smartystore.it\/it\/wp-json\/wp\/v2\/product"}],"about":[{"href":"https:\/\/www.smartystore.it\/it\/wp-json\/wp\/v2\/types\/product"}],"replies":[{"embeddable":true,"href":"https:\/\/www.smartystore.it\/it\/wp-json\/wp\/v2\/comments?post=76579"}],"wp:featuredmedia":[{"embeddable":true,"href":"https:\/\/www.smartystore.it\/it\/wp-json\/wp\/v2\/media\/87178"}],"wp:attachment":[{"href":"https:\/\/www.smartystore.it\/it\/wp-json\/wp\/v2\/media?parent=76579"}],"wp:term":[{"taxonomy":"pwb-brand","embeddable":true,"href":"https:\/\/www.smartystore.it\/it\/wp-json\/wp\/v2\/pwb-brand?post=76579"},{"taxonomy":"product_brand","embeddable":true,"href":"https:\/\/www.smartystore.it\/it\/wp-json\/wp\/v2\/product_brand?post=76579"},{"taxonomy":"product_cat","embeddable":true,"href":"https:\/\/www.smartystore.it\/it\/wp-json\/wp\/v2\/product_cat?post=76579"},{"taxonomy":"product_tag","embeddable":true,"href":"https:\/\/www.smartystore.it\/it\/wp-json\/wp\/v2\/product_tag?post=76579"}],"curies":[{"name":"wp","href":"https:\/\/api.w.org\/{rel}","templated":true}]}}