{"id":68659,"date":"2021-03-01T17:05:58","date_gmt":"2021-03-01T15:05:58","guid":{"rendered":"https:\/\/www.smartystore.it\/?post_type=product&#038;p=68659"},"modified":"2025-07-18T12:02:52","modified_gmt":"2025-07-18T10:02:52","slug":"avvolgitore-girevole-con-attacco-a-muro-e-nastro-di-45-metri","status":"publish","type":"product","link":"https:\/\/www.smartystore.it\/it\/prodotto\/avvolgitore-girevole-con-attacco-a-muro-e-nastro-di-45-metri\/","title":{"rendered":"Avvolgitore girevole con attacco a muro e nastro di 4,5 metri"},"content":{"rendered":"<h2>Avvolgitore girevole con attacco a muro e nastro di 4,5 metri : Un Eccellente Strumento per Ogni Esigenza<\/h2>\n<p>Avvolgitore girevole con attacco a muro e nastro di 4,5 metri realizzato in ABS nero, arricchito da eleganti inserti rossi o gialli, rappresenta una soluzione pratica e versatile per la gestione di accessi. La sua testina girevole a 180\u00ba consente un utilizzo fluido e senza ostacoli, facilitando l&#8217;accesso al nastro e migliorando notevolmente l&#8217;efficienza operativa.<\/p>\n<p>Questo dispositivo \u00e8 dotato di un nastro lungo quattro metri e mezzo, disponibile in due attraenti combinazioni di colori: nero\/giallo e bianco\/rosso. Tali opzioni non solo garantiscono visibilit\u00e0, ma si integrano perfettamente in diversi contesti, rendendolo adatto sia per ambienti professionali che per uso domestico.<\/p>\n<p>Il meccanismo di riavvolgimento autofrenante rappresenta un ulteriore punto di forza dell&#8217;avvolgitore, assicurando che il nastro venga ritirato in modo sicuro, senza il rischio di torsioni o grovigli. Inoltre, la clip di chiusura di sicurezza offre una protezione supplementare, evitando fuoriuscite accidentali e garantendo che il nastro rimanga in posizione quando non \u00e8 in uso.<\/p>\n<p>In sintesi, l&#8217;avvolgitore girevole con attacco a muro e nastro di 4,5 metri in ABS nero con inserti colorati \u00e8 un eccellente strumento che unisce funzionalit\u00e0 e design. La sua robustezza, insieme alla garanzia di sicurezza e praticit\u00e0 d&#8217;uso, lo rende un elemento indispensabile per ogni arredamento, assicurando ordine e semplicit\u00e0 nelle operazioni quotidiane.<\/p>\n<h3>CARATTERISTICHE<\/h3>\n<ul>\n<li>Avvolgitore con attacco a muro in ABS nero e inserti rossi o gialli.<\/li>\n<li>Testina girevole di 180\u00ba.<\/li>\n<li>Nastro di quattro metri e mezzo disponibile nelle seguenti colorazioni: nero\/giallo &#8211; bianco\/rosso.<\/li>\n<li>Riavvolgitore con meccanismo autofrenante con clip di chiusura di sicurezza.<\/li>\n<li>Da abbinare con la clip ricevente a muro (STR-STOP60).<\/li>\n<li>Dimensioni (in cm.): L 11,5 &#8211; H 18,5 &#8211; P 13,5<\/li>\n<\/ul>\n<table style=\"height: 102px; width: 72.5128%; border-collapse: collapse; border-style: solid; border-color: #a30000;\">\n<tbody>\n<tr style=\"height: 47px;\">\n<td style=\"width: 23.1537%; height: 47px; text-align: center; border-style: dotted; border-color: #b5b3b3;\"><span style=\"font-size: 12px;\"><strong>CODICE<\/strong><\/span><\/td>\n<td style=\"width: 30.2554%; height: 47px; text-align: center; border-style: dotted; border-color: #b5b3b3;\"><span style=\"font-size: 12px;\"><strong>COLORE AVVOLGITORE<\/strong><\/span><\/td>\n<td style=\"width: 21.2384%; height: 47px; text-align: center; border-style: dotted; border-color: #b5b3b3;\"><span style=\"font-size: 12px;\"><strong>COLORE NASTRO<\/strong><\/span><\/td>\n<td style=\"width: 25.3525%; text-align: center; height: 47px; border-style: dotted; border-color: #b5b3b3;\"><span style=\"font-size: 12px;\"><strong>DIMENSIONI<\/strong><\/span><\/td>\n<\/tr>\n<tr style=\"height: 32px;\">\n<td style=\"width: 23.1537%; height: 32px; text-align: center; border-style: dotted; border-color: #b5b3b3;\"><span style=\"font-size: 12px;\">STR-STOP76\/BR<\/span><\/td>\n<td style=\"width: 30.2554%; height: 32px; text-align: center; border-style: dotted; border-color: #b5b3b3;\"><span style=\"font-size: 12px;\">NERO CON INSERTI ROSSI<\/span><\/td>\n<td style=\"width: 21.2384%; height: 32px; text-align: center; border-style: dotted; border-color: #b5b3b3;\"><span style=\"font-size: 12px;\">BIANCO\/ROSSO<\/span><\/td>\n<td style=\"width: 25.3525%; text-align: center; height: 32px; border-style: dotted; border-color: #b5b3b3;\"><span style=\"font-size: 12px;\">L 11,5 &#8211; H 18,5 &#8211; P 13,5 cm.<\/span><\/td>\n<\/tr>\n<tr style=\"height: 23px;\">\n<td style=\"width: 23.1537%; height: 23px; text-align: center; border-style: dotted; border-color: #b5b3b3;\"><span style=\"font-size: 12px;\">STR-STOP75\/GN<\/span><\/td>\n<td style=\"width: 30.2554%; height: 23px; text-align: center; border-style: dotted; border-color: #b5b3b3;\"><span style=\"font-size: 12px;\">NERO CON INSERTI GIALLI<\/span><\/td>\n<td style=\"width: 21.2384%; height: 23px; text-align: center; border-style: dotted; border-color: #b5b3b3;\"><span style=\"font-size: 12px;\">NERO\/GIALLO<\/span><\/td>\n<td style=\"width: 25.3525%; text-align: center; height: 23px; border-style: dotted; border-color: #b5b3b3;\"><span style=\"font-size: 12px;\">L 11,5 &#8211; H 18,5 &#8211; P 13,5 cm.<\/span><\/td>\n<\/tr>\n<\/tbody>\n<\/table>\n<p><a href=\"https:\/\/www.smartystore.it\/v25\/wp-content\/uploads\/2021\/03\/STR-STOP75-76.pdf\" target=\"_blank\" rel=\"noopener\"><img loading=\"lazy\" decoding=\"async\" class=\"alignnone size-full wp-image-93510\" src=\"https:\/\/www.smartystore.it\/v25\/wp-content\/uploads\/2014\/10\/SchedaTecnica-300-e1750084266903.png\" alt=\"\" width=\"249\" height=\"63\" \/><\/a><\/p>\n<p>&nbsp;<\/p>\n<p>&nbsp;<\/p>\n","protected":false},"excerpt":{"rendered":"<p>Avvolgitore con attacco a muro orientabile e nastro di 4,5 metri disponibile in due colorazioni. Acquistabile da solo o con la clip ricevente a muro.<\/p>\n","protected":false},"featured_media":68663,"comment_status":"open","ping_status":"closed","template":"","meta":{"_acf_changed":false},"pwb-brand":[],"product_brand":[],"product_cat":[2139],"product_tag":[],"class_list":{"0":"post-68659","1":"product","2":"type-product","3":"status-publish","4":"has-post-thumbnail","6":"product_cat-nastri-cordoni-accessori","7":"pa_c2c_color-66-nerogiallo","8":"pa_c2c_color-08-rossobianco","9":"pa_c2c_configurazione-avvolgitore","10":"pa_c2c_configurazione-avvolgitore-clip-ricevente","11":"pa_c2c_dimensione-45-metri","12":"pa_c2c_trovraprezzi-ae-si","14":"first","15":"instock","16":"taxable","17":"shipping-taxable","18":"purchasable","19":"product-type-variable"},"acf":[],"yoast_head":"<!-- This site is optimized with the Yoast SEO plugin v27.4 - https:\/\/yoast.com\/product\/yoast-seo-wordpress\/ -->\n<title>Avvolgitore girevole con attacco a muro e nastro di 4,5 metri - Smarty Store<\/title>\n<meta name=\"description\" content=\"Avvolgitore girevole con attacco a muro e nastro di 4,5 metri disponibile in due colorazioni. Acquistabile da solo o con la clip ricevente a muro\" \/>\n<meta name=\"robots\" content=\"index, follow, max-snippet:-1, max-image-preview:large, max-video-preview:-1\" \/>\n<link rel=\"canonical\" href=\"https:\/\/www.smartystore.it\/it\/prodotto\/avvolgitore-girevole-con-attacco-a-muro-e-nastro-di-45-metri\/\" \/>\n<meta property=\"og:locale\" content=\"it_IT\" \/>\n<meta property=\"og:type\" content=\"article\" \/>\n<meta property=\"og:title\" content=\"Avvolgitore girevole con attacco a muro e nastro di 4,5 metri - Smarty Store\" \/>\n<meta property=\"og:description\" content=\"Avvolgitore girevole con attacco a muro e nastro di 4,5 metri disponibile in due colorazioni. Acquistabile da solo o con la clip ricevente a muro\" \/>\n<meta property=\"og:url\" content=\"https:\/\/www.smartystore.it\/it\/prodotto\/avvolgitore-girevole-con-attacco-a-muro-e-nastro-di-45-metri\/\" \/>\n<meta property=\"og:site_name\" content=\"Smarty Store\" \/>\n<meta property=\"article:modified_time\" content=\"2025-07-18T10:02:52+00:00\" \/>\n<meta property=\"og:image\" content=\"https:\/\/www.smartystore.it\/v25\/wp-content\/uploads\/2021\/03\/Avvolgitore-con-attacco-a-muro-girevole-con-nastro-bianco-rosso-e-nero-giallo-di-45-metri.jpg\" \/>\n\t<meta property=\"og:image:width\" content=\"1000\" \/>\n\t<meta property=\"og:image:height\" content=\"1000\" \/>\n\t<meta property=\"og:image:type\" content=\"image\/jpeg\" \/>\n<meta name=\"twitter:card\" content=\"summary_large_image\" \/>\n<meta name=\"twitter:label1\" content=\"Tempo di lettura stimato\" \/>\n\t<meta name=\"twitter:data1\" content=\"3 minuti\" \/>\n<script type=\"application\/ld+json\" class=\"yoast-schema-graph\">{\"@context\":\"https:\\\/\\\/schema.org\",\"@graph\":[{\"@type\":\"WebPage\",\"@id\":\"https:\\\/\\\/www.smartystore.it\\\/it\\\/prodotto\\\/avvolgitore-girevole-con-attacco-a-muro-e-nastro-di-45-metri\\\/\",\"url\":\"https:\\\/\\\/www.smartystore.it\\\/it\\\/prodotto\\\/avvolgitore-girevole-con-attacco-a-muro-e-nastro-di-45-metri\\\/\",\"name\":\"Avvolgitore girevole con attacco a muro e nastro di 4,5 metri - Smarty Store\",\"isPartOf\":{\"@id\":\"https:\\\/\\\/www.smartystore.it\\\/it\\\/#website\"},\"primaryImageOfPage\":{\"@id\":\"https:\\\/\\\/www.smartystore.it\\\/it\\\/prodotto\\\/avvolgitore-girevole-con-attacco-a-muro-e-nastro-di-45-metri\\\/#primaryimage\"},\"image\":{\"@id\":\"https:\\\/\\\/www.smartystore.it\\\/it\\\/prodotto\\\/avvolgitore-girevole-con-attacco-a-muro-e-nastro-di-45-metri\\\/#primaryimage\"},\"thumbnailUrl\":\"https:\\\/\\\/www.smartystore.it\\\/v25\\\/wp-content\\\/uploads\\\/2021\\\/03\\\/Avvolgitore-con-attacco-a-muro-girevole-con-nastro-bianco-rosso-e-nero-giallo-di-45-metri.jpg\",\"datePublished\":\"2021-03-01T15:05:58+00:00\",\"dateModified\":\"2025-07-18T10:02:52+00:00\",\"description\":\"Avvolgitore girevole con attacco a muro e nastro di 4,5 metri disponibile in due colorazioni. Acquistabile da solo o con la clip ricevente a muro\",\"breadcrumb\":{\"@id\":\"https:\\\/\\\/www.smartystore.it\\\/it\\\/prodotto\\\/avvolgitore-girevole-con-attacco-a-muro-e-nastro-di-45-metri\\\/#breadcrumb\"},\"inLanguage\":\"it-IT\",\"potentialAction\":[{\"@type\":\"ReadAction\",\"target\":[\"https:\\\/\\\/www.smartystore.it\\\/it\\\/prodotto\\\/avvolgitore-girevole-con-attacco-a-muro-e-nastro-di-45-metri\\\/\"]}]},{\"@type\":\"ImageObject\",\"inLanguage\":\"it-IT\",\"@id\":\"https:\\\/\\\/www.smartystore.it\\\/it\\\/prodotto\\\/avvolgitore-girevole-con-attacco-a-muro-e-nastro-di-45-metri\\\/#primaryimage\",\"url\":\"https:\\\/\\\/www.smartystore.it\\\/v25\\\/wp-content\\\/uploads\\\/2021\\\/03\\\/Avvolgitore-con-attacco-a-muro-girevole-con-nastro-bianco-rosso-e-nero-giallo-di-45-metri.jpg\",\"contentUrl\":\"https:\\\/\\\/www.smartystore.it\\\/v25\\\/wp-content\\\/uploads\\\/2021\\\/03\\\/Avvolgitore-con-attacco-a-muro-girevole-con-nastro-bianco-rosso-e-nero-giallo-di-45-metri.jpg\",\"width\":1000,\"height\":1000,\"caption\":\"Avvolgitore con attacco a muro girevole con nastro bianco rosso e nero giallo di 4.5 metri\"},{\"@type\":\"BreadcrumbList\",\"@id\":\"https:\\\/\\\/www.smartystore.it\\\/it\\\/prodotto\\\/avvolgitore-girevole-con-attacco-a-muro-e-nastro-di-45-metri\\\/#breadcrumb\",\"itemListElement\":[{\"@type\":\"ListItem\",\"position\":1,\"name\":\"Home\",\"item\":\"https:\\\/\\\/www.smartystore.it\\\/it\\\/\"},{\"@type\":\"ListItem\",\"position\":2,\"name\":\"Shop\",\"item\":\"https:\\\/\\\/www.smartystore.it\\\/it\\\/shop\\\/\"},{\"@type\":\"ListItem\",\"position\":3,\"name\":\"Avvolgitore girevole con attacco a muro e nastro di 4,5 metri\"}]},{\"@type\":\"WebSite\",\"@id\":\"https:\\\/\\\/www.smartystore.it\\\/it\\\/#website\",\"url\":\"https:\\\/\\\/www.smartystore.it\\\/it\\\/\",\"name\":\"Smarty Store\",\"description\":\"\",\"potentialAction\":[{\"@type\":\"SearchAction\",\"target\":{\"@type\":\"EntryPoint\",\"urlTemplate\":\"https:\\\/\\\/www.smartystore.it\\\/it\\\/?s={search_term_string}\"},\"query-input\":{\"@type\":\"PropertyValueSpecification\",\"valueRequired\":true,\"valueName\":\"search_term_string\"}}],\"inLanguage\":\"it-IT\"}]}<\/script>\n<!-- \/ Yoast SEO plugin. -->","yoast_head_json":{"title":"Avvolgitore girevole con attacco a muro e nastro di 4,5 metri - Smarty Store","description":"Avvolgitore girevole con attacco a muro e nastro di 4,5 metri disponibile in due colorazioni. Acquistabile da solo o con la clip ricevente a muro","robots":{"index":"index","follow":"follow","max-snippet":"max-snippet:-1","max-image-preview":"max-image-preview:large","max-video-preview":"max-video-preview:-1"},"canonical":"https:\/\/www.smartystore.it\/it\/prodotto\/avvolgitore-girevole-con-attacco-a-muro-e-nastro-di-45-metri\/","og_locale":"it_IT","og_type":"article","og_title":"Avvolgitore girevole con attacco a muro e nastro di 4,5 metri - Smarty Store","og_description":"Avvolgitore girevole con attacco a muro e nastro di 4,5 metri disponibile in due colorazioni. Acquistabile da solo o con la clip ricevente a muro","og_url":"https:\/\/www.smartystore.it\/it\/prodotto\/avvolgitore-girevole-con-attacco-a-muro-e-nastro-di-45-metri\/","og_site_name":"Smarty Store","article_modified_time":"2025-07-18T10:02:52+00:00","og_image":[{"width":1000,"height":1000,"url":"https:\/\/www.smartystore.it\/v25\/wp-content\/uploads\/2021\/03\/Avvolgitore-con-attacco-a-muro-girevole-con-nastro-bianco-rosso-e-nero-giallo-di-45-metri.jpg","type":"image\/jpeg"}],"twitter_card":"summary_large_image","twitter_misc":{"Tempo di lettura stimato":"3 minuti"},"schema":{"@context":"https:\/\/schema.org","@graph":[{"@type":"WebPage","@id":"https:\/\/www.smartystore.it\/it\/prodotto\/avvolgitore-girevole-con-attacco-a-muro-e-nastro-di-45-metri\/","url":"https:\/\/www.smartystore.it\/it\/prodotto\/avvolgitore-girevole-con-attacco-a-muro-e-nastro-di-45-metri\/","name":"Avvolgitore girevole con attacco a muro e nastro di 4,5 metri - Smarty Store","isPartOf":{"@id":"https:\/\/www.smartystore.it\/it\/#website"},"primaryImageOfPage":{"@id":"https:\/\/www.smartystore.it\/it\/prodotto\/avvolgitore-girevole-con-attacco-a-muro-e-nastro-di-45-metri\/#primaryimage"},"image":{"@id":"https:\/\/www.smartystore.it\/it\/prodotto\/avvolgitore-girevole-con-attacco-a-muro-e-nastro-di-45-metri\/#primaryimage"},"thumbnailUrl":"https:\/\/www.smartystore.it\/v25\/wp-content\/uploads\/2021\/03\/Avvolgitore-con-attacco-a-muro-girevole-con-nastro-bianco-rosso-e-nero-giallo-di-45-metri.jpg","datePublished":"2021-03-01T15:05:58+00:00","dateModified":"2025-07-18T10:02:52+00:00","description":"Avvolgitore girevole con attacco a muro e nastro di 4,5 metri disponibile in due colorazioni. Acquistabile da solo o con la clip ricevente a muro","breadcrumb":{"@id":"https:\/\/www.smartystore.it\/it\/prodotto\/avvolgitore-girevole-con-attacco-a-muro-e-nastro-di-45-metri\/#breadcrumb"},"inLanguage":"it-IT","potentialAction":[{"@type":"ReadAction","target":["https:\/\/www.smartystore.it\/it\/prodotto\/avvolgitore-girevole-con-attacco-a-muro-e-nastro-di-45-metri\/"]}]},{"@type":"ImageObject","inLanguage":"it-IT","@id":"https:\/\/www.smartystore.it\/it\/prodotto\/avvolgitore-girevole-con-attacco-a-muro-e-nastro-di-45-metri\/#primaryimage","url":"https:\/\/www.smartystore.it\/v25\/wp-content\/uploads\/2021\/03\/Avvolgitore-con-attacco-a-muro-girevole-con-nastro-bianco-rosso-e-nero-giallo-di-45-metri.jpg","contentUrl":"https:\/\/www.smartystore.it\/v25\/wp-content\/uploads\/2021\/03\/Avvolgitore-con-attacco-a-muro-girevole-con-nastro-bianco-rosso-e-nero-giallo-di-45-metri.jpg","width":1000,"height":1000,"caption":"Avvolgitore con attacco a muro girevole con nastro bianco rosso e nero giallo di 4.5 metri"},{"@type":"BreadcrumbList","@id":"https:\/\/www.smartystore.it\/it\/prodotto\/avvolgitore-girevole-con-attacco-a-muro-e-nastro-di-45-metri\/#breadcrumb","itemListElement":[{"@type":"ListItem","position":1,"name":"Home","item":"https:\/\/www.smartystore.it\/it\/"},{"@type":"ListItem","position":2,"name":"Shop","item":"https:\/\/www.smartystore.it\/it\/shop\/"},{"@type":"ListItem","position":3,"name":"Avvolgitore girevole con attacco a muro e nastro di 4,5 metri"}]},{"@type":"WebSite","@id":"https:\/\/www.smartystore.it\/it\/#website","url":"https:\/\/www.smartystore.it\/it\/","name":"Smarty Store","description":"","potentialAction":[{"@type":"SearchAction","target":{"@type":"EntryPoint","urlTemplate":"https:\/\/www.smartystore.it\/it\/?s={search_term_string}"},"query-input":{"@type":"PropertyValueSpecification","valueRequired":true,"valueName":"search_term_string"}}],"inLanguage":"it-IT"}]}},"brands":[],"_links":{"self":[{"href":"https:\/\/www.smartystore.it\/it\/wp-json\/wp\/v2\/product\/68659","targetHints":{"allow":["GET"]}}],"collection":[{"href":"https:\/\/www.smartystore.it\/it\/wp-json\/wp\/v2\/product"}],"about":[{"href":"https:\/\/www.smartystore.it\/it\/wp-json\/wp\/v2\/types\/product"}],"replies":[{"embeddable":true,"href":"https:\/\/www.smartystore.it\/it\/wp-json\/wp\/v2\/comments?post=68659"}],"wp:featuredmedia":[{"embeddable":true,"href":"https:\/\/www.smartystore.it\/it\/wp-json\/wp\/v2\/media\/68663"}],"wp:attachment":[{"href":"https:\/\/www.smartystore.it\/it\/wp-json\/wp\/v2\/media?parent=68659"}],"wp:term":[{"taxonomy":"pwb-brand","embeddable":true,"href":"https:\/\/www.smartystore.it\/it\/wp-json\/wp\/v2\/pwb-brand?post=68659"},{"taxonomy":"product_brand","embeddable":true,"href":"https:\/\/www.smartystore.it\/it\/wp-json\/wp\/v2\/product_brand?post=68659"},{"taxonomy":"product_cat","embeddable":true,"href":"https:\/\/www.smartystore.it\/it\/wp-json\/wp\/v2\/product_cat?post=68659"},{"taxonomy":"product_tag","embeddable":true,"href":"https:\/\/www.smartystore.it\/it\/wp-json\/wp\/v2\/product_tag?post=68659"}],"curies":[{"name":"wp","href":"https:\/\/api.w.org\/{rel}","templated":true}]}}