{"id":68540,"date":"2021-02-26T15:08:32","date_gmt":"2021-02-26T13:08:32","guid":{"rendered":"https:\/\/www.smartystore.it\/?post_type=product&#038;p=68540"},"modified":"2025-07-17T16:24:46","modified_gmt":"2025-07-17T14:24:46","slug":"colonnina-segnapercorso-black-con-doppio-nastro-di-3-metri-nastro-inferiore-blu","status":"publish","type":"product","link":"https:\/\/www.smartystore.it\/it\/prodotto\/colonnina-segnapercorso-black-con-doppio-nastro-di-3-metri-nastro-inferiore-blu\/","title":{"rendered":"Colonnina segnapercorso Black con doppio nastro di 3 metri &#8211; nastro inferiore blu"},"content":{"rendered":"<h2>Colonnina segnapercorso Black con doppio nastro di 3 metri: Sicurezza e Personalizzazione<\/h2>\n<p>La colonnina segnapercorso Black con doppio nastro di 3 metri \u00e8 un dispositivo progettato per garantire la sicurezza in spazi pubblici e privati, ostacolando il passaggio a bambini e cani di grossa taglia nella parte inferiore. Realizzata in robusto acciaio con finitura nera, questa colonnina rappresenta un elemento di design funzionale e durevole, capace di integrarsi armoniosamente in ogni contesto.<\/p>\n<p>Il sistema \u00e8 dotato di un nastro inferiore di colore blu, chiaramente visibile, che serve a segnalare in modo efficace le aree da evitare. Questa particolare caratteristica \u00e8 fondamentale per prevenire situazioni potenzialmente pericolose, contribuendo a creare ambienti pi\u00f9 sicuri per tutti.<\/p>\n<p>Un aspetto distintivo della colonnina \u00e8 la sua capacit\u00e0 di personalizzazione. I nastri possono essere personalizzati con il proprio logo o una scritta a richiesta, consentendo alle aziende e alle organizzazioni di promuovere il proprio brand mentre si preoccupano della sicurezza degli utenti. Questa opzione di personalizzazione rende la colonnina non solo uno strumento pratico, ma anche un mezzo di comunicazione visiva efficace.<\/p>\n<p>Inoltre, il nastro superiore \u00e8 disponibile in nove diverse colorazioni: arancione, bianco, bianco\/rosso, blu, giallo, nero, nero\/giallo, rosso e verde. Questa variet\u00e0 offre la possibilit\u00e0 di scegliere tonalit\u00e0 che si adattino meglio al contesto in cui verr\u00e0 installata la colonnina, consentendo cos\u00ec una maggiore integrazione estetica nell\u2019ambiente circostante.<\/p>\n<p>In conclusione, la colonnina segna percorso con doppio nastro si propone come una soluzione ideale per garantire la sicurezza in diverse situazioni, combinando funzionalit\u00e0, esteticit\u00e0 e la possibilit\u00e0 di personalizzazione, rendendola un&#8217;ottima scelta per ogni esigenza di protezione e segnaletica.<\/p>\n<h3>CARATTERISTICHE<\/h3>\n<p>Nastro superiore disponibile in 9 colorazioni: arancione, bianco, bianco\/rosso, blu, giallo, nero, nero\/giallo, rosso, verde.<\/p>\n<p>Dimensioni nastri: L 3 metri circa &#8211; H 5 cm.<\/p>\n<p>Riavvolgitore con meccanismo auto frenante con clip di chiusura di sicurezza e tre ganci ricevitori.<\/p>\n<p>Base con copertura in acciaio\u00a0\u00d8 36 cm, montante\u00a0\u00d8 6.3 cm, H colonna 101 cm.<\/p>\n<p>Peso totale colonnina: Kg 10 &#8211; Il peso assicura una maggiore stabilit\u00e0.<\/p>\n<p>Il costo \u00e8 riferito ad una colonnina completa di due nastri.<\/p>\n<p>Possibilit\u00e0 di personalizzare i nastri su entrambi i lati con logo a uno o pi\u00f9 colori tranne i nastri color nero\/giallo e bianco\/rosso (contattateci per maggiori informazioni e costi).<\/p>\n<p><a href=\"https:\/\/www.smartystore.it\/v25\/wp-content\/uploads\/2021\/02\/STR-STOP51DN.pdf\" target=\"_blank\" rel=\"noopener\"><img loading=\"lazy\" decoding=\"async\" class=\"alignnone size-full wp-image-93510\" src=\"https:\/\/www.smartystore.it\/v25\/wp-content\/uploads\/2014\/10\/SchedaTecnica-300-e1750084266903.png\" alt=\"\" width=\"249\" height=\"63\" \/><\/a><\/p>\n","protected":false},"excerpt":{"rendered":"<p>Colonnina tendinastro in acciaio con finitura nera con doppio nastro avvolgibile da 3 metri. Nastro inferiore color blu, nastro superiore disponibile in nove colorazioni.<\/p>\n","protected":false},"featured_media":68541,"comment_status":"open","ping_status":"closed","template":"","meta":{"_acf_changed":false},"pwb-brand":[],"product_brand":[],"product_cat":[2135],"product_tag":[],"class_list":{"0":"post-68540","1":"product","2":"type-product","3":"status-publish","4":"has-post-thumbnail","6":"product_cat-colonnine-segnapercorso-speciali","7":"pa_c2c_color-c3-arancione","8":"pa_c2c_color-35-bianco","9":"pa_c2c_color-65-blu","10":"pa_c2c_color-e1-giallo","11":"pa_c2c_color-d4-nero","12":"pa_c2c_color-66-nerogiallo","13":"pa_c2c_color-68-rosso","14":"pa_c2c_color-08-rossobianco","15":"pa_c2c_color-16-verde","16":"pa_c2c_dimensione-3-metri","17":"pa_c2c_trovraprezzi-ae-si","19":"first","20":"instock","21":"taxable","22":"shipping-taxable","23":"purchasable","24":"product-type-variable"},"acf":[],"yoast_head":"<!-- This site is optimized with the Yoast SEO plugin v27.4 - https:\/\/yoast.com\/product\/yoast-seo-wordpress\/ -->\n<title>Colonnina segnapercorso Black con doppio nastro di 3 metri - nastro inferiore blu - Smarty Store<\/title>\n<meta name=\"description\" content=\"Colonnina segnapercorso Black con doppio nastro di 3 metri. Nastro infavvolgibile inferiore color blu, nastro superiore disponibile in nove colorazioni.\" \/>\n<meta name=\"robots\" content=\"index, follow, max-snippet:-1, max-image-preview:large, max-video-preview:-1\" \/>\n<link rel=\"canonical\" href=\"https:\/\/www.smartystore.it\/it\/prodotto\/colonnina-segnapercorso-black-con-doppio-nastro-di-3-metri-nastro-inferiore-blu\/\" \/>\n<meta property=\"og:locale\" content=\"it_IT\" \/>\n<meta property=\"og:type\" content=\"article\" \/>\n<meta property=\"og:title\" content=\"Colonnina segnapercorso Black con doppio nastro di 3 metri - nastro inferiore blu - Smarty Store\" \/>\n<meta property=\"og:description\" content=\"Colonnina segnapercorso Black con doppio nastro di 3 metri. Nastro infavvolgibile inferiore color blu, nastro superiore disponibile in nove colorazioni.\" \/>\n<meta property=\"og:url\" content=\"https:\/\/www.smartystore.it\/it\/prodotto\/colonnina-segnapercorso-black-con-doppio-nastro-di-3-metri-nastro-inferiore-blu\/\" \/>\n<meta property=\"og:site_name\" content=\"Smarty Store\" \/>\n<meta property=\"article:modified_time\" content=\"2025-07-17T14:24:46+00:00\" \/>\n<meta property=\"og:image\" content=\"https:\/\/www.smartystore.it\/v25\/wp-content\/uploads\/2021\/02\/Colonnina-segna-percorso-in-acciaio-nero-con-doppio-nastro-blu-3-metri.jpg\" \/>\n\t<meta property=\"og:image:width\" content=\"1000\" \/>\n\t<meta property=\"og:image:height\" content=\"1000\" \/>\n\t<meta property=\"og:image:type\" content=\"image\/jpeg\" \/>\n<meta name=\"twitter:card\" content=\"summary_large_image\" \/>\n<meta name=\"twitter:label1\" content=\"Tempo di lettura stimato\" \/>\n\t<meta name=\"twitter:data1\" content=\"3 minuti\" \/>\n<script type=\"application\/ld+json\" class=\"yoast-schema-graph\">{\"@context\":\"https:\\\/\\\/schema.org\",\"@graph\":[{\"@type\":\"WebPage\",\"@id\":\"https:\\\/\\\/www.smartystore.it\\\/it\\\/prodotto\\\/colonnina-segnapercorso-black-con-doppio-nastro-di-3-metri-nastro-inferiore-blu\\\/\",\"url\":\"https:\\\/\\\/www.smartystore.it\\\/it\\\/prodotto\\\/colonnina-segnapercorso-black-con-doppio-nastro-di-3-metri-nastro-inferiore-blu\\\/\",\"name\":\"Colonnina segnapercorso Black con doppio nastro di 3 metri - nastro inferiore blu - Smarty Store\",\"isPartOf\":{\"@id\":\"https:\\\/\\\/www.smartystore.it\\\/it\\\/#website\"},\"primaryImageOfPage\":{\"@id\":\"https:\\\/\\\/www.smartystore.it\\\/it\\\/prodotto\\\/colonnina-segnapercorso-black-con-doppio-nastro-di-3-metri-nastro-inferiore-blu\\\/#primaryimage\"},\"image\":{\"@id\":\"https:\\\/\\\/www.smartystore.it\\\/it\\\/prodotto\\\/colonnina-segnapercorso-black-con-doppio-nastro-di-3-metri-nastro-inferiore-blu\\\/#primaryimage\"},\"thumbnailUrl\":\"https:\\\/\\\/www.smartystore.it\\\/v25\\\/wp-content\\\/uploads\\\/2021\\\/02\\\/Colonnina-segna-percorso-in-acciaio-nero-con-doppio-nastro-blu-3-metri.jpg\",\"datePublished\":\"2021-02-26T13:08:32+00:00\",\"dateModified\":\"2025-07-17T14:24:46+00:00\",\"description\":\"Colonnina segnapercorso Black con doppio nastro di 3 metri. Nastro infavvolgibile inferiore color blu, nastro superiore disponibile in nove colorazioni.\",\"breadcrumb\":{\"@id\":\"https:\\\/\\\/www.smartystore.it\\\/it\\\/prodotto\\\/colonnina-segnapercorso-black-con-doppio-nastro-di-3-metri-nastro-inferiore-blu\\\/#breadcrumb\"},\"inLanguage\":\"it-IT\",\"potentialAction\":[{\"@type\":\"ReadAction\",\"target\":[\"https:\\\/\\\/www.smartystore.it\\\/it\\\/prodotto\\\/colonnina-segnapercorso-black-con-doppio-nastro-di-3-metri-nastro-inferiore-blu\\\/\"]}]},{\"@type\":\"ImageObject\",\"inLanguage\":\"it-IT\",\"@id\":\"https:\\\/\\\/www.smartystore.it\\\/it\\\/prodotto\\\/colonnina-segnapercorso-black-con-doppio-nastro-di-3-metri-nastro-inferiore-blu\\\/#primaryimage\",\"url\":\"https:\\\/\\\/www.smartystore.it\\\/v25\\\/wp-content\\\/uploads\\\/2021\\\/02\\\/Colonnina-segna-percorso-in-acciaio-nero-con-doppio-nastro-blu-3-metri.jpg\",\"contentUrl\":\"https:\\\/\\\/www.smartystore.it\\\/v25\\\/wp-content\\\/uploads\\\/2021\\\/02\\\/Colonnina-segna-percorso-in-acciaio-nero-con-doppio-nastro-blu-3-metri.jpg\",\"width\":1000,\"height\":1000,\"caption\":\"Colonnina segna percorso in acciaio nero con doppio nastro blu 3 metri\"},{\"@type\":\"BreadcrumbList\",\"@id\":\"https:\\\/\\\/www.smartystore.it\\\/it\\\/prodotto\\\/colonnina-segnapercorso-black-con-doppio-nastro-di-3-metri-nastro-inferiore-blu\\\/#breadcrumb\",\"itemListElement\":[{\"@type\":\"ListItem\",\"position\":1,\"name\":\"Home\",\"item\":\"https:\\\/\\\/www.smartystore.it\\\/it\\\/\"},{\"@type\":\"ListItem\",\"position\":2,\"name\":\"Shop\",\"item\":\"https:\\\/\\\/www.smartystore.it\\\/it\\\/shop\\\/\"},{\"@type\":\"ListItem\",\"position\":3,\"name\":\"Colonnina segnapercorso Black con doppio nastro di 3 metri &#8211; nastro inferiore blu\"}]},{\"@type\":\"WebSite\",\"@id\":\"https:\\\/\\\/www.smartystore.it\\\/it\\\/#website\",\"url\":\"https:\\\/\\\/www.smartystore.it\\\/it\\\/\",\"name\":\"Smarty Store\",\"description\":\"\",\"potentialAction\":[{\"@type\":\"SearchAction\",\"target\":{\"@type\":\"EntryPoint\",\"urlTemplate\":\"https:\\\/\\\/www.smartystore.it\\\/it\\\/?s={search_term_string}\"},\"query-input\":{\"@type\":\"PropertyValueSpecification\",\"valueRequired\":true,\"valueName\":\"search_term_string\"}}],\"inLanguage\":\"it-IT\"}]}<\/script>\n<!-- \/ Yoast SEO plugin. -->","yoast_head_json":{"title":"Colonnina segnapercorso Black con doppio nastro di 3 metri - nastro inferiore blu - Smarty Store","description":"Colonnina segnapercorso Black con doppio nastro di 3 metri. Nastro infavvolgibile inferiore color blu, nastro superiore disponibile in nove colorazioni.","robots":{"index":"index","follow":"follow","max-snippet":"max-snippet:-1","max-image-preview":"max-image-preview:large","max-video-preview":"max-video-preview:-1"},"canonical":"https:\/\/www.smartystore.it\/it\/prodotto\/colonnina-segnapercorso-black-con-doppio-nastro-di-3-metri-nastro-inferiore-blu\/","og_locale":"it_IT","og_type":"article","og_title":"Colonnina segnapercorso Black con doppio nastro di 3 metri - nastro inferiore blu - Smarty Store","og_description":"Colonnina segnapercorso Black con doppio nastro di 3 metri. Nastro infavvolgibile inferiore color blu, nastro superiore disponibile in nove colorazioni.","og_url":"https:\/\/www.smartystore.it\/it\/prodotto\/colonnina-segnapercorso-black-con-doppio-nastro-di-3-metri-nastro-inferiore-blu\/","og_site_name":"Smarty Store","article_modified_time":"2025-07-17T14:24:46+00:00","og_image":[{"width":1000,"height":1000,"url":"https:\/\/www.smartystore.it\/v25\/wp-content\/uploads\/2021\/02\/Colonnina-segna-percorso-in-acciaio-nero-con-doppio-nastro-blu-3-metri.jpg","type":"image\/jpeg"}],"twitter_card":"summary_large_image","twitter_misc":{"Tempo di lettura stimato":"3 minuti"},"schema":{"@context":"https:\/\/schema.org","@graph":[{"@type":"WebPage","@id":"https:\/\/www.smartystore.it\/it\/prodotto\/colonnina-segnapercorso-black-con-doppio-nastro-di-3-metri-nastro-inferiore-blu\/","url":"https:\/\/www.smartystore.it\/it\/prodotto\/colonnina-segnapercorso-black-con-doppio-nastro-di-3-metri-nastro-inferiore-blu\/","name":"Colonnina segnapercorso Black con doppio nastro di 3 metri - nastro inferiore blu - Smarty Store","isPartOf":{"@id":"https:\/\/www.smartystore.it\/it\/#website"},"primaryImageOfPage":{"@id":"https:\/\/www.smartystore.it\/it\/prodotto\/colonnina-segnapercorso-black-con-doppio-nastro-di-3-metri-nastro-inferiore-blu\/#primaryimage"},"image":{"@id":"https:\/\/www.smartystore.it\/it\/prodotto\/colonnina-segnapercorso-black-con-doppio-nastro-di-3-metri-nastro-inferiore-blu\/#primaryimage"},"thumbnailUrl":"https:\/\/www.smartystore.it\/v25\/wp-content\/uploads\/2021\/02\/Colonnina-segna-percorso-in-acciaio-nero-con-doppio-nastro-blu-3-metri.jpg","datePublished":"2021-02-26T13:08:32+00:00","dateModified":"2025-07-17T14:24:46+00:00","description":"Colonnina segnapercorso Black con doppio nastro di 3 metri. Nastro infavvolgibile inferiore color blu, nastro superiore disponibile in nove colorazioni.","breadcrumb":{"@id":"https:\/\/www.smartystore.it\/it\/prodotto\/colonnina-segnapercorso-black-con-doppio-nastro-di-3-metri-nastro-inferiore-blu\/#breadcrumb"},"inLanguage":"it-IT","potentialAction":[{"@type":"ReadAction","target":["https:\/\/www.smartystore.it\/it\/prodotto\/colonnina-segnapercorso-black-con-doppio-nastro-di-3-metri-nastro-inferiore-blu\/"]}]},{"@type":"ImageObject","inLanguage":"it-IT","@id":"https:\/\/www.smartystore.it\/it\/prodotto\/colonnina-segnapercorso-black-con-doppio-nastro-di-3-metri-nastro-inferiore-blu\/#primaryimage","url":"https:\/\/www.smartystore.it\/v25\/wp-content\/uploads\/2021\/02\/Colonnina-segna-percorso-in-acciaio-nero-con-doppio-nastro-blu-3-metri.jpg","contentUrl":"https:\/\/www.smartystore.it\/v25\/wp-content\/uploads\/2021\/02\/Colonnina-segna-percorso-in-acciaio-nero-con-doppio-nastro-blu-3-metri.jpg","width":1000,"height":1000,"caption":"Colonnina segna percorso in acciaio nero con doppio nastro blu 3 metri"},{"@type":"BreadcrumbList","@id":"https:\/\/www.smartystore.it\/it\/prodotto\/colonnina-segnapercorso-black-con-doppio-nastro-di-3-metri-nastro-inferiore-blu\/#breadcrumb","itemListElement":[{"@type":"ListItem","position":1,"name":"Home","item":"https:\/\/www.smartystore.it\/it\/"},{"@type":"ListItem","position":2,"name":"Shop","item":"https:\/\/www.smartystore.it\/it\/shop\/"},{"@type":"ListItem","position":3,"name":"Colonnina segnapercorso Black con doppio nastro di 3 metri &#8211; nastro inferiore blu"}]},{"@type":"WebSite","@id":"https:\/\/www.smartystore.it\/it\/#website","url":"https:\/\/www.smartystore.it\/it\/","name":"Smarty Store","description":"","potentialAction":[{"@type":"SearchAction","target":{"@type":"EntryPoint","urlTemplate":"https:\/\/www.smartystore.it\/it\/?s={search_term_string}"},"query-input":{"@type":"PropertyValueSpecification","valueRequired":true,"valueName":"search_term_string"}}],"inLanguage":"it-IT"}]}},"brands":[],"_links":{"self":[{"href":"https:\/\/www.smartystore.it\/it\/wp-json\/wp\/v2\/product\/68540","targetHints":{"allow":["GET"]}}],"collection":[{"href":"https:\/\/www.smartystore.it\/it\/wp-json\/wp\/v2\/product"}],"about":[{"href":"https:\/\/www.smartystore.it\/it\/wp-json\/wp\/v2\/types\/product"}],"replies":[{"embeddable":true,"href":"https:\/\/www.smartystore.it\/it\/wp-json\/wp\/v2\/comments?post=68540"}],"wp:featuredmedia":[{"embeddable":true,"href":"https:\/\/www.smartystore.it\/it\/wp-json\/wp\/v2\/media\/68541"}],"wp:attachment":[{"href":"https:\/\/www.smartystore.it\/it\/wp-json\/wp\/v2\/media?parent=68540"}],"wp:term":[{"taxonomy":"pwb-brand","embeddable":true,"href":"https:\/\/www.smartystore.it\/it\/wp-json\/wp\/v2\/pwb-brand?post=68540"},{"taxonomy":"product_brand","embeddable":true,"href":"https:\/\/www.smartystore.it\/it\/wp-json\/wp\/v2\/product_brand?post=68540"},{"taxonomy":"product_cat","embeddable":true,"href":"https:\/\/www.smartystore.it\/it\/wp-json\/wp\/v2\/product_cat?post=68540"},{"taxonomy":"product_tag","embeddable":true,"href":"https:\/\/www.smartystore.it\/it\/wp-json\/wp\/v2\/product_tag?post=68540"}],"curies":[{"name":"wp","href":"https:\/\/api.w.org\/{rel}","templated":true}]}}