{"id":68393,"date":"2021-02-25T16:29:06","date_gmt":"2021-02-25T16:29:06","guid":{"rendered":"https:\/\/www.smartystore.it\/?post_type=product&#038;p=68393"},"modified":"2024-04-18T16:35:21","modified_gmt":"2024-04-18T14:35:21","slug":"totem-pubblicitario-luminoso-bifacciale-da-esterno-completo-di-stampa","status":"publish","type":"product","link":"https:\/\/www.smartystore.it\/it\/prodotto\/totem-pubblicitario-luminoso-bifacciale-da-esterno-completo-di-stampa\/","title":{"rendered":"Totem pubblicitario luminoso bifacciale da esterno COMPLETO DI STAMPA"},"content":{"rendered":"<p>Espositore pubblicitario per esterno realizzato con profili in alluminio color silver.<\/p>\n<p>Struttura in acciaio zincato trattato con fondo epossidico e smaltata con vernici componenti.<\/p>\n<p>Finitura esterna in alluminio 15\/10 di colore a scelta.<\/p>\n<p>Pannelli in plexiglass opalino da 5 mm. fronte\/retro.<\/p>\n<p>Stampa digitale con protezione anti UV.<\/p>\n<p>Illuminazione interna con moduli LED a luce bianca da 6500 K.<\/p>\n<p>Alimentazione con trasformatore da 12 Volt.<\/p>\n<p>Impianto elettrico con cavo anti-fiamma a norme CEI 20-22.<\/p>\n<p>Piastra e contropiastra con zanche per plinto in cemento.<\/p>\n<p>Disponibile in due formati: L 100 &#8211; H 200 &#8211; P 25<\/p>\n<p>L 100 &#8211; H 280 &#8211; P 25<\/p>\n<p>Dimensioni area personalizzabile (in cm.): L 95 &#8211; H 170 per il totem alto 200 cm.<\/p>\n<p>Dimensioni area personalizzabile (in cm.): L 95 &#8211; H 250 per il totem alto 280 cm.<\/p>\n<p>Peso: 70 Kg ca. per il totem alto 200 cm.<\/p>\n<p>Peso: 100 Kg. ca. per il totem alto 280 cm.<\/p>\n<p>Tempi di spedizione: 30\/40 giorni lavorativi<\/p>\n<p><span style=\"color: #993300;\"><strong>PER IL FILE DI GRAFICA: creare il file delle dimensioni cm 100&#215;250 o cm 100&#215;170 (scala 1:1) con i testi convertiti in tracciati, dopo il salvataggio del file in formato PDF (risoluzione minima di 200 dpi) inviare il documento all&#8217;indirizzo di posta elettronica<\/strong><\/span><strong>\u00a0<a href=\"mailto:grafica@smartystore.it\">grafica@smartystore.it<\/a>\u00a0<\/strong><span style=\"color: #993300;\"><strong>facendo riferimento al numero di ordine.<\/strong><\/span><\/p>\n<p><strong>SERVIZI DI GRAFICA E STAMPA<\/strong><\/p>\n<p>Smarty Store pu\u00f2 fornire il servizio di impaginazione e\/o della stampa.<\/p>\n<p>Se viene richiesto il servizio di sola stampa, il cliente dovr\u00e0 inviare il file di stampa in formato PDF. La grafica verr\u00e0 stampata cos\u00ec come ricevuta nel file.<\/p>\n<p>Se viene richiesto il servizio di impaginazione, la nostra struttura si metter\u00e0 in contatto telefonico con il cliente per le necessarie informazioni. Dall&#8217;impostazione grafica restano escluse le immagini che dovranno essere fornite dal cliente o quotate separatamente.<br \/>\nIl cliente ricever\u00e0 la proposta grafica in formato PDF per approvazione.<\/p>\n<p><strong>ATTENZIONE:<\/strong><br \/>\nI colori visualizzati possono differire da monitor a monitor. Per i colori di stampa \u00e8 necessario fare sempre riferimento alla scala Pantone.<br \/>\nSmarty Store non si assume alcuna responsabilit\u00e0 nel caso di colori controllati dal cliente solo sul proprio monitor.<\/p>\n","protected":false},"excerpt":{"rendered":"<p>Totem da esterno bifacciale con impianto di illuminazione.<\/p>\n","protected":false},"featured_media":68694,"comment_status":"open","ping_status":"closed","template":"","meta":{"_acf_changed":false},"pwb-brand":[],"product_brand":[],"product_cat":[3682],"product_tag":[],"class_list":{"0":"post-68393","1":"product","2":"type-product","3":"status-publish","4":"has-post-thumbnail","6":"product_cat-totem-pour-linterieur-et-lexterieur","7":"pa_c2c_color-argent","8":"pa_c2c_dimensione-43-cm100x200","9":"pa_c2c_dimensione-cm-100x280","10":"pa_c2c_illuminazione-avec-eclairage","11":"pa_c2c_mono_bifacciale-double-face","12":"pa_c2c_stampa-oui","13":"pa_c2c_trovraprezzi-oui","15":"first","16":"instock","17":"taxable","18":"shipping-taxable","19":"purchasable","20":"product-type-variable"},"acf":[],"yoast_head":"<!-- This site is optimized with the Yoast SEO plugin v27.4 - https:\/\/yoast.com\/product\/yoast-seo-wordpress\/ -->\n<title>Totem pubblicitario luminoso bifacciale da esterno COMPLETO DI STAMPA - Smarty Store<\/title>\n<meta name=\"description\" content=\"Totem pubblicitario luminoso bifacciale da esterno completo di stampa. Disponibile in due formati\" \/>\n<meta name=\"robots\" content=\"index, follow, max-snippet:-1, max-image-preview:large, max-video-preview:-1\" \/>\n<link rel=\"canonical\" href=\"https:\/\/www.smartystore.it\/it\/prodotto\/totem-pubblicitario-luminoso-bifacciale-da-esterno-completo-di-stampa\/\" \/>\n<meta property=\"og:locale\" content=\"it_IT\" \/>\n<meta property=\"og:type\" content=\"article\" \/>\n<meta property=\"og:title\" content=\"Totem pubblicitario luminoso bifacciale da esterno COMPLETO DI STAMPA - Smarty Store\" \/>\n<meta property=\"og:description\" content=\"Totem pubblicitario luminoso bifacciale da esterno completo di stampa. Disponibile in due formati\" \/>\n<meta property=\"og:url\" content=\"https:\/\/www.smartystore.it\/it\/prodotto\/totem-pubblicitario-luminoso-bifacciale-da-esterno-completo-di-stampa\/\" \/>\n<meta property=\"og:site_name\" content=\"Smarty Store\" \/>\n<meta property=\"article:modified_time\" content=\"2024-04-18T14:35:21+00:00\" \/>\n<meta property=\"og:image\" content=\"https:\/\/www.smartystore.it\/v25\/wp-content\/uploads\/2021\/02\/Totem-luminoso-bifacciale-per-esterno-con-illuminazione-led.jpg\" \/>\n\t<meta property=\"og:image:width\" content=\"1000\" \/>\n\t<meta property=\"og:image:height\" content=\"1000\" \/>\n\t<meta property=\"og:image:type\" content=\"image\/jpeg\" \/>\n<meta name=\"twitter:card\" content=\"summary_large_image\" \/>\n<meta name=\"twitter:label1\" content=\"Tempo di lettura stimato\" \/>\n\t<meta name=\"twitter:data1\" content=\"2 minuti\" \/>\n<script type=\"application\/ld+json\" class=\"yoast-schema-graph\">{\"@context\":\"https:\\\/\\\/schema.org\",\"@graph\":[{\"@type\":\"WebPage\",\"@id\":\"https:\\\/\\\/www.smartystore.it\\\/it\\\/prodotto\\\/totem-pubblicitario-luminoso-bifacciale-da-esterno-completo-di-stampa\\\/\",\"url\":\"https:\\\/\\\/www.smartystore.it\\\/it\\\/prodotto\\\/totem-pubblicitario-luminoso-bifacciale-da-esterno-completo-di-stampa\\\/\",\"name\":\"Totem pubblicitario luminoso bifacciale da esterno COMPLETO DI STAMPA - Smarty Store\",\"isPartOf\":{\"@id\":\"https:\\\/\\\/www.smartystore.it\\\/it\\\/#website\"},\"primaryImageOfPage\":{\"@id\":\"https:\\\/\\\/www.smartystore.it\\\/it\\\/prodotto\\\/totem-pubblicitario-luminoso-bifacciale-da-esterno-completo-di-stampa\\\/#primaryimage\"},\"image\":{\"@id\":\"https:\\\/\\\/www.smartystore.it\\\/it\\\/prodotto\\\/totem-pubblicitario-luminoso-bifacciale-da-esterno-completo-di-stampa\\\/#primaryimage\"},\"thumbnailUrl\":\"https:\\\/\\\/www.smartystore.it\\\/v25\\\/wp-content\\\/uploads\\\/2021\\\/02\\\/Totem-luminoso-bifacciale-per-esterno-con-illuminazione-led.jpg\",\"datePublished\":\"2021-02-25T16:29:06+00:00\",\"dateModified\":\"2024-04-18T14:35:21+00:00\",\"description\":\"Totem pubblicitario luminoso bifacciale da esterno completo di stampa. Disponibile in due formati\",\"breadcrumb\":{\"@id\":\"https:\\\/\\\/www.smartystore.it\\\/it\\\/prodotto\\\/totem-pubblicitario-luminoso-bifacciale-da-esterno-completo-di-stampa\\\/#breadcrumb\"},\"inLanguage\":\"it-IT\",\"potentialAction\":[{\"@type\":\"ReadAction\",\"target\":[\"https:\\\/\\\/www.smartystore.it\\\/it\\\/prodotto\\\/totem-pubblicitario-luminoso-bifacciale-da-esterno-completo-di-stampa\\\/\"]}]},{\"@type\":\"ImageObject\",\"inLanguage\":\"it-IT\",\"@id\":\"https:\\\/\\\/www.smartystore.it\\\/it\\\/prodotto\\\/totem-pubblicitario-luminoso-bifacciale-da-esterno-completo-di-stampa\\\/#primaryimage\",\"url\":\"https:\\\/\\\/www.smartystore.it\\\/v25\\\/wp-content\\\/uploads\\\/2021\\\/02\\\/Totem-luminoso-bifacciale-per-esterno-con-illuminazione-led.jpg\",\"contentUrl\":\"https:\\\/\\\/www.smartystore.it\\\/v25\\\/wp-content\\\/uploads\\\/2021\\\/02\\\/Totem-luminoso-bifacciale-per-esterno-con-illuminazione-led.jpg\",\"width\":1000,\"height\":1000},{\"@type\":\"BreadcrumbList\",\"@id\":\"https:\\\/\\\/www.smartystore.it\\\/it\\\/prodotto\\\/totem-pubblicitario-luminoso-bifacciale-da-esterno-completo-di-stampa\\\/#breadcrumb\",\"itemListElement\":[{\"@type\":\"ListItem\",\"position\":1,\"name\":\"Home\",\"item\":\"https:\\\/\\\/www.smartystore.it\\\/it\\\/\"},{\"@type\":\"ListItem\",\"position\":2,\"name\":\"Shop\",\"item\":\"https:\\\/\\\/www.smartystore.it\\\/it\\\/shop\\\/\"},{\"@type\":\"ListItem\",\"position\":3,\"name\":\"Totem pubblicitario luminoso bifacciale da esterno COMPLETO DI STAMPA\"}]},{\"@type\":\"WebSite\",\"@id\":\"https:\\\/\\\/www.smartystore.it\\\/it\\\/#website\",\"url\":\"https:\\\/\\\/www.smartystore.it\\\/it\\\/\",\"name\":\"Smarty Store\",\"description\":\"\",\"potentialAction\":[{\"@type\":\"SearchAction\",\"target\":{\"@type\":\"EntryPoint\",\"urlTemplate\":\"https:\\\/\\\/www.smartystore.it\\\/it\\\/?s={search_term_string}\"},\"query-input\":{\"@type\":\"PropertyValueSpecification\",\"valueRequired\":true,\"valueName\":\"search_term_string\"}}],\"inLanguage\":\"it-IT\"}]}<\/script>\n<!-- \/ Yoast SEO plugin. -->","yoast_head_json":{"title":"Totem pubblicitario luminoso bifacciale da esterno COMPLETO DI STAMPA - Smarty Store","description":"Totem pubblicitario luminoso bifacciale da esterno completo di stampa. Disponibile in due formati","robots":{"index":"index","follow":"follow","max-snippet":"max-snippet:-1","max-image-preview":"max-image-preview:large","max-video-preview":"max-video-preview:-1"},"canonical":"https:\/\/www.smartystore.it\/it\/prodotto\/totem-pubblicitario-luminoso-bifacciale-da-esterno-completo-di-stampa\/","og_locale":"it_IT","og_type":"article","og_title":"Totem pubblicitario luminoso bifacciale da esterno COMPLETO DI STAMPA - Smarty Store","og_description":"Totem pubblicitario luminoso bifacciale da esterno completo di stampa. Disponibile in due formati","og_url":"https:\/\/www.smartystore.it\/it\/prodotto\/totem-pubblicitario-luminoso-bifacciale-da-esterno-completo-di-stampa\/","og_site_name":"Smarty Store","article_modified_time":"2024-04-18T14:35:21+00:00","og_image":[{"width":1000,"height":1000,"url":"https:\/\/www.smartystore.it\/v25\/wp-content\/uploads\/2021\/02\/Totem-luminoso-bifacciale-per-esterno-con-illuminazione-led.jpg","type":"image\/jpeg"}],"twitter_card":"summary_large_image","twitter_misc":{"Tempo di lettura stimato":"2 minuti"},"schema":{"@context":"https:\/\/schema.org","@graph":[{"@type":"WebPage","@id":"https:\/\/www.smartystore.it\/it\/prodotto\/totem-pubblicitario-luminoso-bifacciale-da-esterno-completo-di-stampa\/","url":"https:\/\/www.smartystore.it\/it\/prodotto\/totem-pubblicitario-luminoso-bifacciale-da-esterno-completo-di-stampa\/","name":"Totem pubblicitario luminoso bifacciale da esterno COMPLETO DI STAMPA - Smarty Store","isPartOf":{"@id":"https:\/\/www.smartystore.it\/it\/#website"},"primaryImageOfPage":{"@id":"https:\/\/www.smartystore.it\/it\/prodotto\/totem-pubblicitario-luminoso-bifacciale-da-esterno-completo-di-stampa\/#primaryimage"},"image":{"@id":"https:\/\/www.smartystore.it\/it\/prodotto\/totem-pubblicitario-luminoso-bifacciale-da-esterno-completo-di-stampa\/#primaryimage"},"thumbnailUrl":"https:\/\/www.smartystore.it\/v25\/wp-content\/uploads\/2021\/02\/Totem-luminoso-bifacciale-per-esterno-con-illuminazione-led.jpg","datePublished":"2021-02-25T16:29:06+00:00","dateModified":"2024-04-18T14:35:21+00:00","description":"Totem pubblicitario luminoso bifacciale da esterno completo di stampa. Disponibile in due formati","breadcrumb":{"@id":"https:\/\/www.smartystore.it\/it\/prodotto\/totem-pubblicitario-luminoso-bifacciale-da-esterno-completo-di-stampa\/#breadcrumb"},"inLanguage":"it-IT","potentialAction":[{"@type":"ReadAction","target":["https:\/\/www.smartystore.it\/it\/prodotto\/totem-pubblicitario-luminoso-bifacciale-da-esterno-completo-di-stampa\/"]}]},{"@type":"ImageObject","inLanguage":"it-IT","@id":"https:\/\/www.smartystore.it\/it\/prodotto\/totem-pubblicitario-luminoso-bifacciale-da-esterno-completo-di-stampa\/#primaryimage","url":"https:\/\/www.smartystore.it\/v25\/wp-content\/uploads\/2021\/02\/Totem-luminoso-bifacciale-per-esterno-con-illuminazione-led.jpg","contentUrl":"https:\/\/www.smartystore.it\/v25\/wp-content\/uploads\/2021\/02\/Totem-luminoso-bifacciale-per-esterno-con-illuminazione-led.jpg","width":1000,"height":1000},{"@type":"BreadcrumbList","@id":"https:\/\/www.smartystore.it\/it\/prodotto\/totem-pubblicitario-luminoso-bifacciale-da-esterno-completo-di-stampa\/#breadcrumb","itemListElement":[{"@type":"ListItem","position":1,"name":"Home","item":"https:\/\/www.smartystore.it\/it\/"},{"@type":"ListItem","position":2,"name":"Shop","item":"https:\/\/www.smartystore.it\/it\/shop\/"},{"@type":"ListItem","position":3,"name":"Totem pubblicitario luminoso bifacciale da esterno COMPLETO DI STAMPA"}]},{"@type":"WebSite","@id":"https:\/\/www.smartystore.it\/it\/#website","url":"https:\/\/www.smartystore.it\/it\/","name":"Smarty Store","description":"","potentialAction":[{"@type":"SearchAction","target":{"@type":"EntryPoint","urlTemplate":"https:\/\/www.smartystore.it\/it\/?s={search_term_string}"},"query-input":{"@type":"PropertyValueSpecification","valueRequired":true,"valueName":"search_term_string"}}],"inLanguage":"it-IT"}]}},"brands":[],"_links":{"self":[{"href":"https:\/\/www.smartystore.it\/it\/wp-json\/wp\/v2\/product\/68393","targetHints":{"allow":["GET"]}}],"collection":[{"href":"https:\/\/www.smartystore.it\/it\/wp-json\/wp\/v2\/product"}],"about":[{"href":"https:\/\/www.smartystore.it\/it\/wp-json\/wp\/v2\/types\/product"}],"replies":[{"embeddable":true,"href":"https:\/\/www.smartystore.it\/it\/wp-json\/wp\/v2\/comments?post=68393"}],"wp:featuredmedia":[{"embeddable":true,"href":"https:\/\/www.smartystore.it\/it\/wp-json\/wp\/v2\/media\/68694"}],"wp:attachment":[{"href":"https:\/\/www.smartystore.it\/it\/wp-json\/wp\/v2\/media?parent=68393"}],"wp:term":[{"taxonomy":"pwb-brand","embeddable":true,"href":"https:\/\/www.smartystore.it\/it\/wp-json\/wp\/v2\/pwb-brand?post=68393"},{"taxonomy":"product_brand","embeddable":true,"href":"https:\/\/www.smartystore.it\/it\/wp-json\/wp\/v2\/product_brand?post=68393"},{"taxonomy":"product_cat","embeddable":true,"href":"https:\/\/www.smartystore.it\/it\/wp-json\/wp\/v2\/product_cat?post=68393"},{"taxonomy":"product_tag","embeddable":true,"href":"https:\/\/www.smartystore.it\/it\/wp-json\/wp\/v2\/product_tag?post=68393"}],"curies":[{"name":"wp","href":"https:\/\/api.w.org\/{rel}","templated":true}]}}