{"id":68360,"date":"2021-02-25T15:19:26","date_gmt":"2021-02-25T13:19:26","guid":{"rendered":"https:\/\/www.smartystore.it\/?post_type=product&#038;p=68360"},"modified":"2025-07-17T16:29:15","modified_gmt":"2025-07-17T14:29:15","slug":"colonnina-segnapercorso-con-base-magnetica-e-nastro-di-3-metri","status":"publish","type":"product","link":"https:\/\/www.smartystore.it\/it\/prodotto\/colonnina-segnapercorso-con-base-magnetica-e-nastro-di-3-metri\/","title":{"rendered":"Colonnina segnapercorso con base magnetica e nastro di 3 metri"},"content":{"rendered":"<h2>Colonnina segnapercorso con base magnetica e nastro di 3 metri<\/h2>\n<p>La Colonnina segnapercorso con base magnetica e nastro di 3 metri con finitura spazzolata color silver rappresenta una soluzione elegante e funzionale per la gestione di aree promozionali o eventi. Dotata di una base magnetica \u00d8 18 cm, questa struttura offre stabilit\u00e0 e praticit\u00e0, grazie ad un peso totale di 15 kg che garantisce una resistenza ottimale anche in ambienti affollati.<\/p>\n<p>Il nastro riavvolgibile, con una lunghezza di circa 3 metri e un\u2019altezza di 5 cm, \u00e8 disponibile in diverse colorazioni, tra cui arancione, bianco, blu, bianco\/rosso, giallo, giallo\/nero, nero, rosso e verde. Questa variet\u00e0 consente di adattare la colonnina alle esigenze specifiche di ogni evento o installazione. Il meccanismo auto-frenante del riavvolgitore, unito alla clip di chiusura di sicurezza, assicura un utilizzo semplice e sicuro. La presenza di tre ganci ricevitori facilita l&#8217;ancoraggio del nastro.<\/p>\n<p>La parte inferiore della base magnetica \u00e8 progettata per l&#8217;aggancio al disco metallico, da fissare a terra tramite un nastro biadesivo 3M gi\u00e0 applicato. In aggiunta, la colonnina offre la possibilit\u00e0 di personalizzare il nastro su entrambi i lati con logo, in uno o pi\u00f9 colori, permettendo cos\u00ec una visibilit\u00e0 ottimale del brand.<\/p>\n<p>Con un montante dal diametro di 6.3 cm e un&#8217;altezza complessiva di 94,5 cm, questa colonnina non \u00e8 solo pratica, ma anche un elemento di design che valorizza gli spazi in cui \u00e8 collocata.<\/p>\n<h3>CARATTERISTICHE<\/h3>\n<p>Colonnina segnapercorso con base magnetica e nastro di 3 metri tendinastro in acciaio satinato spazzolato color silver e base magnetica.<\/p>\n<p>Dimensioni nastro: L 3 metri circa &#8211; H 5 cm.<\/p>\n<p>Colorazioni nastro: Arancione &#8211; bianco &#8211; blu &#8211; bianco\/rosso &#8211; giallo &#8211; giallo\/nero &#8211; nero &#8211; rosso &#8211; verde<\/p>\n<p>Riavvolgitore con meccanismo auto frenante con clip di chiusura di sicurezza\u00a0e tre ganci ricevitori.<\/p>\n<p>Base magnetica \u00d8 18 cm, montante \u00d8 6.3 cm, H colonna 94,5 cm.<\/p>\n<p>La parte inferiore della base \u00e8 dotata di magneti che permettono l&#8217;aggancio al disco metallico che deve essere fissato a terra con il nastro biadesivo 3M posizionato gi\u00e0 nella parte inferiore del disco.<\/p>\n<p>Peso totale colonnina: Kg 15 &#8211; Il peso assicura una maggiore stabilit\u00e0.<\/p>\n<p>Il costo \u00e8 riferito ad una colonnina completa di avvolgitore con nastro nelle colorazioni disponibili.<\/p>\n<p>Possibilit\u00e0 di personalizzare il nastro su entrambi i lati con logo a uno o pi\u00f9 colori (contattateci per maggiori informazioni e costi).<\/p>\n<p><a href=\"https:\/\/www.smartystore.it\/v25\/wp-content\/uploads\/2021\/02\/STR-STOP51M.pdf\" target=\"_blank\" rel=\"noopener\"><img loading=\"lazy\" decoding=\"async\" class=\"alignnone size-full wp-image-93510\" src=\"https:\/\/www.smartystore.it\/v25\/wp-content\/uploads\/2014\/10\/SchedaTecnica-300-e1750084266903.png\" alt=\"\" width=\"249\" height=\"63\" \/><\/a><\/p>\n","protected":false},"excerpt":{"rendered":"<p>Colonnina in acciaio spazzolato e nastro avvolgibile di 3 metri disponibile in nove colorazioni e base magnetica.<\/p>\n","protected":false},"featured_media":68364,"comment_status":"open","ping_status":"closed","template":"","meta":{"_acf_changed":false},"pwb-brand":[],"product_brand":[],"product_cat":[2135],"product_tag":[],"class_list":{"0":"post-68360","1":"product","2":"type-product","3":"status-publish","4":"has-post-thumbnail","6":"product_cat-colonnine-segnapercorso-speciali","7":"pa_c2c_color-c3-arancione","8":"pa_c2c_color-35-bianco","9":"pa_c2c_color-65-blu","10":"pa_c2c_color-e1-giallo","11":"pa_c2c_color-d4-nero","12":"pa_c2c_color-66-nerogiallo","13":"pa_c2c_color-68-rosso","14":"pa_c2c_color-08-rossobianco","15":"pa_c2c_color-16-verde","16":"pa_c2c_dimensione-3-metri","17":"pa_c2c_trovraprezzi-ae-si","19":"first","20":"instock","21":"taxable","22":"shipping-taxable","23":"purchasable","24":"product-type-variable"},"acf":[],"yoast_head":"<!-- This site is optimized with the Yoast SEO plugin v27.4 - https:\/\/yoast.com\/product\/yoast-seo-wordpress\/ -->\n<title>Colonnina segnapercorso con base magnetica e nastro di 3 metri - Smarty Store<\/title>\n<meta name=\"description\" content=\"Colonnina segnapercorso con base magnetica e nastro di 3 metri in Acciaio Satinato e nastro avvolgibile di 3 metri disponibile in nove colorazioni\" \/>\n<meta name=\"robots\" content=\"index, follow, max-snippet:-1, max-image-preview:large, max-video-preview:-1\" \/>\n<link rel=\"canonical\" href=\"https:\/\/www.smartystore.it\/it\/prodotto\/colonnina-segnapercorso-con-base-magnetica-e-nastro-di-3-metri\/\" \/>\n<meta property=\"og:locale\" content=\"it_IT\" \/>\n<meta property=\"og:type\" content=\"article\" \/>\n<meta property=\"og:title\" content=\"Colonnina segnapercorso con base magnetica e nastro di 3 metri - Smarty Store\" \/>\n<meta property=\"og:description\" content=\"Colonnina segnapercorso con base magnetica e nastro di 3 metri in Acciaio Satinato e nastro avvolgibile di 3 metri disponibile in nove colorazioni\" \/>\n<meta property=\"og:url\" content=\"https:\/\/www.smartystore.it\/it\/prodotto\/colonnina-segnapercorso-con-base-magnetica-e-nastro-di-3-metri\/\" \/>\n<meta property=\"og:site_name\" content=\"Smarty Store\" \/>\n<meta property=\"article:modified_time\" content=\"2025-07-17T14:29:15+00:00\" \/>\n<meta property=\"og:image\" content=\"https:\/\/www.smartystore.it\/v25\/wp-content\/uploads\/2021\/02\/Colonnina-segnapercorso-con-base-magnetica-nastro-3-metri-personalizzabile-disponibile-in-nove-colorazioni.jpg\" \/>\n\t<meta property=\"og:image:width\" content=\"1000\" \/>\n\t<meta property=\"og:image:height\" content=\"1000\" \/>\n\t<meta property=\"og:image:type\" content=\"image\/jpeg\" \/>\n<meta name=\"twitter:card\" content=\"summary_large_image\" \/>\n<meta name=\"twitter:label1\" content=\"Tempo di lettura stimato\" \/>\n\t<meta name=\"twitter:data1\" content=\"3 minuti\" \/>\n<script type=\"application\/ld+json\" class=\"yoast-schema-graph\">{\"@context\":\"https:\\\/\\\/schema.org\",\"@graph\":[{\"@type\":\"WebPage\",\"@id\":\"https:\\\/\\\/www.smartystore.it\\\/it\\\/prodotto\\\/colonnina-segnapercorso-con-base-magnetica-e-nastro-di-3-metri\\\/\",\"url\":\"https:\\\/\\\/www.smartystore.it\\\/it\\\/prodotto\\\/colonnina-segnapercorso-con-base-magnetica-e-nastro-di-3-metri\\\/\",\"name\":\"Colonnina segnapercorso con base magnetica e nastro di 3 metri - Smarty Store\",\"isPartOf\":{\"@id\":\"https:\\\/\\\/www.smartystore.it\\\/it\\\/#website\"},\"primaryImageOfPage\":{\"@id\":\"https:\\\/\\\/www.smartystore.it\\\/it\\\/prodotto\\\/colonnina-segnapercorso-con-base-magnetica-e-nastro-di-3-metri\\\/#primaryimage\"},\"image\":{\"@id\":\"https:\\\/\\\/www.smartystore.it\\\/it\\\/prodotto\\\/colonnina-segnapercorso-con-base-magnetica-e-nastro-di-3-metri\\\/#primaryimage\"},\"thumbnailUrl\":\"https:\\\/\\\/www.smartystore.it\\\/v25\\\/wp-content\\\/uploads\\\/2021\\\/02\\\/Colonnina-segnapercorso-con-base-magnetica-nastro-3-metri-personalizzabile-disponibile-in-nove-colorazioni.jpg\",\"datePublished\":\"2021-02-25T13:19:26+00:00\",\"dateModified\":\"2025-07-17T14:29:15+00:00\",\"description\":\"Colonnina segnapercorso con base magnetica e nastro di 3 metri in Acciaio Satinato e nastro avvolgibile di 3 metri disponibile in nove colorazioni\",\"breadcrumb\":{\"@id\":\"https:\\\/\\\/www.smartystore.it\\\/it\\\/prodotto\\\/colonnina-segnapercorso-con-base-magnetica-e-nastro-di-3-metri\\\/#breadcrumb\"},\"inLanguage\":\"it-IT\",\"potentialAction\":[{\"@type\":\"ReadAction\",\"target\":[\"https:\\\/\\\/www.smartystore.it\\\/it\\\/prodotto\\\/colonnina-segnapercorso-con-base-magnetica-e-nastro-di-3-metri\\\/\"]}]},{\"@type\":\"ImageObject\",\"inLanguage\":\"it-IT\",\"@id\":\"https:\\\/\\\/www.smartystore.it\\\/it\\\/prodotto\\\/colonnina-segnapercorso-con-base-magnetica-e-nastro-di-3-metri\\\/#primaryimage\",\"url\":\"https:\\\/\\\/www.smartystore.it\\\/v25\\\/wp-content\\\/uploads\\\/2021\\\/02\\\/Colonnina-segnapercorso-con-base-magnetica-nastro-3-metri-personalizzabile-disponibile-in-nove-colorazioni.jpg\",\"contentUrl\":\"https:\\\/\\\/www.smartystore.it\\\/v25\\\/wp-content\\\/uploads\\\/2021\\\/02\\\/Colonnina-segnapercorso-con-base-magnetica-nastro-3-metri-personalizzabile-disponibile-in-nove-colorazioni.jpg\",\"width\":1000,\"height\":1000,\"caption\":\"Colonnina segnapercorso con base magnetica e nastro di 3 metri\"},{\"@type\":\"BreadcrumbList\",\"@id\":\"https:\\\/\\\/www.smartystore.it\\\/it\\\/prodotto\\\/colonnina-segnapercorso-con-base-magnetica-e-nastro-di-3-metri\\\/#breadcrumb\",\"itemListElement\":[{\"@type\":\"ListItem\",\"position\":1,\"name\":\"Home\",\"item\":\"https:\\\/\\\/www.smartystore.it\\\/it\\\/\"},{\"@type\":\"ListItem\",\"position\":2,\"name\":\"Shop\",\"item\":\"https:\\\/\\\/www.smartystore.it\\\/it\\\/shop\\\/\"},{\"@type\":\"ListItem\",\"position\":3,\"name\":\"Colonnina segnapercorso con base magnetica e nastro di 3 metri\"}]},{\"@type\":\"WebSite\",\"@id\":\"https:\\\/\\\/www.smartystore.it\\\/it\\\/#website\",\"url\":\"https:\\\/\\\/www.smartystore.it\\\/it\\\/\",\"name\":\"Smarty Store\",\"description\":\"\",\"potentialAction\":[{\"@type\":\"SearchAction\",\"target\":{\"@type\":\"EntryPoint\",\"urlTemplate\":\"https:\\\/\\\/www.smartystore.it\\\/it\\\/?s={search_term_string}\"},\"query-input\":{\"@type\":\"PropertyValueSpecification\",\"valueRequired\":true,\"valueName\":\"search_term_string\"}}],\"inLanguage\":\"it-IT\"}]}<\/script>\n<!-- \/ Yoast SEO plugin. -->","yoast_head_json":{"title":"Colonnina segnapercorso con base magnetica e nastro di 3 metri - Smarty Store","description":"Colonnina segnapercorso con base magnetica e nastro di 3 metri in Acciaio Satinato e nastro avvolgibile di 3 metri disponibile in nove colorazioni","robots":{"index":"index","follow":"follow","max-snippet":"max-snippet:-1","max-image-preview":"max-image-preview:large","max-video-preview":"max-video-preview:-1"},"canonical":"https:\/\/www.smartystore.it\/it\/prodotto\/colonnina-segnapercorso-con-base-magnetica-e-nastro-di-3-metri\/","og_locale":"it_IT","og_type":"article","og_title":"Colonnina segnapercorso con base magnetica e nastro di 3 metri - Smarty Store","og_description":"Colonnina segnapercorso con base magnetica e nastro di 3 metri in Acciaio Satinato e nastro avvolgibile di 3 metri disponibile in nove colorazioni","og_url":"https:\/\/www.smartystore.it\/it\/prodotto\/colonnina-segnapercorso-con-base-magnetica-e-nastro-di-3-metri\/","og_site_name":"Smarty Store","article_modified_time":"2025-07-17T14:29:15+00:00","og_image":[{"width":1000,"height":1000,"url":"https:\/\/www.smartystore.it\/v25\/wp-content\/uploads\/2021\/02\/Colonnina-segnapercorso-con-base-magnetica-nastro-3-metri-personalizzabile-disponibile-in-nove-colorazioni.jpg","type":"image\/jpeg"}],"twitter_card":"summary_large_image","twitter_misc":{"Tempo di lettura stimato":"3 minuti"},"schema":{"@context":"https:\/\/schema.org","@graph":[{"@type":"WebPage","@id":"https:\/\/www.smartystore.it\/it\/prodotto\/colonnina-segnapercorso-con-base-magnetica-e-nastro-di-3-metri\/","url":"https:\/\/www.smartystore.it\/it\/prodotto\/colonnina-segnapercorso-con-base-magnetica-e-nastro-di-3-metri\/","name":"Colonnina segnapercorso con base magnetica e nastro di 3 metri - Smarty Store","isPartOf":{"@id":"https:\/\/www.smartystore.it\/it\/#website"},"primaryImageOfPage":{"@id":"https:\/\/www.smartystore.it\/it\/prodotto\/colonnina-segnapercorso-con-base-magnetica-e-nastro-di-3-metri\/#primaryimage"},"image":{"@id":"https:\/\/www.smartystore.it\/it\/prodotto\/colonnina-segnapercorso-con-base-magnetica-e-nastro-di-3-metri\/#primaryimage"},"thumbnailUrl":"https:\/\/www.smartystore.it\/v25\/wp-content\/uploads\/2021\/02\/Colonnina-segnapercorso-con-base-magnetica-nastro-3-metri-personalizzabile-disponibile-in-nove-colorazioni.jpg","datePublished":"2021-02-25T13:19:26+00:00","dateModified":"2025-07-17T14:29:15+00:00","description":"Colonnina segnapercorso con base magnetica e nastro di 3 metri in Acciaio Satinato e nastro avvolgibile di 3 metri disponibile in nove colorazioni","breadcrumb":{"@id":"https:\/\/www.smartystore.it\/it\/prodotto\/colonnina-segnapercorso-con-base-magnetica-e-nastro-di-3-metri\/#breadcrumb"},"inLanguage":"it-IT","potentialAction":[{"@type":"ReadAction","target":["https:\/\/www.smartystore.it\/it\/prodotto\/colonnina-segnapercorso-con-base-magnetica-e-nastro-di-3-metri\/"]}]},{"@type":"ImageObject","inLanguage":"it-IT","@id":"https:\/\/www.smartystore.it\/it\/prodotto\/colonnina-segnapercorso-con-base-magnetica-e-nastro-di-3-metri\/#primaryimage","url":"https:\/\/www.smartystore.it\/v25\/wp-content\/uploads\/2021\/02\/Colonnina-segnapercorso-con-base-magnetica-nastro-3-metri-personalizzabile-disponibile-in-nove-colorazioni.jpg","contentUrl":"https:\/\/www.smartystore.it\/v25\/wp-content\/uploads\/2021\/02\/Colonnina-segnapercorso-con-base-magnetica-nastro-3-metri-personalizzabile-disponibile-in-nove-colorazioni.jpg","width":1000,"height":1000,"caption":"Colonnina segnapercorso con base magnetica e nastro di 3 metri"},{"@type":"BreadcrumbList","@id":"https:\/\/www.smartystore.it\/it\/prodotto\/colonnina-segnapercorso-con-base-magnetica-e-nastro-di-3-metri\/#breadcrumb","itemListElement":[{"@type":"ListItem","position":1,"name":"Home","item":"https:\/\/www.smartystore.it\/it\/"},{"@type":"ListItem","position":2,"name":"Shop","item":"https:\/\/www.smartystore.it\/it\/shop\/"},{"@type":"ListItem","position":3,"name":"Colonnina segnapercorso con base magnetica e nastro di 3 metri"}]},{"@type":"WebSite","@id":"https:\/\/www.smartystore.it\/it\/#website","url":"https:\/\/www.smartystore.it\/it\/","name":"Smarty Store","description":"","potentialAction":[{"@type":"SearchAction","target":{"@type":"EntryPoint","urlTemplate":"https:\/\/www.smartystore.it\/it\/?s={search_term_string}"},"query-input":{"@type":"PropertyValueSpecification","valueRequired":true,"valueName":"search_term_string"}}],"inLanguage":"it-IT"}]}},"brands":[],"_links":{"self":[{"href":"https:\/\/www.smartystore.it\/it\/wp-json\/wp\/v2\/product\/68360","targetHints":{"allow":["GET"]}}],"collection":[{"href":"https:\/\/www.smartystore.it\/it\/wp-json\/wp\/v2\/product"}],"about":[{"href":"https:\/\/www.smartystore.it\/it\/wp-json\/wp\/v2\/types\/product"}],"replies":[{"embeddable":true,"href":"https:\/\/www.smartystore.it\/it\/wp-json\/wp\/v2\/comments?post=68360"}],"wp:featuredmedia":[{"embeddable":true,"href":"https:\/\/www.smartystore.it\/it\/wp-json\/wp\/v2\/media\/68364"}],"wp:attachment":[{"href":"https:\/\/www.smartystore.it\/it\/wp-json\/wp\/v2\/media?parent=68360"}],"wp:term":[{"taxonomy":"pwb-brand","embeddable":true,"href":"https:\/\/www.smartystore.it\/it\/wp-json\/wp\/v2\/pwb-brand?post=68360"},{"taxonomy":"product_brand","embeddable":true,"href":"https:\/\/www.smartystore.it\/it\/wp-json\/wp\/v2\/product_brand?post=68360"},{"taxonomy":"product_cat","embeddable":true,"href":"https:\/\/www.smartystore.it\/it\/wp-json\/wp\/v2\/product_cat?post=68360"},{"taxonomy":"product_tag","embeddable":true,"href":"https:\/\/www.smartystore.it\/it\/wp-json\/wp\/v2\/product_tag?post=68360"}],"curies":[{"name":"wp","href":"https:\/\/api.w.org\/{rel}","templated":true}]}}