{"id":67389,"date":"2021-02-02T16:48:41","date_gmt":"2021-02-02T16:48:41","guid":{"rendered":"https:\/\/www.smartystore.it\/?post_type=product&#038;p=67389"},"modified":"2026-04-18T15:49:46","modified_gmt":"2026-04-18T13:49:46","slug":"totem-bifacciale-con-postazione-di-ricarica","status":"publish","type":"product","link":"https:\/\/www.smartystore.it\/it\/prodotto\/totem-bifacciale-con-postazione-di-ricarica\/","title":{"rendered":"Totem bifacciale con postazione di ricarica"},"content":{"rendered":"<div class=\"wpb-content-wrapper\"><p>[vc_row][vc_column][vc_column_text css=&#8221;&#8221; css_params=&#8221;&#8221;]<\/p>\n<h1>Totem Bifacciale con Postazione di Ricarica: Pubblicit\u00e0 e Servizio al Cliente<\/h1>\n<p>Il totem bifacciale con postazione di ricarica rappresenta una soluzione innovativa ed efficace per la promozione pubblicitaria in spazi ad alto flusso di pubblico, offrendo al contempo un servizio pratico e funzionale. Progettato per consentire ai clienti di <strong>ricaricare dispositivi<\/strong> quali pc, tablet e cellulari, questo espositore \u00e8 particolarmente indicato per ambienti come aeroporti, stazioni, musei e fiere, dove la necessit\u00e0 di connettivit\u00e0 \u00e8 costante.<\/p>\n<p>La struttura del totem \u00e8 realizzata con <strong>profili in alluminio<\/strong> color silver, caratterizzati da una <strong>linea arcuata<\/strong> che conferisce un aspetto moderno ed elegante. Internamente, una solida struttura in acciaio garantisce elevata <strong>stabilit\u00e0 e robustezza<\/strong>, assicurando durabilit\u00e0 anche in contesti di intenso utilizzo.<\/p>\n<h2>Totem Bifacciale con Postazione di Ricarica: Pannelli con stampa personalizzata<\/h2>\n<p>I pannelli espositivi sono in forex bianco da 3 mm, materiale leggero ma resistente, personalizzabili mediante stampa in vinile adesivo laminato, permettendo cos\u00ec una <strong>comunicazione visiva<\/strong> ad alto impatto e completamente adattabile alle esigenze della clientela. La base autoportante, in metallo verniciato a polveri silver, \u00e8 dotata di fori per il fissaggio a terra, incrementando ulteriormente la sicurezza e la stabilit\u00e0 dell\u2019intera struttura.<\/p>\n<p>Un elemento di particolare valore aggiunto \u00e8 rappresentato dal ripiano di appoggio in forex che integra un kit di ricarica dispositivi elettronici, comprendente <strong>2 prese Shuko<\/strong>, <strong>4 uscite USB 2.0<\/strong> e <strong>2 uscite USB 3.0<\/strong>. Questa dotazione permette un&#8217;efficace ricarica simultanea di pi\u00f9 dispositivi, migliorando notevolmente l\u2019esperienza dell\u2019utente.<\/p>\n<p>In sintesi, il totem bifacciale con postazione di ricarica si configura come un supporto pubblicitario versatile, resistente e funzionale, capace di coniugare visibilit\u00e0 e praticit\u00e0 in modo ottimale, soddisfacendo le esigenze di visibilit\u00e0 delle aziende e il comfort degli utenti negli ambienti pubblici.<\/p>\n<p>&nbsp;<\/p>\n<h3>Caratteristiche<\/h3>\n<ul>\n<li>Struttura interna in acciaio per dare una maggiore stabilit\u00e0.<\/li>\n<li>Pannelli espositivi in forex bianco da 3 mm. personalizzabili con stampa in vinile adesivo laminato<\/li>\n<li>Base autoportante in metallo verniciato a polveri silver fornita di fori per fissaggio a terra<\/li>\n<li>Munito in un ripiano di appoggio in MDF nero e un kit di ricarica dispositivi elettronici comprensivo di:\n<ul>\n<li>2 prese shuko<\/li>\n<li>4 uscite USB 2.0<\/li>\n<li>2 uscite USB 3.0<\/li>\n<\/ul>\n<\/li>\n<li>Peso totem: 30 Kg.<\/li>\n<li>Dimensioni della base (in cm.): L 75 &#8211; P 45 &#8211; H 0,6 cm.<\/li>\n<li>Dimensione struttura (in cm.): L 70 &#8211; H 200<\/li>\n<li>Dimensione area di stampa (in cm.): L 70 &#8211; H 200<\/li>\n<li>Area visibile (in cm.): Fonte 2 pannelli L 68 &#8211; H 99,7 &#8211;&nbsp; Retro un pannello L 68 &#8211; H 200<\/li>\n<li>Peso totem: 30 Kg.<\/li>\n<\/ul>\n<p>&nbsp;<\/p>\n<p>In caso di scelta di stampa su un solo lato, verr\u00e0 considerata la facciata con il ripiano (quella quindi con il doppio pannello)<\/p>\n<p><span style=\"color: #000000;\"><strong>Tempi di spedizione: circa 4\/5 giorni lavorativi.<\/strong><\/span><\/p>\n<p>&nbsp;<\/p>\n<h3 style=\"text-align: center;\">Guarda gli altri totem da interno a questo <span style=\"color: #ff0000;\"><a style=\"color: #ff0000;\" href=\"https:\/\/www.smartystore.it\/it\/categoria-prodotto\/totem-pubblicitari-informativi\/totem-da-interno\/\">LINK<\/a><\/span><\/h3>\n<p>&nbsp;<\/p>\n<p><span style=\"color: #993300;\"><strong>PER IL FILE DI GRAFICA: scaricare il tracciato fustella (scala 1:1) ed inserire la grafica con i testi convertiti in tracciati, dopo il salvataggio del file in formato PDF (risoluzione minima di 200 dpi) inviare il documento all&#8217;indirizzo di posta elettronica<\/strong><\/span><strong>&nbsp;<a href=\"mailto:grafica@smartystore.it\">grafica@smartystore.it<\/a>&nbsp;<\/strong><span style=\"color: #993300;\"><strong>facendo riferimento al numero di ordine.<\/strong><\/span><\/p>\n<p>&nbsp;<\/p>\n<p><a href=\"https:\/\/www.smartystore.it\/v25\/wp-content\/uploads\/2021\/02\/STR-TIE004-POWER.pdf\" target=\"_blank\" rel=\"noopener\"><img loading=\"lazy\" decoding=\"async\" class=\"alignnone size-full wp-image-93672\" src=\"https:\/\/www.smartystore.it\/v25\/wp-content\/uploads\/2023\/11\/LogoDownload_yellow.jpg\" alt=\"\" width=\"50\" height=\"50\"> &nbsp;<\/a><a href=\"https:\/\/www.smartystore.it\/v25\/wp-content\/uploads\/2021\/02\/STR-TIE004-POWER.pdf\" target=\"_blank\" rel=\"noopener noreferrer\"><strong>SCHEDA TECNICA<\/strong><\/a><\/p>\n<p><a href=\"https:\/\/www.smartystore.it\/v25\/wp-content\/uploads\/2025\/10\/STR-TIE004-POWER.pdf\" target=\"_blank\" rel=\"noopener\"><img loading=\"lazy\" decoding=\"async\" class=\"alignnone size-full wp-image-93609\" src=\"https:\/\/www.smartystore.it\/v25\/wp-content\/uploads\/2021\/02\/LogoDownload_green-1.jpg\" alt=\"\" width=\"50\" height=\"50\"><strong>&nbsp; TRACCIATO FUSTELLA<\/strong><\/a><\/p>\n<p>&nbsp;<\/p>\n<p><strong>SERVIZI DI GRAFICA E STAMPA<\/strong><\/p>\n<p>Smarty Store pu\u00f2 fornire il servizio di impaginazione e\/o della stampa.<\/p>\n<p>Se viene richiesto il servizio di sola stampa, il cliente dovr\u00e0 inviare il file di stampa in formato PDF. La grafica verr\u00e0 stampata cos\u00ec come ricevuta nel file.<\/p>\n<p>Se viene richiesto il servizio di impaginazione, la nostra struttura si metter\u00e0 in contatto telefonico con il cliente per le necessarie informazioni. Dall&#8217;impostazione grafica restano escluse le immagini che dovranno essere fornite dal cliente o quotate separatamente.<br \/>\nIl cliente ricever\u00e0 la proposta grafica in formato PDF per approvazione.<\/p>\n<p><strong>ATTENZIONE:<\/strong><br \/>\nI colori visualizzati possono differire da monitor a monitor. Per i colori di stampa \u00e8 necessario fare sempre riferimento alla scala Pantone.<br \/>\nSmarty Store non si assume alcuna responsabilit\u00e0 nel caso di colori controllati dal cliente solo sul proprio monitor.<\/p>\n<p>&nbsp;<\/p>\n<p>&nbsp;[\/vc_column_text][\/vc_column][\/vc_row]<\/p>\n<\/div>","protected":false},"excerpt":{"rendered":"<p>Totem da interno 70&#215;200 cm. con postazione di ricarica di dispositivi elettronici.<\/p>\n","protected":false},"featured_media":67394,"comment_status":"open","ping_status":"closed","template":"","meta":{"_acf_changed":false},"pwb-brand":[],"product_brand":[],"product_cat":[2147,2089,2045],"product_tag":[7204,7205,7207,7208,7206],"class_list":{"0":"post-67389","1":"product","2":"type-product","3":"status-publish","4":"has-post-thumbnail","6":"product_cat-senza-categoria","7":"product_cat-totem-da-interno","8":"product_cat-totem-pubblicitari-informativi","9":"product_tag-totem-bifacciale-con-postazione-di-ricarica","10":"product_tag-totem-bifacciale-con-prese-usb-per-cellulari","11":"product_tag-totem-pubblicitario-bifacciale-da-interno","12":"product_tag-totem-pubblicitario-con-prese-di-ricarica-cellulari","13":"product_tag-totem-pubblicitario-con-ricarica-notebook-e-smartphone","14":"pa_c2c_dimensione-9f-cm70x200","15":"pa_c2c_grafica-f2-no","16":"pa_c2c_grafica-e4-si","17":"pa_c2c_mono_bifacciale-19-bifacciale","18":"pa_c2c_stampa-11-1lato","19":"pa_c2c_stampa-2-lati","20":"pa_c2c_stampa-f2-no","21":"pa_c2c_trovraprezzi-ae-si","23":"first","24":"instock","25":"taxable","26":"shipping-taxable","27":"purchasable","28":"product-type-variable"},"acf":[],"yoast_head":"<!-- This site is optimized with the Yoast SEO plugin v27.4 - https:\/\/yoast.com\/product\/yoast-seo-wordpress\/ -->\n<title>Totem bifacciale con postazione di ricarica - Smarty Store Al Miglior Prezzo<\/title>\n<meta name=\"description\" content=\"Totem bifacciale con postazione di ricarica. Ripiano di appoggio con 2 prese Shuko, 4 prese USB 2 e due prese USB 3. Struttura interna di rinforzo.\" \/>\n<meta name=\"robots\" content=\"index, follow, max-snippet:-1, max-image-preview:large, max-video-preview:-1\" \/>\n<link rel=\"canonical\" href=\"https:\/\/www.smartystore.it\/it\/prodotto\/totem-bifacciale-con-postazione-di-ricarica\/\" \/>\n<meta property=\"og:locale\" content=\"it_IT\" \/>\n<meta property=\"og:type\" content=\"article\" \/>\n<meta property=\"og:title\" content=\"Totem bifacciale con postazione di ricarica - Smarty Store Al Miglior Prezzo\" \/>\n<meta property=\"og:description\" content=\"Totem bifacciale con postazione di ricarica. Ripiano di appoggio con 2 prese Shuko, 4 prese USB 2 e due prese USB 3. Struttura interna di rinforzo.\" \/>\n<meta property=\"og:url\" content=\"https:\/\/www.smartystore.it\/it\/prodotto\/totem-bifacciale-con-postazione-di-ricarica\/\" \/>\n<meta property=\"og:site_name\" content=\"Smarty Store\" \/>\n<meta property=\"article:modified_time\" content=\"2026-04-18T13:49:46+00:00\" \/>\n<meta property=\"og:image\" content=\"https:\/\/www.smartystore.it\/v25\/wp-content\/uploads\/2021\/02\/Totem-bifacciale-interno-70x200-con-postazione-ricarica-cellulare-pc-dispositivi-elettronici.jpg\" \/>\n\t<meta property=\"og:image:width\" content=\"1000\" \/>\n\t<meta property=\"og:image:height\" content=\"1000\" \/>\n\t<meta property=\"og:image:type\" content=\"image\/jpeg\" \/>\n<meta name=\"twitter:card\" content=\"summary_large_image\" \/>\n<meta name=\"twitter:label1\" content=\"Tempo di lettura stimato\" \/>\n\t<meta name=\"twitter:data1\" content=\"4 minuti\" \/>\n<script type=\"application\/ld+json\" class=\"yoast-schema-graph\">{\"@context\":\"https:\\\/\\\/schema.org\",\"@graph\":[{\"@type\":\"WebPage\",\"@id\":\"https:\\\/\\\/www.smartystore.it\\\/it\\\/prodotto\\\/totem-bifacciale-con-postazione-di-ricarica\\\/\",\"url\":\"https:\\\/\\\/www.smartystore.it\\\/it\\\/prodotto\\\/totem-bifacciale-con-postazione-di-ricarica\\\/\",\"name\":\"Totem bifacciale con postazione di ricarica - Smarty Store Al Miglior Prezzo\",\"isPartOf\":{\"@id\":\"https:\\\/\\\/www.smartystore.it\\\/it\\\/#website\"},\"primaryImageOfPage\":{\"@id\":\"https:\\\/\\\/www.smartystore.it\\\/it\\\/prodotto\\\/totem-bifacciale-con-postazione-di-ricarica\\\/#primaryimage\"},\"image\":{\"@id\":\"https:\\\/\\\/www.smartystore.it\\\/it\\\/prodotto\\\/totem-bifacciale-con-postazione-di-ricarica\\\/#primaryimage\"},\"thumbnailUrl\":\"https:\\\/\\\/www.smartystore.it\\\/v25\\\/wp-content\\\/uploads\\\/2021\\\/02\\\/Totem-bifacciale-interno-70x200-con-postazione-ricarica-cellulare-pc-dispositivi-elettronici.jpg\",\"datePublished\":\"2021-02-02T16:48:41+00:00\",\"dateModified\":\"2026-04-18T13:49:46+00:00\",\"description\":\"Totem bifacciale con postazione di ricarica. Ripiano di appoggio con 2 prese Shuko, 4 prese USB 2 e due prese USB 3. Struttura interna di rinforzo.\",\"breadcrumb\":{\"@id\":\"https:\\\/\\\/www.smartystore.it\\\/it\\\/prodotto\\\/totem-bifacciale-con-postazione-di-ricarica\\\/#breadcrumb\"},\"inLanguage\":\"it-IT\",\"potentialAction\":[{\"@type\":\"ReadAction\",\"target\":[\"https:\\\/\\\/www.smartystore.it\\\/it\\\/prodotto\\\/totem-bifacciale-con-postazione-di-ricarica\\\/\"]}]},{\"@type\":\"ImageObject\",\"inLanguage\":\"it-IT\",\"@id\":\"https:\\\/\\\/www.smartystore.it\\\/it\\\/prodotto\\\/totem-bifacciale-con-postazione-di-ricarica\\\/#primaryimage\",\"url\":\"https:\\\/\\\/www.smartystore.it\\\/v25\\\/wp-content\\\/uploads\\\/2021\\\/02\\\/Totem-bifacciale-interno-70x200-con-postazione-ricarica-cellulare-pc-dispositivi-elettronici.jpg\",\"contentUrl\":\"https:\\\/\\\/www.smartystore.it\\\/v25\\\/wp-content\\\/uploads\\\/2021\\\/02\\\/Totem-bifacciale-interno-70x200-con-postazione-ricarica-cellulare-pc-dispositivi-elettronici.jpg\",\"width\":1000,\"height\":1000,\"caption\":\"Totem bifacciale con postazione di ricarica\"},{\"@type\":\"BreadcrumbList\",\"@id\":\"https:\\\/\\\/www.smartystore.it\\\/it\\\/prodotto\\\/totem-bifacciale-con-postazione-di-ricarica\\\/#breadcrumb\",\"itemListElement\":[{\"@type\":\"ListItem\",\"position\":1,\"name\":\"Home\",\"item\":\"https:\\\/\\\/www.smartystore.it\\\/it\\\/\"},{\"@type\":\"ListItem\",\"position\":2,\"name\":\"Shop\",\"item\":\"https:\\\/\\\/www.smartystore.it\\\/it\\\/shop\\\/\"},{\"@type\":\"ListItem\",\"position\":3,\"name\":\"Totem bifacciale con postazione di ricarica\"}]},{\"@type\":\"WebSite\",\"@id\":\"https:\\\/\\\/www.smartystore.it\\\/it\\\/#website\",\"url\":\"https:\\\/\\\/www.smartystore.it\\\/it\\\/\",\"name\":\"Smarty Store\",\"description\":\"\",\"potentialAction\":[{\"@type\":\"SearchAction\",\"target\":{\"@type\":\"EntryPoint\",\"urlTemplate\":\"https:\\\/\\\/www.smartystore.it\\\/it\\\/?s={search_term_string}\"},\"query-input\":{\"@type\":\"PropertyValueSpecification\",\"valueRequired\":true,\"valueName\":\"search_term_string\"}}],\"inLanguage\":\"it-IT\"}]}<\/script>\n<!-- \/ Yoast SEO plugin. -->","yoast_head_json":{"title":"Totem bifacciale con postazione di ricarica - Smarty Store Al Miglior Prezzo","description":"Totem bifacciale con postazione di ricarica. Ripiano di appoggio con 2 prese Shuko, 4 prese USB 2 e due prese USB 3. Struttura interna di rinforzo.","robots":{"index":"index","follow":"follow","max-snippet":"max-snippet:-1","max-image-preview":"max-image-preview:large","max-video-preview":"max-video-preview:-1"},"canonical":"https:\/\/www.smartystore.it\/it\/prodotto\/totem-bifacciale-con-postazione-di-ricarica\/","og_locale":"it_IT","og_type":"article","og_title":"Totem bifacciale con postazione di ricarica - Smarty Store Al Miglior Prezzo","og_description":"Totem bifacciale con postazione di ricarica. Ripiano di appoggio con 2 prese Shuko, 4 prese USB 2 e due prese USB 3. Struttura interna di rinforzo.","og_url":"https:\/\/www.smartystore.it\/it\/prodotto\/totem-bifacciale-con-postazione-di-ricarica\/","og_site_name":"Smarty Store","article_modified_time":"2026-04-18T13:49:46+00:00","og_image":[{"width":1000,"height":1000,"url":"https:\/\/www.smartystore.it\/v25\/wp-content\/uploads\/2021\/02\/Totem-bifacciale-interno-70x200-con-postazione-ricarica-cellulare-pc-dispositivi-elettronici.jpg","type":"image\/jpeg"}],"twitter_card":"summary_large_image","twitter_misc":{"Tempo di lettura stimato":"4 minuti"},"schema":{"@context":"https:\/\/schema.org","@graph":[{"@type":"WebPage","@id":"https:\/\/www.smartystore.it\/it\/prodotto\/totem-bifacciale-con-postazione-di-ricarica\/","url":"https:\/\/www.smartystore.it\/it\/prodotto\/totem-bifacciale-con-postazione-di-ricarica\/","name":"Totem bifacciale con postazione di ricarica - Smarty Store Al Miglior Prezzo","isPartOf":{"@id":"https:\/\/www.smartystore.it\/it\/#website"},"primaryImageOfPage":{"@id":"https:\/\/www.smartystore.it\/it\/prodotto\/totem-bifacciale-con-postazione-di-ricarica\/#primaryimage"},"image":{"@id":"https:\/\/www.smartystore.it\/it\/prodotto\/totem-bifacciale-con-postazione-di-ricarica\/#primaryimage"},"thumbnailUrl":"https:\/\/www.smartystore.it\/v25\/wp-content\/uploads\/2021\/02\/Totem-bifacciale-interno-70x200-con-postazione-ricarica-cellulare-pc-dispositivi-elettronici.jpg","datePublished":"2021-02-02T16:48:41+00:00","dateModified":"2026-04-18T13:49:46+00:00","description":"Totem bifacciale con postazione di ricarica. Ripiano di appoggio con 2 prese Shuko, 4 prese USB 2 e due prese USB 3. Struttura interna di rinforzo.","breadcrumb":{"@id":"https:\/\/www.smartystore.it\/it\/prodotto\/totem-bifacciale-con-postazione-di-ricarica\/#breadcrumb"},"inLanguage":"it-IT","potentialAction":[{"@type":"ReadAction","target":["https:\/\/www.smartystore.it\/it\/prodotto\/totem-bifacciale-con-postazione-di-ricarica\/"]}]},{"@type":"ImageObject","inLanguage":"it-IT","@id":"https:\/\/www.smartystore.it\/it\/prodotto\/totem-bifacciale-con-postazione-di-ricarica\/#primaryimage","url":"https:\/\/www.smartystore.it\/v25\/wp-content\/uploads\/2021\/02\/Totem-bifacciale-interno-70x200-con-postazione-ricarica-cellulare-pc-dispositivi-elettronici.jpg","contentUrl":"https:\/\/www.smartystore.it\/v25\/wp-content\/uploads\/2021\/02\/Totem-bifacciale-interno-70x200-con-postazione-ricarica-cellulare-pc-dispositivi-elettronici.jpg","width":1000,"height":1000,"caption":"Totem bifacciale con postazione di ricarica"},{"@type":"BreadcrumbList","@id":"https:\/\/www.smartystore.it\/it\/prodotto\/totem-bifacciale-con-postazione-di-ricarica\/#breadcrumb","itemListElement":[{"@type":"ListItem","position":1,"name":"Home","item":"https:\/\/www.smartystore.it\/it\/"},{"@type":"ListItem","position":2,"name":"Shop","item":"https:\/\/www.smartystore.it\/it\/shop\/"},{"@type":"ListItem","position":3,"name":"Totem bifacciale con postazione di ricarica"}]},{"@type":"WebSite","@id":"https:\/\/www.smartystore.it\/it\/#website","url":"https:\/\/www.smartystore.it\/it\/","name":"Smarty Store","description":"","potentialAction":[{"@type":"SearchAction","target":{"@type":"EntryPoint","urlTemplate":"https:\/\/www.smartystore.it\/it\/?s={search_term_string}"},"query-input":{"@type":"PropertyValueSpecification","valueRequired":true,"valueName":"search_term_string"}}],"inLanguage":"it-IT"}]}},"brands":[],"_links":{"self":[{"href":"https:\/\/www.smartystore.it\/it\/wp-json\/wp\/v2\/product\/67389","targetHints":{"allow":["GET"]}}],"collection":[{"href":"https:\/\/www.smartystore.it\/it\/wp-json\/wp\/v2\/product"}],"about":[{"href":"https:\/\/www.smartystore.it\/it\/wp-json\/wp\/v2\/types\/product"}],"replies":[{"embeddable":true,"href":"https:\/\/www.smartystore.it\/it\/wp-json\/wp\/v2\/comments?post=67389"}],"wp:featuredmedia":[{"embeddable":true,"href":"https:\/\/www.smartystore.it\/it\/wp-json\/wp\/v2\/media\/67394"}],"wp:attachment":[{"href":"https:\/\/www.smartystore.it\/it\/wp-json\/wp\/v2\/media?parent=67389"}],"wp:term":[{"taxonomy":"pwb-brand","embeddable":true,"href":"https:\/\/www.smartystore.it\/it\/wp-json\/wp\/v2\/pwb-brand?post=67389"},{"taxonomy":"product_brand","embeddable":true,"href":"https:\/\/www.smartystore.it\/it\/wp-json\/wp\/v2\/product_brand?post=67389"},{"taxonomy":"product_cat","embeddable":true,"href":"https:\/\/www.smartystore.it\/it\/wp-json\/wp\/v2\/product_cat?post=67389"},{"taxonomy":"product_tag","embeddable":true,"href":"https:\/\/www.smartystore.it\/it\/wp-json\/wp\/v2\/product_tag?post=67389"}],"curies":[{"name":"wp","href":"https:\/\/api.w.org\/{rel}","templated":true}]}}