{"id":62696,"date":"2020-11-06T11:28:35","date_gmt":"2020-11-06T09:28:35","guid":{"rendered":"https:\/\/www.smartystore.it\/?post_type=product&#038;p=62696"},"modified":"2023-08-02T12:20:14","modified_gmt":"2023-08-02T10:20:14","slug":"cordino-elastico-per-colonnine-di-delimitazione-show","status":"publish","type":"product","link":"https:\/\/www.smartystore.it\/it\/prodotto\/cordino-elastico-per-colonnine-di-delimitazione-show\/","title":{"rendered":"Cordino elastico per colonnine SHOW"},"content":{"rendered":"<h2>Cordino elastico per colonnine SHOW<\/h2>\n<p>Il cordino elastico \u00e8 da utilizzare in abbinamento alle colonnine segnapercorso della linea SHOW. I cordini sono in nylon elastico dal diametro di 5 millimetri e sono disponibili in tre colorazioni, nero, blu e rosso. Per ogni colorazione sono previste 5 lunghezze standard ovvero 5 metri, 10 metri, 20 metri e 50 metri.<\/p>\n<p>Qualora per\u00f2 la lunghezza desiderata non fosse tra quelle previste, \u00e8 sufficiente acquistare il cordino nella lunghezza pi\u00f9 grande e tagliarlo a misura. Per esempio: se si ha bisogno di un cordino di 40 metri, \u00e8 sufficiente acquistare un cordino di 50 metri e tagliarlo della lunghezza desiderata. Smarty Store, all&#8217;interno di ogni confezione di cordino acquistata, inserisce cinque capicorda in PVC termoretrattile trasparente. Questo serve per sigillare il capo di ogni cordino dopo l&#8217;eventuale taglio.<\/p>\n<p>Utilizzare il cordino con le colonnine \u00e8 davvero semplice, basta far scorrere il cordino all&#8217;interno del foro presente sulla parte alta della colonnina e stringere quindi la vite sulle colonnine cos\u00ec da bloccare lo scivolamento del cordino.<\/p>\n<h3>CARATTERISTICHE:<\/h3>\n<p>Colori disponibili: blu &#8211; rosso &#8211; nero<\/p>\n<p>Lunghezze: 5 &#8211; 10 &#8211; 20 &#8211; 50 metri.<\/p>\n<p>Diametro: 5 mm.<\/p>\n<p>Da utilizzare con le colonnine segnapercorso linea SHOW (SST-SHOW90) <a href=\"https:\/\/www.smartystore.it\/prodotto\/colonnina-di-delimitazione-show\/\" target=\"_blank\" rel=\"noopener\"><strong>LINK<\/strong><\/a><\/p>\n","protected":false},"excerpt":{"rendered":"<p>Cordino elastico per colonnine segna percorso show. Disponibile in tre colorazioni e in varie lunghezze.<\/p>\n","protected":false},"featured_media":62715,"comment_status":"open","ping_status":"closed","template":"","meta":{"_acf_changed":false},"pwb-brand":[],"product_brand":[],"product_cat":[3073],"product_tag":[],"class_list":{"0":"post-62696","1":"product","2":"type-product","3":"status-publish","4":"has-post-thumbnail","6":"product_cat-rubans-cordons-accessoires","7":"pa_c2c_color-bleu","8":"pa_c2c_color-noir","9":"pa_c2c_color-rouge","10":"pa_c2c_dimensione-10-metri","11":"pa_c2c_dimensione-20-metri","12":"pa_c2c_dimensione-5-metres","13":"pa_c2c_dimensione-50-metri","14":"pa_c2c_trovraprezzi-oui","16":"first","17":"instock","18":"taxable","19":"shipping-taxable","20":"purchasable","21":"product-type-variable"},"acf":[],"yoast_head":"<!-- This site is optimized with the Yoast SEO plugin v27.4 - https:\/\/yoast.com\/product\/yoast-seo-wordpress\/ -->\n<title>Cordino elastico per colonnine SHOW - Smarty Store<\/title>\n<meta name=\"description\" content=\"Cordino elastico da utilizzare in abbinamento con le colonnine di delimitazione della linea SHOW. Disponibile in tre colori e quattro lunghezze.\" \/>\n<meta name=\"robots\" content=\"index, follow, max-snippet:-1, max-image-preview:large, max-video-preview:-1\" \/>\n<link rel=\"canonical\" href=\"https:\/\/www.smartystore.it\/it\/prodotto\/cordino-elastico-per-colonnine-di-delimitazione-show\/\" \/>\n<meta property=\"og:locale\" content=\"it_IT\" \/>\n<meta property=\"og:type\" content=\"article\" \/>\n<meta property=\"og:title\" content=\"Cordino elastico per colonnine SHOW - Smarty Store\" \/>\n<meta property=\"og:description\" content=\"Cordino elastico da utilizzare in abbinamento con le colonnine di delimitazione della linea SHOW. Disponibile in tre colori e quattro lunghezze.\" \/>\n<meta property=\"og:url\" content=\"https:\/\/www.smartystore.it\/it\/prodotto\/cordino-elastico-per-colonnine-di-delimitazione-show\/\" \/>\n<meta property=\"og:site_name\" content=\"Smarty Store\" \/>\n<meta property=\"article:modified_time\" content=\"2023-08-02T10:20:14+00:00\" \/>\n<meta property=\"og:image\" content=\"https:\/\/www.smartystore.it\/v25\/wp-content\/uploads\/2020\/11\/Cordino-elastico-nero-rosso-blu-per-colonnine-segnapercorso-di-delimitazione.jpg\" \/>\n\t<meta property=\"og:image:width\" content=\"1000\" \/>\n\t<meta property=\"og:image:height\" content=\"1000\" \/>\n\t<meta property=\"og:image:type\" content=\"image\/jpeg\" \/>\n<meta name=\"twitter:card\" content=\"summary_large_image\" \/>\n<meta name=\"twitter:label1\" content=\"Tempo di lettura stimato\" \/>\n\t<meta name=\"twitter:data1\" content=\"1 minuto\" \/>\n<script type=\"application\/ld+json\" class=\"yoast-schema-graph\">{\"@context\":\"https:\\\/\\\/schema.org\",\"@graph\":[{\"@type\":\"WebPage\",\"@id\":\"https:\\\/\\\/www.smartystore.it\\\/it\\\/prodotto\\\/cordino-elastico-per-colonnine-di-delimitazione-show\\\/\",\"url\":\"https:\\\/\\\/www.smartystore.it\\\/it\\\/prodotto\\\/cordino-elastico-per-colonnine-di-delimitazione-show\\\/\",\"name\":\"Cordino elastico per colonnine SHOW - Smarty Store\",\"isPartOf\":{\"@id\":\"https:\\\/\\\/www.smartystore.it\\\/it\\\/#website\"},\"primaryImageOfPage\":{\"@id\":\"https:\\\/\\\/www.smartystore.it\\\/it\\\/prodotto\\\/cordino-elastico-per-colonnine-di-delimitazione-show\\\/#primaryimage\"},\"image\":{\"@id\":\"https:\\\/\\\/www.smartystore.it\\\/it\\\/prodotto\\\/cordino-elastico-per-colonnine-di-delimitazione-show\\\/#primaryimage\"},\"thumbnailUrl\":\"https:\\\/\\\/www.smartystore.it\\\/v25\\\/wp-content\\\/uploads\\\/2020\\\/11\\\/Cordino-elastico-nero-rosso-blu-per-colonnine-segnapercorso-di-delimitazione.jpg\",\"datePublished\":\"2020-11-06T09:28:35+00:00\",\"dateModified\":\"2023-08-02T10:20:14+00:00\",\"description\":\"Cordino elastico da utilizzare in abbinamento con le colonnine di delimitazione della linea SHOW. Disponibile in tre colori e quattro lunghezze.\",\"breadcrumb\":{\"@id\":\"https:\\\/\\\/www.smartystore.it\\\/it\\\/prodotto\\\/cordino-elastico-per-colonnine-di-delimitazione-show\\\/#breadcrumb\"},\"inLanguage\":\"it-IT\",\"potentialAction\":[{\"@type\":\"ReadAction\",\"target\":[\"https:\\\/\\\/www.smartystore.it\\\/it\\\/prodotto\\\/cordino-elastico-per-colonnine-di-delimitazione-show\\\/\"]}]},{\"@type\":\"ImageObject\",\"inLanguage\":\"it-IT\",\"@id\":\"https:\\\/\\\/www.smartystore.it\\\/it\\\/prodotto\\\/cordino-elastico-per-colonnine-di-delimitazione-show\\\/#primaryimage\",\"url\":\"https:\\\/\\\/www.smartystore.it\\\/v25\\\/wp-content\\\/uploads\\\/2020\\\/11\\\/Cordino-elastico-nero-rosso-blu-per-colonnine-segnapercorso-di-delimitazione.jpg\",\"contentUrl\":\"https:\\\/\\\/www.smartystore.it\\\/v25\\\/wp-content\\\/uploads\\\/2020\\\/11\\\/Cordino-elastico-nero-rosso-blu-per-colonnine-segnapercorso-di-delimitazione.jpg\",\"width\":1000,\"height\":1000,\"caption\":\"Cordino elastico nero rosso blu per colonnine segnapercorso di delimitazione\"},{\"@type\":\"BreadcrumbList\",\"@id\":\"https:\\\/\\\/www.smartystore.it\\\/it\\\/prodotto\\\/cordino-elastico-per-colonnine-di-delimitazione-show\\\/#breadcrumb\",\"itemListElement\":[{\"@type\":\"ListItem\",\"position\":1,\"name\":\"Home\",\"item\":\"https:\\\/\\\/www.smartystore.it\\\/it\\\/\"},{\"@type\":\"ListItem\",\"position\":2,\"name\":\"Shop\",\"item\":\"https:\\\/\\\/www.smartystore.it\\\/it\\\/shop\\\/\"},{\"@type\":\"ListItem\",\"position\":3,\"name\":\"Cordino elastico per colonnine SHOW\"}]},{\"@type\":\"WebSite\",\"@id\":\"https:\\\/\\\/www.smartystore.it\\\/it\\\/#website\",\"url\":\"https:\\\/\\\/www.smartystore.it\\\/it\\\/\",\"name\":\"Smarty Store\",\"description\":\"\",\"potentialAction\":[{\"@type\":\"SearchAction\",\"target\":{\"@type\":\"EntryPoint\",\"urlTemplate\":\"https:\\\/\\\/www.smartystore.it\\\/it\\\/?s={search_term_string}\"},\"query-input\":{\"@type\":\"PropertyValueSpecification\",\"valueRequired\":true,\"valueName\":\"search_term_string\"}}],\"inLanguage\":\"it-IT\"}]}<\/script>\n<!-- \/ Yoast SEO plugin. -->","yoast_head_json":{"title":"Cordino elastico per colonnine SHOW - Smarty Store","description":"Cordino elastico da utilizzare in abbinamento con le colonnine di delimitazione della linea SHOW. Disponibile in tre colori e quattro lunghezze.","robots":{"index":"index","follow":"follow","max-snippet":"max-snippet:-1","max-image-preview":"max-image-preview:large","max-video-preview":"max-video-preview:-1"},"canonical":"https:\/\/www.smartystore.it\/it\/prodotto\/cordino-elastico-per-colonnine-di-delimitazione-show\/","og_locale":"it_IT","og_type":"article","og_title":"Cordino elastico per colonnine SHOW - Smarty Store","og_description":"Cordino elastico da utilizzare in abbinamento con le colonnine di delimitazione della linea SHOW. Disponibile in tre colori e quattro lunghezze.","og_url":"https:\/\/www.smartystore.it\/it\/prodotto\/cordino-elastico-per-colonnine-di-delimitazione-show\/","og_site_name":"Smarty Store","article_modified_time":"2023-08-02T10:20:14+00:00","og_image":[{"width":1000,"height":1000,"url":"https:\/\/www.smartystore.it\/v25\/wp-content\/uploads\/2020\/11\/Cordino-elastico-nero-rosso-blu-per-colonnine-segnapercorso-di-delimitazione.jpg","type":"image\/jpeg"}],"twitter_card":"summary_large_image","twitter_misc":{"Tempo di lettura stimato":"1 minuto"},"schema":{"@context":"https:\/\/schema.org","@graph":[{"@type":"WebPage","@id":"https:\/\/www.smartystore.it\/it\/prodotto\/cordino-elastico-per-colonnine-di-delimitazione-show\/","url":"https:\/\/www.smartystore.it\/it\/prodotto\/cordino-elastico-per-colonnine-di-delimitazione-show\/","name":"Cordino elastico per colonnine SHOW - Smarty Store","isPartOf":{"@id":"https:\/\/www.smartystore.it\/it\/#website"},"primaryImageOfPage":{"@id":"https:\/\/www.smartystore.it\/it\/prodotto\/cordino-elastico-per-colonnine-di-delimitazione-show\/#primaryimage"},"image":{"@id":"https:\/\/www.smartystore.it\/it\/prodotto\/cordino-elastico-per-colonnine-di-delimitazione-show\/#primaryimage"},"thumbnailUrl":"https:\/\/www.smartystore.it\/v25\/wp-content\/uploads\/2020\/11\/Cordino-elastico-nero-rosso-blu-per-colonnine-segnapercorso-di-delimitazione.jpg","datePublished":"2020-11-06T09:28:35+00:00","dateModified":"2023-08-02T10:20:14+00:00","description":"Cordino elastico da utilizzare in abbinamento con le colonnine di delimitazione della linea SHOW. Disponibile in tre colori e quattro lunghezze.","breadcrumb":{"@id":"https:\/\/www.smartystore.it\/it\/prodotto\/cordino-elastico-per-colonnine-di-delimitazione-show\/#breadcrumb"},"inLanguage":"it-IT","potentialAction":[{"@type":"ReadAction","target":["https:\/\/www.smartystore.it\/it\/prodotto\/cordino-elastico-per-colonnine-di-delimitazione-show\/"]}]},{"@type":"ImageObject","inLanguage":"it-IT","@id":"https:\/\/www.smartystore.it\/it\/prodotto\/cordino-elastico-per-colonnine-di-delimitazione-show\/#primaryimage","url":"https:\/\/www.smartystore.it\/v25\/wp-content\/uploads\/2020\/11\/Cordino-elastico-nero-rosso-blu-per-colonnine-segnapercorso-di-delimitazione.jpg","contentUrl":"https:\/\/www.smartystore.it\/v25\/wp-content\/uploads\/2020\/11\/Cordino-elastico-nero-rosso-blu-per-colonnine-segnapercorso-di-delimitazione.jpg","width":1000,"height":1000,"caption":"Cordino elastico nero rosso blu per colonnine segnapercorso di delimitazione"},{"@type":"BreadcrumbList","@id":"https:\/\/www.smartystore.it\/it\/prodotto\/cordino-elastico-per-colonnine-di-delimitazione-show\/#breadcrumb","itemListElement":[{"@type":"ListItem","position":1,"name":"Home","item":"https:\/\/www.smartystore.it\/it\/"},{"@type":"ListItem","position":2,"name":"Shop","item":"https:\/\/www.smartystore.it\/it\/shop\/"},{"@type":"ListItem","position":3,"name":"Cordino elastico per colonnine SHOW"}]},{"@type":"WebSite","@id":"https:\/\/www.smartystore.it\/it\/#website","url":"https:\/\/www.smartystore.it\/it\/","name":"Smarty Store","description":"","potentialAction":[{"@type":"SearchAction","target":{"@type":"EntryPoint","urlTemplate":"https:\/\/www.smartystore.it\/it\/?s={search_term_string}"},"query-input":{"@type":"PropertyValueSpecification","valueRequired":true,"valueName":"search_term_string"}}],"inLanguage":"it-IT"}]}},"brands":[],"_links":{"self":[{"href":"https:\/\/www.smartystore.it\/it\/wp-json\/wp\/v2\/product\/62696","targetHints":{"allow":["GET"]}}],"collection":[{"href":"https:\/\/www.smartystore.it\/it\/wp-json\/wp\/v2\/product"}],"about":[{"href":"https:\/\/www.smartystore.it\/it\/wp-json\/wp\/v2\/types\/product"}],"replies":[{"embeddable":true,"href":"https:\/\/www.smartystore.it\/it\/wp-json\/wp\/v2\/comments?post=62696"}],"wp:featuredmedia":[{"embeddable":true,"href":"https:\/\/www.smartystore.it\/it\/wp-json\/wp\/v2\/media\/62715"}],"wp:attachment":[{"href":"https:\/\/www.smartystore.it\/it\/wp-json\/wp\/v2\/media?parent=62696"}],"wp:term":[{"taxonomy":"pwb-brand","embeddable":true,"href":"https:\/\/www.smartystore.it\/it\/wp-json\/wp\/v2\/pwb-brand?post=62696"},{"taxonomy":"product_brand","embeddable":true,"href":"https:\/\/www.smartystore.it\/it\/wp-json\/wp\/v2\/product_brand?post=62696"},{"taxonomy":"product_cat","embeddable":true,"href":"https:\/\/www.smartystore.it\/it\/wp-json\/wp\/v2\/product_cat?post=62696"},{"taxonomy":"product_tag","embeddable":true,"href":"https:\/\/www.smartystore.it\/it\/wp-json\/wp\/v2\/product_tag?post=62696"}],"curies":[{"name":"wp","href":"https:\/\/api.w.org\/{rel}","templated":true}]}}