{"id":47919,"date":"2019-09-25T14:44:07","date_gmt":"2019-09-25T12:44:07","guid":{"rendered":"https:\/\/www.smartystore.it\/prodotto\/colonnina-segnapercorso-tendinastro-black-con-nastro-blu-da-5-metri\/"},"modified":"2026-01-30T16:40:31","modified_gmt":"2026-01-30T14:40:31","slug":"colonnina-segnapercorso-tendinastro-black-con-nastro-blu-da-5-metri","status":"publish","type":"product","link":"https:\/\/www.smartystore.it\/it\/prodotto\/colonnina-segnapercorso-tendinastro-black-con-nastro-blu-da-5-metri\/","title":{"rendered":"Colonnina segnapercorso tendinastro BLACK con nastro blu da 5 metri"},"content":{"rendered":"<div class=\"wpb-content-wrapper\"><p>[vc_row][vc_column][vc_column_text css=&#8221;&#8221; css_params=&#8221;&#8221;]<\/p>\n<h2>Colonnina Segnapercorso Tendinastro BLACK con Nastro blu<\/h2>\n<p>La colonnina segnapercorso tendinastro BLACK rappresenta una soluzione elegante e funzionale per la gestione degli spazi in contesti pubblici e privati. Realizzata in acciaio satinato spazzolato con un raffinato trattamento di verniciatura nera opaca, questa colonnina si integra perfettamente in ambientazioni moderne e professionali.<\/p>\n<p>Il <strong>nastro blu<\/strong>, <strong>lungo circa 5 metri<\/strong> e alto 5 cm, \u00e8 resistente e ben visibile, garantendo una chiara demarcazione delle aree. Il meccanismo di riavvolgimento, dotato di meccanismo auto frenante, consente un utilizzo semplice e sicuro, mentre la clip di chiusura e i tre ganci ricevitori assicurano una sicurezza aggiuntiva.<\/p>\n<p>Con una base dal diametro di 36 cm e un montante di 7,7 cm, la colonna raggiunge un\u2019altezza totale di 101 cm. Il peso complessivo di 10 kg conferisce alla colonnina una maggiore stabilit\u00e0, rendendola ideale per ambienti ad alto traffico o situazioni in cui \u00e8 richiesta una delimitazione temporanea e sicura.<\/p>\n<p>Inoltre, offriamo la possibilit\u00e0 di personalizzare il nastro su entrambi i lati con il logo aziendale, disponibile in uno o pi\u00f9 colori. Questa caratteristica non solo aumenta la visibilit\u00e0 del marchio, ma contribuisce anche a rafforzare l&#8217;identit\u00e0 aziendale all&#8217;interno dell&#8217;ambiente in cui viene collocata. Scegliete la colonnina segnapercorso tendinastro BLACK per unire praticit\u00e0 ed estetica.<\/p>\n<h3>CARATTERISTICHE<\/h3>\n<ul>\n<li>Colonnina segna percorso tendinastro\u00a0in acciaio satinato spazzolato color nero opaco.<\/li>\n<li>Nastro color blu: L 5 metri circa &#8211; H 5 cm.<\/li>\n<li>Riavvolgitore con meccanismo auto frenante con clip di chiusura di sicurezza e tre ganci ricevitori.<\/li>\n<li>Base con copertura in acciaio \u00d8 36 cm, montante \u00d8 7,7 cm, H colonna 101 cm.<\/li>\n<li>Peso totale colonnina: Kg 10 &#8211; Il peso assicura una maggiore stabilit\u00e0.<\/li>\n<li>Il costo \u00e8 riferito ad una colonnina completa di avvoglitore con nastro blu.<\/li>\n<li>Possibilit\u00e0 di personalizzare il nastro su entrambi i lati con logo a uno o pi\u00f9 colori (contattateci per maggiori informazioni e costi).<\/li>\n<\/ul>\n<p><a href=\"https:\/\/www.smartystore.it\/v25\/wp-content\/uploads\/2025\/11\/STR-STOP580.pdf\" target=\"_blank\" rel=\"noopener\"><img loading=\"lazy\" decoding=\"async\" class=\"alignnone size-full wp-image-93672\" src=\"https:\/\/www.smartystore.it\/v25\/wp-content\/uploads\/2023\/11\/LogoDownload_yellow.jpg\" alt=\"\" width=\"50\" height=\"50\" \/><\/a> <a href=\"https:\/\/www.smartystore.it\/v25\/wp-content\/uploads\/2025\/11\/STR-STOP580.pdf\" target=\"_blank\" rel=\"noopener\"><strong>SCHEDA TECNICA<\/strong><\/a>[\/vc_column_text][\/vc_column][\/vc_row]<\/p>\n<\/div>","protected":false},"excerpt":{"rendered":"<p>Colonnina in acciaio satinato nero e nastro avvolgibile color blu di 5 metri.<\/p>\n<p>&nbsp;<\/p>\n","protected":false},"featured_media":59642,"comment_status":"open","ping_status":"closed","template":"","meta":{"_acf_changed":false},"pwb-brand":[],"product_brand":[],"product_cat":[2015,2053,2135],"product_tag":[3835,3837,4548,6206,6215,4247,6208,4246],"class_list":{"0":"post-47919","1":"product","2":"type-product","3":"status-publish","4":"has-post-thumbnail","6":"product_cat-colonnine-segnapercorso","7":"product_cat-colonnine-segnapercorso-1","8":"product_cat-colonnine-segnapercorso-speciali","9":"product_tag-colonnina-segnapercorso","10":"product_tag-colonnina-segnapercorso-black","11":"product_tag-colonnina-segnapercorso-nera-con-nastro-nero","12":"product_tag-colonnina-tendilinea-nastro-flex-di-5-metri","13":"product_tag-colonnina-tendinastro-blu-da-5-metri","14":"product_tag-paletti-con-nastro-estraibile-da-3-metri","15":"product_tag-palina-nera-tendi-linea-flex-5-metri","16":"product_tag-paline-guida-file-nere","17":"pa_c2c_color-65-blu","18":"pa_c2c_dimensione-5-metri","19":"pa_c2c_trovraprezzi-ae-si","21":"first","22":"instock","23":"taxable","24":"shipping-taxable","25":"purchasable","26":"product-type-simple"},"acf":[],"yoast_head":"<!-- This site is optimized with the Yoast SEO plugin v27.4 - https:\/\/yoast.com\/product\/yoast-seo-wordpress\/ -->\n<title>Colonnina segnapercorso tendinastro BLACK con nastro blu da 5 metri - Smarty Store<\/title>\n<meta name=\"description\" content=\"Colonnina segnapercorso tendinastro BLACK in acciaio satinato spazzolato color nero opaco. Nastro color blu: L 5 metri circa, riavvolgitore auto frenante\" \/>\n<meta name=\"robots\" content=\"index, follow, max-snippet:-1, max-image-preview:large, max-video-preview:-1\" \/>\n<link rel=\"canonical\" href=\"https:\/\/www.smartystore.it\/it\/prodotto\/colonnina-segnapercorso-tendinastro-black-con-nastro-blu-da-5-metri\/\" \/>\n<meta property=\"og:locale\" content=\"it_IT\" \/>\n<meta property=\"og:type\" content=\"article\" \/>\n<meta property=\"og:title\" content=\"Colonnina segnapercorso tendinastro BLACK con nastro blu da 5 metri - Smarty Store\" \/>\n<meta property=\"og:description\" content=\"Colonnina segnapercorso tendinastro BLACK in acciaio satinato spazzolato color nero opaco. Nastro color blu: L 5 metri circa, riavvolgitore auto frenante\" \/>\n<meta property=\"og:url\" content=\"https:\/\/www.smartystore.it\/it\/prodotto\/colonnina-segnapercorso-tendinastro-black-con-nastro-blu-da-5-metri\/\" \/>\n<meta property=\"og:site_name\" content=\"Smarty Store\" \/>\n<meta property=\"article:modified_time\" content=\"2026-01-30T14:40:31+00:00\" \/>\n<meta property=\"og:image\" content=\"https:\/\/www.smartystore.it\/v25\/wp-content\/uploads\/2019\/09\/Colonnina-segna-percorso-nera-con-nastro-blu-di-5-metri.jpg\" \/>\n\t<meta property=\"og:image:width\" content=\"1000\" \/>\n\t<meta property=\"og:image:height\" content=\"1000\" \/>\n\t<meta property=\"og:image:type\" content=\"image\/jpeg\" \/>\n<meta name=\"twitter:card\" content=\"summary_large_image\" \/>\n<meta name=\"twitter:label1\" content=\"Tempo di lettura stimato\" \/>\n\t<meta name=\"twitter:data1\" content=\"3 minuti\" \/>\n<script type=\"application\/ld+json\" class=\"yoast-schema-graph\">{\"@context\":\"https:\\\/\\\/schema.org\",\"@graph\":[{\"@type\":\"WebPage\",\"@id\":\"https:\\\/\\\/www.smartystore.it\\\/it\\\/prodotto\\\/colonnina-segnapercorso-tendinastro-black-con-nastro-blu-da-5-metri\\\/\",\"url\":\"https:\\\/\\\/www.smartystore.it\\\/it\\\/prodotto\\\/colonnina-segnapercorso-tendinastro-black-con-nastro-blu-da-5-metri\\\/\",\"name\":\"Colonnina segnapercorso tendinastro BLACK con nastro blu da 5 metri - Smarty Store\",\"isPartOf\":{\"@id\":\"https:\\\/\\\/www.smartystore.it\\\/it\\\/#website\"},\"primaryImageOfPage\":{\"@id\":\"https:\\\/\\\/www.smartystore.it\\\/it\\\/prodotto\\\/colonnina-segnapercorso-tendinastro-black-con-nastro-blu-da-5-metri\\\/#primaryimage\"},\"image\":{\"@id\":\"https:\\\/\\\/www.smartystore.it\\\/it\\\/prodotto\\\/colonnina-segnapercorso-tendinastro-black-con-nastro-blu-da-5-metri\\\/#primaryimage\"},\"thumbnailUrl\":\"https:\\\/\\\/www.smartystore.it\\\/v25\\\/wp-content\\\/uploads\\\/2019\\\/09\\\/Colonnina-segna-percorso-nera-con-nastro-blu-di-5-metri.jpg\",\"datePublished\":\"2019-09-25T12:44:07+00:00\",\"dateModified\":\"2026-01-30T14:40:31+00:00\",\"description\":\"Colonnina segnapercorso tendinastro BLACK in acciaio satinato spazzolato color nero opaco. Nastro color blu: L 5 metri circa, riavvolgitore auto frenante\",\"breadcrumb\":{\"@id\":\"https:\\\/\\\/www.smartystore.it\\\/it\\\/prodotto\\\/colonnina-segnapercorso-tendinastro-black-con-nastro-blu-da-5-metri\\\/#breadcrumb\"},\"inLanguage\":\"it-IT\",\"potentialAction\":[{\"@type\":\"ReadAction\",\"target\":[\"https:\\\/\\\/www.smartystore.it\\\/it\\\/prodotto\\\/colonnina-segnapercorso-tendinastro-black-con-nastro-blu-da-5-metri\\\/\"]}]},{\"@type\":\"ImageObject\",\"inLanguage\":\"it-IT\",\"@id\":\"https:\\\/\\\/www.smartystore.it\\\/it\\\/prodotto\\\/colonnina-segnapercorso-tendinastro-black-con-nastro-blu-da-5-metri\\\/#primaryimage\",\"url\":\"https:\\\/\\\/www.smartystore.it\\\/v25\\\/wp-content\\\/uploads\\\/2019\\\/09\\\/Colonnina-segna-percorso-nera-con-nastro-blu-di-5-metri.jpg\",\"contentUrl\":\"https:\\\/\\\/www.smartystore.it\\\/v25\\\/wp-content\\\/uploads\\\/2019\\\/09\\\/Colonnina-segna-percorso-nera-con-nastro-blu-di-5-metri.jpg\",\"width\":1000,\"height\":1000,\"caption\":\"colonnina segnapercorso tendinastro BLACK con nastro blu\"},{\"@type\":\"BreadcrumbList\",\"@id\":\"https:\\\/\\\/www.smartystore.it\\\/it\\\/prodotto\\\/colonnina-segnapercorso-tendinastro-black-con-nastro-blu-da-5-metri\\\/#breadcrumb\",\"itemListElement\":[{\"@type\":\"ListItem\",\"position\":1,\"name\":\"Home\",\"item\":\"https:\\\/\\\/www.smartystore.it\\\/it\\\/\"},{\"@type\":\"ListItem\",\"position\":2,\"name\":\"Shop\",\"item\":\"https:\\\/\\\/www.smartystore.it\\\/it\\\/shop\\\/\"},{\"@type\":\"ListItem\",\"position\":3,\"name\":\"Colonnina segnapercorso tendinastro BLACK con nastro blu da 5 metri\"}]},{\"@type\":\"WebSite\",\"@id\":\"https:\\\/\\\/www.smartystore.it\\\/it\\\/#website\",\"url\":\"https:\\\/\\\/www.smartystore.it\\\/it\\\/\",\"name\":\"Smarty Store\",\"description\":\"\",\"potentialAction\":[{\"@type\":\"SearchAction\",\"target\":{\"@type\":\"EntryPoint\",\"urlTemplate\":\"https:\\\/\\\/www.smartystore.it\\\/it\\\/?s={search_term_string}\"},\"query-input\":{\"@type\":\"PropertyValueSpecification\",\"valueRequired\":true,\"valueName\":\"search_term_string\"}}],\"inLanguage\":\"it-IT\"}]}<\/script>\n<!-- \/ Yoast SEO plugin. -->","yoast_head_json":{"title":"Colonnina segnapercorso tendinastro BLACK con nastro blu da 5 metri - Smarty Store","description":"Colonnina segnapercorso tendinastro BLACK in acciaio satinato spazzolato color nero opaco. Nastro color blu: L 5 metri circa, riavvolgitore auto frenante","robots":{"index":"index","follow":"follow","max-snippet":"max-snippet:-1","max-image-preview":"max-image-preview:large","max-video-preview":"max-video-preview:-1"},"canonical":"https:\/\/www.smartystore.it\/it\/prodotto\/colonnina-segnapercorso-tendinastro-black-con-nastro-blu-da-5-metri\/","og_locale":"it_IT","og_type":"article","og_title":"Colonnina segnapercorso tendinastro BLACK con nastro blu da 5 metri - Smarty Store","og_description":"Colonnina segnapercorso tendinastro BLACK in acciaio satinato spazzolato color nero opaco. Nastro color blu: L 5 metri circa, riavvolgitore auto frenante","og_url":"https:\/\/www.smartystore.it\/it\/prodotto\/colonnina-segnapercorso-tendinastro-black-con-nastro-blu-da-5-metri\/","og_site_name":"Smarty Store","article_modified_time":"2026-01-30T14:40:31+00:00","og_image":[{"width":1000,"height":1000,"url":"https:\/\/www.smartystore.it\/v25\/wp-content\/uploads\/2019\/09\/Colonnina-segna-percorso-nera-con-nastro-blu-di-5-metri.jpg","type":"image\/jpeg"}],"twitter_card":"summary_large_image","twitter_misc":{"Tempo di lettura stimato":"3 minuti"},"schema":{"@context":"https:\/\/schema.org","@graph":[{"@type":"WebPage","@id":"https:\/\/www.smartystore.it\/it\/prodotto\/colonnina-segnapercorso-tendinastro-black-con-nastro-blu-da-5-metri\/","url":"https:\/\/www.smartystore.it\/it\/prodotto\/colonnina-segnapercorso-tendinastro-black-con-nastro-blu-da-5-metri\/","name":"Colonnina segnapercorso tendinastro BLACK con nastro blu da 5 metri - Smarty Store","isPartOf":{"@id":"https:\/\/www.smartystore.it\/it\/#website"},"primaryImageOfPage":{"@id":"https:\/\/www.smartystore.it\/it\/prodotto\/colonnina-segnapercorso-tendinastro-black-con-nastro-blu-da-5-metri\/#primaryimage"},"image":{"@id":"https:\/\/www.smartystore.it\/it\/prodotto\/colonnina-segnapercorso-tendinastro-black-con-nastro-blu-da-5-metri\/#primaryimage"},"thumbnailUrl":"https:\/\/www.smartystore.it\/v25\/wp-content\/uploads\/2019\/09\/Colonnina-segna-percorso-nera-con-nastro-blu-di-5-metri.jpg","datePublished":"2019-09-25T12:44:07+00:00","dateModified":"2026-01-30T14:40:31+00:00","description":"Colonnina segnapercorso tendinastro BLACK in acciaio satinato spazzolato color nero opaco. Nastro color blu: L 5 metri circa, riavvolgitore auto frenante","breadcrumb":{"@id":"https:\/\/www.smartystore.it\/it\/prodotto\/colonnina-segnapercorso-tendinastro-black-con-nastro-blu-da-5-metri\/#breadcrumb"},"inLanguage":"it-IT","potentialAction":[{"@type":"ReadAction","target":["https:\/\/www.smartystore.it\/it\/prodotto\/colonnina-segnapercorso-tendinastro-black-con-nastro-blu-da-5-metri\/"]}]},{"@type":"ImageObject","inLanguage":"it-IT","@id":"https:\/\/www.smartystore.it\/it\/prodotto\/colonnina-segnapercorso-tendinastro-black-con-nastro-blu-da-5-metri\/#primaryimage","url":"https:\/\/www.smartystore.it\/v25\/wp-content\/uploads\/2019\/09\/Colonnina-segna-percorso-nera-con-nastro-blu-di-5-metri.jpg","contentUrl":"https:\/\/www.smartystore.it\/v25\/wp-content\/uploads\/2019\/09\/Colonnina-segna-percorso-nera-con-nastro-blu-di-5-metri.jpg","width":1000,"height":1000,"caption":"colonnina segnapercorso tendinastro BLACK con nastro blu"},{"@type":"BreadcrumbList","@id":"https:\/\/www.smartystore.it\/it\/prodotto\/colonnina-segnapercorso-tendinastro-black-con-nastro-blu-da-5-metri\/#breadcrumb","itemListElement":[{"@type":"ListItem","position":1,"name":"Home","item":"https:\/\/www.smartystore.it\/it\/"},{"@type":"ListItem","position":2,"name":"Shop","item":"https:\/\/www.smartystore.it\/it\/shop\/"},{"@type":"ListItem","position":3,"name":"Colonnina segnapercorso tendinastro BLACK con nastro blu da 5 metri"}]},{"@type":"WebSite","@id":"https:\/\/www.smartystore.it\/it\/#website","url":"https:\/\/www.smartystore.it\/it\/","name":"Smarty Store","description":"","potentialAction":[{"@type":"SearchAction","target":{"@type":"EntryPoint","urlTemplate":"https:\/\/www.smartystore.it\/it\/?s={search_term_string}"},"query-input":{"@type":"PropertyValueSpecification","valueRequired":true,"valueName":"search_term_string"}}],"inLanguage":"it-IT"}]}},"brands":[],"_links":{"self":[{"href":"https:\/\/www.smartystore.it\/it\/wp-json\/wp\/v2\/product\/47919","targetHints":{"allow":["GET"]}}],"collection":[{"href":"https:\/\/www.smartystore.it\/it\/wp-json\/wp\/v2\/product"}],"about":[{"href":"https:\/\/www.smartystore.it\/it\/wp-json\/wp\/v2\/types\/product"}],"replies":[{"embeddable":true,"href":"https:\/\/www.smartystore.it\/it\/wp-json\/wp\/v2\/comments?post=47919"}],"wp:featuredmedia":[{"embeddable":true,"href":"https:\/\/www.smartystore.it\/it\/wp-json\/wp\/v2\/media\/59642"}],"wp:attachment":[{"href":"https:\/\/www.smartystore.it\/it\/wp-json\/wp\/v2\/media?parent=47919"}],"wp:term":[{"taxonomy":"pwb-brand","embeddable":true,"href":"https:\/\/www.smartystore.it\/it\/wp-json\/wp\/v2\/pwb-brand?post=47919"},{"taxonomy":"product_brand","embeddable":true,"href":"https:\/\/www.smartystore.it\/it\/wp-json\/wp\/v2\/product_brand?post=47919"},{"taxonomy":"product_cat","embeddable":true,"href":"https:\/\/www.smartystore.it\/it\/wp-json\/wp\/v2\/product_cat?post=47919"},{"taxonomy":"product_tag","embeddable":true,"href":"https:\/\/www.smartystore.it\/it\/wp-json\/wp\/v2\/product_tag?post=47919"}],"curies":[{"name":"wp","href":"https:\/\/api.w.org\/{rel}","templated":true}]}}