{"id":41989,"date":"2017-02-16T11:44:53","date_gmt":"2017-02-16T11:44:53","guid":{"rendered":"https:\/\/www.smartystore.it\/prodotto\/sistema-digital-signage-con-monitor-55\/"},"modified":"2022-12-21T13:40:26","modified_gmt":"2022-12-21T11:40:26","slug":"sistema-digital-signage-con-monitor-55","status":"publish","type":"product","link":"https:\/\/www.smartystore.it\/it\/prodotto\/sistema-digital-signage-con-monitor-55\/","title":{"rendered":"Sistema Digital Signage con monitor 55&#8243;"},"content":{"rendered":"<p>Monitor Professionale Samsung da 55&#8243; per digital signage<\/p>\n<p>Risoluzione: Full HD 3840&#215;2160 (16:9) 4K<\/p>\n<p>Elettronica interna studiata per il funzionamento 24\/24h sette giorni su sette per i modelli da 500 e 700 nit, mentre 16\/24h sette giorni su sette per il modello da 350 nit.<\/p>\n<p>Contrasto: 4000:1<\/p>\n<p>Luminosit\u00e0: 350 nit &#8211; 500 nit &#8211; 700 nit<\/p>\n<p>Ingressi: 3 x HDMI &#8211; 2 x USB &#8211; 1 x DP &#8211; 1 x stereo mini-jack per i modelli da 500 nit e 700 nit<\/p>\n<p>Ingressi: 3 x HDMI &#8211; 2 x USB &#8211; 1 x stereo mini-jack per i modelli da 350 nit<\/p>\n<p>Dimensioni: 1235,1 x 707,9 x 46,3 mm.<\/p>\n<p>Peso: Kg. 18,1<\/p>\n<p>Nel caso di richiesta della gestione dei contenuti in remoto, il sistema verr\u00e0 configurato prima della spedizione. In questo modo sar\u00e0 sufficiente collegare il cavo di alimentazione e il cavo ethernet per la connessione a internet e il sistema riprodurr\u00e0 automaticamente i contenuti. In questo caso il sistema \u00e8 fornito con un player digitale 4K per la gestione dei contenuti e cavo di collegamento HDMI.<\/p>\n<p>Per la gestione remota, \u00e8 necessario l&#8217;utilizzo di un webserver con software dedicato. SmartyStore \u00e8 in grado di fornire tutti i servizi necessari, contattateci per ogni informazione e info@smartystore.it.<\/p>\n<table style=\"width: 38.74%; border-collapse: collapse; border-style: double; border-color: #f7a500;\">\n<tbody>\n<tr>\n<td style=\"width: 15.1402%; border-style: double; border-color: #f7a500; text-align: center;\"><a href=\"https:\/\/www.smartystore.it\/wp-content\/uploads\/2022\/06\/Samsung_Crystal_UHD_Signage_Brochure_WEB-2.pdf\" target=\"_blank\" rel=\"noopener\"><img loading=\"lazy\" decoding=\"async\" class=\" size-full wp-image-31489\" style=\"vertical-align: middle;\" src=\"https:\/\/www.smartystore.it\/wp-content\/uploads\/2013\/05\/freccia-scarica.jpg\" alt=\"\" width=\"30\" height=\"30\" \/><\/a><\/td>\n<td style=\"width: 35.584%;\"><a href=\"https:\/\/www.smartystore.it\/wp-content\/uploads\/2022\/06\/Samsung_Crystal_UHD_Signage_Brochure_WEB-2.pdf\" target=\"_blank\" rel=\"noopener\"><strong>SCHEDA TECNICA<\/strong><\/a><\/td>\n<\/tr>\n<\/tbody>\n<\/table>\n<p>&nbsp;<\/p>\n","protected":false},"excerpt":{"rendered":"<p>Sistema Digital Signage composto da monitor 55&#8243; 4K Samsung, Scelta della luminosit\u00e0 e se con Player digitale 4K e cavo HDMI per la gestione dei contenuti.<\/p>\n","protected":false},"featured_media":64616,"comment_status":"open","ping_status":"closed","template":"","meta":{"_acf_changed":false},"pwb-brand":[],"product_brand":[],"product_cat":[3009,3683,3679],"product_tag":[],"class_list":{"0":"post-41989","1":"product","2":"type-product","3":"status-publish","4":"has-post-thumbnail","6":"product_cat-systemes-de-communication-daffichage-numerique-avec-moniteurs-lcd","7":"product_cat-totem-et-monitor-digital-signage","8":"product_cat-totems-publicitaires-et-dinformation","9":"pa_c2c_color-noir","10":"pa_c2c_configurazione-monitor-player","11":"pa_c2c_configurazione-solo-monitor","12":"pa_c2c_dimensione-55-fr","13":"pa_c2c_trovraprezzi-oui","15":"first","16":"instock","17":"taxable","18":"shipping-taxable","19":"purchasable","20":"product-type-variable"},"acf":[],"yoast_head":"<!-- This site is optimized with the Yoast SEO plugin v27.4 - https:\/\/yoast.com\/product\/yoast-seo-wordpress\/ -->\n<title>Sistema Digital Signage Con Monitor Pubblicitari 55&quot; Samsung<\/title>\n<meta name=\"description\" content=\"Sistema Digital Signage Con Monitor 55&quot; Samsung. Sfrutta la potenza pubblicitaria dei monitor digital signage, acquista i monitor pubblicitari da interno utilizzati nei negozi come moderni sistemi di comunicazione, gestiti via web o in remoto\" \/>\n<meta name=\"robots\" content=\"index, follow, max-snippet:-1, max-image-preview:large, max-video-preview:-1\" \/>\n<link rel=\"canonical\" href=\"https:\/\/www.smartystore.it\/it\/prodotto\/sistema-digital-signage-con-monitor-55\/\" \/>\n<meta property=\"og:locale\" content=\"it_IT\" \/>\n<meta property=\"og:type\" content=\"article\" \/>\n<meta property=\"og:title\" content=\"Sistema Digital Signage Con Monitor Pubblicitari 55&quot; Samsung\" \/>\n<meta property=\"og:description\" content=\"Sistema Digital Signage Con Monitor 55&quot; Samsung. Sfrutta la potenza pubblicitaria dei monitor digital signage, acquista i monitor pubblicitari da interno utilizzati nei negozi come moderni sistemi di comunicazione, gestiti via web o in remoto\" \/>\n<meta property=\"og:url\" content=\"https:\/\/www.smartystore.it\/it\/prodotto\/sistema-digital-signage-con-monitor-55\/\" \/>\n<meta property=\"og:site_name\" content=\"Smarty Store\" \/>\n<meta property=\"article:modified_time\" content=\"2022-12-21T11:40:26+00:00\" \/>\n<meta property=\"og:image\" content=\"https:\/\/www.smartystore.it\/v25\/wp-content\/uploads\/2017\/02\/Monitor-55V.jpg\" \/>\n\t<meta property=\"og:image:width\" content=\"1000\" \/>\n\t<meta property=\"og:image:height\" content=\"1000\" \/>\n\t<meta property=\"og:image:type\" content=\"image\/jpeg\" \/>\n<meta name=\"twitter:card\" content=\"summary_large_image\" \/>\n<meta name=\"twitter:label1\" content=\"Tempo di lettura stimato\" \/>\n\t<meta name=\"twitter:data1\" content=\"2 minuti\" \/>\n<script type=\"application\/ld+json\" class=\"yoast-schema-graph\">{\"@context\":\"https:\\\/\\\/schema.org\",\"@graph\":[{\"@type\":\"WebPage\",\"@id\":\"https:\\\/\\\/www.smartystore.it\\\/it\\\/prodotto\\\/sistema-digital-signage-con-monitor-55\\\/\",\"url\":\"https:\\\/\\\/www.smartystore.it\\\/it\\\/prodotto\\\/sistema-digital-signage-con-monitor-55\\\/\",\"name\":\"Sistema Digital Signage Con Monitor Pubblicitari 55\\\" Samsung\",\"isPartOf\":{\"@id\":\"https:\\\/\\\/www.smartystore.it\\\/it\\\/#website\"},\"primaryImageOfPage\":{\"@id\":\"https:\\\/\\\/www.smartystore.it\\\/it\\\/prodotto\\\/sistema-digital-signage-con-monitor-55\\\/#primaryimage\"},\"image\":{\"@id\":\"https:\\\/\\\/www.smartystore.it\\\/it\\\/prodotto\\\/sistema-digital-signage-con-monitor-55\\\/#primaryimage\"},\"thumbnailUrl\":\"https:\\\/\\\/www.smartystore.it\\\/v25\\\/wp-content\\\/uploads\\\/2017\\\/02\\\/Monitor-55V.jpg\",\"datePublished\":\"2017-02-16T11:44:53+00:00\",\"dateModified\":\"2022-12-21T11:40:26+00:00\",\"description\":\"Sistema Digital Signage Con Monitor 55\\\" Samsung. Sfrutta la potenza pubblicitaria dei monitor digital signage, acquista i monitor pubblicitari da interno utilizzati nei negozi come moderni sistemi di comunicazione, gestiti via web o in remoto\",\"breadcrumb\":{\"@id\":\"https:\\\/\\\/www.smartystore.it\\\/it\\\/prodotto\\\/sistema-digital-signage-con-monitor-55\\\/#breadcrumb\"},\"inLanguage\":\"it-IT\",\"potentialAction\":[{\"@type\":\"ReadAction\",\"target\":[\"https:\\\/\\\/www.smartystore.it\\\/it\\\/prodotto\\\/sistema-digital-signage-con-monitor-55\\\/\"]}]},{\"@type\":\"ImageObject\",\"inLanguage\":\"it-IT\",\"@id\":\"https:\\\/\\\/www.smartystore.it\\\/it\\\/prodotto\\\/sistema-digital-signage-con-monitor-55\\\/#primaryimage\",\"url\":\"https:\\\/\\\/www.smartystore.it\\\/v25\\\/wp-content\\\/uploads\\\/2017\\\/02\\\/Monitor-55V.jpg\",\"contentUrl\":\"https:\\\/\\\/www.smartystore.it\\\/v25\\\/wp-content\\\/uploads\\\/2017\\\/02\\\/Monitor-55V.jpg\",\"width\":1000,\"height\":1000},{\"@type\":\"BreadcrumbList\",\"@id\":\"https:\\\/\\\/www.smartystore.it\\\/it\\\/prodotto\\\/sistema-digital-signage-con-monitor-55\\\/#breadcrumb\",\"itemListElement\":[{\"@type\":\"ListItem\",\"position\":1,\"name\":\"Home\",\"item\":\"https:\\\/\\\/www.smartystore.it\\\/it\\\/\"},{\"@type\":\"ListItem\",\"position\":2,\"name\":\"Shop\",\"item\":\"https:\\\/\\\/www.smartystore.it\\\/it\\\/shop\\\/\"},{\"@type\":\"ListItem\",\"position\":3,\"name\":\"Sistema Digital Signage con monitor 55&#8243;\"}]},{\"@type\":\"WebSite\",\"@id\":\"https:\\\/\\\/www.smartystore.it\\\/it\\\/#website\",\"url\":\"https:\\\/\\\/www.smartystore.it\\\/it\\\/\",\"name\":\"Smarty Store\",\"description\":\"\",\"potentialAction\":[{\"@type\":\"SearchAction\",\"target\":{\"@type\":\"EntryPoint\",\"urlTemplate\":\"https:\\\/\\\/www.smartystore.it\\\/it\\\/?s={search_term_string}\"},\"query-input\":{\"@type\":\"PropertyValueSpecification\",\"valueRequired\":true,\"valueName\":\"search_term_string\"}}],\"inLanguage\":\"it-IT\"}]}<\/script>\n<!-- \/ Yoast SEO plugin. -->","yoast_head_json":{"title":"Sistema Digital Signage Con Monitor Pubblicitari 55\" Samsung","description":"Sistema Digital Signage Con Monitor 55\" Samsung. Sfrutta la potenza pubblicitaria dei monitor digital signage, acquista i monitor pubblicitari da interno utilizzati nei negozi come moderni sistemi di comunicazione, gestiti via web o in remoto","robots":{"index":"index","follow":"follow","max-snippet":"max-snippet:-1","max-image-preview":"max-image-preview:large","max-video-preview":"max-video-preview:-1"},"canonical":"https:\/\/www.smartystore.it\/it\/prodotto\/sistema-digital-signage-con-monitor-55\/","og_locale":"it_IT","og_type":"article","og_title":"Sistema Digital Signage Con Monitor Pubblicitari 55\" Samsung","og_description":"Sistema Digital Signage Con Monitor 55\" Samsung. Sfrutta la potenza pubblicitaria dei monitor digital signage, acquista i monitor pubblicitari da interno utilizzati nei negozi come moderni sistemi di comunicazione, gestiti via web o in remoto","og_url":"https:\/\/www.smartystore.it\/it\/prodotto\/sistema-digital-signage-con-monitor-55\/","og_site_name":"Smarty Store","article_modified_time":"2022-12-21T11:40:26+00:00","og_image":[{"width":1000,"height":1000,"url":"https:\/\/www.smartystore.it\/v25\/wp-content\/uploads\/2017\/02\/Monitor-55V.jpg","type":"image\/jpeg"}],"twitter_card":"summary_large_image","twitter_misc":{"Tempo di lettura stimato":"2 minuti"},"schema":{"@context":"https:\/\/schema.org","@graph":[{"@type":"WebPage","@id":"https:\/\/www.smartystore.it\/it\/prodotto\/sistema-digital-signage-con-monitor-55\/","url":"https:\/\/www.smartystore.it\/it\/prodotto\/sistema-digital-signage-con-monitor-55\/","name":"Sistema Digital Signage Con Monitor Pubblicitari 55\" Samsung","isPartOf":{"@id":"https:\/\/www.smartystore.it\/it\/#website"},"primaryImageOfPage":{"@id":"https:\/\/www.smartystore.it\/it\/prodotto\/sistema-digital-signage-con-monitor-55\/#primaryimage"},"image":{"@id":"https:\/\/www.smartystore.it\/it\/prodotto\/sistema-digital-signage-con-monitor-55\/#primaryimage"},"thumbnailUrl":"https:\/\/www.smartystore.it\/v25\/wp-content\/uploads\/2017\/02\/Monitor-55V.jpg","datePublished":"2017-02-16T11:44:53+00:00","dateModified":"2022-12-21T11:40:26+00:00","description":"Sistema Digital Signage Con Monitor 55\" Samsung. Sfrutta la potenza pubblicitaria dei monitor digital signage, acquista i monitor pubblicitari da interno utilizzati nei negozi come moderni sistemi di comunicazione, gestiti via web o in remoto","breadcrumb":{"@id":"https:\/\/www.smartystore.it\/it\/prodotto\/sistema-digital-signage-con-monitor-55\/#breadcrumb"},"inLanguage":"it-IT","potentialAction":[{"@type":"ReadAction","target":["https:\/\/www.smartystore.it\/it\/prodotto\/sistema-digital-signage-con-monitor-55\/"]}]},{"@type":"ImageObject","inLanguage":"it-IT","@id":"https:\/\/www.smartystore.it\/it\/prodotto\/sistema-digital-signage-con-monitor-55\/#primaryimage","url":"https:\/\/www.smartystore.it\/v25\/wp-content\/uploads\/2017\/02\/Monitor-55V.jpg","contentUrl":"https:\/\/www.smartystore.it\/v25\/wp-content\/uploads\/2017\/02\/Monitor-55V.jpg","width":1000,"height":1000},{"@type":"BreadcrumbList","@id":"https:\/\/www.smartystore.it\/it\/prodotto\/sistema-digital-signage-con-monitor-55\/#breadcrumb","itemListElement":[{"@type":"ListItem","position":1,"name":"Home","item":"https:\/\/www.smartystore.it\/it\/"},{"@type":"ListItem","position":2,"name":"Shop","item":"https:\/\/www.smartystore.it\/it\/shop\/"},{"@type":"ListItem","position":3,"name":"Sistema Digital Signage con monitor 55&#8243;"}]},{"@type":"WebSite","@id":"https:\/\/www.smartystore.it\/it\/#website","url":"https:\/\/www.smartystore.it\/it\/","name":"Smarty Store","description":"","potentialAction":[{"@type":"SearchAction","target":{"@type":"EntryPoint","urlTemplate":"https:\/\/www.smartystore.it\/it\/?s={search_term_string}"},"query-input":{"@type":"PropertyValueSpecification","valueRequired":true,"valueName":"search_term_string"}}],"inLanguage":"it-IT"}]}},"brands":[],"_links":{"self":[{"href":"https:\/\/www.smartystore.it\/it\/wp-json\/wp\/v2\/product\/41989","targetHints":{"allow":["GET"]}}],"collection":[{"href":"https:\/\/www.smartystore.it\/it\/wp-json\/wp\/v2\/product"}],"about":[{"href":"https:\/\/www.smartystore.it\/it\/wp-json\/wp\/v2\/types\/product"}],"replies":[{"embeddable":true,"href":"https:\/\/www.smartystore.it\/it\/wp-json\/wp\/v2\/comments?post=41989"}],"wp:featuredmedia":[{"embeddable":true,"href":"https:\/\/www.smartystore.it\/it\/wp-json\/wp\/v2\/media\/64616"}],"wp:attachment":[{"href":"https:\/\/www.smartystore.it\/it\/wp-json\/wp\/v2\/media?parent=41989"}],"wp:term":[{"taxonomy":"pwb-brand","embeddable":true,"href":"https:\/\/www.smartystore.it\/it\/wp-json\/wp\/v2\/pwb-brand?post=41989"},{"taxonomy":"product_brand","embeddable":true,"href":"https:\/\/www.smartystore.it\/it\/wp-json\/wp\/v2\/product_brand?post=41989"},{"taxonomy":"product_cat","embeddable":true,"href":"https:\/\/www.smartystore.it\/it\/wp-json\/wp\/v2\/product_cat?post=41989"},{"taxonomy":"product_tag","embeddable":true,"href":"https:\/\/www.smartystore.it\/it\/wp-json\/wp\/v2\/product_tag?post=41989"}],"curies":[{"name":"wp","href":"https:\/\/api.w.org\/{rel}","templated":true}]}}