{"id":39717,"date":"2015-06-11T14:32:03","date_gmt":"2015-06-11T14:32:03","guid":{"rendered":"https:\/\/www.smartystore.it\/prodotto\/totem-bifacciale-slim-60x200-cm-con-base-a-v\/"},"modified":"2026-02-18T12:38:06","modified_gmt":"2026-02-18T10:38:06","slug":"totem-bifacciale-slim-60x200-cm-con-base-a-v","status":"publish","type":"product","link":"https:\/\/www.smartystore.it\/it\/prodotto\/totem-bifacciale-slim-60x200-cm-con-base-a-v\/","title":{"rendered":"Totem Bifacciale Slim 60&#215;200 cm. con base a V"},"content":{"rendered":"<div class=\"wpb-content-wrapper\"><p>[vc_row][vc_column][vc_column_text css=&#8221;&#8221; css_params=&#8221;&#8221;]Espositore pubblicitario per interno serie SLIM composto da:<\/p>\n<p>Pannello sandwich da 19 mm.<\/p>\n<p>Base a V metallica verniciata color silver.<\/p>\n<p>Stampa: su pellicola vinilica laminata.<\/p>\n<p>Peso totem: 10 Kg.<\/p>\n<p>Dimensioni base (in cm.): L 60 &#8211; H 20 &#8211; P 47,5<\/p>\n<p>Dimensione pannello sandwich (in cm.): L 60 &#8211; H 190<\/p>\n<p>Dimensione struttura (in cm.): L 60 &#8211; H 200 &#8211; P 47,5<\/p>\n<p>Dimensione area di sampa (in cm.): L 60 &#8211; H 180<\/p>\n<p><span style=\"color: #993300;\"><strong>PER IL FILE DI GRAFICA: creare il file delle dimensioni cm 60&#215;180 (scala 1:1) con i testi convertiti in tracciati, dopo il salvataggio del file in formato PDF (risoluzione minima di 200 dpi) inviare il documento all&#8217;indirizzo di posta elettronica<\/strong><\/span><strong>&nbsp;<a href=\"mailto:grafica@smartystore.it\">grafica@smartystore.it<\/a>&nbsp;<\/strong><span style=\"color: #993300;\"><strong>facendo riferimento al numero di ordine.<\/strong><\/span><\/p>\n<p><a href=\"https:\/\/www.smartystore.it\/v25\/wp-content\/uploads\/2015\/06\/STR-TIV001-002-003-004.pdf\" target=\"_blank\" rel=\"noopener\"><img loading=\"lazy\" decoding=\"async\" class=\"alignnone size-full wp-image-93672\" src=\"https:\/\/www.smartystore.it\/v25\/wp-content\/uploads\/2023\/11\/LogoDownload_yellow.jpg\" alt=\"\" width=\"50\" height=\"50\"> &nbsp;<\/a><a href=\"https:\/\/www.smartystore.it\/v25\/wp-content\/uploads\/2015\/06\/STR-TIV001-002-003-004.pdf\" target=\"_blank\" rel=\"noopener noreferrer\"><strong>SCHEDA TECNICA &#8211; DATA SHEET &#8211; FICHE TECHNIQUE<\/strong><\/a><\/p>\n<p>&nbsp;<\/p>\n<p><strong>SERVIZI DI GRAFICA E STAMPA<\/strong><\/p>\n<p>Smarty Store pu\u00f2 fornire il servizio di impaginazione e\/o della stampa.<\/p>\n<p>Se viene richiesto il servizio di sola stampa, il cliente dovr\u00e0 inviare il file di stampa in formato PDF. La grafica verr\u00e0 stampata cos\u00ec come ricevuta nel file.<\/p>\n<p>Se viene richiesto il servizio di impaginazione, la nostra struttura si metter\u00e0 in contatto telefonico con il cliente per le necessarie informazioni. Dall&#8217;impostazione grafica restano escluse le immagini che dovranno essere fornite dal cliente o quotate separatamente.<br \/>\nIl cliente ricever\u00e0 la proposta grafica in formato PDF per approvazione.<\/p>\n<p><strong>ATTENZIONE:<\/strong><br \/>\nI colori visualizzati possono differire da monitor a monitor. Per i colori di stampa \u00e8 necessario fare sempre riferimento alla scala Pantone.<br \/>\nSmarty Store non si assume alcuna responsabilit\u00e0 nel caso di colori controllati dal cliente solo sul proprio monitor.[\/vc_column_text][\/vc_column][\/vc_row]<\/p>\n<\/div>","protected":false},"excerpt":{"rendered":"<p>Totem con pannello sandwich e base a V in metallo verniciato silver.<\/p>\n","protected":false},"featured_media":63992,"comment_status":"open","ping_status":"closed","template":"","meta":{"_acf_changed":false},"pwb-brand":[],"product_brand":[],"product_cat":[3681,3679],"product_tag":[],"class_list":{"0":"post-39717","1":"product","2":"type-product","3":"status-publish","4":"has-post-thumbnail","6":"product_cat-totem-slim-fr","7":"product_cat-totems-publicitaires-et-dinformation","8":"pa_c2c_color-argent","9":"pa_c2c_dimensione-cm-60x200","10":"pa_c2c_grafica-1-sujet","11":"pa_c2c_grafica-non","12":"pa_c2c_mono_bifacciale-double-face","13":"pa_c2c_stampa-1-cote","14":"pa_c2c_stampa-2-faces","15":"pa_c2c_stampa-non","16":"pa_c2c_trovraprezzi-oui","18":"first","19":"outofstock","20":"taxable","21":"shipping-taxable","22":"purchasable","23":"product-type-variable"},"acf":[],"yoast_head":"<!-- This site is optimized with the Yoast SEO plugin v27.4 - https:\/\/yoast.com\/product\/yoast-seo-wordpress\/ -->\n<title>Totem Bifacciale Slim 60x200 cm. con base a V - Smarty Store<\/title>\n<meta name=\"robots\" content=\"index, follow, max-snippet:-1, max-image-preview:large, max-video-preview:-1\" \/>\n<link rel=\"canonical\" href=\"https:\/\/www.smartystore.it\/it\/prodotto\/totem-bifacciale-slim-60x200-cm-con-base-a-v\/\" \/>\n<meta property=\"og:locale\" content=\"it_IT\" \/>\n<meta property=\"og:type\" content=\"article\" \/>\n<meta property=\"og:title\" content=\"Totem Bifacciale Slim 60x200 cm. con base a V - Smarty Store\" \/>\n<meta property=\"og:description\" content=\"Totem con pannello sandwich e base a V in metallo verniciato silver.\" \/>\n<meta property=\"og:url\" content=\"https:\/\/www.smartystore.it\/it\/prodotto\/totem-bifacciale-slim-60x200-cm-con-base-a-v\/\" \/>\n<meta property=\"og:site_name\" content=\"Smarty Store\" \/>\n<meta property=\"article:modified_time\" content=\"2026-02-18T10:38:06+00:00\" \/>\n<meta property=\"og:image\" content=\"https:\/\/www.smartystore.it\/v25\/wp-content\/uploads\/2015\/06\/Totem-bifacciale-interno-60x200-con-pannello-sandwiche-base-a-V-in-metallo.jpg\" \/>\n\t<meta property=\"og:image:width\" content=\"1000\" \/>\n\t<meta property=\"og:image:height\" content=\"1000\" \/>\n\t<meta property=\"og:image:type\" content=\"image\/jpeg\" \/>\n<meta name=\"twitter:card\" content=\"summary_large_image\" \/>\n<meta name=\"twitter:label1\" content=\"Tempo di lettura stimato\" \/>\n\t<meta name=\"twitter:data1\" content=\"2 minuti\" \/>\n<script type=\"application\/ld+json\" class=\"yoast-schema-graph\">{\"@context\":\"https:\\\/\\\/schema.org\",\"@graph\":[{\"@type\":\"WebPage\",\"@id\":\"https:\\\/\\\/www.smartystore.it\\\/it\\\/prodotto\\\/totem-bifacciale-slim-60x200-cm-con-base-a-v\\\/\",\"url\":\"https:\\\/\\\/www.smartystore.it\\\/it\\\/prodotto\\\/totem-bifacciale-slim-60x200-cm-con-base-a-v\\\/\",\"name\":\"Totem Bifacciale Slim 60x200 cm. con base a V - Smarty Store\",\"isPartOf\":{\"@id\":\"https:\\\/\\\/www.smartystore.it\\\/it\\\/#website\"},\"primaryImageOfPage\":{\"@id\":\"https:\\\/\\\/www.smartystore.it\\\/it\\\/prodotto\\\/totem-bifacciale-slim-60x200-cm-con-base-a-v\\\/#primaryimage\"},\"image\":{\"@id\":\"https:\\\/\\\/www.smartystore.it\\\/it\\\/prodotto\\\/totem-bifacciale-slim-60x200-cm-con-base-a-v\\\/#primaryimage\"},\"thumbnailUrl\":\"https:\\\/\\\/www.smartystore.it\\\/v25\\\/wp-content\\\/uploads\\\/2015\\\/06\\\/Totem-bifacciale-interno-60x200-con-pannello-sandwiche-base-a-V-in-metallo.jpg\",\"datePublished\":\"2015-06-11T14:32:03+00:00\",\"dateModified\":\"2026-02-18T10:38:06+00:00\",\"breadcrumb\":{\"@id\":\"https:\\\/\\\/www.smartystore.it\\\/it\\\/prodotto\\\/totem-bifacciale-slim-60x200-cm-con-base-a-v\\\/#breadcrumb\"},\"inLanguage\":\"it-IT\",\"potentialAction\":[{\"@type\":\"ReadAction\",\"target\":[\"https:\\\/\\\/www.smartystore.it\\\/it\\\/prodotto\\\/totem-bifacciale-slim-60x200-cm-con-base-a-v\\\/\"]}]},{\"@type\":\"ImageObject\",\"inLanguage\":\"it-IT\",\"@id\":\"https:\\\/\\\/www.smartystore.it\\\/it\\\/prodotto\\\/totem-bifacciale-slim-60x200-cm-con-base-a-v\\\/#primaryimage\",\"url\":\"https:\\\/\\\/www.smartystore.it\\\/v25\\\/wp-content\\\/uploads\\\/2015\\\/06\\\/Totem-bifacciale-interno-60x200-con-pannello-sandwiche-base-a-V-in-metallo.jpg\",\"contentUrl\":\"https:\\\/\\\/www.smartystore.it\\\/v25\\\/wp-content\\\/uploads\\\/2015\\\/06\\\/Totem-bifacciale-interno-60x200-con-pannello-sandwiche-base-a-V-in-metallo.jpg\",\"width\":1000,\"height\":1000},{\"@type\":\"BreadcrumbList\",\"@id\":\"https:\\\/\\\/www.smartystore.it\\\/it\\\/prodotto\\\/totem-bifacciale-slim-60x200-cm-con-base-a-v\\\/#breadcrumb\",\"itemListElement\":[{\"@type\":\"ListItem\",\"position\":1,\"name\":\"Home\",\"item\":\"https:\\\/\\\/www.smartystore.it\\\/it\\\/\"},{\"@type\":\"ListItem\",\"position\":2,\"name\":\"Shop\",\"item\":\"https:\\\/\\\/www.smartystore.it\\\/it\\\/shop\\\/\"},{\"@type\":\"ListItem\",\"position\":3,\"name\":\"Totem Bifacciale Slim 60&#215;200 cm. con base a V\"}]},{\"@type\":\"WebSite\",\"@id\":\"https:\\\/\\\/www.smartystore.it\\\/it\\\/#website\",\"url\":\"https:\\\/\\\/www.smartystore.it\\\/it\\\/\",\"name\":\"Smarty Store\",\"description\":\"\",\"potentialAction\":[{\"@type\":\"SearchAction\",\"target\":{\"@type\":\"EntryPoint\",\"urlTemplate\":\"https:\\\/\\\/www.smartystore.it\\\/it\\\/?s={search_term_string}\"},\"query-input\":{\"@type\":\"PropertyValueSpecification\",\"valueRequired\":true,\"valueName\":\"search_term_string\"}}],\"inLanguage\":\"it-IT\"}]}<\/script>\n<!-- \/ Yoast SEO plugin. -->","yoast_head_json":{"title":"Totem Bifacciale Slim 60x200 cm. con base a V - Smarty Store","robots":{"index":"index","follow":"follow","max-snippet":"max-snippet:-1","max-image-preview":"max-image-preview:large","max-video-preview":"max-video-preview:-1"},"canonical":"https:\/\/www.smartystore.it\/it\/prodotto\/totem-bifacciale-slim-60x200-cm-con-base-a-v\/","og_locale":"it_IT","og_type":"article","og_title":"Totem Bifacciale Slim 60x200 cm. con base a V - Smarty Store","og_description":"Totem con pannello sandwich e base a V in metallo verniciato silver.","og_url":"https:\/\/www.smartystore.it\/it\/prodotto\/totem-bifacciale-slim-60x200-cm-con-base-a-v\/","og_site_name":"Smarty Store","article_modified_time":"2026-02-18T10:38:06+00:00","og_image":[{"width":1000,"height":1000,"url":"https:\/\/www.smartystore.it\/v25\/wp-content\/uploads\/2015\/06\/Totem-bifacciale-interno-60x200-con-pannello-sandwiche-base-a-V-in-metallo.jpg","type":"image\/jpeg"}],"twitter_card":"summary_large_image","twitter_misc":{"Tempo di lettura stimato":"2 minuti"},"schema":{"@context":"https:\/\/schema.org","@graph":[{"@type":"WebPage","@id":"https:\/\/www.smartystore.it\/it\/prodotto\/totem-bifacciale-slim-60x200-cm-con-base-a-v\/","url":"https:\/\/www.smartystore.it\/it\/prodotto\/totem-bifacciale-slim-60x200-cm-con-base-a-v\/","name":"Totem Bifacciale Slim 60x200 cm. con base a V - Smarty Store","isPartOf":{"@id":"https:\/\/www.smartystore.it\/it\/#website"},"primaryImageOfPage":{"@id":"https:\/\/www.smartystore.it\/it\/prodotto\/totem-bifacciale-slim-60x200-cm-con-base-a-v\/#primaryimage"},"image":{"@id":"https:\/\/www.smartystore.it\/it\/prodotto\/totem-bifacciale-slim-60x200-cm-con-base-a-v\/#primaryimage"},"thumbnailUrl":"https:\/\/www.smartystore.it\/v25\/wp-content\/uploads\/2015\/06\/Totem-bifacciale-interno-60x200-con-pannello-sandwiche-base-a-V-in-metallo.jpg","datePublished":"2015-06-11T14:32:03+00:00","dateModified":"2026-02-18T10:38:06+00:00","breadcrumb":{"@id":"https:\/\/www.smartystore.it\/it\/prodotto\/totem-bifacciale-slim-60x200-cm-con-base-a-v\/#breadcrumb"},"inLanguage":"it-IT","potentialAction":[{"@type":"ReadAction","target":["https:\/\/www.smartystore.it\/it\/prodotto\/totem-bifacciale-slim-60x200-cm-con-base-a-v\/"]}]},{"@type":"ImageObject","inLanguage":"it-IT","@id":"https:\/\/www.smartystore.it\/it\/prodotto\/totem-bifacciale-slim-60x200-cm-con-base-a-v\/#primaryimage","url":"https:\/\/www.smartystore.it\/v25\/wp-content\/uploads\/2015\/06\/Totem-bifacciale-interno-60x200-con-pannello-sandwiche-base-a-V-in-metallo.jpg","contentUrl":"https:\/\/www.smartystore.it\/v25\/wp-content\/uploads\/2015\/06\/Totem-bifacciale-interno-60x200-con-pannello-sandwiche-base-a-V-in-metallo.jpg","width":1000,"height":1000},{"@type":"BreadcrumbList","@id":"https:\/\/www.smartystore.it\/it\/prodotto\/totem-bifacciale-slim-60x200-cm-con-base-a-v\/#breadcrumb","itemListElement":[{"@type":"ListItem","position":1,"name":"Home","item":"https:\/\/www.smartystore.it\/it\/"},{"@type":"ListItem","position":2,"name":"Shop","item":"https:\/\/www.smartystore.it\/it\/shop\/"},{"@type":"ListItem","position":3,"name":"Totem Bifacciale Slim 60&#215;200 cm. con base a V"}]},{"@type":"WebSite","@id":"https:\/\/www.smartystore.it\/it\/#website","url":"https:\/\/www.smartystore.it\/it\/","name":"Smarty Store","description":"","potentialAction":[{"@type":"SearchAction","target":{"@type":"EntryPoint","urlTemplate":"https:\/\/www.smartystore.it\/it\/?s={search_term_string}"},"query-input":{"@type":"PropertyValueSpecification","valueRequired":true,"valueName":"search_term_string"}}],"inLanguage":"it-IT"}]}},"brands":[],"_links":{"self":[{"href":"https:\/\/www.smartystore.it\/it\/wp-json\/wp\/v2\/product\/39717","targetHints":{"allow":["GET"]}}],"collection":[{"href":"https:\/\/www.smartystore.it\/it\/wp-json\/wp\/v2\/product"}],"about":[{"href":"https:\/\/www.smartystore.it\/it\/wp-json\/wp\/v2\/types\/product"}],"replies":[{"embeddable":true,"href":"https:\/\/www.smartystore.it\/it\/wp-json\/wp\/v2\/comments?post=39717"}],"wp:featuredmedia":[{"embeddable":true,"href":"https:\/\/www.smartystore.it\/it\/wp-json\/wp\/v2\/media\/63992"}],"wp:attachment":[{"href":"https:\/\/www.smartystore.it\/it\/wp-json\/wp\/v2\/media?parent=39717"}],"wp:term":[{"taxonomy":"pwb-brand","embeddable":true,"href":"https:\/\/www.smartystore.it\/it\/wp-json\/wp\/v2\/pwb-brand?post=39717"},{"taxonomy":"product_brand","embeddable":true,"href":"https:\/\/www.smartystore.it\/it\/wp-json\/wp\/v2\/product_brand?post=39717"},{"taxonomy":"product_cat","embeddable":true,"href":"https:\/\/www.smartystore.it\/it\/wp-json\/wp\/v2\/product_cat?post=39717"},{"taxonomy":"product_tag","embeddable":true,"href":"https:\/\/www.smartystore.it\/it\/wp-json\/wp\/v2\/product_tag?post=39717"}],"curies":[{"name":"wp","href":"https:\/\/api.w.org\/{rel}","templated":true}]}}