{"id":37213,"date":"2014-10-08T16:16:16","date_gmt":"2014-10-08T16:16:16","guid":{"rendered":"https:\/\/www.smartystore.it\/prodotto\/totem-pubblicitario-bifacciale-90x200\/"},"modified":"2026-04-20T13:24:26","modified_gmt":"2026-04-20T11:24:26","slug":"totem-pubblicitario-bifacciale-90x200","status":"publish","type":"product","link":"https:\/\/www.smartystore.it\/it\/prodotto\/totem-pubblicitario-bifacciale-90x200\/","title":{"rendered":"Totem pubblicitario Bifacciale 90&#215;200 da esterno"},"content":{"rendered":"<div class=\"wpb-content-wrapper\"><p>[vc_row][vc_column][vc_column_text css=&#8221;&#8221; css_params=&#8221;&#8221;]<\/p>\n<h1>Totem Bifacciale 90&#215;200 da esterno<\/h1>\n<p>Il Totem Bifacciale 90&#215;200 da esterno rappresenta una soluzione espositiva <strong>autoportante<\/strong> di elevata qualit\u00e0 e impatto visivo, ideale per molteplici esigenze comunicative. Realizzato con profili laterali in alluminio e una struttura interna di rinforzo in metallo, garantisce <strong>robustezza e durabilit\u00e0<\/strong> anche in condizioni ambientali esterne. La base in metallo verniciato a polveri color silver \u00e8 dotata di quattro fori che permettono un sicuro fissaggio a terra, assicurando cos\u00ec la stabilit\u00e0 necessaria per l\u2019installazione.<\/p>\n<p>I due pannelli di fondo, realizzati in <strong>lamiera metallica bianca<\/strong> da 10\/10 mm, costituiscono la superficie su cui pu\u00f2 essere applicata la grafica adesiva vinilica. Questa pu\u00f2 essere personalizzata su uno o entrambi i lati del totem, a seconda delle necessit\u00e0 comunicative, e viene protetta mediante una <strong>laminazione trasparente opaca<\/strong>, che ne preserva l\u2019aspetto e la durata nel tempo.<\/p>\n<h2>Totem Bifacciale 90&#215;200 da esterno: per Pubblica Amministrazione e Aziende Private<\/h2>\n<p>Grazie alle dimensioni generose di 90&#215;200 cm, il totem permette una visibilit\u00e0 ottimale anche a distanza, rendendolo particolarmente adatto per utilizzi in punti vendita, ingressi aziendali, parcheggi della Pubblica Amministrazione e spazi commerciali. La sua versatilit\u00e0 consente di adattarlo efficacemente a comunicazioni aziendali, direzionali o promozionali, valorizzando qualsiasi ambiente esterno.<\/p>\n<p>Un elemento distintivo di questo prodotto \u00e8 la <strong>certificazione di staticit\u00e0<\/strong>, che attesta la sua sicurezza e affidabilit\u00e0 strutturale. La combinazione di materiali di alta qualit\u00e0, design funzionale e attenzione alla stabilit\u00e0 rende il Totem Bifacciale 90&#215;200 da esterno una scelta eccellente per chi desidera comunicare con efficacia garantendo al contempo robustezza e resistenza agli agenti atmosferici.<\/p>\n<p>&nbsp;<\/p>\n<p>&nbsp;<\/p>\n<h3><strong>CARATTERISTICHE:<\/strong><\/h3>\n<ul>\n<li>Totem espositivo autoportante munito di certificazione di staticit\u00e0.<\/li>\n<li>Profili laterali in alluminio silver.<\/li>\n<li>Base in metallo verniciata a polveri silver (cm.): L 95 x P 50 H 0,6<\/li>\n<li>Base munita di 4 fori per eventuale fissaggio a terra.<\/li>\n<li>Struttura interna in metallo di rinforzo.<\/li>\n<li>Due pannelli di fondo convessi in lamiera 10\/10 preverniciati nella colorazione bianca.<\/li>\n<li>Dimensione struttura (in cm.): L 90 &#8211; H 200<\/li>\n<li>Dimensione area di stampa (in cm.): L 90 &#8211; H 200<\/li>\n<li>Area visibile (in cm.): L 86 &#8211; H 200<\/li>\n<li>Peso totem: 40 Kg.<\/li>\n<li>Utilizzo all&#8217;esterno.<\/li>\n<\/ul>\n<p>&nbsp;<\/p>\n<h3 style=\"text-align: center;\">Guarda gli altri totem da esterno a questo&nbsp;<a href=\"https:\/\/www.smartystore.it\/it\/categoria-prodotto\/totem-pubblicitari-informativi\/totem-da-interno-ed-esterno\/\">LINK<\/a><\/h3>\n<p>&nbsp;<\/p>\n<p><span style=\"color: #993300;\"><strong>PER IL FILE DI GRAFICA: creare il file delle dimensioni cm 86&#215;200 (scala 1:1) con i testi convertiti in tracciati, dopo il salvataggio del file in formato PDF (risoluzione minima di 200 dpi) inviare il documento all&#8217;indirizzo di posta elettronica<\/strong><\/span><strong>&nbsp;<a href=\"mailto:grafica@smartystore.it\">grafica@smartystore.it<\/a>&nbsp;<\/strong><span style=\"color: #993300;\"><strong>facendo riferimento al numero di ordine.<\/strong><\/span><\/p>\n<p>&nbsp;<\/p>\n<p><a href=\"https:\/\/www.smartystore.it\/v25\/wp-content\/uploads\/2014\/10\/STR-TEE001-002-004.pdf\" target=\"_blank\" rel=\"noopener\"><img loading=\"lazy\" decoding=\"async\" class=\"alignnone size-full wp-image-93672\" src=\"https:\/\/www.smartystore.it\/v25\/wp-content\/uploads\/2023\/11\/LogoDownload_yellow.jpg\" alt=\"\" width=\"50\" height=\"50\"> &nbsp;<\/a><a href=\"https:\/\/www.smartystore.it\/v25\/wp-content\/uploads\/2014\/10\/STR-TEE001-002-004.pdf\" target=\"_blank\" rel=\"noopener noreferrer\"><strong>SCHEDA TECNICA<\/strong><\/a><\/p>\n<p><a href=\"https:\/\/www.smartystore.it\/v25\/wp-content\/uploads\/2024\/03\/STR-TEE004-template.pdf\" target=\"_blank\" rel=\"noopener\"><img loading=\"lazy\" decoding=\"async\" class=\"alignnone size-full wp-image-93609\" src=\"https:\/\/www.smartystore.it\/v25\/wp-content\/uploads\/2021\/02\/LogoDownload_green-1.jpg\" alt=\"\" width=\"50\" height=\"50\"> &nbsp;<\/a><a href=\"https:\/\/www.smartystore.it\/v25\/wp-content\/uploads\/2024\/03\/STR-TEE004-template.pdf\" target=\"_blank\" rel=\"noopener\"><strong>TRACCIATO FUSTELLA<\/strong><\/a><\/p>\n<p><a href=\"https:\/\/www.smartystore.it\/v25\/wp-content\/uploads\/2025\/08\/Istruzioni-montaggio_STR-TEE001-2-3-4-5.pdf\" target=\"_blank\" rel=\"noopener\"><img loading=\"lazy\" decoding=\"async\" class=\"alignnone size-full wp-image-94839\" src=\"https:\/\/www.smartystore.it\/v25\/wp-content\/uploads\/2025\/08\/LogoDownload_blue.jpg\" alt=\"\" width=\"50\" height=\"50\"><\/a> <a href=\"https:\/\/www.smartystore.it\/v25\/wp-content\/uploads\/2025\/08\/Istruzioni-montaggio_STR-TEE001-2-3-4-5.pdf\" target=\"_blank\" rel=\"noopener\"><strong>ISTRUZIONI DI MONTAGGIO<\/strong><\/a><\/p>\n<p>&nbsp;<\/p>\n<p><strong>SERVIZI DI GRAFICA E STAMPA<\/strong><\/p>\n<p>Smarty Store pu\u00f2 fornire il servizio di impaginazione e\/o della stampa.<\/p>\n<p>Se viene richiesto il servizio di sola stampa, il cliente dovr\u00e0 inviare il file di stampa in formato PDF. La grafica verr\u00e0 stampata cos\u00ec come ricevuta nel file.<\/p>\n<p>Se viene richiesto il servizio di impaginazione, la nostra struttura si metter\u00e0 in contatto telefonico con il cliente per le necessarie informazioni. Dall&#8217;impostazione grafica restano escluse le immagini che dovranno essere fornite dal cliente o quotate separatamente.<br \/>\nIl cliente ricever\u00e0 la proposta grafica in formato PDF per approvazione.<\/p>\n<p><strong>ATTENZIONE:<\/strong><br \/>\nI colori visualizzati possono differire da monitor a monitor. Per i colori di stampa \u00e8 necessario fare sempre riferimento alla scala Pantone.<br \/>\nSmarty Store non si assume alcuna responsabilit\u00e0 nel caso di colori controllati dal cliente solo sul proprio monitor.<\/p>\n<p>&nbsp;<\/p>\n<p>&nbsp;[\/vc_column_text][\/vc_column][\/vc_row]<\/p>\n<\/div>","protected":false},"excerpt":{"rendered":"<p>Totem professionale da esterno Bifacciale 90&#215;200 completo di certificazione di staticit\u00e0. Struttura interna di rinforzo.<\/p>\n","protected":false},"featured_media":63882,"comment_status":"open","ping_status":"closed","template":"","meta":{"_acf_changed":false},"pwb-brand":[],"product_brand":[],"product_cat":[2109,2045],"product_tag":[7220,7224,7223,7226,7225,7227,7222,7244],"class_list":{"0":"post-37213","1":"product","2":"type-product","3":"status-publish","4":"has-post-thumbnail","6":"product_cat-totem-da-interno-ed-esterno","7":"product_cat-totem-pubblicitari-informativi","8":"product_tag-totem-auto-portante-da-esterno","9":"product_tag-totem-bifacciale-per-centri-commerciali","10":"product_tag-totem-con-pannelli-in-lamiera","11":"product_tag-totem-da-esterno-per-indicazioni","12":"product_tag-totem-da-esterno-per-ospedali","13":"product_tag-totem-da-esterno-personalizzabile","14":"product_tag-totem-professionale-per-esterno","15":"product_tag-totem-pubblicitario-bifacciale-90x200-da-esterno","16":"pa_c2c_color-28-silver","17":"pa_c2c_dimensione-cm-90x200","18":"pa_c2c_grafica-4e-1soggetto","19":"pa_c2c_grafica-f2-no","20":"pa_c2c_mono_bifacciale-19-bifacciale","21":"pa_c2c_stampa-11-1lato","22":"pa_c2c_stampa-2-lati","23":"pa_c2c_stampa-f2-no","24":"pa_c2c_trovraprezzi-ae-si","26":"first","27":"instock","28":"taxable","29":"shipping-taxable","30":"purchasable","31":"product-type-variable"},"acf":[],"yoast_head":"<!-- This site is optimized with the Yoast SEO plugin v27.4 - https:\/\/yoast.com\/product\/yoast-seo-wordpress\/ -->\n<title>Totem pubblicitario Bifacciale 90x200 da esterno - Smarty Store<\/title>\n<meta name=\"description\" content=\"Totem Bifacciale 90x200 da esterno minito di certificazione di staticit\u00e0. Possibilit\u00e0 di personalizzazione con applicazione di grafica vinilica.\" \/>\n<meta name=\"robots\" content=\"index, follow, max-snippet:-1, max-image-preview:large, max-video-preview:-1\" \/>\n<link rel=\"canonical\" href=\"https:\/\/www.smartystore.it\/it\/prodotto\/totem-pubblicitario-bifacciale-90x200\/\" \/>\n<meta property=\"og:locale\" content=\"it_IT\" \/>\n<meta property=\"og:type\" content=\"article\" \/>\n<meta property=\"og:title\" content=\"Totem pubblicitario Bifacciale 90x200 da esterno - Smarty Store\" \/>\n<meta property=\"og:description\" content=\"Totem Bifacciale 90x200 da esterno minito di certificazione di staticit\u00e0. Possibilit\u00e0 di personalizzazione con applicazione di grafica vinilica.\" \/>\n<meta property=\"og:url\" content=\"https:\/\/www.smartystore.it\/it\/prodotto\/totem-pubblicitario-bifacciale-90x200\/\" \/>\n<meta property=\"og:site_name\" content=\"Smarty Store\" \/>\n<meta property=\"article:modified_time\" content=\"2026-04-20T11:24:26+00:00\" \/>\n<meta property=\"og:image\" content=\"https:\/\/www.smartystore.it\/v25\/wp-content\/uploads\/2014\/10\/Totem-bifacciale-esterno-90x200-1.jpg\" \/>\n\t<meta property=\"og:image:width\" content=\"1000\" \/>\n\t<meta property=\"og:image:height\" content=\"1000\" \/>\n\t<meta property=\"og:image:type\" content=\"image\/jpeg\" \/>\n<meta name=\"twitter:card\" content=\"summary_large_image\" \/>\n<meta name=\"twitter:label1\" content=\"Tempo di lettura stimato\" \/>\n\t<meta name=\"twitter:data1\" content=\"4 minuti\" \/>\n<script type=\"application\/ld+json\" class=\"yoast-schema-graph\">{\"@context\":\"https:\\\/\\\/schema.org\",\"@graph\":[{\"@type\":\"WebPage\",\"@id\":\"https:\\\/\\\/www.smartystore.it\\\/it\\\/prodotto\\\/totem-pubblicitario-bifacciale-90x200\\\/\",\"url\":\"https:\\\/\\\/www.smartystore.it\\\/it\\\/prodotto\\\/totem-pubblicitario-bifacciale-90x200\\\/\",\"name\":\"Totem pubblicitario Bifacciale 90x200 da esterno - Smarty Store\",\"isPartOf\":{\"@id\":\"https:\\\/\\\/www.smartystore.it\\\/it\\\/#website\"},\"primaryImageOfPage\":{\"@id\":\"https:\\\/\\\/www.smartystore.it\\\/it\\\/prodotto\\\/totem-pubblicitario-bifacciale-90x200\\\/#primaryimage\"},\"image\":{\"@id\":\"https:\\\/\\\/www.smartystore.it\\\/it\\\/prodotto\\\/totem-pubblicitario-bifacciale-90x200\\\/#primaryimage\"},\"thumbnailUrl\":\"https:\\\/\\\/www.smartystore.it\\\/v25\\\/wp-content\\\/uploads\\\/2014\\\/10\\\/Totem-bifacciale-esterno-90x200-1.jpg\",\"datePublished\":\"2014-10-08T16:16:16+00:00\",\"dateModified\":\"2026-04-20T11:24:26+00:00\",\"description\":\"Totem Bifacciale 90x200 da esterno minito di certificazione di staticit\u00e0. Possibilit\u00e0 di personalizzazione con applicazione di grafica vinilica.\",\"breadcrumb\":{\"@id\":\"https:\\\/\\\/www.smartystore.it\\\/it\\\/prodotto\\\/totem-pubblicitario-bifacciale-90x200\\\/#breadcrumb\"},\"inLanguage\":\"it-IT\",\"potentialAction\":[{\"@type\":\"ReadAction\",\"target\":[\"https:\\\/\\\/www.smartystore.it\\\/it\\\/prodotto\\\/totem-pubblicitario-bifacciale-90x200\\\/\"]}]},{\"@type\":\"ImageObject\",\"inLanguage\":\"it-IT\",\"@id\":\"https:\\\/\\\/www.smartystore.it\\\/it\\\/prodotto\\\/totem-pubblicitario-bifacciale-90x200\\\/#primaryimage\",\"url\":\"https:\\\/\\\/www.smartystore.it\\\/v25\\\/wp-content\\\/uploads\\\/2014\\\/10\\\/Totem-bifacciale-esterno-90x200-1.jpg\",\"contentUrl\":\"https:\\\/\\\/www.smartystore.it\\\/v25\\\/wp-content\\\/uploads\\\/2014\\\/10\\\/Totem-bifacciale-esterno-90x200-1.jpg\",\"width\":1000,\"height\":1000,\"caption\":\"Totem Bifacciale 90x200 da esterno\"},{\"@type\":\"BreadcrumbList\",\"@id\":\"https:\\\/\\\/www.smartystore.it\\\/it\\\/prodotto\\\/totem-pubblicitario-bifacciale-90x200\\\/#breadcrumb\",\"itemListElement\":[{\"@type\":\"ListItem\",\"position\":1,\"name\":\"Home\",\"item\":\"https:\\\/\\\/www.smartystore.it\\\/it\\\/\"},{\"@type\":\"ListItem\",\"position\":2,\"name\":\"Shop\",\"item\":\"https:\\\/\\\/www.smartystore.it\\\/it\\\/shop\\\/\"},{\"@type\":\"ListItem\",\"position\":3,\"name\":\"Totem pubblicitario Bifacciale 90&#215;200 da esterno\"}]},{\"@type\":\"WebSite\",\"@id\":\"https:\\\/\\\/www.smartystore.it\\\/it\\\/#website\",\"url\":\"https:\\\/\\\/www.smartystore.it\\\/it\\\/\",\"name\":\"Smarty Store\",\"description\":\"\",\"potentialAction\":[{\"@type\":\"SearchAction\",\"target\":{\"@type\":\"EntryPoint\",\"urlTemplate\":\"https:\\\/\\\/www.smartystore.it\\\/it\\\/?s={search_term_string}\"},\"query-input\":{\"@type\":\"PropertyValueSpecification\",\"valueRequired\":true,\"valueName\":\"search_term_string\"}}],\"inLanguage\":\"it-IT\"}]}<\/script>\n<!-- \/ Yoast SEO plugin. -->","yoast_head_json":{"title":"Totem pubblicitario Bifacciale 90x200 da esterno - Smarty Store","description":"Totem Bifacciale 90x200 da esterno minito di certificazione di staticit\u00e0. Possibilit\u00e0 di personalizzazione con applicazione di grafica vinilica.","robots":{"index":"index","follow":"follow","max-snippet":"max-snippet:-1","max-image-preview":"max-image-preview:large","max-video-preview":"max-video-preview:-1"},"canonical":"https:\/\/www.smartystore.it\/it\/prodotto\/totem-pubblicitario-bifacciale-90x200\/","og_locale":"it_IT","og_type":"article","og_title":"Totem pubblicitario Bifacciale 90x200 da esterno - Smarty Store","og_description":"Totem Bifacciale 90x200 da esterno minito di certificazione di staticit\u00e0. Possibilit\u00e0 di personalizzazione con applicazione di grafica vinilica.","og_url":"https:\/\/www.smartystore.it\/it\/prodotto\/totem-pubblicitario-bifacciale-90x200\/","og_site_name":"Smarty Store","article_modified_time":"2026-04-20T11:24:26+00:00","og_image":[{"width":1000,"height":1000,"url":"https:\/\/www.smartystore.it\/v25\/wp-content\/uploads\/2014\/10\/Totem-bifacciale-esterno-90x200-1.jpg","type":"image\/jpeg"}],"twitter_card":"summary_large_image","twitter_misc":{"Tempo di lettura stimato":"4 minuti"},"schema":{"@context":"https:\/\/schema.org","@graph":[{"@type":"WebPage","@id":"https:\/\/www.smartystore.it\/it\/prodotto\/totem-pubblicitario-bifacciale-90x200\/","url":"https:\/\/www.smartystore.it\/it\/prodotto\/totem-pubblicitario-bifacciale-90x200\/","name":"Totem pubblicitario Bifacciale 90x200 da esterno - Smarty Store","isPartOf":{"@id":"https:\/\/www.smartystore.it\/it\/#website"},"primaryImageOfPage":{"@id":"https:\/\/www.smartystore.it\/it\/prodotto\/totem-pubblicitario-bifacciale-90x200\/#primaryimage"},"image":{"@id":"https:\/\/www.smartystore.it\/it\/prodotto\/totem-pubblicitario-bifacciale-90x200\/#primaryimage"},"thumbnailUrl":"https:\/\/www.smartystore.it\/v25\/wp-content\/uploads\/2014\/10\/Totem-bifacciale-esterno-90x200-1.jpg","datePublished":"2014-10-08T16:16:16+00:00","dateModified":"2026-04-20T11:24:26+00:00","description":"Totem Bifacciale 90x200 da esterno minito di certificazione di staticit\u00e0. Possibilit\u00e0 di personalizzazione con applicazione di grafica vinilica.","breadcrumb":{"@id":"https:\/\/www.smartystore.it\/it\/prodotto\/totem-pubblicitario-bifacciale-90x200\/#breadcrumb"},"inLanguage":"it-IT","potentialAction":[{"@type":"ReadAction","target":["https:\/\/www.smartystore.it\/it\/prodotto\/totem-pubblicitario-bifacciale-90x200\/"]}]},{"@type":"ImageObject","inLanguage":"it-IT","@id":"https:\/\/www.smartystore.it\/it\/prodotto\/totem-pubblicitario-bifacciale-90x200\/#primaryimage","url":"https:\/\/www.smartystore.it\/v25\/wp-content\/uploads\/2014\/10\/Totem-bifacciale-esterno-90x200-1.jpg","contentUrl":"https:\/\/www.smartystore.it\/v25\/wp-content\/uploads\/2014\/10\/Totem-bifacciale-esterno-90x200-1.jpg","width":1000,"height":1000,"caption":"Totem Bifacciale 90x200 da esterno"},{"@type":"BreadcrumbList","@id":"https:\/\/www.smartystore.it\/it\/prodotto\/totem-pubblicitario-bifacciale-90x200\/#breadcrumb","itemListElement":[{"@type":"ListItem","position":1,"name":"Home","item":"https:\/\/www.smartystore.it\/it\/"},{"@type":"ListItem","position":2,"name":"Shop","item":"https:\/\/www.smartystore.it\/it\/shop\/"},{"@type":"ListItem","position":3,"name":"Totem pubblicitario Bifacciale 90&#215;200 da esterno"}]},{"@type":"WebSite","@id":"https:\/\/www.smartystore.it\/it\/#website","url":"https:\/\/www.smartystore.it\/it\/","name":"Smarty Store","description":"","potentialAction":[{"@type":"SearchAction","target":{"@type":"EntryPoint","urlTemplate":"https:\/\/www.smartystore.it\/it\/?s={search_term_string}"},"query-input":{"@type":"PropertyValueSpecification","valueRequired":true,"valueName":"search_term_string"}}],"inLanguage":"it-IT"}]}},"brands":[],"_links":{"self":[{"href":"https:\/\/www.smartystore.it\/it\/wp-json\/wp\/v2\/product\/37213","targetHints":{"allow":["GET"]}}],"collection":[{"href":"https:\/\/www.smartystore.it\/it\/wp-json\/wp\/v2\/product"}],"about":[{"href":"https:\/\/www.smartystore.it\/it\/wp-json\/wp\/v2\/types\/product"}],"replies":[{"embeddable":true,"href":"https:\/\/www.smartystore.it\/it\/wp-json\/wp\/v2\/comments?post=37213"}],"wp:featuredmedia":[{"embeddable":true,"href":"https:\/\/www.smartystore.it\/it\/wp-json\/wp\/v2\/media\/63882"}],"wp:attachment":[{"href":"https:\/\/www.smartystore.it\/it\/wp-json\/wp\/v2\/media?parent=37213"}],"wp:term":[{"taxonomy":"pwb-brand","embeddable":true,"href":"https:\/\/www.smartystore.it\/it\/wp-json\/wp\/v2\/pwb-brand?post=37213"},{"taxonomy":"product_brand","embeddable":true,"href":"https:\/\/www.smartystore.it\/it\/wp-json\/wp\/v2\/product_brand?post=37213"},{"taxonomy":"product_cat","embeddable":true,"href":"https:\/\/www.smartystore.it\/it\/wp-json\/wp\/v2\/product_cat?post=37213"},{"taxonomy":"product_tag","embeddable":true,"href":"https:\/\/www.smartystore.it\/it\/wp-json\/wp\/v2\/product_tag?post=37213"}],"curies":[{"name":"wp","href":"https:\/\/api.w.org\/{rel}","templated":true}]}}