{"id":37187,"date":"2014-10-08T16:07:48","date_gmt":"2014-10-08T16:07:48","guid":{"rendered":"https:\/\/www.smartystore.it\/prodotto\/totem-pubblicitario-bifacciale-70x250-per-esterno\/"},"modified":"2026-04-20T11:52:12","modified_gmt":"2026-04-20T09:52:12","slug":"totem-pubblicitario-bifacciale-70x250-per-esterno","status":"publish","type":"product","link":"https:\/\/www.smartystore.it\/it\/prodotto\/totem-pubblicitario-bifacciale-70x250-per-esterno\/","title":{"rendered":"Totem pubblicitario Bifacciale 70&#215;250 da esterno"},"content":{"rendered":"<div class=\"wpb-content-wrapper\"><p>[vc_row][vc_column][vc_column_text css=&#8221;&#8221; css_params=&#8221;&#8221;]<\/p>\n<h1>Totem Pubblicitario Bifacciale 70&#215;250 da Esterno<\/h1>\n<p>Il totem pubblicitario bifacciale 70&#215;250 da esterno rappresenta una soluzione espositiva <strong>autoportante<\/strong> di elevata efficacia visiva, ideale per valorizzare la comunicazione aziendale, direzionale e promozionale in molteplici contesti. Realizzato con profili laterali in alluminio e una robusta struttura interna di rinforzo in metallo, garantisce <strong>stabilit\u00e0 e durata nel tempo<\/strong> anche in condizioni ambientali esterne.<\/p>\n<p>La base, costruita in metallo verniciato a polveri color silver, \u00e8 dotata di quattro <strong>fori per il fissaggio<\/strong> a terra, assicurando cos\u00ec un ancoraggio sicuro e una maggiore resistenza al vento o ad altre sollecitazioni esterne. I due <strong>pannelli bifacciali in lamiera<\/strong> metallica bianca spessa 10\/10 costituiscono la superficie ideale su cui applicare la grafica adesiva vinilica personalizzata. In caso di personalizzazione, la grafica viene protetta da una laminazione trasparente opaca, che ne preserva l\u2019integrit\u00e0 e la resa estetica nel tempo.<\/p>\n<h2>Totem Pubblicitario Bifacciale 70&#215;250 da Esterno: Ottima Visibilit\u00e0 in Qualsiasi Contesto<\/h2>\n<p>Le dimensioni imponenti del totem (70&#215;250 cm) consentono una <strong>visibilit\u00e0 ottimale<\/strong> anche a distanza, rendendolo perfetto per essere utilizzato all\u2019esterno di punti vendita, negozi, ingressi aziendali e parcheggi, dove \u00e8 fondamentale comunicare informazioni chiare e immediatamente leggibili. La <strong>certificazione di staticit\u00e0<\/strong> di cui \u00e8 munito attesta la conformit\u00e0 alle normative vigenti, garantendo sicurezza e affidabilit\u00e0 nell\u2019installazione e nell\u2019uso.<\/p>\n<p>Grazie alla possibilit\u00e0 di utilizzo su uno o entrambi i lati, questo totem offre grande versatilit\u00e0 e si adatta facilmente alle esigenze comunicative pi\u00f9 diversificate. In sintesi, il totem bifacciale 70&#215;250 da esterno rappresenta un investimento efficace per chi desidera un prodotto solido, funzionale e dal forte impatto visivo per la propria comunicazione outdoor.<\/p>\n<p>&nbsp;<\/p>\n<h3><strong>CARATTERISTICHE:<\/strong><\/h3>\n<ul>\n<li>Totem espositivo autoportante munito di <strong>certificazione di staticit\u00e0<\/strong>.<\/li>\n<li>Profili laterali in alluminio silver.<\/li>\n<li>Base in metallo verniciata a polveri silver (cm.): L 75 x P 45 H 0,6<\/li>\n<li>Base munita di 4 fori per eventuale fissaggio a terra.<\/li>\n<li>Struttura interna in metallo di rinforzo.<\/li>\n<li>Due pannelli di fondo convessi in lamiera 10\/10 preverniciati nella colorazione bianca.<\/li>\n<li>Dimensione struttura (in cm.): L 70 &#8211; H 250<\/li>\n<li>Dimensione area di stampa (in cm.): L 70 &#8211; H 250<\/li>\n<li>Area visibile (in cm.): L 68 &#8211; H 250<\/li>\n<li>Peso totem: 35 Kg.<\/li>\n<li>Utilizzo all&#8217;esterno.<\/li>\n<\/ul>\n<p>&nbsp;<\/p>\n<h3 style=\"text-align: center;\">Guarda gli altri totem da esterno a questo <span style=\"color: #ff0000;\"><a style=\"color: #ff0000;\" href=\"https:\/\/www.smartystore.it\/it\/categoria-prodotto\/totem-pubblicitari-informativi\/totem-da-interno-ed-esterno\/\">LINK<\/a><\/span><\/h3>\n<p>&nbsp;<\/p>\n<p><span style=\"color: #993300;\"><strong>PER IL FILE DI GRAFICA: creare il file delle dimensioni cm 70&#215;250 (scala 1:1) con i testi convertiti in tracciati, dopo il salvataggio del file in formato PDF (risoluzione minima di 200 dpi) inviare il documento all&#8217;indirizzo di posta elettronica<\/strong><\/span><strong>\u00a0<a href=\"mailto:grafica@smartystore.it\">grafica@smartystore.it<\/a>\u00a0<\/strong><span style=\"color: #993300;\"><strong>facendo riferimento al numero di ordine.<\/strong><\/span><\/p>\n<p>&nbsp;<\/p>\n<p><a href=\"https:\/\/www.smartystore.it\/v25\/wp-content\/uploads\/2014\/10\/STR-TEE003-005.pdf\" target=\"_blank\" rel=\"noopener\"><img loading=\"lazy\" decoding=\"async\" class=\"alignnone size-full wp-image-93672\" src=\"https:\/\/www.smartystore.it\/v25\/wp-content\/uploads\/2023\/11\/LogoDownload_yellow.jpg\" alt=\"\" width=\"50\" height=\"50\" \/> \u00a0<\/a><a href=\"https:\/\/www.smartystore.it\/v25\/wp-content\/uploads\/2014\/10\/STR-TEE003-005.pdf\" target=\"_blank\" rel=\"noopener noreferrer\"><strong>SCHEDA TECNICA<\/strong><\/a><\/p>\n<p><a href=\"https:\/\/www.smartystore.it\/v25\/wp-content\/uploads\/2024\/03\/STR-TEE003-template.pdf\" target=\"_blank\" rel=\"noopener\"><img loading=\"lazy\" decoding=\"async\" class=\"alignnone size-full wp-image-93609\" src=\"https:\/\/www.smartystore.it\/v25\/wp-content\/uploads\/2021\/02\/LogoDownload_green-1.jpg\" alt=\"\" width=\"50\" height=\"50\" \/> \u00a0<\/a><a href=\"https:\/\/www.smartystore.it\/v25\/wp-content\/uploads\/2024\/03\/STR-TEE003-template.pdf\" target=\"_blank\" rel=\"noopener\"><strong>TRACCIATO FUSTELLA<\/strong><\/a><\/p>\n<p><a href=\"https:\/\/www.smartystore.it\/v25\/wp-content\/uploads\/2025\/08\/Istruzioni-montaggio_STR-TEE001-2-3-4-5.pdf\" target=\"_blank\" rel=\"noopener\"><img loading=\"lazy\" decoding=\"async\" class=\"alignnone size-full wp-image-94839\" src=\"https:\/\/www.smartystore.it\/v25\/wp-content\/uploads\/2025\/08\/LogoDownload_blue.jpg\" alt=\"\" width=\"50\" height=\"50\" \/><\/a> <a href=\"https:\/\/www.smartystore.it\/v25\/wp-content\/uploads\/2025\/08\/Istruzioni-montaggio_STR-TEE001-2-3-4-5.pdf\" target=\"_blank\" rel=\"noopener\"><strong>ISTRUZIONI DI MONTAGGIO<\/strong><\/a><\/p>\n<p>&nbsp;<\/p>\n<p><strong>SERVIZI DI GRAFICA E STAMPA<\/strong><\/p>\n<p>Smarty Store pu\u00f2 fornire il servizio di impaginazione e\/o della stampa.<\/p>\n<p>Se viene richiesto il servizio di sola stampa, il cliente dovr\u00e0 inviare il file di stampa in formato PDF. La grafica verr\u00e0 stampata cos\u00ec come ricevuta nel file.<\/p>\n<p>Se viene richiesto il servizio di impaginazione, la nostra struttura si metter\u00e0 in contatto telefonico con il cliente per le necessarie informazioni. Dall&#8217;impostazione grafica restano escluse le immagini che dovranno essere fornite dal cliente o quotate separatamente.<br \/>\nIl cliente ricever\u00e0 la proposta grafica in formato PDF per approvazione.<\/p>\n<p><strong>ATTENZIONE:<\/strong><br \/>\nI colori visualizzati possono differire da monitor a monitor. Per i colori di stampa \u00e8 necessario fare sempre riferimento alla scala Pantone.<br \/>\nSmarty Store non si assume alcuna responsabilit\u00e0 nel caso di colori controllati dal cliente solo sul proprio monitor.<\/p>\n<p>&nbsp;<\/p>\n<p>[\/vc_column_text][\/vc_column][\/vc_row]<\/p>\n<\/div>","protected":false},"excerpt":{"rendered":"<p>Totem da esterno Bifacciale 70&#215;250 completo di certificazione di staticit\u00e0.<\/p>\n","protected":false},"featured_media":63878,"comment_status":"open","ping_status":"closed","template":"","meta":{"_acf_changed":false},"pwb-brand":[],"product_brand":[],"product_cat":[2109,2045],"product_tag":[7220,7224,7223,7226,7225,7227,7222,7221],"class_list":{"0":"post-37187","1":"product","2":"type-product","3":"status-publish","4":"has-post-thumbnail","6":"product_cat-totem-da-interno-ed-esterno","7":"product_cat-totem-pubblicitari-informativi","8":"product_tag-totem-auto-portante-da-esterno","9":"product_tag-totem-bifacciale-per-centri-commerciali","10":"product_tag-totem-con-pannelli-in-lamiera","11":"product_tag-totem-da-esterno-per-indicazioni","12":"product_tag-totem-da-esterno-per-ospedali","13":"product_tag-totem-da-esterno-personalizzabile","14":"product_tag-totem-professionale-per-esterno","15":"product_tag-totem-pubblicitario-bifacciale-70x250-da-esterno","16":"pa_c2c_color-28-silver","17":"pa_c2c_dimensione-e2-cm70x250","18":"pa_c2c_grafica-4e-1soggetto","19":"pa_c2c_grafica-f2-no","20":"pa_c2c_mono_bifacciale-19-bifacciale","21":"pa_c2c_stampa-11-1lato","22":"pa_c2c_stampa-2-lati","23":"pa_c2c_stampa-f2-no","25":"first","26":"instock","27":"taxable","28":"shipping-taxable","29":"purchasable","30":"product-type-variable"},"acf":[],"yoast_head":"<!-- This site is optimized with the Yoast SEO plugin v27.4 - https:\/\/yoast.com\/product\/yoast-seo-wordpress\/ -->\n<title>Totem pubblicitario Bifacciale 70x250 da esterno - Smarty Store Al Miglior Prezzo<\/title>\n<meta name=\"description\" content=\"Totem Pubblicitario Bifacciale 70x250 da esterno con certificazione di staticit\u00e0. Possibilit\u00e0 di personalizzazione con applicazione di grafica vinilica.\" \/>\n<meta name=\"robots\" content=\"index, follow, max-snippet:-1, max-image-preview:large, max-video-preview:-1\" \/>\n<link rel=\"canonical\" href=\"https:\/\/www.smartystore.it\/it\/prodotto\/totem-pubblicitario-bifacciale-70x250-per-esterno\/\" \/>\n<meta property=\"og:locale\" content=\"it_IT\" \/>\n<meta property=\"og:type\" content=\"article\" \/>\n<meta property=\"og:title\" content=\"Totem pubblicitario Bifacciale 70x250 da esterno - Smarty Store Al Miglior Prezzo\" \/>\n<meta property=\"og:description\" content=\"Totem Pubblicitario Bifacciale 70x250 da esterno con certificazione di staticit\u00e0. Possibilit\u00e0 di personalizzazione con applicazione di grafica vinilica.\" \/>\n<meta property=\"og:url\" content=\"https:\/\/www.smartystore.it\/it\/prodotto\/totem-pubblicitario-bifacciale-70x250-per-esterno\/\" \/>\n<meta property=\"og:site_name\" content=\"Smarty Store\" \/>\n<meta property=\"article:modified_time\" content=\"2026-04-20T09:52:12+00:00\" \/>\n<meta property=\"og:image\" content=\"https:\/\/www.smartystore.it\/v25\/wp-content\/uploads\/2014\/10\/Totem-bifacciale-esterno-70x250-1.jpg\" \/>\n\t<meta property=\"og:image:width\" content=\"1000\" \/>\n\t<meta property=\"og:image:height\" content=\"1000\" \/>\n\t<meta property=\"og:image:type\" content=\"image\/jpeg\" \/>\n<meta name=\"twitter:card\" content=\"summary_large_image\" \/>\n<meta name=\"twitter:label1\" content=\"Tempo di lettura stimato\" \/>\n\t<meta name=\"twitter:data1\" content=\"4 minuti\" \/>\n<script type=\"application\/ld+json\" class=\"yoast-schema-graph\">{\"@context\":\"https:\\\/\\\/schema.org\",\"@graph\":[{\"@type\":\"WebPage\",\"@id\":\"https:\\\/\\\/www.smartystore.it\\\/it\\\/prodotto\\\/totem-pubblicitario-bifacciale-70x250-per-esterno\\\/\",\"url\":\"https:\\\/\\\/www.smartystore.it\\\/it\\\/prodotto\\\/totem-pubblicitario-bifacciale-70x250-per-esterno\\\/\",\"name\":\"Totem pubblicitario Bifacciale 70x250 da esterno - Smarty Store Al Miglior Prezzo\",\"isPartOf\":{\"@id\":\"https:\\\/\\\/www.smartystore.it\\\/it\\\/#website\"},\"primaryImageOfPage\":{\"@id\":\"https:\\\/\\\/www.smartystore.it\\\/it\\\/prodotto\\\/totem-pubblicitario-bifacciale-70x250-per-esterno\\\/#primaryimage\"},\"image\":{\"@id\":\"https:\\\/\\\/www.smartystore.it\\\/it\\\/prodotto\\\/totem-pubblicitario-bifacciale-70x250-per-esterno\\\/#primaryimage\"},\"thumbnailUrl\":\"https:\\\/\\\/www.smartystore.it\\\/v25\\\/wp-content\\\/uploads\\\/2014\\\/10\\\/Totem-bifacciale-esterno-70x250-1.jpg\",\"datePublished\":\"2014-10-08T16:07:48+00:00\",\"dateModified\":\"2026-04-20T09:52:12+00:00\",\"description\":\"Totem Pubblicitario Bifacciale 70x250 da esterno con certificazione di staticit\u00e0. Possibilit\u00e0 di personalizzazione con applicazione di grafica vinilica.\",\"breadcrumb\":{\"@id\":\"https:\\\/\\\/www.smartystore.it\\\/it\\\/prodotto\\\/totem-pubblicitario-bifacciale-70x250-per-esterno\\\/#breadcrumb\"},\"inLanguage\":\"it-IT\",\"potentialAction\":[{\"@type\":\"ReadAction\",\"target\":[\"https:\\\/\\\/www.smartystore.it\\\/it\\\/prodotto\\\/totem-pubblicitario-bifacciale-70x250-per-esterno\\\/\"]}]},{\"@type\":\"ImageObject\",\"inLanguage\":\"it-IT\",\"@id\":\"https:\\\/\\\/www.smartystore.it\\\/it\\\/prodotto\\\/totem-pubblicitario-bifacciale-70x250-per-esterno\\\/#primaryimage\",\"url\":\"https:\\\/\\\/www.smartystore.it\\\/v25\\\/wp-content\\\/uploads\\\/2014\\\/10\\\/Totem-bifacciale-esterno-70x250-1.jpg\",\"contentUrl\":\"https:\\\/\\\/www.smartystore.it\\\/v25\\\/wp-content\\\/uploads\\\/2014\\\/10\\\/Totem-bifacciale-esterno-70x250-1.jpg\",\"width\":1000,\"height\":1000,\"caption\":\"Totem Pubblicitario Bifacciale 70x250 da esterno\"},{\"@type\":\"BreadcrumbList\",\"@id\":\"https:\\\/\\\/www.smartystore.it\\\/it\\\/prodotto\\\/totem-pubblicitario-bifacciale-70x250-per-esterno\\\/#breadcrumb\",\"itemListElement\":[{\"@type\":\"ListItem\",\"position\":1,\"name\":\"Home\",\"item\":\"https:\\\/\\\/www.smartystore.it\\\/it\\\/\"},{\"@type\":\"ListItem\",\"position\":2,\"name\":\"Shop\",\"item\":\"https:\\\/\\\/www.smartystore.it\\\/it\\\/shop\\\/\"},{\"@type\":\"ListItem\",\"position\":3,\"name\":\"Totem pubblicitario Bifacciale 70&#215;250 da esterno\"}]},{\"@type\":\"WebSite\",\"@id\":\"https:\\\/\\\/www.smartystore.it\\\/it\\\/#website\",\"url\":\"https:\\\/\\\/www.smartystore.it\\\/it\\\/\",\"name\":\"Smarty Store\",\"description\":\"\",\"potentialAction\":[{\"@type\":\"SearchAction\",\"target\":{\"@type\":\"EntryPoint\",\"urlTemplate\":\"https:\\\/\\\/www.smartystore.it\\\/it\\\/?s={search_term_string}\"},\"query-input\":{\"@type\":\"PropertyValueSpecification\",\"valueRequired\":true,\"valueName\":\"search_term_string\"}}],\"inLanguage\":\"it-IT\"}]}<\/script>\n<!-- \/ Yoast SEO plugin. -->","yoast_head_json":{"title":"Totem pubblicitario Bifacciale 70x250 da esterno - Smarty Store Al Miglior Prezzo","description":"Totem Pubblicitario Bifacciale 70x250 da esterno con certificazione di staticit\u00e0. Possibilit\u00e0 di personalizzazione con applicazione di grafica vinilica.","robots":{"index":"index","follow":"follow","max-snippet":"max-snippet:-1","max-image-preview":"max-image-preview:large","max-video-preview":"max-video-preview:-1"},"canonical":"https:\/\/www.smartystore.it\/it\/prodotto\/totem-pubblicitario-bifacciale-70x250-per-esterno\/","og_locale":"it_IT","og_type":"article","og_title":"Totem pubblicitario Bifacciale 70x250 da esterno - Smarty Store Al Miglior Prezzo","og_description":"Totem Pubblicitario Bifacciale 70x250 da esterno con certificazione di staticit\u00e0. Possibilit\u00e0 di personalizzazione con applicazione di grafica vinilica.","og_url":"https:\/\/www.smartystore.it\/it\/prodotto\/totem-pubblicitario-bifacciale-70x250-per-esterno\/","og_site_name":"Smarty Store","article_modified_time":"2026-04-20T09:52:12+00:00","og_image":[{"width":1000,"height":1000,"url":"https:\/\/www.smartystore.it\/v25\/wp-content\/uploads\/2014\/10\/Totem-bifacciale-esterno-70x250-1.jpg","type":"image\/jpeg"}],"twitter_card":"summary_large_image","twitter_misc":{"Tempo di lettura stimato":"4 minuti"},"schema":{"@context":"https:\/\/schema.org","@graph":[{"@type":"WebPage","@id":"https:\/\/www.smartystore.it\/it\/prodotto\/totem-pubblicitario-bifacciale-70x250-per-esterno\/","url":"https:\/\/www.smartystore.it\/it\/prodotto\/totem-pubblicitario-bifacciale-70x250-per-esterno\/","name":"Totem pubblicitario Bifacciale 70x250 da esterno - Smarty Store Al Miglior Prezzo","isPartOf":{"@id":"https:\/\/www.smartystore.it\/it\/#website"},"primaryImageOfPage":{"@id":"https:\/\/www.smartystore.it\/it\/prodotto\/totem-pubblicitario-bifacciale-70x250-per-esterno\/#primaryimage"},"image":{"@id":"https:\/\/www.smartystore.it\/it\/prodotto\/totem-pubblicitario-bifacciale-70x250-per-esterno\/#primaryimage"},"thumbnailUrl":"https:\/\/www.smartystore.it\/v25\/wp-content\/uploads\/2014\/10\/Totem-bifacciale-esterno-70x250-1.jpg","datePublished":"2014-10-08T16:07:48+00:00","dateModified":"2026-04-20T09:52:12+00:00","description":"Totem Pubblicitario Bifacciale 70x250 da esterno con certificazione di staticit\u00e0. Possibilit\u00e0 di personalizzazione con applicazione di grafica vinilica.","breadcrumb":{"@id":"https:\/\/www.smartystore.it\/it\/prodotto\/totem-pubblicitario-bifacciale-70x250-per-esterno\/#breadcrumb"},"inLanguage":"it-IT","potentialAction":[{"@type":"ReadAction","target":["https:\/\/www.smartystore.it\/it\/prodotto\/totem-pubblicitario-bifacciale-70x250-per-esterno\/"]}]},{"@type":"ImageObject","inLanguage":"it-IT","@id":"https:\/\/www.smartystore.it\/it\/prodotto\/totem-pubblicitario-bifacciale-70x250-per-esterno\/#primaryimage","url":"https:\/\/www.smartystore.it\/v25\/wp-content\/uploads\/2014\/10\/Totem-bifacciale-esterno-70x250-1.jpg","contentUrl":"https:\/\/www.smartystore.it\/v25\/wp-content\/uploads\/2014\/10\/Totem-bifacciale-esterno-70x250-1.jpg","width":1000,"height":1000,"caption":"Totem Pubblicitario Bifacciale 70x250 da esterno"},{"@type":"BreadcrumbList","@id":"https:\/\/www.smartystore.it\/it\/prodotto\/totem-pubblicitario-bifacciale-70x250-per-esterno\/#breadcrumb","itemListElement":[{"@type":"ListItem","position":1,"name":"Home","item":"https:\/\/www.smartystore.it\/it\/"},{"@type":"ListItem","position":2,"name":"Shop","item":"https:\/\/www.smartystore.it\/it\/shop\/"},{"@type":"ListItem","position":3,"name":"Totem pubblicitario Bifacciale 70&#215;250 da esterno"}]},{"@type":"WebSite","@id":"https:\/\/www.smartystore.it\/it\/#website","url":"https:\/\/www.smartystore.it\/it\/","name":"Smarty Store","description":"","potentialAction":[{"@type":"SearchAction","target":{"@type":"EntryPoint","urlTemplate":"https:\/\/www.smartystore.it\/it\/?s={search_term_string}"},"query-input":{"@type":"PropertyValueSpecification","valueRequired":true,"valueName":"search_term_string"}}],"inLanguage":"it-IT"}]}},"brands":[],"_links":{"self":[{"href":"https:\/\/www.smartystore.it\/it\/wp-json\/wp\/v2\/product\/37187","targetHints":{"allow":["GET"]}}],"collection":[{"href":"https:\/\/www.smartystore.it\/it\/wp-json\/wp\/v2\/product"}],"about":[{"href":"https:\/\/www.smartystore.it\/it\/wp-json\/wp\/v2\/types\/product"}],"replies":[{"embeddable":true,"href":"https:\/\/www.smartystore.it\/it\/wp-json\/wp\/v2\/comments?post=37187"}],"wp:featuredmedia":[{"embeddable":true,"href":"https:\/\/www.smartystore.it\/it\/wp-json\/wp\/v2\/media\/63878"}],"wp:attachment":[{"href":"https:\/\/www.smartystore.it\/it\/wp-json\/wp\/v2\/media?parent=37187"}],"wp:term":[{"taxonomy":"pwb-brand","embeddable":true,"href":"https:\/\/www.smartystore.it\/it\/wp-json\/wp\/v2\/pwb-brand?post=37187"},{"taxonomy":"product_brand","embeddable":true,"href":"https:\/\/www.smartystore.it\/it\/wp-json\/wp\/v2\/product_brand?post=37187"},{"taxonomy":"product_cat","embeddable":true,"href":"https:\/\/www.smartystore.it\/it\/wp-json\/wp\/v2\/product_cat?post=37187"},{"taxonomy":"product_tag","embeddable":true,"href":"https:\/\/www.smartystore.it\/it\/wp-json\/wp\/v2\/product_tag?post=37187"}],"curies":[{"name":"wp","href":"https:\/\/api.w.org\/{rel}","templated":true}]}}