{"id":36919,"date":"2014-10-07T16:48:55","date_gmt":"2014-10-07T16:48:55","guid":{"rendered":"https:\/\/www.smartystore.it\/prodotto\/totem-bifacciale-70x180\/"},"modified":"2026-02-18T11:40:45","modified_gmt":"2026-02-18T09:40:45","slug":"totem-bifacciale-70x180","status":"publish","type":"product","link":"https:\/\/www.smartystore.it\/it\/prodotto\/totem-bifacciale-70x180\/","title":{"rendered":"Totem Bifacciale 70&#215;180 da interno"},"content":{"rendered":"<div class=\"wpb-content-wrapper\"><p>[vc_row][vc_column][vc_column_text css=&#8221;&#8221; css_params=&#8221;&#8221;]<\/p>\n<h2>Totem Bifacciale 70&#215;180 da interno<\/h2>\n<p>Il totem bifacciale 70&#215;180 da interno \u00e8 un espositore autoportante dal forte impatto visivo. E&#8217; costituito da profili laterali in alluminio, una struttura interna di rinforzo, una base in metallo verniciato a polveri silver munita di fori per fissaggio a terra e due pannelli di fondo in forex e due fogli in PVC trasparente e antiriflesso di protezione.<\/p>\n<p>Soluzione ideale per la comunicazione aziendale, direzionale o promozionale, e la sua grandezza permette di vedere le informazioni anche a distanza, il totem infatti viene utilizzato in punti vendita, negozi e ingressi aziendali.<\/p>\n<p>Il totem pu\u00f2 essere utilizzato su un solo lato o su entrambi. In caso di richiesta di personalizzazione verr\u00e0 stampata la grafica su un foglio (o due a seconda se richiesto bifacciale) in polipropilene, che verr\u00e0 posizionato tra il pannello in forex e il fogli PVC antiriflesso.<\/p>\n<p><strong>CARATTERISTICHE:<\/strong><\/p>\n<p>Totem espositivo autoportante per utilizzo interno<\/p>\n<p>Profili laterali in alluminio silver.<\/p>\n<p>Base in metallo verniciata a polveri silver (cm.): L 75 x P 45 H 0,6<\/p>\n<p>Base munita di fori per eventuale fissaggio a terra.<\/p>\n<p>Struttura interna in metallo di rinforzo.<\/p>\n<p>Due pannelli di fondo in forex bianco spessore 3 mm.<\/p>\n<p>Dimensione struttura (in cm.): L 70 &#8211; H 180<\/p>\n<p>Dimensione area di stampa (in cm.): L 70 &#8211; H 180<\/p>\n<p>Area visibile (in cm.): L 68 &#8211; H 180<\/p>\n<p>Peso totem: 30 Kg.<\/p>\n<p>Utilizzo all&#8217;interno.<\/p>\n<p><span style=\"color: #993300;\"><strong>PER IL FILE DI GRAFICA: creare il file delle dimensioni cm 70&#215;180 (scala 1:1) con i testi convertiti in tracciati, dopo il salvataggio del file in formato PDF (risoluzione minima di 200 dpi) inviare il documento all&#8217;indirizzo di posta elettronica<\/strong><\/span><strong>\u00a0<a href=\"mailto:grafica@smartystore.it\">grafica@smartystore.it<\/a>\u00a0<\/strong><span style=\"color: #993300;\"><strong>facendo riferimento al numero di ordine.<\/strong><\/span><\/p>\n<p><a href=\"https:\/\/www.smartystore.it\/v25\/wp-content\/uploads\/2014\/10\/STR-TIE001-002-TDIV.pdf\" target=\"_blank\" rel=\"noopener\"><img loading=\"lazy\" decoding=\"async\" class=\"alignnone size-full wp-image-93672\" src=\"https:\/\/www.smartystore.it\/v25\/wp-content\/uploads\/2023\/11\/LogoDownload_yellow.jpg\" alt=\"\" width=\"50\" height=\"50\" \/> \u00a0<\/a><a href=\"https:\/\/www.smartystore.it\/v25\/wp-content\/uploads\/2014\/10\/STR-TIE001-002-TDIV.pdf\" target=\"_blank\" rel=\"noopener noreferrer\"><strong>SCHEDA TECNICA &#8211; DATA SHEET &#8211; FICHE TECHNIQUE<\/strong><\/a><\/p>\n<p><a href=\"https:\/\/www.smartystore.it\/v25\/wp-content\/uploads\/2024\/03\/STR-TIE002-template.pdf\" target=\"_blank\" rel=\"noopener\"><img loading=\"lazy\" decoding=\"async\" class=\"alignnone size-full wp-image-93609\" src=\"https:\/\/www.smartystore.it\/v25\/wp-content\/uploads\/2021\/02\/LogoDownload_green-1.jpg\" alt=\"\" width=\"50\" height=\"50\" \/> \u00a0<\/a><a href=\"https:\/\/www.smartystore.it\/v25\/wp-content\/uploads\/2024\/03\/STR-TIE002-template.pdf\" target=\"_blank\" rel=\"noopener\"><strong>TRACCIATO FUSTELLA &#8211; PRINT PATH &#8211; PISTE D\u00c9COUP\u00c9E<\/strong><\/a><\/p>\n<p><a href=\"https:\/\/www.smartystore.it\/v25\/wp-content\/uploads\/2025\/08\/Istruzioni-montaggio_STR-TIE001-2-3-4-5-6-7.pdf\" target=\"_blank\" rel=\"noopener\"><img loading=\"lazy\" decoding=\"async\" class=\"alignnone size-full wp-image-94839\" src=\"https:\/\/www.smartystore.it\/v25\/wp-content\/uploads\/2025\/08\/LogoDownload_blue.jpg\" alt=\"\" width=\"50\" height=\"50\" \/><\/a> <a href=\"https:\/\/www.smartystore.it\/v25\/wp-content\/uploads\/2025\/08\/Istruzioni-montaggio_STR-TIE001-2-3-4-5-6-7.pdf\" target=\"_blank\" rel=\"noopener\"><strong>ISTRUZIONI DI MONTAGGIO &#8211; ASSEMBLY INSTRUCTION &#8211; INSTRUCTIONS DE MONTAGE<\/strong><\/a><\/p>\n<p>&nbsp;<\/p>\n<p><strong>SERVIZI DI GRAFICA E STAMPA<\/strong><\/p>\n<p>Smarty Store pu\u00f2 fornire il servizio di impaginazione e\/o della stampa.<\/p>\n<p>Se viene richiesto il servizio di sola stampa, il cliente dovr\u00e0 inviare il file di stampa in formato PDF. La grafica verr\u00e0 stampata cos\u00ec come ricevuta nel file.<\/p>\n<p>Se viene richiesto il servizio di impaginazione, la nostra struttura si metter\u00e0 in contatto telefonico con il cliente per le necessarie informazioni. Dall&#8217;impostazione grafica restano escluse le immagini che dovranno essere fornite dal cliente o quotate separatamente.<br \/>\nIl cliente ricever\u00e0 la proposta grafica in formato PDF per approvazione.<\/p>\n<p><strong>ATTENZIONE:<\/strong><br \/>\nI colori visualizzati possono differire da monitor a monitor. Per i colori di stampa \u00e8 necessario fare sempre riferimento alla scala Pantone.<br \/>\nSmarty Store non si assume alcuna responsabilit\u00e0 nel caso di colori controllati dal cliente solo sul proprio monitor.[\/vc_column_text][\/vc_column][\/vc_row]<\/p>\n<\/div>","protected":false},"excerpt":{"rendered":"<p>Totem da interno Bifacciale 70&#215;180 per uso interno munito di fogli PVC antiriflesso per la grafica intercambiabile.<\/p>\n","protected":false},"featured_media":63896,"comment_status":"open","ping_status":"closed","template":"","meta":{"_acf_changed":false},"pwb-brand":[],"product_brand":[],"product_cat":[2089,2045],"product_tag":[],"class_list":{"0":"post-36919","1":"product","2":"type-product","3":"status-publish","4":"has-post-thumbnail","6":"product_cat-totem-da-interno","7":"product_cat-totem-pubblicitari-informativi","8":"pa_c2c_color-28-silver","9":"pa_c2c_dimensione-55-cm70x180","10":"pa_c2c_grafica-4e-1soggetto","11":"pa_c2c_grafica-f2-no","12":"pa_c2c_mono_bifacciale-19-bifacciale","13":"pa_c2c_stampa-11-1lato","14":"pa_c2c_stampa-2-lati","15":"pa_c2c_stampa-f2-no","16":"pa_c2c_trovraprezzi-ae-si","18":"first","19":"instock","20":"taxable","21":"shipping-taxable","22":"purchasable","23":"product-type-variable"},"acf":[],"yoast_head":"<!-- This site is optimized with the Yoast SEO plugin v27.0 - https:\/\/yoast.com\/product\/yoast-seo-wordpress\/ -->\n<title>Totem Bifacciale 70x180 da interno - Smarty Store<\/title>\n<meta name=\"description\" content=\"Totem pubblicitari da interno bifacciale 70x180. Scopri su Smartystore la vasta gamma di totem pubblicitari ideali per promuovere efficacemente la tua attivit\u00e0.\" \/>\n<meta name=\"robots\" content=\"index, follow, max-snippet:-1, max-image-preview:large, max-video-preview:-1\" \/>\n<link rel=\"canonical\" href=\"https:\/\/www.smartystore.it\/it\/prodotto\/totem-bifacciale-70x180\/\" \/>\n<meta property=\"og:locale\" content=\"it_IT\" \/>\n<meta property=\"og:type\" content=\"article\" \/>\n<meta property=\"og:title\" content=\"Totem Bifacciale 70x180 da interno - Smarty Store\" \/>\n<meta property=\"og:description\" content=\"Totem pubblicitari da interno bifacciale 70x180. Scopri su Smartystore la vasta gamma di totem pubblicitari ideali per promuovere efficacemente la tua attivit\u00e0.\" \/>\n<meta property=\"og:url\" content=\"https:\/\/www.smartystore.it\/it\/prodotto\/totem-bifacciale-70x180\/\" \/>\n<meta property=\"og:site_name\" content=\"Smarty Store\" \/>\n<meta property=\"article:modified_time\" content=\"2026-02-18T09:40:45+00:00\" \/>\n<meta property=\"og:image\" content=\"https:\/\/www.smartystore.it\/v25\/wp-content\/uploads\/2014\/10\/Totem-bifacciale-interno-70x180-1.jpg\" \/>\n\t<meta property=\"og:image:width\" content=\"1000\" \/>\n\t<meta property=\"og:image:height\" content=\"1000\" \/>\n\t<meta property=\"og:image:type\" content=\"image\/jpeg\" \/>\n<meta name=\"twitter:card\" content=\"summary_large_image\" \/>\n<meta name=\"twitter:label1\" content=\"Tempo di lettura stimato\" \/>\n\t<meta name=\"twitter:data1\" content=\"4 minuti\" \/>\n<script type=\"application\/ld+json\" class=\"yoast-schema-graph\">{\"@context\":\"https:\/\/schema.org\",\"@graph\":[{\"@type\":\"WebPage\",\"@id\":\"https:\/\/www.smartystore.it\/it\/prodotto\/totem-bifacciale-70x180\/\",\"url\":\"https:\/\/www.smartystore.it\/it\/prodotto\/totem-bifacciale-70x180\/\",\"name\":\"Totem Bifacciale 70x180 da interno - Smarty Store\",\"isPartOf\":{\"@id\":\"https:\/\/www.smartystore.it\/it\/#website\"},\"primaryImageOfPage\":{\"@id\":\"https:\/\/www.smartystore.it\/it\/prodotto\/totem-bifacciale-70x180\/#primaryimage\"},\"image\":{\"@id\":\"https:\/\/www.smartystore.it\/it\/prodotto\/totem-bifacciale-70x180\/#primaryimage\"},\"thumbnailUrl\":\"https:\/\/www.smartystore.it\/v25\/wp-content\/uploads\/2014\/10\/Totem-bifacciale-interno-70x180-1.jpg\",\"datePublished\":\"2014-10-07T16:48:55+00:00\",\"dateModified\":\"2026-02-18T09:40:45+00:00\",\"description\":\"Totem pubblicitari da interno bifacciale 70x180. Scopri su Smartystore la vasta gamma di totem pubblicitari ideali per promuovere efficacemente la tua attivit\u00e0.\",\"breadcrumb\":{\"@id\":\"https:\/\/www.smartystore.it\/it\/prodotto\/totem-bifacciale-70x180\/#breadcrumb\"},\"inLanguage\":\"it-IT\",\"potentialAction\":[{\"@type\":\"ReadAction\",\"target\":[\"https:\/\/www.smartystore.it\/it\/prodotto\/totem-bifacciale-70x180\/\"]}]},{\"@type\":\"ImageObject\",\"inLanguage\":\"it-IT\",\"@id\":\"https:\/\/www.smartystore.it\/it\/prodotto\/totem-bifacciale-70x180\/#primaryimage\",\"url\":\"https:\/\/www.smartystore.it\/v25\/wp-content\/uploads\/2014\/10\/Totem-bifacciale-interno-70x180-1.jpg\",\"contentUrl\":\"https:\/\/www.smartystore.it\/v25\/wp-content\/uploads\/2014\/10\/Totem-bifacciale-interno-70x180-1.jpg\",\"width\":1000,\"height\":1000},{\"@type\":\"BreadcrumbList\",\"@id\":\"https:\/\/www.smartystore.it\/it\/prodotto\/totem-bifacciale-70x180\/#breadcrumb\",\"itemListElement\":[{\"@type\":\"ListItem\",\"position\":1,\"name\":\"Home\",\"item\":\"https:\/\/www.smartystore.it\/it\/\"},{\"@type\":\"ListItem\",\"position\":2,\"name\":\"Shop\",\"item\":\"https:\/\/www.smartystore.it\/it\/shop\/\"},{\"@type\":\"ListItem\",\"position\":3,\"name\":\"Totem Bifacciale 70&#215;180 da interno\"}]},{\"@type\":\"WebSite\",\"@id\":\"https:\/\/www.smartystore.it\/it\/#website\",\"url\":\"https:\/\/www.smartystore.it\/it\/\",\"name\":\"Smarty Store\",\"description\":\"\",\"potentialAction\":[{\"@type\":\"SearchAction\",\"target\":{\"@type\":\"EntryPoint\",\"urlTemplate\":\"https:\/\/www.smartystore.it\/it\/?s={search_term_string}\"},\"query-input\":{\"@type\":\"PropertyValueSpecification\",\"valueRequired\":true,\"valueName\":\"search_term_string\"}}],\"inLanguage\":\"it-IT\"}]}<\/script>\n<!-- \/ Yoast SEO plugin. -->","yoast_head_json":{"title":"Totem Bifacciale 70x180 da interno - Smarty Store","description":"Totem pubblicitari da interno bifacciale 70x180. Scopri su Smartystore la vasta gamma di totem pubblicitari ideali per promuovere efficacemente la tua attivit\u00e0.","robots":{"index":"index","follow":"follow","max-snippet":"max-snippet:-1","max-image-preview":"max-image-preview:large","max-video-preview":"max-video-preview:-1"},"canonical":"https:\/\/www.smartystore.it\/it\/prodotto\/totem-bifacciale-70x180\/","og_locale":"it_IT","og_type":"article","og_title":"Totem Bifacciale 70x180 da interno - Smarty Store","og_description":"Totem pubblicitari da interno bifacciale 70x180. Scopri su Smartystore la vasta gamma di totem pubblicitari ideali per promuovere efficacemente la tua attivit\u00e0.","og_url":"https:\/\/www.smartystore.it\/it\/prodotto\/totem-bifacciale-70x180\/","og_site_name":"Smarty Store","article_modified_time":"2026-02-18T09:40:45+00:00","og_image":[{"width":1000,"height":1000,"url":"https:\/\/www.smartystore.it\/v25\/wp-content\/uploads\/2014\/10\/Totem-bifacciale-interno-70x180-1.jpg","type":"image\/jpeg"}],"twitter_card":"summary_large_image","twitter_misc":{"Tempo di lettura stimato":"4 minuti"},"schema":{"@context":"https:\/\/schema.org","@graph":[{"@type":"WebPage","@id":"https:\/\/www.smartystore.it\/it\/prodotto\/totem-bifacciale-70x180\/","url":"https:\/\/www.smartystore.it\/it\/prodotto\/totem-bifacciale-70x180\/","name":"Totem Bifacciale 70x180 da interno - Smarty Store","isPartOf":{"@id":"https:\/\/www.smartystore.it\/it\/#website"},"primaryImageOfPage":{"@id":"https:\/\/www.smartystore.it\/it\/prodotto\/totem-bifacciale-70x180\/#primaryimage"},"image":{"@id":"https:\/\/www.smartystore.it\/it\/prodotto\/totem-bifacciale-70x180\/#primaryimage"},"thumbnailUrl":"https:\/\/www.smartystore.it\/v25\/wp-content\/uploads\/2014\/10\/Totem-bifacciale-interno-70x180-1.jpg","datePublished":"2014-10-07T16:48:55+00:00","dateModified":"2026-02-18T09:40:45+00:00","description":"Totem pubblicitari da interno bifacciale 70x180. Scopri su Smartystore la vasta gamma di totem pubblicitari ideali per promuovere efficacemente la tua attivit\u00e0.","breadcrumb":{"@id":"https:\/\/www.smartystore.it\/it\/prodotto\/totem-bifacciale-70x180\/#breadcrumb"},"inLanguage":"it-IT","potentialAction":[{"@type":"ReadAction","target":["https:\/\/www.smartystore.it\/it\/prodotto\/totem-bifacciale-70x180\/"]}]},{"@type":"ImageObject","inLanguage":"it-IT","@id":"https:\/\/www.smartystore.it\/it\/prodotto\/totem-bifacciale-70x180\/#primaryimage","url":"https:\/\/www.smartystore.it\/v25\/wp-content\/uploads\/2014\/10\/Totem-bifacciale-interno-70x180-1.jpg","contentUrl":"https:\/\/www.smartystore.it\/v25\/wp-content\/uploads\/2014\/10\/Totem-bifacciale-interno-70x180-1.jpg","width":1000,"height":1000},{"@type":"BreadcrumbList","@id":"https:\/\/www.smartystore.it\/it\/prodotto\/totem-bifacciale-70x180\/#breadcrumb","itemListElement":[{"@type":"ListItem","position":1,"name":"Home","item":"https:\/\/www.smartystore.it\/it\/"},{"@type":"ListItem","position":2,"name":"Shop","item":"https:\/\/www.smartystore.it\/it\/shop\/"},{"@type":"ListItem","position":3,"name":"Totem Bifacciale 70&#215;180 da interno"}]},{"@type":"WebSite","@id":"https:\/\/www.smartystore.it\/it\/#website","url":"https:\/\/www.smartystore.it\/it\/","name":"Smarty Store","description":"","potentialAction":[{"@type":"SearchAction","target":{"@type":"EntryPoint","urlTemplate":"https:\/\/www.smartystore.it\/it\/?s={search_term_string}"},"query-input":{"@type":"PropertyValueSpecification","valueRequired":true,"valueName":"search_term_string"}}],"inLanguage":"it-IT"}]}},"brands":[],"_links":{"self":[{"href":"https:\/\/www.smartystore.it\/it\/wp-json\/wp\/v2\/product\/36919","targetHints":{"allow":["GET"]}}],"collection":[{"href":"https:\/\/www.smartystore.it\/it\/wp-json\/wp\/v2\/product"}],"about":[{"href":"https:\/\/www.smartystore.it\/it\/wp-json\/wp\/v2\/types\/product"}],"replies":[{"embeddable":true,"href":"https:\/\/www.smartystore.it\/it\/wp-json\/wp\/v2\/comments?post=36919"}],"wp:featuredmedia":[{"embeddable":true,"href":"https:\/\/www.smartystore.it\/it\/wp-json\/wp\/v2\/media\/63896"}],"wp:attachment":[{"href":"https:\/\/www.smartystore.it\/it\/wp-json\/wp\/v2\/media?parent=36919"}],"wp:term":[{"taxonomy":"pwb-brand","embeddable":true,"href":"https:\/\/www.smartystore.it\/it\/wp-json\/wp\/v2\/pwb-brand?post=36919"},{"taxonomy":"product_brand","embeddable":true,"href":"https:\/\/www.smartystore.it\/it\/wp-json\/wp\/v2\/product_brand?post=36919"},{"taxonomy":"product_cat","embeddable":true,"href":"https:\/\/www.smartystore.it\/it\/wp-json\/wp\/v2\/product_cat?post=36919"},{"taxonomy":"product_tag","embeddable":true,"href":"https:\/\/www.smartystore.it\/it\/wp-json\/wp\/v2\/product_tag?post=36919"}],"curies":[{"name":"wp","href":"https:\/\/api.w.org\/{rel}","templated":true}]}}