{"id":36177,"date":"2014-07-18T17:29:15","date_gmt":"2014-07-18T15:29:15","guid":{"rendered":"https:\/\/www.smartystore.it\/prodotto\/cornice-a-scatto-50x70-frame-32-angolo-tondo\/"},"modified":"2026-04-11T12:30:05","modified_gmt":"2026-04-11T10:30:05","slug":"cornice-a-scatto-50x70-frame-32-angolo-tondo","status":"publish","type":"product","link":"https:\/\/www.smartystore.it\/it\/prodotto\/cornice-a-scatto-50x70-frame-32-angolo-tondo\/","title":{"rendered":"Cornice a scatto 50&#215;70 frame 32 angolo tondo"},"content":{"rendered":"<div class=\"wpb-content-wrapper\"><p>[vc_row][vc_column][vc_column_text css=&#8221;&#8221; css_params=&#8221;&#8221;]<\/p>\n<h1>Cornice a scatto 50&#215;70 Frame 32 angolo tondo: eleganza e robustezza<\/h1>\n<p>Se stai cercando una cornice che possa dare un tocco professionale e moderno ad ogni ambiente della tua attivit\u00e0 commerciale, non puoi perderti la nostra cornice a scatto 50&#215;70 Frame 32 angolo tondo! Questo modello non \u00e8 solo bello da vedere, ma \u00e8 anche super pratico e robusto grazie al bordo da 32 mm (Frame 32), perfetto per chi ha bisogno di una soluzione che resista nel tempo e anche all&#8217;uso intensivo.<\/p>\n<p>La cornice, realizzata in alluminio di alta qualit\u00e0, \u00e8 disponibile in un raffinato colore silver che si abbina facilmente a qualsiasi tipo di arredamento. Il design con angoli tondi le conferisce un aspetto morbido e accogliente, rendendola ideale per esporre foto, opere d&#8217;arte, poster o qualsiasi cosa tu voglia valorizzare. Inoltre, il foglio di protezione antiriflesso garantir\u00e0 che le tue immagini brillino senza riflessi fastidiosi.<\/p>\n<h2>Cornice a scatto 50&#215;70 Frame 32 angolo tondo: ottima per uso professionale<\/h2>\n<p>Ma non \u00e8 tutto! Il fondo in polystyrene assicura che tutto sia ben fissato e protetto. Non dovrai preoccuparti di eventuali graffi o danni: questa cornice \u00e8 progettata per durare. Che tu la utilizzi in hotel, in ufficio o in un ambiente commerciale, \u00e8 pronta a far fronte a qualsiasi sfida.<\/p>\n<p>Inoltre, nella confezione troverai anche tutti i tasselli necessari per il fissaggio a parete. Quindi puoi appendere la tua cornice in un attimo e iniziare subito a inserire i poster delle tue pubblicit\u00e0 o azioni promozionali.<\/p>\n<p>Non aspettare oltre! Con la nostra cornice a scatto 50&#215;70 frame 32 angolo tondo, ogni attivit\u00e0 promozionale avr\u00e0 la cornice che merita!<\/p>\n<p>Guarda anche la versione pi\u00f9 leggera con Frame 25: <span style=\"color: #ff0000;\"><a style=\"color: #ff0000;\" href=\"https:\/\/www.smartystore.it\/prodotto\/cornice-a-scatto-50x70-frame-25-angolo-tondo\/\">LINK<\/a><\/span><\/p>\n<h3>CARATTERISTICHE<\/h3>\n<ul>\n<li>Cornice a scatto da parete.<\/li>\n<li>Angolo tondo cromato.<\/li>\n<li>Fori sul retro per applicazione a muro.<\/li>\n<li>Foglio di protezione antiriflesso.<\/li>\n<li>Profilo cornice: Frame 32.<\/li>\n<li>Dimensioni stampato: 50&#215;70.<\/li>\n<li>Materiale cornice: alluminio<\/li>\n<li>Materiale fondo: polistyrene.<\/li>\n<li>Colore: alluminio anodizzato.<\/li>\n<li>Area visibile: 48,2 x 68,2 cm.<\/li>\n<li>Dimensioni effettive cornice: 54,5 x 74,5 cm.<\/li>\n<li>Peso cornice: 1,69 Kg.<\/li>\n<li>Confezione munita di tasselli per fissaggio a parete.<\/li>\n<\/ul>\n<p><a href=\"https:\/\/www.smartystore.it\/v25\/wp-content\/uploads\/2013\/11\/STR-CRPT03-05.32-06-07.pdf\" target=\"_blank\" rel=\"noopener\"><img loading=\"lazy\" decoding=\"async\" class=\"alignnone size-full wp-image-93510\" src=\"https:\/\/www.smartystore.it\/v25\/wp-content\/uploads\/2014\/10\/SchedaTecnica-300-e1750084266903.png\" alt=\"\" width=\"249\" height=\"63\" \/><\/a><\/p>\n<p>[\/vc_column_text][\/vc_column][\/vc_row]<\/p>\n<\/div>","protected":false},"excerpt":{"rendered":"<p><strong>Cornice 50 x 70<\/strong> modello <strong>da parete in alluminio con Frame 32<\/strong> (angolo tondo) in vendita online su Smartystore. La cornice \u00e8 provvista di un sistema a scatto clic clac, fori sulla parte posteriore che facilitano il fissaggio a muro, un<strong> foglio di protezione antiriflesso<\/strong> per migliorare la visibilit\u00e0 anche sotto la luce e una confeziona di tasselli per il fissaggio a parete. Le <strong>cornici 50 x 70<\/strong> sono prodotti leggeri e pratici perfetti da utilizzare come espositori pubblicitari.<\/p>\n","protected":false},"featured_media":59224,"comment_status":"open","ping_status":"closed","template":"","meta":{"_acf_changed":false},"pwb-brand":[],"product_brand":[],"product_cat":[2013,2071],"product_tag":[5261,4968,5263,4972,5264,5265,4965,5268,4967,5269,5262,4971,4970,5008,5267,4973,4976,5266],"class_list":{"0":"post-36177","1":"product","2":"type-product","3":"status-publish","4":"has-post-thumbnail","6":"product_cat-cornici-a-scatto","7":"product_cat-cornici-a-scatto-1","8":"product_tag-cornice-a-scatto-50x70","9":"product_tag-cornice-a-scatto-da-parete","10":"product_tag-cornice-a-scatto-in-alluminio-50x70","11":"product_tag-cornice-a-scatto-orizzontale-e-verticale","12":"product_tag-cornice-a-scatto-per-poster-50x70","13":"product_tag-cornice-clic-clac-50x70","14":"product_tag-cornici-a-scatto","15":"product_tag-cornici-a-scatto-50x70-piu-economiche","16":"product_tag-cornici-a-scatto-a-prezzi-bassi","17":"product_tag-cornici-a-scatto-ai-prezzi-piu-bassi","18":"product_tag-cornici-a-scatto-angolo-tondo-50x70","19":"product_tag-cornici-a-scatto-convenienti","20":"product_tag-cornici-a-scatto-da-muro","21":"product_tag-cornici-a-scatto-di-qualita-scontate","22":"product_tag-cornici-a-scatto-per-foto-50x70","23":"product_tag-cornici-a-scatto-per-messaggi","24":"product_tag-cornici-clic-clac-angolo-tondo","25":"product_tag-cornici-click-clack-50x70","26":"pa_c2c_angolo-f6-tondo","27":"pa_c2c_color-28-silver","28":"pa_c2c_dimensione-b3-50x70","29":"pa_c2c_mono_bifacciale-ca-monofacciale","30":"pa_c2c_trovraprezzi-ae-si","32":"first","33":"instock","34":"taxable","35":"shipping-taxable","36":"purchasable","37":"product-type-simple"},"acf":[],"yoast_head":"<!-- This site is optimized with the Yoast SEO plugin v27.4 - https:\/\/yoast.com\/product\/yoast-seo-wordpress\/ -->\n<title>Cornice a scatto 50x70 frame 32 angolo tondo da parete<\/title>\n<meta name=\"description\" content=\"Cornice a Scatto in Alluminio da Parete 50x70 Frame 32 Angolo Tondo. Acquista le cornici da parete da utilizzare come moderni sistemi di comunicazione.\" \/>\n<meta name=\"robots\" content=\"index, follow, max-snippet:-1, max-image-preview:large, max-video-preview:-1\" \/>\n<link rel=\"canonical\" href=\"https:\/\/www.smartystore.it\/it\/prodotto\/cornice-a-scatto-50x70-frame-32-angolo-tondo\/\" \/>\n<meta property=\"og:locale\" content=\"it_IT\" \/>\n<meta property=\"og:type\" content=\"article\" \/>\n<meta property=\"og:title\" content=\"Cornice a scatto 50x70 frame 32 angolo tondo da parete\" \/>\n<meta property=\"og:description\" content=\"Cornice a Scatto in Alluminio da Parete 50x70 Frame 32 Angolo Tondo. Acquista le cornici da parete da utilizzare come moderni sistemi di comunicazione.\" \/>\n<meta property=\"og:url\" content=\"https:\/\/www.smartystore.it\/it\/prodotto\/cornice-a-scatto-50x70-frame-32-angolo-tondo\/\" \/>\n<meta property=\"og:site_name\" content=\"Smarty Store\" \/>\n<meta property=\"article:modified_time\" content=\"2026-04-11T10:30:05+00:00\" \/>\n<meta property=\"og:image\" content=\"https:\/\/www.smartystore.it\/v25\/wp-content\/uploads\/2014\/07\/Cornice-a-scatto-parete-50x70-frame-32-angolo-tondo-cromato-1.jpg\" \/>\n\t<meta property=\"og:image:width\" content=\"1000\" \/>\n\t<meta property=\"og:image:height\" content=\"1000\" \/>\n\t<meta property=\"og:image:type\" content=\"image\/jpeg\" \/>\n<meta name=\"twitter:card\" content=\"summary_large_image\" \/>\n<meta name=\"twitter:label1\" content=\"Tempo di lettura stimato\" \/>\n\t<meta name=\"twitter:data1\" content=\"3 minuti\" \/>\n<script type=\"application\/ld+json\" class=\"yoast-schema-graph\">{\"@context\":\"https:\\\/\\\/schema.org\",\"@graph\":[{\"@type\":\"WebPage\",\"@id\":\"https:\\\/\\\/www.smartystore.it\\\/it\\\/prodotto\\\/cornice-a-scatto-50x70-frame-32-angolo-tondo\\\/\",\"url\":\"https:\\\/\\\/www.smartystore.it\\\/it\\\/prodotto\\\/cornice-a-scatto-50x70-frame-32-angolo-tondo\\\/\",\"name\":\"Cornice a scatto 50x70 frame 32 angolo tondo da parete\",\"isPartOf\":{\"@id\":\"https:\\\/\\\/www.smartystore.it\\\/it\\\/#website\"},\"primaryImageOfPage\":{\"@id\":\"https:\\\/\\\/www.smartystore.it\\\/it\\\/prodotto\\\/cornice-a-scatto-50x70-frame-32-angolo-tondo\\\/#primaryimage\"},\"image\":{\"@id\":\"https:\\\/\\\/www.smartystore.it\\\/it\\\/prodotto\\\/cornice-a-scatto-50x70-frame-32-angolo-tondo\\\/#primaryimage\"},\"thumbnailUrl\":\"https:\\\/\\\/www.smartystore.it\\\/v25\\\/wp-content\\\/uploads\\\/2014\\\/07\\\/Cornice-a-scatto-parete-50x70-frame-32-angolo-tondo-cromato-1.jpg\",\"datePublished\":\"2014-07-18T15:29:15+00:00\",\"dateModified\":\"2026-04-11T10:30:05+00:00\",\"description\":\"Cornice a Scatto in Alluminio da Parete 50x70 Frame 32 Angolo Tondo. Acquista le cornici da parete da utilizzare come moderni sistemi di comunicazione.\",\"breadcrumb\":{\"@id\":\"https:\\\/\\\/www.smartystore.it\\\/it\\\/prodotto\\\/cornice-a-scatto-50x70-frame-32-angolo-tondo\\\/#breadcrumb\"},\"inLanguage\":\"it-IT\",\"potentialAction\":[{\"@type\":\"ReadAction\",\"target\":[\"https:\\\/\\\/www.smartystore.it\\\/it\\\/prodotto\\\/cornice-a-scatto-50x70-frame-32-angolo-tondo\\\/\"]}]},{\"@type\":\"ImageObject\",\"inLanguage\":\"it-IT\",\"@id\":\"https:\\\/\\\/www.smartystore.it\\\/it\\\/prodotto\\\/cornice-a-scatto-50x70-frame-32-angolo-tondo\\\/#primaryimage\",\"url\":\"https:\\\/\\\/www.smartystore.it\\\/v25\\\/wp-content\\\/uploads\\\/2014\\\/07\\\/Cornice-a-scatto-parete-50x70-frame-32-angolo-tondo-cromato-1.jpg\",\"contentUrl\":\"https:\\\/\\\/www.smartystore.it\\\/v25\\\/wp-content\\\/uploads\\\/2014\\\/07\\\/Cornice-a-scatto-parete-50x70-frame-32-angolo-tondo-cromato-1.jpg\",\"width\":1000,\"height\":1000,\"caption\":\"Cornice a scatto 50x70 frame 32 angolo tondo\"},{\"@type\":\"BreadcrumbList\",\"@id\":\"https:\\\/\\\/www.smartystore.it\\\/it\\\/prodotto\\\/cornice-a-scatto-50x70-frame-32-angolo-tondo\\\/#breadcrumb\",\"itemListElement\":[{\"@type\":\"ListItem\",\"position\":1,\"name\":\"Home\",\"item\":\"https:\\\/\\\/www.smartystore.it\\\/it\\\/\"},{\"@type\":\"ListItem\",\"position\":2,\"name\":\"Shop\",\"item\":\"https:\\\/\\\/www.smartystore.it\\\/it\\\/shop\\\/\"},{\"@type\":\"ListItem\",\"position\":3,\"name\":\"Cornice a scatto 50&#215;70 frame 32 angolo tondo\"}]},{\"@type\":\"WebSite\",\"@id\":\"https:\\\/\\\/www.smartystore.it\\\/it\\\/#website\",\"url\":\"https:\\\/\\\/www.smartystore.it\\\/it\\\/\",\"name\":\"Smarty Store\",\"description\":\"\",\"potentialAction\":[{\"@type\":\"SearchAction\",\"target\":{\"@type\":\"EntryPoint\",\"urlTemplate\":\"https:\\\/\\\/www.smartystore.it\\\/it\\\/?s={search_term_string}\"},\"query-input\":{\"@type\":\"PropertyValueSpecification\",\"valueRequired\":true,\"valueName\":\"search_term_string\"}}],\"inLanguage\":\"it-IT\"}]}<\/script>\n<!-- \/ Yoast SEO plugin. -->","yoast_head_json":{"title":"Cornice a scatto 50x70 frame 32 angolo tondo da parete","description":"Cornice a Scatto in Alluminio da Parete 50x70 Frame 32 Angolo Tondo. Acquista le cornici da parete da utilizzare come moderni sistemi di comunicazione.","robots":{"index":"index","follow":"follow","max-snippet":"max-snippet:-1","max-image-preview":"max-image-preview:large","max-video-preview":"max-video-preview:-1"},"canonical":"https:\/\/www.smartystore.it\/it\/prodotto\/cornice-a-scatto-50x70-frame-32-angolo-tondo\/","og_locale":"it_IT","og_type":"article","og_title":"Cornice a scatto 50x70 frame 32 angolo tondo da parete","og_description":"Cornice a Scatto in Alluminio da Parete 50x70 Frame 32 Angolo Tondo. Acquista le cornici da parete da utilizzare come moderni sistemi di comunicazione.","og_url":"https:\/\/www.smartystore.it\/it\/prodotto\/cornice-a-scatto-50x70-frame-32-angolo-tondo\/","og_site_name":"Smarty Store","article_modified_time":"2026-04-11T10:30:05+00:00","og_image":[{"width":1000,"height":1000,"url":"https:\/\/www.smartystore.it\/v25\/wp-content\/uploads\/2014\/07\/Cornice-a-scatto-parete-50x70-frame-32-angolo-tondo-cromato-1.jpg","type":"image\/jpeg"}],"twitter_card":"summary_large_image","twitter_misc":{"Tempo di lettura stimato":"3 minuti"},"schema":{"@context":"https:\/\/schema.org","@graph":[{"@type":"WebPage","@id":"https:\/\/www.smartystore.it\/it\/prodotto\/cornice-a-scatto-50x70-frame-32-angolo-tondo\/","url":"https:\/\/www.smartystore.it\/it\/prodotto\/cornice-a-scatto-50x70-frame-32-angolo-tondo\/","name":"Cornice a scatto 50x70 frame 32 angolo tondo da parete","isPartOf":{"@id":"https:\/\/www.smartystore.it\/it\/#website"},"primaryImageOfPage":{"@id":"https:\/\/www.smartystore.it\/it\/prodotto\/cornice-a-scatto-50x70-frame-32-angolo-tondo\/#primaryimage"},"image":{"@id":"https:\/\/www.smartystore.it\/it\/prodotto\/cornice-a-scatto-50x70-frame-32-angolo-tondo\/#primaryimage"},"thumbnailUrl":"https:\/\/www.smartystore.it\/v25\/wp-content\/uploads\/2014\/07\/Cornice-a-scatto-parete-50x70-frame-32-angolo-tondo-cromato-1.jpg","datePublished":"2014-07-18T15:29:15+00:00","dateModified":"2026-04-11T10:30:05+00:00","description":"Cornice a Scatto in Alluminio da Parete 50x70 Frame 32 Angolo Tondo. Acquista le cornici da parete da utilizzare come moderni sistemi di comunicazione.","breadcrumb":{"@id":"https:\/\/www.smartystore.it\/it\/prodotto\/cornice-a-scatto-50x70-frame-32-angolo-tondo\/#breadcrumb"},"inLanguage":"it-IT","potentialAction":[{"@type":"ReadAction","target":["https:\/\/www.smartystore.it\/it\/prodotto\/cornice-a-scatto-50x70-frame-32-angolo-tondo\/"]}]},{"@type":"ImageObject","inLanguage":"it-IT","@id":"https:\/\/www.smartystore.it\/it\/prodotto\/cornice-a-scatto-50x70-frame-32-angolo-tondo\/#primaryimage","url":"https:\/\/www.smartystore.it\/v25\/wp-content\/uploads\/2014\/07\/Cornice-a-scatto-parete-50x70-frame-32-angolo-tondo-cromato-1.jpg","contentUrl":"https:\/\/www.smartystore.it\/v25\/wp-content\/uploads\/2014\/07\/Cornice-a-scatto-parete-50x70-frame-32-angolo-tondo-cromato-1.jpg","width":1000,"height":1000,"caption":"Cornice a scatto 50x70 frame 32 angolo tondo"},{"@type":"BreadcrumbList","@id":"https:\/\/www.smartystore.it\/it\/prodotto\/cornice-a-scatto-50x70-frame-32-angolo-tondo\/#breadcrumb","itemListElement":[{"@type":"ListItem","position":1,"name":"Home","item":"https:\/\/www.smartystore.it\/it\/"},{"@type":"ListItem","position":2,"name":"Shop","item":"https:\/\/www.smartystore.it\/it\/shop\/"},{"@type":"ListItem","position":3,"name":"Cornice a scatto 50&#215;70 frame 32 angolo tondo"}]},{"@type":"WebSite","@id":"https:\/\/www.smartystore.it\/it\/#website","url":"https:\/\/www.smartystore.it\/it\/","name":"Smarty Store","description":"","potentialAction":[{"@type":"SearchAction","target":{"@type":"EntryPoint","urlTemplate":"https:\/\/www.smartystore.it\/it\/?s={search_term_string}"},"query-input":{"@type":"PropertyValueSpecification","valueRequired":true,"valueName":"search_term_string"}}],"inLanguage":"it-IT"}]}},"brands":[],"_links":{"self":[{"href":"https:\/\/www.smartystore.it\/it\/wp-json\/wp\/v2\/product\/36177","targetHints":{"allow":["GET"]}}],"collection":[{"href":"https:\/\/www.smartystore.it\/it\/wp-json\/wp\/v2\/product"}],"about":[{"href":"https:\/\/www.smartystore.it\/it\/wp-json\/wp\/v2\/types\/product"}],"replies":[{"embeddable":true,"href":"https:\/\/www.smartystore.it\/it\/wp-json\/wp\/v2\/comments?post=36177"}],"wp:featuredmedia":[{"embeddable":true,"href":"https:\/\/www.smartystore.it\/it\/wp-json\/wp\/v2\/media\/59224"}],"wp:attachment":[{"href":"https:\/\/www.smartystore.it\/it\/wp-json\/wp\/v2\/media?parent=36177"}],"wp:term":[{"taxonomy":"pwb-brand","embeddable":true,"href":"https:\/\/www.smartystore.it\/it\/wp-json\/wp\/v2\/pwb-brand?post=36177"},{"taxonomy":"product_brand","embeddable":true,"href":"https:\/\/www.smartystore.it\/it\/wp-json\/wp\/v2\/product_brand?post=36177"},{"taxonomy":"product_cat","embeddable":true,"href":"https:\/\/www.smartystore.it\/it\/wp-json\/wp\/v2\/product_cat?post=36177"},{"taxonomy":"product_tag","embeddable":true,"href":"https:\/\/www.smartystore.it\/it\/wp-json\/wp\/v2\/product_tag?post=36177"}],"curies":[{"name":"wp","href":"https:\/\/api.w.org\/{rel}","templated":true}]}}