{"id":33727,"date":"2014-03-25T15:24:07","date_gmt":"2014-03-25T13:24:07","guid":{"rendered":"https:\/\/www.smartystore.it\/prodotto\/cornice-a-scatto-da-parete-frame-25-angolo-vivo-a3-30x42-cm\/"},"modified":"2025-10-14T16:18:42","modified_gmt":"2025-10-14T14:18:42","slug":"cornice-a-scatto-da-parete-a3-angolo-vivo","status":"publish","type":"product","link":"https:\/\/www.smartystore.it\/it\/prodotto\/cornice-a-scatto-da-parete-a3-angolo-vivo\/","title":{"rendered":"Cornice a scatto da parete A3 angolo vivo"},"content":{"rendered":"<div class=\"wpb-content-wrapper\"><p>[vc_row][vc_column][vc_column_text css=&#8221;&#8221; css_params=&#8221;&#8221;]<\/p>\n<h1>Cornice a scatto da parete A3 angolo vivo<\/h1>\n<p>La Cornice a scatto da parete A3 angolo vivo (30&#215;42 cm) \u00e8 un elemento essenziale per chi desidera esporre opere d\u2019arte, fotografie o certificati in modo elegante e professionale. Con una dimensione di A3 (30&#215;42 cm) e una larghezza del bordo di 25 mm, questa cornice si distingue per il suo design raffinato e moderno, rendendola ideale per qualsiasi ambiente, siano essi privati o pubblici.<\/p>\n<p>La versione da parete di questa cornice \u00e8 caratterizzata da un angolo vivo, che conferisce un aspetto pulito e contemporaneo. La finitura di alta qualit\u00e0 \u00e8 pensata per esaltare l\u2019estetica dei contenuti presentati, facendoli apparire notevolmente pi\u00f9 professionali. Inoltre, il foglio in PVC trasparente antiriflesso garantisce che le immagini siano visibili senza distorsioni causate da riflessi indesiderati, proteggendo al contempo i vostri preziosi documenti dall&#8217;usura nel tempo.<\/p>\n<h2>Cornice a scatto da parete A3 angolo viv: Facilit\u00e0 di installazione<\/h2>\n<p>Un altro vantaggio significativo della cornice Frame 25 \u00e8 la facilit\u00e0 di installazione. La confezione include viti e tasselli di fissaggio, consentendo un montaggio semplice e veloce su qualsiasi tipo di parete. Questo aspetto facilita notevolmente il processo di allestimento, permettendo anche a chi non possiede competenze specifiche in ambito fai-da-te di utilizzare il prodotto senza difficolt\u00e0.<\/p>\n<p>In conclusione, la cornice a scatto Frame 25 Angolo Vivo rappresenta una scelta ideale per chi cerca un modo efficace e raffinato di esporre immagini. La combinazione di funzionalit\u00e0, estetica e praticit\u00e0 rende questo prodotto un must-have per collezionisti, artisti e appassionati di fotografia, garantendo un risultato finale che impressioner\u00e0 sicuramente ogni visitatore.<\/p>\n<p>Valuta anche la versione in alluminio di colore nero a questo <span style=\"color: #ff0000;\"><a style=\"color: #ff0000;\" href=\"https:\/\/www.smartystore.it\/prodotto\/cornice-a-scatto-nera-da-parete-frame-25-angolo-vivo\/\">LINK<\/a><\/span><\/p>\n<h3>Caratteristiche<\/h3>\n<ul>\n<li>Cornice a scatto da parete.<\/li>\n<li>Angolo vivo.<\/li>\n<li>Fori sul retro per applicazione a muro.<\/li>\n<li>Foglio di protezione antiriflesso.<\/li>\n<li>Profilo cornice: Frame 25.<\/li>\n<li>Formato stampato: A3.<\/li>\n<li>Materiale cornice: alluminio<\/li>\n<li>Materiale fondo: polistyrene.<\/li>\n<li>Colore: alluminio anodizzato.<\/li>\n<li>Area visibile: 27,7 x 40 cm.<\/li>\n<li>Dimensioni effettive cornice: 32,8 x 45,1 cm.<\/li>\n<li>Peso cornice: 0,66 Kg.<\/li>\n<li>Confezione munita di viti e tasselli per fissaggio a parete.<\/li>\n<li><\/li>\n<\/ul>\n<p><a href=\"https:\/\/www.smartystore.it\/v25\/wp-content\/uploads\/2014\/03\/STR-CRPT11-12-18-14-15-16.pdf\" target=\"_blank\" rel=\"noopener\"><img loading=\"lazy\" decoding=\"async\" class=\"alignnone size-full wp-image-93510\" src=\"https:\/\/www.smartystore.it\/v25\/wp-content\/uploads\/2014\/10\/SchedaTecnica-300-e1750084266903.png\" alt=\"\" width=\"249\" height=\"63\" \/><\/a><\/p>\n<p>[\/vc_column_text][\/vc_column][\/vc_row]<\/p>\n<\/div>","protected":false},"excerpt":{"rendered":"<p style=\"font-size: 16px;\"><strong>Cornice 30&#215;42<\/strong> in alluminio con formato A3 e frame 25 (angolo vivo) in vendita online su Smartystore. La cornice \u00e8 provvista di: <strong>sistema a scatto clic clac<\/strong>, un foglio di <strong>protezione antiriflesso<\/strong> per migliorare la visibilit\u00e0 anche sotto la luce, fori sulla parte posteriore per facilitare l\u2019applicazione a muro. Incluso con il prodotto una confezione di tasselli per il fissaggio. Le <strong>cornici 30&#215;42<\/strong> sono prodotti leggeri, resistenti e di ottima qualit\u00e0 in rapporto con il prezzo.<\/p>\n","protected":false},"featured_media":59240,"comment_status":"open","ping_status":"closed","template":"","meta":{"_acf_changed":false},"pwb-brand":[],"product_brand":[],"product_cat":[2013,2071],"product_tag":[5308,4968,5311,4972,5312,5422,4965,4967,5316,5269,5421,4971,4970,5008,5315,4973,5397,5314],"class_list":{"0":"post-33727","1":"product","2":"type-product","3":"status-publish","4":"has-post-thumbnail","6":"product_cat-cornici-a-scatto","7":"product_cat-cornici-a-scatto-1","8":"product_tag-cornice-a-scatto-a3","9":"product_tag-cornice-a-scatto-da-parete","10":"product_tag-cornice-a-scatto-in-alluminio-a3","11":"product_tag-cornice-a-scatto-orizzontale-e-verticale","12":"product_tag-cornice-a-scatto-per-poster-a3","13":"product_tag-cornice-clic-clac-30x42","14":"product_tag-cornici-a-scatto","15":"product_tag-cornici-a-scatto-a-prezzi-bassi","16":"product_tag-cornici-a-scatto-a3-piu-economiche","17":"product_tag-cornici-a-scatto-ai-prezzi-piu-bassi","18":"product_tag-cornici-a-scatto-angolo-vivo-30x42","19":"product_tag-cornici-a-scatto-convenienti","20":"product_tag-cornici-a-scatto-da-muro","21":"product_tag-cornici-a-scatto-di-qualita-scontate","22":"product_tag-cornici-a-scatto-per-foto-30x42","23":"product_tag-cornici-a-scatto-per-messaggi","24":"product_tag-cornici-clic-clac-angolo-vivo","25":"product_tag-cornici-click-clack-a3","26":"pa_c2c_angolo-2c-vivo","27":"pa_c2c_color-28-silver","28":"pa_c2c_dimensione-81-a3-30x42vert","29":"pa_c2c_mono_bifacciale-ca-monofacciale","30":"pa_c2c_trovraprezzi-ae-si","32":"first","33":"instock","34":"taxable","35":"shipping-taxable","36":"purchasable","37":"product-type-simple"},"acf":[],"yoast_head":"<!-- This site is optimized with the Yoast SEO plugin v27.4 - https:\/\/yoast.com\/product\/yoast-seo-wordpress\/ -->\n<title>Cornice a scatto da parete A3 angolo vivo<\/title>\n<meta name=\"description\" content=\"Cornice a scatto da parete A3 angolo vivo (30x42 cm). Acquista le cornici da parete da utilizzare come moderni sistemi di comunicazione.\" \/>\n<meta name=\"robots\" content=\"index, follow, max-snippet:-1, max-image-preview:large, max-video-preview:-1\" \/>\n<link rel=\"canonical\" href=\"https:\/\/www.smartystore.it\/it\/prodotto\/cornice-a-scatto-da-parete-a3-angolo-vivo\/\" \/>\n<meta property=\"og:locale\" content=\"it_IT\" \/>\n<meta property=\"og:type\" content=\"article\" \/>\n<meta property=\"og:title\" content=\"Cornice a scatto da parete A3 angolo vivo\" \/>\n<meta property=\"og:description\" content=\"Cornice a scatto da parete A3 angolo vivo (30x42 cm). Acquista le cornici da parete da utilizzare come moderni sistemi di comunicazione.\" \/>\n<meta property=\"og:url\" content=\"https:\/\/www.smartystore.it\/it\/prodotto\/cornice-a-scatto-da-parete-a3-angolo-vivo\/\" \/>\n<meta property=\"og:site_name\" content=\"Smarty Store\" \/>\n<meta property=\"article:modified_time\" content=\"2025-10-14T14:18:42+00:00\" \/>\n<meta property=\"og:image\" content=\"https:\/\/www.smartystore.it\/v25\/wp-content\/uploads\/2014\/03\/Cornice-a-scatto-parete-A3-frame-25-angolo-vivo-1.jpg\" \/>\n\t<meta property=\"og:image:width\" content=\"1000\" \/>\n\t<meta property=\"og:image:height\" content=\"1000\" \/>\n\t<meta property=\"og:image:type\" content=\"image\/jpeg\" \/>\n<meta name=\"twitter:card\" content=\"summary_large_image\" \/>\n<meta name=\"twitter:label1\" content=\"Tempo di lettura stimato\" \/>\n\t<meta name=\"twitter:data1\" content=\"3 minuti\" \/>\n<script type=\"application\/ld+json\" class=\"yoast-schema-graph\">{\"@context\":\"https:\\\/\\\/schema.org\",\"@graph\":[{\"@type\":\"WebPage\",\"@id\":\"https:\\\/\\\/www.smartystore.it\\\/it\\\/prodotto\\\/cornice-a-scatto-da-parete-a3-angolo-vivo\\\/\",\"url\":\"https:\\\/\\\/www.smartystore.it\\\/it\\\/prodotto\\\/cornice-a-scatto-da-parete-a3-angolo-vivo\\\/\",\"name\":\"Cornice a scatto da parete A3 angolo vivo\",\"isPartOf\":{\"@id\":\"https:\\\/\\\/www.smartystore.it\\\/it\\\/#website\"},\"primaryImageOfPage\":{\"@id\":\"https:\\\/\\\/www.smartystore.it\\\/it\\\/prodotto\\\/cornice-a-scatto-da-parete-a3-angolo-vivo\\\/#primaryimage\"},\"image\":{\"@id\":\"https:\\\/\\\/www.smartystore.it\\\/it\\\/prodotto\\\/cornice-a-scatto-da-parete-a3-angolo-vivo\\\/#primaryimage\"},\"thumbnailUrl\":\"https:\\\/\\\/www.smartystore.it\\\/v25\\\/wp-content\\\/uploads\\\/2014\\\/03\\\/Cornice-a-scatto-parete-A3-frame-25-angolo-vivo-1.jpg\",\"datePublished\":\"2014-03-25T13:24:07+00:00\",\"dateModified\":\"2025-10-14T14:18:42+00:00\",\"description\":\"Cornice a scatto da parete A3 angolo vivo (30x42 cm). Acquista le cornici da parete da utilizzare come moderni sistemi di comunicazione.\",\"breadcrumb\":{\"@id\":\"https:\\\/\\\/www.smartystore.it\\\/it\\\/prodotto\\\/cornice-a-scatto-da-parete-a3-angolo-vivo\\\/#breadcrumb\"},\"inLanguage\":\"it-IT\",\"potentialAction\":[{\"@type\":\"ReadAction\",\"target\":[\"https:\\\/\\\/www.smartystore.it\\\/it\\\/prodotto\\\/cornice-a-scatto-da-parete-a3-angolo-vivo\\\/\"]}]},{\"@type\":\"ImageObject\",\"inLanguage\":\"it-IT\",\"@id\":\"https:\\\/\\\/www.smartystore.it\\\/it\\\/prodotto\\\/cornice-a-scatto-da-parete-a3-angolo-vivo\\\/#primaryimage\",\"url\":\"https:\\\/\\\/www.smartystore.it\\\/v25\\\/wp-content\\\/uploads\\\/2014\\\/03\\\/Cornice-a-scatto-parete-A3-frame-25-angolo-vivo-1.jpg\",\"contentUrl\":\"https:\\\/\\\/www.smartystore.it\\\/v25\\\/wp-content\\\/uploads\\\/2014\\\/03\\\/Cornice-a-scatto-parete-A3-frame-25-angolo-vivo-1.jpg\",\"width\":1000,\"height\":1000,\"caption\":\"Cornice a scatto da parete A3 frame 25 angolo vivo\"},{\"@type\":\"BreadcrumbList\",\"@id\":\"https:\\\/\\\/www.smartystore.it\\\/it\\\/prodotto\\\/cornice-a-scatto-da-parete-a3-angolo-vivo\\\/#breadcrumb\",\"itemListElement\":[{\"@type\":\"ListItem\",\"position\":1,\"name\":\"Home\",\"item\":\"https:\\\/\\\/www.smartystore.it\\\/it\\\/\"},{\"@type\":\"ListItem\",\"position\":2,\"name\":\"Shop\",\"item\":\"https:\\\/\\\/www.smartystore.it\\\/it\\\/shop\\\/\"},{\"@type\":\"ListItem\",\"position\":3,\"name\":\"Cornice a scatto da parete A3 angolo vivo\"}]},{\"@type\":\"WebSite\",\"@id\":\"https:\\\/\\\/www.smartystore.it\\\/it\\\/#website\",\"url\":\"https:\\\/\\\/www.smartystore.it\\\/it\\\/\",\"name\":\"Smarty Store\",\"description\":\"\",\"potentialAction\":[{\"@type\":\"SearchAction\",\"target\":{\"@type\":\"EntryPoint\",\"urlTemplate\":\"https:\\\/\\\/www.smartystore.it\\\/it\\\/?s={search_term_string}\"},\"query-input\":{\"@type\":\"PropertyValueSpecification\",\"valueRequired\":true,\"valueName\":\"search_term_string\"}}],\"inLanguage\":\"it-IT\"}]}<\/script>\n<!-- \/ Yoast SEO plugin. -->","yoast_head_json":{"title":"Cornice a scatto da parete A3 angolo vivo","description":"Cornice a scatto da parete A3 angolo vivo (30x42 cm). Acquista le cornici da parete da utilizzare come moderni sistemi di comunicazione.","robots":{"index":"index","follow":"follow","max-snippet":"max-snippet:-1","max-image-preview":"max-image-preview:large","max-video-preview":"max-video-preview:-1"},"canonical":"https:\/\/www.smartystore.it\/it\/prodotto\/cornice-a-scatto-da-parete-a3-angolo-vivo\/","og_locale":"it_IT","og_type":"article","og_title":"Cornice a scatto da parete A3 angolo vivo","og_description":"Cornice a scatto da parete A3 angolo vivo (30x42 cm). Acquista le cornici da parete da utilizzare come moderni sistemi di comunicazione.","og_url":"https:\/\/www.smartystore.it\/it\/prodotto\/cornice-a-scatto-da-parete-a3-angolo-vivo\/","og_site_name":"Smarty Store","article_modified_time":"2025-10-14T14:18:42+00:00","og_image":[{"width":1000,"height":1000,"url":"https:\/\/www.smartystore.it\/v25\/wp-content\/uploads\/2014\/03\/Cornice-a-scatto-parete-A3-frame-25-angolo-vivo-1.jpg","type":"image\/jpeg"}],"twitter_card":"summary_large_image","twitter_misc":{"Tempo di lettura stimato":"3 minuti"},"schema":{"@context":"https:\/\/schema.org","@graph":[{"@type":"WebPage","@id":"https:\/\/www.smartystore.it\/it\/prodotto\/cornice-a-scatto-da-parete-a3-angolo-vivo\/","url":"https:\/\/www.smartystore.it\/it\/prodotto\/cornice-a-scatto-da-parete-a3-angolo-vivo\/","name":"Cornice a scatto da parete A3 angolo vivo","isPartOf":{"@id":"https:\/\/www.smartystore.it\/it\/#website"},"primaryImageOfPage":{"@id":"https:\/\/www.smartystore.it\/it\/prodotto\/cornice-a-scatto-da-parete-a3-angolo-vivo\/#primaryimage"},"image":{"@id":"https:\/\/www.smartystore.it\/it\/prodotto\/cornice-a-scatto-da-parete-a3-angolo-vivo\/#primaryimage"},"thumbnailUrl":"https:\/\/www.smartystore.it\/v25\/wp-content\/uploads\/2014\/03\/Cornice-a-scatto-parete-A3-frame-25-angolo-vivo-1.jpg","datePublished":"2014-03-25T13:24:07+00:00","dateModified":"2025-10-14T14:18:42+00:00","description":"Cornice a scatto da parete A3 angolo vivo (30x42 cm). Acquista le cornici da parete da utilizzare come moderni sistemi di comunicazione.","breadcrumb":{"@id":"https:\/\/www.smartystore.it\/it\/prodotto\/cornice-a-scatto-da-parete-a3-angolo-vivo\/#breadcrumb"},"inLanguage":"it-IT","potentialAction":[{"@type":"ReadAction","target":["https:\/\/www.smartystore.it\/it\/prodotto\/cornice-a-scatto-da-parete-a3-angolo-vivo\/"]}]},{"@type":"ImageObject","inLanguage":"it-IT","@id":"https:\/\/www.smartystore.it\/it\/prodotto\/cornice-a-scatto-da-parete-a3-angolo-vivo\/#primaryimage","url":"https:\/\/www.smartystore.it\/v25\/wp-content\/uploads\/2014\/03\/Cornice-a-scatto-parete-A3-frame-25-angolo-vivo-1.jpg","contentUrl":"https:\/\/www.smartystore.it\/v25\/wp-content\/uploads\/2014\/03\/Cornice-a-scatto-parete-A3-frame-25-angolo-vivo-1.jpg","width":1000,"height":1000,"caption":"Cornice a scatto da parete A3 frame 25 angolo vivo"},{"@type":"BreadcrumbList","@id":"https:\/\/www.smartystore.it\/it\/prodotto\/cornice-a-scatto-da-parete-a3-angolo-vivo\/#breadcrumb","itemListElement":[{"@type":"ListItem","position":1,"name":"Home","item":"https:\/\/www.smartystore.it\/it\/"},{"@type":"ListItem","position":2,"name":"Shop","item":"https:\/\/www.smartystore.it\/it\/shop\/"},{"@type":"ListItem","position":3,"name":"Cornice a scatto da parete A3 angolo vivo"}]},{"@type":"WebSite","@id":"https:\/\/www.smartystore.it\/it\/#website","url":"https:\/\/www.smartystore.it\/it\/","name":"Smarty Store","description":"","potentialAction":[{"@type":"SearchAction","target":{"@type":"EntryPoint","urlTemplate":"https:\/\/www.smartystore.it\/it\/?s={search_term_string}"},"query-input":{"@type":"PropertyValueSpecification","valueRequired":true,"valueName":"search_term_string"}}],"inLanguage":"it-IT"}]}},"brands":[],"_links":{"self":[{"href":"https:\/\/www.smartystore.it\/it\/wp-json\/wp\/v2\/product\/33727","targetHints":{"allow":["GET"]}}],"collection":[{"href":"https:\/\/www.smartystore.it\/it\/wp-json\/wp\/v2\/product"}],"about":[{"href":"https:\/\/www.smartystore.it\/it\/wp-json\/wp\/v2\/types\/product"}],"replies":[{"embeddable":true,"href":"https:\/\/www.smartystore.it\/it\/wp-json\/wp\/v2\/comments?post=33727"}],"wp:featuredmedia":[{"embeddable":true,"href":"https:\/\/www.smartystore.it\/it\/wp-json\/wp\/v2\/media\/59240"}],"wp:attachment":[{"href":"https:\/\/www.smartystore.it\/it\/wp-json\/wp\/v2\/media?parent=33727"}],"wp:term":[{"taxonomy":"pwb-brand","embeddable":true,"href":"https:\/\/www.smartystore.it\/it\/wp-json\/wp\/v2\/pwb-brand?post=33727"},{"taxonomy":"product_brand","embeddable":true,"href":"https:\/\/www.smartystore.it\/it\/wp-json\/wp\/v2\/product_brand?post=33727"},{"taxonomy":"product_cat","embeddable":true,"href":"https:\/\/www.smartystore.it\/it\/wp-json\/wp\/v2\/product_cat?post=33727"},{"taxonomy":"product_tag","embeddable":true,"href":"https:\/\/www.smartystore.it\/it\/wp-json\/wp\/v2\/product_tag?post=33727"}],"curies":[{"name":"wp","href":"https:\/\/api.w.org\/{rel}","templated":true}]}}