{"id":33707,"date":"2014-03-25T15:12:28","date_gmt":"2014-03-25T13:12:28","guid":{"rendered":"https:\/\/www.smartystore.it\/prodotto\/cornice-a-scatto-da-parete-frame-25-angolo-vivo-a4-21x29-7-cm\/"},"modified":"2026-03-17T15:57:42","modified_gmt":"2026-03-17T13:57:42","slug":"cornice-a-scatto-a4-da-parete-angolo-vivo","status":"publish","type":"product","link":"https:\/\/www.smartystore.it\/it\/prodotto\/cornice-a-scatto-a4-da-parete-angolo-vivo\/","title":{"rendered":"Cornice a scatto A4 da parete angolo vivo"},"content":{"rendered":"<div class=\"wpb-content-wrapper\"><p>[vc_row][vc_column][vc_column_text css=&#8221;&#8221; css_params=&#8221;&#8221;]<\/p>\n<h1>Cornice a scatto A4 da parete angolo vivo &#8211; A4 (21&#215;29.7 cm): Eleganza e Funzionalit\u00e0<\/h1>\n<p>La Cornice a scatto A4 da parete angolo vivo &#8211; A4 (21&#215;29.7 cm) rappresenta una soluzione ideale per chi desidera esporre documenti, poster o opere d&#8217;arte in modo elegante e professionale. Realizzata con un profilo cornice di 25 mm, questa cornice in alluminio \u00e8 progettata per garantire un&#8217;ottima visibilit\u00e0 sui contenuti esposti, mantenendo al contempo un aspetto minimalista che si integra perfettamente in qualsiasi ambiente.<\/p>\n<p>Una delle caratteristiche distintive di questa cornice \u00e8 l&#8217;angolo vivo, che conferisce un\u2019armonia estetica e un\u2019eleganza senza tempo. Il foglio di protezione antiriflesso, realizzato in materiale di alta qualit\u00e0, assicura che i colori e i dettagli non siano compromessi dalla luce ambientale, permettendo agli osservatori una migliore lettura del messaggio.<\/p>\n<h2>Cornice a scatto A4 da parete angolo vivo &#8211; A4 (21&#215;29.7 cm): la qualit\u00e0 al miglior prezzo<\/h2>\n<p>Costruita in alluminio anodizzato, la cornice a scatto A4 da parete angolo vivo offre una resistenza e una durabilit\u00e0 superiori, rendendola adatta sia per ambienti interni che esterni. Il fondo in polistirene contribuisce a mantenere una struttura leggera, facilitando l&#8217;applicazione e la rimozione del contenuto. Il formato A4 \u00e8 particolarmente versatile, ideale per una vasta gamma di utilizzi, da presentazioni aziendali a messaggi di avviso.<\/p>\n<p>La confezione \u00e8 fornita di tasselli per il fissaggio a parete, assicurando una semplice installazione. La cornice a scatto consente di esporre messaggi in modo elegante, eliminando la necessit\u00e0 di utilizzare nastro adesivo o altri metodi antiestetici che possono danneggiare le superfici murali. Con questa cornice, la comunicazione visiva si trasforma in un\u2019esperienza estetica, combinando funzionalit\u00e0 e design raffinato. E il prezzo \u00e8 tra i pi\u00f9 bassi presenti sul mercato.<\/p>\n<p>In conclusione, la Cornice a scatto da parete rappresenta una scelta intelligente per chi desidera valorizzare i propri messaggi in un contesto elegante, senza compromettere l&#8217;estetica dello spazio circostante.<\/p>\n<p>Guarda anche la versione analoga ma con angoli tondi: <span style=\"color: #ff0000;\"><strong><a style=\"color: #ff0000;\" href=\"https:\/\/www.smartystore.it\/prodotto\/cornice-a-scatto-da-parete-frame-25-angolo-tondo-a4-21x29-7-cm\/\">LINK<\/a><\/strong><\/span><\/p>\n<p>Oppure guarda tutte le cornici a scatto disponibili a questo <span style=\"color: #ff0000;\"><strong><a style=\"color: #ff0000;\" href=\"https:\/\/www.smartystore.it\/categoria-prodotto\/cornici-a-scatto\/cornici-a-scatto-1\/\">LINK<\/a><\/strong><\/span><\/p>\n<p>&nbsp;<\/p>\n<h3>Caratteristiche<\/h3>\n<ol>\n<li>Cornice a scatto da parete.<\/li>\n<li>Angolo vivo.<\/li>\n<li>Fori sul retro per applicazione a muro.<\/li>\n<li>Foglio di protezione antiriflesso.<\/li>\n<li>Profilo cornice: Frame 25 (larghezza bordo mm. 25).<\/li>\n<li>Formato A4 (cm. 21 x 29.7)<\/li>\n<li>Materiale cornice: alluminio<\/li>\n<li>Materiale fondo: polistyrene.<\/li>\n<li>Colore: alluminio anodizzato.<\/li>\n<li>Area visibile: 19 x 27,7 cm.<\/li>\n<li>Dimensioni effettive cornice: 24,1 x 32,8 cm.<\/li>\n<li>Peso cornice: 0,45 Kg.<\/li>\n<li>Confezione munita di tasselli per fissaggio a parete.<\/li>\n<\/ol>\n<p>&nbsp;<\/p>\n<p><a href=\"https:\/\/www.smartystore.it\/v25\/wp-content\/uploads\/2014\/03\/STR-CRPT11-12-18-14-15-16.pdf\" target=\"_blank\" rel=\"noopener\"><img loading=\"lazy\" decoding=\"async\" class=\"alignnone size-full wp-image-93510\" src=\"https:\/\/www.smartystore.it\/v25\/wp-content\/uploads\/2014\/10\/SchedaTecnica-300-e1750084266903.png\" alt=\"\" width=\"249\" height=\"63\"><\/a>[\/vc_column_text][\/vc_column][\/vc_row]<\/p>\n<\/div>","protected":false},"excerpt":{"rendered":"<p>Cornice a scatto da parete formato A4 (cm. 21&#215;29.7) con cornice in alluminio frame 25 (larghezza bordo mm. 25).<\/p>\n","protected":false},"featured_media":59236,"comment_status":"open","ping_status":"closed","template":"","meta":{"_acf_changed":false},"pwb-brand":[],"product_brand":[],"product_cat":[2013,2071],"product_tag":[3199,3206,3203,3205,3204,3200,3201,4967,3202,4970,5008,5007,5005,5006,4975],"class_list":{"0":"post-33707","1":"product","2":"type-product","3":"status-publish","4":"has-post-thumbnail","6":"product_cat-cornici-a-scatto","7":"product_cat-cornici-a-scatto-1","8":"product_tag-cornice-a-scatto-a4","9":"product_tag-cornice-a-scatto-a4-con-angoli-vivi","10":"product_tag-cornice-a-scatto-a4-da-parete","11":"product_tag-cornice-a-scatto-a4-verticale-e-orizzontale","12":"product_tag-cornice-a-scatto-da-muro","13":"product_tag-cornice-clic-clac-a4","14":"product_tag-cornice-in-alluminio-a4","15":"product_tag-cornici-a-scatto-a-prezzi-bassi","16":"product_tag-cornici-a-scatto-a4","17":"product_tag-cornici-a-scatto-da-muro","18":"product_tag-cornici-a-scatto-di-qualita-scontate","19":"product_tag-cornici-a-scatto-per-foto","20":"product_tag-cornici-a-scatto-per-messaggi-a4","21":"product_tag-cornici-a-scatto-per-poster","22":"product_tag-cornici-click-clack-21x30","23":"pa_c2c_angolo-2c-vivo","24":"pa_c2c_color-28-silver","25":"pa_c2c_dimensione-a8-a4-21x297vert","26":"pa_c2c_mono_bifacciale-ca-monofacciale","27":"pa_c2c_trovraprezzi-ae-si","29":"first","30":"instock","31":"taxable","32":"shipping-taxable","33":"purchasable","34":"product-type-simple"},"acf":[],"yoast_head":"<!-- This site is optimized with the Yoast SEO plugin v27.4 - https:\/\/yoast.com\/product\/yoast-seo-wordpress\/ -->\n<title>Cornice a scatto A4 da parete angolo vivo<\/title>\n<meta name=\"description\" content=\"Cornice a scatto A4 da parete angolo vivo Frame 25 - A4 (21x29.7 cm). Acquista al prezzo pi\u00f9 basso le cornici da parete come nuovi sistemi di comunicazione.\" \/>\n<meta name=\"robots\" content=\"index, follow, max-snippet:-1, max-image-preview:large, max-video-preview:-1\" \/>\n<link rel=\"canonical\" href=\"https:\/\/www.smartystore.it\/it\/prodotto\/cornice-a-scatto-a4-da-parete-angolo-vivo\/\" \/>\n<meta property=\"og:locale\" content=\"it_IT\" \/>\n<meta property=\"og:type\" content=\"article\" \/>\n<meta property=\"og:title\" content=\"Cornice a scatto A4 da parete angolo vivo\" \/>\n<meta property=\"og:description\" content=\"Cornice a scatto A4 da parete angolo vivo Frame 25 - A4 (21x29.7 cm). Acquista al prezzo pi\u00f9 basso le cornici da parete come nuovi sistemi di comunicazione.\" \/>\n<meta property=\"og:url\" content=\"https:\/\/www.smartystore.it\/it\/prodotto\/cornice-a-scatto-a4-da-parete-angolo-vivo\/\" \/>\n<meta property=\"og:site_name\" content=\"Smarty Store\" \/>\n<meta property=\"article:modified_time\" content=\"2026-03-17T13:57:42+00:00\" \/>\n<meta property=\"og:image\" content=\"https:\/\/www.smartystore.it\/v25\/wp-content\/uploads\/2014\/03\/Cornice-a-scatto-parete-A4-frame-25-angolo-vivo-1.jpg\" \/>\n\t<meta property=\"og:image:width\" content=\"1000\" \/>\n\t<meta property=\"og:image:height\" content=\"1000\" \/>\n\t<meta property=\"og:image:type\" content=\"image\/jpeg\" \/>\n<meta name=\"twitter:card\" content=\"summary_large_image\" \/>\n<meta name=\"twitter:label1\" content=\"Tempo di lettura stimato\" \/>\n\t<meta name=\"twitter:data1\" content=\"3 minuti\" \/>\n<script type=\"application\/ld+json\" class=\"yoast-schema-graph\">{\"@context\":\"https:\\\/\\\/schema.org\",\"@graph\":[{\"@type\":\"WebPage\",\"@id\":\"https:\\\/\\\/www.smartystore.it\\\/it\\\/prodotto\\\/cornice-a-scatto-a4-da-parete-angolo-vivo\\\/\",\"url\":\"https:\\\/\\\/www.smartystore.it\\\/it\\\/prodotto\\\/cornice-a-scatto-a4-da-parete-angolo-vivo\\\/\",\"name\":\"Cornice a scatto A4 da parete angolo vivo\",\"isPartOf\":{\"@id\":\"https:\\\/\\\/www.smartystore.it\\\/it\\\/#website\"},\"primaryImageOfPage\":{\"@id\":\"https:\\\/\\\/www.smartystore.it\\\/it\\\/prodotto\\\/cornice-a-scatto-a4-da-parete-angolo-vivo\\\/#primaryimage\"},\"image\":{\"@id\":\"https:\\\/\\\/www.smartystore.it\\\/it\\\/prodotto\\\/cornice-a-scatto-a4-da-parete-angolo-vivo\\\/#primaryimage\"},\"thumbnailUrl\":\"https:\\\/\\\/www.smartystore.it\\\/v25\\\/wp-content\\\/uploads\\\/2014\\\/03\\\/Cornice-a-scatto-parete-A4-frame-25-angolo-vivo-1.jpg\",\"datePublished\":\"2014-03-25T13:12:28+00:00\",\"dateModified\":\"2026-03-17T13:57:42+00:00\",\"description\":\"Cornice a scatto A4 da parete angolo vivo Frame 25 - A4 (21x29.7 cm). Acquista al prezzo pi\u00f9 basso le cornici da parete come nuovi sistemi di comunicazione.\",\"breadcrumb\":{\"@id\":\"https:\\\/\\\/www.smartystore.it\\\/it\\\/prodotto\\\/cornice-a-scatto-a4-da-parete-angolo-vivo\\\/#breadcrumb\"},\"inLanguage\":\"it-IT\",\"potentialAction\":[{\"@type\":\"ReadAction\",\"target\":[\"https:\\\/\\\/www.smartystore.it\\\/it\\\/prodotto\\\/cornice-a-scatto-a4-da-parete-angolo-vivo\\\/\"]}]},{\"@type\":\"ImageObject\",\"inLanguage\":\"it-IT\",\"@id\":\"https:\\\/\\\/www.smartystore.it\\\/it\\\/prodotto\\\/cornice-a-scatto-a4-da-parete-angolo-vivo\\\/#primaryimage\",\"url\":\"https:\\\/\\\/www.smartystore.it\\\/v25\\\/wp-content\\\/uploads\\\/2014\\\/03\\\/Cornice-a-scatto-parete-A4-frame-25-angolo-vivo-1.jpg\",\"contentUrl\":\"https:\\\/\\\/www.smartystore.it\\\/v25\\\/wp-content\\\/uploads\\\/2014\\\/03\\\/Cornice-a-scatto-parete-A4-frame-25-angolo-vivo-1.jpg\",\"width\":1000,\"height\":1000,\"caption\":\"Cornice a scatto da parete Frame 25 angolo vivo - A4 (21x29.7 cm)\"},{\"@type\":\"BreadcrumbList\",\"@id\":\"https:\\\/\\\/www.smartystore.it\\\/it\\\/prodotto\\\/cornice-a-scatto-a4-da-parete-angolo-vivo\\\/#breadcrumb\",\"itemListElement\":[{\"@type\":\"ListItem\",\"position\":1,\"name\":\"Home\",\"item\":\"https:\\\/\\\/www.smartystore.it\\\/it\\\/\"},{\"@type\":\"ListItem\",\"position\":2,\"name\":\"Shop\",\"item\":\"https:\\\/\\\/www.smartystore.it\\\/it\\\/shop\\\/\"},{\"@type\":\"ListItem\",\"position\":3,\"name\":\"Cornice a scatto A4 da parete angolo vivo\"}]},{\"@type\":\"WebSite\",\"@id\":\"https:\\\/\\\/www.smartystore.it\\\/it\\\/#website\",\"url\":\"https:\\\/\\\/www.smartystore.it\\\/it\\\/\",\"name\":\"Smarty Store\",\"description\":\"\",\"potentialAction\":[{\"@type\":\"SearchAction\",\"target\":{\"@type\":\"EntryPoint\",\"urlTemplate\":\"https:\\\/\\\/www.smartystore.it\\\/it\\\/?s={search_term_string}\"},\"query-input\":{\"@type\":\"PropertyValueSpecification\",\"valueRequired\":true,\"valueName\":\"search_term_string\"}}],\"inLanguage\":\"it-IT\"}]}<\/script>\n<!-- \/ Yoast SEO plugin. -->","yoast_head_json":{"title":"Cornice a scatto A4 da parete angolo vivo","description":"Cornice a scatto A4 da parete angolo vivo Frame 25 - A4 (21x29.7 cm). Acquista al prezzo pi\u00f9 basso le cornici da parete come nuovi sistemi di comunicazione.","robots":{"index":"index","follow":"follow","max-snippet":"max-snippet:-1","max-image-preview":"max-image-preview:large","max-video-preview":"max-video-preview:-1"},"canonical":"https:\/\/www.smartystore.it\/it\/prodotto\/cornice-a-scatto-a4-da-parete-angolo-vivo\/","og_locale":"it_IT","og_type":"article","og_title":"Cornice a scatto A4 da parete angolo vivo","og_description":"Cornice a scatto A4 da parete angolo vivo Frame 25 - A4 (21x29.7 cm). Acquista al prezzo pi\u00f9 basso le cornici da parete come nuovi sistemi di comunicazione.","og_url":"https:\/\/www.smartystore.it\/it\/prodotto\/cornice-a-scatto-a4-da-parete-angolo-vivo\/","og_site_name":"Smarty Store","article_modified_time":"2026-03-17T13:57:42+00:00","og_image":[{"width":1000,"height":1000,"url":"https:\/\/www.smartystore.it\/v25\/wp-content\/uploads\/2014\/03\/Cornice-a-scatto-parete-A4-frame-25-angolo-vivo-1.jpg","type":"image\/jpeg"}],"twitter_card":"summary_large_image","twitter_misc":{"Tempo di lettura stimato":"3 minuti"},"schema":{"@context":"https:\/\/schema.org","@graph":[{"@type":"WebPage","@id":"https:\/\/www.smartystore.it\/it\/prodotto\/cornice-a-scatto-a4-da-parete-angolo-vivo\/","url":"https:\/\/www.smartystore.it\/it\/prodotto\/cornice-a-scatto-a4-da-parete-angolo-vivo\/","name":"Cornice a scatto A4 da parete angolo vivo","isPartOf":{"@id":"https:\/\/www.smartystore.it\/it\/#website"},"primaryImageOfPage":{"@id":"https:\/\/www.smartystore.it\/it\/prodotto\/cornice-a-scatto-a4-da-parete-angolo-vivo\/#primaryimage"},"image":{"@id":"https:\/\/www.smartystore.it\/it\/prodotto\/cornice-a-scatto-a4-da-parete-angolo-vivo\/#primaryimage"},"thumbnailUrl":"https:\/\/www.smartystore.it\/v25\/wp-content\/uploads\/2014\/03\/Cornice-a-scatto-parete-A4-frame-25-angolo-vivo-1.jpg","datePublished":"2014-03-25T13:12:28+00:00","dateModified":"2026-03-17T13:57:42+00:00","description":"Cornice a scatto A4 da parete angolo vivo Frame 25 - A4 (21x29.7 cm). Acquista al prezzo pi\u00f9 basso le cornici da parete come nuovi sistemi di comunicazione.","breadcrumb":{"@id":"https:\/\/www.smartystore.it\/it\/prodotto\/cornice-a-scatto-a4-da-parete-angolo-vivo\/#breadcrumb"},"inLanguage":"it-IT","potentialAction":[{"@type":"ReadAction","target":["https:\/\/www.smartystore.it\/it\/prodotto\/cornice-a-scatto-a4-da-parete-angolo-vivo\/"]}]},{"@type":"ImageObject","inLanguage":"it-IT","@id":"https:\/\/www.smartystore.it\/it\/prodotto\/cornice-a-scatto-a4-da-parete-angolo-vivo\/#primaryimage","url":"https:\/\/www.smartystore.it\/v25\/wp-content\/uploads\/2014\/03\/Cornice-a-scatto-parete-A4-frame-25-angolo-vivo-1.jpg","contentUrl":"https:\/\/www.smartystore.it\/v25\/wp-content\/uploads\/2014\/03\/Cornice-a-scatto-parete-A4-frame-25-angolo-vivo-1.jpg","width":1000,"height":1000,"caption":"Cornice a scatto da parete Frame 25 angolo vivo - A4 (21x29.7 cm)"},{"@type":"BreadcrumbList","@id":"https:\/\/www.smartystore.it\/it\/prodotto\/cornice-a-scatto-a4-da-parete-angolo-vivo\/#breadcrumb","itemListElement":[{"@type":"ListItem","position":1,"name":"Home","item":"https:\/\/www.smartystore.it\/it\/"},{"@type":"ListItem","position":2,"name":"Shop","item":"https:\/\/www.smartystore.it\/it\/shop\/"},{"@type":"ListItem","position":3,"name":"Cornice a scatto A4 da parete angolo vivo"}]},{"@type":"WebSite","@id":"https:\/\/www.smartystore.it\/it\/#website","url":"https:\/\/www.smartystore.it\/it\/","name":"Smarty Store","description":"","potentialAction":[{"@type":"SearchAction","target":{"@type":"EntryPoint","urlTemplate":"https:\/\/www.smartystore.it\/it\/?s={search_term_string}"},"query-input":{"@type":"PropertyValueSpecification","valueRequired":true,"valueName":"search_term_string"}}],"inLanguage":"it-IT"}]}},"brands":[],"_links":{"self":[{"href":"https:\/\/www.smartystore.it\/it\/wp-json\/wp\/v2\/product\/33707","targetHints":{"allow":["GET"]}}],"collection":[{"href":"https:\/\/www.smartystore.it\/it\/wp-json\/wp\/v2\/product"}],"about":[{"href":"https:\/\/www.smartystore.it\/it\/wp-json\/wp\/v2\/types\/product"}],"replies":[{"embeddable":true,"href":"https:\/\/www.smartystore.it\/it\/wp-json\/wp\/v2\/comments?post=33707"}],"wp:featuredmedia":[{"embeddable":true,"href":"https:\/\/www.smartystore.it\/it\/wp-json\/wp\/v2\/media\/59236"}],"wp:attachment":[{"href":"https:\/\/www.smartystore.it\/it\/wp-json\/wp\/v2\/media?parent=33707"}],"wp:term":[{"taxonomy":"pwb-brand","embeddable":true,"href":"https:\/\/www.smartystore.it\/it\/wp-json\/wp\/v2\/pwb-brand?post=33707"},{"taxonomy":"product_brand","embeddable":true,"href":"https:\/\/www.smartystore.it\/it\/wp-json\/wp\/v2\/product_brand?post=33707"},{"taxonomy":"product_cat","embeddable":true,"href":"https:\/\/www.smartystore.it\/it\/wp-json\/wp\/v2\/product_cat?post=33707"},{"taxonomy":"product_tag","embeddable":true,"href":"https:\/\/www.smartystore.it\/it\/wp-json\/wp\/v2\/product_tag?post=33707"}],"curies":[{"name":"wp","href":"https:\/\/api.w.org\/{rel}","templated":true}]}}