{"id":33517,"date":"2014-03-20T16:23:28","date_gmt":"2014-03-20T14:23:28","guid":{"rendered":"https:\/\/www.smartystore.it\/prodotto\/cornice-a-scatto-da-parete-frame-25-angolo-tondo-a4-21x29-7-cm\/"},"modified":"2025-12-04T12:40:23","modified_gmt":"2025-12-04T10:40:23","slug":"cornice-a-scatto-da-parete-frame-25-angolo-tondo-a4-21x29-7-cm","status":"publish","type":"product","link":"https:\/\/www.smartystore.it\/it\/prodotto\/cornice-a-scatto-da-parete-frame-25-angolo-tondo-a4-21x29-7-cm\/","title":{"rendered":"Cornice a scatto da parete A4 angolo tondo Frame 25"},"content":{"rendered":"<div class=\"wpb-content-wrapper\"><p>[vc_row][vc_column][vc_column_text css=&#8221;&#8221; css_params=&#8221;&#8221;]<\/p>\n<h1>Cornice a Scatto da Parete A4 con Angolo Tondo Frame 25<\/h1>\n<p>La cornice a scatto da parete A4, in particolare il modello con angolo tondo Frame 25, si presenta come una soluzione altamente efficace per la presentazione di documenti, avvisi e materiale promozionale. Questo tipo di cornice \u00e8 progettato per agevolare la sostituzione del contenuto esposto, rendendola un&#8217;opzione ideale per l&#8217;impiego sia in contesti pubblici che privati.<\/p>\n<h2>Vantaggi dell\u2019Acquisto Multiplo<\/h2>\n<p>Optare per l&#8217;acquisto di un pacco multiplo di cornici a scatto offre vantaggi considerevoli, non soltanto sul piano economico, visto che SmartyStore ha prezzi molto bassi, ma anche pratico. In primo luogo, l&#8217;acquisto in quantit\u00e0 consente una significativa riduzione del prezzo unitario, permettendo cos\u00ec di gestire al meglio il budget dedicato all&#8217;arredamento e alla comunicazione visiva. Inoltre, disporre di un numero maggiore di cornici facilita l&#8217;organizzazione e l&#8217;esposizione di informazioni in diverse aree senza dover effettuare acquisti ripetuti. Questa caratteristica \u00e8 particolarmente utile in ambienti come uffici, negozi, e strutture pubbliche, dove spesso \u00e8 necessaria la visualizzazione simultanea di pi\u00f9 avvisi o promozioni.<\/p>\n<h2>Facilit\u00e0 d\u2019Uso della Cornice a Scatto da Parete A4<\/h2>\n<p>Una delle caratteristiche distintive delle cornici a scatto \u00e8 la loro facilit\u00e0 d&#8217;uso. La progettazione intuitiva permette di sostituire i materiali esposti in modo rapido ed efficiente. Per aggiornare il contenuto, basta sollevare i bordi di alluminio della cornice e accedere al foglio di protezione in PVC trasparente, che possiede anche la caratteristica di essere antiriflesso. Dopo aver inserito il nuovo documento, \u00e8 sufficiente richiudere i bordi della cornice, completando cos\u00ec l&#8217;operazione. Questo sistema ottimizza l&#8217;estetica degli spazi espositivi, evitando metodi poco eleganti come nastro adesivo o puntine.<\/p>\n<h2>Cornice a Scatto da Parete A4: Applicazioni Versatili<\/h2>\n<p>Le cornici a scatto trovano applicazione in una variet\u00e0 di contesti: negli uffici possono servire per le comunicazioni interne, mentre nei bar rappresentano un efficace strumento per visualizzare listini prezzi e promozioni. Nelle strutture mediche possono essere impiegate per comunicare avvisi agli utenti, mentre nei negozi aiutano ad annunciare sconti o offerte speciali. Grazie alla loro versatilit\u00e0 e design elegante, queste cornici si integrano perfettamente in qualsiasi ambiente.<\/p>\n<p>La cornice a scatto \u00e8 fornita con un foglio in PVC trasparente antiriflesso, che non solo protegge lo stampato ma ne facilita anche la fruizione. In aggiunta, sono inclusi viti e tasselli per un semplice fissaggio a parete, garantendo cos\u00ec un&#8217;installazione rapida e sicura.<\/p>\n<h3>Caratteristiche<\/h3>\n<ol>\n<li>Cornice a scatto di alluminio da parete.<\/li>\n<li>Angolo tondo cromato.<\/li>\n<li>Fori sul retro per applicazione a muro.<\/li>\n<li>Foglio di protezione antiriflesso.<\/li>\n<li>Profilo cornice: Frame 25 (larghezza del bordo mm. 25).<\/li>\n<li>Formato poster: A4 &#8211; cm. 21 x 29.7<\/li>\n<li>Materiale cornice: alluminio<\/li>\n<li>Materiale fondo: polistyrene.<\/li>\n<li>Colore: alluminio anodizzato.<\/li>\n<li>Area visibile: 19 x 27.7 cm.<\/li>\n<li>Dimensioni effettive cornice: 24 x 32.8 cm.<\/li>\n<li>Peso cornice: 0,42 Kg<\/li>\n<li>Confezione munita di tasselli per il fissaggio a parete.<\/li>\n<\/ol>\n<p>Guarda la versione con angoli vivi a questo <span style=\"color: #ff0000;\"><strong><a style=\"color: #ff0000;\" href=\"https:\/\/www.smartystore.it\/prodotto\/cornice-a-scatto-da-parete-frame-25-angolo-vivo-a4-21x29-7-cm\/\">LINK<\/a> <\/strong><\/span>oppure tutti i modelli disponibili a questo <span style=\"color: #ff0000;\"><strong><a style=\"color: #ff0000;\" href=\"https:\/\/www.smartystore.it\/categoria-prodotto\/cornici-a-scatto\/cornici-a-scatto-1\/\">LINK<\/a><\/strong><\/span><\/p>\n<p>&nbsp;<\/p>\n<p><a href=\"https:\/\/www.smartystore.it\/v25\/wp-content\/uploads\/2013\/11\/STR-CRPT00-01-02-08-04-05-06.25.pdf\" target=\"_blank\" rel=\"noopener\"><img loading=\"lazy\" decoding=\"async\" class=\"alignnone size-full wp-image-93510\" src=\"https:\/\/www.smartystore.it\/v25\/wp-content\/uploads\/2014\/10\/SchedaTecnica-300-e1750084266903.png\" alt=\"\" width=\"249\" height=\"63\"><\/a>[\/vc_column_text][\/vc_column][\/vc_row]<\/p>\n<\/div>","protected":false},"excerpt":{"rendered":"<p>Cornice a scatto da parete formato A4 (21&#215;29.7) con angoli tondi. Disponibili in varie confezioni<\/p>\n","protected":false},"featured_media":59208,"comment_status":"open","ping_status":"closed","template":"","meta":{"_acf_changed":false},"pwb-brand":[],"product_brand":[],"product_cat":[2013,2071],"product_tag":[3199,4968,4969,4972,4974,3200,4965,4967,4966,4971,4970,4973,4976,4975],"class_list":{"0":"post-33517","1":"product","2":"type-product","3":"status-publish","4":"has-post-thumbnail","6":"product_cat-cornici-a-scatto","7":"product_cat-cornici-a-scatto-1","8":"product_tag-cornice-a-scatto-a4","9":"product_tag-cornice-a-scatto-da-parete","10":"product_tag-cornice-a-scatto-in-alluminio-a4","11":"product_tag-cornice-a-scatto-orizzontale-e-verticale","12":"product_tag-cornice-a-scatto-per-poster-a4","13":"product_tag-cornice-clic-clac-a4","14":"product_tag-cornici-a-scatto","15":"product_tag-cornici-a-scatto-a-prezzi-bassi","16":"product_tag-cornici-a-scatto-angolo-tondo-a4","17":"product_tag-cornici-a-scatto-convenienti","18":"product_tag-cornici-a-scatto-da-muro","19":"product_tag-cornici-a-scatto-per-messaggi","20":"product_tag-cornici-clic-clac-angolo-tondo","21":"product_tag-cornici-click-clack-21x30","22":"pa_c2c_angolo-f6-tondo","23":"pa_c2c_color-28-silver","24":"pa_c2c_dimensione-a8-a4-21x297vert","25":"pa_c2c_mono_bifacciale-ca-monofacciale","26":"pa_c2c_trovraprezzi-ae-si","28":"first","29":"instock","30":"taxable","31":"shipping-taxable","32":"purchasable","33":"product-type-variable"},"acf":[],"yoast_head":"<!-- This site is optimized with the Yoast SEO plugin v27.4 - https:\/\/yoast.com\/product\/yoast-seo-wordpress\/ -->\n<title>Cornice a scatto da Parete A4 Angolo tondo Frame 25<\/title>\n<meta name=\"description\" content=\"Cornice a Scatto in Alluminio da Parete A4 21x29.7 Angolo tondo. Acquista le cornici da parete a prezzi bassi come moderni sistemi di comunicazione.\" \/>\n<meta name=\"robots\" content=\"index, follow, max-snippet:-1, max-image-preview:large, max-video-preview:-1\" \/>\n<link rel=\"canonical\" href=\"https:\/\/www.smartystore.it\/it\/prodotto\/cornice-a-scatto-da-parete-frame-25-angolo-tondo-a4-21x29-7-cm\/\" \/>\n<meta property=\"og:locale\" content=\"it_IT\" \/>\n<meta property=\"og:type\" content=\"article\" \/>\n<meta property=\"og:title\" content=\"Cornice a scatto da Parete A4 Angolo tondo Frame 25\" \/>\n<meta property=\"og:description\" content=\"Cornice a Scatto in Alluminio da Parete A4 21x29.7 Angolo tondo. Acquista le cornici da parete a prezzi bassi come moderni sistemi di comunicazione.\" \/>\n<meta property=\"og:url\" content=\"https:\/\/www.smartystore.it\/it\/prodotto\/cornice-a-scatto-da-parete-frame-25-angolo-tondo-a4-21x29-7-cm\/\" \/>\n<meta property=\"og:site_name\" content=\"Smarty Store\" \/>\n<meta property=\"article:modified_time\" content=\"2025-12-04T10:40:23+00:00\" \/>\n<meta property=\"og:image\" content=\"https:\/\/www.smartystore.it\/v25\/wp-content\/uploads\/2014\/03\/Cornice-a-scatto-parete-A4-frame-25-angolo-tondo-cromato-1.jpg\" \/>\n\t<meta property=\"og:image:width\" content=\"1000\" \/>\n\t<meta property=\"og:image:height\" content=\"1000\" \/>\n\t<meta property=\"og:image:type\" content=\"image\/jpeg\" \/>\n<meta name=\"twitter:card\" content=\"summary_large_image\" \/>\n<meta name=\"twitter:label1\" content=\"Tempo di lettura stimato\" \/>\n\t<meta name=\"twitter:data1\" content=\"3 minuti\" \/>\n<script type=\"application\/ld+json\" class=\"yoast-schema-graph\">{\"@context\":\"https:\\\/\\\/schema.org\",\"@graph\":[{\"@type\":\"WebPage\",\"@id\":\"https:\\\/\\\/www.smartystore.it\\\/it\\\/prodotto\\\/cornice-a-scatto-da-parete-frame-25-angolo-tondo-a4-21x29-7-cm\\\/\",\"url\":\"https:\\\/\\\/www.smartystore.it\\\/it\\\/prodotto\\\/cornice-a-scatto-da-parete-frame-25-angolo-tondo-a4-21x29-7-cm\\\/\",\"name\":\"Cornice a scatto da Parete A4 Angolo tondo Frame 25\",\"isPartOf\":{\"@id\":\"https:\\\/\\\/www.smartystore.it\\\/it\\\/#website\"},\"primaryImageOfPage\":{\"@id\":\"https:\\\/\\\/www.smartystore.it\\\/it\\\/prodotto\\\/cornice-a-scatto-da-parete-frame-25-angolo-tondo-a4-21x29-7-cm\\\/#primaryimage\"},\"image\":{\"@id\":\"https:\\\/\\\/www.smartystore.it\\\/it\\\/prodotto\\\/cornice-a-scatto-da-parete-frame-25-angolo-tondo-a4-21x29-7-cm\\\/#primaryimage\"},\"thumbnailUrl\":\"https:\\\/\\\/www.smartystore.it\\\/v25\\\/wp-content\\\/uploads\\\/2014\\\/03\\\/Cornice-a-scatto-parete-A4-frame-25-angolo-tondo-cromato-1.jpg\",\"datePublished\":\"2014-03-20T14:23:28+00:00\",\"dateModified\":\"2025-12-04T10:40:23+00:00\",\"description\":\"Cornice a Scatto in Alluminio da Parete A4 21x29.7 Angolo tondo. Acquista le cornici da parete a prezzi bassi come moderni sistemi di comunicazione.\",\"breadcrumb\":{\"@id\":\"https:\\\/\\\/www.smartystore.it\\\/it\\\/prodotto\\\/cornice-a-scatto-da-parete-frame-25-angolo-tondo-a4-21x29-7-cm\\\/#breadcrumb\"},\"inLanguage\":\"it-IT\",\"potentialAction\":[{\"@type\":\"ReadAction\",\"target\":[\"https:\\\/\\\/www.smartystore.it\\\/it\\\/prodotto\\\/cornice-a-scatto-da-parete-frame-25-angolo-tondo-a4-21x29-7-cm\\\/\"]}]},{\"@type\":\"ImageObject\",\"inLanguage\":\"it-IT\",\"@id\":\"https:\\\/\\\/www.smartystore.it\\\/it\\\/prodotto\\\/cornice-a-scatto-da-parete-frame-25-angolo-tondo-a4-21x29-7-cm\\\/#primaryimage\",\"url\":\"https:\\\/\\\/www.smartystore.it\\\/v25\\\/wp-content\\\/uploads\\\/2014\\\/03\\\/Cornice-a-scatto-parete-A4-frame-25-angolo-tondo-cromato-1.jpg\",\"contentUrl\":\"https:\\\/\\\/www.smartystore.it\\\/v25\\\/wp-content\\\/uploads\\\/2014\\\/03\\\/Cornice-a-scatto-parete-A4-frame-25-angolo-tondo-cromato-1.jpg\",\"width\":1000,\"height\":1000,\"caption\":\"Cornice a Scatto da Parete A4 con angoli tondi\"},{\"@type\":\"BreadcrumbList\",\"@id\":\"https:\\\/\\\/www.smartystore.it\\\/it\\\/prodotto\\\/cornice-a-scatto-da-parete-frame-25-angolo-tondo-a4-21x29-7-cm\\\/#breadcrumb\",\"itemListElement\":[{\"@type\":\"ListItem\",\"position\":1,\"name\":\"Home\",\"item\":\"https:\\\/\\\/www.smartystore.it\\\/it\\\/\"},{\"@type\":\"ListItem\",\"position\":2,\"name\":\"Shop\",\"item\":\"https:\\\/\\\/www.smartystore.it\\\/it\\\/shop\\\/\"},{\"@type\":\"ListItem\",\"position\":3,\"name\":\"Cornice a scatto da parete A4 angolo tondo Frame 25\"}]},{\"@type\":\"WebSite\",\"@id\":\"https:\\\/\\\/www.smartystore.it\\\/it\\\/#website\",\"url\":\"https:\\\/\\\/www.smartystore.it\\\/it\\\/\",\"name\":\"Smarty Store\",\"description\":\"\",\"potentialAction\":[{\"@type\":\"SearchAction\",\"target\":{\"@type\":\"EntryPoint\",\"urlTemplate\":\"https:\\\/\\\/www.smartystore.it\\\/it\\\/?s={search_term_string}\"},\"query-input\":{\"@type\":\"PropertyValueSpecification\",\"valueRequired\":true,\"valueName\":\"search_term_string\"}}],\"inLanguage\":\"it-IT\"}]}<\/script>\n<!-- \/ Yoast SEO plugin. -->","yoast_head_json":{"title":"Cornice a scatto da Parete A4 Angolo tondo Frame 25","description":"Cornice a Scatto in Alluminio da Parete A4 21x29.7 Angolo tondo. Acquista le cornici da parete a prezzi bassi come moderni sistemi di comunicazione.","robots":{"index":"index","follow":"follow","max-snippet":"max-snippet:-1","max-image-preview":"max-image-preview:large","max-video-preview":"max-video-preview:-1"},"canonical":"https:\/\/www.smartystore.it\/it\/prodotto\/cornice-a-scatto-da-parete-frame-25-angolo-tondo-a4-21x29-7-cm\/","og_locale":"it_IT","og_type":"article","og_title":"Cornice a scatto da Parete A4 Angolo tondo Frame 25","og_description":"Cornice a Scatto in Alluminio da Parete A4 21x29.7 Angolo tondo. Acquista le cornici da parete a prezzi bassi come moderni sistemi di comunicazione.","og_url":"https:\/\/www.smartystore.it\/it\/prodotto\/cornice-a-scatto-da-parete-frame-25-angolo-tondo-a4-21x29-7-cm\/","og_site_name":"Smarty Store","article_modified_time":"2025-12-04T10:40:23+00:00","og_image":[{"width":1000,"height":1000,"url":"https:\/\/www.smartystore.it\/v25\/wp-content\/uploads\/2014\/03\/Cornice-a-scatto-parete-A4-frame-25-angolo-tondo-cromato-1.jpg","type":"image\/jpeg"}],"twitter_card":"summary_large_image","twitter_misc":{"Tempo di lettura stimato":"3 minuti"},"schema":{"@context":"https:\/\/schema.org","@graph":[{"@type":"WebPage","@id":"https:\/\/www.smartystore.it\/it\/prodotto\/cornice-a-scatto-da-parete-frame-25-angolo-tondo-a4-21x29-7-cm\/","url":"https:\/\/www.smartystore.it\/it\/prodotto\/cornice-a-scatto-da-parete-frame-25-angolo-tondo-a4-21x29-7-cm\/","name":"Cornice a scatto da Parete A4 Angolo tondo Frame 25","isPartOf":{"@id":"https:\/\/www.smartystore.it\/it\/#website"},"primaryImageOfPage":{"@id":"https:\/\/www.smartystore.it\/it\/prodotto\/cornice-a-scatto-da-parete-frame-25-angolo-tondo-a4-21x29-7-cm\/#primaryimage"},"image":{"@id":"https:\/\/www.smartystore.it\/it\/prodotto\/cornice-a-scatto-da-parete-frame-25-angolo-tondo-a4-21x29-7-cm\/#primaryimage"},"thumbnailUrl":"https:\/\/www.smartystore.it\/v25\/wp-content\/uploads\/2014\/03\/Cornice-a-scatto-parete-A4-frame-25-angolo-tondo-cromato-1.jpg","datePublished":"2014-03-20T14:23:28+00:00","dateModified":"2025-12-04T10:40:23+00:00","description":"Cornice a Scatto in Alluminio da Parete A4 21x29.7 Angolo tondo. Acquista le cornici da parete a prezzi bassi come moderni sistemi di comunicazione.","breadcrumb":{"@id":"https:\/\/www.smartystore.it\/it\/prodotto\/cornice-a-scatto-da-parete-frame-25-angolo-tondo-a4-21x29-7-cm\/#breadcrumb"},"inLanguage":"it-IT","potentialAction":[{"@type":"ReadAction","target":["https:\/\/www.smartystore.it\/it\/prodotto\/cornice-a-scatto-da-parete-frame-25-angolo-tondo-a4-21x29-7-cm\/"]}]},{"@type":"ImageObject","inLanguage":"it-IT","@id":"https:\/\/www.smartystore.it\/it\/prodotto\/cornice-a-scatto-da-parete-frame-25-angolo-tondo-a4-21x29-7-cm\/#primaryimage","url":"https:\/\/www.smartystore.it\/v25\/wp-content\/uploads\/2014\/03\/Cornice-a-scatto-parete-A4-frame-25-angolo-tondo-cromato-1.jpg","contentUrl":"https:\/\/www.smartystore.it\/v25\/wp-content\/uploads\/2014\/03\/Cornice-a-scatto-parete-A4-frame-25-angolo-tondo-cromato-1.jpg","width":1000,"height":1000,"caption":"Cornice a Scatto da Parete A4 con angoli tondi"},{"@type":"BreadcrumbList","@id":"https:\/\/www.smartystore.it\/it\/prodotto\/cornice-a-scatto-da-parete-frame-25-angolo-tondo-a4-21x29-7-cm\/#breadcrumb","itemListElement":[{"@type":"ListItem","position":1,"name":"Home","item":"https:\/\/www.smartystore.it\/it\/"},{"@type":"ListItem","position":2,"name":"Shop","item":"https:\/\/www.smartystore.it\/it\/shop\/"},{"@type":"ListItem","position":3,"name":"Cornice a scatto da parete A4 angolo tondo Frame 25"}]},{"@type":"WebSite","@id":"https:\/\/www.smartystore.it\/it\/#website","url":"https:\/\/www.smartystore.it\/it\/","name":"Smarty Store","description":"","potentialAction":[{"@type":"SearchAction","target":{"@type":"EntryPoint","urlTemplate":"https:\/\/www.smartystore.it\/it\/?s={search_term_string}"},"query-input":{"@type":"PropertyValueSpecification","valueRequired":true,"valueName":"search_term_string"}}],"inLanguage":"it-IT"}]}},"brands":[],"_links":{"self":[{"href":"https:\/\/www.smartystore.it\/it\/wp-json\/wp\/v2\/product\/33517","targetHints":{"allow":["GET"]}}],"collection":[{"href":"https:\/\/www.smartystore.it\/it\/wp-json\/wp\/v2\/product"}],"about":[{"href":"https:\/\/www.smartystore.it\/it\/wp-json\/wp\/v2\/types\/product"}],"replies":[{"embeddable":true,"href":"https:\/\/www.smartystore.it\/it\/wp-json\/wp\/v2\/comments?post=33517"}],"wp:featuredmedia":[{"embeddable":true,"href":"https:\/\/www.smartystore.it\/it\/wp-json\/wp\/v2\/media\/59208"}],"wp:attachment":[{"href":"https:\/\/www.smartystore.it\/it\/wp-json\/wp\/v2\/media?parent=33517"}],"wp:term":[{"taxonomy":"pwb-brand","embeddable":true,"href":"https:\/\/www.smartystore.it\/it\/wp-json\/wp\/v2\/pwb-brand?post=33517"},{"taxonomy":"product_brand","embeddable":true,"href":"https:\/\/www.smartystore.it\/it\/wp-json\/wp\/v2\/product_brand?post=33517"},{"taxonomy":"product_cat","embeddable":true,"href":"https:\/\/www.smartystore.it\/it\/wp-json\/wp\/v2\/product_cat?post=33517"},{"taxonomy":"product_tag","embeddable":true,"href":"https:\/\/www.smartystore.it\/it\/wp-json\/wp\/v2\/product_tag?post=33517"}],"curies":[{"name":"wp","href":"https:\/\/api.w.org\/{rel}","templated":true}]}}