{"id":32409,"date":"2013-07-20T17:06:16","date_gmt":"2013-07-20T17:06:16","guid":{"rendered":"https:\/\/www.smartystore.it\/prodotto\/cornice-a-scatto-da-parete-con-illuminazione-a-led\/"},"modified":"2026-04-20T14:17:54","modified_gmt":"2026-04-20T12:17:54","slug":"cornice-a-scatto-con-illuminazione-a-led","status":"publish","type":"product","link":"https:\/\/www.smartystore.it\/it\/prodotto\/cornice-a-scatto-con-illuminazione-a-led\/","title":{"rendered":"Cornice a scatto con illuminazione a LED"},"content":{"rendered":"<div class=\"wpb-content-wrapper\"><p>[vc_row][vc_column][vc_column_text css=&#8221;&#8221; css_params=&#8221;&#8221;]<\/p>\n<h1>Cornice a Scatto con Illuminazione a LED: Estetica e Funzionalit\u00e0 per la Tua Attivit\u00e0<\/h1>\n<p>La nostra cornice a scatto con illuminazione a LED rappresenta una soluzione innovativa e pratica per comunicare in modo efficace informazioni essenziali, sia all&#8217;interno che all&#8217;esterno della tua attivit\u00e0. Questa bacheca a muro \u00e8 progettata per garantire una visibilit\u00e0 ottimale, permettendo di esporre messaggi, men\u00f9 o promozioni in modo accattivante e professionale.<\/p>\n<p>Immagina di gestire un ristorante e di voler presentare il tuo men\u00f9 in modo che i passanti possano facilmente leggerlo, anche nelle ore serali. Grazie alla retroilluminazione LED, i tuoi clienti potranno vedere chiaramente le pietanze offerte, stimolando la loro curiosit\u00e0 e invogliandoli a varcare la soglia del tuo locale. L\u2019illuminazione LED non solo rende i tuoi contenuti pi\u00f9 visibili, ma conferisce anche un tocco moderno e elegante al tuo spazio.<\/p>\n<h2>Cornice a Scatto con Illuminazione a LED: tanti formati per ogni necessit\u00e0<\/h2>\n<p>Le nostre cornici sono disponibili in tanti formati, dalla piccola A4 fino alla grande 100&#215;140 e i formati <strong>70&#215;100 e 100&#215;140<\/strong> cm e sono disponibili anche nella versione <strong>bifacciale<\/strong>, ideale per esposizioni che richiedono visibilit\u00e0 da entrambi i lati. Questo approccio versatile significa che puoi adattare la cornice in base alle esigenze specifiche della tua attivit\u00e0, massimizzando l&#8217;impatto visivo anche in aree ad alta affluenza.<\/p>\n<p>Uno dei punti di forza della nostra soluzione rimane l&#8217;efficienza energetica. Il sistema a LED offre un notevole risparmio energetico, consumando circa il 70% in meno rispetto alle tradizionali cornici luminose. Oltre a garantire una luminosit\u00e0 omogenea, questo contribuisce a ridurre i costi operativi complessivi, rendendo la nostra cornice una scelta eco-sostenibile.<\/p>\n<p>In sintesi, la cornice a scatto con illuminazione a LED di Smartystore \u00e8 una soluzione ideale per chi desidera combinare estetica e funzionalit\u00e0, utilizzando al meglio la comunicazione visiva nelle proprie attivit\u00e0 commerciali ed \u00e8 disponibile in tanti formati a prezzi molto competitivi. Scegli di distinguerti e attirare l\u2019attenzione con un prodotto di alta qualit\u00e0 e performance!<\/p>\n<h3><\/h3>\n<h3>CARATTERISTICHE<\/h3>\n<ul>\n<li>Apertura a scatto per un facile cambio di contenuto.<\/li>\n<li>Design ultrasottile con uno spessore di soli 2.7 cm.<\/li>\n<li>Profilo cornice elegante di 3 cm.<\/li>\n<li>Protezione in PVC anti-riflesso per una visibilit\u00e0 impeccabile.<\/li>\n<li>Cavi elettrici e alimentatore inclusi per una rapida installazione.<\/li>\n<li>Colore LED 5000K per le cornici fino al formato 50&#215;70 cm<\/li>\n<li>Colore LED 6500K per le cornici con formato 70&#215;100 cm e 100&#215;140 cm.<\/li>\n<li>Certificazione integrale CE.<\/li>\n<\/ul>\n<p>&nbsp;<\/p>\n<p>Disponibili in vari formati:<\/p>\n<table style=\"background-color: #ffffff; width: 90.0622%; height: 312px; border: 2px solid #817e80;\" border=\"2\">\n<tbody>\n<tr style=\"height: 48px;\">\n<td style=\"width: 24.8826%; height: 48px;\"><strong>CODICE PRODOTTO<\/strong><\/td>\n<td style=\"width: 11.7371%; text-align: center; height: 48px;\"><strong>F.TO POSTER<\/strong><\/td>\n<td style=\"width: 12.989%; text-align: center; height: 48px;\"><strong>F.TO VISIBILE<\/strong><\/td>\n<td style=\"width: 16.6847%; text-align: center; height: 48px;\"><strong>DIMENSIONE CORNICE<\/strong><\/td>\n<td style=\"width: 13.1389%; text-align: center; height: 48px;\"><strong>POTENZA LED<\/strong><\/td>\n<td style=\"width: 10.826%; text-align: center; height: 48px;\"><strong>PESO CORNICE<\/strong><\/td>\n<td style=\"width: 76.9085%; height: 48px;\"><strong>\u00a0<\/strong><\/td>\n<\/tr>\n<tr style=\"height: 24px;\">\n<td style=\"width: 24.8826%; height: 24px;\"><strong>STR-LEDLITE01\/S<\/strong><\/td>\n<td style=\"text-align: center; width: 11.7371%; height: 24px;\">A4<\/td>\n<td style=\"text-align: center; width: 12.989%; height: 24px;\">198&#215;285 mm<\/td>\n<td style=\"text-align: center; width: 16.6847%; height: 24px;\">252&#215;339 mm<\/td>\n<td style=\"text-align: center; width: 13.1389%; height: 24px;\">12W<\/td>\n<td style=\"text-align: center; width: 10.826%; height: 24px;\">1,3 Kg<\/td>\n<td style=\"text-align: center; width: 76.9085%; height: 24px;\"><\/td>\n<\/tr>\n<tr style=\"height: 24px;\">\n<td style=\"width: 24.8826%; height: 24px;\"><strong>STR-LEDLITE02\/S<\/strong><\/td>\n<td style=\"text-align: center; width: 11.7371%; height: 24px;\">A3<\/td>\n<td style=\"text-align: center; width: 12.989%; height: 24px;\">285&#215;408 mm<\/td>\n<td style=\"text-align: center; width: 16.6847%; height: 24px;\">339&#215;462 mm<\/td>\n<td style=\"text-align: center; width: 13.1389%; height: 24px;\">12W<\/td>\n<td style=\"text-align: center; width: 10.826%; height: 24px;\">2,0 Kg<\/td>\n<td style=\"text-align: center; width: 76.9085%; height: 24px;\"><\/td>\n<\/tr>\n<tr style=\"height: 24px;\">\n<td style=\"width: 24.8826%; height: 24px;\"><strong>STR-LEDLITE03\/S<\/strong><\/td>\n<td style=\"text-align: center; width: 11.7371%; height: 24px;\">A2<\/td>\n<td style=\"text-align: center; width: 12.989%; height: 24px;\">408&#215;582 mm<\/td>\n<td style=\"text-align: center; width: 16.6847%; height: 24px;\">462&#215;636 mm<\/td>\n<td style=\"text-align: center; width: 13.1389%; height: 24px;\">24W<\/td>\n<td style=\"text-align: center; width: 10.826%; height: 24px;\">3,3 Kg<\/td>\n<td style=\"text-align: center; width: 76.9085%; height: 24px;\"><\/td>\n<\/tr>\n<tr style=\"height: 24px;\">\n<td style=\"width: 24.8826%; height: 24px;\"><strong>STR-LEDLITE04\/S<\/strong><\/td>\n<td style=\"text-align: center; width: 11.7371%; height: 24px;\">A1<\/td>\n<td style=\"text-align: center; width: 12.989%; height: 24px;\">582&#215;829 mm<\/td>\n<td style=\"text-align: center; width: 16.6847%; height: 24px;\">636&#215;883 mm<\/td>\n<td style=\"text-align: center; width: 13.1389%; height: 24px;\">24W<\/td>\n<td style=\"text-align: center; width: 10.826%; height: 24px;\">5,5 Kg<\/td>\n<td style=\"text-align: center; width: 76.9085%; height: 24px;\"><\/td>\n<\/tr>\n<tr style=\"height: 24px;\">\n<td style=\"width: 24.8826%; height: 24px;\"><strong>STR-LEDLITE06\/S<\/strong><\/td>\n<td style=\"text-align: center; width: 11.7371%; height: 24px;\">50&#215;70<\/td>\n<td style=\"text-align: center; width: 12.989%; height: 24px;\">488&#215;688 mm<\/td>\n<td style=\"text-align: center; width: 16.6847%; height: 24px;\">542&#215;742 mm<\/td>\n<td style=\"text-align: center; width: 13.1389%; height: 24px;\">24W<\/td>\n<td style=\"text-align: center; width: 10.826%; height: 24px;\">4,20 Kg<\/td>\n<td style=\"text-align: center; width: 76.9085%; height: 24px;\"><\/td>\n<\/tr>\n<tr style=\"height: 24px;\">\n<td style=\"width: 24.8826%; height: 24px;\"><strong>STR-LEDLITE70x100<\/strong><\/td>\n<td style=\"text-align: center; width: 11.7371%; height: 24px;\">70&#215;100<\/td>\n<td style=\"text-align: center; width: 12.989%; height: 24px;\">680&#215;980 mm<\/td>\n<td style=\"text-align: center; width: 16.6847%; height: 24px;\">735&#215;1030 mm<\/td>\n<td style=\"text-align: center; width: 13.1389%; height: 24px;\">36W<\/td>\n<td style=\"text-align: center; width: 10.826%; height: 24px;\">7,10 Kg<\/td>\n<td style=\"text-align: center; width: 76.9085%; height: 24px;\"><\/td>\n<\/tr>\n<tr style=\"height: 96px;\">\n<td style=\"width: 24.8826%; height: 96px;\"><strong>STR-LEDLITE70x100\/BIF<\/strong><\/td>\n<td style=\"text-align: center; width: 11.7371%; height: 96px;\">(2x)70&#215;100<\/td>\n<td style=\"text-align: center; width: 12.989%; height: 96px;\">680&#215;980 mm<\/td>\n<td style=\"text-align: center; width: 16.6847%; height: 96px;\">735&#215;1030 mm<\/td>\n<td style=\"text-align: center; width: 13.1389%; height: 96px;\">36W<\/td>\n<td style=\"text-align: center; width: 10.826%; height: 96px;\">13,80 Kg<\/td>\n<td style=\"text-align: center; width: 76.9085%; height: 96px;\">modello bifacciale sospeso con cavetti inclusi<\/td>\n<\/tr>\n<tr style=\"height: 96px;\">\n<td style=\"width: 24.8826%; height: 96px;\"><strong>STR-LEDLITE100x70\/BIF<\/strong><\/td>\n<td style=\"text-align: center; width: 11.7371%; height: 96px;\">(2x)100&#215;70<\/td>\n<td style=\"text-align: center; width: 12.989%; height: 96px;\">980&#215;680 mm<\/td>\n<td style=\"text-align: center; width: 16.6847%; height: 96px;\">1030&#215;735 mm<\/td>\n<td style=\"text-align: center; width: 13.1389%; height: 96px;\">36W<\/td>\n<td style=\"text-align: center; width: 10.826%; height: 96px;\">13,80 Kg<\/td>\n<td style=\"text-align: center; width: 76.9085%; height: 96px;\">modello bifacciale sospeso con cavetti inclusi<\/td>\n<\/tr>\n<tr style=\"height: 24px;\">\n<td style=\"width: 24.8826%; height: 24px;\"><strong>STR-LEDLITE100x140<\/strong><\/td>\n<td style=\"text-align: center; width: 11.7371%; height: 24px;\">100&#215;140<\/td>\n<td style=\"text-align: center; width: 12.989%; height: 24px;\">981&#215;1381 mm<\/td>\n<td style=\"text-align: center; width: 16.6847%; height: 24px;\">1436&#215;1037 mm<\/td>\n<td style=\"text-align: center; width: 13.1389%; height: 24px;\">60W<\/td>\n<td style=\"text-align: center; width: 10.826%; height: 24px;\">11,20 Kg<\/td>\n<td style=\"text-align: center; width: 76.9085%; height: 24px;\"><\/td>\n<\/tr>\n<tr style=\"height: 96px;\">\n<td style=\"width: 24.8826%; height: 96px;\"><strong>STR-LEDLITE140x100\/BIF<\/strong><\/td>\n<td style=\"text-align: center; width: 11.7371%; height: 96px;\">(2x)140&#215;100<\/td>\n<td style=\"text-align: center; width: 12.989%; height: 96px;\">1381&#215;981 mm<\/td>\n<td style=\"text-align: center; width: 16.6847%; height: 96px;\">1037&#215;1436 mm<\/td>\n<td style=\"text-align: center; width: 13.1389%; height: 96px;\">60W<\/td>\n<td style=\"text-align: center; width: 10.826%; height: 96px;\">15,00 Kg<\/td>\n<td style=\"text-align: center; width: 76.9085%; height: 96px;\">modello bifacciale sospeso con cavetti inclusi<\/td>\n<\/tr>\n<tr>\n<td style=\"width: 24.8826%;\"><strong>STR-LEDLITE100x140\/BIF<\/strong><\/td>\n<td style=\"text-align: center; width: 11.7371%;\">(2x)100&#215;140<\/td>\n<td style=\"text-align: center; width: 12.989%;\">981&#215;1381 mm<\/td>\n<td style=\"text-align: center; width: 16.6847%;\">1436&#215;1037 mm<\/td>\n<td style=\"text-align: center; width: 13.1389%;\">60W<\/td>\n<td style=\"text-align: center; width: 10.826%;\">15,00 Kg<\/td>\n<td style=\"text-align: center; width: 76.9085%;\">modello bifacciale sospeso con cavetti inclusi<\/td>\n<\/tr>\n<\/tbody>\n<\/table>\n<p>&nbsp;<\/p>\n<table class=\" alignleft\" style=\"width: 936px; border-collapse: collapse; border-style: double; border-color: #f7a500; height: 110px;\">\n<tbody>\n<tr>\n<td style=\"width: 100%;\"><strong><a href=\"https:\/\/www.smartystore.it\/v25\/wp-content\/uploads\/2024\/10\/STR-LEDLITE01S-02S-03S-04S-06S.pdf\" target=\"_blank\" rel=\"noopener\"><img loading=\"lazy\" decoding=\"async\" class=\"alignnone size-full wp-image-93672\" src=\"https:\/\/www.smartystore.it\/v25\/wp-content\/uploads\/2023\/11\/LogoDownload_yellow.jpg\" alt=\"\" width=\"50\" height=\"50\" \/><\/a>\u00a0 \u00a0SCHEDA TECNICA PER CORNICI FINO AL FORMATO 50&#215;70 CM.<\/strong><\/td>\n<\/tr>\n<tr>\n<td style=\"width: 100%;\"><strong><a href=\"https:\/\/www.smartystore.it\/v25\/wp-content\/uploads\/2024\/10\/STR-LEDLITE70x100-70x100BIF-100x140-100x140BIF.pdf\" target=\"_blank\" rel=\"noopener\"><img loading=\"lazy\" decoding=\"async\" class=\"alignnone size-full wp-image-93672\" src=\"https:\/\/www.smartystore.it\/v25\/wp-content\/uploads\/2023\/11\/LogoDownload_yellow.jpg\" alt=\"\" width=\"50\" height=\"50\" \/><\/a>\u00a0<a href=\"https:\/\/www.smartystore.it\/v25\/wp-content\/uploads\/2024\/10\/STR-LEDLITE70x100-70x100BIF-100x140-100x140BIF.pdf\" target=\"_blank\" rel=\"noopener\">SCHEDA TECNICA PER CORNICI FORMATO 70&#215;100 E 100&#215;140 CM.<\/a><\/strong><\/td>\n<\/tr>\n<\/tbody>\n<\/table>\n<p>&nbsp;<\/p>\n<\/div>","protected":false},"excerpt":{"rendered":"<p>Cornici a scatto per interno con retroilluminazione LED. Disponibile in vari formati e nella versione monofacciale e bifacciale per i formati 70&#215;100 cm. e 100&#215;140 cm<\/p>\n","protected":false},"featured_media":64308,"comment_status":"open","ping_status":"closed","template":"","meta":{"_acf_changed":false},"pwb-brand":[],"product_brand":[],"product_cat":[2013,2071,2123],"product_tag":[6349,6345,6343,7251,6346,6344,6348,6347,4782,4781],"class_list":{"0":"post-32409","1":"product","2":"type-product","3":"status-publish","4":"has-post-thumbnail","6":"product_cat-cornici-a-scatto","7":"product_cat-cornici-a-scatto-1","8":"product_cat-cornici-luminose","9":"product_tag-cornice-a-scatto-70x100-illuminate-per-messaggi-da-vetrina","10":"product_tag-cornice-a-scatto-bifacciale-led-per-messaggi-luminosi","11":"product_tag-cornice-a-scatto-con-illuminazione-a-led","12":"product_tag-cornici-a-scatto-a-led","13":"product_tag-cornici-a-scatto-a4-luminosa","14":"product_tag-cornici-a-scatto-luminose-per-messaggi","15":"product_tag-porta-messaggi-100x140-bifacciali-luminosi-a-led","16":"product_tag-porta-messaggi-luminosi-70x100","17":"product_tag-porta-messaggi-luminosi-da-vetrina","18":"product_tag-porta-messaggi-luminosi-led","19":"pa_c2c_color-28-silver","20":"pa_c2c_dimensione-49-a1-60x84","21":"pa_c2c_dimensione-39-a2-42x60","22":"pa_c2c_dimensione-ea-a3-30x42","23":"pa_c2c_dimensione-76-a4-21x297","24":"pa_c2c_dimensione-cm-100x140-bifacciale","25":"pa_c2c_dimensione-cm-100x140-monofacciale","26":"pa_c2c_dimensione-cm-100x70-bifacciale","27":"pa_c2c_dimensione-cm-140x100-bifacciale","28":"pa_c2c_dimensione-cm-50x70","29":"pa_c2c_dimensione-cm-70x100-bifacciale","30":"pa_c2c_dimensione-cm-70x100-monofacciale","31":"pa_c2c_mono_bifacciale-19-bifacciale","32":"pa_c2c_mono_bifacciale-ca-monofacciale","33":"pa_c2c_trovraprezzi-ae-si","35":"first","36":"instock","37":"taxable","38":"shipping-taxable","39":"purchasable","40":"product-type-variable"},"acf":[],"yoast_head":"<!-- This site is optimized with the Yoast SEO plugin v27.4 - https:\/\/yoast.com\/product\/yoast-seo-wordpress\/ -->\n<title>Cornice a scatto con illuminazione a LED - Smarty Store<\/title>\n<meta name=\"description\" content=\"Cornice a Scatto da Parete con Illuminazione a LED. Sfrutta le potenzialit\u00e0 pubblicitarie delle cornici a scatto disponibili in vari formati.\" \/>\n<meta name=\"robots\" content=\"index, follow, max-snippet:-1, max-image-preview:large, max-video-preview:-1\" \/>\n<link rel=\"canonical\" href=\"https:\/\/www.smartystore.it\/it\/prodotto\/cornice-a-scatto-con-illuminazione-a-led\/\" \/>\n<meta property=\"og:locale\" content=\"it_IT\" \/>\n<meta property=\"og:type\" content=\"article\" \/>\n<meta property=\"og:title\" content=\"Cornice a scatto con illuminazione a LED - Smarty Store\" \/>\n<meta property=\"og:description\" content=\"Cornice a Scatto da Parete con Illuminazione a LED. Sfrutta le potenzialit\u00e0 pubblicitarie delle cornici a scatto disponibili in vari formati.\" \/>\n<meta property=\"og:url\" content=\"https:\/\/www.smartystore.it\/it\/prodotto\/cornice-a-scatto-con-illuminazione-a-led\/\" \/>\n<meta property=\"og:site_name\" content=\"Smarty Store\" \/>\n<meta property=\"article:modified_time\" content=\"2026-04-20T12:17:54+00:00\" \/>\n<meta property=\"og:image\" content=\"https:\/\/www.smartystore.it\/v25\/wp-content\/uploads\/2013\/07\/Cornice-a-scatto-monofacciale-LED.jpg\" \/>\n\t<meta property=\"og:image:width\" content=\"1000\" \/>\n\t<meta property=\"og:image:height\" content=\"1000\" \/>\n\t<meta property=\"og:image:type\" content=\"image\/jpeg\" \/>\n<meta name=\"twitter:card\" content=\"summary_large_image\" \/>\n<meta name=\"twitter:label1\" content=\"Tempo di lettura stimato\" \/>\n\t<meta name=\"twitter:data1\" content=\"4 minuti\" \/>\n<script type=\"application\/ld+json\" class=\"yoast-schema-graph\">{\"@context\":\"https:\\\/\\\/schema.org\",\"@graph\":[{\"@type\":\"WebPage\",\"@id\":\"https:\\\/\\\/www.smartystore.it\\\/it\\\/prodotto\\\/cornice-a-scatto-con-illuminazione-a-led\\\/\",\"url\":\"https:\\\/\\\/www.smartystore.it\\\/it\\\/prodotto\\\/cornice-a-scatto-con-illuminazione-a-led\\\/\",\"name\":\"Cornice a scatto con illuminazione a LED - Smarty Store\",\"isPartOf\":{\"@id\":\"https:\\\/\\\/www.smartystore.it\\\/it\\\/#website\"},\"primaryImageOfPage\":{\"@id\":\"https:\\\/\\\/www.smartystore.it\\\/it\\\/prodotto\\\/cornice-a-scatto-con-illuminazione-a-led\\\/#primaryimage\"},\"image\":{\"@id\":\"https:\\\/\\\/www.smartystore.it\\\/it\\\/prodotto\\\/cornice-a-scatto-con-illuminazione-a-led\\\/#primaryimage\"},\"thumbnailUrl\":\"https:\\\/\\\/www.smartystore.it\\\/v25\\\/wp-content\\\/uploads\\\/2013\\\/07\\\/Cornice-a-scatto-monofacciale-LED.jpg\",\"datePublished\":\"2013-07-20T17:06:16+00:00\",\"dateModified\":\"2026-04-20T12:17:54+00:00\",\"description\":\"Cornice a Scatto da Parete con Illuminazione a LED. Sfrutta le potenzialit\u00e0 pubblicitarie delle cornici a scatto disponibili in vari formati.\",\"breadcrumb\":{\"@id\":\"https:\\\/\\\/www.smartystore.it\\\/it\\\/prodotto\\\/cornice-a-scatto-con-illuminazione-a-led\\\/#breadcrumb\"},\"inLanguage\":\"it-IT\",\"potentialAction\":[{\"@type\":\"ReadAction\",\"target\":[\"https:\\\/\\\/www.smartystore.it\\\/it\\\/prodotto\\\/cornice-a-scatto-con-illuminazione-a-led\\\/\"]}]},{\"@type\":\"ImageObject\",\"inLanguage\":\"it-IT\",\"@id\":\"https:\\\/\\\/www.smartystore.it\\\/it\\\/prodotto\\\/cornice-a-scatto-con-illuminazione-a-led\\\/#primaryimage\",\"url\":\"https:\\\/\\\/www.smartystore.it\\\/v25\\\/wp-content\\\/uploads\\\/2013\\\/07\\\/Cornice-a-scatto-monofacciale-LED.jpg\",\"contentUrl\":\"https:\\\/\\\/www.smartystore.it\\\/v25\\\/wp-content\\\/uploads\\\/2013\\\/07\\\/Cornice-a-scatto-monofacciale-LED.jpg\",\"width\":1000,\"height\":1000,\"caption\":\"Cornice a scatto da parete con illuminazione a LED\"},{\"@type\":\"BreadcrumbList\",\"@id\":\"https:\\\/\\\/www.smartystore.it\\\/it\\\/prodotto\\\/cornice-a-scatto-con-illuminazione-a-led\\\/#breadcrumb\",\"itemListElement\":[{\"@type\":\"ListItem\",\"position\":1,\"name\":\"Home\",\"item\":\"https:\\\/\\\/www.smartystore.it\\\/it\\\/\"},{\"@type\":\"ListItem\",\"position\":2,\"name\":\"Shop\",\"item\":\"https:\\\/\\\/www.smartystore.it\\\/it\\\/shop\\\/\"},{\"@type\":\"ListItem\",\"position\":3,\"name\":\"Cornice a scatto con illuminazione a LED\"}]},{\"@type\":\"WebSite\",\"@id\":\"https:\\\/\\\/www.smartystore.it\\\/it\\\/#website\",\"url\":\"https:\\\/\\\/www.smartystore.it\\\/it\\\/\",\"name\":\"Smarty Store\",\"description\":\"\",\"potentialAction\":[{\"@type\":\"SearchAction\",\"target\":{\"@type\":\"EntryPoint\",\"urlTemplate\":\"https:\\\/\\\/www.smartystore.it\\\/it\\\/?s={search_term_string}\"},\"query-input\":{\"@type\":\"PropertyValueSpecification\",\"valueRequired\":true,\"valueName\":\"search_term_string\"}}],\"inLanguage\":\"it-IT\"}]}<\/script>\n<!-- \/ Yoast SEO plugin. -->","yoast_head_json":{"title":"Cornice a scatto con illuminazione a LED - Smarty Store","description":"Cornice a Scatto da Parete con Illuminazione a LED. Sfrutta le potenzialit\u00e0 pubblicitarie delle cornici a scatto disponibili in vari formati.","robots":{"index":"index","follow":"follow","max-snippet":"max-snippet:-1","max-image-preview":"max-image-preview:large","max-video-preview":"max-video-preview:-1"},"canonical":"https:\/\/www.smartystore.it\/it\/prodotto\/cornice-a-scatto-con-illuminazione-a-led\/","og_locale":"it_IT","og_type":"article","og_title":"Cornice a scatto con illuminazione a LED - Smarty Store","og_description":"Cornice a Scatto da Parete con Illuminazione a LED. Sfrutta le potenzialit\u00e0 pubblicitarie delle cornici a scatto disponibili in vari formati.","og_url":"https:\/\/www.smartystore.it\/it\/prodotto\/cornice-a-scatto-con-illuminazione-a-led\/","og_site_name":"Smarty Store","article_modified_time":"2026-04-20T12:17:54+00:00","og_image":[{"width":1000,"height":1000,"url":"https:\/\/www.smartystore.it\/v25\/wp-content\/uploads\/2013\/07\/Cornice-a-scatto-monofacciale-LED.jpg","type":"image\/jpeg"}],"twitter_card":"summary_large_image","twitter_misc":{"Tempo di lettura stimato":"4 minuti"},"schema":{"@context":"https:\/\/schema.org","@graph":[{"@type":"WebPage","@id":"https:\/\/www.smartystore.it\/it\/prodotto\/cornice-a-scatto-con-illuminazione-a-led\/","url":"https:\/\/www.smartystore.it\/it\/prodotto\/cornice-a-scatto-con-illuminazione-a-led\/","name":"Cornice a scatto con illuminazione a LED - Smarty Store","isPartOf":{"@id":"https:\/\/www.smartystore.it\/it\/#website"},"primaryImageOfPage":{"@id":"https:\/\/www.smartystore.it\/it\/prodotto\/cornice-a-scatto-con-illuminazione-a-led\/#primaryimage"},"image":{"@id":"https:\/\/www.smartystore.it\/it\/prodotto\/cornice-a-scatto-con-illuminazione-a-led\/#primaryimage"},"thumbnailUrl":"https:\/\/www.smartystore.it\/v25\/wp-content\/uploads\/2013\/07\/Cornice-a-scatto-monofacciale-LED.jpg","datePublished":"2013-07-20T17:06:16+00:00","dateModified":"2026-04-20T12:17:54+00:00","description":"Cornice a Scatto da Parete con Illuminazione a LED. Sfrutta le potenzialit\u00e0 pubblicitarie delle cornici a scatto disponibili in vari formati.","breadcrumb":{"@id":"https:\/\/www.smartystore.it\/it\/prodotto\/cornice-a-scatto-con-illuminazione-a-led\/#breadcrumb"},"inLanguage":"it-IT","potentialAction":[{"@type":"ReadAction","target":["https:\/\/www.smartystore.it\/it\/prodotto\/cornice-a-scatto-con-illuminazione-a-led\/"]}]},{"@type":"ImageObject","inLanguage":"it-IT","@id":"https:\/\/www.smartystore.it\/it\/prodotto\/cornice-a-scatto-con-illuminazione-a-led\/#primaryimage","url":"https:\/\/www.smartystore.it\/v25\/wp-content\/uploads\/2013\/07\/Cornice-a-scatto-monofacciale-LED.jpg","contentUrl":"https:\/\/www.smartystore.it\/v25\/wp-content\/uploads\/2013\/07\/Cornice-a-scatto-monofacciale-LED.jpg","width":1000,"height":1000,"caption":"Cornice a scatto da parete con illuminazione a LED"},{"@type":"BreadcrumbList","@id":"https:\/\/www.smartystore.it\/it\/prodotto\/cornice-a-scatto-con-illuminazione-a-led\/#breadcrumb","itemListElement":[{"@type":"ListItem","position":1,"name":"Home","item":"https:\/\/www.smartystore.it\/it\/"},{"@type":"ListItem","position":2,"name":"Shop","item":"https:\/\/www.smartystore.it\/it\/shop\/"},{"@type":"ListItem","position":3,"name":"Cornice a scatto con illuminazione a LED"}]},{"@type":"WebSite","@id":"https:\/\/www.smartystore.it\/it\/#website","url":"https:\/\/www.smartystore.it\/it\/","name":"Smarty Store","description":"","potentialAction":[{"@type":"SearchAction","target":{"@type":"EntryPoint","urlTemplate":"https:\/\/www.smartystore.it\/it\/?s={search_term_string}"},"query-input":{"@type":"PropertyValueSpecification","valueRequired":true,"valueName":"search_term_string"}}],"inLanguage":"it-IT"}]}},"brands":[],"_links":{"self":[{"href":"https:\/\/www.smartystore.it\/it\/wp-json\/wp\/v2\/product\/32409","targetHints":{"allow":["GET"]}}],"collection":[{"href":"https:\/\/www.smartystore.it\/it\/wp-json\/wp\/v2\/product"}],"about":[{"href":"https:\/\/www.smartystore.it\/it\/wp-json\/wp\/v2\/types\/product"}],"replies":[{"embeddable":true,"href":"https:\/\/www.smartystore.it\/it\/wp-json\/wp\/v2\/comments?post=32409"}],"wp:featuredmedia":[{"embeddable":true,"href":"https:\/\/www.smartystore.it\/it\/wp-json\/wp\/v2\/media\/64308"}],"wp:attachment":[{"href":"https:\/\/www.smartystore.it\/it\/wp-json\/wp\/v2\/media?parent=32409"}],"wp:term":[{"taxonomy":"pwb-brand","embeddable":true,"href":"https:\/\/www.smartystore.it\/it\/wp-json\/wp\/v2\/pwb-brand?post=32409"},{"taxonomy":"product_brand","embeddable":true,"href":"https:\/\/www.smartystore.it\/it\/wp-json\/wp\/v2\/product_brand?post=32409"},{"taxonomy":"product_cat","embeddable":true,"href":"https:\/\/www.smartystore.it\/it\/wp-json\/wp\/v2\/product_cat?post=32409"},{"taxonomy":"product_tag","embeddable":true,"href":"https:\/\/www.smartystore.it\/it\/wp-json\/wp\/v2\/product_tag?post=32409"}],"curies":[{"name":"wp","href":"https:\/\/api.w.org\/{rel}","templated":true}]}}