{"id":32301,"date":"2013-06-05T22:22:23","date_gmt":"2013-06-05T22:22:23","guid":{"rendered":"https:\/\/www.smartystore.it\/prodotto\/lavagna-linea-sughero\/"},"modified":"2026-04-19T10:40:33","modified_gmt":"2026-04-19T08:40:33","slug":"lavagna-linea-sughero","status":"publish","type":"product","link":"https:\/\/www.smartystore.it\/it\/prodotto\/lavagna-linea-sughero\/","title":{"rendered":"Lavagna linea Sughero"},"content":{"rendered":"<div class=\"wpb-content-wrapper\"><p>[vc_row][vc_column][vc_column_text css=&#8221;&#8221; css_params=&#8221;&#8221;]<\/p>\n<h1>Lavagna in Sughero<\/h1>\n<p>La lavagna in Sughero&nbsp;da parete presenta un design elegante e funzionale, realizzata con una robusta struttura in alluminio anodizzato silver. I suoi angoli sono dotati di protezioni in ABS, garanti della massima sicurezza e durata nel tempo. Questa lavagna \u00e8 progettata per rispondere alle diverse esigenze di utilizzo, assicurando un&#8217;ottima versatilit\u00e0.<\/p>\n<p>La superficie in sughero consente di appuntare documenti o note grazie all&#8217;uso di puntine ferma fogli, disponibili a parte. Questa soluzione permette di organizzare al meglio le informazioni visive, rendendole facilmente accessibili e ben visibili. Inoltre, la lavagna si distingue per la sua capacit\u00e0 di adattabilit\u00e0 a vari contesti, essendo posizionabile sia in verticale che in orizzontale, il che la rende ideale per ambienti di lavoro, aule scolastiche o spazi creativi.<\/p>\n<p>Lavagna in Sughero: una dimensione per ogni esigenza<\/p>\n<p>Disponibile in cinque diverse dimensioni, questa lavagna si adatta perfettamente a qualsiasi spazio, permettendo di scegliere la soluzione pi\u00f9 idonea in base alle proprie necessit\u00e0. Ogni dimensione \u00e8 pensata per ottimizzare l&#8217;uso dello spazio disponibile, garantendo sempre un&#8217;adeguata visibilit\u00e0 delle informazioni esposte.<\/p>\n<p>Il kit per il fissaggio a muro \u00e8 incluso, facilitando cos\u00ec l&#8217;installazione immediata e sicura del prodotto. La combinazione di materiali di alta qualit\u00e0 e design funzionale rende questa lavagna da parete un elemento imprescindibile per chi desidera organizzare le proprie idee e comunicare efficacemente in qualsiasi ambiente. Scegliere questa lavagna significa investire in un accessorio pratico e duraturo, capace di migliorare l&#8217;efficienza e l&#8217;estetica degli spazi di lavoro e di studio.<\/p>\n<p><strong>CARATTERISTICHE:<\/strong><\/p>\n<ul>\n<li>Lavagna con fondo in sughero<\/li>\n<li>Superficie utilizzabile con puntine ferma fogli (<a href=\"https:\/\/www.smartystore.it\/prodotto\/puntine-fermafogli-100-pz\/\" target=\"_blank\" rel=\"noopener\"><strong>STR-BOARD\/PU<\/strong><\/a>) e spilli colorati (<strong><a href=\"https:\/\/www.smartystore.it\/prodotto\/spilli-colorati-fermafogli-per-lavagne-100-pz\/\" target=\"_blank\" rel=\"noopener\">STR-BOARD\/SP<\/a><\/strong>)<\/li>\n<li>Cornice in alluminio anodizzato color argento<\/li>\n<li>Angolari di protezione in ABS<\/li>\n<li>Materiale per il fissaggio a muro incluso.<\/li>\n<li>Posizionabili in orizzontale e in verticale.<\/li>\n<\/ul>\n<p>Dimensioni disponibili:<\/p>\n<table style=\"height: 288px; background-color: #ffffff; width: 793px;\" border=\"1\">\n<tbody>\n<tr>\n<th style=\"text-align: center;\" scope=\"col\">CODICE<\/th>\n<th style=\"text-align: center;\" scope=\"col\">&nbsp; DIMENSIONI<\/th>\n<th style=\"text-align: center;\" scope=\"col\">PESO<\/th>\n<\/tr>\n<tr>\n<th style=\"text-align: center;\" scope=\"row\">STR-BOARD041<\/th>\n<td style=\"text-align: center;\">\n<div style=\"text-align: center;\">60 L x 45 H x 2 P cm.<\/div>\n<\/td>\n<td style=\"text-align: center;\">\n<div style=\"text-align: center;\">1,1 Kg<\/div>\n<\/td>\n<\/tr>\n<tr>\n<th style=\"text-align: center;\" scope=\"row\">STR-BOARD042<\/th>\n<td style=\"text-align: center;\">\n<div style=\"text-align: center;\">90 L x 60 H x 2 P cm.<\/div>\n<\/td>\n<td style=\"text-align: center;\">\n<div style=\"text-align: center;\">2,3 Kg<\/div>\n<\/td>\n<\/tr>\n<tr>\n<th style=\"text-align: center;\" scope=\"row\">STR-BOARD043<\/th>\n<td style=\"text-align: center;\">120 L x 90 H x 2 P cm.<\/td>\n<td style=\"text-align: center;\">6,0 Kg<\/td>\n<\/tr>\n<tr>\n<th style=\"text-align: center;\" scope=\"row\">STR-BOARD044<\/th>\n<td style=\"text-align: center;\">150 L x 100 H x 2 P cm.<\/td>\n<td style=\"text-align: center;\">9,0 Kg<\/td>\n<\/tr>\n<tr>\n<th style=\"text-align: center;\" scope=\"row\">&nbsp;STR-BOARD045<\/th>\n<td style=\"text-align: center;\">&nbsp; 200 L x 100 H x 2 P cm.<\/td>\n<td style=\"text-align: center;\">15,0 Kg<\/td>\n<\/tr>\n<\/tbody>\n<\/table>\n<p>&nbsp;<\/p>\n<p><a href=\"https:\/\/www.smartystore.it\/v25\/wp-content\/uploads\/2025\/06\/STR-BOARD041-042-043-044-045.pdf\" target=\"_blank\" rel=\"noopener\"><img loading=\"lazy\" decoding=\"async\" class=\"alignnone size-full wp-image-93510\" src=\"https:\/\/www.smartystore.it\/v25\/wp-content\/uploads\/2014\/10\/SchedaTecnica-300-e1750084266903.png\" alt=\"\" width=\"249\" height=\"63\"><\/a>[\/vc_column_text][\/vc_column][\/vc_row]<\/p>\n<\/div>","protected":false},"excerpt":{"rendered":"<p>Lavagna in sughero naturale da utilizzare con puntine ferma fogli, disponibile in varie dimensioni e posizionabile in orizzontale o verticale.<\/p>\n","protected":false},"featured_media":93531,"comment_status":"open","ping_status":"closed","template":"","meta":{"_acf_changed":false},"pwb-brand":[],"product_brand":[],"product_cat":[2029],"product_tag":[5954,5950,5951,5957,5952,5953,5955,5956],"class_list":{"0":"post-32301","1":"product","2":"type-product","3":"status-publish","4":"has-post-thumbnail","6":"product_cat-lavagne","7":"product_tag-lavagna-in-sughero-conveniente","8":"product_tag-lavagna-in-sughero-da-parete","9":"product_tag-lavagna-in-sughero-e-alluminio","10":"product_tag-lavagna-in-sughero-orizzontale-o-verticale","11":"product_tag-lavagna-in-sughero-per-puntine","12":"product_tag-lavagne-in-sughero-a-prezzo-basso","13":"product_tag-lavagne-in-sughero-economiche-di-qualita","14":"product_tag-migliori-lavagne-in-sughero-a-prezzi-bassi-su-smartystore-it","15":"pa_c2c_color-28-silver","16":"pa_c2c_color-sughero","17":"pa_c2c_dimensione-c1-cm120x90","18":"pa_c2c_dimensione-11-cm150x100","19":"pa_c2c_dimensione-70-cm200x100","20":"pa_c2c_dimensione-85-cm60x45","21":"pa_c2c_dimensione-45-cm90x60","22":"pa_c2c_mono_bifacciale-ca-monofacciale","23":"pa_c2c_seo_canonical_url-be-httpswwwsmartystoreititlav","24":"pa_c2c_trovraprezzi-ae-si","26":"first","27":"instock","28":"taxable","29":"shipping-taxable","30":"purchasable","31":"product-type-variable"},"acf":[],"yoast_head":"<!-- This site is optimized with the Yoast SEO plugin v27.4 - https:\/\/yoast.com\/product\/yoast-seo-wordpress\/ -->\n<title>Lavagna linea Sughero - Smarty Store<\/title>\n<meta name=\"description\" content=\"Lavagna in sughero con struttura in alluminio silver e angoli di protezione in ABS. Posizionabile in verticale e orizzontale. Disponibile in vari formati\" \/>\n<meta name=\"robots\" content=\"index, follow, max-snippet:-1, max-image-preview:large, max-video-preview:-1\" \/>\n<link rel=\"canonical\" href=\"https:\/\/www.smartystore.it\/it\/prodotto\/lavagna-linea-sughero\/\" \/>\n<meta property=\"og:locale\" content=\"it_IT\" \/>\n<meta property=\"og:type\" content=\"article\" \/>\n<meta property=\"og:title\" content=\"Lavagna linea Sughero - Smarty Store\" \/>\n<meta property=\"og:description\" content=\"Lavagna in sughero con struttura in alluminio silver e angoli di protezione in ABS. Posizionabile in verticale e orizzontale. Disponibile in vari formati\" \/>\n<meta property=\"og:url\" content=\"https:\/\/www.smartystore.it\/it\/prodotto\/lavagna-linea-sughero\/\" \/>\n<meta property=\"og:site_name\" content=\"Smarty Store\" \/>\n<meta property=\"article:modified_time\" content=\"2026-04-19T08:40:33+00:00\" \/>\n<meta property=\"og:image\" content=\"https:\/\/www.smartystore.it\/v25\/wp-content\/uploads\/2013\/06\/Lavagna-linea-sughero-con-struttura-in-alluminio-e-orientabile.jpg\" \/>\n\t<meta property=\"og:image:width\" content=\"1000\" \/>\n\t<meta property=\"og:image:height\" content=\"1000\" \/>\n\t<meta property=\"og:image:type\" content=\"image\/jpeg\" \/>\n<meta name=\"twitter:card\" content=\"summary_large_image\" \/>\n<meta name=\"twitter:label1\" content=\"Tempo di lettura stimato\" \/>\n\t<meta name=\"twitter:data1\" content=\"3 minuti\" \/>\n<script type=\"application\/ld+json\" class=\"yoast-schema-graph\">{\"@context\":\"https:\\\/\\\/schema.org\",\"@graph\":[{\"@type\":\"WebPage\",\"@id\":\"https:\\\/\\\/www.smartystore.it\\\/it\\\/prodotto\\\/lavagna-linea-sughero\\\/\",\"url\":\"https:\\\/\\\/www.smartystore.it\\\/it\\\/prodotto\\\/lavagna-linea-sughero\\\/\",\"name\":\"Lavagna linea Sughero - Smarty Store\",\"isPartOf\":{\"@id\":\"https:\\\/\\\/www.smartystore.it\\\/it\\\/#website\"},\"primaryImageOfPage\":{\"@id\":\"https:\\\/\\\/www.smartystore.it\\\/it\\\/prodotto\\\/lavagna-linea-sughero\\\/#primaryimage\"},\"image\":{\"@id\":\"https:\\\/\\\/www.smartystore.it\\\/it\\\/prodotto\\\/lavagna-linea-sughero\\\/#primaryimage\"},\"thumbnailUrl\":\"https:\\\/\\\/www.smartystore.it\\\/v25\\\/wp-content\\\/uploads\\\/2013\\\/06\\\/Lavagna-linea-sughero-con-struttura-in-alluminio-e-orientabile.jpg\",\"datePublished\":\"2013-06-05T22:22:23+00:00\",\"dateModified\":\"2026-04-19T08:40:33+00:00\",\"description\":\"Lavagna in sughero con struttura in alluminio silver e angoli di protezione in ABS. Posizionabile in verticale e orizzontale. Disponibile in vari formati\",\"breadcrumb\":{\"@id\":\"https:\\\/\\\/www.smartystore.it\\\/it\\\/prodotto\\\/lavagna-linea-sughero\\\/#breadcrumb\"},\"inLanguage\":\"it-IT\",\"potentialAction\":[{\"@type\":\"ReadAction\",\"target\":[\"https:\\\/\\\/www.smartystore.it\\\/it\\\/prodotto\\\/lavagna-linea-sughero\\\/\"]}]},{\"@type\":\"ImageObject\",\"inLanguage\":\"it-IT\",\"@id\":\"https:\\\/\\\/www.smartystore.it\\\/it\\\/prodotto\\\/lavagna-linea-sughero\\\/#primaryimage\",\"url\":\"https:\\\/\\\/www.smartystore.it\\\/v25\\\/wp-content\\\/uploads\\\/2013\\\/06\\\/Lavagna-linea-sughero-con-struttura-in-alluminio-e-orientabile.jpg\",\"contentUrl\":\"https:\\\/\\\/www.smartystore.it\\\/v25\\\/wp-content\\\/uploads\\\/2013\\\/06\\\/Lavagna-linea-sughero-con-struttura-in-alluminio-e-orientabile.jpg\",\"width\":1000,\"height\":1000,\"caption\":\"Lavagna in Sughero con struttura in alluminio\"},{\"@type\":\"BreadcrumbList\",\"@id\":\"https:\\\/\\\/www.smartystore.it\\\/it\\\/prodotto\\\/lavagna-linea-sughero\\\/#breadcrumb\",\"itemListElement\":[{\"@type\":\"ListItem\",\"position\":1,\"name\":\"Home\",\"item\":\"https:\\\/\\\/www.smartystore.it\\\/it\\\/\"},{\"@type\":\"ListItem\",\"position\":2,\"name\":\"Shop\",\"item\":\"https:\\\/\\\/www.smartystore.it\\\/it\\\/shop\\\/\"},{\"@type\":\"ListItem\",\"position\":3,\"name\":\"Lavagna linea Sughero\"}]},{\"@type\":\"WebSite\",\"@id\":\"https:\\\/\\\/www.smartystore.it\\\/it\\\/#website\",\"url\":\"https:\\\/\\\/www.smartystore.it\\\/it\\\/\",\"name\":\"Smarty Store\",\"description\":\"\",\"potentialAction\":[{\"@type\":\"SearchAction\",\"target\":{\"@type\":\"EntryPoint\",\"urlTemplate\":\"https:\\\/\\\/www.smartystore.it\\\/it\\\/?s={search_term_string}\"},\"query-input\":{\"@type\":\"PropertyValueSpecification\",\"valueRequired\":true,\"valueName\":\"search_term_string\"}}],\"inLanguage\":\"it-IT\"}]}<\/script>\n<!-- \/ Yoast SEO plugin. -->","yoast_head_json":{"title":"Lavagna linea Sughero - Smarty Store","description":"Lavagna in sughero con struttura in alluminio silver e angoli di protezione in ABS. Posizionabile in verticale e orizzontale. Disponibile in vari formati","robots":{"index":"index","follow":"follow","max-snippet":"max-snippet:-1","max-image-preview":"max-image-preview:large","max-video-preview":"max-video-preview:-1"},"canonical":"https:\/\/www.smartystore.it\/it\/prodotto\/lavagna-linea-sughero\/","og_locale":"it_IT","og_type":"article","og_title":"Lavagna linea Sughero - Smarty Store","og_description":"Lavagna in sughero con struttura in alluminio silver e angoli di protezione in ABS. Posizionabile in verticale e orizzontale. Disponibile in vari formati","og_url":"https:\/\/www.smartystore.it\/it\/prodotto\/lavagna-linea-sughero\/","og_site_name":"Smarty Store","article_modified_time":"2026-04-19T08:40:33+00:00","og_image":[{"width":1000,"height":1000,"url":"https:\/\/www.smartystore.it\/v25\/wp-content\/uploads\/2013\/06\/Lavagna-linea-sughero-con-struttura-in-alluminio-e-orientabile.jpg","type":"image\/jpeg"}],"twitter_card":"summary_large_image","twitter_misc":{"Tempo di lettura stimato":"3 minuti"},"schema":{"@context":"https:\/\/schema.org","@graph":[{"@type":"WebPage","@id":"https:\/\/www.smartystore.it\/it\/prodotto\/lavagna-linea-sughero\/","url":"https:\/\/www.smartystore.it\/it\/prodotto\/lavagna-linea-sughero\/","name":"Lavagna linea Sughero - Smarty Store","isPartOf":{"@id":"https:\/\/www.smartystore.it\/it\/#website"},"primaryImageOfPage":{"@id":"https:\/\/www.smartystore.it\/it\/prodotto\/lavagna-linea-sughero\/#primaryimage"},"image":{"@id":"https:\/\/www.smartystore.it\/it\/prodotto\/lavagna-linea-sughero\/#primaryimage"},"thumbnailUrl":"https:\/\/www.smartystore.it\/v25\/wp-content\/uploads\/2013\/06\/Lavagna-linea-sughero-con-struttura-in-alluminio-e-orientabile.jpg","datePublished":"2013-06-05T22:22:23+00:00","dateModified":"2026-04-19T08:40:33+00:00","description":"Lavagna in sughero con struttura in alluminio silver e angoli di protezione in ABS. Posizionabile in verticale e orizzontale. Disponibile in vari formati","breadcrumb":{"@id":"https:\/\/www.smartystore.it\/it\/prodotto\/lavagna-linea-sughero\/#breadcrumb"},"inLanguage":"it-IT","potentialAction":[{"@type":"ReadAction","target":["https:\/\/www.smartystore.it\/it\/prodotto\/lavagna-linea-sughero\/"]}]},{"@type":"ImageObject","inLanguage":"it-IT","@id":"https:\/\/www.smartystore.it\/it\/prodotto\/lavagna-linea-sughero\/#primaryimage","url":"https:\/\/www.smartystore.it\/v25\/wp-content\/uploads\/2013\/06\/Lavagna-linea-sughero-con-struttura-in-alluminio-e-orientabile.jpg","contentUrl":"https:\/\/www.smartystore.it\/v25\/wp-content\/uploads\/2013\/06\/Lavagna-linea-sughero-con-struttura-in-alluminio-e-orientabile.jpg","width":1000,"height":1000,"caption":"Lavagna in Sughero con struttura in alluminio"},{"@type":"BreadcrumbList","@id":"https:\/\/www.smartystore.it\/it\/prodotto\/lavagna-linea-sughero\/#breadcrumb","itemListElement":[{"@type":"ListItem","position":1,"name":"Home","item":"https:\/\/www.smartystore.it\/it\/"},{"@type":"ListItem","position":2,"name":"Shop","item":"https:\/\/www.smartystore.it\/it\/shop\/"},{"@type":"ListItem","position":3,"name":"Lavagna linea Sughero"}]},{"@type":"WebSite","@id":"https:\/\/www.smartystore.it\/it\/#website","url":"https:\/\/www.smartystore.it\/it\/","name":"Smarty Store","description":"","potentialAction":[{"@type":"SearchAction","target":{"@type":"EntryPoint","urlTemplate":"https:\/\/www.smartystore.it\/it\/?s={search_term_string}"},"query-input":{"@type":"PropertyValueSpecification","valueRequired":true,"valueName":"search_term_string"}}],"inLanguage":"it-IT"}]}},"brands":[],"_links":{"self":[{"href":"https:\/\/www.smartystore.it\/it\/wp-json\/wp\/v2\/product\/32301","targetHints":{"allow":["GET"]}}],"collection":[{"href":"https:\/\/www.smartystore.it\/it\/wp-json\/wp\/v2\/product"}],"about":[{"href":"https:\/\/www.smartystore.it\/it\/wp-json\/wp\/v2\/types\/product"}],"replies":[{"embeddable":true,"href":"https:\/\/www.smartystore.it\/it\/wp-json\/wp\/v2\/comments?post=32301"}],"wp:featuredmedia":[{"embeddable":true,"href":"https:\/\/www.smartystore.it\/it\/wp-json\/wp\/v2\/media\/93531"}],"wp:attachment":[{"href":"https:\/\/www.smartystore.it\/it\/wp-json\/wp\/v2\/media?parent=32301"}],"wp:term":[{"taxonomy":"pwb-brand","embeddable":true,"href":"https:\/\/www.smartystore.it\/it\/wp-json\/wp\/v2\/pwb-brand?post=32301"},{"taxonomy":"product_brand","embeddable":true,"href":"https:\/\/www.smartystore.it\/it\/wp-json\/wp\/v2\/product_brand?post=32301"},{"taxonomy":"product_cat","embeddable":true,"href":"https:\/\/www.smartystore.it\/it\/wp-json\/wp\/v2\/product_cat?post=32301"},{"taxonomy":"product_tag","embeddable":true,"href":"https:\/\/www.smartystore.it\/it\/wp-json\/wp\/v2\/product_tag?post=32301"}],"curies":[{"name":"wp","href":"https:\/\/api.w.org\/{rel}","templated":true}]}}