{"id":99995,"date":"2018-12-20T13:42:54","date_gmt":"2018-12-20T13:42:54","guid":{"rendered":"https:\/\/www.smartystore.it\/prodotto\/totem-plat-75x200-en-metal-peint-par-poudrage\/"},"modified":"2026-05-07T16:51:44","modified_gmt":"2026-05-07T14:51:44","slug":"totem-plat-75x200-en-metal-peint-par-poudrage","status":"publish","type":"product","link":"https:\/\/www.smartystore.it\/fr\/prodotto\/totem-plat-75x200-en-metal-peint-par-poudrage\/","title":{"rendered":"Totem plat 75&#215;200 en m\u00e9tal peint par poudrage"},"content":{"rendered":"<div class=\"wpb-content-wrapper\"><p>[vc_row][vc_column][vc_column_text css=\u00a0\u00bb\u00a0\u00bb css_params=\u00a0\u00bb\u00a0\u00bb]<\/p>\n<h1><strong>Totem plat 75&#215;200 en m\u00e9tal peint par poudrage<\/strong><\/h1>\n<p><strong>Totem Flat 75&#215;200 en m\u00e9tal peint par poudrage Bifacial <\/strong>aux lignes \u00e9pur\u00e9es et \u00e9l\u00e9gantes adapt\u00e9 \u00e0 tout type d&rsquo;environnement commercial comme les <strong>centres commerciaux, les foires, les h\u00f4tels, \u00e0 l&rsquo;entr\u00e9e des centres multi-bureaux<\/strong>, etc.<\/p>\n<p>Le syst\u00e8me de montage du totem est tr\u00e8s simple ; en effet, la structure interne est pr\u00e9-assembl\u00e9e, il suffit donc de fixer la base \u00e0 la structure et de monter le cadre p\u00e9rim\u00e9trique, \u00e9galement en m\u00e9tal peint par poudrage, \u00e0 l&rsquo;aide des vis fournies.<\/p>\n<p>Le cadre p\u00e9rim\u00e9trique, en plus de la finition, sert \u00e0 maintenir fermement en place les deux panneaux avant sur lesquels la communication du client est imprim\u00e9e.<\/p>\n<h2><strong>Totem plat 75&#215;200 en m\u00e9tal peint par poudrage : plus de s\u00e9curit\u00e9 gr\u00e2ce \u00e0 la fixation au sol<\/strong><\/h2>\n<p>La base du <strong>Totem Flat 75&#215;200 en m\u00e9tal thermolaqu\u00e9 double face <\/strong>est \u00e9quip\u00e9e de 4 trous aux angles pour une \u00e9ventuelle <strong>fixation au sol<\/strong> (boulons de fixation non fournis), pour une plus grande stabilit\u00e9 de la structure.<\/p>\n<p>Afficheur publicitaire d&rsquo;int\u00e9rieur s\u00e9rie FLAT compos\u00e9 de :<\/p>\n<ul>\n<li>Cadre en m\u00e9tal recouvert de poudre argent\u00e9e<\/li>\n<li>Panneaux de forex de 5 mm d&rsquo;\u00e9paisseur.<\/li>\n<li>Socle m\u00e9tallique de 5 mm d&rsquo;\u00e9paisseur, rev\u00eatu d&rsquo;une poudre argent\u00e9e, avec des trous dans les coins pour une \u00e9ventuelle fixation au sol (les boulons de fixation au sol ne sont pas fournis).<\/li>\n<li>Impression : impression directe en quadrichromie sur un panneau de forex de 5 mm.<\/li>\n<li>Dimensions de la structure (en cm) : L 75 x H 201 x P 6,5 (profondeur de la base cm. 49)<\/li>\n<li>Taille de la zone d&rsquo;impression (en cm) : L 75 x H 200<\/li>\n<li>Surface visible (en cm) : L 72 x H 198,5<\/li>\n<li>Poids de la structure : 27 kg environ.<\/li>\n<li>Poids de la structure compl\u00e8te avec les panneaux forex : Kg. environ 33<\/li>\n<li>D\u00e9lai d&rsquo;exp\u00e9dition : 4-5 jours \u00e0 compter de la commande et de l&rsquo;approbation de la presse<\/li>\n<\/ul>\n<h3><\/h3>\n<h3 style=\"text-align: center;\">Voir d&rsquo;autres totems sur ce <strong><a href=\"https:\/\/www.smartystore.it\/fr\/categoria-prodotto\/totems-publicitaires-et-dinformation\/totem-pour-linterieur-et-lexterieur\/\">LIEN<\/a><\/strong><\/h3>\n<p>&nbsp;<\/p>\n<p>Si vous n&rsquo;avez pas le fichier d&rsquo;impression, le personnel de SmartyStore peut le faire pour vous. Veuillez \u00e9galement s\u00e9lectionner les graphiques lors de la commande et nous vous contacterons afin de r\u00e9aliser les graphiques que vous souhaitez imprimer ensemble !<\/p>\n<p><span style=\"color: #800000;\"><strong>POUR LE FICHIER GRAPHIQUE : cr\u00e9ez le fichier aux dimensions 75&#215;200 cm (\u00e9chelle 1:1) avec les textes convertis en trac\u00e9s, apr\u00e8s avoir sauvegard\u00e9 le fichier en format PDF (r\u00e9solution minimale de 200 dpi), envoyez le document \u00e0 l&rsquo;adresse \u00e9lectronique suivante<\/strong><\/span><strong> <a href=\"mailto:grafica@smartystore.it\">grafica@smartystore.it<\/a> <\/strong><span style=\"color: #800000;\"><strong>en mentionnant le num\u00e9ro de commande.<\/strong><\/span><\/p>\n<p>&nbsp;<\/p>\n<p>[\/vc_column_text][\/vc_column][\/vc_row]<\/p>\n<\/div>","protected":false},"excerpt":{"rendered":"<p>Totem recto-verso \u00e0 ligne plate avec cadre en m\u00e9tal peint par poudrage en argent et panneaux frontaux avec impression en couleur. Base en m\u00e9tal avec des trous pour une \u00e9ventuelle fixation au sol.<\/p>\n","protected":false},"featured_media":99994,"comment_status":"open","ping_status":"closed","template":"","meta":{"_acf_changed":false},"pwb-brand":[],"product_brand":[],"product_cat":[3103,3682,3679],"product_tag":[],"class_list":{"0":"post-99995","1":"product","2":"type-product","3":"status-publish","4":"has-post-thumbnail","6":"product_cat-totem-dinterieur","7":"product_cat-totem-pour-linterieur-et-lexterieur","8":"product_cat-totems-publicitaires-et-dinformation","9":"pa_c2c_angolo-vif","10":"pa_c2c_color-argent","11":"pa_c2c_configurazione-panneau-de-remplacement","12":"pa_c2c_configurazione-structure-panneaux","13":"pa_c2c_configurazione-structure-uniquement","14":"pa_c2c_dimensione-75x200-cm","15":"pa_c2c_grafica-non","16":"pa_c2c_grafica-oui","17":"pa_c2c_materiale-le-change","18":"pa_c2c_mono_bifacciale-double-face","19":"pa_c2c_orientamento-verticale","20":"pa_c2c_stampa-oui","21":"pa_c2c_trovraprezzi-oui","23":"first","24":"instock","25":"taxable","26":"shipping-taxable","27":"purchasable","28":"product-type-variable"},"acf":[],"yoast_head":"<!-- This site is optimized with the Yoast SEO plugin v27.5 - https:\/\/yoast.com\/product\/yoast-seo-wordpress\/ -->\n<title>Totem plat 75x200 en m\u00e9tal peint par poudrage - Smarty Store Au Meilleur Prix<\/title>\n<meta name=\"description\" content=\"Totem plat 75x200 en m\u00e9tal peint par poudrage, facile \u00e0 assembler. Panneaux en Forex et base avec trous de fixation. Meilleur prix en ligne\" \/>\n<meta name=\"robots\" content=\"index, follow, max-snippet:-1, max-image-preview:large, max-video-preview:-1\" \/>\n<link rel=\"canonical\" href=\"https:\/\/www.smartystore.it\/fr\/prodotto\/totem-plat-75x200-en-metal-peint-par-poudrage\/\" \/>\n<meta property=\"og:locale\" content=\"fr_FR\" \/>\n<meta property=\"og:type\" content=\"article\" \/>\n<meta property=\"og:title\" content=\"Totem plat 75x200 en m\u00e9tal peint par poudrage - Smarty Store Au Meilleur Prix\" \/>\n<meta property=\"og:description\" content=\"Totem plat 75x200 en m\u00e9tal peint par poudrage, facile \u00e0 assembler. Panneaux en Forex et base avec trous de fixation. Meilleur prix en ligne\" \/>\n<meta property=\"og:url\" content=\"https:\/\/www.smartystore.it\/fr\/prodotto\/totem-plat-75x200-en-metal-peint-par-poudrage\/\" \/>\n<meta property=\"og:site_name\" content=\"Smarty Store\" \/>\n<meta property=\"article:modified_time\" content=\"2026-05-07T14:51:44+00:00\" \/>\n<meta property=\"og:image\" content=\"https:\/\/www.smartystore.it\/v25\/wp-content\/uploads\/2018\/12\/Totem-flat-metallo-verniciato-a-polveri-pannelli-forex-2-web.jpg\" \/>\n\t<meta property=\"og:image:width\" content=\"1000\" \/>\n\t<meta property=\"og:image:height\" content=\"1000\" \/>\n\t<meta property=\"og:image:type\" content=\"image\/jpeg\" \/>\n<meta name=\"twitter:card\" content=\"summary_large_image\" \/>\n<meta name=\"twitter:label1\" content=\"Dur\u00e9e de lecture estim\u00e9e\" \/>\n\t<meta name=\"twitter:data1\" content=\"3 minutes\" \/>\n<script type=\"application\/ld+json\" class=\"yoast-schema-graph\">{\"@context\":\"https:\\\/\\\/schema.org\",\"@graph\":[{\"@type\":\"WebPage\",\"@id\":\"https:\\\/\\\/www.smartystore.it\\\/fr\\\/prodotto\\\/totem-plat-75x200-en-metal-peint-par-poudrage\\\/\",\"url\":\"https:\\\/\\\/www.smartystore.it\\\/fr\\\/prodotto\\\/totem-plat-75x200-en-metal-peint-par-poudrage\\\/\",\"name\":\"Totem plat 75x200 en m\u00e9tal peint par poudrage - Smarty Store Au Meilleur Prix\",\"isPartOf\":{\"@id\":\"https:\\\/\\\/www.smartystore.it\\\/fr\\\/#website\"},\"primaryImageOfPage\":{\"@id\":\"https:\\\/\\\/www.smartystore.it\\\/fr\\\/prodotto\\\/totem-plat-75x200-en-metal-peint-par-poudrage\\\/#primaryimage\"},\"image\":{\"@id\":\"https:\\\/\\\/www.smartystore.it\\\/fr\\\/prodotto\\\/totem-plat-75x200-en-metal-peint-par-poudrage\\\/#primaryimage\"},\"thumbnailUrl\":\"https:\\\/\\\/www.smartystore.it\\\/v25\\\/wp-content\\\/uploads\\\/2018\\\/12\\\/Totem-flat-metallo-verniciato-a-polveri-pannelli-forex-2-web.jpg\",\"datePublished\":\"2018-12-20T13:42:54+00:00\",\"dateModified\":\"2026-05-07T14:51:44+00:00\",\"description\":\"Totem plat 75x200 en m\u00e9tal peint par poudrage, facile \u00e0 assembler. Panneaux en Forex et base avec trous de fixation. Meilleur prix en ligne\",\"breadcrumb\":{\"@id\":\"https:\\\/\\\/www.smartystore.it\\\/fr\\\/prodotto\\\/totem-plat-75x200-en-metal-peint-par-poudrage\\\/#breadcrumb\"},\"inLanguage\":\"fr-FR\",\"potentialAction\":[{\"@type\":\"ReadAction\",\"target\":[\"https:\\\/\\\/www.smartystore.it\\\/fr\\\/prodotto\\\/totem-plat-75x200-en-metal-peint-par-poudrage\\\/\"]}]},{\"@type\":\"ImageObject\",\"inLanguage\":\"fr-FR\",\"@id\":\"https:\\\/\\\/www.smartystore.it\\\/fr\\\/prodotto\\\/totem-plat-75x200-en-metal-peint-par-poudrage\\\/#primaryimage\",\"url\":\"https:\\\/\\\/www.smartystore.it\\\/v25\\\/wp-content\\\/uploads\\\/2018\\\/12\\\/Totem-flat-metallo-verniciato-a-polveri-pannelli-forex-2-web.jpg\",\"contentUrl\":\"https:\\\/\\\/www.smartystore.it\\\/v25\\\/wp-content\\\/uploads\\\/2018\\\/12\\\/Totem-flat-metallo-verniciato-a-polveri-pannelli-forex-2-web.jpg\",\"width\":1000,\"height\":1000,\"caption\":\"Totem plat 75x200 en m\u00e9tal peint par poudrage\"},{\"@type\":\"BreadcrumbList\",\"@id\":\"https:\\\/\\\/www.smartystore.it\\\/fr\\\/prodotto\\\/totem-plat-75x200-en-metal-peint-par-poudrage\\\/#breadcrumb\",\"itemListElement\":[{\"@type\":\"ListItem\",\"position\":1,\"name\":\"Home\",\"item\":\"https:\\\/\\\/www.smartystore.it\\\/fr\\\/\"},{\"@type\":\"ListItem\",\"position\":2,\"name\":\"Boutique\",\"item\":\"https:\\\/\\\/www.smartystore.it\\\/fr\\\/boutique\\\/\"},{\"@type\":\"ListItem\",\"position\":3,\"name\":\"Totem plat 75&#215;200 en m\u00e9tal peint par poudrage\"}]},{\"@type\":\"WebSite\",\"@id\":\"https:\\\/\\\/www.smartystore.it\\\/fr\\\/#website\",\"url\":\"https:\\\/\\\/www.smartystore.it\\\/fr\\\/\",\"name\":\"Smarty Store\",\"description\":\"Espositori Pubblicitari e Sistemi di Comunicazione Visiva\",\"potentialAction\":[{\"@type\":\"SearchAction\",\"target\":{\"@type\":\"EntryPoint\",\"urlTemplate\":\"https:\\\/\\\/www.smartystore.it\\\/fr\\\/?s={search_term_string}\"},\"query-input\":{\"@type\":\"PropertyValueSpecification\",\"valueRequired\":true,\"valueName\":\"search_term_string\"}}],\"inLanguage\":\"fr-FR\"}]}<\/script>\n<!-- \/ Yoast SEO plugin. -->","yoast_head_json":{"title":"Totem plat 75x200 en m\u00e9tal peint par poudrage - Smarty Store Au Meilleur Prix","description":"Totem plat 75x200 en m\u00e9tal peint par poudrage, facile \u00e0 assembler. Panneaux en Forex et base avec trous de fixation. Meilleur prix en ligne","robots":{"index":"index","follow":"follow","max-snippet":"max-snippet:-1","max-image-preview":"max-image-preview:large","max-video-preview":"max-video-preview:-1"},"canonical":"https:\/\/www.smartystore.it\/fr\/prodotto\/totem-plat-75x200-en-metal-peint-par-poudrage\/","og_locale":"fr_FR","og_type":"article","og_title":"Totem plat 75x200 en m\u00e9tal peint par poudrage - Smarty Store Au Meilleur Prix","og_description":"Totem plat 75x200 en m\u00e9tal peint par poudrage, facile \u00e0 assembler. Panneaux en Forex et base avec trous de fixation. Meilleur prix en ligne","og_url":"https:\/\/www.smartystore.it\/fr\/prodotto\/totem-plat-75x200-en-metal-peint-par-poudrage\/","og_site_name":"Smarty Store","article_modified_time":"2026-05-07T14:51:44+00:00","og_image":[{"width":1000,"height":1000,"url":"https:\/\/www.smartystore.it\/v25\/wp-content\/uploads\/2018\/12\/Totem-flat-metallo-verniciato-a-polveri-pannelli-forex-2-web.jpg","type":"image\/jpeg"}],"twitter_card":"summary_large_image","twitter_misc":{"Dur\u00e9e de lecture estim\u00e9e":"3 minutes"},"schema":{"@context":"https:\/\/schema.org","@graph":[{"@type":"WebPage","@id":"https:\/\/www.smartystore.it\/fr\/prodotto\/totem-plat-75x200-en-metal-peint-par-poudrage\/","url":"https:\/\/www.smartystore.it\/fr\/prodotto\/totem-plat-75x200-en-metal-peint-par-poudrage\/","name":"Totem plat 75x200 en m\u00e9tal peint par poudrage - Smarty Store Au Meilleur Prix","isPartOf":{"@id":"https:\/\/www.smartystore.it\/fr\/#website"},"primaryImageOfPage":{"@id":"https:\/\/www.smartystore.it\/fr\/prodotto\/totem-plat-75x200-en-metal-peint-par-poudrage\/#primaryimage"},"image":{"@id":"https:\/\/www.smartystore.it\/fr\/prodotto\/totem-plat-75x200-en-metal-peint-par-poudrage\/#primaryimage"},"thumbnailUrl":"https:\/\/www.smartystore.it\/v25\/wp-content\/uploads\/2018\/12\/Totem-flat-metallo-verniciato-a-polveri-pannelli-forex-2-web.jpg","datePublished":"2018-12-20T13:42:54+00:00","dateModified":"2026-05-07T14:51:44+00:00","description":"Totem plat 75x200 en m\u00e9tal peint par poudrage, facile \u00e0 assembler. Panneaux en Forex et base avec trous de fixation. Meilleur prix en ligne","breadcrumb":{"@id":"https:\/\/www.smartystore.it\/fr\/prodotto\/totem-plat-75x200-en-metal-peint-par-poudrage\/#breadcrumb"},"inLanguage":"fr-FR","potentialAction":[{"@type":"ReadAction","target":["https:\/\/www.smartystore.it\/fr\/prodotto\/totem-plat-75x200-en-metal-peint-par-poudrage\/"]}]},{"@type":"ImageObject","inLanguage":"fr-FR","@id":"https:\/\/www.smartystore.it\/fr\/prodotto\/totem-plat-75x200-en-metal-peint-par-poudrage\/#primaryimage","url":"https:\/\/www.smartystore.it\/v25\/wp-content\/uploads\/2018\/12\/Totem-flat-metallo-verniciato-a-polveri-pannelli-forex-2-web.jpg","contentUrl":"https:\/\/www.smartystore.it\/v25\/wp-content\/uploads\/2018\/12\/Totem-flat-metallo-verniciato-a-polveri-pannelli-forex-2-web.jpg","width":1000,"height":1000,"caption":"Totem plat 75x200 en m\u00e9tal peint par poudrage"},{"@type":"BreadcrumbList","@id":"https:\/\/www.smartystore.it\/fr\/prodotto\/totem-plat-75x200-en-metal-peint-par-poudrage\/#breadcrumb","itemListElement":[{"@type":"ListItem","position":1,"name":"Home","item":"https:\/\/www.smartystore.it\/fr\/"},{"@type":"ListItem","position":2,"name":"Boutique","item":"https:\/\/www.smartystore.it\/fr\/boutique\/"},{"@type":"ListItem","position":3,"name":"Totem plat 75&#215;200 en m\u00e9tal peint par poudrage"}]},{"@type":"WebSite","@id":"https:\/\/www.smartystore.it\/fr\/#website","url":"https:\/\/www.smartystore.it\/fr\/","name":"Smarty Store","description":"Espositori Pubblicitari e Sistemi di Comunicazione Visiva","potentialAction":[{"@type":"SearchAction","target":{"@type":"EntryPoint","urlTemplate":"https:\/\/www.smartystore.it\/fr\/?s={search_term_string}"},"query-input":{"@type":"PropertyValueSpecification","valueRequired":true,"valueName":"search_term_string"}}],"inLanguage":"fr-FR"}]}},"brands":[],"_links":{"self":[{"href":"https:\/\/www.smartystore.it\/fr\/wp-json\/wp\/v2\/product\/99995","targetHints":{"allow":["GET"]}}],"collection":[{"href":"https:\/\/www.smartystore.it\/fr\/wp-json\/wp\/v2\/product"}],"about":[{"href":"https:\/\/www.smartystore.it\/fr\/wp-json\/wp\/v2\/types\/product"}],"replies":[{"embeddable":true,"href":"https:\/\/www.smartystore.it\/fr\/wp-json\/wp\/v2\/comments?post=99995"}],"wp:featuredmedia":[{"embeddable":true,"href":"https:\/\/www.smartystore.it\/fr\/wp-json\/wp\/v2\/media\/99994"}],"wp:attachment":[{"href":"https:\/\/www.smartystore.it\/fr\/wp-json\/wp\/v2\/media?parent=99995"}],"wp:term":[{"taxonomy":"pwb-brand","embeddable":true,"href":"https:\/\/www.smartystore.it\/fr\/wp-json\/wp\/v2\/pwb-brand?post=99995"},{"taxonomy":"product_brand","embeddable":true,"href":"https:\/\/www.smartystore.it\/fr\/wp-json\/wp\/v2\/product_brand?post=99995"},{"taxonomy":"product_cat","embeddable":true,"href":"https:\/\/www.smartystore.it\/fr\/wp-json\/wp\/v2\/product_cat?post=99995"},{"taxonomy":"product_tag","embeddable":true,"href":"https:\/\/www.smartystore.it\/fr\/wp-json\/wp\/v2\/product_tag?post=99995"}],"curies":[{"name":"wp","href":"https:\/\/api.w.org\/{rel}","templated":true}]}}