{"id":99767,"date":"2026-04-28T17:15:48","date_gmt":"2026-04-28T15:15:48","guid":{"rendered":"https:\/\/www.smartystore.it\/prodotto\/bureau-daide-promotionnel-avec-doubles-montants\/"},"modified":"2026-04-28T17:17:30","modified_gmt":"2026-04-28T15:17:30","slug":"bureau-daide-promotionnel-avec-doubles-montants","status":"publish","type":"product","link":"https:\/\/www.smartystore.it\/fr\/prodotto\/bureau-daide-promotionnel-avec-doubles-montants\/","title":{"rendered":"Bureau d&rsquo;aide promotionnel avec doubles montants"},"content":{"rendered":"<div class=\"wpb-content-wrapper\"><p>[vc_row][vc_column][vc_column_text css=\u00a0\u00bb\u00a0\u00bb css_params=\u00a0\u00bb\u00a0\u00bb]<\/p>\n<h1>Bureau d&rsquo;aide promotionnel avec double montant pour une plus grande stabilit\u00e9<\/h1>\n<p>La table promotionnelle Help-desk avec double montant est une solution id\u00e9ale pour les environnements publics et d&rsquo;entreprise, garantissant une grande stabilit\u00e9 et durabilit\u00e9. Ce meuble est sp\u00e9cialement con\u00e7u pour soutenir les activit\u00e9s d&rsquo;assistance et d&rsquo;information, en offrant un point de r\u00e9f\u00e9rence fonctionnel et accueillant pour les utilisateurs et les clients. Gr\u00e2ce aux doubles montants, la table assure une robustesse sup\u00e9rieure \u00e0 celle des mod\u00e8les traditionnels, favorisant une utilisation s\u00fbre m\u00eame dans des contextes de trafic intense. La pr\u00e9sence d&rsquo;un espace d\u00e9di\u00e9 \u00e0 la pr\u00e9sentation des services et des promotions permet \u00e9galement d&rsquo;am\u00e9liorer la communication avec le public, en valorisant l&rsquo;image de l&rsquo;organisation ou de l&rsquo;entreprise. La cr\u00e9ation d&rsquo;un coin help-desk bien organis\u00e9 facilite non seulement les op\u00e9rations d&rsquo;assistance, mais constitue \u00e9galement une strat\u00e9gie efficace pour attirer de nouveaux clients et fid\u00e9liser ceux qui existent d\u00e9j\u00e0.    <\/p>\n<h2>Bureau d&rsquo;aide promotionnel avec doubles montants pour des utilisations multiples<\/h2>\n<p>Le service d&rsquo;assistance peut \u00e9galement \u00eatre utilis\u00e9<\/p>\n<ul>\n<li>comme une table \u00e9l\u00e9gante pour pr\u00e9senter des brochures ;<\/li>\n<li>comme \u00ab\u00a0\u00e9crire debout\u00a0\u00bb pour remplir des formulaires papier ;<\/li>\n<li>comme porte-ordinateur lors de salons et d&rsquo;\u00e9v\u00e9nements.<\/li>\n<\/ul>\n<p>&nbsp;<\/p>\n<h3>Caract\u00e9ristiques<\/h3>\n<ul>\n<li>Double poteau en aluminium anodis\u00e9 argent<\/li>\n<li>Dimensions de l&rsquo;\u00e9tag\u00e8re en plexi : 52 x 80 cm.<\/li>\n<li>\u00c9paisseur de l&rsquo;\u00e9tag\u00e8re : 10 mm.<\/li>\n<li>Hauteur de la table : 100 cm.<\/li>\n<li>Dimensions de la base en aluminium argent\u00e9 anodis\u00e9 : \u00d8 45,0 cm.<\/li>\n<\/ul>\n<p>&nbsp;<\/p>\n<h3 style=\"text-align: center;\">Voir les autres mod\u00e8les sur ce <strong><span style=\"color: #ff0000;\"><a style=\"color: #ff0000;\" href=\"https:\/\/www.smartystore.it\/fr\/categoria-prodotto\/presentoirs-publicitaires\/pupitres-et-tables\/\">LIEN<\/a><\/span><\/strong><\/h3>\n<p>&nbsp;<\/p>\n<p><a href=\"https:\/\/www.smartystore.it\/v25\/wp-content\/uploads\/2017\/01\/STR-DESK001-002.pdf\" target=\"_blank\" rel=\"noopener\"><img loading=\"lazy\" decoding=\"async\" class=\"alignnone size-full wp-image-93510\" src=\"https:\/\/www.smartystore.it\/v25\/wp-content\/uploads\/2014\/10\/SchedaTecnica-300-e1750084266903.png\" alt=\"\" width=\"249\" height=\"63\"><\/a><\/p>\n<p>[\/vc_column_text][\/vc_column][\/vc_row]<\/p>\n<\/div>","protected":false},"excerpt":{"rendered":"<p>Table avec plateau en plexiglas 80&#215;52 cm et deux montants en aluminium.<\/p>\n","protected":false},"featured_media":99766,"comment_status":"open","ping_status":"closed","template":"","meta":{"_acf_changed":false},"pwb-brand":[],"product_brand":[],"product_cat":[3024],"product_tag":[],"class_list":{"0":"post-99767","1":"product","2":"type-product","3":"status-publish","4":"has-post-thumbnail","6":"product_cat-pupitres-et-tables","7":"pa_c2c_color-argent","8":"pa_c2c_color-transparent","9":"pa_c2c_dimensione-mm-520x800","10":"pa_c2c_trovraprezzi-oui","12":"first","13":"instock","14":"taxable","15":"shipping-taxable","16":"purchasable","17":"product-type-simple"},"acf":[],"yoast_head":"<!-- This site is optimized with the Yoast SEO plugin v27.4 - https:\/\/yoast.com\/product\/yoast-seo-wordpress\/ -->\n<title>Bureau d&#039;aide promotionnel avec doubles montants - Smarty Store<\/title>\n<meta name=\"description\" content=\"Table d&#039;appoint promotionnelle avec tablette en plexiglas 80x52 cm et deux montants en aluminium pour une meilleure stabilit\u00e9\" \/>\n<meta name=\"robots\" content=\"index, follow, max-snippet:-1, max-image-preview:large, max-video-preview:-1\" \/>\n<link rel=\"canonical\" href=\"https:\/\/www.smartystore.it\/fr\/prodotto\/bureau-daide-promotionnel-avec-doubles-montants\/\" \/>\n<meta property=\"og:locale\" content=\"fr_FR\" \/>\n<meta property=\"og:type\" content=\"article\" \/>\n<meta property=\"og:title\" content=\"Bureau d&#039;aide promotionnel avec doubles montants - Smarty Store\" \/>\n<meta property=\"og:description\" content=\"Table d&#039;appoint promotionnelle avec tablette en plexiglas 80x52 cm et deux montants en aluminium pour une meilleure stabilit\u00e9\" \/>\n<meta property=\"og:url\" content=\"https:\/\/www.smartystore.it\/fr\/prodotto\/bureau-daide-promotionnel-avec-doubles-montants\/\" \/>\n<meta property=\"og:site_name\" content=\"Smarty Store\" \/>\n<meta property=\"article:modified_time\" content=\"2026-04-28T15:17:30+00:00\" \/>\n<meta property=\"og:image\" content=\"https:\/\/www.smartystore.it\/v25\/wp-content\/uploads\/2017\/01\/Tavolino-promozionale-help-desk-con-doppio-montante-in-alluminio-e-ripiano-in-plexy-trasparente.jpg\" \/>\n\t<meta property=\"og:image:width\" content=\"1000\" \/>\n\t<meta property=\"og:image:height\" content=\"1000\" \/>\n\t<meta property=\"og:image:type\" content=\"image\/jpeg\" \/>\n<meta name=\"twitter:card\" content=\"summary_large_image\" \/>\n<meta name=\"twitter:label1\" content=\"Dur\u00e9e de lecture estim\u00e9e\" \/>\n\t<meta name=\"twitter:data1\" content=\"1 minute\" \/>\n<script type=\"application\/ld+json\" class=\"yoast-schema-graph\">{\"@context\":\"https:\\\/\\\/schema.org\",\"@graph\":[{\"@type\":\"WebPage\",\"@id\":\"https:\\\/\\\/www.smartystore.it\\\/fr\\\/prodotto\\\/bureau-daide-promotionnel-avec-doubles-montants\\\/\",\"url\":\"https:\\\/\\\/www.smartystore.it\\\/fr\\\/prodotto\\\/bureau-daide-promotionnel-avec-doubles-montants\\\/\",\"name\":\"Bureau d'aide promotionnel avec doubles montants - Smarty Store\",\"isPartOf\":{\"@id\":\"https:\\\/\\\/www.smartystore.it\\\/fr\\\/#website\"},\"primaryImageOfPage\":{\"@id\":\"https:\\\/\\\/www.smartystore.it\\\/fr\\\/prodotto\\\/bureau-daide-promotionnel-avec-doubles-montants\\\/#primaryimage\"},\"image\":{\"@id\":\"https:\\\/\\\/www.smartystore.it\\\/fr\\\/prodotto\\\/bureau-daide-promotionnel-avec-doubles-montants\\\/#primaryimage\"},\"thumbnailUrl\":\"https:\\\/\\\/www.smartystore.it\\\/v25\\\/wp-content\\\/uploads\\\/2017\\\/01\\\/Tavolino-promozionale-help-desk-con-doppio-montante-in-alluminio-e-ripiano-in-plexy-trasparente.jpg\",\"datePublished\":\"2026-04-28T15:15:48+00:00\",\"dateModified\":\"2026-04-28T15:17:30+00:00\",\"description\":\"Table d'appoint promotionnelle avec tablette en plexiglas 80x52 cm et deux montants en aluminium pour une meilleure stabilit\u00e9\",\"breadcrumb\":{\"@id\":\"https:\\\/\\\/www.smartystore.it\\\/fr\\\/prodotto\\\/bureau-daide-promotionnel-avec-doubles-montants\\\/#breadcrumb\"},\"inLanguage\":\"fr-FR\",\"potentialAction\":[{\"@type\":\"ReadAction\",\"target\":[\"https:\\\/\\\/www.smartystore.it\\\/fr\\\/prodotto\\\/bureau-daide-promotionnel-avec-doubles-montants\\\/\"]}]},{\"@type\":\"ImageObject\",\"inLanguage\":\"fr-FR\",\"@id\":\"https:\\\/\\\/www.smartystore.it\\\/fr\\\/prodotto\\\/bureau-daide-promotionnel-avec-doubles-montants\\\/#primaryimage\",\"url\":\"https:\\\/\\\/www.smartystore.it\\\/v25\\\/wp-content\\\/uploads\\\/2017\\\/01\\\/Tavolino-promozionale-help-desk-con-doppio-montante-in-alluminio-e-ripiano-in-plexy-trasparente.jpg\",\"contentUrl\":\"https:\\\/\\\/www.smartystore.it\\\/v25\\\/wp-content\\\/uploads\\\/2017\\\/01\\\/Tavolino-promozionale-help-desk-con-doppio-montante-in-alluminio-e-ripiano-in-plexy-trasparente.jpg\",\"width\":1000,\"height\":1000,\"caption\":\"Bureau d'aide promotionnel avec doubles montants\"},{\"@type\":\"BreadcrumbList\",\"@id\":\"https:\\\/\\\/www.smartystore.it\\\/fr\\\/prodotto\\\/bureau-daide-promotionnel-avec-doubles-montants\\\/#breadcrumb\",\"itemListElement\":[{\"@type\":\"ListItem\",\"position\":1,\"name\":\"Home\",\"item\":\"https:\\\/\\\/www.smartystore.it\\\/fr\\\/\"},{\"@type\":\"ListItem\",\"position\":2,\"name\":\"Boutique\",\"item\":\"https:\\\/\\\/www.smartystore.it\\\/fr\\\/boutique\\\/\"},{\"@type\":\"ListItem\",\"position\":3,\"name\":\"Bureau d&#8217;aide promotionnel avec doubles montants\"}]},{\"@type\":\"WebSite\",\"@id\":\"https:\\\/\\\/www.smartystore.it\\\/fr\\\/#website\",\"url\":\"https:\\\/\\\/www.smartystore.it\\\/fr\\\/\",\"name\":\"Smarty Store\",\"description\":\"Espositori Pubblicitari e Sistemi di Comunicazione Visiva\",\"potentialAction\":[{\"@type\":\"SearchAction\",\"target\":{\"@type\":\"EntryPoint\",\"urlTemplate\":\"https:\\\/\\\/www.smartystore.it\\\/fr\\\/?s={search_term_string}\"},\"query-input\":{\"@type\":\"PropertyValueSpecification\",\"valueRequired\":true,\"valueName\":\"search_term_string\"}}],\"inLanguage\":\"fr-FR\"}]}<\/script>\n<!-- \/ Yoast SEO plugin. -->","yoast_head_json":{"title":"Bureau d'aide promotionnel avec doubles montants - Smarty Store","description":"Table d'appoint promotionnelle avec tablette en plexiglas 80x52 cm et deux montants en aluminium pour une meilleure stabilit\u00e9","robots":{"index":"index","follow":"follow","max-snippet":"max-snippet:-1","max-image-preview":"max-image-preview:large","max-video-preview":"max-video-preview:-1"},"canonical":"https:\/\/www.smartystore.it\/fr\/prodotto\/bureau-daide-promotionnel-avec-doubles-montants\/","og_locale":"fr_FR","og_type":"article","og_title":"Bureau d'aide promotionnel avec doubles montants - Smarty Store","og_description":"Table d'appoint promotionnelle avec tablette en plexiglas 80x52 cm et deux montants en aluminium pour une meilleure stabilit\u00e9","og_url":"https:\/\/www.smartystore.it\/fr\/prodotto\/bureau-daide-promotionnel-avec-doubles-montants\/","og_site_name":"Smarty Store","article_modified_time":"2026-04-28T15:17:30+00:00","og_image":[{"width":1000,"height":1000,"url":"https:\/\/www.smartystore.it\/v25\/wp-content\/uploads\/2017\/01\/Tavolino-promozionale-help-desk-con-doppio-montante-in-alluminio-e-ripiano-in-plexy-trasparente.jpg","type":"image\/jpeg"}],"twitter_card":"summary_large_image","twitter_misc":{"Dur\u00e9e de lecture estim\u00e9e":"1 minute"},"schema":{"@context":"https:\/\/schema.org","@graph":[{"@type":"WebPage","@id":"https:\/\/www.smartystore.it\/fr\/prodotto\/bureau-daide-promotionnel-avec-doubles-montants\/","url":"https:\/\/www.smartystore.it\/fr\/prodotto\/bureau-daide-promotionnel-avec-doubles-montants\/","name":"Bureau d'aide promotionnel avec doubles montants - Smarty Store","isPartOf":{"@id":"https:\/\/www.smartystore.it\/fr\/#website"},"primaryImageOfPage":{"@id":"https:\/\/www.smartystore.it\/fr\/prodotto\/bureau-daide-promotionnel-avec-doubles-montants\/#primaryimage"},"image":{"@id":"https:\/\/www.smartystore.it\/fr\/prodotto\/bureau-daide-promotionnel-avec-doubles-montants\/#primaryimage"},"thumbnailUrl":"https:\/\/www.smartystore.it\/v25\/wp-content\/uploads\/2017\/01\/Tavolino-promozionale-help-desk-con-doppio-montante-in-alluminio-e-ripiano-in-plexy-trasparente.jpg","datePublished":"2026-04-28T15:15:48+00:00","dateModified":"2026-04-28T15:17:30+00:00","description":"Table d'appoint promotionnelle avec tablette en plexiglas 80x52 cm et deux montants en aluminium pour une meilleure stabilit\u00e9","breadcrumb":{"@id":"https:\/\/www.smartystore.it\/fr\/prodotto\/bureau-daide-promotionnel-avec-doubles-montants\/#breadcrumb"},"inLanguage":"fr-FR","potentialAction":[{"@type":"ReadAction","target":["https:\/\/www.smartystore.it\/fr\/prodotto\/bureau-daide-promotionnel-avec-doubles-montants\/"]}]},{"@type":"ImageObject","inLanguage":"fr-FR","@id":"https:\/\/www.smartystore.it\/fr\/prodotto\/bureau-daide-promotionnel-avec-doubles-montants\/#primaryimage","url":"https:\/\/www.smartystore.it\/v25\/wp-content\/uploads\/2017\/01\/Tavolino-promozionale-help-desk-con-doppio-montante-in-alluminio-e-ripiano-in-plexy-trasparente.jpg","contentUrl":"https:\/\/www.smartystore.it\/v25\/wp-content\/uploads\/2017\/01\/Tavolino-promozionale-help-desk-con-doppio-montante-in-alluminio-e-ripiano-in-plexy-trasparente.jpg","width":1000,"height":1000,"caption":"Bureau d'aide promotionnel avec doubles montants"},{"@type":"BreadcrumbList","@id":"https:\/\/www.smartystore.it\/fr\/prodotto\/bureau-daide-promotionnel-avec-doubles-montants\/#breadcrumb","itemListElement":[{"@type":"ListItem","position":1,"name":"Home","item":"https:\/\/www.smartystore.it\/fr\/"},{"@type":"ListItem","position":2,"name":"Boutique","item":"https:\/\/www.smartystore.it\/fr\/boutique\/"},{"@type":"ListItem","position":3,"name":"Bureau d&#8217;aide promotionnel avec doubles montants"}]},{"@type":"WebSite","@id":"https:\/\/www.smartystore.it\/fr\/#website","url":"https:\/\/www.smartystore.it\/fr\/","name":"Smarty Store","description":"Espositori Pubblicitari e Sistemi di Comunicazione Visiva","potentialAction":[{"@type":"SearchAction","target":{"@type":"EntryPoint","urlTemplate":"https:\/\/www.smartystore.it\/fr\/?s={search_term_string}"},"query-input":{"@type":"PropertyValueSpecification","valueRequired":true,"valueName":"search_term_string"}}],"inLanguage":"fr-FR"}]}},"brands":[],"_links":{"self":[{"href":"https:\/\/www.smartystore.it\/fr\/wp-json\/wp\/v2\/product\/99767","targetHints":{"allow":["GET"]}}],"collection":[{"href":"https:\/\/www.smartystore.it\/fr\/wp-json\/wp\/v2\/product"}],"about":[{"href":"https:\/\/www.smartystore.it\/fr\/wp-json\/wp\/v2\/types\/product"}],"replies":[{"embeddable":true,"href":"https:\/\/www.smartystore.it\/fr\/wp-json\/wp\/v2\/comments?post=99767"}],"wp:featuredmedia":[{"embeddable":true,"href":"https:\/\/www.smartystore.it\/fr\/wp-json\/wp\/v2\/media\/99766"}],"wp:attachment":[{"href":"https:\/\/www.smartystore.it\/fr\/wp-json\/wp\/v2\/media?parent=99767"}],"wp:term":[{"taxonomy":"pwb-brand","embeddable":true,"href":"https:\/\/www.smartystore.it\/fr\/wp-json\/wp\/v2\/pwb-brand?post=99767"},{"taxonomy":"product_brand","embeddable":true,"href":"https:\/\/www.smartystore.it\/fr\/wp-json\/wp\/v2\/product_brand?post=99767"},{"taxonomy":"product_cat","embeddable":true,"href":"https:\/\/www.smartystore.it\/fr\/wp-json\/wp\/v2\/product_cat?post=99767"},{"taxonomy":"product_tag","embeddable":true,"href":"https:\/\/www.smartystore.it\/fr\/wp-json\/wp\/v2\/product_tag?post=99767"}],"curies":[{"name":"wp","href":"https:\/\/api.w.org\/{rel}","templated":true}]}}