{"id":99695,"date":"2022-02-18T18:31:22","date_gmt":"2022-02-18T16:31:22","guid":{"rendered":"https:\/\/www.smartystore.it\/prodotto\/panneaux-daffichage-avec-porte-affiches-certifies-pour-lexterieur\/"},"modified":"2026-04-22T16:59:54","modified_gmt":"2026-04-22T14:59:54","slug":"panneaux-daffichage-avec-porte-affiches-certifies-pour-lexterieur","status":"publish","type":"product","link":"https:\/\/www.smartystore.it\/fr\/prodotto\/panneaux-daffichage-avec-porte-affiches-certifies-pour-lexterieur\/","title":{"rendered":"Panneaux d&rsquo;affichage avec porte-affiches certifi\u00e9s pour l&rsquo;ext\u00e9rieur"},"content":{"rendered":"<div class=\"wpb-content-wrapper\"><p>[vc_row][vc_column][vc_column_text css=\u00a0\u00bb\u00a0\u00bb css_params=\u00a0\u00bb\u00a0\u00bb]<\/p>\n<h1>Panneaux d&rsquo;affichage avec porte-affiches certifi\u00e9s pour l&rsquo;ext\u00e9rieur<\/h1>\n<p>Les tableaux d&rsquo;affichage avec certification de porte-affiche pour l&rsquo;ext\u00e9rieur sont con\u00e7us pour les grands formats, 70&#215;100 cm et 100&#215;140 cm. \u00c0 premi\u00e8re vue, il s&rsquo;agit de panneaux d&rsquo;affichage ext\u00e9rieurs classiques, semblables \u00e0 d&rsquo;autres mod\u00e8les, avec un <strong>fond en polycarbonate blanc<\/strong>, mais en r\u00e9alit\u00e9 ils sont \u00e9quip\u00e9s de <strong>m\u00e9canismes<\/strong> internes <strong>sp\u00e9ciaux<\/strong> avec des profils d&rsquo;encliquetage qui permettent de bloquer les affiches avec pr\u00e9cision.<\/p>\n<p>La structure p\u00e9rim\u00e9trique est en aluminium extrud\u00e9 avec des angles arrondis. La porte est en <strong>verre tremp\u00e9<\/strong> et s&rsquo;ouvre vers le haut (ouverture \u00e0 battant) \u00e0 l&rsquo;aide d&rsquo;une tige et d&rsquo;une serrure simple pour la version 70&#215;100 et \u00e0 l&rsquo;aide d&rsquo;un piston \u00e0 gaz et d&rsquo;une serrure double pour la version 100&#215;140.<\/p>\n<h2>Panneaux d&rsquo;affichage ext\u00e9rieur certifi\u00e9s : s\u00e9curit\u00e9 maximale<\/h2>\n<p>Ce mod\u00e8le de tableau d&rsquo;affichage poss\u00e8de <strong>3 CERTIFICATIONS<\/strong>: il est \u00e9tanche \u00e0 la pluie et au feu et la porte est en verre de s\u00e9curit\u00e9 tremp\u00e9. Vous trouverez ci-dessous le d\u00e9tail des certifications :<\/p>\n<h3>CERTIFICATIONS :<\/h3>\n<p><strong>IP56 : <\/strong>Le code IP<em>(International Protection<\/em>) identifie le degr\u00e9 de protection des bo\u00eetiers contre la p\u00e9n\u00e9tration d&rsquo;agents externes de nature solide ou liquide. Cet acronyme est flanqu\u00e9 de deux chiffres qui identifient la protection contre le contact avec des corps solides externes et l&rsquo;acc\u00e8s aux parties dangereuses, et contre la p\u00e9n\u00e9tration de liquides. En clair, le panneau d&rsquo;affichage ext\u00e9rieur certifi\u00e9 IP56 r\u00e9siste \u00e0 la poussi\u00e8re et aux vagues.<\/p>\n<p><strong>B1 : <\/strong>Selon la norme DIN 4102, les mat\u00e9riaux sont class\u00e9s en fonction de la facilit\u00e9 avec laquelle ils s&rsquo;enflamment. La classification B1 est attribu\u00e9e aux mat\u00e9riaux difficiles \u00e0 enflammer. Si ces mat\u00e9riaux s&rsquo;enflamment, la flamme s&rsquo;\u00e9teint en peu de temps.<\/p>\n<p>ESG <strong>: <\/strong>ESG signifie verre de s\u00e9curit\u00e9 tremp\u00e9. Ce type de verre est constitu\u00e9 d&rsquo;une m\u00e9canique tr\u00e8s r\u00e9sistante : en cas de rupture, il se brise en petits morceaux aux angles arrondis, \u00e9vitant ainsi tout risque de blessure pour les personnes qui entrent en contact avec lui.<\/p>\n<p>Dimensions de la planche :<\/p>\n<table style=\"height: 72px; width: 79.1455%; border-collapse: collapse; border-style: solid; border-color: #000000;\">\n<tbody>\n<tr style=\"height: 24px;\">\n<td style=\"width: 12.7678%; border-style: solid; border-color: #000000; height: 24px; text-align: center;\"><strong>CODE<\/strong><\/td>\n<td style=\"width: 19.7066%; border-style: solid; border-color: #000000; height: 24px; text-align: center;\"><strong>TAILLE DE L&rsquo;AFFICHE<\/strong><\/td>\n<td style=\"width: 27.0918%; border-style: solid; border-color: #000000; height: 24px; text-align: center;\"><strong>SURFACE VISIBLE<\/strong><\/td>\n<td style=\"width: 19.6488%; border-style: solid; border-color: #000000; text-align: center;\"><strong>TAILLE DU PANNEAU D&rsquo;AFFICHAGE<\/strong><\/td>\n<td style=\"width: 7.84384%; border-style: solid; border-color: #000000; text-align: center;\"><strong>POIDS<\/strong><\/td>\n<\/tr>\n<tr style=\"height: 24px;\">\n<td style=\"width: 12.7678%; border-style: solid; border-color: #000000; height: 24px;\">STR-CITY70x100<\/td>\n<td style=\"width: 19.7066%; border-style: solid; border-color: #000000; height: 24px; text-align: center;\">700&#215;1000 mm.<\/td>\n<td style=\"width: 27.0918%; height: 24px; border-style: solid; border-color: #000000; text-align: center;\">690&#215;980 mm.<\/td>\n<td style=\"width: 19.6488%; border-style: solid; border-color: #000000; text-align: center;\">816x1116x61 mm.<\/td>\n<td style=\"width: 7.84384%; border-style: solid; border-color: #000000; text-align: center;\">25,90 Kg.<\/td>\n<\/tr>\n<tr style=\"height: 24px;\">\n<td style=\"width: 12.7678%; border-style: solid; border-color: #000000; height: 24px;\">STR-CITY100x140<\/td>\n<td style=\"width: 19.7066%; border-style: solid; border-color: #000000; height: 24px; text-align: center;\">1000&#215;1400 mm.<\/td>\n<td style=\"width: 27.0918%; height: 24px; border-style: solid; border-color: #000000; text-align: center;\">990&#215;1380 mm.<\/td>\n<td style=\"width: 19.6488%; border-style: solid; border-color: #000000; text-align: center;\">1166x1516x61 mm.<\/td>\n<td style=\"width: 7.84384%; border-style: solid; border-color: #000000; text-align: center;\">43,00 Kg.<\/td>\n<\/tr>\n<\/tbody>\n<\/table>\n<p>&nbsp;<\/p>\n<h3 style=\"text-align: center;\">D\u00e9couvrez d&rsquo;autres mod\u00e8les de panneaux d&rsquo;affichage ext\u00e9rieurs sur ce <span style=\"color: #ff0000;\"><a style=\"color: #ff0000;\" href=\"https:\/\/www.smartystore.it\/fr\/categoria-prodotto\/tableaux-de-messages\/panneaux-daffichage-exterieurs\/\">LIEN<\/a><\/span><\/h3>\n<p>&nbsp;<\/p>\n<p><a href=\"https:\/\/www.smartystore.it\/v25\/wp-content\/uploads\/2022\/02\/STR-CITY70x100-CITY100x140.pdf\" target=\"_blank\" rel=\"noopener\"><img loading=\"lazy\" decoding=\"async\" class=\"alignnone size-full wp-image-93510\" src=\"https:\/\/www.smartystore.it\/v25\/wp-content\/uploads\/2014\/10\/SchedaTecnica-300-e1750084266903.png\" alt=\"\" width=\"249\" height=\"63\" \/><br \/>\n<\/a>[\/vc_column_text][\/vc_column][\/vc_row]<\/p>\n<\/div>","protected":false},"excerpt":{"rendered":"<p>Panneaux d&rsquo;affichage avec 3 certifications pour une utilisation en ext\u00e9rieur. Disponible en deux formats, 70&#215;100 et 100&#215;140.<\/p>\n","protected":false},"featured_media":99696,"comment_status":"open","ping_status":"closed","template":"","meta":{"_acf_changed":false},"pwb-brand":[],"product_brand":[],"product_cat":[2999,2997],"product_tag":[6171,7358,6578,7357,7354,7356,7353,7087,7355,7092,7091,7093],"class_list":{"0":"post-99695","1":"product","2":"type-product","3":"status-publish","4":"has-post-thumbnail","6":"product_cat-panneaux-daffichage-exterieurs","7":"product_cat-tableaux-de-messages","8":"product_tag-panneau-daffichage","9":"product_tag-panneau-daffichage-exterieur-5","10":"product_tag-panneau-daffichage-exterieur-4","11":"product_tag-panneau-daffichage-exterieur-avec-porte-en-verre-trempe","12":"product_tag-tableau-daffichage-avec-fond-en-polycarbonate-blanc","13":"product_tag-tableau-daffichage-avec-ouverture-a-rabat-100x140","14":"product_tag-tableaux-daffichage-exterieurs-argent","15":"product_tag-vitrine-daffichage-exterieur-avec-ouverture-a-rabat","16":"product_tag-vitrines-avec-ouverture-a-rabat-70x100","17":"product_tag-vitrines-avec-pistons-a-gaz","18":"product_tag-vitrines-daffichage","19":"product_tag-vitrines-daffichage-2","20":"pa_c2c_color-argent","21":"pa_c2c_dimensione-100x140","22":"pa_c2c_dimensione-70x100","23":"pa_c2c_mono_bifacciale-simple-face","25":"first","26":"instock","27":"taxable","28":"shipping-taxable","29":"purchasable","30":"product-type-variable"},"acf":[],"yoast_head":"<!-- This site is optimized with the Yoast SEO plugin v27.4 - https:\/\/yoast.com\/product\/yoast-seo-wordpress\/ -->\n<title>Panneaux d&#039;affichage avec porte-affiches certifi\u00e9s pour l&#039;ext\u00e9rieur - Smarty Store Meilleur Prix<\/title>\n<meta name=\"description\" content=\"Panneaux d&#039;affichage ext\u00e9rieur grand format avec porte en verre tremp\u00e9. Disponible en deux formats : 70x100 et 100x140.\" \/>\n<meta name=\"robots\" content=\"index, follow, max-snippet:-1, max-image-preview:large, max-video-preview:-1\" \/>\n<link rel=\"canonical\" href=\"https:\/\/www.smartystore.it\/fr\/prodotto\/panneaux-daffichage-avec-porte-affiches-certifies-pour-lexterieur\/\" \/>\n<meta property=\"og:locale\" content=\"fr_FR\" \/>\n<meta property=\"og:type\" content=\"article\" \/>\n<meta property=\"og:title\" content=\"Panneaux d&#039;affichage avec porte-affiches certifi\u00e9s pour l&#039;ext\u00e9rieur - Smarty Store Meilleur Prix\" \/>\n<meta property=\"og:description\" content=\"Panneaux d&#039;affichage ext\u00e9rieur grand format avec porte en verre tremp\u00e9. Disponible en deux formats : 70x100 et 100x140.\" \/>\n<meta property=\"og:url\" content=\"https:\/\/www.smartystore.it\/fr\/prodotto\/panneaux-daffichage-avec-porte-affiches-certifies-pour-lexterieur\/\" \/>\n<meta property=\"og:site_name\" content=\"Smarty Store\" \/>\n<meta property=\"article:modified_time\" content=\"2026-04-22T14:59:54+00:00\" \/>\n<meta property=\"og:image\" content=\"https:\/\/www.smartystore.it\/v25\/wp-content\/uploads\/2022\/02\/Bacheche-con-certificazioni-da-esterno-porta-poster-70x100-e-100x140-1.jpg\" \/>\n\t<meta property=\"og:image:width\" content=\"1000\" \/>\n\t<meta property=\"og:image:height\" content=\"1000\" \/>\n\t<meta property=\"og:image:type\" content=\"image\/jpeg\" \/>\n<meta name=\"twitter:card\" content=\"summary_large_image\" \/>\n<meta name=\"twitter:label1\" content=\"Dur\u00e9e de lecture estim\u00e9e\" \/>\n\t<meta name=\"twitter:data1\" content=\"3 minutes\" \/>\n<script type=\"application\/ld+json\" class=\"yoast-schema-graph\">{\"@context\":\"https:\\\/\\\/schema.org\",\"@graph\":[{\"@type\":\"WebPage\",\"@id\":\"https:\\\/\\\/www.smartystore.it\\\/fr\\\/prodotto\\\/panneaux-daffichage-avec-porte-affiches-certifies-pour-lexterieur\\\/\",\"url\":\"https:\\\/\\\/www.smartystore.it\\\/fr\\\/prodotto\\\/panneaux-daffichage-avec-porte-affiches-certifies-pour-lexterieur\\\/\",\"name\":\"Panneaux d'affichage avec porte-affiches certifi\u00e9s pour l'ext\u00e9rieur - Smarty Store Meilleur Prix\",\"isPartOf\":{\"@id\":\"https:\\\/\\\/www.smartystore.it\\\/fr\\\/#website\"},\"primaryImageOfPage\":{\"@id\":\"https:\\\/\\\/www.smartystore.it\\\/fr\\\/prodotto\\\/panneaux-daffichage-avec-porte-affiches-certifies-pour-lexterieur\\\/#primaryimage\"},\"image\":{\"@id\":\"https:\\\/\\\/www.smartystore.it\\\/fr\\\/prodotto\\\/panneaux-daffichage-avec-porte-affiches-certifies-pour-lexterieur\\\/#primaryimage\"},\"thumbnailUrl\":\"https:\\\/\\\/www.smartystore.it\\\/v25\\\/wp-content\\\/uploads\\\/2022\\\/02\\\/Bacheche-con-certificazioni-da-esterno-porta-poster-70x100-e-100x140-1.jpg\",\"datePublished\":\"2022-02-18T16:31:22+00:00\",\"dateModified\":\"2026-04-22T14:59:54+00:00\",\"description\":\"Panneaux d'affichage ext\u00e9rieur grand format avec porte en verre tremp\u00e9. Disponible en deux formats : 70x100 et 100x140.\",\"breadcrumb\":{\"@id\":\"https:\\\/\\\/www.smartystore.it\\\/fr\\\/prodotto\\\/panneaux-daffichage-avec-porte-affiches-certifies-pour-lexterieur\\\/#breadcrumb\"},\"inLanguage\":\"fr-FR\",\"potentialAction\":[{\"@type\":\"ReadAction\",\"target\":[\"https:\\\/\\\/www.smartystore.it\\\/fr\\\/prodotto\\\/panneaux-daffichage-avec-porte-affiches-certifies-pour-lexterieur\\\/\"]}]},{\"@type\":\"ImageObject\",\"inLanguage\":\"fr-FR\",\"@id\":\"https:\\\/\\\/www.smartystore.it\\\/fr\\\/prodotto\\\/panneaux-daffichage-avec-porte-affiches-certifies-pour-lexterieur\\\/#primaryimage\",\"url\":\"https:\\\/\\\/www.smartystore.it\\\/v25\\\/wp-content\\\/uploads\\\/2022\\\/02\\\/Bacheche-con-certificazioni-da-esterno-porta-poster-70x100-e-100x140-1.jpg\",\"contentUrl\":\"https:\\\/\\\/www.smartystore.it\\\/v25\\\/wp-content\\\/uploads\\\/2022\\\/02\\\/Bacheche-con-certificazioni-da-esterno-porta-poster-70x100-e-100x140-1.jpg\",\"width\":1000,\"height\":1000,\"caption\":\"Panneaux d'affichage avec porte-affiches certifi\u00e9s pour l'ext\u00e9rieur\"},{\"@type\":\"BreadcrumbList\",\"@id\":\"https:\\\/\\\/www.smartystore.it\\\/fr\\\/prodotto\\\/panneaux-daffichage-avec-porte-affiches-certifies-pour-lexterieur\\\/#breadcrumb\",\"itemListElement\":[{\"@type\":\"ListItem\",\"position\":1,\"name\":\"Home\",\"item\":\"https:\\\/\\\/www.smartystore.it\\\/fr\\\/\"},{\"@type\":\"ListItem\",\"position\":2,\"name\":\"Boutique\",\"item\":\"https:\\\/\\\/www.smartystore.it\\\/fr\\\/boutique\\\/\"},{\"@type\":\"ListItem\",\"position\":3,\"name\":\"Panneaux d&#8217;affichage avec porte-affiches certifi\u00e9s pour l&#8217;ext\u00e9rieur\"}]},{\"@type\":\"WebSite\",\"@id\":\"https:\\\/\\\/www.smartystore.it\\\/fr\\\/#website\",\"url\":\"https:\\\/\\\/www.smartystore.it\\\/fr\\\/\",\"name\":\"Smarty Store\",\"description\":\"Espositori Pubblicitari e Sistemi di Comunicazione Visiva\",\"potentialAction\":[{\"@type\":\"SearchAction\",\"target\":{\"@type\":\"EntryPoint\",\"urlTemplate\":\"https:\\\/\\\/www.smartystore.it\\\/fr\\\/?s={search_term_string}\"},\"query-input\":{\"@type\":\"PropertyValueSpecification\",\"valueRequired\":true,\"valueName\":\"search_term_string\"}}],\"inLanguage\":\"fr-FR\"}]}<\/script>\n<!-- \/ Yoast SEO plugin. -->","yoast_head_json":{"title":"Panneaux d'affichage avec porte-affiches certifi\u00e9s pour l'ext\u00e9rieur - Smarty Store Meilleur Prix","description":"Panneaux d'affichage ext\u00e9rieur grand format avec porte en verre tremp\u00e9. Disponible en deux formats : 70x100 et 100x140.","robots":{"index":"index","follow":"follow","max-snippet":"max-snippet:-1","max-image-preview":"max-image-preview:large","max-video-preview":"max-video-preview:-1"},"canonical":"https:\/\/www.smartystore.it\/fr\/prodotto\/panneaux-daffichage-avec-porte-affiches-certifies-pour-lexterieur\/","og_locale":"fr_FR","og_type":"article","og_title":"Panneaux d'affichage avec porte-affiches certifi\u00e9s pour l'ext\u00e9rieur - Smarty Store Meilleur Prix","og_description":"Panneaux d'affichage ext\u00e9rieur grand format avec porte en verre tremp\u00e9. Disponible en deux formats : 70x100 et 100x140.","og_url":"https:\/\/www.smartystore.it\/fr\/prodotto\/panneaux-daffichage-avec-porte-affiches-certifies-pour-lexterieur\/","og_site_name":"Smarty Store","article_modified_time":"2026-04-22T14:59:54+00:00","og_image":[{"width":1000,"height":1000,"url":"https:\/\/www.smartystore.it\/v25\/wp-content\/uploads\/2022\/02\/Bacheche-con-certificazioni-da-esterno-porta-poster-70x100-e-100x140-1.jpg","type":"image\/jpeg"}],"twitter_card":"summary_large_image","twitter_misc":{"Dur\u00e9e de lecture estim\u00e9e":"3 minutes"},"schema":{"@context":"https:\/\/schema.org","@graph":[{"@type":"WebPage","@id":"https:\/\/www.smartystore.it\/fr\/prodotto\/panneaux-daffichage-avec-porte-affiches-certifies-pour-lexterieur\/","url":"https:\/\/www.smartystore.it\/fr\/prodotto\/panneaux-daffichage-avec-porte-affiches-certifies-pour-lexterieur\/","name":"Panneaux d'affichage avec porte-affiches certifi\u00e9s pour l'ext\u00e9rieur - Smarty Store Meilleur Prix","isPartOf":{"@id":"https:\/\/www.smartystore.it\/fr\/#website"},"primaryImageOfPage":{"@id":"https:\/\/www.smartystore.it\/fr\/prodotto\/panneaux-daffichage-avec-porte-affiches-certifies-pour-lexterieur\/#primaryimage"},"image":{"@id":"https:\/\/www.smartystore.it\/fr\/prodotto\/panneaux-daffichage-avec-porte-affiches-certifies-pour-lexterieur\/#primaryimage"},"thumbnailUrl":"https:\/\/www.smartystore.it\/v25\/wp-content\/uploads\/2022\/02\/Bacheche-con-certificazioni-da-esterno-porta-poster-70x100-e-100x140-1.jpg","datePublished":"2022-02-18T16:31:22+00:00","dateModified":"2026-04-22T14:59:54+00:00","description":"Panneaux d'affichage ext\u00e9rieur grand format avec porte en verre tremp\u00e9. Disponible en deux formats : 70x100 et 100x140.","breadcrumb":{"@id":"https:\/\/www.smartystore.it\/fr\/prodotto\/panneaux-daffichage-avec-porte-affiches-certifies-pour-lexterieur\/#breadcrumb"},"inLanguage":"fr-FR","potentialAction":[{"@type":"ReadAction","target":["https:\/\/www.smartystore.it\/fr\/prodotto\/panneaux-daffichage-avec-porte-affiches-certifies-pour-lexterieur\/"]}]},{"@type":"ImageObject","inLanguage":"fr-FR","@id":"https:\/\/www.smartystore.it\/fr\/prodotto\/panneaux-daffichage-avec-porte-affiches-certifies-pour-lexterieur\/#primaryimage","url":"https:\/\/www.smartystore.it\/v25\/wp-content\/uploads\/2022\/02\/Bacheche-con-certificazioni-da-esterno-porta-poster-70x100-e-100x140-1.jpg","contentUrl":"https:\/\/www.smartystore.it\/v25\/wp-content\/uploads\/2022\/02\/Bacheche-con-certificazioni-da-esterno-porta-poster-70x100-e-100x140-1.jpg","width":1000,"height":1000,"caption":"Panneaux d'affichage avec porte-affiches certifi\u00e9s pour l'ext\u00e9rieur"},{"@type":"BreadcrumbList","@id":"https:\/\/www.smartystore.it\/fr\/prodotto\/panneaux-daffichage-avec-porte-affiches-certifies-pour-lexterieur\/#breadcrumb","itemListElement":[{"@type":"ListItem","position":1,"name":"Home","item":"https:\/\/www.smartystore.it\/fr\/"},{"@type":"ListItem","position":2,"name":"Boutique","item":"https:\/\/www.smartystore.it\/fr\/boutique\/"},{"@type":"ListItem","position":3,"name":"Panneaux d&#8217;affichage avec porte-affiches certifi\u00e9s pour l&#8217;ext\u00e9rieur"}]},{"@type":"WebSite","@id":"https:\/\/www.smartystore.it\/fr\/#website","url":"https:\/\/www.smartystore.it\/fr\/","name":"Smarty Store","description":"Espositori Pubblicitari e Sistemi di Comunicazione Visiva","potentialAction":[{"@type":"SearchAction","target":{"@type":"EntryPoint","urlTemplate":"https:\/\/www.smartystore.it\/fr\/?s={search_term_string}"},"query-input":{"@type":"PropertyValueSpecification","valueRequired":true,"valueName":"search_term_string"}}],"inLanguage":"fr-FR"}]}},"brands":[],"_links":{"self":[{"href":"https:\/\/www.smartystore.it\/fr\/wp-json\/wp\/v2\/product\/99695","targetHints":{"allow":["GET"]}}],"collection":[{"href":"https:\/\/www.smartystore.it\/fr\/wp-json\/wp\/v2\/product"}],"about":[{"href":"https:\/\/www.smartystore.it\/fr\/wp-json\/wp\/v2\/types\/product"}],"replies":[{"embeddable":true,"href":"https:\/\/www.smartystore.it\/fr\/wp-json\/wp\/v2\/comments?post=99695"}],"wp:featuredmedia":[{"embeddable":true,"href":"https:\/\/www.smartystore.it\/fr\/wp-json\/wp\/v2\/media\/99696"}],"wp:attachment":[{"href":"https:\/\/www.smartystore.it\/fr\/wp-json\/wp\/v2\/media?parent=99695"}],"wp:term":[{"taxonomy":"pwb-brand","embeddable":true,"href":"https:\/\/www.smartystore.it\/fr\/wp-json\/wp\/v2\/pwb-brand?post=99695"},{"taxonomy":"product_brand","embeddable":true,"href":"https:\/\/www.smartystore.it\/fr\/wp-json\/wp\/v2\/product_brand?post=99695"},{"taxonomy":"product_cat","embeddable":true,"href":"https:\/\/www.smartystore.it\/fr\/wp-json\/wp\/v2\/product_cat?post=99695"},{"taxonomy":"product_tag","embeddable":true,"href":"https:\/\/www.smartystore.it\/fr\/wp-json\/wp\/v2\/product_tag?post=99695"}],"curies":[{"name":"wp","href":"https:\/\/api.w.org\/{rel}","templated":true}]}}