{"id":99679,"date":"2026-04-21T11:43:14","date_gmt":"2026-04-21T09:43:14","guid":{"rendered":"https:\/\/www.smartystore.it\/prodotto\/base-metallique-legere-l495\/"},"modified":"2026-04-21T17:50:00","modified_gmt":"2026-04-21T15:50:00","slug":"base-metallique-legere-l495","status":"publish","type":"product","link":"https:\/\/www.smartystore.it\/fr\/prodotto\/base-metallique-legere-l495\/","title":{"rendered":"Base m\u00e9tallique l\u00e9g\u00e8re L495"},"content":{"rendered":"<div class=\"wpb-content-wrapper\"><p>[vc_row][vc_column][vc_column_text css=\u00a0\u00bb\u00a0\u00bb css_params=\u00a0\u00bb\u00a0\u00bb]<\/p>\n<h1>Base m\u00e9tallique l\u00e9g\u00e8re en \u00ab\u00a0L\u00a0\u00bb pour panneaux rigides<\/h1>\n<p>La base m\u00e9tallique l\u00e9g\u00e8re est une solution fonctionnelle et \u00e9l\u00e9gante pour pr\u00e9senter des panneaux publicitaires rigides fabriqu\u00e9s \u00e0 partir de mat\u00e9riaux tels que le forex, la mousse\/sandwich, le carton, le dibond et le polycarbonate. Ce syst\u00e8me se compose de <strong>deux \u00e9l\u00e9ments m\u00e9talliques<\/strong> pli\u00e9s en forme de \u00ab\u00a0L\u00a0\u00bb, recouverts d&rsquo;une couche de poudre d&rsquo;argent, ce qui conf\u00e8re au produit une grande solidit\u00e9 et un aspect sobre et professionnel. <\/p>\n<p>Les deux \u00e9l\u00e9ments sont positionn\u00e9s sur les c\u00f4t\u00e9s oppos\u00e9s du panneau et fix\u00e9s \u00e0 l&rsquo;aide de deux vis ins\u00e9r\u00e9es dans les trous pr\u00e9vus \u00e0 cet effet sur la partie sup\u00e9rieure de chaque \u00e9l\u00e9ment. Ce m\u00e9canisme permet une installation rapide et, surtout, la possibilit\u00e9 de ne remplacer que le panneau publicitaire, ce qui permet de r\u00e9aliser d&rsquo;importantes \u00e9conomies au fil du temps. <\/p>\n<h2>Base m\u00e9tallique l\u00e9g\u00e8re : stable et durable<\/h2>\n<p>L&rsquo;un des principaux avantages de la base m\u00e9tallique est sa grande robustesse par rapport \u00e0 des solutions similaires en carton. Cette caract\u00e9ristique rend le produit particuli\u00e8rement r\u00e9sistant \u00e0 l&rsquo;humidit\u00e9, ce qui permet \u00e9galement de nettoyer le sol sans risque d&rsquo;endommagement ou de d\u00e9formation de la structure. La largeur standard de la base est de 49,5 cm, mais elle peut \u00eatre utilis\u00e9e sans probl\u00e8me avec des panneaux plus grands, qui peuvent d\u00e9passer lat\u00e9ralement de la base sans compromettre sa stabilit\u00e9.  <\/p>\n<p>En outre, des <strong>vis et des \u00e9crous de fixation<\/strong> adapt\u00e9s \u00e0 l&rsquo;\u00e9paisseur sp\u00e9cifique du panneau \u00e0 utiliser et une <strong>cl\u00e9 Allen<\/strong> peuvent \u00e9galement \u00eatre command\u00e9s au moment de la demande, garantissant ainsi un montage rapide et personnalis\u00e9.<\/p>\n<p>Cette base m\u00e9tallique est id\u00e9ale pour les entreprises qui ont besoin de pr\u00e9senter et de remplacer fr\u00e9quemment des panneaux publicitaires, ainsi que pour les imprimeurs et les imprimeurs qui souhaitent offrir \u00e0 leurs clients un produit complet et de haute qualit\u00e9. Gr\u00e2ce \u00e0 sa polyvalence, sa durabilit\u00e9 et sa facilit\u00e9 d&rsquo;utilisation, il constitue un excellent choix dans le domaine de la communication visuelle et de la conception d&rsquo;expositions. <\/p>\n<h3>CARACT\u00c9RISTIQUES:<\/h3>\n<ul>\n<li>Mat\u00e9riau : fer.<\/li>\n<li>Couleurs disponibles : argent.<\/li>\n<li>Rev\u00eatement par poudre.<\/li>\n<li><span style=\"text-decoration: underline;\"><strong>BASE ANTI-BLASTING ULTRA PLATE : 2 mm d&rsquo;\u00e9paisseur.<\/strong><\/span><\/li>\n<li>Coins arrondis.<\/li>\n<li>Double trou pour l&rsquo;utilisation de vis de taille M6.<\/li>\n<li>Dimensions de la base : 495 x 150 x 100 mm.<\/li>\n<li>Poids total de la base : 3,6 kg environ.<\/li>\n<\/ul>\n<p><strong>Accessoires en option<\/strong>:<\/p>\n<ul>\n<li>Kit de vis \u00e0 t\u00eate cylindrique &#8211; 2 vis M6x20 (pour panneaux de 1 cm) + 2 vis M6x30 (pour panneaux de 2 cm) + 2 \u00e9crous borgnes M6<\/li>\n<li>Kit vis + cl\u00e9 Allen<\/li>\n<\/ul>\n<p>&nbsp;<\/p>\n<h3 style=\"text-align: center;\">Voir les autres bases disponibles sur ce <span style=\"color: #ff0000;\"><a style=\"color: #ff0000;\" href=\"https:\/\/www.smartystore.it\/fr\/categoria-prodotto\/presentoirs-publicitaires\/accessoires-pour-les-presentoirs-publicitaires\/\">LIEN<\/a><\/span><\/h3>\n<p>&nbsp;<\/p>\n<p><a href=\"https:\/\/www.smartystore.it\/v25\/wp-content\/uploads\/2026\/04\/Base-a-L-495_Scheda-Tecnica.pdf\" target=\"_blank\" rel=\"noopener\"><img loading=\"lazy\" decoding=\"async\" class=\"alignnone wp-image-93510 size-full\" src=\"https:\/\/www.smartystore.it\/v25\/wp-content\/uploads\/2014\/10\/SchedaTecnica-300-e1750084266903.png\" alt=\"\" width=\"249\" height=\"63\"><\/a><\/p>\n<p>&nbsp;<\/p>\n<p>[\/vc_column_text][\/vc_column][\/vc_row]<\/p>\n<\/div>","protected":false},"excerpt":{"rendered":"<p>Base m\u00e9tallique l\u00e9g\u00e8re en forme de L compos\u00e9e de deux \u00e9l\u00e9ments rev\u00eatus d&rsquo;une poudre argent\u00e9e.<\/p>\n","protected":false},"featured_media":99645,"comment_status":"open","ping_status":"closed","template":"","meta":{"_acf_changed":false},"pwb-brand":[],"product_brand":[3872],"product_cat":[3025,3019],"product_tag":[7320,7318,7322,7319,7321],"class_list":{"0":"post-99679","1":"product","2":"type-product","3":"status-publish","4":"has-post-thumbnail","6":"product_brand-smartystore","7":"product_cat-accessoires-et-pieces-de-rechange","8":"product_cat-accessoires-pour-les-presentoirs-publicitaires","9":"product_tag-base-de-support-pour-panneaux-rigides","10":"product_tag-base-metallique-legere","11":"product_tag-base-metallique-pour-panneaux-forex","12":"product_tag-base-metallique-pour-panneaux-publicitaires","13":"product_tag-support-metallique-pour-panneaux-sandwichs-en-plumes","14":"pa_accessori-kit-de-vis-et-decrous","15":"pa_accessori-kit-de-vis-et-decrous-cle-allen","16":"pa_accessori-non","17":"pa_c2c_color-argent","18":"pa_c2c_dimensione-495x150x100-mm","20":"first","21":"instock","22":"taxable","23":"shipping-taxable","24":"purchasable","25":"product-type-variable"},"acf":[],"yoast_head":"<!-- This site is optimized with the Yoast SEO plugin v27.0 - https:\/\/yoast.com\/product\/yoast-seo-wordpress\/ -->\n<title>Base m\u00e9tallique l\u00e9g\u00e8re L495 - Smarty Store Acheter au Meilleur Prix<\/title>\n<meta name=\"description\" content=\"Base m\u00e9tallique l\u00e9g\u00e8re compos\u00e9e de deux \u00e9l\u00e9ments en forme de &quot;L&quot;, recouverts d&#039;une couche de poudre argent\u00e9e. Deux trous sup\u00e9rieurs pour la fixation de panneaux rigides.\" \/>\n<meta name=\"robots\" content=\"index, follow, max-snippet:-1, max-image-preview:large, max-video-preview:-1\" \/>\n<link rel=\"canonical\" href=\"https:\/\/www.smartystore.it\/fr\/prodotto\/base-metallique-legere-l495\/\" \/>\n<meta property=\"og:locale\" content=\"fr_FR\" \/>\n<meta property=\"og:type\" content=\"article\" \/>\n<meta property=\"og:title\" content=\"Base m\u00e9tallique l\u00e9g\u00e8re L495 - Smarty Store Acheter au Meilleur Prix\" \/>\n<meta property=\"og:description\" content=\"Base m\u00e9tallique l\u00e9g\u00e8re compos\u00e9e de deux \u00e9l\u00e9ments en forme de &quot;L&quot;, recouverts d&#039;une couche de poudre argent\u00e9e. Deux trous sup\u00e9rieurs pour la fixation de panneaux rigides.\" \/>\n<meta property=\"og:url\" content=\"https:\/\/www.smartystore.it\/fr\/prodotto\/base-metallique-legere-l495\/\" \/>\n<meta property=\"og:site_name\" content=\"Smarty Store\" \/>\n<meta property=\"article:modified_time\" content=\"2026-04-21T15:50:00+00:00\" \/>\n<meta property=\"og:image\" content=\"https:\/\/www.smartystore.it\/v25\/wp-content\/uploads\/2026\/04\/Base-leggera-in-metallo-l495_dp.jpg\" \/>\n\t<meta property=\"og:image:width\" content=\"1000\" \/>\n\t<meta property=\"og:image:height\" content=\"1000\" \/>\n\t<meta property=\"og:image:type\" content=\"image\/jpeg\" \/>\n<meta name=\"twitter:card\" content=\"summary_large_image\" \/>\n<meta name=\"twitter:label1\" content=\"Dur\u00e9e de lecture estim\u00e9e\" \/>\n\t<meta name=\"twitter:data1\" content=\"3 minutes\" \/>\n<script type=\"application\/ld+json\" class=\"yoast-schema-graph\">{\"@context\":\"https:\/\/schema.org\",\"@graph\":[{\"@type\":\"WebPage\",\"@id\":\"https:\/\/www.smartystore.it\/fr\/prodotto\/base-metallique-legere-l495\/\",\"url\":\"https:\/\/www.smartystore.it\/fr\/prodotto\/base-metallique-legere-l495\/\",\"name\":\"Base m\u00e9tallique l\u00e9g\u00e8re L495 - Smarty Store Acheter au Meilleur Prix\",\"isPartOf\":{\"@id\":\"https:\/\/www.smartystore.it\/fr\/#website\"},\"primaryImageOfPage\":{\"@id\":\"https:\/\/www.smartystore.it\/fr\/prodotto\/base-metallique-legere-l495\/#primaryimage\"},\"image\":{\"@id\":\"https:\/\/www.smartystore.it\/fr\/prodotto\/base-metallique-legere-l495\/#primaryimage\"},\"thumbnailUrl\":\"https:\/\/www.smartystore.it\/v25\/wp-content\/uploads\/2026\/04\/Base-leggera-in-metallo-l495_dp.jpg\",\"datePublished\":\"2026-04-21T09:43:14+00:00\",\"dateModified\":\"2026-04-21T15:50:00+00:00\",\"description\":\"Base m\u00e9tallique l\u00e9g\u00e8re compos\u00e9e de deux \u00e9l\u00e9ments en forme de \\\"L\\\", recouverts d'une couche de poudre argent\u00e9e. Deux trous sup\u00e9rieurs pour la fixation de panneaux rigides.\",\"breadcrumb\":{\"@id\":\"https:\/\/www.smartystore.it\/fr\/prodotto\/base-metallique-legere-l495\/#breadcrumb\"},\"inLanguage\":\"fr-FR\",\"potentialAction\":[{\"@type\":\"ReadAction\",\"target\":[\"https:\/\/www.smartystore.it\/fr\/prodotto\/base-metallique-legere-l495\/\"]}]},{\"@type\":\"ImageObject\",\"inLanguage\":\"fr-FR\",\"@id\":\"https:\/\/www.smartystore.it\/fr\/prodotto\/base-metallique-legere-l495\/#primaryimage\",\"url\":\"https:\/\/www.smartystore.it\/v25\/wp-content\/uploads\/2026\/04\/Base-leggera-in-metallo-l495_dp.jpg\",\"contentUrl\":\"https:\/\/www.smartystore.it\/v25\/wp-content\/uploads\/2026\/04\/Base-leggera-in-metallo-l495_dp.jpg\",\"width\":1000,\"height\":1000,\"caption\":\"Base m\u00e9tallique l\u00e9g\u00e8re\"},{\"@type\":\"BreadcrumbList\",\"@id\":\"https:\/\/www.smartystore.it\/fr\/prodotto\/base-metallique-legere-l495\/#breadcrumb\",\"itemListElement\":[{\"@type\":\"ListItem\",\"position\":1,\"name\":\"Home\",\"item\":\"https:\/\/www.smartystore.it\/fr\/\"},{\"@type\":\"ListItem\",\"position\":2,\"name\":\"Boutique\",\"item\":\"https:\/\/www.smartystore.it\/fr\/boutique\/\"},{\"@type\":\"ListItem\",\"position\":3,\"name\":\"Base m\u00e9tallique l\u00e9g\u00e8re L495\"}]},{\"@type\":\"WebSite\",\"@id\":\"https:\/\/www.smartystore.it\/fr\/#website\",\"url\":\"https:\/\/www.smartystore.it\/fr\/\",\"name\":\"Smarty Store\",\"description\":\"Espositori Pubblicitari e Sistemi di Comunicazione Visiva\",\"potentialAction\":[{\"@type\":\"SearchAction\",\"target\":{\"@type\":\"EntryPoint\",\"urlTemplate\":\"https:\/\/www.smartystore.it\/fr\/?s={search_term_string}\"},\"query-input\":{\"@type\":\"PropertyValueSpecification\",\"valueRequired\":true,\"valueName\":\"search_term_string\"}}],\"inLanguage\":\"fr-FR\"}]}<\/script>\n<!-- \/ Yoast SEO plugin. -->","yoast_head_json":{"title":"Base m\u00e9tallique l\u00e9g\u00e8re L495 - Smarty Store Acheter au Meilleur Prix","description":"Base m\u00e9tallique l\u00e9g\u00e8re compos\u00e9e de deux \u00e9l\u00e9ments en forme de \"L\", recouverts d'une couche de poudre argent\u00e9e. Deux trous sup\u00e9rieurs pour la fixation de panneaux rigides.","robots":{"index":"index","follow":"follow","max-snippet":"max-snippet:-1","max-image-preview":"max-image-preview:large","max-video-preview":"max-video-preview:-1"},"canonical":"https:\/\/www.smartystore.it\/fr\/prodotto\/base-metallique-legere-l495\/","og_locale":"fr_FR","og_type":"article","og_title":"Base m\u00e9tallique l\u00e9g\u00e8re L495 - Smarty Store Acheter au Meilleur Prix","og_description":"Base m\u00e9tallique l\u00e9g\u00e8re compos\u00e9e de deux \u00e9l\u00e9ments en forme de \"L\", recouverts d'une couche de poudre argent\u00e9e. Deux trous sup\u00e9rieurs pour la fixation de panneaux rigides.","og_url":"https:\/\/www.smartystore.it\/fr\/prodotto\/base-metallique-legere-l495\/","og_site_name":"Smarty Store","article_modified_time":"2026-04-21T15:50:00+00:00","og_image":[{"width":1000,"height":1000,"url":"https:\/\/www.smartystore.it\/v25\/wp-content\/uploads\/2026\/04\/Base-leggera-in-metallo-l495_dp.jpg","type":"image\/jpeg"}],"twitter_card":"summary_large_image","twitter_misc":{"Dur\u00e9e de lecture estim\u00e9e":"3 minutes"},"schema":{"@context":"https:\/\/schema.org","@graph":[{"@type":"WebPage","@id":"https:\/\/www.smartystore.it\/fr\/prodotto\/base-metallique-legere-l495\/","url":"https:\/\/www.smartystore.it\/fr\/prodotto\/base-metallique-legere-l495\/","name":"Base m\u00e9tallique l\u00e9g\u00e8re L495 - Smarty Store Acheter au Meilleur Prix","isPartOf":{"@id":"https:\/\/www.smartystore.it\/fr\/#website"},"primaryImageOfPage":{"@id":"https:\/\/www.smartystore.it\/fr\/prodotto\/base-metallique-legere-l495\/#primaryimage"},"image":{"@id":"https:\/\/www.smartystore.it\/fr\/prodotto\/base-metallique-legere-l495\/#primaryimage"},"thumbnailUrl":"https:\/\/www.smartystore.it\/v25\/wp-content\/uploads\/2026\/04\/Base-leggera-in-metallo-l495_dp.jpg","datePublished":"2026-04-21T09:43:14+00:00","dateModified":"2026-04-21T15:50:00+00:00","description":"Base m\u00e9tallique l\u00e9g\u00e8re compos\u00e9e de deux \u00e9l\u00e9ments en forme de \"L\", recouverts d'une couche de poudre argent\u00e9e. Deux trous sup\u00e9rieurs pour la fixation de panneaux rigides.","breadcrumb":{"@id":"https:\/\/www.smartystore.it\/fr\/prodotto\/base-metallique-legere-l495\/#breadcrumb"},"inLanguage":"fr-FR","potentialAction":[{"@type":"ReadAction","target":["https:\/\/www.smartystore.it\/fr\/prodotto\/base-metallique-legere-l495\/"]}]},{"@type":"ImageObject","inLanguage":"fr-FR","@id":"https:\/\/www.smartystore.it\/fr\/prodotto\/base-metallique-legere-l495\/#primaryimage","url":"https:\/\/www.smartystore.it\/v25\/wp-content\/uploads\/2026\/04\/Base-leggera-in-metallo-l495_dp.jpg","contentUrl":"https:\/\/www.smartystore.it\/v25\/wp-content\/uploads\/2026\/04\/Base-leggera-in-metallo-l495_dp.jpg","width":1000,"height":1000,"caption":"Base m\u00e9tallique l\u00e9g\u00e8re"},{"@type":"BreadcrumbList","@id":"https:\/\/www.smartystore.it\/fr\/prodotto\/base-metallique-legere-l495\/#breadcrumb","itemListElement":[{"@type":"ListItem","position":1,"name":"Home","item":"https:\/\/www.smartystore.it\/fr\/"},{"@type":"ListItem","position":2,"name":"Boutique","item":"https:\/\/www.smartystore.it\/fr\/boutique\/"},{"@type":"ListItem","position":3,"name":"Base m\u00e9tallique l\u00e9g\u00e8re L495"}]},{"@type":"WebSite","@id":"https:\/\/www.smartystore.it\/fr\/#website","url":"https:\/\/www.smartystore.it\/fr\/","name":"Smarty Store","description":"Espositori Pubblicitari e Sistemi di Comunicazione Visiva","potentialAction":[{"@type":"SearchAction","target":{"@type":"EntryPoint","urlTemplate":"https:\/\/www.smartystore.it\/fr\/?s={search_term_string}"},"query-input":{"@type":"PropertyValueSpecification","valueRequired":true,"valueName":"search_term_string"}}],"inLanguage":"fr-FR"}]}},"brands":[],"_links":{"self":[{"href":"https:\/\/www.smartystore.it\/fr\/wp-json\/wp\/v2\/product\/99679","targetHints":{"allow":["GET"]}}],"collection":[{"href":"https:\/\/www.smartystore.it\/fr\/wp-json\/wp\/v2\/product"}],"about":[{"href":"https:\/\/www.smartystore.it\/fr\/wp-json\/wp\/v2\/types\/product"}],"replies":[{"embeddable":true,"href":"https:\/\/www.smartystore.it\/fr\/wp-json\/wp\/v2\/comments?post=99679"}],"wp:featuredmedia":[{"embeddable":true,"href":"https:\/\/www.smartystore.it\/fr\/wp-json\/wp\/v2\/media\/99645"}],"wp:attachment":[{"href":"https:\/\/www.smartystore.it\/fr\/wp-json\/wp\/v2\/media?parent=99679"}],"wp:term":[{"taxonomy":"pwb-brand","embeddable":true,"href":"https:\/\/www.smartystore.it\/fr\/wp-json\/wp\/v2\/pwb-brand?post=99679"},{"taxonomy":"product_brand","embeddable":true,"href":"https:\/\/www.smartystore.it\/fr\/wp-json\/wp\/v2\/product_brand?post=99679"},{"taxonomy":"product_cat","embeddable":true,"href":"https:\/\/www.smartystore.it\/fr\/wp-json\/wp\/v2\/product_cat?post=99679"},{"taxonomy":"product_tag","embeddable":true,"href":"https:\/\/www.smartystore.it\/fr\/wp-json\/wp\/v2\/product_tag?post=99679"}],"curies":[{"name":"wp","href":"https:\/\/api.w.org\/{rel}","templated":true}]}}