{"id":99615,"date":"2014-10-15T16:22:41","date_gmt":"2014-10-15T16:22:41","guid":{"rendered":"https:\/\/www.smartystore.it\/prodotto\/totem-dinterieur-double-face-90x250\/"},"modified":"2026-04-20T18:01:51","modified_gmt":"2026-04-20T16:01:51","slug":"totem-dinterieur-double-face-90x250","status":"publish","type":"product","link":"https:\/\/www.smartystore.it\/fr\/prodotto\/totem-dinterieur-double-face-90x250\/","title":{"rendered":"Totem d&rsquo;int\u00e9rieur double face 90&#215;250"},"content":{"rendered":"<div class=\"wpb-content-wrapper\"><p>[vc_row][vc_column][vc_column_text css=\u00a0\u00bb\u00a0\u00bb css_params=\u00a0\u00bb\u00a0\u00bb]<\/p>\n<h1>Totem d&rsquo;int\u00e9rieur double face 90&#215;250<\/h1>\n<p>Le totem d&rsquo;int\u00e9rieur double face 90&#215;250 est un pr\u00e9sentoir <strong>autoportant<\/strong> \u00e0 fort impact visuel. Il se compose de profils lat\u00e9raux en aluminium, d&rsquo;une <strong>structure de renforcement interne<\/strong>, d&rsquo;une base en m\u00e9tal thermolaqu\u00e9 argent\u00e9 avec des trous pour la fixation au sol et de deux panneaux arri\u00e8re en forex.<\/p>\n<h2>Totem d&rsquo;int\u00e9rieur 90&#215;250 double face : id\u00e9al dans tous les contextes<\/h2>\n<p>Solution id\u00e9ale pour la communication d&rsquo;entreprise, directionnelle ou promotionnelle, et dont la taille permet de voir l&rsquo;information m\u00eame de loin, le totem est en effet utilis\u00e9 sur les points de vente, dans les magasins et \u00e0 l&rsquo;entr\u00e9e des entreprises.<\/p>\n<p>Le totem peut \u00eatre utilis\u00e9 d&rsquo;un seul c\u00f4t\u00e9 ou des deux c\u00f4t\u00e9s. Si vous souhaitez le personnaliser, les graphiques seront imprim\u00e9s directement sur le panneau avant.<\/p>\n<p>&nbsp;<\/p>\n<h3><strong>CARACT\u00c9RISTIQUES:<\/strong><\/h3>\n<ul>\n<li>Totem autoportant pour l&rsquo;int\u00e9rieur.<\/li>\n<li>Profils lat\u00e9raux en aluminium argent\u00e9.<\/li>\n<li>Socle en m\u00e9tal recouvert de poudre d&rsquo;argent (cm) : L 95 x P 50 H 0,6<\/li>\n<li>Base avec des trous pour une \u00e9ventuelle fixation au sol.<\/li>\n<li>Structure interne de renforcement m\u00e9tallique.<\/li>\n<li>Deux panneaux arri\u00e8re en forex blanc de 3 mm d&rsquo;\u00e9paisseur.<\/li>\n<li>Taille de la structure (en cm) : L 90 &#8211; H 250<\/li>\n<li>Taille de la zone d&rsquo;impression (en cm) : L 90 &#8211; H 250<\/li>\n<li>Surface visible (en cm) : L 86 &#8211; H 250<\/li>\n<li>Poids du totem : 48 kg.<\/li>\n<li>Utilisation en int\u00e9rieur.<\/li>\n<\/ul>\n<p>&nbsp;<\/p>\n<h3 style=\"text-align: center;\">Voir les autres totems d&rsquo;int\u00e9rieur \u00e0 ce <a href=\"https:\/\/www.smartystore.it\/fr\/categoria-prodotto\/totems-publicitaires-et-dinformation\/totem-dinterieur\/\">LIEN<\/a><\/h3>\n<p>&nbsp;<\/p>\n<p><span style=\"color: #993300;\"><strong>POUR LE FICHIER GRAPHIQUE : cr\u00e9ez le fichier aux dimensions 90&#215;250 cm (\u00e9chelle 1:1) avec les textes convertis en trac\u00e9s, apr\u00e8s avoir sauvegard\u00e9 le fichier en format PDF (r\u00e9solution minimale de 200 dpi), envoyez le document \u00e0 l&rsquo;adresse \u00e9lectronique suivante<\/strong><\/span><strong> <a href=\"mailto:grafica@smartystore.it\">grafica@smartystore.it<\/a> <\/strong><span style=\"color: #993300;\"><strong>en mentionnant le num\u00e9ro de commande.<\/strong><\/span><\/p>\n<p>&nbsp;<\/p>\n<p><a href=\"https:\/\/www.smartystore.it\/v25\/wp-content\/uploads\/2014\/10\/STR-TIE005-07.pdf\" target=\"_blank\" rel=\"noopener\"><img loading=\"lazy\" decoding=\"async\" class=\"alignnone size-full wp-image-93672\" src=\"https:\/\/www.smartystore.it\/v25\/wp-content\/uploads\/2023\/11\/LogoDownload_yellow.jpg\" alt=\"\" width=\"50\" height=\"50\" \/> <\/a><a href=\"https:\/\/www.smartystore.it\/v25\/wp-content\/uploads\/2014\/10\/STR-TIE005-07.pdf\" target=\"_blank\" rel=\"noopener noreferrer\"><strong>FICHE TECHNIQUE<\/strong><\/a><\/p>\n<p><a href=\"https:\/\/www.smartystore.it\/v25\/wp-content\/uploads\/2024\/03\/STR-TIE007-template.pdf\" target=\"_blank\" rel=\"noopener\"><img loading=\"lazy\" decoding=\"async\" class=\"alignnone size-full wp-image-93609\" src=\"https:\/\/www.smartystore.it\/v25\/wp-content\/uploads\/2021\/02\/LogoDownload_green-1.jpg\" alt=\"\" width=\"50\" height=\"50\" \/> <\/a><a href=\"https:\/\/www.smartystore.it\/v25\/wp-content\/uploads\/2024\/03\/STR-TIE007-template.pdf\" target=\"_blank\" rel=\"noopener\"><strong>DISPOSITION DE LA D\u00c9COUPE \u00c0 L&rsquo;EMPORTE-PI\u00c8CE<\/strong><\/a><\/p>\n<p><a href=\"https:\/\/www.smartystore.it\/v25\/wp-content\/uploads\/2025\/08\/Istruzioni-montaggio_STR-TIE001-2-3-4-5-6-7.pdf\" target=\"_blank\" rel=\"noopener\"><img loading=\"lazy\" decoding=\"async\" class=\"alignnone size-full wp-image-94839\" src=\"https:\/\/www.smartystore.it\/v25\/wp-content\/uploads\/2025\/08\/LogoDownload_blue.jpg\" alt=\"\" width=\"50\" height=\"50\" \/><\/a> <a href=\"https:\/\/www.smartystore.it\/v25\/wp-content\/uploads\/2025\/08\/Istruzioni-montaggio_STR-TIE001-2-3-4-5-6-7.pdf\" target=\"_blank\" rel=\"noopener\"><strong>INSTRUCTIONS D&rsquo;ASSEMBLAGE<\/strong><\/a><\/p>\n<p>&nbsp;<\/p>\n<p><strong>SERVICES DE GRAPHISME ET D&rsquo;IMPRESSION<\/strong><\/p>\n<p>Smarty Store peut fournir des services de mise en page et\/ou d&rsquo;impression.<\/p>\n<p>Si le service d&rsquo;impression seule est demand\u00e9, le client doit envoyer le fichier d&rsquo;impression au format PDF. Les graphiques seront imprim\u00e9s tels qu&rsquo;ils sont re\u00e7us dans le fichier.<\/p>\n<p>Si un service de mise en page est demand\u00e9, notre organisation contactera le client par t\u00e9l\u00e9phone pour obtenir les informations n\u00e9cessaires. La mise en page graphique exclut les images, qui doivent \u00eatre fournies par le client ou faire l&rsquo;objet d&rsquo;un devis s\u00e9par\u00e9.<br \/>\nLe client recevra la proposition graphique au format PDF pour approbation.<\/p>\n<p><strong>ATTENTION :<\/strong><br \/>\nLes couleurs affich\u00e9es peuvent varier d&rsquo;un \u00e9cran \u00e0 l&rsquo;autre. Pour les couleurs d&rsquo;impression, vous devez toujours vous r\u00e9f\u00e9rer \u00e0 l&rsquo;\u00e9chelle Pantone.<br \/>\nSmarty Store d\u00e9cline toute responsabilit\u00e9 en cas de couleurs v\u00e9rifi\u00e9es par le client uniquement sur son propre moniteur.<\/p>\n<p>&nbsp;<\/p>\n<p>[\/vc_column_text][\/vc_column][\/vc_row]<\/p>\n<\/div>","protected":false},"excerpt":{"rendered":"<p>Totem d&rsquo;int\u00e9rieur 90&#215;250 recto-verso. Imprim\u00e9 sur des panneaux en forex blanc et sur une base en m\u00e9tal argent\u00e9 avec des trous pour la fixation au sol.<\/p>\n","protected":false},"featured_media":99614,"comment_status":"open","ping_status":"closed","template":"","meta":{"_acf_changed":false},"pwb-brand":[],"product_brand":[],"product_cat":[3103,3679],"product_tag":[7275,7272,7278,7277,7274,7279,7273,7276,7240],"class_list":{"0":"post-99615","1":"product","2":"type-product","3":"status-publish","4":"has-post-thumbnail","6":"product_cat-totem-dinterieur","7":"product_cat-totems-publicitaires-et-dinformation","8":"product_tag-totem-avec-panneaux-blancs-en-forex","9":"product_tag-totem-dinterieur-autoportant","10":"product_tag-totem-dinterieur-personnalisable","11":"product_tag-totem-dinterieur-pour-la-signalisation","12":"product_tag-totem-professionnel-dinterieur","13":"product_tag-totem-publicitaire-interieur-90x250","14":"product_tag-totem-publicitaire-interieur-double-face-90x250","15":"product_tag-totems-dinterieur-pour-les-hopitaux","16":"product_tag-totems-double-face-pour-centres-commerciaux","17":"pa_c2c_color-argent","18":"pa_c2c_dimensione-cm-90x250","19":"pa_c2c_grafica-1-sujet","20":"pa_c2c_grafica-non","21":"pa_c2c_mono_bifacciale-double-face","22":"pa_c2c_stampa-1-cote","23":"pa_c2c_stampa-2-faces","24":"pa_c2c_stampa-non","25":"pa_c2c_trovraprezzi-oui","27":"first","28":"instock","29":"taxable","30":"shipping-taxable","31":"purchasable","32":"product-type-variable"},"acf":[],"yoast_head":"<!-- This site is optimized with the Yoast SEO plugin v27.0 - https:\/\/yoast.com\/product\/yoast-seo-wordpress\/ -->\n<title>Totem d&#039;int\u00e9rieur double face 90x250 - Smarty Store<\/title>\n<meta name=\"description\" content=\"Totems publicitaires int\u00e9rieurs 90x250 double face. D\u00e9couvrez sur Smartystore la gamme de totems publicitaires id\u00e9ale pour promouvoir efficacement votre entreprise.\" \/>\n<meta name=\"robots\" content=\"index, follow, max-snippet:-1, max-image-preview:large, max-video-preview:-1\" \/>\n<link rel=\"canonical\" href=\"https:\/\/www.smartystore.it\/fr\/prodotto\/totem-dinterieur-double-face-90x250\/\" \/>\n<meta property=\"og:locale\" content=\"fr_FR\" \/>\n<meta property=\"og:type\" content=\"article\" \/>\n<meta property=\"og:title\" content=\"Totem d&#039;int\u00e9rieur double face 90x250 - Smarty Store\" \/>\n<meta property=\"og:description\" content=\"Totems publicitaires int\u00e9rieurs 90x250 double face. D\u00e9couvrez sur Smartystore la gamme de totems publicitaires id\u00e9ale pour promouvoir efficacement votre entreprise.\" \/>\n<meta property=\"og:url\" content=\"https:\/\/www.smartystore.it\/fr\/prodotto\/totem-dinterieur-double-face-90x250\/\" \/>\n<meta property=\"og:site_name\" content=\"Smarty Store\" \/>\n<meta property=\"article:modified_time\" content=\"2026-04-20T16:01:51+00:00\" \/>\n<meta property=\"og:image\" content=\"https:\/\/www.smartystore.it\/v25\/wp-content\/uploads\/2014\/10\/Totem-bifacciale-interno-90x250-1.jpg\" \/>\n\t<meta property=\"og:image:width\" content=\"1000\" \/>\n\t<meta property=\"og:image:height\" content=\"1000\" \/>\n\t<meta property=\"og:image:type\" content=\"image\/jpeg\" \/>\n<meta name=\"twitter:card\" content=\"summary_large_image\" \/>\n<meta name=\"twitter:label1\" content=\"Dur\u00e9e de lecture estim\u00e9e\" \/>\n\t<meta name=\"twitter:data1\" content=\"4 minutes\" \/>\n<script type=\"application\/ld+json\" class=\"yoast-schema-graph\">{\"@context\":\"https:\/\/schema.org\",\"@graph\":[{\"@type\":\"WebPage\",\"@id\":\"https:\/\/www.smartystore.it\/fr\/prodotto\/totem-dinterieur-double-face-90x250\/\",\"url\":\"https:\/\/www.smartystore.it\/fr\/prodotto\/totem-dinterieur-double-face-90x250\/\",\"name\":\"Totem d'int\u00e9rieur double face 90x250 - Smarty Store\",\"isPartOf\":{\"@id\":\"https:\/\/www.smartystore.it\/fr\/#website\"},\"primaryImageOfPage\":{\"@id\":\"https:\/\/www.smartystore.it\/fr\/prodotto\/totem-dinterieur-double-face-90x250\/#primaryimage\"},\"image\":{\"@id\":\"https:\/\/www.smartystore.it\/fr\/prodotto\/totem-dinterieur-double-face-90x250\/#primaryimage\"},\"thumbnailUrl\":\"https:\/\/www.smartystore.it\/v25\/wp-content\/uploads\/2014\/10\/Totem-bifacciale-interno-90x250-1.jpg\",\"datePublished\":\"2014-10-15T16:22:41+00:00\",\"dateModified\":\"2026-04-20T16:01:51+00:00\",\"description\":\"Totems publicitaires int\u00e9rieurs 90x250 double face. D\u00e9couvrez sur Smartystore la gamme de totems publicitaires id\u00e9ale pour promouvoir efficacement votre entreprise.\",\"breadcrumb\":{\"@id\":\"https:\/\/www.smartystore.it\/fr\/prodotto\/totem-dinterieur-double-face-90x250\/#breadcrumb\"},\"inLanguage\":\"fr-FR\",\"potentialAction\":[{\"@type\":\"ReadAction\",\"target\":[\"https:\/\/www.smartystore.it\/fr\/prodotto\/totem-dinterieur-double-face-90x250\/\"]}]},{\"@type\":\"ImageObject\",\"inLanguage\":\"fr-FR\",\"@id\":\"https:\/\/www.smartystore.it\/fr\/prodotto\/totem-dinterieur-double-face-90x250\/#primaryimage\",\"url\":\"https:\/\/www.smartystore.it\/v25\/wp-content\/uploads\/2014\/10\/Totem-bifacciale-interno-90x250-1.jpg\",\"contentUrl\":\"https:\/\/www.smartystore.it\/v25\/wp-content\/uploads\/2014\/10\/Totem-bifacciale-interno-90x250-1.jpg\",\"width\":1000,\"height\":1000,\"caption\":\"Totem d'int\u00e9rieur double face 90x250\"},{\"@type\":\"BreadcrumbList\",\"@id\":\"https:\/\/www.smartystore.it\/fr\/prodotto\/totem-dinterieur-double-face-90x250\/#breadcrumb\",\"itemListElement\":[{\"@type\":\"ListItem\",\"position\":1,\"name\":\"Home\",\"item\":\"https:\/\/www.smartystore.it\/fr\/\"},{\"@type\":\"ListItem\",\"position\":2,\"name\":\"Boutique\",\"item\":\"https:\/\/www.smartystore.it\/fr\/boutique\/\"},{\"@type\":\"ListItem\",\"position\":3,\"name\":\"Totem d&#8217;int\u00e9rieur double face 90&#215;250\"}]},{\"@type\":\"WebSite\",\"@id\":\"https:\/\/www.smartystore.it\/fr\/#website\",\"url\":\"https:\/\/www.smartystore.it\/fr\/\",\"name\":\"Smarty Store\",\"description\":\"Espositori Pubblicitari e Sistemi di Comunicazione Visiva\",\"potentialAction\":[{\"@type\":\"SearchAction\",\"target\":{\"@type\":\"EntryPoint\",\"urlTemplate\":\"https:\/\/www.smartystore.it\/fr\/?s={search_term_string}\"},\"query-input\":{\"@type\":\"PropertyValueSpecification\",\"valueRequired\":true,\"valueName\":\"search_term_string\"}}],\"inLanguage\":\"fr-FR\"}]}<\/script>\n<!-- \/ Yoast SEO plugin. -->","yoast_head_json":{"title":"Totem d'int\u00e9rieur double face 90x250 - Smarty Store","description":"Totems publicitaires int\u00e9rieurs 90x250 double face. D\u00e9couvrez sur Smartystore la gamme de totems publicitaires id\u00e9ale pour promouvoir efficacement votre entreprise.","robots":{"index":"index","follow":"follow","max-snippet":"max-snippet:-1","max-image-preview":"max-image-preview:large","max-video-preview":"max-video-preview:-1"},"canonical":"https:\/\/www.smartystore.it\/fr\/prodotto\/totem-dinterieur-double-face-90x250\/","og_locale":"fr_FR","og_type":"article","og_title":"Totem d'int\u00e9rieur double face 90x250 - Smarty Store","og_description":"Totems publicitaires int\u00e9rieurs 90x250 double face. D\u00e9couvrez sur Smartystore la gamme de totems publicitaires id\u00e9ale pour promouvoir efficacement votre entreprise.","og_url":"https:\/\/www.smartystore.it\/fr\/prodotto\/totem-dinterieur-double-face-90x250\/","og_site_name":"Smarty Store","article_modified_time":"2026-04-20T16:01:51+00:00","og_image":[{"width":1000,"height":1000,"url":"https:\/\/www.smartystore.it\/v25\/wp-content\/uploads\/2014\/10\/Totem-bifacciale-interno-90x250-1.jpg","type":"image\/jpeg"}],"twitter_card":"summary_large_image","twitter_misc":{"Dur\u00e9e de lecture estim\u00e9e":"4 minutes"},"schema":{"@context":"https:\/\/schema.org","@graph":[{"@type":"WebPage","@id":"https:\/\/www.smartystore.it\/fr\/prodotto\/totem-dinterieur-double-face-90x250\/","url":"https:\/\/www.smartystore.it\/fr\/prodotto\/totem-dinterieur-double-face-90x250\/","name":"Totem d'int\u00e9rieur double face 90x250 - Smarty Store","isPartOf":{"@id":"https:\/\/www.smartystore.it\/fr\/#website"},"primaryImageOfPage":{"@id":"https:\/\/www.smartystore.it\/fr\/prodotto\/totem-dinterieur-double-face-90x250\/#primaryimage"},"image":{"@id":"https:\/\/www.smartystore.it\/fr\/prodotto\/totem-dinterieur-double-face-90x250\/#primaryimage"},"thumbnailUrl":"https:\/\/www.smartystore.it\/v25\/wp-content\/uploads\/2014\/10\/Totem-bifacciale-interno-90x250-1.jpg","datePublished":"2014-10-15T16:22:41+00:00","dateModified":"2026-04-20T16:01:51+00:00","description":"Totems publicitaires int\u00e9rieurs 90x250 double face. D\u00e9couvrez sur Smartystore la gamme de totems publicitaires id\u00e9ale pour promouvoir efficacement votre entreprise.","breadcrumb":{"@id":"https:\/\/www.smartystore.it\/fr\/prodotto\/totem-dinterieur-double-face-90x250\/#breadcrumb"},"inLanguage":"fr-FR","potentialAction":[{"@type":"ReadAction","target":["https:\/\/www.smartystore.it\/fr\/prodotto\/totem-dinterieur-double-face-90x250\/"]}]},{"@type":"ImageObject","inLanguage":"fr-FR","@id":"https:\/\/www.smartystore.it\/fr\/prodotto\/totem-dinterieur-double-face-90x250\/#primaryimage","url":"https:\/\/www.smartystore.it\/v25\/wp-content\/uploads\/2014\/10\/Totem-bifacciale-interno-90x250-1.jpg","contentUrl":"https:\/\/www.smartystore.it\/v25\/wp-content\/uploads\/2014\/10\/Totem-bifacciale-interno-90x250-1.jpg","width":1000,"height":1000,"caption":"Totem d'int\u00e9rieur double face 90x250"},{"@type":"BreadcrumbList","@id":"https:\/\/www.smartystore.it\/fr\/prodotto\/totem-dinterieur-double-face-90x250\/#breadcrumb","itemListElement":[{"@type":"ListItem","position":1,"name":"Home","item":"https:\/\/www.smartystore.it\/fr\/"},{"@type":"ListItem","position":2,"name":"Boutique","item":"https:\/\/www.smartystore.it\/fr\/boutique\/"},{"@type":"ListItem","position":3,"name":"Totem d&#8217;int\u00e9rieur double face 90&#215;250"}]},{"@type":"WebSite","@id":"https:\/\/www.smartystore.it\/fr\/#website","url":"https:\/\/www.smartystore.it\/fr\/","name":"Smarty Store","description":"Espositori Pubblicitari e Sistemi di Comunicazione Visiva","potentialAction":[{"@type":"SearchAction","target":{"@type":"EntryPoint","urlTemplate":"https:\/\/www.smartystore.it\/fr\/?s={search_term_string}"},"query-input":{"@type":"PropertyValueSpecification","valueRequired":true,"valueName":"search_term_string"}}],"inLanguage":"fr-FR"}]}},"brands":[],"_links":{"self":[{"href":"https:\/\/www.smartystore.it\/fr\/wp-json\/wp\/v2\/product\/99615","targetHints":{"allow":["GET"]}}],"collection":[{"href":"https:\/\/www.smartystore.it\/fr\/wp-json\/wp\/v2\/product"}],"about":[{"href":"https:\/\/www.smartystore.it\/fr\/wp-json\/wp\/v2\/types\/product"}],"replies":[{"embeddable":true,"href":"https:\/\/www.smartystore.it\/fr\/wp-json\/wp\/v2\/comments?post=99615"}],"wp:featuredmedia":[{"embeddable":true,"href":"https:\/\/www.smartystore.it\/fr\/wp-json\/wp\/v2\/media\/99614"}],"wp:attachment":[{"href":"https:\/\/www.smartystore.it\/fr\/wp-json\/wp\/v2\/media?parent=99615"}],"wp:term":[{"taxonomy":"pwb-brand","embeddable":true,"href":"https:\/\/www.smartystore.it\/fr\/wp-json\/wp\/v2\/pwb-brand?post=99615"},{"taxonomy":"product_brand","embeddable":true,"href":"https:\/\/www.smartystore.it\/fr\/wp-json\/wp\/v2\/product_brand?post=99615"},{"taxonomy":"product_cat","embeddable":true,"href":"https:\/\/www.smartystore.it\/fr\/wp-json\/wp\/v2\/product_cat?post=99615"},{"taxonomy":"product_tag","embeddable":true,"href":"https:\/\/www.smartystore.it\/fr\/wp-json\/wp\/v2\/product_tag?post=99615"}],"curies":[{"name":"wp","href":"https:\/\/api.w.org\/{rel}","templated":true}]}}