{"id":99591,"date":"2014-10-08T16:07:48","date_gmt":"2014-10-08T16:07:48","guid":{"rendered":"https:\/\/www.smartystore.it\/prodotto\/totem-publicitaire-exterieur-double-face-70x250\/"},"modified":"2026-04-20T11:50:48","modified_gmt":"2026-04-20T09:50:48","slug":"totem-publicitaire-exterieur-double-face-70x250","status":"publish","type":"product","link":"https:\/\/www.smartystore.it\/fr\/prodotto\/totem-publicitaire-exterieur-double-face-70x250\/","title":{"rendered":"Totem publicitaire ext\u00e9rieur double face 70&#215;250"},"content":{"rendered":"<div class=\"wpb-content-wrapper\"><p>[vc_row][vc_column][vc_column_text css=\u00a0\u00bb\u00a0\u00bb css_params=\u00a0\u00bb\u00a0\u00bb]<\/p>\n<h1>Totem publicitaire ext\u00e9rieur double face 70&#215;250<\/h1>\n<p>Le totem publicitaire ext\u00e9rieur double face 70&#215;250 repr\u00e9sente une solution d&rsquo;affichage <strong>autoportante<\/strong> d&rsquo;une grande efficacit\u00e9 visuelle, id\u00e9ale pour renforcer la communication d&rsquo;entreprise, directionnelle et promotionnelle dans de multiples contextes. R\u00e9alis\u00e9 avec des profils lat\u00e9raux en aluminium et une robuste structure interne de renforcement m\u00e9tallique, il garantit <strong>stabilit\u00e9 et durabilit\u00e9<\/strong> m\u00eame dans des conditions ext\u00e9rieures.<\/p>\n<p>La base, en m\u00e9tal poudr\u00e9 de couleur argent\u00e9e, comporte quatre <strong>trous pour la fixation<\/strong> au sol, ce qui garantit un ancrage s\u00fbr et une plus grande r\u00e9sistance au vent ou \u00e0 d&rsquo;autres contraintes ext\u00e9rieures. Les <strong>deux panneaux double face en t\u00f4le<\/strong> blanche de 10\/10 d&rsquo;\u00e9paisseur constituent la surface id\u00e9ale pour l&rsquo;application de graphismes personnalis\u00e9s en vinyle adh\u00e9sif. Lorsqu&rsquo;ils sont personnalis\u00e9s, les visuels sont prot\u00e9g\u00e9s par un pelliculage mat transparent, qui pr\u00e9serve leur int\u00e9grit\u00e9 et leur aspect esth\u00e9tique dans le temps.<\/p>\n<h2>Totem publicitaire ext\u00e9rieur double face 70&#215;250 : excellente visibilit\u00e9 dans tous les contextes<\/h2>\n<p>Les dimensions imposantes du totem (70&#215;250 cm) permettent une <strong>visibilit\u00e9 optimale<\/strong> m\u00eame de loin, ce qui le rend parfait pour une utilisation \u00e0 l&rsquo;ext\u00e9rieur des points de vente, des magasins, des entr\u00e9es d&rsquo;entreprises et des parkings, o\u00f9 il est essentiel de communiquer des informations claires et imm\u00e9diatement lisibles. La <strong>certification statique<\/strong> dont il est dot\u00e9 atteste de sa conformit\u00e9 aux normes en vigueur, en garantissant la s\u00e9curit\u00e9 et la fiabilit\u00e9 de l&rsquo;installation et de l&rsquo;utilisation.<\/p>\n<p>Gr\u00e2ce \u00e0 la possibilit\u00e9 de l&rsquo;utiliser sur une ou deux faces, ce totem offre une grande polyvalence et s&rsquo;adapte facilement aux besoins de communication les plus divers. En r\u00e9sum\u00e9, le totem ext\u00e9rieur double face 70&#215;250 repr\u00e9sente un investissement efficace pour ceux qui souhaitent un produit solide, fonctionnel et \u00e0 fort impact visuel pour leur communication ext\u00e9rieure.<\/p>\n<p>&nbsp;<\/p>\n<h3><strong>CARACT\u00c9RISTIQUES:<\/strong><\/h3>\n<ul>\n<li>Totem d&rsquo;affichage autoportant avec <strong>certification statique<\/strong>.<\/li>\n<li>Profils lat\u00e9raux en aluminium argent\u00e9.<\/li>\n<li>Socle en m\u00e9tal recouvert de poudre d&rsquo;argent (cm) : L 75 x P 45 H 0,6<\/li>\n<li>Base \u00e9quip\u00e9e de 4 trous pour une \u00e9ventuelle fixation au sol.<\/li>\n<li>Structure interne de renforcement m\u00e9tallique.<\/li>\n<li>Deux panneaux arri\u00e8re convexes en t\u00f4le 10\/10 pr\u00e9-peinte en blanc.<\/li>\n<li>Dimensions de la structure (en cm) : L 70 &#8211; H 250<\/li>\n<li>Taille de la zone d&rsquo;impression (en cm) : L 70 &#8211; H 250<\/li>\n<li>Surface visible (en cm) : L 68 &#8211; H 250<\/li>\n<li>Poids du totem : 35 kg.<\/li>\n<li>Utilisation en ext\u00e9rieur.<\/li>\n<\/ul>\n<p>&nbsp;<\/p>\n<h3 style=\"text-align: center;\">Voyez d&rsquo;autres totems d&rsquo;ext\u00e9rieur sur ce <span style=\"color: #ff0000;\"><a style=\"color: #ff0000;\" href=\"https:\/\/www.smartystore.it\/fr\/categoria-prodotto\/totems-publicitaires-et-dinformation\/totem-pour-linterieur-et-lexterieur\/\">LIEN<\/a><\/span><\/h3>\n<p>&nbsp;<\/p>\n<p><span style=\"color: #993300;\"><strong>POUR LE FICHIER GRAPHIQUE : cr\u00e9ez le fichier aux dimensions 70&#215;250 cm (\u00e9chelle 1:1) avec les textes convertis en trac\u00e9s, apr\u00e8s avoir sauvegard\u00e9 le fichier en format PDF (r\u00e9solution minimale de 200 dpi), envoyez le document \u00e0 l&rsquo;adresse \u00e9lectronique suivante<\/strong><\/span><strong> <a href=\"mailto:grafica@smartystore.it\">grafica@smartystore.it<\/a> <\/strong><span style=\"color: #993300;\"><strong>en mentionnant le num\u00e9ro de commande.<\/strong><\/span><\/p>\n<p>&nbsp;<\/p>\n<p><a href=\"https:\/\/www.smartystore.it\/v25\/wp-content\/uploads\/2014\/10\/STR-TEE003-005.pdf\" target=\"_blank\" rel=\"noopener\"><img loading=\"lazy\" decoding=\"async\" class=\"alignnone size-full wp-image-93672\" src=\"https:\/\/www.smartystore.it\/v25\/wp-content\/uploads\/2023\/11\/LogoDownload_yellow.jpg\" alt=\"\" width=\"50\" height=\"50\" \/> <\/a><a href=\"https:\/\/www.smartystore.it\/v25\/wp-content\/uploads\/2014\/10\/STR-TEE003-005.pdf\" target=\"_blank\" rel=\"noopener noreferrer\"><strong>FICHE TECHNIQUE<\/strong><\/a><\/p>\n<p><a href=\"https:\/\/www.smartystore.it\/v25\/wp-content\/uploads\/2024\/03\/STR-TEE003-template.pdf\" target=\"_blank\" rel=\"noopener\"><img loading=\"lazy\" decoding=\"async\" class=\"alignnone size-full wp-image-93609\" src=\"https:\/\/www.smartystore.it\/v25\/wp-content\/uploads\/2021\/02\/LogoDownload_green-1.jpg\" alt=\"\" width=\"50\" height=\"50\" \/> <\/a><a href=\"https:\/\/www.smartystore.it\/v25\/wp-content\/uploads\/2024\/03\/STR-TEE003-template.pdf\" target=\"_blank\" rel=\"noopener\"><strong>DISPOSITION DE LA D\u00c9COUPE \u00c0 L&rsquo;EMPORTE-PI\u00c8CE<\/strong><\/a><\/p>\n<p><a href=\"https:\/\/www.smartystore.it\/v25\/wp-content\/uploads\/2025\/08\/Istruzioni-montaggio_STR-TEE001-2-3-4-5.pdf\" target=\"_blank\" rel=\"noopener\"><img loading=\"lazy\" decoding=\"async\" class=\"alignnone size-full wp-image-94839\" src=\"https:\/\/www.smartystore.it\/v25\/wp-content\/uploads\/2025\/08\/LogoDownload_blue.jpg\" alt=\"\" width=\"50\" height=\"50\" \/><\/a> <a href=\"https:\/\/www.smartystore.it\/v25\/wp-content\/uploads\/2025\/08\/Istruzioni-montaggio_STR-TEE001-2-3-4-5.pdf\" target=\"_blank\" rel=\"noopener\"><strong>INSTRUCTIONS D&rsquo;ASSEMBLAGE<\/strong><\/a><\/p>\n<p>&nbsp;<\/p>\n<p><strong>SERVICES DE GRAPHISME ET D&rsquo;IMPRESSION<\/strong><\/p>\n<p>Smarty Store peut fournir des services de mise en page et\/ou d&rsquo;impression.<\/p>\n<p>Si le service d&rsquo;impression seule est demand\u00e9, le client doit envoyer le fichier d&rsquo;impression au format PDF. Les graphiques seront imprim\u00e9s tels qu&rsquo;ils sont re\u00e7us dans le fichier.<\/p>\n<p>Si un service de mise en page est demand\u00e9, notre organisation contactera le client par t\u00e9l\u00e9phone pour obtenir les informations n\u00e9cessaires. La mise en page graphique exclut les images, qui doivent \u00eatre fournies par le client ou faire l&rsquo;objet d&rsquo;un devis s\u00e9par\u00e9.<br \/>\nLe client recevra la proposition graphique au format PDF pour approbation.<\/p>\n<p><strong>ATTENTION :<\/strong><br \/>\nLes couleurs affich\u00e9es peuvent varier d&rsquo;un \u00e9cran \u00e0 l&rsquo;autre. Pour les couleurs d&rsquo;impression, vous devez toujours vous r\u00e9f\u00e9rer \u00e0 l&rsquo;\u00e9chelle Pantone.<br \/>\nSmarty Store d\u00e9cline toute responsabilit\u00e9 en cas de couleurs v\u00e9rifi\u00e9es par le client uniquement sur son propre moniteur.<\/p>\n<p>&nbsp;<\/p>\n<p>[\/vc_column_text][\/vc_column][\/vc_row]<\/p>\n<\/div>","protected":false},"excerpt":{"rendered":"<p>Totem ext\u00e9rieur double face 70&#215;250 avec certification statique.<\/p>\n","protected":false},"featured_media":99590,"comment_status":"open","ping_status":"closed","template":"","meta":{"_acf_changed":false},"pwb-brand":[],"product_brand":[],"product_cat":[3682,3679],"product_tag":[7239,7236,7243,7242,7238,7237,7240,7241],"class_list":{"0":"post-99591","1":"product","2":"type-product","3":"status-publish","4":"has-post-thumbnail","6":"product_cat-totem-pour-linterieur-et-lexterieur","7":"product_cat-totems-publicitaires-et-dinformation","8":"product_tag-totem-avec-panneaux-en-tole","9":"product_tag-totem-dexterieur-autoportant","10":"product_tag-totem-exterieur-personnalisable","11":"product_tag-totem-exterieur-pour-la-signalisation","12":"product_tag-totem-professionnel-pour-lexterieur","13":"product_tag-totem-publicitaire-exterieur-double-face-70x250","14":"product_tag-totems-double-face-pour-centres-commerciaux","15":"product_tag-totems-exterieurs-pour-les-hopitaux","16":"pa_c2c_color-argent","17":"pa_c2c_dimensione-cm-70x250","18":"pa_c2c_grafica-1-sujet","19":"pa_c2c_grafica-non","20":"pa_c2c_mono_bifacciale-double-face","21":"pa_c2c_stampa-1-cote","22":"pa_c2c_stampa-2-faces","23":"pa_c2c_stampa-non","25":"first","26":"instock","27":"taxable","28":"shipping-taxable","29":"purchasable","30":"product-type-variable"},"acf":[],"yoast_head":"<!-- This site is optimized with the Yoast SEO plugin v27.0 - https:\/\/yoast.com\/product\/yoast-seo-wordpress\/ -->\n<title>Totem publicitaire ext\u00e9rieur double face 70x250 - Smarty Store Au Meilleur Prix<\/title>\n<meta name=\"description\" content=\"Totem publicitaire ext\u00e9rieur double face 70x250 avec certification statique. Possibilit\u00e9 de personnalisation avec application de graphismes en vinyle.\" \/>\n<meta name=\"robots\" content=\"index, follow, max-snippet:-1, max-image-preview:large, max-video-preview:-1\" \/>\n<link rel=\"canonical\" href=\"https:\/\/www.smartystore.it\/fr\/prodotto\/totem-publicitaire-exterieur-double-face-70x250\/\" \/>\n<meta property=\"og:locale\" content=\"fr_FR\" \/>\n<meta property=\"og:type\" content=\"article\" \/>\n<meta property=\"og:title\" content=\"Totem publicitaire ext\u00e9rieur double face 70x250 - Smarty Store Au Meilleur Prix\" \/>\n<meta property=\"og:description\" content=\"Totem publicitaire ext\u00e9rieur double face 70x250 avec certification statique. Possibilit\u00e9 de personnalisation avec application de graphismes en vinyle.\" \/>\n<meta property=\"og:url\" content=\"https:\/\/www.smartystore.it\/fr\/prodotto\/totem-publicitaire-exterieur-double-face-70x250\/\" \/>\n<meta property=\"og:site_name\" content=\"Smarty Store\" \/>\n<meta property=\"article:modified_time\" content=\"2026-04-20T09:50:48+00:00\" \/>\n<meta property=\"og:image\" content=\"https:\/\/www.smartystore.it\/v25\/wp-content\/uploads\/2014\/10\/Totem-bifacciale-esterno-70x250-1.jpg\" \/>\n\t<meta property=\"og:image:width\" content=\"1000\" \/>\n\t<meta property=\"og:image:height\" content=\"1000\" \/>\n\t<meta property=\"og:image:type\" content=\"image\/jpeg\" \/>\n<meta name=\"twitter:card\" content=\"summary_large_image\" \/>\n<meta name=\"twitter:label1\" content=\"Dur\u00e9e de lecture estim\u00e9e\" \/>\n\t<meta name=\"twitter:data1\" content=\"4 minutes\" \/>\n<script type=\"application\/ld+json\" class=\"yoast-schema-graph\">{\"@context\":\"https:\/\/schema.org\",\"@graph\":[{\"@type\":\"WebPage\",\"@id\":\"https:\/\/www.smartystore.it\/fr\/prodotto\/totem-publicitaire-exterieur-double-face-70x250\/\",\"url\":\"https:\/\/www.smartystore.it\/fr\/prodotto\/totem-publicitaire-exterieur-double-face-70x250\/\",\"name\":\"Totem publicitaire ext\u00e9rieur double face 70x250 - Smarty Store Au Meilleur Prix\",\"isPartOf\":{\"@id\":\"https:\/\/www.smartystore.it\/fr\/#website\"},\"primaryImageOfPage\":{\"@id\":\"https:\/\/www.smartystore.it\/fr\/prodotto\/totem-publicitaire-exterieur-double-face-70x250\/#primaryimage\"},\"image\":{\"@id\":\"https:\/\/www.smartystore.it\/fr\/prodotto\/totem-publicitaire-exterieur-double-face-70x250\/#primaryimage\"},\"thumbnailUrl\":\"https:\/\/www.smartystore.it\/v25\/wp-content\/uploads\/2014\/10\/Totem-bifacciale-esterno-70x250-1.jpg\",\"datePublished\":\"2014-10-08T16:07:48+00:00\",\"dateModified\":\"2026-04-20T09:50:48+00:00\",\"description\":\"Totem publicitaire ext\u00e9rieur double face 70x250 avec certification statique. Possibilit\u00e9 de personnalisation avec application de graphismes en vinyle.\",\"breadcrumb\":{\"@id\":\"https:\/\/www.smartystore.it\/fr\/prodotto\/totem-publicitaire-exterieur-double-face-70x250\/#breadcrumb\"},\"inLanguage\":\"fr-FR\",\"potentialAction\":[{\"@type\":\"ReadAction\",\"target\":[\"https:\/\/www.smartystore.it\/fr\/prodotto\/totem-publicitaire-exterieur-double-face-70x250\/\"]}]},{\"@type\":\"ImageObject\",\"inLanguage\":\"fr-FR\",\"@id\":\"https:\/\/www.smartystore.it\/fr\/prodotto\/totem-publicitaire-exterieur-double-face-70x250\/#primaryimage\",\"url\":\"https:\/\/www.smartystore.it\/v25\/wp-content\/uploads\/2014\/10\/Totem-bifacciale-esterno-70x250-1.jpg\",\"contentUrl\":\"https:\/\/www.smartystore.it\/v25\/wp-content\/uploads\/2014\/10\/Totem-bifacciale-esterno-70x250-1.jpg\",\"width\":1000,\"height\":1000,\"caption\":\"Totem publicitaire ext\u00e9rieur double face 70x250\"},{\"@type\":\"BreadcrumbList\",\"@id\":\"https:\/\/www.smartystore.it\/fr\/prodotto\/totem-publicitaire-exterieur-double-face-70x250\/#breadcrumb\",\"itemListElement\":[{\"@type\":\"ListItem\",\"position\":1,\"name\":\"Home\",\"item\":\"https:\/\/www.smartystore.it\/fr\/\"},{\"@type\":\"ListItem\",\"position\":2,\"name\":\"Boutique\",\"item\":\"https:\/\/www.smartystore.it\/fr\/boutique\/\"},{\"@type\":\"ListItem\",\"position\":3,\"name\":\"Totem publicitaire ext\u00e9rieur double face 70&#215;250\"}]},{\"@type\":\"WebSite\",\"@id\":\"https:\/\/www.smartystore.it\/fr\/#website\",\"url\":\"https:\/\/www.smartystore.it\/fr\/\",\"name\":\"Smarty Store\",\"description\":\"Espositori Pubblicitari e Sistemi di Comunicazione Visiva\",\"potentialAction\":[{\"@type\":\"SearchAction\",\"target\":{\"@type\":\"EntryPoint\",\"urlTemplate\":\"https:\/\/www.smartystore.it\/fr\/?s={search_term_string}\"},\"query-input\":{\"@type\":\"PropertyValueSpecification\",\"valueRequired\":true,\"valueName\":\"search_term_string\"}}],\"inLanguage\":\"fr-FR\"}]}<\/script>\n<!-- \/ Yoast SEO plugin. -->","yoast_head_json":{"title":"Totem publicitaire ext\u00e9rieur double face 70x250 - Smarty Store Au Meilleur Prix","description":"Totem publicitaire ext\u00e9rieur double face 70x250 avec certification statique. Possibilit\u00e9 de personnalisation avec application de graphismes en vinyle.","robots":{"index":"index","follow":"follow","max-snippet":"max-snippet:-1","max-image-preview":"max-image-preview:large","max-video-preview":"max-video-preview:-1"},"canonical":"https:\/\/www.smartystore.it\/fr\/prodotto\/totem-publicitaire-exterieur-double-face-70x250\/","og_locale":"fr_FR","og_type":"article","og_title":"Totem publicitaire ext\u00e9rieur double face 70x250 - Smarty Store Au Meilleur Prix","og_description":"Totem publicitaire ext\u00e9rieur double face 70x250 avec certification statique. Possibilit\u00e9 de personnalisation avec application de graphismes en vinyle.","og_url":"https:\/\/www.smartystore.it\/fr\/prodotto\/totem-publicitaire-exterieur-double-face-70x250\/","og_site_name":"Smarty Store","article_modified_time":"2026-04-20T09:50:48+00:00","og_image":[{"width":1000,"height":1000,"url":"https:\/\/www.smartystore.it\/v25\/wp-content\/uploads\/2014\/10\/Totem-bifacciale-esterno-70x250-1.jpg","type":"image\/jpeg"}],"twitter_card":"summary_large_image","twitter_misc":{"Dur\u00e9e de lecture estim\u00e9e":"4 minutes"},"schema":{"@context":"https:\/\/schema.org","@graph":[{"@type":"WebPage","@id":"https:\/\/www.smartystore.it\/fr\/prodotto\/totem-publicitaire-exterieur-double-face-70x250\/","url":"https:\/\/www.smartystore.it\/fr\/prodotto\/totem-publicitaire-exterieur-double-face-70x250\/","name":"Totem publicitaire ext\u00e9rieur double face 70x250 - Smarty Store Au Meilleur Prix","isPartOf":{"@id":"https:\/\/www.smartystore.it\/fr\/#website"},"primaryImageOfPage":{"@id":"https:\/\/www.smartystore.it\/fr\/prodotto\/totem-publicitaire-exterieur-double-face-70x250\/#primaryimage"},"image":{"@id":"https:\/\/www.smartystore.it\/fr\/prodotto\/totem-publicitaire-exterieur-double-face-70x250\/#primaryimage"},"thumbnailUrl":"https:\/\/www.smartystore.it\/v25\/wp-content\/uploads\/2014\/10\/Totem-bifacciale-esterno-70x250-1.jpg","datePublished":"2014-10-08T16:07:48+00:00","dateModified":"2026-04-20T09:50:48+00:00","description":"Totem publicitaire ext\u00e9rieur double face 70x250 avec certification statique. Possibilit\u00e9 de personnalisation avec application de graphismes en vinyle.","breadcrumb":{"@id":"https:\/\/www.smartystore.it\/fr\/prodotto\/totem-publicitaire-exterieur-double-face-70x250\/#breadcrumb"},"inLanguage":"fr-FR","potentialAction":[{"@type":"ReadAction","target":["https:\/\/www.smartystore.it\/fr\/prodotto\/totem-publicitaire-exterieur-double-face-70x250\/"]}]},{"@type":"ImageObject","inLanguage":"fr-FR","@id":"https:\/\/www.smartystore.it\/fr\/prodotto\/totem-publicitaire-exterieur-double-face-70x250\/#primaryimage","url":"https:\/\/www.smartystore.it\/v25\/wp-content\/uploads\/2014\/10\/Totem-bifacciale-esterno-70x250-1.jpg","contentUrl":"https:\/\/www.smartystore.it\/v25\/wp-content\/uploads\/2014\/10\/Totem-bifacciale-esterno-70x250-1.jpg","width":1000,"height":1000,"caption":"Totem publicitaire ext\u00e9rieur double face 70x250"},{"@type":"BreadcrumbList","@id":"https:\/\/www.smartystore.it\/fr\/prodotto\/totem-publicitaire-exterieur-double-face-70x250\/#breadcrumb","itemListElement":[{"@type":"ListItem","position":1,"name":"Home","item":"https:\/\/www.smartystore.it\/fr\/"},{"@type":"ListItem","position":2,"name":"Boutique","item":"https:\/\/www.smartystore.it\/fr\/boutique\/"},{"@type":"ListItem","position":3,"name":"Totem publicitaire ext\u00e9rieur double face 70&#215;250"}]},{"@type":"WebSite","@id":"https:\/\/www.smartystore.it\/fr\/#website","url":"https:\/\/www.smartystore.it\/fr\/","name":"Smarty Store","description":"Espositori Pubblicitari e Sistemi di Comunicazione Visiva","potentialAction":[{"@type":"SearchAction","target":{"@type":"EntryPoint","urlTemplate":"https:\/\/www.smartystore.it\/fr\/?s={search_term_string}"},"query-input":{"@type":"PropertyValueSpecification","valueRequired":true,"valueName":"search_term_string"}}],"inLanguage":"fr-FR"}]}},"brands":[],"_links":{"self":[{"href":"https:\/\/www.smartystore.it\/fr\/wp-json\/wp\/v2\/product\/99591","targetHints":{"allow":["GET"]}}],"collection":[{"href":"https:\/\/www.smartystore.it\/fr\/wp-json\/wp\/v2\/product"}],"about":[{"href":"https:\/\/www.smartystore.it\/fr\/wp-json\/wp\/v2\/types\/product"}],"replies":[{"embeddable":true,"href":"https:\/\/www.smartystore.it\/fr\/wp-json\/wp\/v2\/comments?post=99591"}],"wp:featuredmedia":[{"embeddable":true,"href":"https:\/\/www.smartystore.it\/fr\/wp-json\/wp\/v2\/media\/99590"}],"wp:attachment":[{"href":"https:\/\/www.smartystore.it\/fr\/wp-json\/wp\/v2\/media?parent=99591"}],"wp:term":[{"taxonomy":"pwb-brand","embeddable":true,"href":"https:\/\/www.smartystore.it\/fr\/wp-json\/wp\/v2\/pwb-brand?post=99591"},{"taxonomy":"product_brand","embeddable":true,"href":"https:\/\/www.smartystore.it\/fr\/wp-json\/wp\/v2\/product_brand?post=99591"},{"taxonomy":"product_cat","embeddable":true,"href":"https:\/\/www.smartystore.it\/fr\/wp-json\/wp\/v2\/product_cat?post=99591"},{"taxonomy":"product_tag","embeddable":true,"href":"https:\/\/www.smartystore.it\/fr\/wp-json\/wp\/v2\/product_tag?post=99591"}],"curies":[{"name":"wp","href":"https:\/\/api.w.org\/{rel}","templated":true}]}}