{"id":99573,"date":"2021-02-02T16:48:41","date_gmt":"2021-02-02T16:48:41","guid":{"rendered":"https:\/\/www.smartystore.it\/prodotto\/totem-double-face-avec-station-de-recharge\/"},"modified":"2026-04-18T16:28:18","modified_gmt":"2026-04-18T14:28:18","slug":"totem-double-face-avec-station-de-recharge","status":"publish","type":"product","link":"https:\/\/www.smartystore.it\/fr\/prodotto\/totem-double-face-avec-station-de-recharge\/","title":{"rendered":"Totem double face avec station de recharge"},"content":{"rendered":"<div class=\"wpb-content-wrapper\"><p>[vc_row][vc_column][vc_column_text css=\u00a0\u00bb\u00a0\u00bb css_params=\u00a0\u00bb\u00a0\u00bb]<\/p>\n<h1>Totem double face avec station de recharge : Publicit\u00e9 et service \u00e0 la client\u00e8le<\/h1>\n<p>Le totem double face avec station de recharge repr\u00e9sente une solution innovante et efficace pour la promotion publicitaire dans les espaces \u00e0 fort flux de public, tout en offrant un service pratique et fonctionnel. Con\u00e7u pour permettre aux clients de <strong>recharger des appareils<\/strong> tels que PC, tablettes et t\u00e9l\u00e9phones portables, ce pr\u00e9sentoir est particuli\u00e8rement adapt\u00e9 aux environnements tels que les a\u00e9roports, les gares, les mus\u00e9es et les foires commerciales, o\u00f9 le besoin de connectivit\u00e9 est constant.<\/p>\n<p>La structure du totem est constitu\u00e9e de <strong>profil\u00e9s en aluminium de<\/strong> couleur argent\u00e9e, caract\u00e9ris\u00e9s par une <strong>ligne courbe<\/strong> qui leur conf\u00e8re un aspect moderne et \u00e9l\u00e9gant. \u00c0 l&rsquo;int\u00e9rieur, une solide structure en acier garantit une grande <strong>stabilit\u00e9 et une<\/strong> grande <strong>robustesse<\/strong>, assurant la durabilit\u00e9 m\u00eame en cas d&rsquo;utilisation intensive.<\/p>\n<h2>Totem double face avec station de recharge : Panneaux avec impression personnalis\u00e9e<\/h2>\n<p>Les panneaux d&rsquo;affichage sont en forex blanc de 3 mm, un mat\u00e9riau l\u00e9ger mais r\u00e9sistant, qui peut \u00eatre personnalis\u00e9 par impression avec du vinyle adh\u00e9sif lamin\u00e9, permettant ainsi une <strong>communication visuelle<\/strong> \u00e0 fort impact qui s&rsquo;adapte parfaitement aux besoins des clients. La base autoportante, en m\u00e9tal argent\u00e9 rev\u00eatu par poudre, comporte des trous pour la fixation au sol, ce qui accro\u00eet encore la s\u00e9curit\u00e9 et la stabilit\u00e9 de l&rsquo;ensemble de la structure.<\/p>\n<p>Un point fort est la tablette avant qui int\u00e8gre un kit de chargement d&rsquo;appareils \u00e9lectroniques, comprenant <strong>2 prises Shuko<\/strong>, <strong>4 sorties USB 2.0<\/strong> et <strong>2 sorties USB 3.0.<\/strong> Cet \u00e9quipement permet de recharger simultan\u00e9ment plusieurs appareils, ce qui am\u00e9liore consid\u00e9rablement l&rsquo;exp\u00e9rience de l&rsquo;utilisateur.<\/p>\n<p>En r\u00e9sum\u00e9, le totem double face avec borne de recharge est un support publicitaire polyvalent, durable et fonctionnel qui allie visibilit\u00e9 et praticit\u00e9 de mani\u00e8re optimale, en r\u00e9pondant aux besoins de visibilit\u00e9 des entreprises et au confort des utilisateurs dans les environnements publics.<\/p>\n<p>&nbsp;<\/p>\n<h3>Caract\u00e9ristiques<\/h3>\n<ul>\n<li>Structure interne en acier pour une plus grande stabilit\u00e9.<\/li>\n<li>Panneaux d&rsquo;affichage en forex blanc de 3 mm personnalisables par impression sur vinyle adh\u00e9sif lamin\u00e9<\/li>\n<li>Base autoportante en m\u00e9tal poudr\u00e9 argent\u00e9 avec trous pour fixation au sol<\/li>\n<li>\u00c9quip\u00e9 d&rsquo;une \u00e9tag\u00e8re en MDF noir et d&rsquo;un kit de recharge pour appareils \u00e9lectroniques :\n<ul>\n<li>2 prises shuko<\/li>\n<li>4 sorties USB 2.0<\/li>\n<li>2 sorties USB 3.0<\/li>\n<\/ul>\n<\/li>\n<li>Poids du totem : 30 kg.<\/li>\n<li>Dimensions de la base (en cm.) : L 75 &#8211; P 45 &#8211; H 0,6 cm.<\/li>\n<li>Taille de la structure (en cm) : L 70 &#8211; H 200<\/li>\n<li>Taille de la zone d&rsquo;impression (en cm) : L 70 &#8211; H 200<\/li>\n<li>Surface visible (en cm) : Source 2 panneaux L 68 &#8211; H 99,7 &#8211; Dos un panneau L 68 &#8211; H 200<\/li>\n<li>Poids du totem : 30 kg.<\/li>\n<\/ul>\n<p>&nbsp;<\/p>\n<p>En cas d&rsquo;impression recto, c&rsquo;est le c\u00f4t\u00e9 avec l&rsquo;\u00e9tag\u00e8re (c&rsquo;est-\u00e0-dire celui avec le double panneau) qui est pris en compte.<\/p>\n<p><span style=\"color: #000000;\"><strong>D\u00e9lai d&rsquo;exp\u00e9dition : environ 4\/5 jours ouvrables.<\/strong><\/span><\/p>\n<p>&nbsp;<\/p>\n<h3 style=\"text-align: center;\">Voir d&rsquo;autres totems d&rsquo;int\u00e9rieur sur ce <span style=\"color: #ff0000;\"><a style=\"color: #ff0000;\" href=\"https:\/\/www.smartystore.it\/fr\/categoria-prodotto\/totems-publicitaires-et-dinformation\/totem-dinterieur\/\">LIEN<\/a><\/span><\/h3>\n<p>&nbsp;<\/p>\n<p><span style=\"color: #993300;\"><strong>POUR LE FICHIER GRAPHIQUE : t\u00e9l\u00e9chargez le plan de la matrice (\u00e9chelle 1:1) et ins\u00e9rez les graphiques avec les textes convertis en trac\u00e9s, apr\u00e8s avoir sauvegard\u00e9 le fichier en format PDF (r\u00e9solution minimale de 200 dpi), envoyez le document \u00e0 l&rsquo;adresse \u00e9lectronique suivante<\/strong><\/span><strong> <a href=\"mailto:grafica@smartystore.it\">grafica@smartystore.it<\/a> <\/strong><span style=\"color: #993300;\"><strong>en indiquant le num\u00e9ro de commande.<\/strong><\/span><\/p>\n<p>&nbsp;<\/p>\n<p><a href=\"https:\/\/www.smartystore.it\/v25\/wp-content\/uploads\/2021\/02\/STR-TIE004-POWER.pdf\" target=\"_blank\" rel=\"noopener\"><img loading=\"lazy\" decoding=\"async\" class=\"alignnone size-full wp-image-93672\" src=\"https:\/\/www.smartystore.it\/v25\/wp-content\/uploads\/2023\/11\/LogoDownload_yellow.jpg\" alt=\"\" width=\"50\" height=\"50\" \/> \u00a0<\/a><a href=\"https:\/\/www.smartystore.it\/v25\/wp-content\/uploads\/2021\/02\/STR-TIE004-POWER.pdf\" target=\"_blank\" rel=\"noopener noreferrer\"><strong>FICHE TECHNIQUE<\/strong><\/a><\/p>\n<p><a href=\"https:\/\/www.smartystore.it\/v25\/wp-content\/uploads\/2025\/10\/STR-TIE004-POWER.pdf\" target=\"_blank\" rel=\"noopener\"><img loading=\"lazy\" decoding=\"async\" class=\"alignnone size-full wp-image-93609\" src=\"https:\/\/www.smartystore.it\/v25\/wp-content\/uploads\/2021\/02\/LogoDownload_green-1.jpg\" alt=\"\" width=\"50\" height=\"50\" \/><strong>\u00a0 DISPOSITION DE LA D\u00c9COUPE \u00c0 L&rsquo;EMPORTE-PI\u00c8CE<\/strong><\/a><\/p>\n<p>&nbsp;<\/p>\n<p><strong>SERVICES DE GRAPHISME ET D&rsquo;IMPRESSION<\/strong><\/p>\n<p>Smarty Store peut fournir des services de mise en page et\/ou d&rsquo;impression.<\/p>\n<p>Si le service d&rsquo;impression seule est demand\u00e9, le client doit envoyer le fichier d&rsquo;impression au format PDF. Les graphiques seront imprim\u00e9s tels qu&rsquo;ils sont re\u00e7us dans le fichier.<\/p>\n<p>Si un service de mise en page est demand\u00e9, notre organisation contactera le client par t\u00e9l\u00e9phone pour obtenir les informations n\u00e9cessaires. La mise en page graphique exclut les images, qui doivent \u00eatre fournies par le client ou faire l&rsquo;objet d&rsquo;un devis s\u00e9par\u00e9.<br \/>\nLe client recevra la proposition graphique au format PDF pour approbation.<\/p>\n<p><strong>ATTENTION :<\/strong><br \/>\nLes couleurs affich\u00e9es peuvent varier d&rsquo;un \u00e9cran \u00e0 l&rsquo;autre. Pour les couleurs d&rsquo;impression, vous devez toujours vous r\u00e9f\u00e9rer \u00e0 l&rsquo;\u00e9chelle Pantone.<br \/>\nSmarty Store d\u00e9cline toute responsabilit\u00e9 en cas de couleurs v\u00e9rifi\u00e9es par le client uniquement sur son propre moniteur.<\/p>\n<p>&nbsp;<\/p>\n<p>[\/vc_column_text][\/vc_column][\/vc_row]<\/p>\n<\/div>","protected":false},"excerpt":{"rendered":"<p>Totem d&rsquo;int\u00e9rieur 70&#215;200 cm. avec station de recharge pour appareils \u00e9lectroniques.<\/p>\n","protected":false},"featured_media":99572,"comment_status":"open","ping_status":"closed","template":"","meta":{"_acf_changed":false},"pwb-brand":[],"product_brand":[],"product_cat":[7214,3103,3679],"product_tag":[7216,7215,7217,7219,7218],"class_list":{"0":"post-99573","1":"product","2":"type-product","3":"status-publish","4":"has-post-thumbnail","6":"product_cat-non-classe","7":"product_cat-totem-dinterieur","8":"product_cat-totems-publicitaires-et-dinformation","9":"product_tag-totem-double-face-avec-prises-usb-pour-telephones-portables","10":"product_tag-totem-double-face-avec-station-de-recharge","11":"product_tag-totem-publicitaire-avec-chargement-dun-ordinateur-portable-et-dun-smartphone","12":"product_tag-totem-publicitaire-avec-prises-de-recharge-pour-telephones-portables","13":"product_tag-totem-publicitaire-interieur-double-face","14":"pa_c2c_dimensione-70x200-cm","15":"pa_c2c_grafica-non","16":"pa_c2c_grafica-oui","17":"pa_c2c_mono_bifacciale-double-face","18":"pa_c2c_stampa-1-cote","19":"pa_c2c_stampa-2-faces","20":"pa_c2c_stampa-non","21":"pa_c2c_trovraprezzi-oui","23":"first","24":"instock","25":"taxable","26":"shipping-taxable","27":"purchasable","28":"product-type-variable"},"acf":[],"yoast_head":"<!-- This site is optimized with the Yoast SEO plugin v27.0 - https:\/\/yoast.com\/product\/yoast-seo-wordpress\/ -->\n<title>Totem double face avec station de recharge - Smarty Store Au Meilleur Prix<\/title>\n<meta name=\"description\" content=\"Totem double face avec station de charge. Tablette avec 2 prises Shuko, 4 prises USB 2 et 2 prises USB 3. Structure de renforcement interne.\" \/>\n<meta name=\"robots\" content=\"index, follow, max-snippet:-1, max-image-preview:large, max-video-preview:-1\" \/>\n<link rel=\"canonical\" href=\"https:\/\/www.smartystore.it\/fr\/prodotto\/totem-double-face-avec-station-de-recharge\/\" \/>\n<meta property=\"og:locale\" content=\"fr_FR\" \/>\n<meta property=\"og:type\" content=\"article\" \/>\n<meta property=\"og:title\" content=\"Totem double face avec station de recharge - Smarty Store Au Meilleur Prix\" \/>\n<meta property=\"og:description\" content=\"Totem double face avec station de charge. Tablette avec 2 prises Shuko, 4 prises USB 2 et 2 prises USB 3. Structure de renforcement interne.\" \/>\n<meta property=\"og:url\" content=\"https:\/\/www.smartystore.it\/fr\/prodotto\/totem-double-face-avec-station-de-recharge\/\" \/>\n<meta property=\"og:site_name\" content=\"Smarty Store\" \/>\n<meta property=\"article:publisher\" content=\"https:\/\/www.facebook.com\/smartystore.it\/\" \/>\n<meta property=\"article:modified_time\" content=\"2026-04-18T14:28:18+00:00\" \/>\n<meta property=\"og:image\" content=\"https:\/\/www.smartystore.it\/v25\/wp-content\/uploads\/2021\/02\/Totem-bifacciale-interno-70x200-con-postazione-ricarica-cellulare-pc-dispositivi-elettronici.jpg\" \/>\n\t<meta property=\"og:image:width\" content=\"1000\" \/>\n\t<meta property=\"og:image:height\" content=\"1000\" \/>\n\t<meta property=\"og:image:type\" content=\"image\/jpeg\" \/>\n<meta name=\"twitter:card\" content=\"summary_large_image\" \/>\n<meta name=\"twitter:site\" content=\"@smartystore\" \/>\n<meta name=\"twitter:label1\" content=\"Dur\u00e9e de lecture estim\u00e9e\" \/>\n\t<meta name=\"twitter:data1\" content=\"5 minutes\" \/>\n<script type=\"application\/ld+json\" class=\"yoast-schema-graph\">{\"@context\":\"https:\/\/schema.org\",\"@graph\":[{\"@type\":\"WebPage\",\"@id\":\"https:\/\/www.smartystore.it\/fr\/prodotto\/totem-double-face-avec-station-de-recharge\/\",\"url\":\"https:\/\/www.smartystore.it\/fr\/prodotto\/totem-double-face-avec-station-de-recharge\/\",\"name\":\"Totem double face avec station de recharge - Smarty Store Au Meilleur Prix\",\"isPartOf\":{\"@id\":\"https:\/\/www.smartystore.it\/fr\/#website\"},\"primaryImageOfPage\":{\"@id\":\"https:\/\/www.smartystore.it\/fr\/prodotto\/totem-double-face-avec-station-de-recharge\/#primaryimage\"},\"image\":{\"@id\":\"https:\/\/www.smartystore.it\/fr\/prodotto\/totem-double-face-avec-station-de-recharge\/#primaryimage\"},\"thumbnailUrl\":\"https:\/\/www.smartystore.it\/v25\/wp-content\/uploads\/2021\/02\/Totem-bifacciale-interno-70x200-con-postazione-ricarica-cellulare-pc-dispositivi-elettronici.jpg\",\"datePublished\":\"2021-02-02T16:48:41+00:00\",\"dateModified\":\"2026-04-18T14:28:18+00:00\",\"description\":\"Totem double face avec station de charge. Tablette avec 2 prises Shuko, 4 prises USB 2 et 2 prises USB 3. Structure de renforcement interne.\",\"breadcrumb\":{\"@id\":\"https:\/\/www.smartystore.it\/fr\/prodotto\/totem-double-face-avec-station-de-recharge\/#breadcrumb\"},\"inLanguage\":\"fr-FR\",\"potentialAction\":[{\"@type\":\"ReadAction\",\"target\":[\"https:\/\/www.smartystore.it\/fr\/prodotto\/totem-double-face-avec-station-de-recharge\/\"]}]},{\"@type\":\"ImageObject\",\"inLanguage\":\"fr-FR\",\"@id\":\"https:\/\/www.smartystore.it\/fr\/prodotto\/totem-double-face-avec-station-de-recharge\/#primaryimage\",\"url\":\"https:\/\/www.smartystore.it\/v25\/wp-content\/uploads\/2021\/02\/Totem-bifacciale-interno-70x200-con-postazione-ricarica-cellulare-pc-dispositivi-elettronici.jpg\",\"contentUrl\":\"https:\/\/www.smartystore.it\/v25\/wp-content\/uploads\/2021\/02\/Totem-bifacciale-interno-70x200-con-postazione-ricarica-cellulare-pc-dispositivi-elettronici.jpg\",\"width\":1000,\"height\":1000,\"caption\":\"Totem double face avec station de recharge\"},{\"@type\":\"BreadcrumbList\",\"@id\":\"https:\/\/www.smartystore.it\/fr\/prodotto\/totem-double-face-avec-station-de-recharge\/#breadcrumb\",\"itemListElement\":[{\"@type\":\"ListItem\",\"position\":1,\"name\":\"Accueil\",\"item\":\"https:\/\/www.smartystore.it\/fr\/\"},{\"@type\":\"ListItem\",\"position\":2,\"name\":\"Boutique\",\"item\":\"https:\/\/www.smartystore.it\/fr\/boutique\/\"},{\"@type\":\"ListItem\",\"position\":3,\"name\":\"Totem double face avec station de recharge\"}]},{\"@type\":\"WebSite\",\"@id\":\"https:\/\/www.smartystore.it\/fr\/#website\",\"url\":\"https:\/\/www.smartystore.it\/fr\/\",\"name\":\"Smarty Store\",\"description\":\"Espositori Pubblicitari e Sistemi di Comunicazione Visiva\",\"potentialAction\":[{\"@type\":\"SearchAction\",\"target\":{\"@type\":\"EntryPoint\",\"urlTemplate\":\"https:\/\/www.smartystore.it\/fr\/?s={search_term_string}\"},\"query-input\":{\"@type\":\"PropertyValueSpecification\",\"valueRequired\":true,\"valueName\":\"search_term_string\"}}],\"inLanguage\":\"fr-FR\"}]}<\/script>\n<!-- \/ Yoast SEO plugin. -->","yoast_head_json":{"title":"Totem double face avec station de recharge - Smarty Store Au Meilleur Prix","description":"Totem double face avec station de charge. Tablette avec 2 prises Shuko, 4 prises USB 2 et 2 prises USB 3. Structure de renforcement interne.","robots":{"index":"index","follow":"follow","max-snippet":"max-snippet:-1","max-image-preview":"max-image-preview:large","max-video-preview":"max-video-preview:-1"},"canonical":"https:\/\/www.smartystore.it\/fr\/prodotto\/totem-double-face-avec-station-de-recharge\/","og_locale":"fr_FR","og_type":"article","og_title":"Totem double face avec station de recharge - Smarty Store Au Meilleur Prix","og_description":"Totem double face avec station de charge. Tablette avec 2 prises Shuko, 4 prises USB 2 et 2 prises USB 3. Structure de renforcement interne.","og_url":"https:\/\/www.smartystore.it\/fr\/prodotto\/totem-double-face-avec-station-de-recharge\/","og_site_name":"Smarty Store","article_publisher":"https:\/\/www.facebook.com\/smartystore.it\/","article_modified_time":"2026-04-18T14:28:18+00:00","og_image":[{"width":1000,"height":1000,"url":"https:\/\/www.smartystore.it\/v25\/wp-content\/uploads\/2021\/02\/Totem-bifacciale-interno-70x200-con-postazione-ricarica-cellulare-pc-dispositivi-elettronici.jpg","type":"image\/jpeg"}],"twitter_card":"summary_large_image","twitter_site":"@smartystore","twitter_misc":{"Dur\u00e9e de lecture estim\u00e9e":"5 minutes"},"schema":{"@context":"https:\/\/schema.org","@graph":[{"@type":"WebPage","@id":"https:\/\/www.smartystore.it\/fr\/prodotto\/totem-double-face-avec-station-de-recharge\/","url":"https:\/\/www.smartystore.it\/fr\/prodotto\/totem-double-face-avec-station-de-recharge\/","name":"Totem double face avec station de recharge - Smarty Store Au Meilleur Prix","isPartOf":{"@id":"https:\/\/www.smartystore.it\/fr\/#website"},"primaryImageOfPage":{"@id":"https:\/\/www.smartystore.it\/fr\/prodotto\/totem-double-face-avec-station-de-recharge\/#primaryimage"},"image":{"@id":"https:\/\/www.smartystore.it\/fr\/prodotto\/totem-double-face-avec-station-de-recharge\/#primaryimage"},"thumbnailUrl":"https:\/\/www.smartystore.it\/v25\/wp-content\/uploads\/2021\/02\/Totem-bifacciale-interno-70x200-con-postazione-ricarica-cellulare-pc-dispositivi-elettronici.jpg","datePublished":"2021-02-02T16:48:41+00:00","dateModified":"2026-04-18T14:28:18+00:00","description":"Totem double face avec station de charge. Tablette avec 2 prises Shuko, 4 prises USB 2 et 2 prises USB 3. Structure de renforcement interne.","breadcrumb":{"@id":"https:\/\/www.smartystore.it\/fr\/prodotto\/totem-double-face-avec-station-de-recharge\/#breadcrumb"},"inLanguage":"fr-FR","potentialAction":[{"@type":"ReadAction","target":["https:\/\/www.smartystore.it\/fr\/prodotto\/totem-double-face-avec-station-de-recharge\/"]}]},{"@type":"ImageObject","inLanguage":"fr-FR","@id":"https:\/\/www.smartystore.it\/fr\/prodotto\/totem-double-face-avec-station-de-recharge\/#primaryimage","url":"https:\/\/www.smartystore.it\/v25\/wp-content\/uploads\/2021\/02\/Totem-bifacciale-interno-70x200-con-postazione-ricarica-cellulare-pc-dispositivi-elettronici.jpg","contentUrl":"https:\/\/www.smartystore.it\/v25\/wp-content\/uploads\/2021\/02\/Totem-bifacciale-interno-70x200-con-postazione-ricarica-cellulare-pc-dispositivi-elettronici.jpg","width":1000,"height":1000,"caption":"Totem double face avec station de recharge"},{"@type":"BreadcrumbList","@id":"https:\/\/www.smartystore.it\/fr\/prodotto\/totem-double-face-avec-station-de-recharge\/#breadcrumb","itemListElement":[{"@type":"ListItem","position":1,"name":"Accueil","item":"https:\/\/www.smartystore.it\/fr\/"},{"@type":"ListItem","position":2,"name":"Boutique","item":"https:\/\/www.smartystore.it\/fr\/boutique\/"},{"@type":"ListItem","position":3,"name":"Totem double face avec station de recharge"}]},{"@type":"WebSite","@id":"https:\/\/www.smartystore.it\/fr\/#website","url":"https:\/\/www.smartystore.it\/fr\/","name":"Smarty Store","description":"Espositori Pubblicitari e Sistemi di Comunicazione Visiva","potentialAction":[{"@type":"SearchAction","target":{"@type":"EntryPoint","urlTemplate":"https:\/\/www.smartystore.it\/fr\/?s={search_term_string}"},"query-input":{"@type":"PropertyValueSpecification","valueRequired":true,"valueName":"search_term_string"}}],"inLanguage":"fr-FR"}]}},"brands":[],"_links":{"self":[{"href":"https:\/\/www.smartystore.it\/fr\/wp-json\/wp\/v2\/product\/99573","targetHints":{"allow":["GET"]}}],"collection":[{"href":"https:\/\/www.smartystore.it\/fr\/wp-json\/wp\/v2\/product"}],"about":[{"href":"https:\/\/www.smartystore.it\/fr\/wp-json\/wp\/v2\/types\/product"}],"replies":[{"embeddable":true,"href":"https:\/\/www.smartystore.it\/fr\/wp-json\/wp\/v2\/comments?post=99573"}],"wp:featuredmedia":[{"embeddable":true,"href":"https:\/\/www.smartystore.it\/fr\/wp-json\/wp\/v2\/media\/99572"}],"wp:attachment":[{"href":"https:\/\/www.smartystore.it\/fr\/wp-json\/wp\/v2\/media?parent=99573"}],"wp:term":[{"taxonomy":"pwb-brand","embeddable":true,"href":"https:\/\/www.smartystore.it\/fr\/wp-json\/wp\/v2\/pwb-brand?post=99573"},{"taxonomy":"product_brand","embeddable":true,"href":"https:\/\/www.smartystore.it\/fr\/wp-json\/wp\/v2\/product_brand?post=99573"},{"taxonomy":"product_cat","embeddable":true,"href":"https:\/\/www.smartystore.it\/fr\/wp-json\/wp\/v2\/product_cat?post=99573"},{"taxonomy":"product_tag","embeddable":true,"href":"https:\/\/www.smartystore.it\/fr\/wp-json\/wp\/v2\/product_tag?post=99573"}],"curies":[{"name":"wp","href":"https:\/\/api.w.org\/{rel}","templated":true}]}}