{"id":99560,"date":"2026-04-17T18:02:35","date_gmt":"2026-04-17T16:02:35","guid":{"rendered":"https:\/\/www.smartystore.it\/prodotto\/colonne-de-balisage-blanche-avec-ruban-de-3-metres\/"},"modified":"2026-04-18T11:59:30","modified_gmt":"2026-04-18T09:59:30","slug":"colonne-de-balisage-blanche-avec-ruban-de-3-metres","status":"publish","type":"product","link":"https:\/\/www.smartystore.it\/fr\/prodotto\/colonne-de-balisage-blanche-avec-ruban-de-3-metres\/","title":{"rendered":"Colonne de balisage BLANCHE avec ruban de 3 m\u00e8tres"},"content":{"rendered":"<div class=\"wpb-content-wrapper\"><p>[vc_row][vc_column][vc_column_text css=\u00a0\u00bb\u00a0\u00bb css_params=\u00a0\u00bb\u00a0\u00bb]<\/p>\n<h1>Borne BLANCHE avec ruban de 3 m\u00e8tres : Ordre et \u00e9l\u00e9gance<\/h1>\n<p>\u00c9l\u00e9gante et fonctionnelle, la borne blanche avec ruban de 3 m\u00e8tres est la solution id\u00e9ale pour la <strong>gestion des files d&rsquo;attente<\/strong> dans les environnements encombr\u00e9s. Fabriqu\u00e9e en m\u00e9tal <strong>blanc<\/strong> peint par poudrage, cette borne se distingue par sa finition raffin\u00e9e et la <strong>robustesse<\/strong> du mat\u00e9riau, qui garantit sa durabilit\u00e9 et sa fiabilit\u00e9 dans le temps. <\/p>\n<p>Le <strong>ruban extensible<\/strong> <strong>de 3 m\u00e8tres de long<\/strong> est \u00e9quip\u00e9 d&rsquo;un syst\u00e8me d&rsquo;<strong>auto-freinage<\/strong> qui \u00e9vite les dangereux \u00ab\u00a0effets de fouet\u00a0\u00bb en cas de non-r\u00e9tention, ainsi que d&rsquo;un <strong>clip de fermeture de s\u00e9curit\u00e9<\/strong> qui emp\u00eache toute ouverture accidentelle. La possibilit\u00e9 de choisir parmi <strong>dix couleurs de ruban diff\u00e9rentes<\/strong> permet d&rsquo;adapter la colonne aux exigences chromatiques de n&rsquo;importe quel environnement ou \u00e9v\u00e9nement, en ajoutant une touche de personnalisation et de style. <\/p>\n<h2>Pilier de marquage BLANC avec bande de 3 m\u00e8tres : S\u00e9curit\u00e9 et stabilit\u00e9<\/h2>\n<p>Un avantage suppl\u00e9mentaire est offert par la <strong>base plate<\/strong> en acier <strong>antid\u00e9rapant<\/strong>, \u00e9galement en blanc, qui contribue \u00e0 la stabilit\u00e9 maximale de la structure, favoris\u00e9e \u00e9galement par le poids total de 10,5 kg. Cette caract\u00e9ristique rend la colonne particuli\u00e8rement adapt\u00e9e aux situations o\u00f9 la s\u00e9curit\u00e9 et la stabilit\u00e9 sont requises, en \u00e9vitant tout basculement accidentel. <\/p>\n<p>La colonne permet \u00e9galement de <strong>personnaliser le ruban<\/strong> sur une ou deux faces en y imprimant des logos ou des lettres, un \u00e9l\u00e9ment indispensable pour des \u00e9v\u00e9nements tels que les d\u00e9fil\u00e9s de mode, les mariages, les expositions d&rsquo;art et d&rsquo;autres occasions formelles o\u00f9 le souci du d\u00e9tail est une valeur ajout\u00e9e.<\/p>\n<h2>Nombreux accessoires pour la colonne de marquage blanche avec ruban de 3 m\u00e8tres<\/h2>\n<p>Pour compl\u00e9ter la fonctionnalit\u00e9, il est possible de combiner plusieurs accessoires optionnels, notamment une pince de r\u00e9ception murale, un porte-message A4 ou A3, une pince magn\u00e9tique anti-panique et d&rsquo;autres \u00e9l\u00e9ments qui augmentent la polyvalence d&rsquo;utilisation de la colonne. En r\u00e9sum\u00e9, ce produit allie esth\u00e9tique, praticit\u00e9 et s\u00e9curit\u00e9, ce qui en fait un choix id\u00e9al pour organiser les espaces avec \u00e9l\u00e9gance et ordre. <\/p>\n<p>&nbsp;<\/p>\n<h3>Caract\u00e9ristiques<\/h3>\n<ul>\n<li>Colonne de tension de la s\u00e9rie Tendrilinear<\/li>\n<li>Finition : m\u00e9tal peint par poudrage en blanc.<\/li>\n<li>Ruban d&rsquo;environ 3 m\u00e8tres disponible en diff\u00e9rentes couleurs avec possibilit\u00e9 de personnalisation<\/li>\n<li>Couleurs de la bande : rouge, noir, bleu, vert, blanc, orange, jaune, gris, blanc-rouge, jaune-noir<\/li>\n<li>Enrouleur avec m\u00e9canisme de freinage automatique<\/li>\n<li>Clip de verrouillage de s\u00e9curit\u00e9.<\/li>\n<li>Base plate en acier de 35 cm.<\/li>\n<li>Diam\u00e8tre de la colonne : 6,3 cm<\/li>\n<li>Hauteur de la colonne : 101 cm.<\/li>\n<li>Poids total : 10,5 kg<\/li>\n<\/ul>\n<p>&nbsp;<\/p>\n<p>Le co\u00fbt se r\u00e9f\u00e8re \u00e0 une colonne compl\u00e8te avec bobine et ruban dans la couleur choisie.<\/p>\n<p style=\"text-align: left;\">Possibilit\u00e9 de <strong>personnaliser le ruban<\/strong> des deux c\u00f4t\u00e9s avec un logo en une ou plusieurs couleurs (contactez-nous pour plus d&rsquo;informations et pour conna\u00eetre les co\u00fbts).<\/p>\n<p>&nbsp;<\/p>\n<h3 style=\"text-align: center;\">Voir les autres mod\u00e8les Tendilin\u00e9aires disponibles sur ce <span style=\"color: #ff0000;\"><a style=\"color: #ff0000;\" href=\"https:\/\/www.smartystore.it\/fr\/categoria-prodotto\/signalisation-dentreprise\/poteau-de-separation\/colonnes-de-marqueurs-ditineraire-tendilinea\/\">LIEN<\/a><\/span><\/h3>\n<h3 style=\"text-align: center;\">D\u00e9couvrez les autres mod\u00e8les Classic sur ce <span style=\"color: #ff0000;\"><a style=\"color: #ff0000;\" href=\"https:\/\/www.smartystore.it\/fr\/categoria-prodotto\/signalisation-dentreprise\/poteau-de-separation\/poteau-de-separation-fr\/\">LIEN<\/a><\/span><\/h3>\n<h3 style=\"text-align: center;\">Consultez les accessoires optionnels sur ce <span style=\"color: #ff0000;\"><a style=\"color: #ff0000;\" href=\"https:\/\/www.smartystore.it\/fr\/categoria-prodotto\/signalisation-dentreprise\/poteau-de-separation\/rubans-cordons-accessoires\/\">LIEN<\/a><\/span><\/h3>\n<p>&nbsp;<\/p>\n<p><a href=\"https:\/\/www.smartystore.it\/v25\/wp-content\/uploads\/2017\/03\/STR-TEND005R-B-N-GN-BR-BI-V-AR-GI.pdf\" target=\"_blank\" rel=\"noopener\"><img loading=\"lazy\" decoding=\"async\" class=\"alignnone size-full wp-image-93510\" src=\"https:\/\/www.smartystore.it\/v25\/wp-content\/uploads\/2014\/10\/SchedaTecnica-300-e1750084266903.png\" alt=\"\" width=\"249\" height=\"63\"><\/a><\/p>\n<p>&nbsp;[\/vc_column_text][\/vc_column][\/vc_row]<\/p>\n<\/div>","protected":false},"excerpt":{"rendered":"<p>Colonne de marquage en m\u00e9tal peint en blanc, base plate et ruban r\u00e9tractable disponible dans un choix de couleurs.<\/p>\n","protected":false},"featured_media":99535,"comment_status":"open","ping_status":"closed","template":"","meta":{"_acf_changed":false},"pwb-brand":[],"product_brand":[],"product_cat":[3673],"product_tag":[7199,7200,7201,4262,4261,7203,7197,7196,4265,7202,4263,4274,7198],"class_list":{"0":"post-99560","1":"product","2":"type-product","3":"status-publish","4":"has-post-thumbnail","6":"product_cat-colonnes-de-marqueurs-ditineraire-tendilinea","7":"product_tag-colonne-detirement-de-3-metres","8":"product_tag-colonne-de-marquage-des-lignes-de-tendon-avec-base-plate","9":"product_tag-colonne-de-marqueurs-de-file-dattente","10":"product_tag-colonne-de-marquise-de-3-metres","11":"product_tag-colonne-de-tension-de-bande-flexible-3-metres","12":"product_tag-lime-blanche-poteau-guide","13":"product_tag-marqueur-de-sentier-avec-ruban-adhesif-amovible","14":"product_tag-pilier-de-marquage-blanc","15":"product_tag-piquets-avec-bande-amovible-de-3-metres","16":"product_tag-piquets-avec-ruban-retractable","17":"product_tag-poteau-de-tension-flex-line-3-metres","18":"product_tag-poteaux-de-guidage-de-la-lime-argentee","19":"product_tag-poteaux-marqueurs-de-ruban-en-differentes-couleurs","20":"pa_c2c_color-noir-jaune","21":"pa_c2c_color-rouge-blanc","22":"pa_c2c_color-blanc","23":"pa_c2c_color-bleu","24":"pa_c2c_color-gris","25":"pa_c2c_color-jaune","26":"pa_c2c_color-noir","27":"pa_c2c_color-orange","28":"pa_c2c_color-rouge","29":"pa_c2c_color-vert","30":"pa_c2c_dimensione-3-metres","32":"first","33":"instock","34":"taxable","35":"shipping-taxable","36":"purchasable","37":"product-type-variable"},"acf":[],"yoast_head":"<!-- This site is optimized with the Yoast SEO plugin v27.0 - https:\/\/yoast.com\/product\/yoast-seo-wordpress\/ -->\n<title>Colonne de balisage BLANCHE avec ruban de 3 m\u00e8tres<\/title>\n<meta name=\"description\" content=\"Colonne de balisage BLANCHE avec ruban de 3 m\u00e8tres, base plate non d\u00e9nudable, hauteur 101cm. Achetez en ligne sur Smartystore.\" \/>\n<meta name=\"robots\" content=\"index, follow, max-snippet:-1, max-image-preview:large, max-video-preview:-1\" \/>\n<link rel=\"canonical\" href=\"https:\/\/www.smartystore.it\/fr\/prodotto\/colonne-de-balisage-blanche-avec-ruban-de-3-metres\/\" \/>\n<meta property=\"og:locale\" content=\"fr_FR\" \/>\n<meta property=\"og:type\" content=\"article\" \/>\n<meta property=\"og:title\" content=\"Colonne de balisage BLANCHE avec ruban de 3 m\u00e8tres\" \/>\n<meta property=\"og:description\" content=\"Colonne de balisage BLANCHE avec ruban de 3 m\u00e8tres, base plate non d\u00e9nudable, hauteur 101cm. Achetez en ligne sur Smartystore.\" \/>\n<meta property=\"og:url\" content=\"https:\/\/www.smartystore.it\/fr\/prodotto\/colonne-de-balisage-blanche-avec-ruban-de-3-metres\/\" \/>\n<meta property=\"og:site_name\" content=\"Smarty Store\" \/>\n<meta property=\"article:publisher\" content=\"https:\/\/www.facebook.com\/smartystore.it\/\" \/>\n<meta property=\"article:modified_time\" content=\"2026-04-18T09:59:30+00:00\" \/>\n<meta property=\"og:image\" content=\"https:\/\/www.smartystore.it\/v25\/wp-content\/uploads\/2026\/04\/Colonnina-segnapercorso-bianca-nastro-3-metri-base-piatta.jpg\" \/>\n\t<meta property=\"og:image:width\" content=\"1000\" \/>\n\t<meta property=\"og:image:height\" content=\"1000\" \/>\n\t<meta property=\"og:image:type\" content=\"image\/jpeg\" \/>\n<meta name=\"twitter:card\" content=\"summary_large_image\" \/>\n<meta name=\"twitter:site\" content=\"@smartystore\" \/>\n<meta name=\"twitter:label1\" content=\"Dur\u00e9e de lecture estim\u00e9e\" \/>\n\t<meta name=\"twitter:data1\" content=\"3 minutes\" \/>\n<script type=\"application\/ld+json\" class=\"yoast-schema-graph\">{\"@context\":\"https:\/\/schema.org\",\"@graph\":[{\"@type\":\"WebPage\",\"@id\":\"https:\/\/www.smartystore.it\/fr\/prodotto\/colonne-de-balisage-blanche-avec-ruban-de-3-metres\/\",\"url\":\"https:\/\/www.smartystore.it\/fr\/prodotto\/colonne-de-balisage-blanche-avec-ruban-de-3-metres\/\",\"name\":\"Colonne de balisage BLANCHE avec ruban de 3 m\u00e8tres\",\"isPartOf\":{\"@id\":\"https:\/\/www.smartystore.it\/fr\/#website\"},\"primaryImageOfPage\":{\"@id\":\"https:\/\/www.smartystore.it\/fr\/prodotto\/colonne-de-balisage-blanche-avec-ruban-de-3-metres\/#primaryimage\"},\"image\":{\"@id\":\"https:\/\/www.smartystore.it\/fr\/prodotto\/colonne-de-balisage-blanche-avec-ruban-de-3-metres\/#primaryimage\"},\"thumbnailUrl\":\"https:\/\/www.smartystore.it\/v25\/wp-content\/uploads\/2026\/04\/Colonnina-segnapercorso-bianca-nastro-3-metri-base-piatta.jpg\",\"datePublished\":\"2026-04-17T16:02:35+00:00\",\"dateModified\":\"2026-04-18T09:59:30+00:00\",\"description\":\"Colonne de balisage BLANCHE avec ruban de 3 m\u00e8tres, base plate non d\u00e9nudable, hauteur 101cm. Achetez en ligne sur Smartystore.\",\"breadcrumb\":{\"@id\":\"https:\/\/www.smartystore.it\/fr\/prodotto\/colonne-de-balisage-blanche-avec-ruban-de-3-metres\/#breadcrumb\"},\"inLanguage\":\"fr-FR\",\"potentialAction\":[{\"@type\":\"ReadAction\",\"target\":[\"https:\/\/www.smartystore.it\/fr\/prodotto\/colonne-de-balisage-blanche-avec-ruban-de-3-metres\/\"]}]},{\"@type\":\"ImageObject\",\"inLanguage\":\"fr-FR\",\"@id\":\"https:\/\/www.smartystore.it\/fr\/prodotto\/colonne-de-balisage-blanche-avec-ruban-de-3-metres\/#primaryimage\",\"url\":\"https:\/\/www.smartystore.it\/v25\/wp-content\/uploads\/2026\/04\/Colonnina-segnapercorso-bianca-nastro-3-metri-base-piatta.jpg\",\"contentUrl\":\"https:\/\/www.smartystore.it\/v25\/wp-content\/uploads\/2026\/04\/Colonnina-segnapercorso-bianca-nastro-3-metri-base-piatta.jpg\",\"width\":1000,\"height\":1000,\"caption\":\"Colonnina segnapercorso BIANCA con nastro di 3 metri\"},{\"@type\":\"BreadcrumbList\",\"@id\":\"https:\/\/www.smartystore.it\/fr\/prodotto\/colonne-de-balisage-blanche-avec-ruban-de-3-metres\/#breadcrumb\",\"itemListElement\":[{\"@type\":\"ListItem\",\"position\":1,\"name\":\"Accueil\",\"item\":\"https:\/\/www.smartystore.it\/fr\/\"},{\"@type\":\"ListItem\",\"position\":2,\"name\":\"Boutique\",\"item\":\"https:\/\/www.smartystore.it\/fr\/boutique\/\"},{\"@type\":\"ListItem\",\"position\":3,\"name\":\"Colonne de balisage BLANCHE avec ruban de 3 m\u00e8tres\"}]},{\"@type\":\"WebSite\",\"@id\":\"https:\/\/www.smartystore.it\/fr\/#website\",\"url\":\"https:\/\/www.smartystore.it\/fr\/\",\"name\":\"Smarty Store\",\"description\":\"Espositori Pubblicitari e Sistemi di Comunicazione Visiva\",\"potentialAction\":[{\"@type\":\"SearchAction\",\"target\":{\"@type\":\"EntryPoint\",\"urlTemplate\":\"https:\/\/www.smartystore.it\/fr\/?s={search_term_string}\"},\"query-input\":{\"@type\":\"PropertyValueSpecification\",\"valueRequired\":true,\"valueName\":\"search_term_string\"}}],\"inLanguage\":\"fr-FR\"}]}<\/script>\n<!-- \/ Yoast SEO plugin. -->","yoast_head_json":{"title":"Colonne de balisage BLANCHE avec ruban de 3 m\u00e8tres","description":"Colonne de balisage BLANCHE avec ruban de 3 m\u00e8tres, base plate non d\u00e9nudable, hauteur 101cm. Achetez en ligne sur Smartystore.","robots":{"index":"index","follow":"follow","max-snippet":"max-snippet:-1","max-image-preview":"max-image-preview:large","max-video-preview":"max-video-preview:-1"},"canonical":"https:\/\/www.smartystore.it\/fr\/prodotto\/colonne-de-balisage-blanche-avec-ruban-de-3-metres\/","og_locale":"fr_FR","og_type":"article","og_title":"Colonne de balisage BLANCHE avec ruban de 3 m\u00e8tres","og_description":"Colonne de balisage BLANCHE avec ruban de 3 m\u00e8tres, base plate non d\u00e9nudable, hauteur 101cm. Achetez en ligne sur Smartystore.","og_url":"https:\/\/www.smartystore.it\/fr\/prodotto\/colonne-de-balisage-blanche-avec-ruban-de-3-metres\/","og_site_name":"Smarty Store","article_publisher":"https:\/\/www.facebook.com\/smartystore.it\/","article_modified_time":"2026-04-18T09:59:30+00:00","og_image":[{"width":1000,"height":1000,"url":"https:\/\/www.smartystore.it\/v25\/wp-content\/uploads\/2026\/04\/Colonnina-segnapercorso-bianca-nastro-3-metri-base-piatta.jpg","type":"image\/jpeg"}],"twitter_card":"summary_large_image","twitter_site":"@smartystore","twitter_misc":{"Dur\u00e9e de lecture estim\u00e9e":"3 minutes"},"schema":{"@context":"https:\/\/schema.org","@graph":[{"@type":"WebPage","@id":"https:\/\/www.smartystore.it\/fr\/prodotto\/colonne-de-balisage-blanche-avec-ruban-de-3-metres\/","url":"https:\/\/www.smartystore.it\/fr\/prodotto\/colonne-de-balisage-blanche-avec-ruban-de-3-metres\/","name":"Colonne de balisage BLANCHE avec ruban de 3 m\u00e8tres","isPartOf":{"@id":"https:\/\/www.smartystore.it\/fr\/#website"},"primaryImageOfPage":{"@id":"https:\/\/www.smartystore.it\/fr\/prodotto\/colonne-de-balisage-blanche-avec-ruban-de-3-metres\/#primaryimage"},"image":{"@id":"https:\/\/www.smartystore.it\/fr\/prodotto\/colonne-de-balisage-blanche-avec-ruban-de-3-metres\/#primaryimage"},"thumbnailUrl":"https:\/\/www.smartystore.it\/v25\/wp-content\/uploads\/2026\/04\/Colonnina-segnapercorso-bianca-nastro-3-metri-base-piatta.jpg","datePublished":"2026-04-17T16:02:35+00:00","dateModified":"2026-04-18T09:59:30+00:00","description":"Colonne de balisage BLANCHE avec ruban de 3 m\u00e8tres, base plate non d\u00e9nudable, hauteur 101cm. Achetez en ligne sur Smartystore.","breadcrumb":{"@id":"https:\/\/www.smartystore.it\/fr\/prodotto\/colonne-de-balisage-blanche-avec-ruban-de-3-metres\/#breadcrumb"},"inLanguage":"fr-FR","potentialAction":[{"@type":"ReadAction","target":["https:\/\/www.smartystore.it\/fr\/prodotto\/colonne-de-balisage-blanche-avec-ruban-de-3-metres\/"]}]},{"@type":"ImageObject","inLanguage":"fr-FR","@id":"https:\/\/www.smartystore.it\/fr\/prodotto\/colonne-de-balisage-blanche-avec-ruban-de-3-metres\/#primaryimage","url":"https:\/\/www.smartystore.it\/v25\/wp-content\/uploads\/2026\/04\/Colonnina-segnapercorso-bianca-nastro-3-metri-base-piatta.jpg","contentUrl":"https:\/\/www.smartystore.it\/v25\/wp-content\/uploads\/2026\/04\/Colonnina-segnapercorso-bianca-nastro-3-metri-base-piatta.jpg","width":1000,"height":1000,"caption":"Colonnina segnapercorso BIANCA con nastro di 3 metri"},{"@type":"BreadcrumbList","@id":"https:\/\/www.smartystore.it\/fr\/prodotto\/colonne-de-balisage-blanche-avec-ruban-de-3-metres\/#breadcrumb","itemListElement":[{"@type":"ListItem","position":1,"name":"Accueil","item":"https:\/\/www.smartystore.it\/fr\/"},{"@type":"ListItem","position":2,"name":"Boutique","item":"https:\/\/www.smartystore.it\/fr\/boutique\/"},{"@type":"ListItem","position":3,"name":"Colonne de balisage BLANCHE avec ruban de 3 m\u00e8tres"}]},{"@type":"WebSite","@id":"https:\/\/www.smartystore.it\/fr\/#website","url":"https:\/\/www.smartystore.it\/fr\/","name":"Smarty Store","description":"Espositori Pubblicitari e Sistemi di Comunicazione Visiva","potentialAction":[{"@type":"SearchAction","target":{"@type":"EntryPoint","urlTemplate":"https:\/\/www.smartystore.it\/fr\/?s={search_term_string}"},"query-input":{"@type":"PropertyValueSpecification","valueRequired":true,"valueName":"search_term_string"}}],"inLanguage":"fr-FR"}]}},"brands":[],"_links":{"self":[{"href":"https:\/\/www.smartystore.it\/fr\/wp-json\/wp\/v2\/product\/99560","targetHints":{"allow":["GET"]}}],"collection":[{"href":"https:\/\/www.smartystore.it\/fr\/wp-json\/wp\/v2\/product"}],"about":[{"href":"https:\/\/www.smartystore.it\/fr\/wp-json\/wp\/v2\/types\/product"}],"replies":[{"embeddable":true,"href":"https:\/\/www.smartystore.it\/fr\/wp-json\/wp\/v2\/comments?post=99560"}],"wp:featuredmedia":[{"embeddable":true,"href":"https:\/\/www.smartystore.it\/fr\/wp-json\/wp\/v2\/media\/99535"}],"wp:attachment":[{"href":"https:\/\/www.smartystore.it\/fr\/wp-json\/wp\/v2\/media?parent=99560"}],"wp:term":[{"taxonomy":"pwb-brand","embeddable":true,"href":"https:\/\/www.smartystore.it\/fr\/wp-json\/wp\/v2\/pwb-brand?post=99560"},{"taxonomy":"product_brand","embeddable":true,"href":"https:\/\/www.smartystore.it\/fr\/wp-json\/wp\/v2\/product_brand?post=99560"},{"taxonomy":"product_cat","embeddable":true,"href":"https:\/\/www.smartystore.it\/fr\/wp-json\/wp\/v2\/product_cat?post=99560"},{"taxonomy":"product_tag","embeddable":true,"href":"https:\/\/www.smartystore.it\/fr\/wp-json\/wp\/v2\/product_tag?post=99560"}],"curies":[{"name":"wp","href":"https:\/\/api.w.org\/{rel}","templated":true}]}}