{"id":99483,"date":"2014-10-08T17:02:58","date_gmt":"2014-10-08T15:02:58","guid":{"rendered":"https:\/\/www.smartystore.it\/prodotto\/totem-publicitaire-a-trois-faces-70x200-pro\/"},"modified":"2026-04-16T17:22:20","modified_gmt":"2026-04-16T15:22:20","slug":"totem-publicitaire-a-trois-faces-70x200-pro","status":"publish","type":"product","link":"https:\/\/www.smartystore.it\/fr\/prodotto\/totem-publicitaire-a-trois-faces-70x200-pro\/","title":{"rendered":"Totem publicitaire \u00e0 trois faces 70&#215;200 PRO"},"content":{"rendered":"<div class=\"wpb-content-wrapper\"><p>[vc_row][vc_column][vc_column_text css=\u00a0\u00bb\u00a0\u00bb css_params=\u00a0\u00bb\u00a0\u00bb]<\/p>\n<h1>70&#215;200 PRO Totem publicitaire \u00e0 trois faces : stabilit\u00e9 certifi\u00e9e<\/h1>\n<p>Le totem publicitaire \u00e0 trois faces 70&#215;200 PRO repr\u00e9sente une solution efficace et polyvalente pour la communication visuelle, adapt\u00e9e aux <strong>environnements int\u00e9rieurs et ext\u00e9rieurs<\/strong>. Con\u00e7u avec une <strong>structure interne de renforcement<\/strong>, ce totem garantit un haut degr\u00e9 de robustesse et de stabilit\u00e9, appuy\u00e9 par un <strong>certificat de stabilit\u00e9 statique<\/strong> attestant de sa s\u00e9curit\u00e9 et de sa fiabilit\u00e9 dans le temps. <\/p>\n<p>Les surfaces incurv\u00e9es conf\u00e8rent au totem une esth\u00e9tique moderne et \u00e9l\u00e9gante, capable de capter l&rsquo;attention du public de mani\u00e8re raffin\u00e9e. Les montants sont en aluminium anodis\u00e9 argent\u00e9, un mat\u00e9riau l\u00e9ger mais solide qui garantit la durabilit\u00e9 et la r\u00e9sistance aux intemp\u00e9ries. La base en m\u00e9tal argent\u00e9 rev\u00eatu de poudre est con\u00e7ue pour \u00eatre solidement <strong>fix\u00e9e au sol<\/strong>, ce qui garantit un ancrage stable m\u00eame en ext\u00e9rieur.  <\/p>\n<h2>70&#215;200 PRO Totem publicitaire \u00e0 trois faces : pour l&rsquo;int\u00e9rieur et l&rsquo;ext\u00e9rieur<\/h2>\n<p>En ce qui concerne les panneaux arri\u00e8re, le mod\u00e8le destin\u00e9 \u00e0 l&rsquo;<strong>int\u00e9rieur utilise le forex<\/strong>, un mat\u00e9riau l\u00e9ger id\u00e9al pour les environnements ferm\u00e9s, tandis que la version <strong>ext\u00e9rieure utilise la t\u00f4le<\/strong>, un mat\u00e9riau plus r\u00e9sistant aux intemp\u00e9ries et aux contraintes environnementales. Les dimensions du totem comprennent trois faces de 70&#215;200 cm chacune, offrant un large espace pour l&rsquo;affichage de messages publicitaires, d&rsquo;informations et de promotions. <\/p>\n<p>Cette structure r\u00e9pond parfaitement aux besoins de communication des entreprises, des centres commerciaux, des h\u00f4pitaux et des centres de congr\u00e8s, en garantissant la visibilit\u00e9 et l&rsquo;impact communicationnel dans n&rsquo;importe quel contexte. Le Totem publicitaire \u00e0 trois faces 70&#215;200 PRO est donc un outil professionnel et fiable pour mettre en valeur tout type de message promotionnel ou informatif. <\/p>\n<h3>Caract\u00e9ristiques<\/h3>\n<ul>\n<li>Totem publicitaire \u00e0 trois faces disponible pour l&rsquo;int\u00e9rieur et l&rsquo;ext\u00e9rieur.<\/li>\n<li><strong>Structure de renforcement interne qui rend le totem beaucoup plus robuste et stable<\/strong><\/li>\n<li><strong>CERTIFICAT D&rsquo;IMMOBILIT\u00c9<\/strong><\/li>\n<li>Surfaces arqu\u00e9es.<\/li>\n<li>Montants en aluminium anodis\u00e9 argent.<\/li>\n<li>Socle en m\u00e9tal recouvert de poudre d&rsquo;argent avec possibilit\u00e9 de fixation au sol.<\/li>\n<li>Panneaux arri\u00e8re en Forex dans le cas de la version int\u00e9rieure, en t\u00f4le pour la version ext\u00e9rieure.<\/li>\n<li>Dimensions : 3 c\u00f4t\u00e9s 70&#215;200 cm.<\/li>\n<li>Surface visible : 67&#215;200 cm<\/li>\n<li>Poids du totem : 48 kg<\/li>\n<\/ul>\n<p>&nbsp;<\/p>\n<table style=\"width: 87.1097%; border-collapse: collapse; border-color: #000000; height: 72px;\" border=\"1\">\n<tbody>\n<tr style=\"height: 24px;\">\n<td style=\"width: 15.5068%; text-align: center; height: 24px;\"><strong>CODE<\/strong><\/td>\n<td style=\"width: 14.9744%; text-align: center; height: 24px;\"><strong>TAILLE DU PANNEAU<\/strong><\/td>\n<td style=\"width: 11.1268%; text-align: center; height: 24px;\"><strong>ZONE VISIBLE<\/strong><\/td>\n<td style=\"width: 8.05116%; text-align: center;\"><strong>PERSONNALISATION<\/strong><\/td>\n<td style=\"width: 12.8078%; text-align: center; height: 24px;\"><strong>TAILLE TOTEM<\/strong><\/td>\n<td style=\"width: 10.8015%; text-align: center; height: 24px;\"><strong>UTILISER<\/strong><\/td>\n<td style=\"width: 14.1133%; text-align: center; height: 24px;\"><strong>POIDS<\/strong><\/td>\n<\/tr>\n<tr style=\"height: 24px;\">\n<td style=\"width: 15.5068%; height: 24px;\"><strong>STR-TRIS70x200NX<\/strong><\/td>\n<td style=\"width: 14.9744%; text-align: center; height: 24px;\">700&#215;2000 mm.<\/td>\n<td style=\"width: 11.1268%; text-align: center; height: 24px;\">670&#215;2000 mm.<\/td>\n<td style=\"width: 8.05116%; text-align: center;\">Impression directe sur forex<\/td>\n<td style=\"width: 12.8078%; text-align: center; height: 24px;\">700x350x2000 mm.<\/td>\n<td style=\"width: 10.8015%; text-align: center; height: 24px;\">Int\u00e9rieur<\/td>\n<td style=\"width: 14.1133%; height: 24px; text-align: center;\">48 Kg.<\/td>\n<\/tr>\n<tr style=\"height: 24px;\">\n<td style=\"width: 15.5068%; height: 24px;\"><strong>STR-TRIS70x200NX\/L<\/strong><\/td>\n<td style=\"width: 14.9744%; text-align: center; height: 24px;\">700&#215;2000 mm.<\/td>\n<td style=\"width: 11.1268%; text-align: center; height: 24px;\">670&#215;2000 mm.<\/td>\n<td style=\"width: 8.05116%; text-align: center;\">Impression sur vinyle adh\u00e9sif avec pelliculage pour usage ext\u00e9rieur<\/td>\n<td style=\"width: 12.8078%; text-align: center; height: 24px;\">700x350x2000 mm.<\/td>\n<td style=\"width: 10.8015%; text-align: center; height: 24px;\">Ext\u00e9rieur<\/td>\n<td style=\"width: 14.1133%; height: 24px; text-align: center;\">48 Kg.<\/td>\n<\/tr>\n<\/tbody>\n<\/table>\n<p>&nbsp;<\/p>\n<p><span style=\"color: #993300;\"><strong>POUR LE FICHIER GRAPHIQUE : cr\u00e9ez le fichier aux dimensions 70&#215;200 cm (\u00e9chelle 1:1) avec les textes convertis en trac\u00e9s, apr\u00e8s avoir sauvegard\u00e9 le fichier en format PDF (r\u00e9solution minimale de 200 dpi), envoyez le document \u00e0 l&rsquo;adresse \u00e9lectronique suivante<\/strong><\/span><strong> <\/strong><a href=\"mailto:grafica@smartystore.it\"><strong>grafica@smartystore.it<\/strong><\/a><strong> <\/strong><span style=\"color: #993300;\"><strong>en se r\u00e9f\u00e9rant au num\u00e9ro de commande.<\/strong><\/span><\/p>\n<p>&nbsp;<\/p>\n<h3 style=\"text-align: center;\">Voyez aussi les autres totems disponibles pour l&rsquo;int\u00e9rieur et l&rsquo;ext\u00e9rieur \u00e0 ce <strong><a href=\"https:\/\/www.smartystore.it\/fr\/categoria-prodotto\/totems-publicitaires-et-dinformation\/totem-pour-linterieur-et-lexterieur\/\">LIEN<\/a><\/strong><\/h3>\n<p>&nbsp;<\/p>\n<p><a href=\"https:\/\/www.smartystore.it\/v25\/wp-content\/uploads\/2022\/10\/STR-TRIS70x200NX-TRIS70x200NXL-TRIS70x250NX-TRIS70x250BXL.pdf\" target=\"_blank\" rel=\"noopener\"><img loading=\"lazy\" decoding=\"async\" class=\"alignnone size-full wp-image-93672\" src=\"https:\/\/www.smartystore.it\/v25\/wp-content\/uploads\/2023\/11\/LogoDownload_yellow.jpg\" alt=\"\" width=\"50\" height=\"50\">  <\/a><a href=\"https:\/\/www.smartystore.it\/v25\/wp-content\/uploads\/2022\/10\/STR-TRIS70x200NX-TRIS70x200NXL-TRIS70x250NX-TRIS70x250BXL.pdf\" target=\"_blank\" rel=\"noopener noreferrer\"><strong>FICHE TECHNIQUE<\/strong><\/a><\/p>\n<p>&nbsp;<\/p>\n<p><strong> <\/strong><strong>SERVICES DE GRAPHISME ET D&rsquo;IMPRESSION<\/strong><\/p>\n<p>Smarty Store peut fournir des services de mise en page et\/ou d&rsquo;impression.<\/p>\n<p>Si le service d&rsquo;impression seule est demand\u00e9, le client doit envoyer le fichier d&rsquo;impression au format PDF. Les graphiques seront imprim\u00e9s tels qu&rsquo;ils sont re\u00e7us dans le fichier. <\/p>\n<p>Si un service de mise en page est demand\u00e9, notre organisation contactera le client par t\u00e9l\u00e9phone pour obtenir les informations n\u00e9cessaires. La mise en page graphique exclut les images, qui doivent \u00eatre fournies par le client ou faire l&rsquo;objet d&rsquo;un devis s\u00e9par\u00e9.<br \/>\nLe client recevra la proposition graphique au format PDF pour approbation. <\/p>\n<p><strong>ATTENTION :<\/strong><br \/>\nLes couleurs affich\u00e9es peuvent varier d&rsquo;un \u00e9cran \u00e0 l&rsquo;autre. Pour les couleurs d&rsquo;impression, vous devez toujours vous r\u00e9f\u00e9rer \u00e0 l&rsquo;\u00e9chelle Pantone.<br \/>\nSmarty Store d\u00e9cline toute responsabilit\u00e9 en cas de couleurs v\u00e9rifi\u00e9es par le client uniquement sur son propre moniteur. <\/p>\n<p>&nbsp;<\/p>\n<p>[\/vc_column_text][\/vc_column][\/vc_row]<\/p>\n<\/div>","protected":false},"excerpt":{"rendered":"<p>Totem publicitaire \u00e0 trois faces avec 3 panneaux de 70&#215;200 cm. Certification statique. Disponible en version int\u00e9rieure et ext\u00e9rieure.  <\/p>\n","protected":false},"featured_media":99481,"comment_status":"open","ping_status":"closed","template":"","meta":{"_acf_changed":false},"pwb-brand":[],"product_brand":[],"product_cat":[3103,3682,3679],"product_tag":[7108,7110,7000,6998,6997,7001,7109,6999,7003,7002],"class_list":{"0":"post-99483","1":"product","2":"type-product","3":"status-publish","4":"has-post-thumbnail","6":"product_cat-totem-dinterieur","7":"product_cat-totem-pour-linterieur-et-lexterieur","8":"product_cat-totems-publicitaires-et-dinformation","9":"product_tag-totem-a-trois-faces-70x200","10":"product_tag-totem-a-trois-faces-avec-certification-statique","11":"product_tag-totem-personnalise-a-trois-faces","12":"product_tag-totem-professionnel-pour-la-publicite-exterieure","13":"product_tag-totem-publicitaire-a-trois-faces","14":"product_tag-totem-publicitaire-avec-certification","15":"product_tag-totem-publicitaire-avec-renforcement-interne","16":"product_tag-totem-publicitaire-interieur","17":"product_tag-totem-triangulaire-dexterieur-et-dinterieur","18":"product_tag-totems-publicitaires-personnalises","19":"pa_c2c_color-argent","20":"pa_c2c_dimensione-70x200-cm","21":"pa_c2c_grafica-1-sujet","22":"pa_c2c_grafica-non","23":"pa_c2c_stampa-1-cote","24":"pa_c2c_stampa-2-faces","25":"pa_c2c_stampa-3-cotes","26":"pa_c2c_stampa-non","28":"first","29":"instock","30":"taxable","31":"shipping-taxable","32":"purchasable","33":"product-type-variable"},"acf":[],"yoast_head":"<!-- This site is optimized with the Yoast SEO plugin v27.0 - https:\/\/yoast.com\/product\/yoast-seo-wordpress\/ -->\n<title>Totem publicitaire \u00e0 trois faces 70x200 PRO - Smarty Store Au Meilleur Prix<\/title>\n<meta name=\"description\" content=\"Totem publicitaire \u00e0 trois faces 70x200 PRO pour l&#039;ext\u00e9rieur et l&#039;int\u00e9rieur. D\u00e9couvrez sur Smartystore la gamme de totems publicitaires id\u00e9ale pour promouvoir votre entreprise.\" \/>\n<meta name=\"robots\" content=\"index, follow, max-snippet:-1, max-image-preview:large, max-video-preview:-1\" \/>\n<link rel=\"canonical\" href=\"https:\/\/www.smartystore.it\/fr\/prodotto\/totem-publicitaire-a-trois-faces-70x200-pro\/\" \/>\n<meta property=\"og:locale\" content=\"fr_FR\" \/>\n<meta property=\"og:type\" content=\"article\" \/>\n<meta property=\"og:title\" content=\"Totem publicitaire \u00e0 trois faces 70x200 PRO - Smarty Store Au Meilleur Prix\" \/>\n<meta property=\"og:description\" content=\"Totem publicitaire \u00e0 trois faces 70x200 PRO pour l&#039;ext\u00e9rieur et l&#039;int\u00e9rieur. D\u00e9couvrez sur Smartystore la gamme de totems publicitaires id\u00e9ale pour promouvoir votre entreprise.\" \/>\n<meta property=\"og:url\" content=\"https:\/\/www.smartystore.it\/fr\/prodotto\/totem-publicitaire-a-trois-faces-70x200-pro\/\" \/>\n<meta property=\"og:site_name\" content=\"Smarty Store\" \/>\n<meta property=\"article:publisher\" content=\"https:\/\/www.facebook.com\/smartystore.it\/\" \/>\n<meta property=\"article:modified_time\" content=\"2026-04-16T15:22:20+00:00\" \/>\n<meta property=\"og:image\" content=\"https:\/\/www.smartystore.it\/v25\/wp-content\/uploads\/2014\/10\/Totem-trifacciale-70x200-da-interno-e-esterno.jpg\" \/>\n\t<meta property=\"og:image:width\" content=\"1000\" \/>\n\t<meta property=\"og:image:height\" content=\"1000\" \/>\n\t<meta property=\"og:image:type\" content=\"image\/jpeg\" \/>\n<meta name=\"twitter:card\" content=\"summary_large_image\" \/>\n<meta name=\"twitter:site\" content=\"@smartystore\" \/>\n<meta name=\"twitter:label1\" content=\"Dur\u00e9e de lecture estim\u00e9e\" \/>\n\t<meta name=\"twitter:data1\" content=\"4 minutes\" \/>\n<script type=\"application\/ld+json\" class=\"yoast-schema-graph\">{\"@context\":\"https:\/\/schema.org\",\"@graph\":[{\"@type\":\"WebPage\",\"@id\":\"https:\/\/www.smartystore.it\/fr\/prodotto\/totem-publicitaire-a-trois-faces-70x200-pro\/\",\"url\":\"https:\/\/www.smartystore.it\/fr\/prodotto\/totem-publicitaire-a-trois-faces-70x200-pro\/\",\"name\":\"Totem publicitaire \u00e0 trois faces 70x200 PRO - Smarty Store Au Meilleur Prix\",\"isPartOf\":{\"@id\":\"https:\/\/www.smartystore.it\/fr\/#website\"},\"primaryImageOfPage\":{\"@id\":\"https:\/\/www.smartystore.it\/fr\/prodotto\/totem-publicitaire-a-trois-faces-70x200-pro\/#primaryimage\"},\"image\":{\"@id\":\"https:\/\/www.smartystore.it\/fr\/prodotto\/totem-publicitaire-a-trois-faces-70x200-pro\/#primaryimage\"},\"thumbnailUrl\":\"https:\/\/www.smartystore.it\/v25\/wp-content\/uploads\/2014\/10\/Totem-trifacciale-70x200-da-interno-e-esterno.jpg\",\"datePublished\":\"2014-10-08T15:02:58+00:00\",\"dateModified\":\"2026-04-16T15:22:20+00:00\",\"description\":\"Totem publicitaire \u00e0 trois faces 70x200 PRO pour l'ext\u00e9rieur et l'int\u00e9rieur. D\u00e9couvrez sur Smartystore la gamme de totems publicitaires id\u00e9ale pour promouvoir votre entreprise.\",\"breadcrumb\":{\"@id\":\"https:\/\/www.smartystore.it\/fr\/prodotto\/totem-publicitaire-a-trois-faces-70x200-pro\/#breadcrumb\"},\"inLanguage\":\"fr-FR\",\"potentialAction\":[{\"@type\":\"ReadAction\",\"target\":[\"https:\/\/www.smartystore.it\/fr\/prodotto\/totem-publicitaire-a-trois-faces-70x200-pro\/\"]}]},{\"@type\":\"ImageObject\",\"inLanguage\":\"fr-FR\",\"@id\":\"https:\/\/www.smartystore.it\/fr\/prodotto\/totem-publicitaire-a-trois-faces-70x200-pro\/#primaryimage\",\"url\":\"https:\/\/www.smartystore.it\/v25\/wp-content\/uploads\/2014\/10\/Totem-trifacciale-70x200-da-interno-e-esterno.jpg\",\"contentUrl\":\"https:\/\/www.smartystore.it\/v25\/wp-content\/uploads\/2014\/10\/Totem-trifacciale-70x200-da-interno-e-esterno.jpg\",\"width\":1000,\"height\":1000,\"caption\":\"Totem publicitaire \u00e0 trois faces 70x200 PRO\"},{\"@type\":\"BreadcrumbList\",\"@id\":\"https:\/\/www.smartystore.it\/fr\/prodotto\/totem-publicitaire-a-trois-faces-70x200-pro\/#breadcrumb\",\"itemListElement\":[{\"@type\":\"ListItem\",\"position\":1,\"name\":\"Accueil\",\"item\":\"https:\/\/www.smartystore.it\/fr\/\"},{\"@type\":\"ListItem\",\"position\":2,\"name\":\"Boutique\",\"item\":\"https:\/\/www.smartystore.it\/fr\/boutique\/\"},{\"@type\":\"ListItem\",\"position\":3,\"name\":\"Totem publicitaire \u00e0 trois faces 70&#215;200 PRO\"}]},{\"@type\":\"WebSite\",\"@id\":\"https:\/\/www.smartystore.it\/fr\/#website\",\"url\":\"https:\/\/www.smartystore.it\/fr\/\",\"name\":\"Smarty Store\",\"description\":\"Espositori Pubblicitari e Sistemi di Comunicazione Visiva\",\"potentialAction\":[{\"@type\":\"SearchAction\",\"target\":{\"@type\":\"EntryPoint\",\"urlTemplate\":\"https:\/\/www.smartystore.it\/fr\/?s={search_term_string}\"},\"query-input\":{\"@type\":\"PropertyValueSpecification\",\"valueRequired\":true,\"valueName\":\"search_term_string\"}}],\"inLanguage\":\"fr-FR\"}]}<\/script>\n<!-- \/ Yoast SEO plugin. -->","yoast_head_json":{"title":"Totem publicitaire \u00e0 trois faces 70x200 PRO - Smarty Store Au Meilleur Prix","description":"Totem publicitaire \u00e0 trois faces 70x200 PRO pour l'ext\u00e9rieur et l'int\u00e9rieur. D\u00e9couvrez sur Smartystore la gamme de totems publicitaires id\u00e9ale pour promouvoir votre entreprise.","robots":{"index":"index","follow":"follow","max-snippet":"max-snippet:-1","max-image-preview":"max-image-preview:large","max-video-preview":"max-video-preview:-1"},"canonical":"https:\/\/www.smartystore.it\/fr\/prodotto\/totem-publicitaire-a-trois-faces-70x200-pro\/","og_locale":"fr_FR","og_type":"article","og_title":"Totem publicitaire \u00e0 trois faces 70x200 PRO - Smarty Store Au Meilleur Prix","og_description":"Totem publicitaire \u00e0 trois faces 70x200 PRO pour l'ext\u00e9rieur et l'int\u00e9rieur. D\u00e9couvrez sur Smartystore la gamme de totems publicitaires id\u00e9ale pour promouvoir votre entreprise.","og_url":"https:\/\/www.smartystore.it\/fr\/prodotto\/totem-publicitaire-a-trois-faces-70x200-pro\/","og_site_name":"Smarty Store","article_publisher":"https:\/\/www.facebook.com\/smartystore.it\/","article_modified_time":"2026-04-16T15:22:20+00:00","og_image":[{"width":1000,"height":1000,"url":"https:\/\/www.smartystore.it\/v25\/wp-content\/uploads\/2014\/10\/Totem-trifacciale-70x200-da-interno-e-esterno.jpg","type":"image\/jpeg"}],"twitter_card":"summary_large_image","twitter_site":"@smartystore","twitter_misc":{"Dur\u00e9e de lecture estim\u00e9e":"4 minutes"},"schema":{"@context":"https:\/\/schema.org","@graph":[{"@type":"WebPage","@id":"https:\/\/www.smartystore.it\/fr\/prodotto\/totem-publicitaire-a-trois-faces-70x200-pro\/","url":"https:\/\/www.smartystore.it\/fr\/prodotto\/totem-publicitaire-a-trois-faces-70x200-pro\/","name":"Totem publicitaire \u00e0 trois faces 70x200 PRO - Smarty Store Au Meilleur Prix","isPartOf":{"@id":"https:\/\/www.smartystore.it\/fr\/#website"},"primaryImageOfPage":{"@id":"https:\/\/www.smartystore.it\/fr\/prodotto\/totem-publicitaire-a-trois-faces-70x200-pro\/#primaryimage"},"image":{"@id":"https:\/\/www.smartystore.it\/fr\/prodotto\/totem-publicitaire-a-trois-faces-70x200-pro\/#primaryimage"},"thumbnailUrl":"https:\/\/www.smartystore.it\/v25\/wp-content\/uploads\/2014\/10\/Totem-trifacciale-70x200-da-interno-e-esterno.jpg","datePublished":"2014-10-08T15:02:58+00:00","dateModified":"2026-04-16T15:22:20+00:00","description":"Totem publicitaire \u00e0 trois faces 70x200 PRO pour l'ext\u00e9rieur et l'int\u00e9rieur. D\u00e9couvrez sur Smartystore la gamme de totems publicitaires id\u00e9ale pour promouvoir votre entreprise.","breadcrumb":{"@id":"https:\/\/www.smartystore.it\/fr\/prodotto\/totem-publicitaire-a-trois-faces-70x200-pro\/#breadcrumb"},"inLanguage":"fr-FR","potentialAction":[{"@type":"ReadAction","target":["https:\/\/www.smartystore.it\/fr\/prodotto\/totem-publicitaire-a-trois-faces-70x200-pro\/"]}]},{"@type":"ImageObject","inLanguage":"fr-FR","@id":"https:\/\/www.smartystore.it\/fr\/prodotto\/totem-publicitaire-a-trois-faces-70x200-pro\/#primaryimage","url":"https:\/\/www.smartystore.it\/v25\/wp-content\/uploads\/2014\/10\/Totem-trifacciale-70x200-da-interno-e-esterno.jpg","contentUrl":"https:\/\/www.smartystore.it\/v25\/wp-content\/uploads\/2014\/10\/Totem-trifacciale-70x200-da-interno-e-esterno.jpg","width":1000,"height":1000,"caption":"Totem publicitaire \u00e0 trois faces 70x200 PRO"},{"@type":"BreadcrumbList","@id":"https:\/\/www.smartystore.it\/fr\/prodotto\/totem-publicitaire-a-trois-faces-70x200-pro\/#breadcrumb","itemListElement":[{"@type":"ListItem","position":1,"name":"Accueil","item":"https:\/\/www.smartystore.it\/fr\/"},{"@type":"ListItem","position":2,"name":"Boutique","item":"https:\/\/www.smartystore.it\/fr\/boutique\/"},{"@type":"ListItem","position":3,"name":"Totem publicitaire \u00e0 trois faces 70&#215;200 PRO"}]},{"@type":"WebSite","@id":"https:\/\/www.smartystore.it\/fr\/#website","url":"https:\/\/www.smartystore.it\/fr\/","name":"Smarty Store","description":"Espositori Pubblicitari e Sistemi di Comunicazione Visiva","potentialAction":[{"@type":"SearchAction","target":{"@type":"EntryPoint","urlTemplate":"https:\/\/www.smartystore.it\/fr\/?s={search_term_string}"},"query-input":{"@type":"PropertyValueSpecification","valueRequired":true,"valueName":"search_term_string"}}],"inLanguage":"fr-FR"}]}},"brands":[],"_links":{"self":[{"href":"https:\/\/www.smartystore.it\/fr\/wp-json\/wp\/v2\/product\/99483","targetHints":{"allow":["GET"]}}],"collection":[{"href":"https:\/\/www.smartystore.it\/fr\/wp-json\/wp\/v2\/product"}],"about":[{"href":"https:\/\/www.smartystore.it\/fr\/wp-json\/wp\/v2\/types\/product"}],"replies":[{"embeddable":true,"href":"https:\/\/www.smartystore.it\/fr\/wp-json\/wp\/v2\/comments?post=99483"}],"wp:featuredmedia":[{"embeddable":true,"href":"https:\/\/www.smartystore.it\/fr\/wp-json\/wp\/v2\/media\/99481"}],"wp:attachment":[{"href":"https:\/\/www.smartystore.it\/fr\/wp-json\/wp\/v2\/media?parent=99483"}],"wp:term":[{"taxonomy":"pwb-brand","embeddable":true,"href":"https:\/\/www.smartystore.it\/fr\/wp-json\/wp\/v2\/pwb-brand?post=99483"},{"taxonomy":"product_brand","embeddable":true,"href":"https:\/\/www.smartystore.it\/fr\/wp-json\/wp\/v2\/product_brand?post=99483"},{"taxonomy":"product_cat","embeddable":true,"href":"https:\/\/www.smartystore.it\/fr\/wp-json\/wp\/v2\/product_cat?post=99483"},{"taxonomy":"product_tag","embeddable":true,"href":"https:\/\/www.smartystore.it\/fr\/wp-json\/wp\/v2\/product_tag?post=99483"}],"curies":[{"name":"wp","href":"https:\/\/api.w.org\/{rel}","templated":true}]}}