{"id":99427,"date":"2013-10-29T11:58:49","date_gmt":"2013-10-29T11:58:49","guid":{"rendered":"https:\/\/www.smartystore.it\/prodotto\/panneaux-daffichage-exterieurs-a-rabat\/"},"modified":"2026-04-15T17:22:27","modified_gmt":"2026-04-15T15:22:27","slug":"panneaux-daffichage-exterieurs-a-rabat","status":"publish","type":"product","link":"https:\/\/www.smartystore.it\/fr\/prodotto\/panneaux-daffichage-exterieurs-a-rabat\/","title":{"rendered":"Panneaux d&rsquo;affichage ext\u00e9rieurs \u00e0 rabat"},"content":{"rendered":"<div class=\"wpb-content-wrapper\"><p>[vc_row][vc_column][vc_column_text css=\u00a0\u00bb\u00a0\u00bb css_params=\u00a0\u00bb\u00a0\u00bb]<\/p>\n<h1><strong>Panneaux d&rsquo;affichage ext\u00e9rieur \u00e0 rabat Ligne CITY<\/strong><\/h1>\n<p>Les panneaux d&rsquo;affichage ext\u00e9rieur \u00e0 rabat de la gamme City constituent une solution id\u00e9ale pour afficher des messages, des communications et des avis dans des contextes publics et priv\u00e9s tels que les \u00e9coles, les entreprises, les universit\u00e9s, les mus\u00e9es et les centres de conf\u00e9rence. Ces produits sont fabriqu\u00e9s avec des <strong>mat\u00e9riaux de haute qualit\u00e9<\/strong> et sont con\u00e7us pour \u00eatre durables et fonctionnels <strong>, m\u00eame dans des environnements ext\u00e9rieurs<\/strong>. <\/p>\n<p>Les profil\u00e9s en aluminium extrud\u00e9 assurent l&rsquo;<strong>\u00e9tanch\u00e9it\u00e9<\/strong>, en prot\u00e9geant le contenu des agents atmosph\u00e9riques tels que la pluie et la poussi\u00e8re. Les coins arrondis, conformes aux normes en vigueur, garantissent non seulement une esth\u00e9tique raffin\u00e9e, mais aussi une s\u00e9curit\u00e9 accrue dans l&rsquo;utilisation quotidienne. Le fond est en t\u00f4le magn\u00e9tique, ce qui permet d&rsquo;afficher facilement des documents et des avis \u00e0 l&rsquo;aide d&rsquo;aimants.  <\/p>\n<h2><strong>Panneaux d&rsquo;affichage ext\u00e9rieur avec ouverture \u00e0 rabat : ouverture facile du rabat<\/strong><\/h2>\n<p>Le syst\u00e8me d&rsquo;ouverture du rabat, facilit\u00e9 par des <strong>pistons \u00e0 gaz<\/strong>, assure une ouverture en douceur et en toute s\u00e9curit\u00e9, tandis que les charni\u00e8res en aluminium assurent la solidit\u00e9 et la durabilit\u00e9. La fa\u00e7ade en <strong>m\u00e9thacrylate<\/strong> prot\u00e8ge le contenu des chocs et du vandalisme, tout en conservant une grande transparence pour une visibilit\u00e9 optimale. Les coins en ABS ajoutent une protection suppl\u00e9mentaire, r\u00e9duisant ainsi le risque de dommages.  <\/p>\n<p>La serrure \u00e0 cylindre, <strong>fournie avec deux cl\u00e9s<\/strong>, prot\u00e8ge les objets expos\u00e9s et offre une s\u00e9curit\u00e9 contre l&rsquo;acc\u00e8s non autoris\u00e9. La possibilit\u00e9 de montage mural au moyen de chevilles rend l&rsquo;installation simple et stable. <\/p>\n<p>Les panneaux d&rsquo;affichage ext\u00e9rieur \u00e0 rabat sont disponibles en <strong>argent ou en gris gothique<\/strong> et s&rsquo;adaptent avec \u00e9l\u00e9gance aux diff\u00e9rents environnements architecturaux et stylistiques. Gr\u00e2ce \u00e0 ces caract\u00e9ristiques, ils constituent un outil efficace et durable pour la communication visuelle dans les environnements ext\u00e9rieurs, en garantissant la protection, la fonctionnalit\u00e9 et un design soign\u00e9. <\/p>\n<h3>Caract\u00e9ristiques<\/h3>\n<ul>\n<li>Profil\u00e9s \u00e9tanches en aluminium extrud\u00e9<\/li>\n<li>Coins arrondis conform\u00e9ment \u00e0 la r\u00e9glementation<\/li>\n<li>Plaque magn\u00e9tique inf\u00e9rieure<\/li>\n<li>Syst\u00e8me d&rsquo;ouverture des volets par piston \u00e0 gaz<\/li>\n<li>Charni\u00e8res en aluminium<\/li>\n<li>Protection frontale en m\u00e9thacrylate<\/li>\n<li>Coins en ABS<\/li>\n<li>Serrure \u00e0 cylindre avec 2 cl\u00e9s fournies<\/li>\n<li>Possibilit\u00e9 de montage mural \u00e0 l&rsquo;aide de chevilles<\/li>\n<li>Couleurs disponibles : argent ou gris gothique<\/li>\n<\/ul>\n<p><strong>D\u00c9LAI D&rsquo;EXP\u00c9DITION : 5\/6 JOURS OUVRABLES \u00c0 COMPTER DE LA CONFIRMATION DE LA COMMANDE.<\/strong><\/p>\n<p>&nbsp;<\/p>\n<h3 style=\"text-align: center;\">Pour voir tous les mod\u00e8les de panneaux d&rsquo;affichage ext\u00e9rieurs, suivez ce <strong><a href=\"https:\/\/www.smartystore.it\/fr\/categoria-prodotto\/tableaux-de-messages\/panneaux-daffichage-exterieurs\/\">LIEN<\/a><\/strong><\/h3>\n<p>&nbsp;<\/p>\n<p><a href=\"https:\/\/www.smartystore.it\/v25\/wp-content\/uploads\/2013\/10\/STR-CITY01-02-03-04-05-11-12-13-14-15-16-20.pdf\" target=\"_blank\" rel=\"noopener\"><img loading=\"lazy\" decoding=\"async\" class=\"alignnone size-full wp-image-93510\" src=\"https:\/\/www.smartystore.it\/v25\/wp-content\/uploads\/2014\/10\/SchedaTecnica-300-e1750084266903.png\" alt=\"\" width=\"249\" height=\"63\"><\/a><\/p>\n<p>&nbsp;<\/p>\n<p>Dimensions des tableaux d&rsquo;affichage :<\/p>\n<div>\n<table style=\"height: 217px;\" border=\"2\" width=\"840\">\n<tbody>\n<tr>\n<th style=\"text-align: center;\" scope=\"col\"> CODE<\/th>\n<th style=\"text-align: center;\" scope=\"col\"> UTILE A L&rsquo;INTERIEUR<\/th>\n<th style=\"text-align: center;\" scope=\"col\">EXTERNE<\/th>\n<\/tr>\n<tr>\n<td style=\"text-align: left;\">STR-CITY11<\/td>\n<td style=\"text-align: left;\">99,0 L x 70,0 H cm<\/td>\n<td style=\"text-align: left;\">cm. 113,5 L x 84,5 H x 6,5 D<\/td>\n<\/tr>\n<tr>\n<td style=\"text-align: left;\">STR-CITY12<\/td>\n<td style=\"text-align: left;\">99,0 L x 99,0 H cm<\/td>\n<td style=\"text-align: left;\">cm. 113,5 L x 112,5 H x 6,5 P<\/td>\n<\/tr>\n<tr>\n<td style=\"text-align: left;\">STR-CITY13<\/td>\n<td style=\"text-align: left;\">149,0 L x 99,0 H cm<\/td>\n<td style=\"text-align: left;\">163,5 L x 113,5 H x 6,5 P cm.<\/td>\n<\/tr>\n<tr>\n<td style=\"text-align: left;\">STR-CITY14<\/td>\n<td style=\"text-align: left;\">202,0 L x 98,0 H cm.<\/td>\n<td style=\"text-align: left;\">216,5 L x 112,5 H x 6,5 P cm.<\/td>\n<\/tr>\n<tr>\n<td style=\"text-align: left;\">STR-CITY15<\/td>\n<td style=\"text-align: left;\">70,0 L x 99,0 H cm<\/td>\n<td style=\"text-align: left;\">84,5 L x 113,5 H x 6,5 P cm.<\/td>\n<\/tr>\n<tr>\n<td style=\"text-align: left;\">STR-CITY16<\/td>\n<td style=\"text-align: left;\">114,0 L x 99,0 H cm<\/td>\n<td style=\"text-align: left;\">128,5 L x 113,5 H x 6,5 P cm.<\/td>\n<\/tr>\n<\/tbody>\n<\/table>\n<\/div>\n<div><strong> <\/strong><\/div>\n<div><\/div>\n<p>[\/vc_column_text][\/vc_column][\/vc_row]<\/p>\n<\/div>","protected":false},"excerpt":{"rendered":"<p>Panneaux d&rsquo;affichage ext\u00e9rieurs avec profil\u00e9s en aluminium \u00e9tanches. Disponibles en diff\u00e9rentes tailles <\/p>\n","protected":false},"featured_media":99420,"comment_status":"open","ping_status":"closed","template":"","meta":{"_acf_changed":false},"pwb-brand":[],"product_brand":[],"product_cat":[2999,2997],"product_tag":[7089,6171,6578,7088,6552,6165,7090,7087,7092,7093,7091],"class_list":{"0":"post-99427","1":"product","2":"type-product","3":"status-publish","4":"has-post-thumbnail","6":"product_cat-panneaux-daffichage-exterieurs","7":"product_cat-tableaux-de-messages","8":"product_tag-le-rabat-ouvre-des-vitrines-de-differentes-tailles","9":"product_tag-panneau-daffichage","10":"product_tag-panneau-daffichage-exterieur-4","11":"product_tag-panneaux-daffichage-exterieur-argent-ou-gris-gothique","12":"product_tag-tableau-daffichage-avec-fond-metallique-pour-aimants","13":"product_tag-tableau-daffichage-avec-ouverture-a-rabat","14":"product_tag-tableau-daffichage-exterieur-avec-fond-metallique","15":"product_tag-vitrine-daffichage-exterieur-avec-ouverture-a-rabat","16":"product_tag-vitrines-avec-pistons-a-gaz","17":"product_tag-vitrines-daffichage-2","18":"product_tag-vitrines-daffichage","19":"pa_c2c_color-argent","20":"pa_c2c_color-gris-gothique","21":"pa_c2c_dimensione-114x99-cm","22":"pa_c2c_dimensione-149x99-cm","23":"pa_c2c_dimensione-202x99-cm","24":"pa_c2c_dimensione-99x70-cm","25":"pa_c2c_dimensione-99x99-cm","26":"pa_c2c_dimensione-cm-70x99","27":"pa_c2c_mono_bifacciale-simple-face","28":"pa_c2c_trovraprezzi-oui","30":"first","31":"instock","32":"taxable","33":"shipping-taxable","34":"purchasable","35":"product-type-variable"},"acf":[],"yoast_head":"<!-- This site is optimized with the Yoast SEO plugin v27.0 - https:\/\/yoast.com\/product\/yoast-seo-wordpress\/ -->\n<title>Panneaux d&#039;affichage ext\u00e9rieurs \u00e0 rabat - Smarty Store Au Meilleur Prix<\/title>\n<meta name=\"description\" content=\"Vitrines d&#039;affichage ext\u00e9rieur avec ouverture \u00e0 rabat. D\u00e9couvrez tous les panneaux d&#039;affichage ext\u00e9rieur en aluminium, id\u00e9aux pour la promotion et la publicit\u00e9 de votre entreprise.\" \/>\n<meta name=\"robots\" content=\"index, follow, max-snippet:-1, max-image-preview:large, max-video-preview:-1\" \/>\n<link rel=\"canonical\" href=\"https:\/\/www.smartystore.it\/fr\/prodotto\/panneaux-daffichage-exterieurs-a-rabat\/\" \/>\n<meta property=\"og:locale\" content=\"fr_FR\" \/>\n<meta property=\"og:type\" content=\"article\" \/>\n<meta property=\"og:title\" content=\"Panneaux d&#039;affichage ext\u00e9rieurs \u00e0 rabat - Smarty Store Au Meilleur Prix\" \/>\n<meta property=\"og:description\" content=\"Vitrines d&#039;affichage ext\u00e9rieur avec ouverture \u00e0 rabat. D\u00e9couvrez tous les panneaux d&#039;affichage ext\u00e9rieur en aluminium, id\u00e9aux pour la promotion et la publicit\u00e9 de votre entreprise.\" \/>\n<meta property=\"og:url\" content=\"https:\/\/www.smartystore.it\/fr\/prodotto\/panneaux-daffichage-exterieurs-a-rabat\/\" \/>\n<meta property=\"og:site_name\" content=\"Smarty Store\" \/>\n<meta property=\"article:publisher\" content=\"https:\/\/www.facebook.com\/smartystore.it\/\" \/>\n<meta property=\"article:modified_time\" content=\"2026-04-15T15:22:27+00:00\" \/>\n<meta property=\"og:image\" content=\"https:\/\/www.smartystore.it\/v25\/wp-content\/uploads\/2013\/10\/Bacheca-esterno-apertura-a-ribalta.jpg\" \/>\n\t<meta property=\"og:image:width\" content=\"1000\" \/>\n\t<meta property=\"og:image:height\" content=\"1000\" \/>\n\t<meta property=\"og:image:type\" content=\"image\/jpeg\" \/>\n<meta name=\"twitter:card\" content=\"summary_large_image\" \/>\n<meta name=\"twitter:site\" content=\"@smartystore\" \/>\n<meta name=\"twitter:label1\" content=\"Dur\u00e9e de lecture estim\u00e9e\" \/>\n\t<meta name=\"twitter:data1\" content=\"4 minutes\" \/>\n<script type=\"application\/ld+json\" class=\"yoast-schema-graph\">{\"@context\":\"https:\/\/schema.org\",\"@graph\":[{\"@type\":\"WebPage\",\"@id\":\"https:\/\/www.smartystore.it\/fr\/prodotto\/panneaux-daffichage-exterieurs-a-rabat\/\",\"url\":\"https:\/\/www.smartystore.it\/fr\/prodotto\/panneaux-daffichage-exterieurs-a-rabat\/\",\"name\":\"Panneaux d'affichage ext\u00e9rieurs \u00e0 rabat - Smarty Store Au Meilleur Prix\",\"isPartOf\":{\"@id\":\"https:\/\/www.smartystore.it\/fr\/#website\"},\"primaryImageOfPage\":{\"@id\":\"https:\/\/www.smartystore.it\/fr\/prodotto\/panneaux-daffichage-exterieurs-a-rabat\/#primaryimage\"},\"image\":{\"@id\":\"https:\/\/www.smartystore.it\/fr\/prodotto\/panneaux-daffichage-exterieurs-a-rabat\/#primaryimage\"},\"thumbnailUrl\":\"https:\/\/www.smartystore.it\/v25\/wp-content\/uploads\/2013\/10\/Bacheca-esterno-apertura-a-ribalta.jpg\",\"datePublished\":\"2013-10-29T11:58:49+00:00\",\"dateModified\":\"2026-04-15T15:22:27+00:00\",\"description\":\"Vitrines d'affichage ext\u00e9rieur avec ouverture \u00e0 rabat. D\u00e9couvrez tous les panneaux d'affichage ext\u00e9rieur en aluminium, id\u00e9aux pour la promotion et la publicit\u00e9 de votre entreprise.\",\"breadcrumb\":{\"@id\":\"https:\/\/www.smartystore.it\/fr\/prodotto\/panneaux-daffichage-exterieurs-a-rabat\/#breadcrumb\"},\"inLanguage\":\"fr-FR\",\"potentialAction\":[{\"@type\":\"ReadAction\",\"target\":[\"https:\/\/www.smartystore.it\/fr\/prodotto\/panneaux-daffichage-exterieurs-a-rabat\/\"]}]},{\"@type\":\"ImageObject\",\"inLanguage\":\"fr-FR\",\"@id\":\"https:\/\/www.smartystore.it\/fr\/prodotto\/panneaux-daffichage-exterieurs-a-rabat\/#primaryimage\",\"url\":\"https:\/\/www.smartystore.it\/v25\/wp-content\/uploads\/2013\/10\/Bacheca-esterno-apertura-a-ribalta.jpg\",\"contentUrl\":\"https:\/\/www.smartystore.it\/v25\/wp-content\/uploads\/2013\/10\/Bacheca-esterno-apertura-a-ribalta.jpg\",\"width\":1000,\"height\":1000,\"caption\":\"Vitrines d'affichage ext\u00e9rieurs \u00e0 rabat\"},{\"@type\":\"BreadcrumbList\",\"@id\":\"https:\/\/www.smartystore.it\/fr\/prodotto\/panneaux-daffichage-exterieurs-a-rabat\/#breadcrumb\",\"itemListElement\":[{\"@type\":\"ListItem\",\"position\":1,\"name\":\"Accueil\",\"item\":\"https:\/\/www.smartystore.it\/fr\/\"},{\"@type\":\"ListItem\",\"position\":2,\"name\":\"Boutique\",\"item\":\"https:\/\/www.smartystore.it\/fr\/boutique\/\"},{\"@type\":\"ListItem\",\"position\":3,\"name\":\"Panneaux d&#8217;affichage ext\u00e9rieurs \u00e0 rabat\"}]},{\"@type\":\"WebSite\",\"@id\":\"https:\/\/www.smartystore.it\/fr\/#website\",\"url\":\"https:\/\/www.smartystore.it\/fr\/\",\"name\":\"Smarty Store\",\"description\":\"Espositori Pubblicitari e Sistemi di Comunicazione Visiva\",\"potentialAction\":[{\"@type\":\"SearchAction\",\"target\":{\"@type\":\"EntryPoint\",\"urlTemplate\":\"https:\/\/www.smartystore.it\/fr\/?s={search_term_string}\"},\"query-input\":{\"@type\":\"PropertyValueSpecification\",\"valueRequired\":true,\"valueName\":\"search_term_string\"}}],\"inLanguage\":\"fr-FR\"}]}<\/script>\n<!-- \/ Yoast SEO plugin. -->","yoast_head_json":{"title":"Panneaux d'affichage ext\u00e9rieurs \u00e0 rabat - Smarty Store Au Meilleur Prix","description":"Vitrines d'affichage ext\u00e9rieur avec ouverture \u00e0 rabat. D\u00e9couvrez tous les panneaux d'affichage ext\u00e9rieur en aluminium, id\u00e9aux pour la promotion et la publicit\u00e9 de votre entreprise.","robots":{"index":"index","follow":"follow","max-snippet":"max-snippet:-1","max-image-preview":"max-image-preview:large","max-video-preview":"max-video-preview:-1"},"canonical":"https:\/\/www.smartystore.it\/fr\/prodotto\/panneaux-daffichage-exterieurs-a-rabat\/","og_locale":"fr_FR","og_type":"article","og_title":"Panneaux d'affichage ext\u00e9rieurs \u00e0 rabat - Smarty Store Au Meilleur Prix","og_description":"Vitrines d'affichage ext\u00e9rieur avec ouverture \u00e0 rabat. D\u00e9couvrez tous les panneaux d'affichage ext\u00e9rieur en aluminium, id\u00e9aux pour la promotion et la publicit\u00e9 de votre entreprise.","og_url":"https:\/\/www.smartystore.it\/fr\/prodotto\/panneaux-daffichage-exterieurs-a-rabat\/","og_site_name":"Smarty Store","article_publisher":"https:\/\/www.facebook.com\/smartystore.it\/","article_modified_time":"2026-04-15T15:22:27+00:00","og_image":[{"width":1000,"height":1000,"url":"https:\/\/www.smartystore.it\/v25\/wp-content\/uploads\/2013\/10\/Bacheca-esterno-apertura-a-ribalta.jpg","type":"image\/jpeg"}],"twitter_card":"summary_large_image","twitter_site":"@smartystore","twitter_misc":{"Dur\u00e9e de lecture estim\u00e9e":"4 minutes"},"schema":{"@context":"https:\/\/schema.org","@graph":[{"@type":"WebPage","@id":"https:\/\/www.smartystore.it\/fr\/prodotto\/panneaux-daffichage-exterieurs-a-rabat\/","url":"https:\/\/www.smartystore.it\/fr\/prodotto\/panneaux-daffichage-exterieurs-a-rabat\/","name":"Panneaux d'affichage ext\u00e9rieurs \u00e0 rabat - Smarty Store Au Meilleur Prix","isPartOf":{"@id":"https:\/\/www.smartystore.it\/fr\/#website"},"primaryImageOfPage":{"@id":"https:\/\/www.smartystore.it\/fr\/prodotto\/panneaux-daffichage-exterieurs-a-rabat\/#primaryimage"},"image":{"@id":"https:\/\/www.smartystore.it\/fr\/prodotto\/panneaux-daffichage-exterieurs-a-rabat\/#primaryimage"},"thumbnailUrl":"https:\/\/www.smartystore.it\/v25\/wp-content\/uploads\/2013\/10\/Bacheca-esterno-apertura-a-ribalta.jpg","datePublished":"2013-10-29T11:58:49+00:00","dateModified":"2026-04-15T15:22:27+00:00","description":"Vitrines d'affichage ext\u00e9rieur avec ouverture \u00e0 rabat. D\u00e9couvrez tous les panneaux d'affichage ext\u00e9rieur en aluminium, id\u00e9aux pour la promotion et la publicit\u00e9 de votre entreprise.","breadcrumb":{"@id":"https:\/\/www.smartystore.it\/fr\/prodotto\/panneaux-daffichage-exterieurs-a-rabat\/#breadcrumb"},"inLanguage":"fr-FR","potentialAction":[{"@type":"ReadAction","target":["https:\/\/www.smartystore.it\/fr\/prodotto\/panneaux-daffichage-exterieurs-a-rabat\/"]}]},{"@type":"ImageObject","inLanguage":"fr-FR","@id":"https:\/\/www.smartystore.it\/fr\/prodotto\/panneaux-daffichage-exterieurs-a-rabat\/#primaryimage","url":"https:\/\/www.smartystore.it\/v25\/wp-content\/uploads\/2013\/10\/Bacheca-esterno-apertura-a-ribalta.jpg","contentUrl":"https:\/\/www.smartystore.it\/v25\/wp-content\/uploads\/2013\/10\/Bacheca-esterno-apertura-a-ribalta.jpg","width":1000,"height":1000,"caption":"Vitrines d'affichage ext\u00e9rieurs \u00e0 rabat"},{"@type":"BreadcrumbList","@id":"https:\/\/www.smartystore.it\/fr\/prodotto\/panneaux-daffichage-exterieurs-a-rabat\/#breadcrumb","itemListElement":[{"@type":"ListItem","position":1,"name":"Accueil","item":"https:\/\/www.smartystore.it\/fr\/"},{"@type":"ListItem","position":2,"name":"Boutique","item":"https:\/\/www.smartystore.it\/fr\/boutique\/"},{"@type":"ListItem","position":3,"name":"Panneaux d&#8217;affichage ext\u00e9rieurs \u00e0 rabat"}]},{"@type":"WebSite","@id":"https:\/\/www.smartystore.it\/fr\/#website","url":"https:\/\/www.smartystore.it\/fr\/","name":"Smarty Store","description":"Espositori Pubblicitari e Sistemi di Comunicazione Visiva","potentialAction":[{"@type":"SearchAction","target":{"@type":"EntryPoint","urlTemplate":"https:\/\/www.smartystore.it\/fr\/?s={search_term_string}"},"query-input":{"@type":"PropertyValueSpecification","valueRequired":true,"valueName":"search_term_string"}}],"inLanguage":"fr-FR"}]}},"brands":[],"_links":{"self":[{"href":"https:\/\/www.smartystore.it\/fr\/wp-json\/wp\/v2\/product\/99427","targetHints":{"allow":["GET"]}}],"collection":[{"href":"https:\/\/www.smartystore.it\/fr\/wp-json\/wp\/v2\/product"}],"about":[{"href":"https:\/\/www.smartystore.it\/fr\/wp-json\/wp\/v2\/types\/product"}],"replies":[{"embeddable":true,"href":"https:\/\/www.smartystore.it\/fr\/wp-json\/wp\/v2\/comments?post=99427"}],"wp:featuredmedia":[{"embeddable":true,"href":"https:\/\/www.smartystore.it\/fr\/wp-json\/wp\/v2\/media\/99420"}],"wp:attachment":[{"href":"https:\/\/www.smartystore.it\/fr\/wp-json\/wp\/v2\/media?parent=99427"}],"wp:term":[{"taxonomy":"pwb-brand","embeddable":true,"href":"https:\/\/www.smartystore.it\/fr\/wp-json\/wp\/v2\/pwb-brand?post=99427"},{"taxonomy":"product_brand","embeddable":true,"href":"https:\/\/www.smartystore.it\/fr\/wp-json\/wp\/v2\/product_brand?post=99427"},{"taxonomy":"product_cat","embeddable":true,"href":"https:\/\/www.smartystore.it\/fr\/wp-json\/wp\/v2\/product_cat?post=99427"},{"taxonomy":"product_tag","embeddable":true,"href":"https:\/\/www.smartystore.it\/fr\/wp-json\/wp\/v2\/product_tag?post=99427"}],"curies":[{"name":"wp","href":"https:\/\/api.w.org\/{rel}","templated":true}]}}