{"id":99404,"date":"2016-07-08T17:31:47","date_gmt":"2016-07-08T15:31:47","guid":{"rendered":"https:\/\/www.smartystore.it\/prodotto\/panneau-daffichage-exterieur-led-18xa4\/"},"modified":"2026-04-14T19:06:20","modified_gmt":"2026-04-14T17:06:20","slug":"tableau-daffichage-exterieur-led-18xa4","status":"publish","type":"product","link":"https:\/\/www.smartystore.it\/fr\/prodotto\/tableau-daffichage-exterieur-led-18xa4\/","title":{"rendered":"Tableau d&rsquo;affichage ext\u00e9rieur LED 18xA4"},"content":{"rendered":"<div class=\"wpb-content-wrapper\"><p>[vc_row][vc_column][vc_column_text css=\u00a0\u00bb\u00a0\u00bb css_params=\u00a0\u00bb\u00a0\u00bb]<\/p>\n<h1><strong>Tableau d&rsquo;affichage ext\u00e9rieur LED 18xA4<\/strong><\/h1>\n<div>\n<p>Tableau d&rsquo;affichage certifi\u00e9s pour l&rsquo;ext\u00e9rieur avec des profils en aluminium extrud\u00e9 et des bords arrondis.<\/p>\n<p>Fond magn\u00e9tique inscriptible et effa\u00e7able en t\u00f4le blanche.<\/p>\n<p>Ouverture du rabat avec serrure.<\/p>\n<p>Fourni avec 2 cl\u00e9s.<\/p>\n<p>Cadres en aluminium et profil\u00e9 de 63 mm.<\/p>\n<p>Protection en verre tremp\u00e9 avec ouverture \u00e0 rabat.<\/p>\n<p>Couleurs disponibles :<\/p>\n<ul>\n<li><a href=\"https:\/\/www.smartystore.it\/v25\/wp-content\/uploads\/2013\/10\/Grigio-silver-1.jpg\"><img loading=\"lazy\" decoding=\"async\" class=\"alignnone size-full wp-image-93852\" src=\"https:\/\/www.smartystore.it\/v25\/wp-content\/uploads\/2013\/10\/Grigio-silver-1.jpg\" alt=\"\" width=\"70\" height=\"40\"><\/a>  gris argent\u00e9 (RAL 9006)<\/li>\n<li><a href=\"https:\/\/www.smartystore.it\/v25\/wp-content\/uploads\/2013\/10\/Grigio-gotico-1.jpg\"><img loading=\"lazy\" decoding=\"async\" class=\"alignnone size-full wp-image-93855\" src=\"https:\/\/www.smartystore.it\/v25\/wp-content\/uploads\/2013\/10\/Grigio-gotico-1.jpg\" alt=\"\" width=\"70\" height=\"40\"><\/a>  gris anthracite (RAL 7016)<\/li>\n<\/ul>\n<p><strong>Les tableaux d&rsquo;affichage sont certifi\u00e9s par l&rsquo;Europe pour une exposition ext\u00e9rieure IP56.  <\/strong><\/p>\n<p>Eclairage int\u00e9rieur LED avec transformateur int\u00e9gr\u00e9.<\/p>\n<\/div>\n<p>Surface int\u00e9rieure (LxH) : 133,8 x 94,0 cm pour 18 feuilles A4 (feuille A4 : 21&#215;29,7 cm)<\/p>\n<p>Dimensions (LxHxP) : 146,5 x 106,7 x 47 cm<\/p>\n<p>Lors de la commande, il est \u00e9galement possible d&rsquo;ajouter au tableau d&rsquo;affichage ext\u00e9rieur avec \u00e9clairage LED 18xA4 les montants entre eux :<\/p>\n<ul>\n<li>Paire de montants en aluminium anodis\u00e9 avec bases carr\u00e9es pr\u00e9par\u00e9es pour la fixation au sol : hauteur totale des montants H 200 cm.<\/li>\n<li>Paire de montants en aluminium \u00e0 enterrer : hauteur totale des montants H 250 cm. (les montants doivent \u00eatre enterr\u00e9s sur 50 cm).<\/li>\n<\/ul>\n<p><strong><a href=\"https:\/\/www.smartystore.it\/v25\/wp-content\/uploads\/2013\/10\/bacheche-linea-city-da-esterno-certificate-ip56_70x70.jpg\"><img loading=\"lazy\" decoding=\"async\" class=\"alignnone size-full wp-image-93843\" src=\"https:\/\/www.smartystore.it\/v25\/wp-content\/uploads\/2013\/10\/bacheche-linea-city-da-esterno-certificate-ip56_70x70.jpg\" alt=\"\" width=\"70\" height=\"70\"><\/a><\/strong><\/p>\n<table style=\"width: 675px; border-collapse: collapse; border-style: double; border-color: #f7a500; height: 76px;\">\n<tbody>\n<tr>\n<td style=\"width: 5.23658%; border-style: double; border-color: #f7a500; text-align: center;\"><a href=\"https:\/\/www.smartystore.it\/v25\/wp-content\/uploads\/2024\/08\/STR-CITY101-102-103-104-105-106-107-108-109-110LED.pdf\" target=\"_blank\" rel=\"noopener\"><img loading=\"lazy\" decoding=\"async\" class=\"alignnone size-full wp-image-93672\" src=\"https:\/\/www.smartystore.it\/v25\/wp-content\/uploads\/2023\/11\/LogoDownload_yellow.jpg\" alt=\"\" width=\"50\" height=\"50\"><\/a><\/td>\n<td style=\"width: 27.0376%;\"><a href=\"https:\/\/www.smartystore.it\/v25\/wp-content\/uploads\/2024\/08\/STR-CITY101-102-103-104-105-106-107-108-109-110LED.pdf\" target=\"_blank\" rel=\"noopener\"><strong>FICHE TECHNIQUE<\/strong><\/a><\/td>\n<\/tr>\n<tr>\n<td style=\"width: 5.23658%; border-style: double; border-color: #f7a500; text-align: center;\"><a href=\"https:\/\/www.smartystore.it\/v25\/wp-content\/uploads\/2023\/05\/STR-CITY120-121_7016.pdf\" target=\"_blank\" rel=\"noopener\"><img loading=\"lazy\" decoding=\"async\" class=\"alignnone size-full wp-image-93672\" src=\"https:\/\/www.smartystore.it\/v25\/wp-content\/uploads\/2023\/11\/LogoDownload_yellow.jpg\" alt=\"\" width=\"50\" height=\"50\"><\/a><\/td>\n<td style=\"width: 27.0376%;\"><a href=\"https:\/\/www.smartystore.it\/v25\/wp-content\/uploads\/2023\/05\/STR-CITY120-121_7016.pdf\" target=\"_blank\" rel=\"noopener\"><strong>FICHE TECHNIQUE DES M\u00c2TS<\/strong><\/a><\/td>\n<\/tr>\n<\/tbody>\n<\/table>\n<p>[\/vc_column_text][\/vc_column][\/vc_row]<\/p>\n<\/div>","protected":false},"excerpt":{"rendered":"<p>Tableau d&rsquo;affichage ext\u00e9rieur avec profil\u00e9s en aluminium et \u00e9clairage lat\u00e9ral LED pouvant contenir jusqu&rsquo;\u00e0 118 feuilles A4. Disponible en argent et gris anthracite et avec une paire de montants. <\/p>\n","protected":false},"featured_media":99402,"comment_status":"open","ping_status":"closed","template":"","meta":{"_acf_changed":false},"pwb-brand":[],"product_brand":[],"product_cat":[2999,2997],"product_tag":[6171,7057,7061,6971,6972,7058,7062,6958,6552,6165,6163,7060,7065],"class_list":{"0":"post-99404","1":"product","2":"type-product","3":"status-publish","4":"has-post-thumbnail","6":"product_cat-panneaux-daffichage-exterieurs","7":"product_cat-tableaux-de-messages","8":"product_tag-panneau-daffichage","9":"product_tag-panneau-daffichage-exterieur-eclaire-2","10":"product_tag-panneau-daffichage-exterieur-lumineux","11":"product_tag-panneaux-daffichage-avec-poteaux-exterieurs","12":"product_tag-panneaux-daffichage-avec-poteaux-exterieurs-2","13":"product_tag-panneaux-daffichage-exterieurs-eclaires-par-led","14":"product_tag-panneaux-daffichage-exterieurs-autoportants-avec-eclairage","15":"product_tag-tableau-daffichage-avec-fond-inscriptible","16":"product_tag-tableau-daffichage-avec-fond-metallique-pour-aimants","17":"product_tag-tableau-daffichage-avec-ouverture-a-rabat","18":"product_tag-tableau-daffichage-certifie-ip56","19":"product_tag-tableau-daffichage-led-de-differentes-tailles","20":"product_tag-vitrines-a-rabat-18xa4","21":"pa_c2c_color-argent","22":"pa_c2c_color-gris-gothique","23":"pa_c2c_dimensione-18-x-a4","24":"pa_c2c_illuminazione-avec-eclairage","25":"pa_c2c_mono_bifacciale-simple-face","26":"pa_c2c_montanti-non","27":"pa_c2c_montanti-pour-lenterrement","28":"pa_c2c_montanti-pour-la-fixation-au-sol","29":"pa_c2c_seo_canonical_url-https-www-smartystore-it-bacheche-bacheche-da-esterno","30":"pa_c2c_trovraprezzi-oui","32":"first","33":"instock","34":"taxable","35":"shipping-taxable","36":"purchasable","37":"product-type-variable"},"acf":[],"yoast_head":"<!-- This site is optimized with the Yoast SEO plugin v27.0 - https:\/\/yoast.com\/product\/yoast-seo-wordpress\/ -->\n<title>Tableau d&#039;affichage ext\u00e9rieur LED 18xA4 - Smarty Store<\/title>\n<meta name=\"description\" content=\"Tableau d&#039;affichage ext\u00e9rieur LED 18xA4. D\u00e9couvrez sur Smartystore tous les panneaux d&#039;affichage ext\u00e9rieur en aluminium qui sont id\u00e9aux pour la promotion et la publicit\u00e9 de votre entreprise.\" \/>\n<meta name=\"robots\" content=\"index, follow, max-snippet:-1, max-image-preview:large, max-video-preview:-1\" \/>\n<link rel=\"canonical\" href=\"https:\/\/www.smartystore.it\/fr\/prodotto\/tableau-daffichage-exterieur-led-18xa4\/\" \/>\n<meta property=\"og:locale\" content=\"fr_FR\" \/>\n<meta property=\"og:type\" content=\"article\" \/>\n<meta property=\"og:title\" content=\"Tableau d&#039;affichage ext\u00e9rieur LED 18xA4 - Smarty Store\" \/>\n<meta property=\"og:description\" content=\"Tableau d&#039;affichage ext\u00e9rieur LED 18xA4. D\u00e9couvrez sur Smartystore tous les panneaux d&#039;affichage ext\u00e9rieur en aluminium qui sont id\u00e9aux pour la promotion et la publicit\u00e9 de votre entreprise.\" \/>\n<meta property=\"og:url\" content=\"https:\/\/www.smartystore.it\/fr\/prodotto\/tableau-daffichage-exterieur-led-18xa4\/\" \/>\n<meta property=\"og:site_name\" content=\"Smarty Store\" \/>\n<meta property=\"article:publisher\" content=\"https:\/\/www.facebook.com\/smartystore.it\/\" \/>\n<meta property=\"article:modified_time\" content=\"2026-04-14T17:06:20+00:00\" \/>\n<meta property=\"og:image\" content=\"https:\/\/www.smartystore.it\/v25\/wp-content\/uploads\/2016\/07\/Bacheca-da-esterno-led-18xa4-con-certificazione-IP56-e-apertura-a-ribalta-disponibile-in-grigio-gotico-e-silver.jpg\" \/>\n\t<meta property=\"og:image:width\" content=\"1000\" \/>\n\t<meta property=\"og:image:height\" content=\"1000\" \/>\n\t<meta property=\"og:image:type\" content=\"image\/jpeg\" \/>\n<meta name=\"twitter:card\" content=\"summary_large_image\" \/>\n<meta name=\"twitter:site\" content=\"@smartystore\" \/>\n<meta name=\"twitter:label1\" content=\"Dur\u00e9e de lecture estim\u00e9e\" \/>\n\t<meta name=\"twitter:data1\" content=\"3 minutes\" \/>\n<script type=\"application\/ld+json\" class=\"yoast-schema-graph\">{\"@context\":\"https:\/\/schema.org\",\"@graph\":[{\"@type\":\"WebPage\",\"@id\":\"https:\/\/www.smartystore.it\/fr\/prodotto\/tableau-daffichage-exterieur-led-18xa4\/\",\"url\":\"https:\/\/www.smartystore.it\/fr\/prodotto\/tableau-daffichage-exterieur-led-18xa4\/\",\"name\":\"Tableau d'affichage ext\u00e9rieur LED 18xA4 - Smarty Store\",\"isPartOf\":{\"@id\":\"https:\/\/www.smartystore.it\/fr\/#website\"},\"primaryImageOfPage\":{\"@id\":\"https:\/\/www.smartystore.it\/fr\/prodotto\/tableau-daffichage-exterieur-led-18xa4\/#primaryimage\"},\"image\":{\"@id\":\"https:\/\/www.smartystore.it\/fr\/prodotto\/tableau-daffichage-exterieur-led-18xa4\/#primaryimage\"},\"thumbnailUrl\":\"https:\/\/www.smartystore.it\/v25\/wp-content\/uploads\/2016\/07\/Bacheca-da-esterno-led-18xa4-con-certificazione-IP56-e-apertura-a-ribalta-disponibile-in-grigio-gotico-e-silver.jpg\",\"datePublished\":\"2016-07-08T15:31:47+00:00\",\"dateModified\":\"2026-04-14T17:06:20+00:00\",\"description\":\"Tableau d'affichage ext\u00e9rieur LED 18xA4. D\u00e9couvrez sur Smartystore tous les panneaux d'affichage ext\u00e9rieur en aluminium qui sont id\u00e9aux pour la promotion et la publicit\u00e9 de votre entreprise.\",\"breadcrumb\":{\"@id\":\"https:\/\/www.smartystore.it\/fr\/prodotto\/tableau-daffichage-exterieur-led-18xa4\/#breadcrumb\"},\"inLanguage\":\"fr-FR\",\"potentialAction\":[{\"@type\":\"ReadAction\",\"target\":[\"https:\/\/www.smartystore.it\/fr\/prodotto\/tableau-daffichage-exterieur-led-18xa4\/\"]}]},{\"@type\":\"ImageObject\",\"inLanguage\":\"fr-FR\",\"@id\":\"https:\/\/www.smartystore.it\/fr\/prodotto\/tableau-daffichage-exterieur-led-18xa4\/#primaryimage\",\"url\":\"https:\/\/www.smartystore.it\/v25\/wp-content\/uploads\/2016\/07\/Bacheca-da-esterno-led-18xa4-con-certificazione-IP56-e-apertura-a-ribalta-disponibile-in-grigio-gotico-e-silver.jpg\",\"contentUrl\":\"https:\/\/www.smartystore.it\/v25\/wp-content\/uploads\/2016\/07\/Bacheca-da-esterno-led-18xa4-con-certificazione-IP56-e-apertura-a-ribalta-disponibile-in-grigio-gotico-e-silver.jpg\",\"width\":1000,\"height\":1000,\"caption\":\"Panneau d'affichage ext\u00e9rieur LED 18xA4\"},{\"@type\":\"BreadcrumbList\",\"@id\":\"https:\/\/www.smartystore.it\/fr\/prodotto\/tableau-daffichage-exterieur-led-18xa4\/#breadcrumb\",\"itemListElement\":[{\"@type\":\"ListItem\",\"position\":1,\"name\":\"Accueil\",\"item\":\"https:\/\/www.smartystore.it\/fr\/\"},{\"@type\":\"ListItem\",\"position\":2,\"name\":\"Boutique\",\"item\":\"https:\/\/www.smartystore.it\/fr\/boutique\/\"},{\"@type\":\"ListItem\",\"position\":3,\"name\":\"Tableau d&#8217;affichage ext\u00e9rieur LED 18xA4\"}]},{\"@type\":\"WebSite\",\"@id\":\"https:\/\/www.smartystore.it\/fr\/#website\",\"url\":\"https:\/\/www.smartystore.it\/fr\/\",\"name\":\"Smarty Store\",\"description\":\"Espositori Pubblicitari e Sistemi di Comunicazione Visiva\",\"potentialAction\":[{\"@type\":\"SearchAction\",\"target\":{\"@type\":\"EntryPoint\",\"urlTemplate\":\"https:\/\/www.smartystore.it\/fr\/?s={search_term_string}\"},\"query-input\":{\"@type\":\"PropertyValueSpecification\",\"valueRequired\":true,\"valueName\":\"search_term_string\"}}],\"inLanguage\":\"fr-FR\"}]}<\/script>\n<!-- \/ Yoast SEO plugin. -->","yoast_head_json":{"title":"Tableau d'affichage ext\u00e9rieur LED 18xA4 - Smarty Store","description":"Tableau d'affichage ext\u00e9rieur LED 18xA4. D\u00e9couvrez sur Smartystore tous les panneaux d'affichage ext\u00e9rieur en aluminium qui sont id\u00e9aux pour la promotion et la publicit\u00e9 de votre entreprise.","robots":{"index":"index","follow":"follow","max-snippet":"max-snippet:-1","max-image-preview":"max-image-preview:large","max-video-preview":"max-video-preview:-1"},"canonical":"https:\/\/www.smartystore.it\/fr\/prodotto\/tableau-daffichage-exterieur-led-18xa4\/","og_locale":"fr_FR","og_type":"article","og_title":"Tableau d'affichage ext\u00e9rieur LED 18xA4 - Smarty Store","og_description":"Tableau d'affichage ext\u00e9rieur LED 18xA4. D\u00e9couvrez sur Smartystore tous les panneaux d'affichage ext\u00e9rieur en aluminium qui sont id\u00e9aux pour la promotion et la publicit\u00e9 de votre entreprise.","og_url":"https:\/\/www.smartystore.it\/fr\/prodotto\/tableau-daffichage-exterieur-led-18xa4\/","og_site_name":"Smarty Store","article_publisher":"https:\/\/www.facebook.com\/smartystore.it\/","article_modified_time":"2026-04-14T17:06:20+00:00","og_image":[{"width":1000,"height":1000,"url":"https:\/\/www.smartystore.it\/v25\/wp-content\/uploads\/2016\/07\/Bacheca-da-esterno-led-18xa4-con-certificazione-IP56-e-apertura-a-ribalta-disponibile-in-grigio-gotico-e-silver.jpg","type":"image\/jpeg"}],"twitter_card":"summary_large_image","twitter_site":"@smartystore","twitter_misc":{"Dur\u00e9e de lecture estim\u00e9e":"3 minutes"},"schema":{"@context":"https:\/\/schema.org","@graph":[{"@type":"WebPage","@id":"https:\/\/www.smartystore.it\/fr\/prodotto\/tableau-daffichage-exterieur-led-18xa4\/","url":"https:\/\/www.smartystore.it\/fr\/prodotto\/tableau-daffichage-exterieur-led-18xa4\/","name":"Tableau d'affichage ext\u00e9rieur LED 18xA4 - Smarty Store","isPartOf":{"@id":"https:\/\/www.smartystore.it\/fr\/#website"},"primaryImageOfPage":{"@id":"https:\/\/www.smartystore.it\/fr\/prodotto\/tableau-daffichage-exterieur-led-18xa4\/#primaryimage"},"image":{"@id":"https:\/\/www.smartystore.it\/fr\/prodotto\/tableau-daffichage-exterieur-led-18xa4\/#primaryimage"},"thumbnailUrl":"https:\/\/www.smartystore.it\/v25\/wp-content\/uploads\/2016\/07\/Bacheca-da-esterno-led-18xa4-con-certificazione-IP56-e-apertura-a-ribalta-disponibile-in-grigio-gotico-e-silver.jpg","datePublished":"2016-07-08T15:31:47+00:00","dateModified":"2026-04-14T17:06:20+00:00","description":"Tableau d'affichage ext\u00e9rieur LED 18xA4. D\u00e9couvrez sur Smartystore tous les panneaux d'affichage ext\u00e9rieur en aluminium qui sont id\u00e9aux pour la promotion et la publicit\u00e9 de votre entreprise.","breadcrumb":{"@id":"https:\/\/www.smartystore.it\/fr\/prodotto\/tableau-daffichage-exterieur-led-18xa4\/#breadcrumb"},"inLanguage":"fr-FR","potentialAction":[{"@type":"ReadAction","target":["https:\/\/www.smartystore.it\/fr\/prodotto\/tableau-daffichage-exterieur-led-18xa4\/"]}]},{"@type":"ImageObject","inLanguage":"fr-FR","@id":"https:\/\/www.smartystore.it\/fr\/prodotto\/tableau-daffichage-exterieur-led-18xa4\/#primaryimage","url":"https:\/\/www.smartystore.it\/v25\/wp-content\/uploads\/2016\/07\/Bacheca-da-esterno-led-18xa4-con-certificazione-IP56-e-apertura-a-ribalta-disponibile-in-grigio-gotico-e-silver.jpg","contentUrl":"https:\/\/www.smartystore.it\/v25\/wp-content\/uploads\/2016\/07\/Bacheca-da-esterno-led-18xa4-con-certificazione-IP56-e-apertura-a-ribalta-disponibile-in-grigio-gotico-e-silver.jpg","width":1000,"height":1000,"caption":"Panneau d'affichage ext\u00e9rieur LED 18xA4"},{"@type":"BreadcrumbList","@id":"https:\/\/www.smartystore.it\/fr\/prodotto\/tableau-daffichage-exterieur-led-18xa4\/#breadcrumb","itemListElement":[{"@type":"ListItem","position":1,"name":"Accueil","item":"https:\/\/www.smartystore.it\/fr\/"},{"@type":"ListItem","position":2,"name":"Boutique","item":"https:\/\/www.smartystore.it\/fr\/boutique\/"},{"@type":"ListItem","position":3,"name":"Tableau d&#8217;affichage ext\u00e9rieur LED 18xA4"}]},{"@type":"WebSite","@id":"https:\/\/www.smartystore.it\/fr\/#website","url":"https:\/\/www.smartystore.it\/fr\/","name":"Smarty Store","description":"Espositori Pubblicitari e Sistemi di Comunicazione Visiva","potentialAction":[{"@type":"SearchAction","target":{"@type":"EntryPoint","urlTemplate":"https:\/\/www.smartystore.it\/fr\/?s={search_term_string}"},"query-input":{"@type":"PropertyValueSpecification","valueRequired":true,"valueName":"search_term_string"}}],"inLanguage":"fr-FR"}]}},"brands":[],"_links":{"self":[{"href":"https:\/\/www.smartystore.it\/fr\/wp-json\/wp\/v2\/product\/99404","targetHints":{"allow":["GET"]}}],"collection":[{"href":"https:\/\/www.smartystore.it\/fr\/wp-json\/wp\/v2\/product"}],"about":[{"href":"https:\/\/www.smartystore.it\/fr\/wp-json\/wp\/v2\/types\/product"}],"replies":[{"embeddable":true,"href":"https:\/\/www.smartystore.it\/fr\/wp-json\/wp\/v2\/comments?post=99404"}],"wp:featuredmedia":[{"embeddable":true,"href":"https:\/\/www.smartystore.it\/fr\/wp-json\/wp\/v2\/media\/99402"}],"wp:attachment":[{"href":"https:\/\/www.smartystore.it\/fr\/wp-json\/wp\/v2\/media?parent=99404"}],"wp:term":[{"taxonomy":"pwb-brand","embeddable":true,"href":"https:\/\/www.smartystore.it\/fr\/wp-json\/wp\/v2\/pwb-brand?post=99404"},{"taxonomy":"product_brand","embeddable":true,"href":"https:\/\/www.smartystore.it\/fr\/wp-json\/wp\/v2\/product_brand?post=99404"},{"taxonomy":"product_cat","embeddable":true,"href":"https:\/\/www.smartystore.it\/fr\/wp-json\/wp\/v2\/product_cat?post=99404"},{"taxonomy":"product_tag","embeddable":true,"href":"https:\/\/www.smartystore.it\/fr\/wp-json\/wp\/v2\/product_tag?post=99404"}],"curies":[{"name":"wp","href":"https:\/\/api.w.org\/{rel}","templated":true}]}}