{"id":99380,"date":"2016-07-08T17:44:18","date_gmt":"2016-07-08T15:44:18","guid":{"rendered":"https:\/\/www.smartystore.it\/prodotto\/panneau-daffichage-exterieur-led-24xa4\/"},"modified":"2026-04-14T17:49:12","modified_gmt":"2026-04-14T15:49:12","slug":"tableau-daffichage-exterieur-led-24xa4","status":"publish","type":"product","link":"https:\/\/www.smartystore.it\/fr\/prodotto\/tableau-daffichage-exterieur-led-24xa4\/","title":{"rendered":"Tableau d&rsquo;affichage ext\u00e9rieur LED 24xA4"},"content":{"rendered":"<div class=\"wpb-content-wrapper\"><p>[vc_row][vc_column][vc_column_text css=\u00a0\u00bb\u00a0\u00bb css_params=\u00a0\u00bb\u00a0\u00bb]<\/p>\n<h1>Tableau d&rsquo;affichage ext\u00e9rieur LED 24xA4 : une qualit\u00e9 hautement visible<\/h1>\n<p>Le Tableau d&rsquo;affichage ext\u00e9rieur 24xA4 LED est une excellente solution pour ceux qui recherchent un dispositif d&rsquo;affichage robuste, s\u00fbr et fonctionnel, sp\u00e9cialement con\u00e7u pour les environnements ext\u00e9rieurs expos\u00e9s \u00e0 des conditions m\u00e9t\u00e9orologiques variables. Gr\u00e2ce \u00e0 la <strong>certification europ\u00e9enne IP56<\/strong>, ce produit garantit une protection \u00e9lev\u00e9e contre la poussi\u00e8re et les jets d&rsquo;eau, assurant ainsi sa durabilit\u00e9 et sa fiabilit\u00e9 dans le temps. <\/p>\n<p>Le cadre est constitu\u00e9 de profil\u00e9s en aluminium extrud\u00e9 de haute qualit\u00e9 et d&rsquo;ar\u00eates arrondies, alliant la solidit\u00e9 \u00e0 un design moderne et discret. Le profil\u00e9 de 63 mm conf\u00e8re une grande stabilit\u00e9 au cadre, tandis que le support magn\u00e9tique en t\u00f4le blanche, inscriptible et effa\u00e7able, facilite la mise \u00e0 jour rapide des communications affich\u00e9es, ce qui rend le tableau d&rsquo;affichage particuli\u00e8rement polyvalent. La grande ouverture verrouillable du volet, avec deux cl\u00e9s fournies, permet un acc\u00e8s facile et assure la s\u00e9curit\u00e9 du mat\u00e9riel stock\u00e9.  <\/p>\n<h2>Tableau d&rsquo;affichage ext\u00e9rieur LED 24xA4 : Robustesse et s\u00e9curit\u00e9<\/h2>\n<p>Le verre tremp\u00e9 qui prot\u00e8ge la face avant ajoute un niveau suppl\u00e9mentaire de robustesse et de transparence, offrant une r\u00e9sistance aux chocs et aux intemp\u00e9ries. La pr\u00e9sence d&rsquo;un \u00e9clairage LED interne, avec transformateur int\u00e9gr\u00e9, garantit une visibilit\u00e9 optimale du contenu, m\u00eame dans des conditions de faible luminosit\u00e9 ou la nuit, en mettant en valeur chaque message gr\u00e2ce \u00e0 un \u00e9clairage uniforme et \u00e9conome en \u00e9nergie. <\/p>\n<p>Pour faciliter l&rsquo;installation, le Tableau d&rsquo;affichage peut \u00eatre associ\u00e9 \u00e0 des <strong>montants en aluminium anodis\u00e9<\/strong> disponibles dans des variantes avec des bases carr\u00e9es pour le montage au sol (hauteur totale de 200 cm) ou pour l&rsquo;enfouissement (hauteur totale de 250 cm, dont 50 cm sous terre). Il convient donc \u00e0 de nombreux contextes publics et priv\u00e9s tels que les immeubles d&rsquo;habitation, les \u00e9coles, les mus\u00e9es, les biblioth\u00e8ques et les entreprises. <\/p>\n<p>En conclusion, le Tableau d&rsquo;affichage ext\u00e9rieur 24xA4 LED est un produit complet, s\u00fbr et polyvalent, id\u00e9al pour une communication efficace et durable dans les environnements ext\u00e9rieurs, gr\u00e2ce \u00e0 des mat\u00e9riaux de haute qualit\u00e9 et \u00e0 des certifications europ\u00e9ennes qui en garantissent la fiabilit\u00e9.<\/p>\n<h3>Caract\u00e9ristiques du Tableau d&rsquo;affichage ext\u00e9rieur LED 24xA4<\/h3>\n<div>\n<ul>\n<li>Tableau d&rsquo;affichage ext\u00e9rieurs avec profil\u00e9s en aluminium extrud\u00e9 et bords arrondis.<\/li>\n<li>Certifi\u00e9 IP56<\/li>\n<li>Fond magn\u00e9tique inscriptible et effa\u00e7able en t\u00f4le blanche.<\/li>\n<li>Ouverture du rabat avec serrure.<\/li>\n<li>Fourni avec 2 cl\u00e9s.<\/li>\n<li>Cadres en aluminium et profil\u00e9 de 63 mm.<\/li>\n<li>Protection en verre tremp\u00e9 avec ouverture \u00e0 rabat.<\/li>\n<li>Eclairage int\u00e9rieur LED avec transformateur int\u00e9gr\u00e9.<\/li>\n<li>Surface int\u00e9rieure (LxH) : 177,9 x 94,0 cm pour 24 feuilles A4 (feuille A4 : 21&#215;29,7 cm)<\/li>\n<li>Dimensions (LxHxP) : cm. 190,5 x 106,7 x 47<\/li>\n<\/ul>\n<p>&nbsp;<\/p>\n<p>Couleurs disponibles :<\/p>\n<ul>\n<li><a href=\"https:\/\/www.smartystore.it\/v25\/wp-content\/uploads\/2013\/10\/Grigio-silver-1.jpg\"><img loading=\"lazy\" decoding=\"async\" class=\"alignnone size-full wp-image-93852\" src=\"https:\/\/www.smartystore.it\/v25\/wp-content\/uploads\/2013\/10\/Grigio-silver-1.jpg\" alt=\"\" width=\"70\" height=\"40\"><\/a>&nbsp;gris argent\u00e9 (RAL 9006)<\/li>\n<li><a href=\"https:\/\/www.smartystore.it\/v25\/wp-content\/uploads\/2013\/10\/Grigio-gotico-1.jpg\"><img loading=\"lazy\" decoding=\"async\" class=\"alignnone size-full wp-image-93855\" src=\"https:\/\/www.smartystore.it\/v25\/wp-content\/uploads\/2013\/10\/Grigio-gotico-1.jpg\" alt=\"\" width=\"70\" height=\"40\"><\/a>&nbsp;gris anthracite (RAL 7016)<\/li>\n<\/ul>\n<p><strong>Les tableaux d&rsquo;affichage sont certifi\u00e9s par l&rsquo;Europe pour une exposition ext\u00e9rieure IP56.&nbsp;<a href=\"https:\/\/www.smartystore.it\/v25\/wp-content\/uploads\/2013\/10\/bacheche-linea-city-da-esterno-certificate-ip56_70x70.jpg\"><img loading=\"lazy\" decoding=\"async\" class=\"alignnone size-full wp-image-93843\" src=\"https:\/\/www.smartystore.it\/v25\/wp-content\/uploads\/2013\/10\/bacheche-linea-city-da-esterno-certificate-ip56_70x70.jpg\" alt=\"\" width=\"70\" height=\"70\"><\/a><\/strong><\/p>\n<\/div>\n<p>Lors de la commande, il est \u00e9galement possible d&rsquo;ajouter une paire de montants au tableau d&rsquo;affichage ext\u00e9rieur avec un \u00e9clairage LED 24xA4 entre les deux :<\/p>\n<ul>\n<li>Paire de montants en aluminium anodis\u00e9 avec bases carr\u00e9es pr\u00e9par\u00e9es pour la fixation au sol : hauteur totale des montants H 200 cm.<\/li>\n<li>Paire de montants en aluminium \u00e0 enterrer : hauteur totale des montants H 250 cm. (les montants doivent \u00eatre enterr\u00e9s sur 50 cm).<\/li>\n<\/ul>\n<h3><\/h3>\n<h3 style=\"text-align: center;\">Pour voir tous les mod\u00e8les de panneaux d&rsquo;affichage ext\u00e9rieurs, suivez ce <strong><a href=\"https:\/\/www.smartystore.it\/fr\/categoria-prodotto\/tableaux-de-messages\/panneaux-daffichage-exterieurs\/\">LIEN<\/a><\/strong><\/h3>\n<p>&nbsp;<\/p>\n<p>&nbsp;<\/p>\n<table style=\"width: 675px; border-collapse: collapse; border-style: double; border-color: #f7a500; height: 76px;\">\n<tbody>\n<tr>\n<td style=\"width: 5.23658%; border-style: double; border-color: #f7a500; text-align: center;\"><a href=\"https:\/\/www.smartystore.it\/v25\/wp-content\/uploads\/2024\/08\/STR-CITY101-102-103-104-105-106-107-108-109-110LED.pdf\" target=\"_blank\" rel=\"noopener\"><img loading=\"lazy\" decoding=\"async\" class=\"alignnone size-full wp-image-93672\" src=\"https:\/\/www.smartystore.it\/v25\/wp-content\/uploads\/2023\/11\/LogoDownload_yellow.jpg\" alt=\"\" width=\"50\" height=\"50\"><\/a><\/td>\n<td style=\"width: 27.0376%;\"><a href=\"https:\/\/www.smartystore.it\/v25\/wp-content\/uploads\/2024\/08\/STR-CITY101-102-103-104-105-106-107-108-109-110LED.pdf\" target=\"_blank\" rel=\"noopener\"><strong>FICHE TECHNIQUE<\/strong><\/a><\/td>\n<\/tr>\n<tr>\n<td style=\"width: 5.23658%; border-style: double; border-color: #f7a500; text-align: center;\"><a href=\"https:\/\/www.smartystore.it\/v25\/wp-content\/uploads\/2023\/05\/STR-CITY120-121_7016.pdf\" target=\"_blank\" rel=\"noopener\"><img loading=\"lazy\" decoding=\"async\" class=\"alignnone size-full wp-image-93672\" src=\"https:\/\/www.smartystore.it\/v25\/wp-content\/uploads\/2023\/11\/LogoDownload_yellow.jpg\" alt=\"\" width=\"50\" height=\"50\"><\/a><\/td>\n<td style=\"width: 27.0376%;\"><a href=\"https:\/\/www.smartystore.it\/v25\/wp-content\/uploads\/2023\/05\/STR-CITY120-121_7016.pdf\" target=\"_blank\" rel=\"noopener\"><strong>FICHE TECHNIQUE DES M\u00c2TS<\/strong><\/a><\/td>\n<\/tr>\n<\/tbody>\n<\/table>\n<p>&nbsp;[\/vc_column_text][\/vc_column][\/vc_row]<\/p>\n<\/div>","protected":false},"excerpt":{"rendered":"<p>Tableau d&rsquo;affichage ext\u00e9rieur avec profil\u00e9s en aluminium et \u00e9clairage lat\u00e9ral LED pouvant contenir jusqu&rsquo;\u00e0 24 feuilles A4. Disponible en argent et gris anthracite et avec une paire de montants. <\/p>\n","protected":false},"featured_media":99381,"comment_status":"open","ping_status":"closed","template":"","meta":{"_acf_changed":false},"pwb-brand":[],"product_brand":[],"product_cat":[2999,2997],"product_tag":[6171,7057,7061,6971,6972,7058,7062,6958,6552,6165,6163,7060,7059],"class_list":{"0":"post-99380","1":"product","2":"type-product","3":"status-publish","4":"has-post-thumbnail","6":"product_cat-panneaux-daffichage-exterieurs","7":"product_cat-tableaux-de-messages","8":"product_tag-panneau-daffichage","9":"product_tag-panneau-daffichage-exterieur-eclaire-2","10":"product_tag-panneau-daffichage-exterieur-lumineux","11":"product_tag-panneaux-daffichage-avec-poteaux-exterieurs","12":"product_tag-panneaux-daffichage-avec-poteaux-exterieurs-2","13":"product_tag-panneaux-daffichage-exterieurs-eclaires-par-led","14":"product_tag-panneaux-daffichage-exterieurs-autoportants-avec-eclairage","15":"product_tag-tableau-daffichage-avec-fond-inscriptible","16":"product_tag-tableau-daffichage-avec-fond-metallique-pour-aimants","17":"product_tag-tableau-daffichage-avec-ouverture-a-rabat","18":"product_tag-tableau-daffichage-certifie-ip56","19":"product_tag-tableau-daffichage-led-de-differentes-tailles","20":"product_tag-tableaux-daffichage-a-rabat-24xa4","21":"pa_c2c_color-argent","22":"pa_c2c_color-gris-gothique","23":"pa_c2c_dimensione-24-x-a4","24":"pa_c2c_illuminazione-avec-eclairage","25":"pa_c2c_mono_bifacciale-simple-face","26":"pa_c2c_montanti-non","27":"pa_c2c_montanti-pour-lenterrement","28":"pa_c2c_montanti-pour-la-fixation-au-sol","29":"pa_c2c_seo_canonical_url-https-www-smartystore-it-bacheche-bacheche-da-esterno","30":"pa_c2c_trovraprezzi-oui","32":"first","33":"instock","34":"taxable","35":"shipping-taxable","36":"purchasable","37":"product-type-variable"},"acf":[],"yoast_head":"<!-- This site is optimized with the Yoast SEO plugin v27.0 - https:\/\/yoast.com\/product\/yoast-seo-wordpress\/ -->\n<title>Tableau d&#039;affichage ext\u00e9rieur LED 24xA4 - Smarty Store Acheter au Meilleur Prix<\/title>\n<meta name=\"description\" content=\"Tableau d&#039;affichage ext\u00e9rieur LED 24xA4. D\u00e9couvrez sur Smartystore tous les panneaux d&#039;affichage ext\u00e9rieur en aluminium qui sont id\u00e9aux pour promouvoir et faire la publicit\u00e9 de votre entreprise.\" \/>\n<meta name=\"robots\" content=\"index, follow, max-snippet:-1, max-image-preview:large, max-video-preview:-1\" \/>\n<link rel=\"canonical\" href=\"https:\/\/www.smartystore.it\/fr\/prodotto\/tableau-daffichage-exterieur-led-24xa4\/\" \/>\n<meta property=\"og:locale\" content=\"fr_FR\" \/>\n<meta property=\"og:type\" content=\"article\" \/>\n<meta property=\"og:title\" content=\"Tableau d&#039;affichage ext\u00e9rieur LED 24xA4 - Smarty Store Acheter au Meilleur Prix\" \/>\n<meta property=\"og:description\" content=\"Tableau d&#039;affichage ext\u00e9rieur LED 24xA4. D\u00e9couvrez sur Smartystore tous les panneaux d&#039;affichage ext\u00e9rieur en aluminium qui sont id\u00e9aux pour promouvoir et faire la publicit\u00e9 de votre entreprise.\" \/>\n<meta property=\"og:url\" content=\"https:\/\/www.smartystore.it\/fr\/prodotto\/tableau-daffichage-exterieur-led-24xa4\/\" \/>\n<meta property=\"og:site_name\" content=\"Smarty Store\" \/>\n<meta property=\"article:publisher\" content=\"https:\/\/www.facebook.com\/smartystore.it\/\" \/>\n<meta property=\"article:modified_time\" content=\"2026-04-14T15:49:12+00:00\" \/>\n<meta property=\"og:image\" content=\"https:\/\/www.smartystore.it\/v25\/wp-content\/uploads\/2016\/07\/Bacheca-da-esterno-led-24xa4-con-certificazione-IP56-e-apertura-a-ribalta-disponibile-in-grigio-gotico-e-silver.jpg\" \/>\n\t<meta property=\"og:image:width\" content=\"1000\" \/>\n\t<meta property=\"og:image:height\" content=\"1000\" \/>\n\t<meta property=\"og:image:type\" content=\"image\/jpeg\" \/>\n<meta name=\"twitter:card\" content=\"summary_large_image\" \/>\n<meta name=\"twitter:site\" content=\"@smartystore\" \/>\n<meta name=\"twitter:label1\" content=\"Dur\u00e9e de lecture estim\u00e9e\" \/>\n\t<meta name=\"twitter:data1\" content=\"5 minutes\" \/>\n<script type=\"application\/ld+json\" class=\"yoast-schema-graph\">{\"@context\":\"https:\/\/schema.org\",\"@graph\":[{\"@type\":\"WebPage\",\"@id\":\"https:\/\/www.smartystore.it\/fr\/prodotto\/tableau-daffichage-exterieur-led-24xa4\/\",\"url\":\"https:\/\/www.smartystore.it\/fr\/prodotto\/tableau-daffichage-exterieur-led-24xa4\/\",\"name\":\"Tableau d'affichage ext\u00e9rieur LED 24xA4 - Smarty Store Acheter au Meilleur Prix\",\"isPartOf\":{\"@id\":\"https:\/\/www.smartystore.it\/fr\/#website\"},\"primaryImageOfPage\":{\"@id\":\"https:\/\/www.smartystore.it\/fr\/prodotto\/tableau-daffichage-exterieur-led-24xa4\/#primaryimage\"},\"image\":{\"@id\":\"https:\/\/www.smartystore.it\/fr\/prodotto\/tableau-daffichage-exterieur-led-24xa4\/#primaryimage\"},\"thumbnailUrl\":\"https:\/\/www.smartystore.it\/v25\/wp-content\/uploads\/2016\/07\/Bacheca-da-esterno-led-24xa4-con-certificazione-IP56-e-apertura-a-ribalta-disponibile-in-grigio-gotico-e-silver.jpg\",\"datePublished\":\"2016-07-08T15:44:18+00:00\",\"dateModified\":\"2026-04-14T15:49:12+00:00\",\"description\":\"Tableau d'affichage ext\u00e9rieur LED 24xA4. D\u00e9couvrez sur Smartystore tous les panneaux d'affichage ext\u00e9rieur en aluminium qui sont id\u00e9aux pour promouvoir et faire la publicit\u00e9 de votre entreprise.\",\"breadcrumb\":{\"@id\":\"https:\/\/www.smartystore.it\/fr\/prodotto\/tableau-daffichage-exterieur-led-24xa4\/#breadcrumb\"},\"inLanguage\":\"fr-FR\",\"potentialAction\":[{\"@type\":\"ReadAction\",\"target\":[\"https:\/\/www.smartystore.it\/fr\/prodotto\/tableau-daffichage-exterieur-led-24xa4\/\"]}]},{\"@type\":\"ImageObject\",\"inLanguage\":\"fr-FR\",\"@id\":\"https:\/\/www.smartystore.it\/fr\/prodotto\/tableau-daffichage-exterieur-led-24xa4\/#primaryimage\",\"url\":\"https:\/\/www.smartystore.it\/v25\/wp-content\/uploads\/2016\/07\/Bacheca-da-esterno-led-24xa4-con-certificazione-IP56-e-apertura-a-ribalta-disponibile-in-grigio-gotico-e-silver.jpg\",\"contentUrl\":\"https:\/\/www.smartystore.it\/v25\/wp-content\/uploads\/2016\/07\/Bacheca-da-esterno-led-24xa4-con-certificazione-IP56-e-apertura-a-ribalta-disponibile-in-grigio-gotico-e-silver.jpg\",\"width\":1000,\"height\":1000,\"caption\":\"Tableau d'affichage ext\u00e9rieur LED 24xA4\"},{\"@type\":\"BreadcrumbList\",\"@id\":\"https:\/\/www.smartystore.it\/fr\/prodotto\/tableau-daffichage-exterieur-led-24xa4\/#breadcrumb\",\"itemListElement\":[{\"@type\":\"ListItem\",\"position\":1,\"name\":\"Accueil\",\"item\":\"https:\/\/www.smartystore.it\/fr\/\"},{\"@type\":\"ListItem\",\"position\":2,\"name\":\"Boutique\",\"item\":\"https:\/\/www.smartystore.it\/fr\/boutique\/\"},{\"@type\":\"ListItem\",\"position\":3,\"name\":\"Tableau d&#8217;affichage ext\u00e9rieur LED 24xA4\"}]},{\"@type\":\"WebSite\",\"@id\":\"https:\/\/www.smartystore.it\/fr\/#website\",\"url\":\"https:\/\/www.smartystore.it\/fr\/\",\"name\":\"Smarty Store\",\"description\":\"Espositori Pubblicitari e Sistemi di Comunicazione Visiva\",\"potentialAction\":[{\"@type\":\"SearchAction\",\"target\":{\"@type\":\"EntryPoint\",\"urlTemplate\":\"https:\/\/www.smartystore.it\/fr\/?s={search_term_string}\"},\"query-input\":{\"@type\":\"PropertyValueSpecification\",\"valueRequired\":true,\"valueName\":\"search_term_string\"}}],\"inLanguage\":\"fr-FR\"}]}<\/script>\n<!-- \/ Yoast SEO plugin. -->","yoast_head_json":{"title":"Tableau d'affichage ext\u00e9rieur LED 24xA4 - Smarty Store Acheter au Meilleur Prix","description":"Tableau d'affichage ext\u00e9rieur LED 24xA4. D\u00e9couvrez sur Smartystore tous les panneaux d'affichage ext\u00e9rieur en aluminium qui sont id\u00e9aux pour promouvoir et faire la publicit\u00e9 de votre entreprise.","robots":{"index":"index","follow":"follow","max-snippet":"max-snippet:-1","max-image-preview":"max-image-preview:large","max-video-preview":"max-video-preview:-1"},"canonical":"https:\/\/www.smartystore.it\/fr\/prodotto\/tableau-daffichage-exterieur-led-24xa4\/","og_locale":"fr_FR","og_type":"article","og_title":"Tableau d'affichage ext\u00e9rieur LED 24xA4 - Smarty Store Acheter au Meilleur Prix","og_description":"Tableau d'affichage ext\u00e9rieur LED 24xA4. D\u00e9couvrez sur Smartystore tous les panneaux d'affichage ext\u00e9rieur en aluminium qui sont id\u00e9aux pour promouvoir et faire la publicit\u00e9 de votre entreprise.","og_url":"https:\/\/www.smartystore.it\/fr\/prodotto\/tableau-daffichage-exterieur-led-24xa4\/","og_site_name":"Smarty Store","article_publisher":"https:\/\/www.facebook.com\/smartystore.it\/","article_modified_time":"2026-04-14T15:49:12+00:00","og_image":[{"width":1000,"height":1000,"url":"https:\/\/www.smartystore.it\/v25\/wp-content\/uploads\/2016\/07\/Bacheca-da-esterno-led-24xa4-con-certificazione-IP56-e-apertura-a-ribalta-disponibile-in-grigio-gotico-e-silver.jpg","type":"image\/jpeg"}],"twitter_card":"summary_large_image","twitter_site":"@smartystore","twitter_misc":{"Dur\u00e9e de lecture estim\u00e9e":"5 minutes"},"schema":{"@context":"https:\/\/schema.org","@graph":[{"@type":"WebPage","@id":"https:\/\/www.smartystore.it\/fr\/prodotto\/tableau-daffichage-exterieur-led-24xa4\/","url":"https:\/\/www.smartystore.it\/fr\/prodotto\/tableau-daffichage-exterieur-led-24xa4\/","name":"Tableau d'affichage ext\u00e9rieur LED 24xA4 - Smarty Store Acheter au Meilleur Prix","isPartOf":{"@id":"https:\/\/www.smartystore.it\/fr\/#website"},"primaryImageOfPage":{"@id":"https:\/\/www.smartystore.it\/fr\/prodotto\/tableau-daffichage-exterieur-led-24xa4\/#primaryimage"},"image":{"@id":"https:\/\/www.smartystore.it\/fr\/prodotto\/tableau-daffichage-exterieur-led-24xa4\/#primaryimage"},"thumbnailUrl":"https:\/\/www.smartystore.it\/v25\/wp-content\/uploads\/2016\/07\/Bacheca-da-esterno-led-24xa4-con-certificazione-IP56-e-apertura-a-ribalta-disponibile-in-grigio-gotico-e-silver.jpg","datePublished":"2016-07-08T15:44:18+00:00","dateModified":"2026-04-14T15:49:12+00:00","description":"Tableau d'affichage ext\u00e9rieur LED 24xA4. D\u00e9couvrez sur Smartystore tous les panneaux d'affichage ext\u00e9rieur en aluminium qui sont id\u00e9aux pour promouvoir et faire la publicit\u00e9 de votre entreprise.","breadcrumb":{"@id":"https:\/\/www.smartystore.it\/fr\/prodotto\/tableau-daffichage-exterieur-led-24xa4\/#breadcrumb"},"inLanguage":"fr-FR","potentialAction":[{"@type":"ReadAction","target":["https:\/\/www.smartystore.it\/fr\/prodotto\/tableau-daffichage-exterieur-led-24xa4\/"]}]},{"@type":"ImageObject","inLanguage":"fr-FR","@id":"https:\/\/www.smartystore.it\/fr\/prodotto\/tableau-daffichage-exterieur-led-24xa4\/#primaryimage","url":"https:\/\/www.smartystore.it\/v25\/wp-content\/uploads\/2016\/07\/Bacheca-da-esterno-led-24xa4-con-certificazione-IP56-e-apertura-a-ribalta-disponibile-in-grigio-gotico-e-silver.jpg","contentUrl":"https:\/\/www.smartystore.it\/v25\/wp-content\/uploads\/2016\/07\/Bacheca-da-esterno-led-24xa4-con-certificazione-IP56-e-apertura-a-ribalta-disponibile-in-grigio-gotico-e-silver.jpg","width":1000,"height":1000,"caption":"Tableau d'affichage ext\u00e9rieur LED 24xA4"},{"@type":"BreadcrumbList","@id":"https:\/\/www.smartystore.it\/fr\/prodotto\/tableau-daffichage-exterieur-led-24xa4\/#breadcrumb","itemListElement":[{"@type":"ListItem","position":1,"name":"Accueil","item":"https:\/\/www.smartystore.it\/fr\/"},{"@type":"ListItem","position":2,"name":"Boutique","item":"https:\/\/www.smartystore.it\/fr\/boutique\/"},{"@type":"ListItem","position":3,"name":"Tableau d&#8217;affichage ext\u00e9rieur LED 24xA4"}]},{"@type":"WebSite","@id":"https:\/\/www.smartystore.it\/fr\/#website","url":"https:\/\/www.smartystore.it\/fr\/","name":"Smarty Store","description":"Espositori Pubblicitari e Sistemi di Comunicazione Visiva","potentialAction":[{"@type":"SearchAction","target":{"@type":"EntryPoint","urlTemplate":"https:\/\/www.smartystore.it\/fr\/?s={search_term_string}"},"query-input":{"@type":"PropertyValueSpecification","valueRequired":true,"valueName":"search_term_string"}}],"inLanguage":"fr-FR"}]}},"brands":[],"_links":{"self":[{"href":"https:\/\/www.smartystore.it\/fr\/wp-json\/wp\/v2\/product\/99380","targetHints":{"allow":["GET"]}}],"collection":[{"href":"https:\/\/www.smartystore.it\/fr\/wp-json\/wp\/v2\/product"}],"about":[{"href":"https:\/\/www.smartystore.it\/fr\/wp-json\/wp\/v2\/types\/product"}],"replies":[{"embeddable":true,"href":"https:\/\/www.smartystore.it\/fr\/wp-json\/wp\/v2\/comments?post=99380"}],"wp:featuredmedia":[{"embeddable":true,"href":"https:\/\/www.smartystore.it\/fr\/wp-json\/wp\/v2\/media\/99381"}],"wp:attachment":[{"href":"https:\/\/www.smartystore.it\/fr\/wp-json\/wp\/v2\/media?parent=99380"}],"wp:term":[{"taxonomy":"pwb-brand","embeddable":true,"href":"https:\/\/www.smartystore.it\/fr\/wp-json\/wp\/v2\/pwb-brand?post=99380"},{"taxonomy":"product_brand","embeddable":true,"href":"https:\/\/www.smartystore.it\/fr\/wp-json\/wp\/v2\/product_brand?post=99380"},{"taxonomy":"product_cat","embeddable":true,"href":"https:\/\/www.smartystore.it\/fr\/wp-json\/wp\/v2\/product_cat?post=99380"},{"taxonomy":"product_tag","embeddable":true,"href":"https:\/\/www.smartystore.it\/fr\/wp-json\/wp\/v2\/product_tag?post=99380"}],"curies":[{"name":"wp","href":"https:\/\/api.w.org\/{rel}","templated":true}]}}