{"id":99370,"date":"2014-05-22T14:56:43","date_gmt":"2014-05-22T12:56:43","guid":{"rendered":"https:\/\/www.smartystore.it\/prodotto\/porte-brochures-mural-a4-1-poche\/"},"modified":"2026-04-14T15:07:59","modified_gmt":"2026-04-14T13:07:59","slug":"porte-brochures-mural-a4-1-poche","status":"publish","type":"product","link":"https:\/\/www.smartystore.it\/fr\/prodotto\/porte-brochures-mural-a4-1-poche\/","title":{"rendered":"Porte-brochures mural A4 1 poche"},"content":{"rendered":"<div class=\"wpb-content-wrapper\"><p>[vc_row][vc_column][vc_column_text css=\u00a0\u00bb\u00a0\u00bb css_params=\u00a0\u00bb\u00a0\u00bb]<\/p>\n<h1>Porte-brochures mural A4 1 poche<\/h1>\n<p>Le porte-brochures mural A4 1 poche est une solution pratique et \u00e9l\u00e9gante pour pr\u00e9senter des documents d&rsquo;information dans les environnements professionnels et commerciaux. Fabriqu\u00e9 en styr\u00e8ne transparent de haute qualit\u00e9, ce pr\u00e9sentoir permet une parfaite visibilit\u00e9 des brochures ou d\u00e9pliants au format <strong>A4 portrait (21 x 29,7 cm)<\/strong>, tout en garantissant r\u00e9sistance et durabilit\u00e9.<\/p>\n<p>Ce porte-brochures est disponible en deux versions qui diff\u00e8rent principalement par la conception des trous pour la fixation murale. Le mod\u00e8le portant le code STR-PDP100 a les <strong>trous dispos\u00e9s horizontalement<\/strong>, tandis que le mod\u00e8le SST-TPLA4 a les <strong>trous dispos\u00e9s verticalement<\/strong>. Cette caract\u00e9ristique permet une plus grande flexibilit\u00e9 dans l&rsquo;installation, en s&rsquo;adaptant aux diff\u00e9rentes configurations des pi\u00e8ces dans lesquelles il est plac\u00e9.<\/p>\n<h2>Porte-brochures mural A4 \u00e0 1 poche : utilisez l&rsquo;espace mural libre<\/h2>\n<p>La pochette est con\u00e7ue pour contenir les imprim\u00e9s de mani\u00e8re s\u00fbre et ordonn\u00e9e, facilitant ainsi la consultation par le client ou l&rsquo;utilisateur final. Gr\u00e2ce \u00e0 sa conception compacte, le porte-brochures mural est particuli\u00e8rement adapt\u00e9 aux entreprises dont l&rsquo;espace au sol est limit\u00e9, car il permet d&rsquo;utiliser efficacement les surfaces verticales libres.<\/p>\n<p>En outre, cette solution d&rsquo;affichage est id\u00e9ale pour les bureaux, les points de vente, les r\u00e9ceptions, les studios professionnels et tout environnement o\u00f9 les documents d&rsquo;information doivent \u00eatre mis \u00e0 disposition de mani\u00e8re claire, accessible et sans encombrement. La transparence du styr\u00e8ne assure un impact esth\u00e9tique discret mais professionnel tout en am\u00e9liorant la communication visuelle.<\/p>\n<p>En r\u00e9sum\u00e9, le porte-brochures mural A4 1 poche avec ses deux mod\u00e8les de fixation repr\u00e9sente un accessoire polyvalent et fonctionnel, indispensable pour ceux qui souhaitent organiser et promouvoir efficacement leur mat\u00e9riel d&rsquo;information dans des espaces r\u00e9duits.<\/p>\n<h3><strong>CARACT\u00c9RISTIQUES:<\/strong><\/h3>\n<ul>\n<li>Porte-brochures mural.<\/li>\n<li>Mat\u00e9riau : styr\u00e8ne transparent.<\/li>\n<li>Pochette pour imprim\u00e9s A4 (21 x 29,7 cm).<\/li>\n<\/ul>\n<p>&nbsp;<\/p>\n<h3 style=\"text-align: center;\">D\u00e9couvrez tous les mod\u00e8les de porte-brochures muraux sur ce <span style=\"color: #ff0000;\"><strong><a style=\"color: #ff0000;\" href=\"https:\/\/www.smartystore.it\/fr\/categoria-prodotto\/porte-brochures-catalogues\/porte-brochure-mural\/\">LIEN<\/a><\/strong><\/span><\/h3>\n<p>&nbsp;<\/p>\n<p>La pochette \u00e0 brochures est disponible en deux mod\u00e8les : l&rsquo;un avec des trous centraux et l&rsquo;autre avec des trous lat\u00e9raux.<\/p>\n<table style=\"width: 100%; border-collapse: collapse; border-style: solid; border-color: #000000;\" border=\"1\">\n<tbody>\n<tr>\n<td style=\"width: 19.9077%; text-align: center;\"><strong>CODE<\/strong><\/td>\n<td style=\"width: 23.2288%; text-align: center;\"><strong>TROUS POUR FIXATION MURALE<\/strong><\/td>\n<td style=\"width: 31.8635%; text-align: center;\"><strong>DIMENSIONS<\/strong><\/td>\n<td style=\"width: 12.5%; text-align: center;\"><strong>POIDS<\/strong><\/td>\n<td style=\"width: 12.5%; text-align: center;\"><strong>FICHE TECHNIQUE<\/strong><\/td>\n<\/tr>\n<tr>\n<td style=\"width: 19.9077%;\"><strong>STR-PDP100<\/strong><\/td>\n<td style=\"width: 23.2288%; text-align: center;\">HORIZONTAL<\/td>\n<td style=\"width: 31.8635%; text-align: center;\">L 23,6 &#8211; H 25,0 &#8211; P 3,8 cm.<\/td>\n<td style=\"width: 12.5%; text-align: center;\">0.299 Kg.<\/td>\n<td style=\"width: 12.5%; text-align: center;\"><a href=\"https:\/\/www.smartystore.it\/v25\/wp-content\/uploads\/2014\/05\/STR-PDP100-103-200-300.pdf\" target=\"_blank\" rel=\"noopener\"><img loading=\"lazy\" decoding=\"async\" class=\"alignnone size-full wp-image-93672\" src=\"https:\/\/www.smartystore.it\/v25\/wp-content\/uploads\/2023\/11\/LogoDownload_yellow.jpg\" alt=\"\" width=\"50\" height=\"50\" \/><\/a><\/td>\n<\/tr>\n<tr>\n<td style=\"width: 19.9077%;\"><strong>SST-TPLA4<\/strong><\/td>\n<td style=\"width: 23.2288%; text-align: center;\">VERTICAL<\/td>\n<td style=\"width: 31.8635%; text-align: center;\">L 22,5 &#8211; H 25,0 &#8211; P 4,2 cm.<\/td>\n<td style=\"width: 12.5%; text-align: center;\">0,249 kg.<\/td>\n<td style=\"width: 12.5%; text-align: center;\"><a href=\"https:\/\/www.smartystore.it\/v25\/wp-content\/uploads\/2023\/10\/Scheda-tecnica-SST-TPL.pdf\" target=\"_blank\" rel=\"noopener\"><img loading=\"lazy\" decoding=\"async\" class=\"alignnone size-full wp-image-93672\" src=\"https:\/\/www.smartystore.it\/v25\/wp-content\/uploads\/2023\/11\/LogoDownload_yellow.jpg\" alt=\"\" width=\"50\" height=\"50\" \/><\/a><\/td>\n<\/tr>\n<\/tbody>\n<\/table>\n<p>&nbsp;<\/p>\n<p>[\/vc_column_text][\/vc_column][\/vc_row]<\/p>\n<\/div>","protected":false},"excerpt":{"rendered":"<p>Porte-brochures mural en acrylique transparent au format A4 vertical. Disponible en deux versions, avec des trous de fixation positionn\u00e9s horizontalement ou verticalement.<\/p>\n","protected":false},"featured_media":99375,"comment_status":"open","ping_status":"closed","template":"","meta":{"_acf_changed":false},"pwb-brand":[],"product_brand":[],"product_cat":[3114,2968],"product_tag":[7043,7041,7039,7044,7042,7040],"class_list":{"0":"post-99370","1":"product","2":"type-product","3":"status-publish","4":"has-post-thumbnail","6":"product_cat-porte-brochure-mural","7":"product_cat-porte-brochures-catalogues","8":"product_tag-pochette-murale-pour-brochures-a4","9":"product_tag-pochette-murale-transparente-pour-catalogues-a4","10":"product_tag-porte-brochures-mural-1-pochette-a4","11":"product_tag-porte-brochures-mural-a4","12":"product_tag-porte-brochures-mural-transparent-a4","13":"product_tag-porte-catalogue-mural-a4","14":"pa_c2c_color-transparent","15":"pa_c2c_configurazione-trous-horizontaux","16":"pa_c2c_configurazione-trous-verticaux","17":"pa_c2c_dimensione-a4-21x29-7-vert","18":"pa_c2c_mono_bifacciale-simple-face","19":"pa_c2c_trovraprezzi-oui","21":"first","22":"instock","23":"taxable","24":"shipping-taxable","25":"purchasable","26":"product-type-variable"},"acf":[],"yoast_head":"<!-- This site is optimized with the Yoast SEO plugin v27.0 - https:\/\/yoast.com\/product\/yoast-seo-wordpress\/ -->\n<title>Porte-brochures mural A4 1 poche - Smarty Store Acheter au Meilleur Prix<\/title>\n<meta name=\"description\" content=\"Porte-brochures mural A4 1 poche. Disponible en deux mod\u00e8les, l&#039;un avec des trous de fixation horizontaux et l&#039;autre avec des trous de fixation verticaux.\" \/>\n<meta name=\"robots\" content=\"index, follow, max-snippet:-1, max-image-preview:large, max-video-preview:-1\" \/>\n<link rel=\"canonical\" href=\"https:\/\/www.smartystore.it\/fr\/prodotto\/porte-brochures-mural-a4-1-poche\/\" \/>\n<meta property=\"og:locale\" content=\"fr_FR\" \/>\n<meta property=\"og:type\" content=\"article\" \/>\n<meta property=\"og:title\" content=\"Porte-brochures mural A4 1 poche - Smarty Store Acheter au Meilleur Prix\" \/>\n<meta property=\"og:description\" content=\"Porte-brochures mural A4 1 poche. Disponible en deux mod\u00e8les, l&#039;un avec des trous de fixation horizontaux et l&#039;autre avec des trous de fixation verticaux.\" \/>\n<meta property=\"og:url\" content=\"https:\/\/www.smartystore.it\/fr\/prodotto\/porte-brochures-mural-a4-1-poche\/\" \/>\n<meta property=\"og:site_name\" content=\"Smarty Store\" \/>\n<meta property=\"article:publisher\" content=\"https:\/\/www.facebook.com\/smartystore.it\/\" \/>\n<meta property=\"article:modified_time\" content=\"2026-04-14T13:07:59+00:00\" \/>\n<meta property=\"og:image\" content=\"https:\/\/www.smartystore.it\/v25\/wp-content\/uploads\/2014\/05\/Portadepliant-da-parete-a-1-tasca-formato-A4.jpg\" \/>\n\t<meta property=\"og:image:width\" content=\"1000\" \/>\n\t<meta property=\"og:image:height\" content=\"1000\" \/>\n\t<meta property=\"og:image:type\" content=\"image\/jpeg\" \/>\n<meta name=\"twitter:card\" content=\"summary_large_image\" \/>\n<meta name=\"twitter:site\" content=\"@smartystore\" \/>\n<meta name=\"twitter:label1\" content=\"Dur\u00e9e de lecture estim\u00e9e\" \/>\n\t<meta name=\"twitter:data1\" content=\"3 minutes\" \/>\n<script type=\"application\/ld+json\" class=\"yoast-schema-graph\">{\"@context\":\"https:\/\/schema.org\",\"@graph\":[{\"@type\":\"WebPage\",\"@id\":\"https:\/\/www.smartystore.it\/fr\/prodotto\/porte-brochures-mural-a4-1-poche\/\",\"url\":\"https:\/\/www.smartystore.it\/fr\/prodotto\/porte-brochures-mural-a4-1-poche\/\",\"name\":\"Porte-brochures mural A4 1 poche - Smarty Store Acheter au Meilleur Prix\",\"isPartOf\":{\"@id\":\"https:\/\/www.smartystore.it\/fr\/#website\"},\"primaryImageOfPage\":{\"@id\":\"https:\/\/www.smartystore.it\/fr\/prodotto\/porte-brochures-mural-a4-1-poche\/#primaryimage\"},\"image\":{\"@id\":\"https:\/\/www.smartystore.it\/fr\/prodotto\/porte-brochures-mural-a4-1-poche\/#primaryimage\"},\"thumbnailUrl\":\"https:\/\/www.smartystore.it\/v25\/wp-content\/uploads\/2014\/05\/Portadepliant-da-parete-a-1-tasca-formato-A4.jpg\",\"datePublished\":\"2014-05-22T12:56:43+00:00\",\"dateModified\":\"2026-04-14T13:07:59+00:00\",\"description\":\"Porte-brochures mural A4 1 poche. Disponible en deux mod\u00e8les, l'un avec des trous de fixation horizontaux et l'autre avec des trous de fixation verticaux.\",\"breadcrumb\":{\"@id\":\"https:\/\/www.smartystore.it\/fr\/prodotto\/porte-brochures-mural-a4-1-poche\/#breadcrumb\"},\"inLanguage\":\"fr-FR\",\"potentialAction\":[{\"@type\":\"ReadAction\",\"target\":[\"https:\/\/www.smartystore.it\/fr\/prodotto\/porte-brochures-mural-a4-1-poche\/\"]}]},{\"@type\":\"ImageObject\",\"inLanguage\":\"fr-FR\",\"@id\":\"https:\/\/www.smartystore.it\/fr\/prodotto\/porte-brochures-mural-a4-1-poche\/#primaryimage\",\"url\":\"https:\/\/www.smartystore.it\/v25\/wp-content\/uploads\/2014\/05\/Portadepliant-da-parete-a-1-tasca-formato-A4.jpg\",\"contentUrl\":\"https:\/\/www.smartystore.it\/v25\/wp-content\/uploads\/2014\/05\/Portadepliant-da-parete-a-1-tasca-formato-A4.jpg\",\"width\":1000,\"height\":1000,\"caption\":\"Porte-brochures mural A4 1 poche\"},{\"@type\":\"BreadcrumbList\",\"@id\":\"https:\/\/www.smartystore.it\/fr\/prodotto\/porte-brochures-mural-a4-1-poche\/#breadcrumb\",\"itemListElement\":[{\"@type\":\"ListItem\",\"position\":1,\"name\":\"Accueil\",\"item\":\"https:\/\/www.smartystore.it\/fr\/\"},{\"@type\":\"ListItem\",\"position\":2,\"name\":\"Boutique\",\"item\":\"https:\/\/www.smartystore.it\/fr\/boutique\/\"},{\"@type\":\"ListItem\",\"position\":3,\"name\":\"Porte-brochures mural A4 1 poche\"}]},{\"@type\":\"WebSite\",\"@id\":\"https:\/\/www.smartystore.it\/fr\/#website\",\"url\":\"https:\/\/www.smartystore.it\/fr\/\",\"name\":\"Smarty Store\",\"description\":\"Espositori Pubblicitari e Sistemi di Comunicazione Visiva\",\"potentialAction\":[{\"@type\":\"SearchAction\",\"target\":{\"@type\":\"EntryPoint\",\"urlTemplate\":\"https:\/\/www.smartystore.it\/fr\/?s={search_term_string}\"},\"query-input\":{\"@type\":\"PropertyValueSpecification\",\"valueRequired\":true,\"valueName\":\"search_term_string\"}}],\"inLanguage\":\"fr-FR\"}]}<\/script>\n<!-- \/ Yoast SEO plugin. -->","yoast_head_json":{"title":"Porte-brochures mural A4 1 poche - Smarty Store Acheter au Meilleur Prix","description":"Porte-brochures mural A4 1 poche. Disponible en deux mod\u00e8les, l'un avec des trous de fixation horizontaux et l'autre avec des trous de fixation verticaux.","robots":{"index":"index","follow":"follow","max-snippet":"max-snippet:-1","max-image-preview":"max-image-preview:large","max-video-preview":"max-video-preview:-1"},"canonical":"https:\/\/www.smartystore.it\/fr\/prodotto\/porte-brochures-mural-a4-1-poche\/","og_locale":"fr_FR","og_type":"article","og_title":"Porte-brochures mural A4 1 poche - Smarty Store Acheter au Meilleur Prix","og_description":"Porte-brochures mural A4 1 poche. Disponible en deux mod\u00e8les, l'un avec des trous de fixation horizontaux et l'autre avec des trous de fixation verticaux.","og_url":"https:\/\/www.smartystore.it\/fr\/prodotto\/porte-brochures-mural-a4-1-poche\/","og_site_name":"Smarty Store","article_publisher":"https:\/\/www.facebook.com\/smartystore.it\/","article_modified_time":"2026-04-14T13:07:59+00:00","og_image":[{"width":1000,"height":1000,"url":"https:\/\/www.smartystore.it\/v25\/wp-content\/uploads\/2014\/05\/Portadepliant-da-parete-a-1-tasca-formato-A4.jpg","type":"image\/jpeg"}],"twitter_card":"summary_large_image","twitter_site":"@smartystore","twitter_misc":{"Dur\u00e9e de lecture estim\u00e9e":"3 minutes"},"schema":{"@context":"https:\/\/schema.org","@graph":[{"@type":"WebPage","@id":"https:\/\/www.smartystore.it\/fr\/prodotto\/porte-brochures-mural-a4-1-poche\/","url":"https:\/\/www.smartystore.it\/fr\/prodotto\/porte-brochures-mural-a4-1-poche\/","name":"Porte-brochures mural A4 1 poche - Smarty Store Acheter au Meilleur Prix","isPartOf":{"@id":"https:\/\/www.smartystore.it\/fr\/#website"},"primaryImageOfPage":{"@id":"https:\/\/www.smartystore.it\/fr\/prodotto\/porte-brochures-mural-a4-1-poche\/#primaryimage"},"image":{"@id":"https:\/\/www.smartystore.it\/fr\/prodotto\/porte-brochures-mural-a4-1-poche\/#primaryimage"},"thumbnailUrl":"https:\/\/www.smartystore.it\/v25\/wp-content\/uploads\/2014\/05\/Portadepliant-da-parete-a-1-tasca-formato-A4.jpg","datePublished":"2014-05-22T12:56:43+00:00","dateModified":"2026-04-14T13:07:59+00:00","description":"Porte-brochures mural A4 1 poche. Disponible en deux mod\u00e8les, l'un avec des trous de fixation horizontaux et l'autre avec des trous de fixation verticaux.","breadcrumb":{"@id":"https:\/\/www.smartystore.it\/fr\/prodotto\/porte-brochures-mural-a4-1-poche\/#breadcrumb"},"inLanguage":"fr-FR","potentialAction":[{"@type":"ReadAction","target":["https:\/\/www.smartystore.it\/fr\/prodotto\/porte-brochures-mural-a4-1-poche\/"]}]},{"@type":"ImageObject","inLanguage":"fr-FR","@id":"https:\/\/www.smartystore.it\/fr\/prodotto\/porte-brochures-mural-a4-1-poche\/#primaryimage","url":"https:\/\/www.smartystore.it\/v25\/wp-content\/uploads\/2014\/05\/Portadepliant-da-parete-a-1-tasca-formato-A4.jpg","contentUrl":"https:\/\/www.smartystore.it\/v25\/wp-content\/uploads\/2014\/05\/Portadepliant-da-parete-a-1-tasca-formato-A4.jpg","width":1000,"height":1000,"caption":"Porte-brochures mural A4 1 poche"},{"@type":"BreadcrumbList","@id":"https:\/\/www.smartystore.it\/fr\/prodotto\/porte-brochures-mural-a4-1-poche\/#breadcrumb","itemListElement":[{"@type":"ListItem","position":1,"name":"Accueil","item":"https:\/\/www.smartystore.it\/fr\/"},{"@type":"ListItem","position":2,"name":"Boutique","item":"https:\/\/www.smartystore.it\/fr\/boutique\/"},{"@type":"ListItem","position":3,"name":"Porte-brochures mural A4 1 poche"}]},{"@type":"WebSite","@id":"https:\/\/www.smartystore.it\/fr\/#website","url":"https:\/\/www.smartystore.it\/fr\/","name":"Smarty Store","description":"Espositori Pubblicitari e Sistemi di Comunicazione Visiva","potentialAction":[{"@type":"SearchAction","target":{"@type":"EntryPoint","urlTemplate":"https:\/\/www.smartystore.it\/fr\/?s={search_term_string}"},"query-input":{"@type":"PropertyValueSpecification","valueRequired":true,"valueName":"search_term_string"}}],"inLanguage":"fr-FR"}]}},"brands":[],"_links":{"self":[{"href":"https:\/\/www.smartystore.it\/fr\/wp-json\/wp\/v2\/product\/99370","targetHints":{"allow":["GET"]}}],"collection":[{"href":"https:\/\/www.smartystore.it\/fr\/wp-json\/wp\/v2\/product"}],"about":[{"href":"https:\/\/www.smartystore.it\/fr\/wp-json\/wp\/v2\/types\/product"}],"replies":[{"embeddable":true,"href":"https:\/\/www.smartystore.it\/fr\/wp-json\/wp\/v2\/comments?post=99370"}],"wp:featuredmedia":[{"embeddable":true,"href":"https:\/\/www.smartystore.it\/fr\/wp-json\/wp\/v2\/media\/99375"}],"wp:attachment":[{"href":"https:\/\/www.smartystore.it\/fr\/wp-json\/wp\/v2\/media?parent=99370"}],"wp:term":[{"taxonomy":"pwb-brand","embeddable":true,"href":"https:\/\/www.smartystore.it\/fr\/wp-json\/wp\/v2\/pwb-brand?post=99370"},{"taxonomy":"product_brand","embeddable":true,"href":"https:\/\/www.smartystore.it\/fr\/wp-json\/wp\/v2\/product_brand?post=99370"},{"taxonomy":"product_cat","embeddable":true,"href":"https:\/\/www.smartystore.it\/fr\/wp-json\/wp\/v2\/product_cat?post=99370"},{"taxonomy":"product_tag","embeddable":true,"href":"https:\/\/www.smartystore.it\/fr\/wp-json\/wp\/v2\/product_tag?post=99370"}],"curies":[{"name":"wp","href":"https:\/\/api.w.org\/{rel}","templated":true}]}}