{"id":99325,"date":"2014-10-08T17:11:31","date_gmt":"2014-10-08T15:11:31","guid":{"rendered":"https:\/\/www.smartystore.it\/prodotto\/totem-tri-facial-70x250-pro\/"},"modified":"2026-04-11T14:17:44","modified_gmt":"2026-04-11T12:17:44","slug":"totem-tri-facial-70x250-pro","status":"publish","type":"product","link":"https:\/\/www.smartystore.it\/fr\/prodotto\/totem-tri-facial-70x250-pro\/","title":{"rendered":"Totem tri-facial 70&#215;250 PRO"},"content":{"rendered":"<div class=\"wpb-content-wrapper\"><p>[vc_row][vc_column][vc_column_text css=\u00a0\u00bb\u00a0\u00bb css_params=\u00a0\u00bb\u00a0\u00bb]<\/p>\n<h1>Totem tri-facial 70&#215;250 PRO : Int\u00e9rieur ou ext\u00e9rieur<\/h1>\n<p>Le Totem Trifacciale 70&#215;250 PRO repr\u00e9sente une excellente solution publicitaire, adapt\u00e9e aussi bien aux environnements int\u00e9rieurs qu&rsquo;ext\u00e9rieurs. Gr\u00e2ce \u00e0 sa <strong>structure interne de renforcement<\/strong>, ce totem garantit une robustesse et une stabilit\u00e9 sup\u00e9rieures, prouv\u00e9es par un <strong>certificat statique<\/strong> attestant de sa s\u00e9curit\u00e9 et de sa fiabilit\u00e9 dans n&rsquo;importe quel contexte.<\/p>\n<p>Les surfaces incurv\u00e9es, mesurant chacune 70&#215;250 cm, offrent un large espace pour afficher des graphiques visuellement percutants. Les montants en aluminium anodis\u00e9 argent\u00e9 conf\u00e8rent au produit un aspect \u00e9l\u00e9gant et moderne, tout en garantissant l\u00e9g\u00e8ret\u00e9 et durabilit\u00e9. La base en m\u00e9tal poudr\u00e9 argent\u00e9 est <strong>\u00e9quip\u00e9e d&rsquo;un syst\u00e8me de fixation au sol<\/strong>, ce qui garantit un meilleur ancrage et une plus grande stabilit\u00e9, en particulier dans les environnements ext\u00e9rieurs.<\/p>\n<h2>Totem Trifacciale 70&#215;250 PRO : Personnalis\u00e9 avec une impression de haute qualit\u00e9<\/h2>\n<p>En ce qui concerne les mat\u00e9riaux des panneaux de support, la <strong>version int\u00e9rieure utilise le forex <\/strong>(PVC expans\u00e9), un mat\u00e9riau l\u00e9ger et polyvalent qui permet de personnaliser facilement l&rsquo;impression directement sur des panneaux rigides. Pour la <strong>version ext\u00e9rieure<\/strong>, en revanche, c&rsquo;est la <strong>t\u00f4le<\/strong> qui est utilis\u00e9e, un choix id\u00e9al pour r\u00e9sister aux conditions m\u00e9t\u00e9orologiques les plus exigeantes et maintenir un aspect soign\u00e9 et professionnel.<\/p>\n<p>La personnalisation graphique suit la m\u00eame distinction : le totem interne est imprim\u00e9 sur des panneaux en forex, tandis que le totem externe est imprim\u00e9 sur des panneaux en t\u00f4le, ce qui garantit la durabilit\u00e9 et la qualit\u00e9 de l&rsquo;image dans toutes les situations. En r\u00e9sum\u00e9, le Totem Trifacciale 70&#215;250 PRO est un \u00e9l\u00e9ment publicitaire polyvalent, stable et tr\u00e8s performant, id\u00e9al pour une communication visuelle efficace dans les contextes les plus divers.<\/p>\n<h3>Caract\u00e9ristiques<\/h3>\n<ul>\n<li>Totem publicitaire \u00e0 trois faces disponible pour l&rsquo;int\u00e9rieur et l&rsquo;ext\u00e9rieur.<\/li>\n<li><strong>Structure de renforcement interne qui rend le totem beaucoup plus robuste et stable<\/strong><\/li>\n<li><strong>CERTIFICAT D&rsquo;IMMOBILIT\u00c9<\/strong><\/li>\n<li>Surfaces arqu\u00e9es.<\/li>\n<li>Montants en aluminium anodis\u00e9 argent.<\/li>\n<li>Socle en m\u00e9tal recouvert de poudre d&rsquo;argent avec possibilit\u00e9 de fixation au sol.<\/li>\n<li>Panneaux arri\u00e8re en Forex dans le cas de la version int\u00e9rieure, en t\u00f4le pour la version ext\u00e9rieure.<\/li>\n<li>Dimensions : 3 c\u00f4t\u00e9s de 70&#215;250 cm.<\/li>\n<li>Surface visible : 67&#215;250 cm<\/li>\n<li>Poids du totem : 52 kg<\/li>\n<\/ul>\n<p>&nbsp;<\/p>\n<table style=\"width: 87.1097%; border-collapse: collapse; border-color: #000000; height: 72px;\" border=\"1\">\n<tbody>\n<tr style=\"height: 24px;\">\n<td style=\"width: 15.5068%; text-align: center; height: 24px;\"><strong>CODE<\/strong><\/td>\n<td style=\"width: 14.9744%; text-align: center; height: 24px;\"><strong>TAILLE DU PANNEAU<\/strong><\/td>\n<td style=\"width: 11.1268%; text-align: center; height: 24px;\"><strong>ZONE VISIBLE<\/strong><\/td>\n<td style=\"width: 8.05116%; text-align: center;\"><strong>PERSONNALISATION<\/strong><\/td>\n<td style=\"width: 12.8078%; text-align: center; height: 24px;\"><strong>TAILLE TOTEM<\/strong><\/td>\n<td style=\"width: 10.8015%; text-align: center; height: 24px;\"><strong>UTILISER<\/strong><\/td>\n<td style=\"width: 14.1133%; text-align: center; height: 24px;\"><strong>POIDS<\/strong><\/td>\n<\/tr>\n<tr style=\"height: 24px;\">\n<td style=\"width: 15.5068%; height: 24px;\"><strong>STR-TRIS70x250NX<\/strong><\/td>\n<td style=\"width: 14.9744%; text-align: center; height: 24px;\">700&#215;2500 mm.<\/td>\n<td style=\"width: 11.1268%; text-align: center; height: 24px;\">670&#215;2500 mm.<\/td>\n<td style=\"width: 8.05116%; text-align: center;\">Impression directe sur forex<\/td>\n<td style=\"width: 12.8078%; text-align: center; height: 24px;\">700x350x2500 mm.<\/td>\n<td style=\"width: 10.8015%; text-align: center; height: 24px;\">Int\u00e9rieur<\/td>\n<td style=\"width: 14.1133%; height: 24px; text-align: center;\">52 Kg.<\/td>\n<\/tr>\n<tr style=\"height: 24px;\">\n<td style=\"width: 15.5068%; height: 24px;\"><strong>STR-TRIS70x250NX\/L<\/strong><\/td>\n<td style=\"width: 14.9744%; text-align: center; height: 24px;\">700&#215;2500 mm.<\/td>\n<td style=\"width: 11.1268%; text-align: center; height: 24px;\">670&#215;2500 mm.<\/td>\n<td style=\"width: 8.05116%; text-align: center;\">Impression sur vinyle adh\u00e9sif avec pelliculage pour usage ext\u00e9rieur<\/td>\n<td style=\"width: 12.8078%; text-align: center; height: 24px;\">700x350x2500 mm.<\/td>\n<td style=\"width: 10.8015%; text-align: center; height: 24px;\">Ext\u00e9rieur<\/td>\n<td style=\"width: 14.1133%; height: 24px; text-align: center;\">52 Kg.<\/td>\n<\/tr>\n<\/tbody>\n<\/table>\n<p>&nbsp;<\/p>\n<p><span style=\"color: #993300;\"><strong>POUR LE FICHIER GRAPHIQUE : cr\u00e9ez le fichier aux dimensions 70&#215;250 cm (\u00e9chelle 1:1) avec les textes convertis en trac\u00e9s, apr\u00e8s avoir sauvegard\u00e9 le fichier en format PDF (r\u00e9solution minimale de 200 dpi), envoyez le document \u00e0 l&rsquo;adresse \u00e9lectronique suivante<\/strong><\/span> <a href=\"mailto:grafica@smartystore.it\"><strong>grafica@smartystore.it<\/strong><\/a> <span style=\"color: #993300;\"><strong>en se r\u00e9f\u00e9rant au num\u00e9ro de commande.<\/strong><\/span><\/p>\n<p>&nbsp;<\/p>\n<h3 style=\"text-align: center;\">Voyez aussi les autres totems disponibles pour l&rsquo;int\u00e9rieur et l&rsquo;ext\u00e9rieur \u00e0 ce <span style=\"color: #ff0000;\"><strong><a style=\"color: #ff0000;\" href=\"https:\/\/www.smartystore.it\/fr\/categoria-prodotto\/totems-publicitaires-et-dinformation\/totem-pour-linterieur-et-lexterieur\/\">LIEN<\/a><\/strong><\/span><\/h3>\n<p>&nbsp;<\/p>\n<p><strong><a href=\"https:\/\/www.smartystore.it\/v25\/wp-content\/uploads\/2022\/10\/STR-TRIS70x200NX-TRIS70x200NXL-TRIS70x250NX-TRIS70x250BXL.pdf\" target=\"_blank\" rel=\"noopener\"><img loading=\"lazy\" decoding=\"async\" class=\"alignnone size-full wp-image-93672\" src=\"https:\/\/www.smartystore.it\/v25\/wp-content\/uploads\/2023\/11\/LogoDownload_yellow.jpg\" alt=\"\" width=\"50\" height=\"50\" \/> <\/a><a href=\"https:\/\/www.smartystore.it\/v25\/wp-content\/uploads\/2022\/10\/STR-TRIS70x200NX-TRIS70x200NXL-TRIS70x250NX-TRIS70x250BXL.pdf\" target=\"_blank\" rel=\"noopener noreferrer\">FICHE TECHNIQUE<\/a><\/strong><\/p>\n<p>&nbsp;<\/p>\n<p><strong>SERVICES DE GRAPHISME ET D&rsquo;IMPRESSION<\/strong><\/p>\n<p>Smarty Store peut fournir des services de mise en page et\/ou d&rsquo;impression.<\/p>\n<p>Si le service d&rsquo;impression seule est demand\u00e9, le client doit envoyer le fichier d&rsquo;impression au format PDF. Les graphiques seront imprim\u00e9s tels qu&rsquo;ils sont re\u00e7us dans le fichier.<\/p>\n<p>Si un service de mise en page est demand\u00e9, notre organisation contactera le client par t\u00e9l\u00e9phone pour obtenir les informations n\u00e9cessaires. La mise en page graphique exclut les images, qui doivent \u00eatre fournies par le client ou faire l&rsquo;objet d&rsquo;un devis s\u00e9par\u00e9.<br \/>\nLe client recevra la proposition graphique au format PDF pour approbation.<\/p>\n<p><strong>ATTENTION :<\/strong><br \/>\nLes couleurs affich\u00e9es peuvent varier d&rsquo;un \u00e9cran \u00e0 l&rsquo;autre. Pour les couleurs d&rsquo;impression, vous devez toujours vous r\u00e9f\u00e9rer \u00e0 l&rsquo;\u00e9chelle Pantone.<br \/>\nSmarty Store d\u00e9cline toute responsabilit\u00e9 en cas de couleurs v\u00e9rifi\u00e9es par le client uniquement sur son propre moniteur.<\/p>\n<p>[\/vc_column_text][\/vc_column][\/vc_row]<\/p>\n<\/div>","protected":false},"excerpt":{"rendered":"<p>Totem publicitaire \u00e0 trois faces avec panneaux de 70&#215;250 cm avec certification statique. Disponible en version int\u00e9rieure et ext\u00e9rieure.<\/p>\n","protected":false},"featured_media":99323,"comment_status":"open","ping_status":"closed","template":"","meta":{"_acf_changed":false},"pwb-brand":[],"product_brand":[],"product_cat":[3103,3682,3679],"product_tag":[6996,7000,6998,6997,7001,6999,7003,7002],"class_list":{"0":"post-99325","1":"product","2":"type-product","3":"status-publish","4":"has-post-thumbnail","6":"product_cat-totem-dinterieur","7":"product_cat-totem-pour-linterieur-et-lexterieur","8":"product_cat-totems-publicitaires-et-dinformation","9":"product_tag-totem-a-trois-faces-70x250","10":"product_tag-totem-personnalise-a-trois-faces","11":"product_tag-totem-professionnel-pour-la-publicite-exterieure","12":"product_tag-totem-publicitaire-a-trois-faces","13":"product_tag-totem-publicitaire-avec-certification","14":"product_tag-totem-publicitaire-interieur","15":"product_tag-totem-triangulaire-dexterieur-et-dinterieur","16":"product_tag-totems-publicitaires-personnalises","17":"pa_c2c_color-argent","18":"pa_c2c_dimensione-cm-70x250","19":"pa_c2c_grafica-1-sujet","20":"pa_c2c_grafica-non","21":"pa_c2c_stampa-1-cote","22":"pa_c2c_stampa-2-faces","23":"pa_c2c_stampa-3-cotes","24":"pa_c2c_stampa-non","25":"pa_c2c_trovraprezzi-oui","26":"pa_tipo-di-utilizzo-exterieur","27":"pa_tipo-di-utilizzo-interieur","29":"first","30":"instock","31":"taxable","32":"shipping-taxable","33":"purchasable","34":"product-type-variable"},"acf":[],"yoast_head":"<!-- This site is optimized with the Yoast SEO plugin v27.0 - https:\/\/yoast.com\/product\/yoast-seo-wordpress\/ -->\n<title>Totem tri-facial 70x250 PRO - Smarty Store Au Meilleur Prix<\/title>\n<meta name=\"description\" content=\"Totem Trifacciale 70x250 PRO. D\u00e9couvrez sur Smartystore la large gamme de totems publicitaires id\u00e9aux pour promouvoir votre entreprise.\" \/>\n<meta name=\"robots\" content=\"index, follow, max-snippet:-1, max-image-preview:large, max-video-preview:-1\" \/>\n<link rel=\"canonical\" href=\"https:\/\/www.smartystore.it\/fr\/prodotto\/totem-tri-facial-70x250-pro\/\" \/>\n<meta property=\"og:locale\" content=\"fr_FR\" \/>\n<meta property=\"og:type\" content=\"article\" \/>\n<meta property=\"og:title\" content=\"Totem tri-facial 70x250 PRO - Smarty Store Au Meilleur Prix\" \/>\n<meta property=\"og:description\" content=\"Totem Trifacciale 70x250 PRO. D\u00e9couvrez sur Smartystore la large gamme de totems publicitaires id\u00e9aux pour promouvoir votre entreprise.\" \/>\n<meta property=\"og:url\" content=\"https:\/\/www.smartystore.it\/fr\/prodotto\/totem-tri-facial-70x250-pro\/\" \/>\n<meta property=\"og:site_name\" content=\"Smarty Store\" \/>\n<meta property=\"article:publisher\" content=\"https:\/\/www.facebook.com\/smartystore.it\/\" \/>\n<meta property=\"article:modified_time\" content=\"2026-04-11T12:17:44+00:00\" \/>\n<meta property=\"og:image\" content=\"https:\/\/www.smartystore.it\/v25\/wp-content\/uploads\/2014\/10\/Totem-trifacciale-70x250-da-interno-e-esterno-2.jpg\" \/>\n\t<meta property=\"og:image:width\" content=\"1000\" \/>\n\t<meta property=\"og:image:height\" content=\"1000\" \/>\n\t<meta property=\"og:image:type\" content=\"image\/jpeg\" \/>\n<meta name=\"twitter:card\" content=\"summary_large_image\" \/>\n<meta name=\"twitter:site\" content=\"@smartystore\" \/>\n<meta name=\"twitter:label1\" content=\"Dur\u00e9e de lecture estim\u00e9e\" \/>\n\t<meta name=\"twitter:data1\" content=\"4 minutes\" \/>\n<script type=\"application\/ld+json\" class=\"yoast-schema-graph\">{\"@context\":\"https:\/\/schema.org\",\"@graph\":[{\"@type\":\"WebPage\",\"@id\":\"https:\/\/www.smartystore.it\/fr\/prodotto\/totem-tri-facial-70x250-pro\/\",\"url\":\"https:\/\/www.smartystore.it\/fr\/prodotto\/totem-tri-facial-70x250-pro\/\",\"name\":\"Totem tri-facial 70x250 PRO - Smarty Store Au Meilleur Prix\",\"isPartOf\":{\"@id\":\"https:\/\/www.smartystore.it\/fr\/#website\"},\"primaryImageOfPage\":{\"@id\":\"https:\/\/www.smartystore.it\/fr\/prodotto\/totem-tri-facial-70x250-pro\/#primaryimage\"},\"image\":{\"@id\":\"https:\/\/www.smartystore.it\/fr\/prodotto\/totem-tri-facial-70x250-pro\/#primaryimage\"},\"thumbnailUrl\":\"https:\/\/www.smartystore.it\/v25\/wp-content\/uploads\/2014\/10\/Totem-trifacciale-70x250-da-interno-e-esterno-2.jpg\",\"datePublished\":\"2014-10-08T15:11:31+00:00\",\"dateModified\":\"2026-04-11T12:17:44+00:00\",\"description\":\"Totem Trifacciale 70x250 PRO. D\u00e9couvrez sur Smartystore la large gamme de totems publicitaires id\u00e9aux pour promouvoir votre entreprise.\",\"breadcrumb\":{\"@id\":\"https:\/\/www.smartystore.it\/fr\/prodotto\/totem-tri-facial-70x250-pro\/#breadcrumb\"},\"inLanguage\":\"fr-FR\",\"potentialAction\":[{\"@type\":\"ReadAction\",\"target\":[\"https:\/\/www.smartystore.it\/fr\/prodotto\/totem-tri-facial-70x250-pro\/\"]}]},{\"@type\":\"ImageObject\",\"inLanguage\":\"fr-FR\",\"@id\":\"https:\/\/www.smartystore.it\/fr\/prodotto\/totem-tri-facial-70x250-pro\/#primaryimage\",\"url\":\"https:\/\/www.smartystore.it\/v25\/wp-content\/uploads\/2014\/10\/Totem-trifacciale-70x250-da-interno-e-esterno-2.jpg\",\"contentUrl\":\"https:\/\/www.smartystore.it\/v25\/wp-content\/uploads\/2014\/10\/Totem-trifacciale-70x250-da-interno-e-esterno-2.jpg\",\"width\":1000,\"height\":1000,\"caption\":\"Totem tri-facial 70x250 PRO\"},{\"@type\":\"BreadcrumbList\",\"@id\":\"https:\/\/www.smartystore.it\/fr\/prodotto\/totem-tri-facial-70x250-pro\/#breadcrumb\",\"itemListElement\":[{\"@type\":\"ListItem\",\"position\":1,\"name\":\"Accueil\",\"item\":\"https:\/\/www.smartystore.it\/fr\/\"},{\"@type\":\"ListItem\",\"position\":2,\"name\":\"Boutique\",\"item\":\"https:\/\/www.smartystore.it\/fr\/boutique\/\"},{\"@type\":\"ListItem\",\"position\":3,\"name\":\"Totem tri-facial 70&#215;250 PRO\"}]},{\"@type\":\"WebSite\",\"@id\":\"https:\/\/www.smartystore.it\/fr\/#website\",\"url\":\"https:\/\/www.smartystore.it\/fr\/\",\"name\":\"Smarty Store\",\"description\":\"Espositori Pubblicitari e Sistemi di Comunicazione Visiva\",\"potentialAction\":[{\"@type\":\"SearchAction\",\"target\":{\"@type\":\"EntryPoint\",\"urlTemplate\":\"https:\/\/www.smartystore.it\/fr\/?s={search_term_string}\"},\"query-input\":{\"@type\":\"PropertyValueSpecification\",\"valueRequired\":true,\"valueName\":\"search_term_string\"}}],\"inLanguage\":\"fr-FR\"}]}<\/script>\n<!-- \/ Yoast SEO plugin. -->","yoast_head_json":{"title":"Totem tri-facial 70x250 PRO - Smarty Store Au Meilleur Prix","description":"Totem Trifacciale 70x250 PRO. D\u00e9couvrez sur Smartystore la large gamme de totems publicitaires id\u00e9aux pour promouvoir votre entreprise.","robots":{"index":"index","follow":"follow","max-snippet":"max-snippet:-1","max-image-preview":"max-image-preview:large","max-video-preview":"max-video-preview:-1"},"canonical":"https:\/\/www.smartystore.it\/fr\/prodotto\/totem-tri-facial-70x250-pro\/","og_locale":"fr_FR","og_type":"article","og_title":"Totem tri-facial 70x250 PRO - Smarty Store Au Meilleur Prix","og_description":"Totem Trifacciale 70x250 PRO. D\u00e9couvrez sur Smartystore la large gamme de totems publicitaires id\u00e9aux pour promouvoir votre entreprise.","og_url":"https:\/\/www.smartystore.it\/fr\/prodotto\/totem-tri-facial-70x250-pro\/","og_site_name":"Smarty Store","article_publisher":"https:\/\/www.facebook.com\/smartystore.it\/","article_modified_time":"2026-04-11T12:17:44+00:00","og_image":[{"width":1000,"height":1000,"url":"https:\/\/www.smartystore.it\/v25\/wp-content\/uploads\/2014\/10\/Totem-trifacciale-70x250-da-interno-e-esterno-2.jpg","type":"image\/jpeg"}],"twitter_card":"summary_large_image","twitter_site":"@smartystore","twitter_misc":{"Dur\u00e9e de lecture estim\u00e9e":"4 minutes"},"schema":{"@context":"https:\/\/schema.org","@graph":[{"@type":"WebPage","@id":"https:\/\/www.smartystore.it\/fr\/prodotto\/totem-tri-facial-70x250-pro\/","url":"https:\/\/www.smartystore.it\/fr\/prodotto\/totem-tri-facial-70x250-pro\/","name":"Totem tri-facial 70x250 PRO - Smarty Store Au Meilleur Prix","isPartOf":{"@id":"https:\/\/www.smartystore.it\/fr\/#website"},"primaryImageOfPage":{"@id":"https:\/\/www.smartystore.it\/fr\/prodotto\/totem-tri-facial-70x250-pro\/#primaryimage"},"image":{"@id":"https:\/\/www.smartystore.it\/fr\/prodotto\/totem-tri-facial-70x250-pro\/#primaryimage"},"thumbnailUrl":"https:\/\/www.smartystore.it\/v25\/wp-content\/uploads\/2014\/10\/Totem-trifacciale-70x250-da-interno-e-esterno-2.jpg","datePublished":"2014-10-08T15:11:31+00:00","dateModified":"2026-04-11T12:17:44+00:00","description":"Totem Trifacciale 70x250 PRO. D\u00e9couvrez sur Smartystore la large gamme de totems publicitaires id\u00e9aux pour promouvoir votre entreprise.","breadcrumb":{"@id":"https:\/\/www.smartystore.it\/fr\/prodotto\/totem-tri-facial-70x250-pro\/#breadcrumb"},"inLanguage":"fr-FR","potentialAction":[{"@type":"ReadAction","target":["https:\/\/www.smartystore.it\/fr\/prodotto\/totem-tri-facial-70x250-pro\/"]}]},{"@type":"ImageObject","inLanguage":"fr-FR","@id":"https:\/\/www.smartystore.it\/fr\/prodotto\/totem-tri-facial-70x250-pro\/#primaryimage","url":"https:\/\/www.smartystore.it\/v25\/wp-content\/uploads\/2014\/10\/Totem-trifacciale-70x250-da-interno-e-esterno-2.jpg","contentUrl":"https:\/\/www.smartystore.it\/v25\/wp-content\/uploads\/2014\/10\/Totem-trifacciale-70x250-da-interno-e-esterno-2.jpg","width":1000,"height":1000,"caption":"Totem tri-facial 70x250 PRO"},{"@type":"BreadcrumbList","@id":"https:\/\/www.smartystore.it\/fr\/prodotto\/totem-tri-facial-70x250-pro\/#breadcrumb","itemListElement":[{"@type":"ListItem","position":1,"name":"Accueil","item":"https:\/\/www.smartystore.it\/fr\/"},{"@type":"ListItem","position":2,"name":"Boutique","item":"https:\/\/www.smartystore.it\/fr\/boutique\/"},{"@type":"ListItem","position":3,"name":"Totem tri-facial 70&#215;250 PRO"}]},{"@type":"WebSite","@id":"https:\/\/www.smartystore.it\/fr\/#website","url":"https:\/\/www.smartystore.it\/fr\/","name":"Smarty Store","description":"Espositori Pubblicitari e Sistemi di Comunicazione Visiva","potentialAction":[{"@type":"SearchAction","target":{"@type":"EntryPoint","urlTemplate":"https:\/\/www.smartystore.it\/fr\/?s={search_term_string}"},"query-input":{"@type":"PropertyValueSpecification","valueRequired":true,"valueName":"search_term_string"}}],"inLanguage":"fr-FR"}]}},"brands":[],"_links":{"self":[{"href":"https:\/\/www.smartystore.it\/fr\/wp-json\/wp\/v2\/product\/99325","targetHints":{"allow":["GET"]}}],"collection":[{"href":"https:\/\/www.smartystore.it\/fr\/wp-json\/wp\/v2\/product"}],"about":[{"href":"https:\/\/www.smartystore.it\/fr\/wp-json\/wp\/v2\/types\/product"}],"replies":[{"embeddable":true,"href":"https:\/\/www.smartystore.it\/fr\/wp-json\/wp\/v2\/comments?post=99325"}],"wp:featuredmedia":[{"embeddable":true,"href":"https:\/\/www.smartystore.it\/fr\/wp-json\/wp\/v2\/media\/99323"}],"wp:attachment":[{"href":"https:\/\/www.smartystore.it\/fr\/wp-json\/wp\/v2\/media?parent=99325"}],"wp:term":[{"taxonomy":"pwb-brand","embeddable":true,"href":"https:\/\/www.smartystore.it\/fr\/wp-json\/wp\/v2\/pwb-brand?post=99325"},{"taxonomy":"product_brand","embeddable":true,"href":"https:\/\/www.smartystore.it\/fr\/wp-json\/wp\/v2\/product_brand?post=99325"},{"taxonomy":"product_cat","embeddable":true,"href":"https:\/\/www.smartystore.it\/fr\/wp-json\/wp\/v2\/product_cat?post=99325"},{"taxonomy":"product_tag","embeddable":true,"href":"https:\/\/www.smartystore.it\/fr\/wp-json\/wp\/v2\/product_tag?post=99325"}],"curies":[{"name":"wp","href":"https:\/\/api.w.org\/{rel}","templated":true}]}}