{"id":99098,"date":"2026-04-09T12:53:33","date_gmt":"2026-04-09T10:53:33","guid":{"rendered":"https:\/\/www.smartystore.it\/?post_type=product&#038;p=99098"},"modified":"2026-04-17T11:31:52","modified_gmt":"2026-04-17T09:31:52","slug":"borne-basse-h58","status":"publish","type":"product","link":"https:\/\/www.smartystore.it\/fr\/prodotto\/borne-basse-h58\/","title":{"rendered":"Borne basse H58"},"content":{"rendered":"<h1>Borne basse H58<\/h1>\n<p>La borne basse H58 cm avec ruban de 3 m\u00e8tres est une solution efficace et polyvalente pour la gestion de l&rsquo;espace en int\u00e9rieur comme en ext\u00e9rieur. Fabriqu\u00e9e en acier bross\u00e9 de couleur argent\u00e9e, cette borne allie fonctionnalit\u00e9, <strong>robustesse<\/strong> et <strong>\u00e9l\u00e9gance<\/strong>, tout en assurant une <strong>stabilit\u00e9<\/strong> maximale gr\u00e2ce \u00e0 sa construction solide et \u00e0 son poids total d&rsquo;environ 10 kg.<\/p>\n<p>La base conique, d&rsquo;un diam\u00e8tre de 36 cm, assure un support stable et s\u00fbr, \u00e9vitant tout risque de basculement. Sur le montant de la colonne se trouve un syst\u00e8me innovant compos\u00e9 de trois clips de r\u00e9ception, qui permettent d&rsquo;encha\u00eener simultan\u00e9ment jusqu&rsquo;\u00e0 trois bandes distinctes, facilitant ainsi la cr\u00e9ation d&rsquo;itin\u00e9raires articul\u00e9s et personnalis\u00e9s en fonction des exigences logistiques de l&rsquo;environnement.<\/p>\n<p>Le ruban r\u00e9tractable est l&rsquo;un des \u00e9l\u00e9ments cl\u00e9s de cette balise. D&rsquo;une longueur allant jusqu&rsquo;\u00e0 3 m\u00e8tres, le ruban est disponible en dix couleurs diff\u00e9rentes : rouge, noir, bleu, blanc, vert, jaune, orange, gris, ainsi que des combinaisons rouge\/blanc et jaune\/noir, id\u00e9ales pour la s\u00e9curit\u00e9 ou les zones restreintes. Le syst\u00e8me r\u00e9tractable permet au ruban de se r\u00e9tracter compl\u00e8tement dans la colonne en un mouvement fluide et contr\u00f4l\u00e9, tandis que le m\u00e9canisme d&rsquo;auto-freinage assure un retour lent et s\u00fbr, \u00e9vitant tout dommage aux personnes ou aux objets \u00e0 proximit\u00e9.<\/p>\n<h2><strong>Personnalisation de la colonne de marquage basse H58 cm avec ruban de 3 m\u00e8tres : \u00e9l\u00e9ment cl\u00e9<\/strong><\/h2>\n<p>Un autre avantage de ce produit est la possibilit\u00e9 de personnaliser le ruban &#8211; \u00e0 l&rsquo;exception des versions jaune\/noir et blanc\/rouge &#8211; ce qui permet de l&rsquo;adapter \u00e0 tout besoin d&rsquo;entreprise ou de communication. Cette caract\u00e9ristique le rend particuli\u00e8rement adapt\u00e9 aux bureaux, aux magasins, aux foires commerciales, aux salles d&rsquo;exposition et aux grands \u00e9v\u00e9nements, o\u00f9 l&rsquo;organisation des flux de personnes est cruciale pour garantir l&rsquo;ordre, la s\u00e9curit\u00e9 et une meilleure exp\u00e9rience pour les utilisateurs.<\/p>\n<p>Il est en effet possible de demander l&rsquo;impression du logo sur les deux faces du ruban, en utilisant une ou plusieurs couleurs. Cette option de personnalisation permet non seulement d&rsquo;accro\u00eetre la visibilit\u00e9 de la marque, mais aussi de donner une touche distinctive \u00e0 l&rsquo;\u00e9v\u00e9nement ou \u00e0 l&rsquo;endroit o\u00f9 il est utilis\u00e9.<\/p>\n<p>En r\u00e9sum\u00e9, la borne basse H 58 cm avec ruban de 3 m\u00e8tres, en acier bross\u00e9, s&rsquo;av\u00e8re \u00eatre un outil indispensable pour d\u00e9limiter des zones, g\u00e9rer des rang\u00e9es et mettre en valeur des produits de valeur avec style et praticit\u00e9. Sa robustesse, associ\u00e9e \u00e0 un design \u00e9l\u00e9gant et \u00e0 un syst\u00e8me de ruban innovant et s\u00fbr, en font le choix id\u00e9al pour de nombreuses applications professionnelles.<\/p>\n<p>&nbsp;<\/p>\n<h3>CARACT\u00c9RISTIQUES:<\/h3>\n<ul>\n<li>Poteau de guidage avec tendeur de ruban.<\/li>\n<li>Mod\u00e8le classique en acier argent\u00e9 satin\u00e9.<\/li>\n<li>Ruban : L 3 m\u00e8tres environ &#8211; H 5 cm.<\/li>\n<li>Couleur de la bande : rouge &#8211; noir &#8211; bleu &#8211; orange &#8211; blanc &#8211; jaune &#8211; vert &#8211; gris &#8211; noir\/jaune &#8211; blanc\/rouge<\/li>\n<li>Enrouleur avec m\u00e9canisme d&rsquo;auto-freinage avec clip de verrouillage de s\u00e9curit\u00e9 et trois crochets de r\u00e9ception.<\/li>\n<li>Base avec couvercle en acier \u00d8 36 cm, colonne \u00d8 6,3 cm, hauteur de la colonne 58 cm.<\/li>\n<li>Poids total de la colonne : 10 kg &#8211; Le poids assure une plus grande stabilit\u00e9<\/li>\n<\/ul>\n<p>Le co\u00fbt se r\u00e9f\u00e8re \u00e0 une colonne compl\u00e8te avec un ruban de 3 m\u00e8tres.<\/p>\n<p>Possibilit\u00e9 de personnaliser le ruban sur une ou deux faces avec un lago unicolore ou multicolore (contactez-nous pour plus d&rsquo;informations).<\/p>\n<p>&nbsp;<\/p>\n<h3 style=\"text-align: center;\">\u00c9galement disponible avec des colonnes noires <strong><a href=\"https:\/\/www.smartystore.it\/fr\/prodotto\/poteau-de-balisage-noir-basse-h58\/\" target=\"_blank\" rel=\"noopener\">LIEN<\/a><\/strong><\/h3>\n<p>&nbsp;<\/p>\n<p><a href=\"https:\/\/www.smartystore.it\/v25\/wp-content\/uploads\/2026\/04\/STR-STOP51XS.pdf\" target=\"_blank\" rel=\"noopener\"><img loading=\"lazy\" decoding=\"async\" class=\"alignnone size-full wp-image-93672\" src=\"https:\/\/www.smartystore.it\/v25\/wp-content\/uploads\/2023\/11\/LogoDownload_yellow.jpg\" alt=\"\" width=\"50\" height=\"50\" \/><\/a><a href=\"https:\/\/www.smartystore.it\/v25\/wp-content\/uploads\/2026\/04\/STR-STOP51XS.pdf\" target=\"_blank\" rel=\"noopener\"><strong> FICHE TECHNIQUE<\/strong><\/a><\/p>\n<p>&nbsp;<\/p>\n","protected":false},"excerpt":{"rendered":"<p>Colonne en acier satin\u00e9 d&rsquo;une hauteur de 58 cm et ruban enrouleur de 3 m\u00e8tres disponible en 10 couleurs.<\/p>\n<p>&nbsp;<\/p>\n","protected":false},"featured_media":99135,"comment_status":"open","ping_status":"closed","template":"","meta":{"_acf_changed":false},"pwb-brand":[],"product_brand":[],"product_cat":[3078,3079],"product_tag":[7122,4258,4262,4261,6963,4273,4263,4274,7121],"class_list":{"0":"post-99098","1":"product","2":"type-product","3":"status-publish","4":"has-post-thumbnail","6":"product_cat-poteau-de-separation","7":"product_cat-poteau-de-separation-fr","8":"product_tag-borne-basse","9":"product_tag-colonne-de-marquage","10":"product_tag-colonne-de-marquise-de-3-metres","11":"product_tag-colonne-de-tension-de-bande-flexible-3-metres","12":"product_tag-piquets-avec-ruban-adhesif-amovible","13":"product_tag-poteau-de-balisage-argente","14":"product_tag-poteau-de-tension-flex-line-3-metres","15":"product_tag-poteaux-de-guidage-de-la-lime-argentee","16":"product_tag-traceur-de-voie-basse","17":"pa_c2c_color-blanc","18":"pa_c2c_color-bleu","19":"pa_c2c_color-gris","20":"pa_c2c_color-jaune","21":"pa_c2c_color-noir","22":"pa_c2c_color-noir-jaune","23":"pa_c2c_color-orange","24":"pa_c2c_color-rouge","25":"pa_c2c_color-rouge-blanc","26":"pa_c2c_color-vert","27":"pa_c2c_dimensione-3-metres","28":"pa_c2c_trovraprezzi-oui","30":"first","31":"instock","32":"taxable","33":"shipping-taxable","34":"purchasable","35":"product-type-variable"},"acf":[],"yoast_head":"<!-- This site is optimized with the Yoast SEO plugin v27.0 - https:\/\/yoast.com\/product\/yoast-seo-wordpress\/ -->\n<title>Borne basse H58 - Smarty Store Acheter au Meilleur Prix<\/title>\n<meta name=\"description\" content=\"Colonne basse H58 cm avec ruban de 3 m\u00e8tres en 10 couleurs. Possibilit\u00e9 de personnaliser le ruban. Achetez en ligne sur Smartystore.\" \/>\n<meta name=\"robots\" content=\"index, follow, max-snippet:-1, max-image-preview:large, max-video-preview:-1\" \/>\n<link rel=\"canonical\" href=\"https:\/\/www.smartystore.it\/fr\/prodotto\/borne-basse-h58\/\" \/>\n<meta property=\"og:locale\" content=\"fr_FR\" \/>\n<meta property=\"og:type\" content=\"article\" \/>\n<meta property=\"og:title\" content=\"Borne basse H58 - Smarty Store Acheter au Meilleur Prix\" \/>\n<meta property=\"og:description\" content=\"Colonne basse H58 cm avec ruban de 3 m\u00e8tres en 10 couleurs. Possibilit\u00e9 de personnaliser le ruban. Achetez en ligne sur Smartystore.\" \/>\n<meta property=\"og:url\" content=\"https:\/\/www.smartystore.it\/fr\/prodotto\/borne-basse-h58\/\" \/>\n<meta property=\"og:site_name\" content=\"Smarty Store\" \/>\n<meta property=\"article:publisher\" content=\"https:\/\/www.facebook.com\/smartystore.it\/\" \/>\n<meta property=\"article:modified_time\" content=\"2026-04-17T09:31:52+00:00\" \/>\n<meta property=\"og:image\" content=\"https:\/\/www.smartystore.it\/v25\/wp-content\/uploads\/2026\/04\/Colonnina-segnapercorso-h-58-con-nastro-3-metri.jpg\" \/>\n\t<meta property=\"og:image:width\" content=\"1000\" \/>\n\t<meta property=\"og:image:height\" content=\"1000\" \/>\n\t<meta property=\"og:image:type\" content=\"image\/jpeg\" \/>\n<meta name=\"twitter:card\" content=\"summary_large_image\" \/>\n<meta name=\"twitter:site\" content=\"@smartystore\" \/>\n<meta name=\"twitter:label1\" content=\"Dur\u00e9e de lecture estim\u00e9e\" \/>\n\t<meta name=\"twitter:data1\" content=\"4 minutes\" \/>\n<script type=\"application\/ld+json\" class=\"yoast-schema-graph\">{\"@context\":\"https:\/\/schema.org\",\"@graph\":[{\"@type\":\"WebPage\",\"@id\":\"https:\/\/www.smartystore.it\/fr\/prodotto\/borne-basse-h58\/\",\"url\":\"https:\/\/www.smartystore.it\/fr\/prodotto\/borne-basse-h58\/\",\"name\":\"Borne basse H58 - Smarty Store Acheter au Meilleur Prix\",\"isPartOf\":{\"@id\":\"https:\/\/www.smartystore.it\/fr\/#website\"},\"primaryImageOfPage\":{\"@id\":\"https:\/\/www.smartystore.it\/fr\/prodotto\/borne-basse-h58\/#primaryimage\"},\"image\":{\"@id\":\"https:\/\/www.smartystore.it\/fr\/prodotto\/borne-basse-h58\/#primaryimage\"},\"thumbnailUrl\":\"https:\/\/www.smartystore.it\/v25\/wp-content\/uploads\/2026\/04\/Colonnina-segnapercorso-h-58-con-nastro-3-metri.jpg\",\"datePublished\":\"2026-04-09T10:53:33+00:00\",\"dateModified\":\"2026-04-17T09:31:52+00:00\",\"description\":\"Colonne basse H58 cm avec ruban de 3 m\u00e8tres en 10 couleurs. Possibilit\u00e9 de personnaliser le ruban. Achetez en ligne sur Smartystore.\",\"breadcrumb\":{\"@id\":\"https:\/\/www.smartystore.it\/fr\/prodotto\/borne-basse-h58\/#breadcrumb\"},\"inLanguage\":\"fr-FR\",\"potentialAction\":[{\"@type\":\"ReadAction\",\"target\":[\"https:\/\/www.smartystore.it\/fr\/prodotto\/borne-basse-h58\/\"]}]},{\"@type\":\"ImageObject\",\"inLanguage\":\"fr-FR\",\"@id\":\"https:\/\/www.smartystore.it\/fr\/prodotto\/borne-basse-h58\/#primaryimage\",\"url\":\"https:\/\/www.smartystore.it\/v25\/wp-content\/uploads\/2026\/04\/Colonnina-segnapercorso-h-58-con-nastro-3-metri.jpg\",\"contentUrl\":\"https:\/\/www.smartystore.it\/v25\/wp-content\/uploads\/2026\/04\/Colonnina-segnapercorso-h-58-con-nastro-3-metri.jpg\",\"width\":1000,\"height\":1000,\"caption\":\"Colonne de marquage H58\"},{\"@type\":\"BreadcrumbList\",\"@id\":\"https:\/\/www.smartystore.it\/fr\/prodotto\/borne-basse-h58\/#breadcrumb\",\"itemListElement\":[{\"@type\":\"ListItem\",\"position\":1,\"name\":\"Accueil\",\"item\":\"https:\/\/www.smartystore.it\/fr\/\"},{\"@type\":\"ListItem\",\"position\":2,\"name\":\"Boutique\",\"item\":\"https:\/\/www.smartystore.it\/fr\/boutique\/\"},{\"@type\":\"ListItem\",\"position\":3,\"name\":\"Borne basse H58\"}]},{\"@type\":\"WebSite\",\"@id\":\"https:\/\/www.smartystore.it\/fr\/#website\",\"url\":\"https:\/\/www.smartystore.it\/fr\/\",\"name\":\"Smarty Store\",\"description\":\"Espositori Pubblicitari e Sistemi di Comunicazione Visiva\",\"potentialAction\":[{\"@type\":\"SearchAction\",\"target\":{\"@type\":\"EntryPoint\",\"urlTemplate\":\"https:\/\/www.smartystore.it\/fr\/?s={search_term_string}\"},\"query-input\":{\"@type\":\"PropertyValueSpecification\",\"valueRequired\":true,\"valueName\":\"search_term_string\"}}],\"inLanguage\":\"fr-FR\"}]}<\/script>\n<!-- \/ Yoast SEO plugin. -->","yoast_head_json":{"title":"Borne basse H58 - Smarty Store Acheter au Meilleur Prix","description":"Colonne basse H58 cm avec ruban de 3 m\u00e8tres en 10 couleurs. Possibilit\u00e9 de personnaliser le ruban. Achetez en ligne sur Smartystore.","robots":{"index":"index","follow":"follow","max-snippet":"max-snippet:-1","max-image-preview":"max-image-preview:large","max-video-preview":"max-video-preview:-1"},"canonical":"https:\/\/www.smartystore.it\/fr\/prodotto\/borne-basse-h58\/","og_locale":"fr_FR","og_type":"article","og_title":"Borne basse H58 - Smarty Store Acheter au Meilleur Prix","og_description":"Colonne basse H58 cm avec ruban de 3 m\u00e8tres en 10 couleurs. Possibilit\u00e9 de personnaliser le ruban. Achetez en ligne sur Smartystore.","og_url":"https:\/\/www.smartystore.it\/fr\/prodotto\/borne-basse-h58\/","og_site_name":"Smarty Store","article_publisher":"https:\/\/www.facebook.com\/smartystore.it\/","article_modified_time":"2026-04-17T09:31:52+00:00","og_image":[{"width":1000,"height":1000,"url":"https:\/\/www.smartystore.it\/v25\/wp-content\/uploads\/2026\/04\/Colonnina-segnapercorso-h-58-con-nastro-3-metri.jpg","type":"image\/jpeg"}],"twitter_card":"summary_large_image","twitter_site":"@smartystore","twitter_misc":{"Dur\u00e9e de lecture estim\u00e9e":"4 minutes"},"schema":{"@context":"https:\/\/schema.org","@graph":[{"@type":"WebPage","@id":"https:\/\/www.smartystore.it\/fr\/prodotto\/borne-basse-h58\/","url":"https:\/\/www.smartystore.it\/fr\/prodotto\/borne-basse-h58\/","name":"Borne basse H58 - Smarty Store Acheter au Meilleur Prix","isPartOf":{"@id":"https:\/\/www.smartystore.it\/fr\/#website"},"primaryImageOfPage":{"@id":"https:\/\/www.smartystore.it\/fr\/prodotto\/borne-basse-h58\/#primaryimage"},"image":{"@id":"https:\/\/www.smartystore.it\/fr\/prodotto\/borne-basse-h58\/#primaryimage"},"thumbnailUrl":"https:\/\/www.smartystore.it\/v25\/wp-content\/uploads\/2026\/04\/Colonnina-segnapercorso-h-58-con-nastro-3-metri.jpg","datePublished":"2026-04-09T10:53:33+00:00","dateModified":"2026-04-17T09:31:52+00:00","description":"Colonne basse H58 cm avec ruban de 3 m\u00e8tres en 10 couleurs. Possibilit\u00e9 de personnaliser le ruban. Achetez en ligne sur Smartystore.","breadcrumb":{"@id":"https:\/\/www.smartystore.it\/fr\/prodotto\/borne-basse-h58\/#breadcrumb"},"inLanguage":"fr-FR","potentialAction":[{"@type":"ReadAction","target":["https:\/\/www.smartystore.it\/fr\/prodotto\/borne-basse-h58\/"]}]},{"@type":"ImageObject","inLanguage":"fr-FR","@id":"https:\/\/www.smartystore.it\/fr\/prodotto\/borne-basse-h58\/#primaryimage","url":"https:\/\/www.smartystore.it\/v25\/wp-content\/uploads\/2026\/04\/Colonnina-segnapercorso-h-58-con-nastro-3-metri.jpg","contentUrl":"https:\/\/www.smartystore.it\/v25\/wp-content\/uploads\/2026\/04\/Colonnina-segnapercorso-h-58-con-nastro-3-metri.jpg","width":1000,"height":1000,"caption":"Colonne de marquage H58"},{"@type":"BreadcrumbList","@id":"https:\/\/www.smartystore.it\/fr\/prodotto\/borne-basse-h58\/#breadcrumb","itemListElement":[{"@type":"ListItem","position":1,"name":"Accueil","item":"https:\/\/www.smartystore.it\/fr\/"},{"@type":"ListItem","position":2,"name":"Boutique","item":"https:\/\/www.smartystore.it\/fr\/boutique\/"},{"@type":"ListItem","position":3,"name":"Borne basse H58"}]},{"@type":"WebSite","@id":"https:\/\/www.smartystore.it\/fr\/#website","url":"https:\/\/www.smartystore.it\/fr\/","name":"Smarty Store","description":"Espositori Pubblicitari e Sistemi di Comunicazione Visiva","potentialAction":[{"@type":"SearchAction","target":{"@type":"EntryPoint","urlTemplate":"https:\/\/www.smartystore.it\/fr\/?s={search_term_string}"},"query-input":{"@type":"PropertyValueSpecification","valueRequired":true,"valueName":"search_term_string"}}],"inLanguage":"fr-FR"}]}},"brands":[],"_links":{"self":[{"href":"https:\/\/www.smartystore.it\/fr\/wp-json\/wp\/v2\/product\/99098","targetHints":{"allow":["GET"]}}],"collection":[{"href":"https:\/\/www.smartystore.it\/fr\/wp-json\/wp\/v2\/product"}],"about":[{"href":"https:\/\/www.smartystore.it\/fr\/wp-json\/wp\/v2\/types\/product"}],"replies":[{"embeddable":true,"href":"https:\/\/www.smartystore.it\/fr\/wp-json\/wp\/v2\/comments?post=99098"}],"wp:featuredmedia":[{"embeddable":true,"href":"https:\/\/www.smartystore.it\/fr\/wp-json\/wp\/v2\/media\/99135"}],"wp:attachment":[{"href":"https:\/\/www.smartystore.it\/fr\/wp-json\/wp\/v2\/media?parent=99098"}],"wp:term":[{"taxonomy":"pwb-brand","embeddable":true,"href":"https:\/\/www.smartystore.it\/fr\/wp-json\/wp\/v2\/pwb-brand?post=99098"},{"taxonomy":"product_brand","embeddable":true,"href":"https:\/\/www.smartystore.it\/fr\/wp-json\/wp\/v2\/product_brand?post=99098"},{"taxonomy":"product_cat","embeddable":true,"href":"https:\/\/www.smartystore.it\/fr\/wp-json\/wp\/v2\/product_cat?post=99098"},{"taxonomy":"product_tag","embeddable":true,"href":"https:\/\/www.smartystore.it\/fr\/wp-json\/wp\/v2\/product_tag?post=99098"}],"curies":[{"name":"wp","href":"https:\/\/api.w.org\/{rel}","templated":true}]}}