{"id":99077,"date":"2016-07-08T17:47:45","date_gmt":"2016-07-08T15:47:45","guid":{"rendered":"https:\/\/www.smartystore.it\/prodotto\/panneau-daffichage-exterieur-led-27xa4\/"},"modified":"2026-04-09T11:05:21","modified_gmt":"2026-04-09T09:05:21","slug":"panneau-daffichage-exterieur-led-27xa4","status":"publish","type":"product","link":"https:\/\/www.smartystore.it\/fr\/prodotto\/panneau-daffichage-exterieur-led-27xa4\/","title":{"rendered":"Panneau d&rsquo;affichage ext\u00e9rieur LED 27xA4"},"content":{"rendered":"<div class=\"wpb-content-wrapper\"><p>[vc_row][vc_column][vc_column_text css=\u00a0\u00bb\u00a0\u00bb css_params=\u00a0\u00bb\u00a0\u00bb]<\/p>\n<h1>Tableau d&rsquo;affichage ext\u00e9rieur LED 27xA4 : Qualit\u00e9, s\u00e9curit\u00e9 et fonctionnalit\u00e9<\/h1>\n<p>Le panneau d&rsquo;affichage ext\u00e9rieur 27xA4 LED est la solution id\u00e9ale pour ceux qui souhaitent un \u00e9l\u00e9ment d&rsquo;affichage robuste, \u00e9l\u00e9gant et fonctionnel, adapt\u00e9 \u00e0 une installation dans des environnements ext\u00e9rieurs soumis \u00e0 diff\u00e9rentes conditions climatiques. Ce produit, <strong>certifi\u00e9 conforme aux normes europ\u00e9ennes IP56<\/strong> pour l&rsquo;affichage ext\u00e9rieur, garantit une r\u00e9sistance \u00e0 la poussi\u00e8re et aux jets d&rsquo;eau, assurant ainsi une longue dur\u00e9e de vie et une protection fiable des objets expos\u00e9s.<\/p>\n<p>Fabriqu\u00e9 en profil\u00e9s d&rsquo;aluminium extrud\u00e9 de haute qualit\u00e9 et caract\u00e9ris\u00e9 par des bords arrondis, le cadre allie solidit\u00e9 et design moderne. Le profil de 63 mm conf\u00e8re \u00e9galement de la stabilit\u00e9 au cadre, tandis que la surface int\u00e9rieure est constitu\u00e9e d&rsquo;un dos magn\u00e9tique inscriptible et effa\u00e7able en t\u00f4le blanche, id\u00e9al pour une mise \u00e0 jour fr\u00e9quente et rapide des communications.<\/p>\n<p>Le panneau d&rsquo;affichage est \u00e9quip\u00e9 d&rsquo;une grande <strong>ouverture \u00e0 rabat verrouillable<\/strong>, qui permet un acc\u00e8s facile au contenu et assure la s\u00e9curit\u00e9 gr\u00e2ce \u00e0 la fourniture de 2 cl\u00e9s. La protection frontale est en <strong>verre tremp\u00e9<\/strong>, qui allie transparence et robustesse contre les chocs et les intemp\u00e9ries.<\/p>\n<h2>Tableau d&rsquo;affichage ext\u00e9rieur \u00e0 LED 27xA4 : tr\u00e8s lisible m\u00eame la nuit<\/h2>\n<p>L&rsquo;un des principaux atouts de ce mod\u00e8le est l&rsquo;<strong>\u00e9clairage interne par LED<\/strong>, avec <strong>transformateur int\u00e9gr\u00e9<\/strong>. Ce syst\u00e8me garantit une visibilit\u00e9 optimale des documents affich\u00e9s, m\u00eame dans des conditions de faible luminosit\u00e9 ou pendant les heures du soir, am\u00e9liorant ainsi chaque communication gr\u00e2ce \u00e0 un \u00e9clairage uniforme et \u00e9conome en \u00e9nergie.<\/p>\n<p>Pour s&rsquo;adapter aux diff\u00e9rentes exigences d&rsquo;installation, le tableau d&rsquo;affichage peut \u00eatre accompagn\u00e9 de <strong>montants en aluminium<\/strong> anodis\u00e9, disponibles en deux variantes. La paire de montants \u00e0 base carr\u00e9e est con\u00e7ue pour \u00eatre fix\u00e9e au sol, avec une hauteur totale de 200 cm, id\u00e9ale pour un positionnement stable et visible. Il est \u00e9galement possible d&rsquo;opter pour la paire de montants \u00e0 enterrer, d&rsquo;une hauteur totale de 250 cm, dont 50 cm \u00e0 enterrer pour une plus grande solidit\u00e9 structurelle.<\/p>\n<p>En r\u00e9sum\u00e9, le panneau d&rsquo;affichage ext\u00e9rieur \u00e0 LED 27xA4 est un produit complet, s\u00fbr et polyvalent, parfait pour les diff\u00e9rents modes de communication ext\u00e9rieure publique ou priv\u00e9e, dont les mat\u00e9riaux s\u00e9lectionn\u00e9s et les certifications europ\u00e9ennes attestent de sa fiabilit\u00e9 m\u00eame dans les conditions les plus exigeantes.<\/p>\n<h3>Caract\u00e9ristiques<\/h3>\n<div>\n<p>Couleurs disponibles :<\/p>\n<ul>\n<li><a href=\"https:\/\/www.smartystore.it\/v25\/wp-content\/uploads\/2013\/10\/Grigio-silver-1.jpg\"><img loading=\"lazy\" decoding=\"async\" class=\"alignnone size-full wp-image-93852\" src=\"https:\/\/www.smartystore.it\/v25\/wp-content\/uploads\/2013\/10\/Grigio-silver-1.jpg\" alt=\"\" width=\"70\" height=\"40\" \/><\/a> gris argent\u00e9 (RAL 9006)<\/li>\n<li><a href=\"https:\/\/www.smartystore.it\/v25\/wp-content\/uploads\/2013\/10\/Grigio-gotico-1.jpg\"><img loading=\"lazy\" decoding=\"async\" class=\"alignnone size-full wp-image-93855\" src=\"https:\/\/www.smartystore.it\/v25\/wp-content\/uploads\/2013\/10\/Grigio-gotico-1.jpg\" alt=\"\" width=\"70\" height=\"40\" \/><\/a> gris anthracite (RAL 7016)<\/li>\n<\/ul>\n<div>\n<ul>\n<li>Eclairage int\u00e9rieur LED avec transformateur int\u00e9gr\u00e9.<\/li>\n<li>Surface int\u00e9rieure (LxH) : 199,8 x 94,0 cm pour 27 feuilles A4 (feuille A4 : 21&#215;29,7 cm)<\/li>\n<li>Dimensions (LxHxP) : 212,5 x 106,7 x 47 cm<\/li>\n<\/ul>\n<\/div>\n<p><strong>Les tableaux d&rsquo;affichage sont certifi\u00e9s par l&rsquo;Europe pour une exposition ext\u00e9rieure IP56. <\/strong><\/p>\n<\/div>\n<p>Lors de la commande, il est \u00e9galement possible d&rsquo;ajouter au panneau d&rsquo;affichage ext\u00e9rieur avec \u00e9clairage LED 27xA4 les montants entre eux :<\/p>\n<ul>\n<li>Paire de montants en aluminium anodis\u00e9 avec bases carr\u00e9es pr\u00e9par\u00e9es pour la fixation au sol : hauteur totale des montants H 200 cm.<\/li>\n<li>Paire de montants en aluminium \u00e0 enterrer : hauteur totale des montants H 250 cm. (les montants doivent \u00eatre enterr\u00e9s sur 50 cm).<\/li>\n<\/ul>\n<p><strong><a href=\"https:\/\/www.smartystore.it\/v25\/wp-content\/uploads\/2013\/10\/bacheche-linea-city-da-esterno-certificate-ip56_70x70.jpg\"><img loading=\"lazy\" decoding=\"async\" class=\"alignnone size-full wp-image-93843\" src=\"https:\/\/www.smartystore.it\/v25\/wp-content\/uploads\/2013\/10\/bacheche-linea-city-da-esterno-certificate-ip56_70x70.jpg\" alt=\"\" width=\"70\" height=\"70\" \/><\/a><\/strong><\/p>\n<p>&nbsp;<\/p>\n<h3 style=\"text-align: center;\">Pour voir tous les mod\u00e8les de panneaux d&rsquo;affichage ext\u00e9rieurs, suivez ce <span style=\"color: #ff0000;\"><strong><a style=\"color: #ff0000;\" href=\"https:\/\/www.smartystore.it\/fr\/categoria-prodotto\/tableaux-de-messages\/panneaux-daffichage-exterieurs\/?count=36&#038;paged=\">LIEN<\/a><\/strong><\/span><\/h3>\n<p>&nbsp;<\/p>\n<table style=\"width: 675px; border-collapse: collapse; border-style: double; border-color: #f7a500; height: 76px;\">\n<tbody>\n<tr>\n<td style=\"width: 5.23658%; border-style: double; border-color: #f7a500; text-align: center;\"><a href=\"https:\/\/www.smartystore.it\/v25\/wp-content\/uploads\/2024\/08\/STR-CITY101-102-103-104-105-106-107-108-109-110LED.pdf\" target=\"_blank\" rel=\"noopener\"><img loading=\"lazy\" decoding=\"async\" class=\"alignnone size-full wp-image-93672\" src=\"https:\/\/www.smartystore.it\/v25\/wp-content\/uploads\/2023\/11\/LogoDownload_yellow.jpg\" alt=\"\" width=\"50\" height=\"50\" \/><\/a><\/td>\n<td style=\"width: 27.0376%;\"><a href=\"https:\/\/www.smartystore.it\/v25\/wp-content\/uploads\/2024\/08\/STR-CITY101-102-103-104-105-106-107-108-109-110LED.pdf\" target=\"_blank\" rel=\"noopener\"><strong>FICHE TECHNIQUE<\/strong><\/a><\/td>\n<\/tr>\n<tr>\n<td style=\"width: 5.23658%; border-style: double; border-color: #f7a500; text-align: center;\"><a href=\"https:\/\/www.smartystore.it\/v25\/wp-content\/uploads\/2023\/05\/STR-CITY120-121_7016.pdf\" target=\"_blank\" rel=\"noopener\"><img loading=\"lazy\" decoding=\"async\" class=\"alignnone size-full wp-image-93672\" src=\"https:\/\/www.smartystore.it\/v25\/wp-content\/uploads\/2023\/11\/LogoDownload_yellow.jpg\" alt=\"\" width=\"50\" height=\"50\" \/><\/a><\/td>\n<td style=\"width: 27.0376%;\"><a href=\"https:\/\/www.smartystore.it\/v25\/wp-content\/uploads\/2023\/05\/STR-CITY120-121_7016.pdf\" target=\"_blank\" rel=\"noopener\"><strong>FICHE TECHNIQUE DES M\u00c2TS<\/strong><\/a><\/td>\n<\/tr>\n<\/tbody>\n<\/table>\n<p>&nbsp;<\/p>\n<p>[\/vc_column_text][\/vc_column][\/vc_row]<\/p>\n<\/div>","protected":false},"excerpt":{"rendered":"<p>Tableau d&rsquo;affichage ext\u00e9rieur avec profil\u00e9s en aluminium et \u00e9clairage lat\u00e9ral LED pouvant contenir jusqu&rsquo;\u00e0 27 feuilles A4. Disponible en argent et gris anthracite et avec une paire de montants.<\/p>\n","protected":false},"featured_media":99083,"comment_status":"open","ping_status":"closed","template":"","meta":{"_acf_changed":false},"pwb-brand":[],"product_brand":[],"product_cat":[2999,2997],"product_tag":[6171,6161,6959,6162,6602,6958,6552,6165,6163,6553,6554,6164],"class_list":{"0":"post-99077","1":"product","2":"type-product","3":"status-publish","4":"has-post-thumbnail","6":"product_cat-panneaux-daffichage-exterieurs","7":"product_cat-tableaux-de-messages","8":"product_tag-panneau-daffichage","9":"product_tag-panneau-daffichage-exterieur-2","10":"product_tag-panneau-daffichage-exterieur-led-27xa4","11":"product_tag-panneaux-daffichage-exterieurs","12":"product_tag-panneaux-daffichage-exterieurs-autoportants","13":"product_tag-tableau-daffichage-avec-fond-inscriptible","14":"product_tag-tableau-daffichage-avec-fond-metallique-pour-aimants","15":"product_tag-tableau-daffichage-avec-ouverture-a-rabat","16":"product_tag-tableau-daffichage-certifie-ip56","17":"product_tag-tableau-daffichage-de-differentes-tailles","18":"product_tag-tableau-daffichage-interieur","19":"product_tag-vitrines-a-rabat","20":"pa_c2c_color-argent","21":"pa_c2c_color-gris-gothique","22":"pa_c2c_dimensione-27-x-a4","23":"pa_c2c_illuminazione-avec-eclairage","24":"pa_c2c_mono_bifacciale-simple-face","25":"pa_c2c_montanti-non","26":"pa_c2c_montanti-pour-lenterrement","27":"pa_c2c_montanti-pour-la-fixation-au-sol","28":"pa_c2c_seo_canonical_url-https-www-smartystore-it-bacheche-bacheche-da-esterno","29":"pa_c2c_trovraprezzi-oui","31":"first","32":"instock","33":"taxable","34":"shipping-taxable","35":"purchasable","36":"product-type-variable"},"acf":[],"yoast_head":"<!-- This site is optimized with the Yoast SEO plugin v27.0 - https:\/\/yoast.com\/product\/yoast-seo-wordpress\/ -->\n<title>Panneau d&#039;affichage ext\u00e9rieur LED 27xA4 - Smarty Store Au Meilleur Prix<\/title>\n<meta name=\"description\" content=\"Tableau d&#039;affichage ext\u00e9rieur LED 27xA4. D\u00e9couvrez sur Smartystore tous les tableaux d&#039;affichage ext\u00e9rieur en aluminium qui sont id\u00e9aux pour la promotion et la publicit\u00e9 de votre entreprise.\" \/>\n<meta name=\"robots\" content=\"index, follow, max-snippet:-1, max-image-preview:large, max-video-preview:-1\" \/>\n<link rel=\"canonical\" href=\"https:\/\/www.smartystore.it\/fr\/prodotto\/panneau-daffichage-exterieur-led-27xa4\/\" \/>\n<meta property=\"og:locale\" content=\"fr_FR\" \/>\n<meta property=\"og:type\" content=\"article\" \/>\n<meta property=\"og:title\" content=\"Panneau d&#039;affichage ext\u00e9rieur LED 27xA4 - Smarty Store Au Meilleur Prix\" \/>\n<meta property=\"og:description\" content=\"Tableau d&#039;affichage ext\u00e9rieur LED 27xA4. D\u00e9couvrez sur Smartystore tous les tableaux d&#039;affichage ext\u00e9rieur en aluminium qui sont id\u00e9aux pour la promotion et la publicit\u00e9 de votre entreprise.\" \/>\n<meta property=\"og:url\" content=\"https:\/\/www.smartystore.it\/fr\/prodotto\/panneau-daffichage-exterieur-led-27xa4\/\" \/>\n<meta property=\"og:site_name\" content=\"Smarty Store\" \/>\n<meta property=\"article:publisher\" content=\"https:\/\/www.facebook.com\/smartystore.it\/\" \/>\n<meta property=\"article:modified_time\" content=\"2026-04-09T09:05:21+00:00\" \/>\n<meta property=\"og:image\" content=\"https:\/\/www.smartystore.it\/v25\/wp-content\/uploads\/2016\/07\/Bacheca-da-esterno-led-27xa4-con-certificazione-IP56-e-apertura-a-ribalta-disponibile-in-grigio-gotico-e-silver-1.jpg\" \/>\n\t<meta property=\"og:image:width\" content=\"1000\" \/>\n\t<meta property=\"og:image:height\" content=\"1000\" \/>\n\t<meta property=\"og:image:type\" content=\"image\/jpeg\" \/>\n<meta name=\"twitter:card\" content=\"summary_large_image\" \/>\n<meta name=\"twitter:site\" content=\"@smartystore\" \/>\n<meta name=\"twitter:label1\" content=\"Dur\u00e9e de lecture estim\u00e9e\" \/>\n\t<meta name=\"twitter:data1\" content=\"4 minutes\" \/>\n<script type=\"application\/ld+json\" class=\"yoast-schema-graph\">{\"@context\":\"https:\/\/schema.org\",\"@graph\":[{\"@type\":\"WebPage\",\"@id\":\"https:\/\/www.smartystore.it\/fr\/prodotto\/panneau-daffichage-exterieur-led-27xa4\/\",\"url\":\"https:\/\/www.smartystore.it\/fr\/prodotto\/panneau-daffichage-exterieur-led-27xa4\/\",\"name\":\"Panneau d'affichage ext\u00e9rieur LED 27xA4 - Smarty Store Au Meilleur Prix\",\"isPartOf\":{\"@id\":\"https:\/\/www.smartystore.it\/fr\/#website\"},\"primaryImageOfPage\":{\"@id\":\"https:\/\/www.smartystore.it\/fr\/prodotto\/panneau-daffichage-exterieur-led-27xa4\/#primaryimage\"},\"image\":{\"@id\":\"https:\/\/www.smartystore.it\/fr\/prodotto\/panneau-daffichage-exterieur-led-27xa4\/#primaryimage\"},\"thumbnailUrl\":\"https:\/\/www.smartystore.it\/v25\/wp-content\/uploads\/2016\/07\/Bacheca-da-esterno-led-27xa4-con-certificazione-IP56-e-apertura-a-ribalta-disponibile-in-grigio-gotico-e-silver-1.jpg\",\"datePublished\":\"2016-07-08T15:47:45+00:00\",\"dateModified\":\"2026-04-09T09:05:21+00:00\",\"description\":\"Tableau d'affichage ext\u00e9rieur LED 27xA4. D\u00e9couvrez sur Smartystore tous les tableaux d'affichage ext\u00e9rieur en aluminium qui sont id\u00e9aux pour la promotion et la publicit\u00e9 de votre entreprise.\",\"breadcrumb\":{\"@id\":\"https:\/\/www.smartystore.it\/fr\/prodotto\/panneau-daffichage-exterieur-led-27xa4\/#breadcrumb\"},\"inLanguage\":\"fr-FR\",\"potentialAction\":[{\"@type\":\"ReadAction\",\"target\":[\"https:\/\/www.smartystore.it\/fr\/prodotto\/panneau-daffichage-exterieur-led-27xa4\/\"]}]},{\"@type\":\"ImageObject\",\"inLanguage\":\"fr-FR\",\"@id\":\"https:\/\/www.smartystore.it\/fr\/prodotto\/panneau-daffichage-exterieur-led-27xa4\/#primaryimage\",\"url\":\"https:\/\/www.smartystore.it\/v25\/wp-content\/uploads\/2016\/07\/Bacheca-da-esterno-led-27xa4-con-certificazione-IP56-e-apertura-a-ribalta-disponibile-in-grigio-gotico-e-silver-1.jpg\",\"contentUrl\":\"https:\/\/www.smartystore.it\/v25\/wp-content\/uploads\/2016\/07\/Bacheca-da-esterno-led-27xa4-con-certificazione-IP56-e-apertura-a-ribalta-disponibile-in-grigio-gotico-e-silver-1.jpg\",\"width\":1000,\"height\":1000,\"caption\":\"Panneau d'affichage ext\u00e9rieur LED 27xA4\"},{\"@type\":\"BreadcrumbList\",\"@id\":\"https:\/\/www.smartystore.it\/fr\/prodotto\/panneau-daffichage-exterieur-led-27xa4\/#breadcrumb\",\"itemListElement\":[{\"@type\":\"ListItem\",\"position\":1,\"name\":\"Accueil\",\"item\":\"https:\/\/www.smartystore.it\/fr\/\"},{\"@type\":\"ListItem\",\"position\":2,\"name\":\"Boutique\",\"item\":\"https:\/\/www.smartystore.it\/fr\/boutique\/\"},{\"@type\":\"ListItem\",\"position\":3,\"name\":\"Panneau d&#8217;affichage ext\u00e9rieur LED 27xA4\"}]},{\"@type\":\"WebSite\",\"@id\":\"https:\/\/www.smartystore.it\/fr\/#website\",\"url\":\"https:\/\/www.smartystore.it\/fr\/\",\"name\":\"Smarty Store\",\"description\":\"Espositori Pubblicitari e Sistemi di Comunicazione Visiva\",\"potentialAction\":[{\"@type\":\"SearchAction\",\"target\":{\"@type\":\"EntryPoint\",\"urlTemplate\":\"https:\/\/www.smartystore.it\/fr\/?s={search_term_string}\"},\"query-input\":{\"@type\":\"PropertyValueSpecification\",\"valueRequired\":true,\"valueName\":\"search_term_string\"}}],\"inLanguage\":\"fr-FR\"}]}<\/script>\n<!-- \/ Yoast SEO plugin. -->","yoast_head_json":{"title":"Panneau d'affichage ext\u00e9rieur LED 27xA4 - Smarty Store Au Meilleur Prix","description":"Tableau d'affichage ext\u00e9rieur LED 27xA4. D\u00e9couvrez sur Smartystore tous les tableaux d'affichage ext\u00e9rieur en aluminium qui sont id\u00e9aux pour la promotion et la publicit\u00e9 de votre entreprise.","robots":{"index":"index","follow":"follow","max-snippet":"max-snippet:-1","max-image-preview":"max-image-preview:large","max-video-preview":"max-video-preview:-1"},"canonical":"https:\/\/www.smartystore.it\/fr\/prodotto\/panneau-daffichage-exterieur-led-27xa4\/","og_locale":"fr_FR","og_type":"article","og_title":"Panneau d'affichage ext\u00e9rieur LED 27xA4 - Smarty Store Au Meilleur Prix","og_description":"Tableau d'affichage ext\u00e9rieur LED 27xA4. D\u00e9couvrez sur Smartystore tous les tableaux d'affichage ext\u00e9rieur en aluminium qui sont id\u00e9aux pour la promotion et la publicit\u00e9 de votre entreprise.","og_url":"https:\/\/www.smartystore.it\/fr\/prodotto\/panneau-daffichage-exterieur-led-27xa4\/","og_site_name":"Smarty Store","article_publisher":"https:\/\/www.facebook.com\/smartystore.it\/","article_modified_time":"2026-04-09T09:05:21+00:00","og_image":[{"width":1000,"height":1000,"url":"https:\/\/www.smartystore.it\/v25\/wp-content\/uploads\/2016\/07\/Bacheca-da-esterno-led-27xa4-con-certificazione-IP56-e-apertura-a-ribalta-disponibile-in-grigio-gotico-e-silver-1.jpg","type":"image\/jpeg"}],"twitter_card":"summary_large_image","twitter_site":"@smartystore","twitter_misc":{"Dur\u00e9e de lecture estim\u00e9e":"4 minutes"},"schema":{"@context":"https:\/\/schema.org","@graph":[{"@type":"WebPage","@id":"https:\/\/www.smartystore.it\/fr\/prodotto\/panneau-daffichage-exterieur-led-27xa4\/","url":"https:\/\/www.smartystore.it\/fr\/prodotto\/panneau-daffichage-exterieur-led-27xa4\/","name":"Panneau d'affichage ext\u00e9rieur LED 27xA4 - Smarty Store Au Meilleur Prix","isPartOf":{"@id":"https:\/\/www.smartystore.it\/fr\/#website"},"primaryImageOfPage":{"@id":"https:\/\/www.smartystore.it\/fr\/prodotto\/panneau-daffichage-exterieur-led-27xa4\/#primaryimage"},"image":{"@id":"https:\/\/www.smartystore.it\/fr\/prodotto\/panneau-daffichage-exterieur-led-27xa4\/#primaryimage"},"thumbnailUrl":"https:\/\/www.smartystore.it\/v25\/wp-content\/uploads\/2016\/07\/Bacheca-da-esterno-led-27xa4-con-certificazione-IP56-e-apertura-a-ribalta-disponibile-in-grigio-gotico-e-silver-1.jpg","datePublished":"2016-07-08T15:47:45+00:00","dateModified":"2026-04-09T09:05:21+00:00","description":"Tableau d'affichage ext\u00e9rieur LED 27xA4. D\u00e9couvrez sur Smartystore tous les tableaux d'affichage ext\u00e9rieur en aluminium qui sont id\u00e9aux pour la promotion et la publicit\u00e9 de votre entreprise.","breadcrumb":{"@id":"https:\/\/www.smartystore.it\/fr\/prodotto\/panneau-daffichage-exterieur-led-27xa4\/#breadcrumb"},"inLanguage":"fr-FR","potentialAction":[{"@type":"ReadAction","target":["https:\/\/www.smartystore.it\/fr\/prodotto\/panneau-daffichage-exterieur-led-27xa4\/"]}]},{"@type":"ImageObject","inLanguage":"fr-FR","@id":"https:\/\/www.smartystore.it\/fr\/prodotto\/panneau-daffichage-exterieur-led-27xa4\/#primaryimage","url":"https:\/\/www.smartystore.it\/v25\/wp-content\/uploads\/2016\/07\/Bacheca-da-esterno-led-27xa4-con-certificazione-IP56-e-apertura-a-ribalta-disponibile-in-grigio-gotico-e-silver-1.jpg","contentUrl":"https:\/\/www.smartystore.it\/v25\/wp-content\/uploads\/2016\/07\/Bacheca-da-esterno-led-27xa4-con-certificazione-IP56-e-apertura-a-ribalta-disponibile-in-grigio-gotico-e-silver-1.jpg","width":1000,"height":1000,"caption":"Panneau d'affichage ext\u00e9rieur LED 27xA4"},{"@type":"BreadcrumbList","@id":"https:\/\/www.smartystore.it\/fr\/prodotto\/panneau-daffichage-exterieur-led-27xa4\/#breadcrumb","itemListElement":[{"@type":"ListItem","position":1,"name":"Accueil","item":"https:\/\/www.smartystore.it\/fr\/"},{"@type":"ListItem","position":2,"name":"Boutique","item":"https:\/\/www.smartystore.it\/fr\/boutique\/"},{"@type":"ListItem","position":3,"name":"Panneau d&#8217;affichage ext\u00e9rieur LED 27xA4"}]},{"@type":"WebSite","@id":"https:\/\/www.smartystore.it\/fr\/#website","url":"https:\/\/www.smartystore.it\/fr\/","name":"Smarty Store","description":"Espositori Pubblicitari e Sistemi di Comunicazione Visiva","potentialAction":[{"@type":"SearchAction","target":{"@type":"EntryPoint","urlTemplate":"https:\/\/www.smartystore.it\/fr\/?s={search_term_string}"},"query-input":{"@type":"PropertyValueSpecification","valueRequired":true,"valueName":"search_term_string"}}],"inLanguage":"fr-FR"}]}},"brands":[],"_links":{"self":[{"href":"https:\/\/www.smartystore.it\/fr\/wp-json\/wp\/v2\/product\/99077","targetHints":{"allow":["GET"]}}],"collection":[{"href":"https:\/\/www.smartystore.it\/fr\/wp-json\/wp\/v2\/product"}],"about":[{"href":"https:\/\/www.smartystore.it\/fr\/wp-json\/wp\/v2\/types\/product"}],"replies":[{"embeddable":true,"href":"https:\/\/www.smartystore.it\/fr\/wp-json\/wp\/v2\/comments?post=99077"}],"wp:featuredmedia":[{"embeddable":true,"href":"https:\/\/www.smartystore.it\/fr\/wp-json\/wp\/v2\/media\/99083"}],"wp:attachment":[{"href":"https:\/\/www.smartystore.it\/fr\/wp-json\/wp\/v2\/media?parent=99077"}],"wp:term":[{"taxonomy":"pwb-brand","embeddable":true,"href":"https:\/\/www.smartystore.it\/fr\/wp-json\/wp\/v2\/pwb-brand?post=99077"},{"taxonomy":"product_brand","embeddable":true,"href":"https:\/\/www.smartystore.it\/fr\/wp-json\/wp\/v2\/product_brand?post=99077"},{"taxonomy":"product_cat","embeddable":true,"href":"https:\/\/www.smartystore.it\/fr\/wp-json\/wp\/v2\/product_cat?post=99077"},{"taxonomy":"product_tag","embeddable":true,"href":"https:\/\/www.smartystore.it\/fr\/wp-json\/wp\/v2\/product_tag?post=99077"}],"curies":[{"name":"wp","href":"https:\/\/api.w.org\/{rel}","templated":true}]}}