{"id":99046,"date":"2018-12-14T17:44:19","date_gmt":"2018-12-14T17:44:19","guid":{"rendered":"https:\/\/www.smartystore.it\/prodotto\/totem-sandwich-80x190-avec-base-en-metal\/"},"modified":"2026-04-02T16:21:56","modified_gmt":"2026-04-02T14:21:56","slug":"totem-sandwich-80x190-avec-base-en-metal","status":"publish","type":"product","link":"https:\/\/www.smartystore.it\/fr\/prodotto\/totem-sandwich-80x190-avec-base-en-metal\/","title":{"rendered":"Totem sandwich 80&#215;190 avec base en m\u00e9tal"},"content":{"rendered":"<div class=\"wpb-content-wrapper\"><p>[vc_row][vc_column][vc_column_text css=\u00a0\u00bb\u00a0\u00bb css_params=\u00a0\u00bb\u00a0\u00bb]<\/p>\n<h1>Totem sandwich 80&#215;190 avec base en m\u00e9tal : L\u00e9g\u00e8ret\u00e9 et stabilit\u00e9<\/h1>\n<p>Le Totem Sandwich 80&#215;190 avec base m\u00e9tallique est une solution id\u00e9ale pour ceux qui ont besoin d&rsquo;un affichage publicitaire stable, l\u00e9ger et de haute qualit\u00e9. Fabriqu\u00e9 \u00e0 partir d&rsquo;un panneau sandwich, ce totem combine deux surfaces externes en PVC avec un noyau interne en mousse. Cette composition garantit un produit final caract\u00e9ris\u00e9 par une <strong>rigidit\u00e9 et une l\u00e9g\u00e8ret\u00e9 remarquables<\/strong>. En outre, le panneau se distingue par ses excellentes performances d&rsquo;impression et sa <strong>r\u00e9sistance \u00e0 l&rsquo;humidit\u00e9 et \u00e0 la d\u00e9formation<\/strong>, ce qui garantit un aspect professionnel m\u00eame dans des environnements soumis \u00e0 des variations climatiques.   <\/p>\n<p>La <strong>base en m\u00e9tal recouvert de poudre d&rsquo;<\/strong> argent, d&rsquo;une \u00e9paisseur de 3 mm, conf\u00e8re au totem une <strong>plus grande stabilit\u00e9<\/strong> que les mod\u00e8les traditionnels \u00e0 pieds embo\u00eet\u00e9s. Cette caract\u00e9ristique permet de positionner le totem \u00e0 l&rsquo;ext\u00e9rieur par beau temps, ce qui augmente sa polyvalence d&rsquo;utilisation sans compromettre sa s\u00e9curit\u00e9. La base, qui p\u00e8se environ 3,5 kg, est \u00e9galement con\u00e7ue pour \u00eatre r\u00e9utilisable : en cas de mise \u00e0 jour du message publicitaire, il suffira de remplacer le panneau, ce qui permettra de r\u00e9aliser d&rsquo;importantes \u00e9conomies et contribuera \u00e0 la durabilit\u00e9 de l&rsquo;investissement.  <\/p>\n<h2>Totem sandwich 80&#215;190 avec base en m\u00e9tal : compact et tr\u00e8s visible<\/h2>\n<p>Le totem fait partie de la s\u00e9rie SLIM, sp\u00e9cialement con\u00e7ue pour une utilisation en int\u00e9rieur mais parfaitement adaptable aux conditions ext\u00e9rieures gr\u00e2ce \u00e0 ses caract\u00e9ristiques techniques. Le panneau a une <strong>\u00e9paisseur de 20 mm<\/strong> et permet l&rsquo;<strong>impression directe en quadrichromie sur les deux faces<\/strong>, ce qui garantit des couleurs vives et durables. <\/p>\n<p>Pour ceux qui souhaitent un service complet, Smartystore offre la possibilit\u00e9 de r\u00e9aliser l&rsquo;<strong>\u00e9tude graphique<\/strong> et la production des fichiers n\u00e9cessaires \u00e0 l&rsquo;impression. Vous pouvez demander un devis en \u00e9crivant \u00e0 info@smartystore.it. <\/p>\n<p>Choisir le Totem Sandwich 80&#215;190 avec base m\u00e9tallique, c&rsquo;est s&rsquo;assurer d&rsquo;un produit de qualit\u00e9, fonctionnel et facilement \u00e9volutif, parfait pour mettre en valeur tout message publicitaire avec \u00e9l\u00e9gance et professionnalisme.<\/p>\n<h3>Caract\u00e9ristiques<\/h3>\n<ul>\n<li>Panneau sandwich de 20 mm d&rsquo;\u00e9paisseur.<\/li>\n<li>Base en m\u00e9tal recouvert de poudre argent\u00e9e de 3 mm d&rsquo;\u00e9paisseur<\/li>\n<li>Poids de la base : environ 3,5 kg<\/li>\n<li>Impression directe sur panneau en quadrichromie recto-verso.<\/li>\n<li>Dimensions de la structure (en cm) : L 80 x H 190 x P 32<\/li>\n<li>Taille de la zone d&rsquo;impression (en cm.) : L 80 x H 190 (ne pas inclure de texte dans la partie inf\u00e9rieure du fichier d&rsquo;impression : environ 10 cm).<\/li>\n<li>Poids du panneau : 6 kg environ.<\/li>\n<\/ul>\n<h4>Si vous n&rsquo;avez pas le fichier d&rsquo;impression, le personnel de SmartyStore peut le faire pour vous. \u00c9crivez \u00e0 info@smartystore.it en indiquant le type de graphisme dont vous avez besoin et nous vous ferons parvenir un devis ! <\/h4>\n<p>&nbsp;<\/p>\n<h3 style=\"text-align: center;\">Voir aussi les autres mod\u00e8les de totems SLIM disponibles \u00e0 ce <span style=\"color: #ff0000;\"><a style=\"color: #ff0000;\" href=\"https:\/\/www.smartystore.it\/fr\/categoria-prodotto\/totems-publicitaires-et-dinformation\/totem-slim-fr\/\">LIEN<\/a><\/span><\/h3>\n<p>&nbsp;<\/p>\n<p><span style=\"color: #800000;\"><strong>POUR LE FICHIER GRAPHIQUE : cr\u00e9ez le fichier aux dimensions 80&#215;190 cm (\u00e9chelle 1:1) avec les textes convertis en trac\u00e9s, apr\u00e8s avoir sauvegard\u00e9 le fichier en format PDF (r\u00e9solution minimale de 200 dpi), envoyez le document \u00e0 l&rsquo;adresse \u00e9lectronique suivante<\/strong><\/span><strong> <a href=\"mailto:grafica@smartystore.it\">grafica@smartystore.it<\/a> <\/strong><span style=\"color: #800000;\"><strong>en mentionnant le num\u00e9ro de commande.<\/strong><\/span><\/p>\n<p>&nbsp;[\/vc_column_text][\/vc_column][\/vc_row]<\/p>\n<\/div>","protected":false},"excerpt":{"rendered":"<p>Totem SLIM line avec panneau Sandwich 80&#215;190 cm et base en m\u00e9tal poudr\u00e9 argent\u00e9.<\/p>\n","protected":false},"featured_media":99043,"comment_status":"open","ping_status":"closed","template":"","meta":{"_acf_changed":false},"pwb-brand":[],"product_brand":[],"product_cat":[3681,3679],"product_tag":[6926,6924,6925,4721,6923,4722],"class_list":{"0":"post-99046","1":"product","2":"type-product","3":"status-publish","4":"has-post-thumbnail","6":"product_cat-totem-slim-fr","7":"product_cat-totems-publicitaires-et-dinformation","8":"product_tag-panneau-publicitaire-sandwich-avec-base-metallique","9":"product_tag-panneau-sandwich-avec-base-metallique","10":"product_tag-totem-avec-panneau-de-plumes-et-base-stable","11":"product_tag-totem-avec-panneau-double-face-et-base-stable-en-forme-de-double-l","12":"product_tag-totem-en-plumes-avec-base-en-metal","13":"product_tag-totem-publicitaire-avec-plume-ou-panneau-de-forex","14":"pa_c2c_angolo-vif","15":"pa_c2c_color-argent","16":"pa_c2c_configurazione-base-panneau","17":"pa_c2c_configurazione-panneau-uniquement","18":"pa_c2c_dimensione-cm-80x190","19":"pa_c2c_materiale-sandwich","20":"pa_c2c_mono_bifacciale-double-face","21":"pa_c2c_orientamento-verticale","22":"pa_c2c_stampa-oui","24":"first","25":"instock","26":"taxable","27":"shipping-taxable","28":"purchasable","29":"product-type-variable"},"acf":[],"yoast_head":"<!-- This site is optimized with the Yoast SEO plugin v27.0 - https:\/\/yoast.com\/product\/yoast-seo-wordpress\/ -->\n<title>Totem sandwich 80x190 avec base en m\u00e9tal - Smarty Store Au Meilleur Prix<\/title>\n<meta name=\"description\" content=\"Totem sandwich 80x190 avec base m\u00e9tallique, impression couleur recto-verso. Remplacez le panneau tout en conservant la base pour \u00e9conomiser en toute s\u00e9curit\u00e9.\" \/>\n<meta name=\"robots\" content=\"index, follow, max-snippet:-1, max-image-preview:large, max-video-preview:-1\" \/>\n<link rel=\"canonical\" href=\"https:\/\/www.smartystore.it\/fr\/prodotto\/totem-sandwich-80x190-avec-base-en-metal\/\" \/>\n<meta property=\"og:locale\" content=\"fr_FR\" \/>\n<meta property=\"og:type\" content=\"article\" \/>\n<meta property=\"og:title\" content=\"Totem sandwich 80x190 avec base en m\u00e9tal - Smarty Store Au Meilleur Prix\" \/>\n<meta property=\"og:description\" content=\"Totem sandwich 80x190 avec base m\u00e9tallique, impression couleur recto-verso. Remplacez le panneau tout en conservant la base pour \u00e9conomiser en toute s\u00e9curit\u00e9.\" \/>\n<meta property=\"og:url\" content=\"https:\/\/www.smartystore.it\/fr\/prodotto\/totem-sandwich-80x190-avec-base-en-metal\/\" \/>\n<meta property=\"og:site_name\" content=\"Smarty Store\" \/>\n<meta property=\"article:publisher\" content=\"https:\/\/www.facebook.com\/smartystore.it\/\" \/>\n<meta property=\"article:modified_time\" content=\"2026-04-02T14:21:56+00:00\" \/>\n<meta property=\"og:image\" content=\"https:\/\/www.smartystore.it\/v25\/wp-content\/uploads\/2018\/12\/Totem-Pubblicitario-Piuma-Base-Metallo-Supernova-80x190-web.jpg\" \/>\n\t<meta property=\"og:image:width\" content=\"1000\" \/>\n\t<meta property=\"og:image:height\" content=\"1000\" \/>\n\t<meta property=\"og:image:type\" content=\"image\/jpeg\" \/>\n<meta name=\"twitter:card\" content=\"summary_large_image\" \/>\n<meta name=\"twitter:site\" content=\"@smartystore\" \/>\n<meta name=\"twitter:label1\" content=\"Dur\u00e9e de lecture estim\u00e9e\" \/>\n\t<meta name=\"twitter:data1\" content=\"3 minutes\" \/>\n<script type=\"application\/ld+json\" class=\"yoast-schema-graph\">{\"@context\":\"https:\/\/schema.org\",\"@graph\":[{\"@type\":\"WebPage\",\"@id\":\"https:\/\/www.smartystore.it\/fr\/prodotto\/totem-sandwich-80x190-avec-base-en-metal\/\",\"url\":\"https:\/\/www.smartystore.it\/fr\/prodotto\/totem-sandwich-80x190-avec-base-en-metal\/\",\"name\":\"Totem sandwich 80x190 avec base en m\u00e9tal - Smarty Store Au Meilleur Prix\",\"isPartOf\":{\"@id\":\"https:\/\/www.smartystore.it\/fr\/#website\"},\"primaryImageOfPage\":{\"@id\":\"https:\/\/www.smartystore.it\/fr\/prodotto\/totem-sandwich-80x190-avec-base-en-metal\/#primaryimage\"},\"image\":{\"@id\":\"https:\/\/www.smartystore.it\/fr\/prodotto\/totem-sandwich-80x190-avec-base-en-metal\/#primaryimage\"},\"thumbnailUrl\":\"https:\/\/www.smartystore.it\/v25\/wp-content\/uploads\/2018\/12\/Totem-Pubblicitario-Piuma-Base-Metallo-Supernova-80x190-web.jpg\",\"datePublished\":\"2018-12-14T17:44:19+00:00\",\"dateModified\":\"2026-04-02T14:21:56+00:00\",\"description\":\"Totem sandwich 80x190 avec base m\u00e9tallique, impression couleur recto-verso. Remplacez le panneau tout en conservant la base pour \u00e9conomiser en toute s\u00e9curit\u00e9.\",\"breadcrumb\":{\"@id\":\"https:\/\/www.smartystore.it\/fr\/prodotto\/totem-sandwich-80x190-avec-base-en-metal\/#breadcrumb\"},\"inLanguage\":\"fr-FR\",\"potentialAction\":[{\"@type\":\"ReadAction\",\"target\":[\"https:\/\/www.smartystore.it\/fr\/prodotto\/totem-sandwich-80x190-avec-base-en-metal\/\"]}]},{\"@type\":\"ImageObject\",\"inLanguage\":\"fr-FR\",\"@id\":\"https:\/\/www.smartystore.it\/fr\/prodotto\/totem-sandwich-80x190-avec-base-en-metal\/#primaryimage\",\"url\":\"https:\/\/www.smartystore.it\/v25\/wp-content\/uploads\/2018\/12\/Totem-Pubblicitario-Piuma-Base-Metallo-Supernova-80x190-web.jpg\",\"contentUrl\":\"https:\/\/www.smartystore.it\/v25\/wp-content\/uploads\/2018\/12\/Totem-Pubblicitario-Piuma-Base-Metallo-Supernova-80x190-web.jpg\",\"width\":1000,\"height\":1000,\"caption\":\"Totem sandwich 80x190 avec base en m\u00e9tal\"},{\"@type\":\"BreadcrumbList\",\"@id\":\"https:\/\/www.smartystore.it\/fr\/prodotto\/totem-sandwich-80x190-avec-base-en-metal\/#breadcrumb\",\"itemListElement\":[{\"@type\":\"ListItem\",\"position\":1,\"name\":\"Accueil\",\"item\":\"https:\/\/www.smartystore.it\/fr\/\"},{\"@type\":\"ListItem\",\"position\":2,\"name\":\"Boutique\",\"item\":\"https:\/\/www.smartystore.it\/fr\/boutique\/\"},{\"@type\":\"ListItem\",\"position\":3,\"name\":\"Totem sandwich 80&#215;190 avec base en m\u00e9tal\"}]},{\"@type\":\"WebSite\",\"@id\":\"https:\/\/www.smartystore.it\/fr\/#website\",\"url\":\"https:\/\/www.smartystore.it\/fr\/\",\"name\":\"Smarty Store\",\"description\":\"Espositori Pubblicitari e Sistemi di Comunicazione Visiva\",\"potentialAction\":[{\"@type\":\"SearchAction\",\"target\":{\"@type\":\"EntryPoint\",\"urlTemplate\":\"https:\/\/www.smartystore.it\/fr\/?s={search_term_string}\"},\"query-input\":{\"@type\":\"PropertyValueSpecification\",\"valueRequired\":true,\"valueName\":\"search_term_string\"}}],\"inLanguage\":\"fr-FR\"}]}<\/script>\n<!-- \/ Yoast SEO plugin. -->","yoast_head_json":{"title":"Totem sandwich 80x190 avec base en m\u00e9tal - Smarty Store Au Meilleur Prix","description":"Totem sandwich 80x190 avec base m\u00e9tallique, impression couleur recto-verso. Remplacez le panneau tout en conservant la base pour \u00e9conomiser en toute s\u00e9curit\u00e9.","robots":{"index":"index","follow":"follow","max-snippet":"max-snippet:-1","max-image-preview":"max-image-preview:large","max-video-preview":"max-video-preview:-1"},"canonical":"https:\/\/www.smartystore.it\/fr\/prodotto\/totem-sandwich-80x190-avec-base-en-metal\/","og_locale":"fr_FR","og_type":"article","og_title":"Totem sandwich 80x190 avec base en m\u00e9tal - Smarty Store Au Meilleur Prix","og_description":"Totem sandwich 80x190 avec base m\u00e9tallique, impression couleur recto-verso. Remplacez le panneau tout en conservant la base pour \u00e9conomiser en toute s\u00e9curit\u00e9.","og_url":"https:\/\/www.smartystore.it\/fr\/prodotto\/totem-sandwich-80x190-avec-base-en-metal\/","og_site_name":"Smarty Store","article_publisher":"https:\/\/www.facebook.com\/smartystore.it\/","article_modified_time":"2026-04-02T14:21:56+00:00","og_image":[{"width":1000,"height":1000,"url":"https:\/\/www.smartystore.it\/v25\/wp-content\/uploads\/2018\/12\/Totem-Pubblicitario-Piuma-Base-Metallo-Supernova-80x190-web.jpg","type":"image\/jpeg"}],"twitter_card":"summary_large_image","twitter_site":"@smartystore","twitter_misc":{"Dur\u00e9e de lecture estim\u00e9e":"3 minutes"},"schema":{"@context":"https:\/\/schema.org","@graph":[{"@type":"WebPage","@id":"https:\/\/www.smartystore.it\/fr\/prodotto\/totem-sandwich-80x190-avec-base-en-metal\/","url":"https:\/\/www.smartystore.it\/fr\/prodotto\/totem-sandwich-80x190-avec-base-en-metal\/","name":"Totem sandwich 80x190 avec base en m\u00e9tal - Smarty Store Au Meilleur Prix","isPartOf":{"@id":"https:\/\/www.smartystore.it\/fr\/#website"},"primaryImageOfPage":{"@id":"https:\/\/www.smartystore.it\/fr\/prodotto\/totem-sandwich-80x190-avec-base-en-metal\/#primaryimage"},"image":{"@id":"https:\/\/www.smartystore.it\/fr\/prodotto\/totem-sandwich-80x190-avec-base-en-metal\/#primaryimage"},"thumbnailUrl":"https:\/\/www.smartystore.it\/v25\/wp-content\/uploads\/2018\/12\/Totem-Pubblicitario-Piuma-Base-Metallo-Supernova-80x190-web.jpg","datePublished":"2018-12-14T17:44:19+00:00","dateModified":"2026-04-02T14:21:56+00:00","description":"Totem sandwich 80x190 avec base m\u00e9tallique, impression couleur recto-verso. Remplacez le panneau tout en conservant la base pour \u00e9conomiser en toute s\u00e9curit\u00e9.","breadcrumb":{"@id":"https:\/\/www.smartystore.it\/fr\/prodotto\/totem-sandwich-80x190-avec-base-en-metal\/#breadcrumb"},"inLanguage":"fr-FR","potentialAction":[{"@type":"ReadAction","target":["https:\/\/www.smartystore.it\/fr\/prodotto\/totem-sandwich-80x190-avec-base-en-metal\/"]}]},{"@type":"ImageObject","inLanguage":"fr-FR","@id":"https:\/\/www.smartystore.it\/fr\/prodotto\/totem-sandwich-80x190-avec-base-en-metal\/#primaryimage","url":"https:\/\/www.smartystore.it\/v25\/wp-content\/uploads\/2018\/12\/Totem-Pubblicitario-Piuma-Base-Metallo-Supernova-80x190-web.jpg","contentUrl":"https:\/\/www.smartystore.it\/v25\/wp-content\/uploads\/2018\/12\/Totem-Pubblicitario-Piuma-Base-Metallo-Supernova-80x190-web.jpg","width":1000,"height":1000,"caption":"Totem sandwich 80x190 avec base en m\u00e9tal"},{"@type":"BreadcrumbList","@id":"https:\/\/www.smartystore.it\/fr\/prodotto\/totem-sandwich-80x190-avec-base-en-metal\/#breadcrumb","itemListElement":[{"@type":"ListItem","position":1,"name":"Accueil","item":"https:\/\/www.smartystore.it\/fr\/"},{"@type":"ListItem","position":2,"name":"Boutique","item":"https:\/\/www.smartystore.it\/fr\/boutique\/"},{"@type":"ListItem","position":3,"name":"Totem sandwich 80&#215;190 avec base en m\u00e9tal"}]},{"@type":"WebSite","@id":"https:\/\/www.smartystore.it\/fr\/#website","url":"https:\/\/www.smartystore.it\/fr\/","name":"Smarty Store","description":"Espositori Pubblicitari e Sistemi di Comunicazione Visiva","potentialAction":[{"@type":"SearchAction","target":{"@type":"EntryPoint","urlTemplate":"https:\/\/www.smartystore.it\/fr\/?s={search_term_string}"},"query-input":{"@type":"PropertyValueSpecification","valueRequired":true,"valueName":"search_term_string"}}],"inLanguage":"fr-FR"}]}},"brands":[],"_links":{"self":[{"href":"https:\/\/www.smartystore.it\/fr\/wp-json\/wp\/v2\/product\/99046","targetHints":{"allow":["GET"]}}],"collection":[{"href":"https:\/\/www.smartystore.it\/fr\/wp-json\/wp\/v2\/product"}],"about":[{"href":"https:\/\/www.smartystore.it\/fr\/wp-json\/wp\/v2\/types\/product"}],"replies":[{"embeddable":true,"href":"https:\/\/www.smartystore.it\/fr\/wp-json\/wp\/v2\/comments?post=99046"}],"wp:featuredmedia":[{"embeddable":true,"href":"https:\/\/www.smartystore.it\/fr\/wp-json\/wp\/v2\/media\/99043"}],"wp:attachment":[{"href":"https:\/\/www.smartystore.it\/fr\/wp-json\/wp\/v2\/media?parent=99046"}],"wp:term":[{"taxonomy":"pwb-brand","embeddable":true,"href":"https:\/\/www.smartystore.it\/fr\/wp-json\/wp\/v2\/pwb-brand?post=99046"},{"taxonomy":"product_brand","embeddable":true,"href":"https:\/\/www.smartystore.it\/fr\/wp-json\/wp\/v2\/product_brand?post=99046"},{"taxonomy":"product_cat","embeddable":true,"href":"https:\/\/www.smartystore.it\/fr\/wp-json\/wp\/v2\/product_cat?post=99046"},{"taxonomy":"product_tag","embeddable":true,"href":"https:\/\/www.smartystore.it\/fr\/wp-json\/wp\/v2\/product_tag?post=99046"}],"curies":[{"name":"wp","href":"https:\/\/api.w.org\/{rel}","templated":true}]}}